{"id":181574,"date":"2024-05-07T19:58:14","date_gmt":"2024-05-07T19:58:14","guid":{"rendered":"https:\/\/invimed.pl\/?page_id=181574"},"modified":"2024-06-01T19:43:58","modified_gmt":"2024-06-01T17:43:58","slug":"contraception-coil","status":"publish","type":"page","link":"https:\/\/invimed.pl\/en\/antykoncepcja-spirala-antykoncepcyjna","title":{"rendered":"Insertion of the classic contraceptive coil"},"content":{"rendered":"<p><strong>It is estimated that more than 160 million women worldwide use IUDs. Contraceptive coils are safe, long-lasting and effective. In Invimed Gdynia, we offer patients the selection of an appropriate method, and if it turns out to be a classic contraceptive coil, we offer the procedure of its insertion.&nbsp;<\/strong><\/p>\n\n\n\n<p>The IUD is a method of reversible long-term contraception that has the highest rate of uninterrupted use. Once deposited, it can be worn from 5 to as long as 10 years. A study by the World Health Organisation found that almost 30% women using an IUD wear it for 8 years.<\/p>\n\n\n\n<section class=\"cta-3\">\n\t\t<div class=\"container cta-3__container\">\n\t\t<div class=\"position-relative cta-3__wrapper\">\n\t\t                    <div class=\"acf-innerblocks-container\">\n\n<p class=\"has-text-align-center\"><strong>Make an appointment at Invimed Gdynia!<\/strong><\/p>\n\n\n\n<p class=\"has-text-align-center\">If you are interested in the service presented on this page, make an appointment for a consultation at the Invimed clinic in Gdynia. Call the helpline number: <strong>500 900 888<\/strong> or click the button below and complete the contact form. Aesthetic gynaecology and contraceptive gynaecology procedures are only provided by this facility.<\/p>\n\n\n\n<div class=\"wp-block-buttons is-content-justification-center is-layout-flex wp-container-core-buttons-is-layout-a89b3969 wp-block-buttons-is-layout-flex\">\n<div class=\"wp-block-button\"><a class=\"wp-block-button__link wp-element-button\" role=\"button\" tabindex=\"0\">Make an appointment<\/a><\/div>\n<\/div>\n\n<\/div>\n                \t\t<\/div>\n\t<\/div>\n<\/section>\n\n\n\n<h2 class=\"wp-block-heading\" id=\"klasyczna-spirala-antykoncepcyjna\">The classic contraceptive coil<\/h2>\n\n\n\n<p>The effect of the classic IUD is mainly that it reduces the number and viability of sperm and prevents the egg from implanting in the endometrium. This is a so-called non-hormonal coil (e.g. with a copper or silver coating). There are more than a dozen types. They differ mainly in their construction and material of manufacture.<\/p>\n\n\n\n<section class=\"cta-3\">\n\t\t<div class=\"container cta-3__container\">\n\t\t<div class=\"position-relative cta-3__wrapper\">\n\t\t                    <div class=\"acf-innerblocks-container\">\n\n<h2 class=\"wp-block-heading has-text-align-center\" id=\"wybor-spirali\"><mark style=\"background-color:rgba(0, 0, 0, 0)\" class=\"has-inline-color has-color-12-color\">Choice of spiral <\/mark><\/h2>\n\n\n\n<p class=\"has-text-align-center\">Which coil is best for you should be decided by your gynaecologist based on your history, gynaecological examination and any additional tests that may be necessary in your case.<\/p>\n\n<\/div>\n                \t\t<\/div>\n\t<\/div>\n<\/section>\n\n\n\n<p>The effectiveness of the contraceptive coil is very high. The Pearl index for IUDs is 0.2-0.8. This index is calculated from the number of pregnancies per 100 women using a particular contraceptive method for 1 year. With unprotected intercourse of any kind, the Pearl index is as high as 85, and with the contraceptive pill it is about 0.3 per cent.<\/p>\n\n\n\n<section class=\"check-list\">\n\t    <header class=\"check-list__header\">\n        <div class=\"acf-innerblocks-container\">\n\n<h2 class=\"wp-block-heading\" id=\"przeciwwskazaniami-do-zalozenia-klasycznej-spirali-antykoncepcyjnej-sa\">Contraindications to the insertion of a classic contraceptive coil are:<\/h2>\n\n<\/div>\n    <\/header>\n    <ul class=\"mb-0 p-0 check-list__inner\">\n            <li class=\"d-flex check-list__item\">\n            <div class=\"svg-container\">\n                <svg width=\"16\" height=\"16\">\n                    <use xlink:href=\"#icon-check-2\" \/>\n                <\/svg>\n            <\/div>\n            <div class=\"check-list__item__rte\">\n                <p>inflammation of the appendages,<\/p>\n            <\/div>\n        <\/li>\n            <li class=\"d-flex check-list__item\">\n            <div class=\"svg-container\">\n                <svg width=\"16\" height=\"16\">\n                    <use xlink:href=\"#icon-check-2\" \/>\n                <\/svg>\n            <\/div>\n            <div class=\"check-list__item__rte\">\n                <p>inflammation of the cervix,<\/p>\n            <\/div>\n        <\/li>\n            <li class=\"d-flex check-list__item\">\n            <div class=\"svg-container\">\n                <svg width=\"16\" height=\"16\">\n                    <use xlink:href=\"#icon-check-2\" \/>\n                <\/svg>\n            <\/div>\n            <div class=\"check-list__item__rte\">\n                <p>genital tract bleeding,<\/p>\n            <\/div>\n        <\/li>\n            <li class=\"d-flex check-list__item\">\n            <div class=\"svg-container\">\n                <svg width=\"16\" height=\"16\">\n                    <use xlink:href=\"#icon-check-2\" \/>\n                <\/svg>\n            <\/div>\n            <div class=\"check-list__item__rte\">\n                <p>cancer of the reproductive organs,<\/p>\n            <\/div>\n        <\/li>\n            <li class=\"d-flex check-list__item\">\n            <div class=\"svg-container\">\n                <svg width=\"16\" height=\"16\">\n                    <use xlink:href=\"#icon-check-2\" \/>\n                <\/svg>\n            <\/div>\n            <div class=\"check-list__item__rte\">\n                <p>very heavy or very painful periods,<\/p>\n            <\/div>\n        <\/li>\n            <li class=\"d-flex check-list__item\">\n            <div class=\"svg-container\">\n                <svg width=\"16\" height=\"16\">\n                    <use xlink:href=\"#icon-check-2\" \/>\n                <\/svg>\n            <\/div>\n            <div class=\"check-list__item__rte\">\n                <p>a history of ectopic pregnancy,<\/p>\n            <\/div>\n        <\/li>\n            <li class=\"d-flex check-list__item\">\n            <div class=\"svg-container\">\n                <svg width=\"16\" height=\"16\">\n                    <use xlink:href=\"#icon-check-2\" \/>\n                <\/svg>\n            <\/div>\n            <div class=\"check-list__item__rte\">\n                <p>planned pregnancy in the near future.<\/p>\n            <\/div>\n        <\/li>\n        <\/ul>\n<\/section>\n\n\n\n<h2 class=\"wp-block-heading\" id=\"zabieg-zalozenia-spirali-antykoncepcyjnej\">Contraceptive coil insertion procedure<\/h2>\n\n\n\n<p>The IUD should be inserted at the end of monthly bleeding - on day 3 or 4 of the cycle. On the day of the procedure, you should take special care of intimate hygiene. Before the procedure, the gynaecologist will carry out a medical interview and a gynaecological examination, during which he will rule out any contraindications to this form of contraception.<\/p>\n\n\n\n<p>The IUD is inserted into the genital tract using a special applicator. In general, the total time for insertion of an IUD is not long - it takes about 15 minutes.<\/p>\n\n\n\n<section class=\"cta-3\">\n\t\t<div class=\"container cta-3__container\">\n\t\t<div class=\"position-relative cta-3__wrapper\">\n\t\t                    <div class=\"acf-innerblocks-container\">\n\n<h2 class=\"wp-block-heading has-text-align-center\" id=\"ochrona-przed-ciaza\"><mark style=\"background-color:rgba(0, 0, 0, 0)\" class=\"has-inline-color has-color-12-color\">Protection against pregnancy <\/mark><br><\/h2>\n\n\n\n<p>For the first month after insertion of the contraceptive coil, an additional method of contraception must be used.\u00a0<\/p>\n\n<\/div>\n                \t\t<\/div>\n\t<\/div>\n<\/section>","protected":false},"excerpt":{"rendered":"<p>Szacuje si\u0119, \u017ce na ca\u0142ym \u015bwiecie wk\u0142adki antykoncepcyjne stosuje ponad 160 mln kobiet. Spirale antykoncepcyjne s\u0105 bezpieczne, d\u0142ugotrwa\u0142e i skuteczne. W Invimed Gdynia proponujemy pacjentkom dobranie w\u0142a\u015bciwej metody, a je\u015bli oka\u017ce si\u0119 ni\u0105 klasyczna spirala antykoncepcyjna, proponujemy zabieg jej za\u0142o\u017cenia.&nbsp; Spirala jest metod\u0105 odwracalnej antykoncepcji d\u0142ugoterminowej, kt\u00f3ra ma najwy\u017cszy wska\u017anik nieprzerwanego stosowania. Po z\u0142o\u017ceniu mo\u017cna [&hellip;]<\/p>\n","protected":false},"author":18,"featured_media":181575,"parent":0,"menu_order":0,"comment_status":"closed","ping_status":"closed","template":"","meta":{"_acf_changed":false,"footnotes":""},"class_list":["post-181574","page","type-page","status-publish","has-post-thumbnail","hentry"],"acf":[],"yoast_head":"<!-- This site is optimized with the Yoast SEO plugin v27.2 - https:\/\/yoast.com\/product\/yoast-seo-wordpress\/ -->\n<title>Za\u0142o\u017cenie klasycznej spirali antykoncepcyjnej - Invimed<\/title>\n<meta name=\"description\" content=\"Spirala jest metod\u0105 odwracalnej antykoncepcji d\u0142ugoterminowej, kt\u00f3ra ma najwy\u017cszy wska\u017anik nieprzerwanego stosowania.\" \/>\n<meta name=\"robots\" content=\"index, follow, max-snippet:-1, max-image-preview:large, max-video-preview:-1\" \/>\n<meta property=\"og:locale\" content=\"en_GB\" \/>\n<meta property=\"og:type\" content=\"article\" \/>\n<meta property=\"og:title\" content=\"Za\u0142o\u017cenie klasycznej spirali antykoncepcyjnej - Invimed\" \/>\n<meta property=\"og:description\" content=\"Spirala jest metod\u0105 odwracalnej antykoncepcji d\u0142ugoterminowej, kt\u00f3ra ma najwy\u017cszy wska\u017anik nieprzerwanego stosowania.\" \/>\n<meta property=\"og:url\" content=\"https:\/\/invimed.pl\/en\/contraception-coil\/\" \/>\n<meta property=\"og:site_name\" content=\"Invimed\" \/>\n<meta property=\"article:modified_time\" content=\"2024-06-01T17:43:58+00:00\" \/>\n<meta property=\"og:image\" content=\"https:\/\/invimed.pl\/wp-content\/uploads\/2024\/05\/klasyczna-spirala-jpg.jpg\" \/>\n\t<meta property=\"og:image:width\" content=\"1440\" \/>\n\t<meta property=\"og:image:height\" content=\"300\" \/>\n\t<meta property=\"og:image:type\" content=\"image\/jpeg\" \/>\n<meta name=\"twitter:card\" content=\"summary_large_image\" \/>\n<meta name=\"twitter:label1\" content=\"Estimated reading time\" \/>\n\t<meta name=\"twitter:data1\" content=\"3 minutes\" \/>\n<!-- \/ Yoast SEO plugin. -->","yoast_head_json":{"title":"Insertion of a classic contraceptive coil - Invimed","description":"The IUD is the method of reversible long-term contraception that has the highest rate of uninterrupted use.","robots":{"index":"index","follow":"follow","max-snippet":"max-snippet:-1","max-image-preview":"max-image-preview:large","max-video-preview":"max-video-preview:-1"},"og_locale":"en_GB","og_type":"article","og_title":"Za\u0142o\u017cenie klasycznej spirali antykoncepcyjnej - Invimed","og_description":"Spirala jest metod\u0105 odwracalnej antykoncepcji d\u0142ugoterminowej, kt\u00f3ra ma najwy\u017cszy wska\u017anik nieprzerwanego stosowania.","og_url":"https:\/\/invimed.pl\/en\/contraception-coil\/","og_site_name":"Invimed","article_modified_time":"2024-06-01T17:43:58+00:00","og_image":[{"width":1440,"height":300,"url":"https:\/\/invimed.pl\/wp-content\/uploads\/2024\/05\/klasyczna-spirala-jpg.jpg","type":"image\/jpeg"}],"twitter_card":"summary_large_image","twitter_misc":{"Estimated reading time":"3 minutes"},"schema":{"@context":"https:\/\/schema.org","@graph":[{"@type":"WebPage","@id":"https:\/\/invimed.pl\/antykoncepcja-spirala-antykoncepcyjna","url":"https:\/\/invimed.pl\/antykoncepcja-spirala-antykoncepcyjna","name":"Insertion of a classic contraceptive coil - Invimed","isPartOf":{"@id":"https:\/\/invimed.pl\/#website"},"primaryImageOfPage":{"@id":"https:\/\/invimed.pl\/antykoncepcja-spirala-antykoncepcyjna#primaryimage"},"image":{"@id":"https:\/\/invimed.pl\/antykoncepcja-spirala-antykoncepcyjna#primaryimage"},"thumbnailUrl":"https:\/\/invimed.pl\/wp-content\/uploads\/2024\/05\/klasyczna-spirala-jpg.jpg","datePublished":"2024-05-07T19:58:14+00:00","dateModified":"2024-06-01T17:43:58+00:00","description":"The IUD is the method of reversible long-term contraception that has the highest rate of uninterrupted use.","breadcrumb":{"@id":"https:\/\/invimed.pl\/antykoncepcja-spirala-antykoncepcyjna#breadcrumb"},"inLanguage":"en-GB","potentialAction":[{"@type":"ReadAction","target":["https:\/\/invimed.pl\/antykoncepcja-spirala-antykoncepcyjna"]}]},{"@type":"ImageObject","inLanguage":"en-GB","@id":"https:\/\/invimed.pl\/antykoncepcja-spirala-antykoncepcyjna#primaryimage","url":"https:\/\/invimed.pl\/wp-content\/uploads\/2024\/05\/klasyczna-spirala-jpg.jpg","contentUrl":"https:\/\/invimed.pl\/wp-content\/uploads\/2024\/05\/klasyczna-spirala-jpg.jpg","width":1440,"height":300},{"@type":"BreadcrumbList","@id":"https:\/\/invimed.pl\/antykoncepcja-spirala-antykoncepcyjna#breadcrumb","itemListElement":[{"@type":"ListItem","position":1,"name":"Strona g\u0142\u00f3wna","item":"https:\/\/invimed.pl\/"},{"@type":"ListItem","position":2,"name":"Za\u0142o\u017cenie klasycznej spirali antykoncepcyjnej"}]},{"@type":"WebSite","@id":"https:\/\/invimed.pl\/#website","url":"https:\/\/invimed.pl\/","name":"Invimed","description":"Our mission is to create a happy family together","potentialAction":[{"@type":"SearchAction","target":{"@type":"EntryPoint","urlTemplate":"https:\/\/invimed.pl\/?s={search_term_string}"},"query-input":{"@type":"PropertyValueSpecification","valueRequired":true,"valueName":"search_term_string"}}],"inLanguage":"en-GB"}]}},"_links":{"self":[{"href":"https:\/\/invimed.pl\/en\/wp-json\/wp\/v2\/pages\/181574","targetHints":{"allow":["GET"]}}],"collection":[{"href":"https:\/\/invimed.pl\/en\/wp-json\/wp\/v2\/pages"}],"about":[{"href":"https:\/\/invimed.pl\/en\/wp-json\/wp\/v2\/types\/page"}],"author":[{"embeddable":true,"href":"https:\/\/invimed.pl\/en\/wp-json\/wp\/v2\/users\/18"}],"replies":[{"embeddable":true,"href":"https:\/\/invimed.pl\/en\/wp-json\/wp\/v2\/comments?post=181574"}],"version-history":[{"count":2,"href":"https:\/\/invimed.pl\/en\/wp-json\/wp\/v2\/pages\/181574\/revisions"}],"predecessor-version":[{"id":257102,"href":"https:\/\/invimed.pl\/en\/wp-json\/wp\/v2\/pages\/181574\/revisions\/257102"}],"wp:featuredmedia":[{"embeddable":true,"href":"https:\/\/invimed.pl\/en\/wp-json\/wp\/v2\/media\/181575"}],"wp:attachment":[{"href":"https:\/\/invimed.pl\/en\/wp-json\/wp\/v2\/media?parent=181574"}],"curies":[{"name":"wp","href":"https:\/\/api.w.org\/{rel}","templated":true}]}}