{"id":232800,"date":"2024-05-12T17:59:36","date_gmt":"2024-05-12T17:59:36","guid":{"rendered":"https:\/\/invimed.pl\/?page_id=232800"},"modified":"2026-01-08T13:47:33","modified_gmt":"2026-01-08T13:47:33","slug":"lekarze-konsultacja-immunologiczna","status":"publish","type":"page","link":"https:\/\/invimed.pl\/en\/lekarze\/konsultacja-immunologiczna","title":{"rendered":"Immunology consultation- teleportation"},"content":{"rendered":"<p><strong>An immunologist is a doctor who diagnoses and treats primary and secondary immune disorders. Some of these have a significant impact on fertility in the context of conception itself, as well as the maintenance of the pregnancy throughout its duration. Teleportation for an immunology consultation is dedicated to all those willing to attend.<\/strong><\/p>\n\n\n\n<section class=\"check-list\">\n\t    <header class=\"check-list__header\">\n        <div class=\"acf-innerblocks-container\">\n\n<h2 class=\"wp-block-heading\" id=\"kiedy-warto-skonsultowac-sie-z-immunologiem\">When is it worth consulting an immunologist?&nbsp;<\/h2>\n\n<\/div>\n    <\/header>\n    <ul class=\"mb-0 p-0 check-list__inner\">\n            <li class=\"d-flex check-list__item\">\n            <div class=\"svg-container\">\n                <svg width=\"16\" height=\"16\">\n                    <use xlink:href=\"#icon-check-2\" \/>\n                <\/svg>\n            <\/div>\n            <div class=\"check-list__item__rte\">\n                <p>inability to get pregnant despite regular unprotected intercourse,<\/p>\n            <\/div>\n        <\/li>\n            <li class=\"d-flex check-list__item\">\n            <div class=\"svg-container\">\n                <svg width=\"16\" height=\"16\">\n                    <use xlink:href=\"#icon-check-2\" \/>\n                <\/svg>\n            <\/div>\n            <div class=\"check-list__item__rte\">\n                <p>failure of surgical forms of infertility treatment (insemination, in vitro),<\/p>\n            <\/div>\n        <\/li>\n            <li class=\"d-flex check-list__item\">\n            <div class=\"svg-container\">\n                <svg width=\"16\" height=\"16\">\n                    <use xlink:href=\"#icon-check-2\" \/>\n                <\/svg>\n            <\/div>\n            <div class=\"check-list__item__rte\">\n                <p>history of miscarriage (at least 2 miscarriages in early pregnancy, loss of pregnancy after the first trimester for unexplained reasons).<\/p>\n            <\/div>\n        <\/li>\n        <\/ul>\n<\/section>\n\n\n\n<figure class=\"wp-block-table\"><table style=\"border-style:dashed;border-width:3px\"><tbody><tr><td><mark style=\"background-color:rgba(0, 0, 0, 0)\" class=\"has-inline-color has-color-12-color\">Buy now at MediStore! <br><\/mark><br>To purchase a teleportation for an immunology consultation, visit the MediStore website: <a href=\"https:\/\/www.medistore.com.pl\/immunolog-osoby-z-problemem-nieplodnosci-konsultacja-telemedyczna?utm_source=InviMed&amp;utm_medium=tpm&amp;utm_campaign=2020\" target=\"_blank\" rel=\"noreferrer noopener\">Immunologist (people with infertility problems) - telemedicine consultation<\/a>.<br><br>To purchase a telemedicine consultation with Dr Ma\u0142gorzata Jarosz or Dr Anna Olewicz for your next immunology consultation, visit the MediStore website: <a href=\"https:\/\/www.medistore.com.pl\/immunolog-kolejna-konsultacja-osoby-z-problemem-nieplodnosci-konsultacja-telemedyczna\" target=\"_blank\" rel=\"noreferrer noopener\">Immunologist - further consultation (people with infertility problems) - telemedicine consultation.<\/a><\/td><\/tr><\/tbody><\/table><\/figure>\n\n\n\n<section class=\"check-list\">\n\t    <header class=\"check-list__header\">\n        <div class=\"acf-innerblocks-container\">\n\n<h5 class=\"wp-block-heading\"><strong>As part of a telephone consultation, an immunologist doctor:&nbsp;&nbsp;<\/strong><\/h5>\n\n<\/div>\n    <\/header>\n    <ul class=\"mb-0 p-0 check-list__inner\">\n            <li class=\"d-flex check-list__item\">\n            <div class=\"svg-container\">\n                <svg width=\"16\" height=\"16\">\n                    <use xlink:href=\"#icon-check-2\" \/>\n                <\/svg>\n            <\/div>\n            <div class=\"check-list__item__rte\">\n                <p>take a medical history,<\/p>\n            <\/div>\n        <\/li>\n            <li class=\"d-flex check-list__item\">\n            <div class=\"svg-container\">\n                <svg width=\"16\" height=\"16\">\n                    <use xlink:href=\"#icon-check-2\" \/>\n                <\/svg>\n            <\/div>\n            <div class=\"check-list__item__rte\">\n                <p>assess the laboratory tests performed to date,<\/p>\n            <\/div>\n        <\/li>\n            <li class=\"d-flex check-list__item\">\n            <div class=\"svg-container\">\n                <svg width=\"16\" height=\"16\">\n                    <use xlink:href=\"#icon-check-2\" \/>\n                <\/svg>\n            <\/div>\n            <div class=\"check-list__item__rte\">\n                <p>will give medical recommendations, including planning further possible diagnostics,<\/p>\n            <\/div>\n        <\/li>\n            <li class=\"d-flex check-list__item\">\n            <div class=\"svg-container\">\n                <svg width=\"16\" height=\"16\">\n                    <use xlink:href=\"#icon-check-2\" \/>\n                <\/svg>\n            <\/div>\n            <div class=\"check-list__item__rte\">\n                <p>will answer questions on the infertility treatment process with regard to immunological aspects.<\/p>\n            <\/div>\n        <\/li>\n        <\/ul>\n<\/section>\n\n\n\n<section class=\"check-list\">\n\t    <header class=\"check-list__header\">\n        <div class=\"acf-innerblocks-container\">\n\n<h5 class=\"wp-block-heading\"><strong>As part of the telephone consultation, the immunologist can also:<\/strong><\/h5>\n\n<\/div>\n    <\/header>\n    <ul class=\"mb-0 p-0 check-list__inner\">\n            <li class=\"d-flex check-list__item\">\n            <div class=\"svg-container\">\n                <svg width=\"16\" height=\"16\">\n                    <use xlink:href=\"#icon-check-2\" \/>\n                <\/svg>\n            <\/div>\n            <div class=\"check-list__item__rte\">\n                <p>prescribe medicines (issue an e-prescription),<\/p>\n            <\/div>\n        <\/li>\n            <li class=\"d-flex check-list__item\">\n            <div class=\"svg-container\">\n                <svg width=\"16\" height=\"16\">\n                    <use xlink:href=\"#icon-check-2\" \/>\n                <\/svg>\n            <\/div>\n            <div class=\"check-list__item__rte\">\n                <p>make recommendations on the need for research.<\/p>\n            <\/div>\n        <\/li>\n        <\/ul>\n<\/section>\n\n\n\n<h2 class=\"wp-block-heading\" id=\"ktorzy-immunolodzy-invimed-udzielaja-teleporad\">Which Invimed immunologists provide teleportation?<\/h2>\n\n\n\n<p>Find out which Invimed doctors you can book an immunology teleportation appointment with. In the table below you will also find their schedules - the days and times they will give teleportations. One teleportation lasts approximately 20 minutes.&nbsp;<\/p>\n\n\n\n<p>Specialists at the Invimed Gdynia clinic with whom a medical teleportation for immunological consultation can be arranged are:<br><br><a href=\"https:\/\/invimed.pl\/en\/doctor\/malgorzata-jarosz\/\" target=\"_blank\" rel=\"noreferrer noopener\">Dr n. med. Malgorzata Jarosz<br><\/a> <\/p>\n\n\n\n<p>The date of the teleportation is set on an ongoing basis based on the available schedule and confirmed with the patient.&nbsp;<\/p>\n\n\n\n<section class=\"slider\">\n\t\t\t\t<div class=\"slider__wrapper\">\n\t\t<header class=\"slider__header\">\n\t\t\t<div class=\"acf-innerblocks-container\">\n\n<h2 class=\"wp-block-heading\" id=\"ktorzy-dietetycy-invimed-udzielaja-teleporad\">Which Invimed dietitians provide teleportation?<\/h2>\n\n\n\n<p>Find out which Invimed dietitians you can arrange a teleportation with. In the table below you will also find their schedules - the days and times they will be giving teleportations. One teleportation lasts approximately 20 minutes.&nbsp;<\/p>\n\n<\/div>\n\t\t<\/header>\n\t<\/div>\n\t\t\t<div class=\"slider__inner\">\n\t\t\t<div class=\"p-0 splide js-slider\">\n\t\t\t\t<div class=\"splide__track\">\n\t\t\t\t\t<div class=\"splide__list\">\n\t\t\t\t\t\t\t\t\t\t\t<div class=\"slider__item splide__slide\">\n\t\t\t\t\t\t\t<div class=\"h-100 item__wrapper\">\n\t\t\t\t\t\t\t\t\t\t\t\t\t\t\t<header class=\"d-flex align-items-center item__header\">\n\t\t\t\t\t\t\t\t\t<div class=\"d-flex align-items-center item__current\">\n\t\t\t\t\t\t\t\t\t\t<div class=\"d-flex align-items-center item__number\">\n\t\t\t\t\t\t\t\t\t\t\t<span class=\"d-flex justify-content-center align-items-center overflow-hidden item__number--current\">1<\/span>\n\t\t\t\t\t\t\t\t\t\t\t<span class=\"item__number--separator\">z<\/span>\n\t\t\t\t\t\t\t\t\t\t\t<span class=\"item__number--total\">2<\/span>\n\t\t\t\t\t\t\t\t\t\t<\/div>\n\t\t\t\t\t\t\t\t\t\t<h3 class=\"mb-0 item__title\">Gdynia <\/h3>\n\t\t\t\t\t\t\t\t\t<\/div>\n\t\t\t\t\t\t\t\t\t\t\t\t\t\t\t\t\t\t<button role=\"button\" class=\"item__next\">\n\t\t\t\t\t\t\t\t\t\t<span class=\"item__next__number d-flex justify-content-center align-items-center\">2<\/span>\n\t\t\t\t\t\t\t\t\t\t<h4 class=\"mb-0 item__next__title\">Poznan<\/h4>\n\t\t\t\t\t\t\t\t\t\t<svg class=\"item__next__icon\" width=\"13\" height=\"12\">\n\t\t\t\t\t\t\t\t\t\t\t<use xlink:href=\"#icon-slider-arrow-right\" \/>\n\t\t\t\t\t\t\t\t\t\t<\/svg>\n\t\t\t\t\t\t\t\t\t<\/button>\n\t\t\t\t\t\t\t\t\t\t\t\t\t\t\t\t\t<\/header>\n\t\t\t\t\t\t\t\t\t\t\t\t\t\t\t\t\t\t\t\t\t\t<div class=\"item__content\">\n\t\t\t\t\t\t\t\t\t\t\t\t\t\t\t\t\t<h3 class=\"item__content__title\">Gdynia <\/h3>\n\t\t\t\t\t\t\t\t\t\t\t\t\t\t\t\t\t\t\t\t\t\t\t\t\t<div class=\"item__content__description\">\n\t\t\t\t\t\t\t\t\t\t<h4 class=\"info_slide__content-title\"><\/h4>\n<div class=\"info_slide__content-content\">\n<div class=\"info_slide__content-content\">\n<p><img loading=\"lazy\" decoding=\"async\" class=\"alignleft wp-image-5723 size-thumbnail\" role=\"img\" src=\"https:\/\/invimed.pl\/wp-content\/uploads\/2024\/04\/ikona-47-2.svg\" alt=\"\" width=\"150\" height=\"150\" \/>In the clinic Invimed Gdynia it is possible to arrange a medical teleportation in the field of immunological consultation at the <a title=\"dr n. med. of Ma\u0142gorzata Jarosz\" href=\"https:\/\/invimed.pl\/en\/doctor\/malgorzata-jarosz\/\">dr n. med. of Ma\u0142gorzata Jarosz<\/a><\/p>\n<p>Teleportation appointments are subject to the availability of a specialist and are updated on a regular basis.<\/p>\n<\/div>\n<\/div>\n\t\t\t\t\t\t\t\t\t<\/div>\n\t\t\t\t\t\t\t\t\t\t\t\t\t\t\t\t<\/div>\n\t\t\t\t\t\t\t\t\t\t\t\t\t\t<\/div>\n\t\t\t\t\t\t<\/div>\n\t\t\t\t\t\t\t\t\t\t\t<div class=\"slider__item splide__slide\">\n\t\t\t\t\t\t\t<div class=\"h-100 item__wrapper\">\n\t\t\t\t\t\t\t\t\t\t\t\t\t\t\t<header class=\"d-flex align-items-center item__header\">\n\t\t\t\t\t\t\t\t\t<div class=\"d-flex align-items-center item__current\">\n\t\t\t\t\t\t\t\t\t\t<div class=\"d-flex align-items-center item__number\">\n\t\t\t\t\t\t\t\t\t\t\t<span class=\"d-flex justify-content-center align-items-center overflow-hidden item__number--current\">2<\/span>\n\t\t\t\t\t\t\t\t\t\t\t<span class=\"item__number--separator\">z<\/span>\n\t\t\t\t\t\t\t\t\t\t\t<span class=\"item__number--total\">2<\/span>\n\t\t\t\t\t\t\t\t\t\t<\/div>\n\t\t\t\t\t\t\t\t\t\t<h3 class=\"mb-0 item__title\">Poznan<\/h3>\n\t\t\t\t\t\t\t\t\t<\/div>\n\t\t\t\t\t\t\t\t\t\t\t\t\t\t\t\t\t<\/header>\n\t\t\t\t\t\t\t\t\t\t\t\t\t\t\t\t\t\t\t\t\t\t<div class=\"item__content\">\n\t\t\t\t\t\t\t\t\t\t\t\t\t\t\t\t\t<h3 class=\"item__content__title\">Poznan<\/h3>\n\t\t\t\t\t\t\t\t\t\t\t\t\t\t\t\t\t\t\t\t\t\t\t\t\t<div class=\"item__content__description\">\n\t\t\t\t\t\t\t\t\t\t<p><img loading=\"lazy\" decoding=\"async\" class=\"wp-image-5723 size-thumbnail alignleft\" role=\"img\" src=\"https:\/\/invimed.pl\/wp-content\/uploads\/2024\/04\/ikona-47-2.svg\" alt=\"\" width=\"150\" height=\"150\" \/><\/p>\n<div class=\"info_slide__nav\"><\/div>\n<div class=\"info_slide__content-content\">\n<div class=\"info_slide__content-content\">\n<p><a title=\"Anna Olewicz, MD, PhD\" href=\"https:\/\/invimed.pl\/en\/doctor\/anna-olewicz\/\" target=\"_blank\" rel=\"noopener noreferrer\">Anna Olewicz, MD, PhD<\/a> provides tele-counselling on Tuesdays between 15:00 and 19:00. Consultation dates are subject to change.<\/p>\n<p>Note: Teleportations are given only to those Invimed Pozna\u0144 patients who are already undergoing immunological treatment. At the time of appointment of the teleportation, the possession of previous history of immunological treatment in the clinic Invimed Pozna\u0144 will be verified.<\/p>\n<\/div>\n<div class=\"info_slide__nav\"><\/div>\n<\/div>\n<div class=\"info_slide__nav\"><\/div>\n\t\t\t\t\t\t\t\t\t<\/div>\n\t\t\t\t\t\t\t\t\t\t\t\t\t\t\t\t<\/div>\n\t\t\t\t\t\t\t\t\t\t\t\t\t\t<\/div>\n\t\t\t\t\t\t<\/div>\n\t\t\t\t\t\t\t\t\t\t<\/div>\n\t\t\t\t<\/div>\n\t\t\t\t<nav class=\"splide__nav d-flex\">\n\t\t\t\t\t<div class=\"d-flex splide__arrows\">\n\t\t\t\t\t\t<button class=\"position-static splide__arrow splide__arrow--prev\">\n\t\t\t\t\t\t\t<svg class=\"desktop\" width=\"14\" height=\"14\" viewbox=\"0 0 14 14\" fill=\"none\" xmlns=\"http:\/\/www.w3.org\/2000\/svg\">\n\t\t\t\t\t\t\t\t<path d=\"M12.6321 6.7927L2.37174 6.7927\" stroke=\"currentColor\" stroke-width=\"1.8\" stroke-linecap=\"round\" stroke-linejoin=\"round\"\/>\n\t\t\t\t\t\t\t\t<path d=\"M5.96284 12.3265L1.36791 7.0001L5.96284 1.67369\" stroke=\"currentColor\" stroke-width=\"1.8\" stroke-linecap=\"round\" stroke-linejoin=\"round\"\/>\n\t\t\t\t\t\t\t<\/svg>\n\t\t\t\t\t\t\t<svg class=\"mobile\" width=\"16\" height=\"16\" viewbox=\"0 0 16 16\" fill=\"none\" xmlns=\"http:\/\/www.w3.org\/2000\/svg\">\n\t\t\t\t\t\t\t\t<path d=\"M9.3 13.0002L5.66938 8.76453C5.28419 8.31514 5.28419 7.65202 5.66938 7.20263L9.3 2.96691\" stroke=\"currentColor\" stroke-width=\"1.1\" stroke-linecap=\"round\"\/>\n\t\t\t\t\t\t\t<\/svg>\n\t\t\t\t\t\t<\/button>\n\t\t\t\t\t\t<div class=\"position-static splide__pagination\" role=\"tablist\"><\/div>\n\t\t\t\t\t\t<button class=\"position-static splide__arrow splide__arrow--next\">\n\t\t\t\t\t\t\t<svg class=\"desktop\" width=\"14\" height=\"14\" viewbox=\"0 0 14 14\" fill=\"none\" xmlns=\"http:\/\/www.w3.org\/2000\/svg\">\n\t\t\t\t\t\t\t\t<path d=\"M1.36792 7.2073L11.6283 7.2073\" stroke=\"currentColor\" stroke-width=\"1.8\" stroke-linecap=\"round\" stroke-linejoin=\"round\"\/>\n\t\t\t\t\t\t\t\t<path d=\"M8.03717 1.67349L12.6321 6.9999L8.03716 12.3263\" stroke=\"currentColor\" stroke-width=\"1.8\" stroke-linecap=\"round\" stroke-linejoin=\"round\"\/>\n\t\t\t\t\t\t\t<\/svg>\n\t\t\t\t\t\t\t<svg class=\"mobile\" width=\"16\" height=\"16\" viewbox=\"0 0 16 16\" fill=\"none\" xmlns=\"http:\/\/www.w3.org\/2000\/svg\">\n\t\t\t\t\t\t\t\t<path d=\"M6.7 2.99976L10.3306 7.23547C10.7158 7.68486 10.7158 8.34798 10.3306 8.79737L6.7 13.0331\" stroke=\"currentColor\" stroke-width=\"1.1\" stroke-linecap=\"round\"\/>\n\t\t\t\t\t\t\t<\/svg>\n\t\t\t\t\t\t<\/button>\n\t\t\t\t\t<\/div>\n\t\t\t\t<\/nav>\n\t\t\t<\/div>\n\t\t<\/div>\n\t<\/section>\n\n\n\n<figure class=\"wp-block-table\"><table style=\"border-style:dashed;border-width:3px\"><tbody><tr><td><mark style=\"background-color:rgba(0, 0, 0, 0)\" class=\"has-inline-color has-color-12-color\">Find out more <br><\/mark><br>Read the article entitled: <a href=\"https:\/\/invimed.pl\/en\/doctors\/immunologist\/\" target=\"_blank\" rel=\"noreferrer noopener\">Immunologist <\/a>and find out more about immunology in infertility.<\/td><\/tr><\/tbody><\/table><\/figure>","protected":false},"excerpt":{"rendered":"<p>Immunolog to lekarz zajmuj\u0105cy si\u0119 diagnozowaniem i leczeniem pierwotnych i wt\u00f3rnych zaburze\u0144 odporno\u015bci. Cz\u0119\u015b\u0107 z nich ma znacz\u0105cy wp\u0142yw na p\u0142odno\u015b\u0107 w kontek\u015bcie samego zap\u0142odnienia, jak r\u00f3wnie\u017c utrzymania ci\u0105\u017cy przez ca\u0142y okres jej trwania. Teleporada w zakresie konsultacji immunologicznej dedykowana jest wszystkim ch\u0119tnym. Kup teraz w MediStore! Aby kupi\u0107 teleporad\u0119 w zakresie konsultacji immunologicznej, wejd\u017a [&hellip;]<\/p>\n","protected":false},"author":18,"featured_media":232801,"parent":0,"menu_order":0,"comment_status":"closed","ping_status":"closed","template":"","meta":{"_acf_changed":false,"footnotes":""},"class_list":["post-232800","page","type-page","status-publish","has-post-thumbnail","hentry"],"acf":[],"yoast_head":"<!-- This site is optimized with the Yoast SEO plugin v27.2 - https:\/\/yoast.com\/product\/yoast-seo-wordpress\/ -->\n<title>Konsultacja immunologiczna- teleporada - Invimed<\/title>\n<meta name=\"description\" content=\"Immunolog to lekarz zajmuj\u0105cy si\u0119 diagnozowaniem i leczeniem pierwotnych i wt\u00f3rnych zaburze\u0144 odporno\u015bci.\" \/>\n<meta name=\"robots\" content=\"index, follow, max-snippet:-1, max-image-preview:large, max-video-preview:-1\" \/>\n<meta property=\"og:locale\" content=\"en_GB\" \/>\n<meta property=\"og:type\" content=\"article\" \/>\n<meta property=\"og:title\" content=\"Konsultacja immunologiczna- teleporada - Invimed\" \/>\n<meta property=\"og:description\" content=\"Immunolog to lekarz zajmuj\u0105cy si\u0119 diagnozowaniem i leczeniem pierwotnych i wt\u00f3rnych zaburze\u0144 odporno\u015bci.\" \/>\n<meta property=\"og:url\" content=\"https:\/\/invimed.pl\/en\/doctors\/immunological-consultation\/\" \/>\n<meta property=\"og:site_name\" content=\"Invimed\" \/>\n<meta property=\"article:modified_time\" content=\"2026-01-08T13:47:33+00:00\" \/>\n<meta property=\"og:image\" content=\"https:\/\/invimed.pl\/wp-content\/uploads\/2024\/05\/konsutlacja-immunologiczna-teleporady-png.png\" \/>\n\t<meta property=\"og:image:width\" content=\"1400\" \/>\n\t<meta property=\"og:image:height\" content=\"300\" \/>\n\t<meta property=\"og:image:type\" content=\"image\/png\" \/>\n<meta name=\"twitter:card\" content=\"summary_large_image\" \/>\n<meta name=\"twitter:label1\" content=\"Estimated reading time\" \/>\n\t<meta name=\"twitter:data1\" content=\"2 minutes\" \/>\n<!-- \/ Yoast SEO plugin. -->","yoast_head_json":{"title":"Immunology consultation- teleportation - Invimed","description":"An immunologist is a doctor who diagnoses and treats primary and secondary immune disorders.","robots":{"index":"index","follow":"follow","max-snippet":"max-snippet:-1","max-image-preview":"max-image-preview:large","max-video-preview":"max-video-preview:-1"},"og_locale":"en_GB","og_type":"article","og_title":"Konsultacja immunologiczna- teleporada - Invimed","og_description":"Immunolog to lekarz zajmuj\u0105cy si\u0119 diagnozowaniem i leczeniem pierwotnych i wt\u00f3rnych zaburze\u0144 odporno\u015bci.","og_url":"https:\/\/invimed.pl\/en\/doctors\/immunological-consultation\/","og_site_name":"Invimed","article_modified_time":"2026-01-08T13:47:33+00:00","og_image":[{"width":1400,"height":300,"url":"https:\/\/invimed.pl\/wp-content\/uploads\/2024\/05\/konsutlacja-immunologiczna-teleporady-png.png","type":"image\/png"}],"twitter_card":"summary_large_image","twitter_misc":{"Estimated reading time":"2 minutes"},"schema":{"@context":"https:\/\/schema.org","@graph":[{"@type":"WebPage","@id":"https:\/\/invimed.pl\/lekarze\/konsultacja-immunologiczna","url":"https:\/\/invimed.pl\/lekarze\/konsultacja-immunologiczna","name":"Immunology consultation- teleportation - Invimed","isPartOf":{"@id":"https:\/\/invimed.pl\/#website"},"primaryImageOfPage":{"@id":"https:\/\/invimed.pl\/lekarze\/konsultacja-immunologiczna#primaryimage"},"image":{"@id":"https:\/\/invimed.pl\/lekarze\/konsultacja-immunologiczna#primaryimage"},"thumbnailUrl":"https:\/\/invimed.pl\/wp-content\/uploads\/2024\/05\/konsutlacja-immunologiczna-teleporady-png.png","datePublished":"2024-05-12T17:59:36+00:00","dateModified":"2026-01-08T13:47:33+00:00","description":"An immunologist is a doctor who diagnoses and treats primary and secondary immune disorders.","breadcrumb":{"@id":"https:\/\/invimed.pl\/lekarze\/konsultacja-immunologiczna#breadcrumb"},"inLanguage":"en-GB","potentialAction":[{"@type":"ReadAction","target":["https:\/\/invimed.pl\/lekarze\/konsultacja-immunologiczna"]}]},{"@type":"ImageObject","inLanguage":"en-GB","@id":"https:\/\/invimed.pl\/lekarze\/konsultacja-immunologiczna#primaryimage","url":"https:\/\/invimed.pl\/wp-content\/uploads\/2024\/05\/konsutlacja-immunologiczna-teleporady-png.png","contentUrl":"https:\/\/invimed.pl\/wp-content\/uploads\/2024\/05\/konsutlacja-immunologiczna-teleporady-png.png","width":1400,"height":300},{"@type":"BreadcrumbList","@id":"https:\/\/invimed.pl\/lekarze\/konsultacja-immunologiczna#breadcrumb","itemListElement":[{"@type":"ListItem","position":1,"name":"Strona g\u0142\u00f3wna","item":"https:\/\/invimed.pl\/"},{"@type":"ListItem","position":2,"name":"Konsultacja immunologiczna- teleporada"}]},{"@type":"WebSite","@id":"https:\/\/invimed.pl\/#website","url":"https:\/\/invimed.pl\/","name":"Invimed","description":"Our mission is to create a happy family together","potentialAction":[{"@type":"SearchAction","target":{"@type":"EntryPoint","urlTemplate":"https:\/\/invimed.pl\/?s={search_term_string}"},"query-input":{"@type":"PropertyValueSpecification","valueRequired":true,"valueName":"search_term_string"}}],"inLanguage":"en-GB"}]}},"_links":{"self":[{"href":"https:\/\/invimed.pl\/en\/wp-json\/wp\/v2\/pages\/232800","targetHints":{"allow":["GET"]}}],"collection":[{"href":"https:\/\/invimed.pl\/en\/wp-json\/wp\/v2\/pages"}],"about":[{"href":"https:\/\/invimed.pl\/en\/wp-json\/wp\/v2\/types\/page"}],"author":[{"embeddable":true,"href":"https:\/\/invimed.pl\/en\/wp-json\/wp\/v2\/users\/18"}],"replies":[{"embeddable":true,"href":"https:\/\/invimed.pl\/en\/wp-json\/wp\/v2\/comments?post=232800"}],"version-history":[{"count":4,"href":"https:\/\/invimed.pl\/en\/wp-json\/wp\/v2\/pages\/232800\/revisions"}],"predecessor-version":[{"id":271376,"href":"https:\/\/invimed.pl\/en\/wp-json\/wp\/v2\/pages\/232800\/revisions\/271376"}],"wp:featuredmedia":[{"embeddable":true,"href":"https:\/\/invimed.pl\/en\/wp-json\/wp\/v2\/media\/232801"}],"wp:attachment":[{"href":"https:\/\/invimed.pl\/en\/wp-json\/wp\/v2\/media?parent=232800"}],"curies":[{"name":"wp","href":"https:\/\/api.w.org\/{rel}","templated":true}]}}