{"id":2444,"date":"2024-04-11T10:04:25","date_gmt":"2024-04-11T10:04:25","guid":{"rendered":"https:\/\/invimed.pl\/?page_id=2444"},"modified":"2024-07-19T10:54:16","modified_gmt":"2024-07-19T08:54:16","slug":"aesthetic-gynaecology-at-invimed-gdynia","status":"publish","type":"page","link":"https:\/\/invimed.pl\/en\/ginekologia-estetyczna","title":{"rendered":"Aesthetic gynaecology at Invimed Gdynia"},"content":{"rendered":"<h2 class=\"wp-block-heading\" id=\"pozegnaj-sie-z-defektami-kosmetycznymi-bolesnymi-stosunkami-i-brakiem-orgazmu\"><strong>Say goodbye to cosmetic defects, painful intercourse and lack of orgasm<\/strong><\/h2>\n\n\n\n<p><strong>A scar from a perineal incision during childbirth does not have to be a 'souvenir' for life. After giving birth, you can still look good, feel feminine and experience complete satisfaction during intercourse.<\/strong><\/p>\n\n\n\n<p><strong>Innovative aesthetic gynaecology treatments at the Invimed clinic in Gdynia are an effective way to permanently improve intimate comfort.<\/strong><\/p>\n\n\n\n<p>Non-invasive procedures to alleviate physical discomfort and revitalise the intimate areas are also aimed at women who have not given birth but are dissatisfied with the appearance of their intimate areas or feel less satisfied with sexual intercourse (or a complete lack thereof). Women of all ages who want to get rid of discomfort and complexes resulting from intimate problems are invited to consultations at the Invimed clinic.<\/p>\n\n\n\n<p>All treatments in the field of aesthetic gynaecology at the Invimed clinic are carried out by experienced and qualified specialists trained by Dr. n. med. Krzysztof Gojd\u017a - a pioneer in the use of innovative methods of treatment and skin care.<\/p>\n\n\n\n<h3 class=\"wp-block-heading\" id=\"znajdz-zabieg-dla-siebie\"><strong>Find the treatment for you<\/strong><\/h3>\n\n\n\n<section class=\"columns-1\">\n        <div class=\"columns-1__container\">\n        <header class=\"columns-1__header\">\n            <div class=\"acf-innerblocks-container\">\n\n<h3 class=\"wp-block-heading mb-0\" id=\"laseroterapia-monalisa-touch\"><strong>MonaLisa Touch laser therapy<\/strong><\/h3>\n\n\n\n<p><\/p>\n\n<\/div>\n        <\/header>\n            <div class=\"d-flex flex-wrap columns-1__wrapper\">\n                    <div class=\"w-100 overflow-hidden columns-1__column\" style='background-color: '>\n                <div class=\"d-flex flex-column align-items-center h-100 text-center column__wrapper\">\n                                    <div class=\"column__image\">\n                        <img loading=\"lazy\" decoding=\"async\" width=\"56\" height=\"56\" src=\"https:\/\/invimed.pl\/wp-content\/uploads\/2024\/04\/ikona7.png\" class=\"attachment-columns-1-icon size-columns-1-icon\" alt=\"\" srcset=\"https:\/\/invimed.pl\/wp-content\/uploads\/2024\/04\/ikona7.png 56w, https:\/\/invimed.pl\/wp-content\/uploads\/2024\/04\/ikona7-42x42.png 42w, https:\/\/invimed.pl\/wp-content\/uploads\/2024\/04\/ikona7-24x24.png 24w, https:\/\/invimed.pl\/wp-content\/uploads\/2024\/04\/ikona7-45x45.png 45w\" sizes=\"auto, (max-width: 56px) 100vw, 56px\" \/>                    <\/div>\n                                                    <h4 class=\"column__title\">MonaLisa Touch laser therapy<\/h4>\n                                                    <p class=\"column__content\">Non-invasive perineal lift after childbirth\r\nRehabilitation after childbirth\r\nUrinary incontinence\r\nRevitalisation of the external intimate area\r\nLabioplasty treatment (reduction of the labia)<\/p>\n                                                    <a class=\"d-inline-flex justify-content-center align-items-center w-100 column__btn\" href=\"https:\/\/invimed.pl\/en\/laser-therapy-monalisa-touchtm\/\" target=\"_self\" style='background-color: '>\n                        <span>See more<\/span>\n                        <div class=\"svg-container\">\n                            <svg width=\"25\" height=\"25\">\n                                <use xlink:href=\"#icon-arrow-circle\"\/>\n                            <\/svg>\n                        <\/div>\n                    <\/a>\n                                <\/div>\n            <\/div>\n                <\/div>\n        <\/div>\n<\/section>\n\n\n\n<h3 class=\"wp-block-heading has-text-align-center\" id=\"dowiedz-siewiecej-na-ten-temat\"><strong>Find out more about<\/strong><\/h3>\n\n\n\n<div class=\"wp-block-buttons is-content-justification-center is-layout-flex wp-container-core-buttons-is-layout-a89b3969 wp-block-buttons-is-layout-flex\">\n<div class=\"wp-block-button\"><a class=\"wp-block-button__link has-text-align-center wp-element-button\" href=\"https:\/\/invimed.pl\/en\/blog\/\">Visit the Invimed blog<\/a><\/div>\n<\/div>","protected":false},"excerpt":{"rendered":"<p>Po\u017cegnaj si\u0119 z defektami kosmetycznymi, bolesnymi stosunkami i brakiem orgazmu Blizna po naci\u0119ciu krocza podczas porodu nie musi by\u0107 \u201epami\u0105tk\u0105\u201d na ca\u0142e \u017cycie. Po urodzeniu dziecka nadal mo\u017cesz dobrze wygl\u0105da\u0107, czu\u0107 si\u0119 kobieco i odczuwa\u0107 pe\u0142n\u0105 satysfakcj\u0119 podczas wsp\u00f3\u0142\u017cycia. Innowacyjne zabiegi z zakresu ginekologii estetycznej w klinice Invimed w Gdyni to skuteczny spos\u00f3b na trwa\u0142\u0105 [&hellip;]<\/p>\n","protected":false},"author":1,"featured_media":2454,"parent":0,"menu_order":0,"comment_status":"closed","ping_status":"closed","template":"","meta":{"_acf_changed":false,"footnotes":""},"class_list":["post-2444","page","type-page","status-publish","has-post-thumbnail","hentry"],"acf":[],"yoast_head":"<!-- This site is optimized with the Yoast SEO plugin v27.2 - https:\/\/yoast.com\/product\/yoast-seo-wordpress\/ -->\n<title>Ginekologia estetyczna - rodzaje zabieg\u00f3w | InviMed Gdynia<\/title>\n<meta name=\"robots\" content=\"index, follow, max-snippet:-1, max-image-preview:large, max-video-preview:-1\" \/>\n<meta property=\"og:locale\" content=\"en_GB\" \/>\n<meta property=\"og:type\" content=\"article\" \/>\n<meta property=\"og:title\" content=\"Ginekologia estetyczna - rodzaje zabieg\u00f3w | InviMed Gdynia\" \/>\n<meta property=\"og:description\" content=\"Po\u017cegnaj si\u0119 z defektami kosmetycznymi, bolesnymi stosunkami i brakiem orgazmu Blizna po naci\u0119ciu krocza podczas porodu nie musi by\u0107 \u201epami\u0105tk\u0105\u201d na ca\u0142e \u017cycie. Po urodzeniu dziecka nadal mo\u017cesz dobrze wygl\u0105da\u0107, czu\u0107 si\u0119 kobieco i odczuwa\u0107 pe\u0142n\u0105 satysfakcj\u0119 podczas wsp\u00f3\u0142\u017cycia. Innowacyjne zabiegi z zakresu ginekologii estetycznej w klinice Invimed w Gdyni to skuteczny spos\u00f3b na trwa\u0142\u0105 [&hellip;]\" \/>\n<meta property=\"og:url\" content=\"https:\/\/invimed.pl\/en\/aesthetic-gynaecology\/\" \/>\n<meta property=\"og:site_name\" content=\"Invimed\" \/>\n<meta property=\"article:modified_time\" content=\"2024-07-19T08:54:16+00:00\" \/>\n<meta property=\"og:image\" content=\"https:\/\/invimed.pl\/wp-content\/uploads\/2024\/04\/article-cover-13-png.png\" \/>\n\t<meta property=\"og:image:width\" content=\"1440\" \/>\n\t<meta property=\"og:image:height\" content=\"300\" \/>\n\t<meta property=\"og:image:type\" content=\"image\/png\" \/>\n<meta name=\"twitter:card\" content=\"summary_large_image\" \/>\n<meta name=\"twitter:label1\" content=\"Estimated reading time\" \/>\n\t<meta name=\"twitter:data1\" content=\"2 minutes\" \/>\n<!-- \/ Yoast SEO plugin. -->","yoast_head_json":{"title":"Aesthetic gynaecology - types of treatment | InviMed Gdynia","robots":{"index":"index","follow":"follow","max-snippet":"max-snippet:-1","max-image-preview":"max-image-preview:large","max-video-preview":"max-video-preview:-1"},"og_locale":"en_GB","og_type":"article","og_title":"Ginekologia estetyczna - rodzaje zabieg\u00f3w | InviMed Gdynia","og_description":"Po\u017cegnaj si\u0119 z defektami kosmetycznymi, bolesnymi stosunkami i brakiem orgazmu Blizna po naci\u0119ciu krocza podczas porodu nie musi by\u0107 \u201epami\u0105tk\u0105\u201d na ca\u0142e \u017cycie. Po urodzeniu dziecka nadal mo\u017cesz dobrze wygl\u0105da\u0107, czu\u0107 si\u0119 kobieco i odczuwa\u0107 pe\u0142n\u0105 satysfakcj\u0119 podczas wsp\u00f3\u0142\u017cycia. Innowacyjne zabiegi z zakresu ginekologii estetycznej w klinice Invimed w Gdyni to skuteczny spos\u00f3b na trwa\u0142\u0105 [&hellip;]","og_url":"https:\/\/invimed.pl\/en\/aesthetic-gynaecology\/","og_site_name":"Invimed","article_modified_time":"2024-07-19T08:54:16+00:00","og_image":[{"width":1440,"height":300,"url":"https:\/\/invimed.pl\/wp-content\/uploads\/2024\/04\/article-cover-13-png.png","type":"image\/png"}],"twitter_card":"summary_large_image","twitter_misc":{"Estimated reading time":"2 minutes"},"schema":{"@context":"https:\/\/schema.org","@graph":[{"@type":"WebPage","@id":"https:\/\/invimed.pl\/ginekologia-estetyczna","url":"https:\/\/invimed.pl\/ginekologia-estetyczna","name":"Aesthetic gynaecology - types of treatment | InviMed Gdynia","isPartOf":{"@id":"https:\/\/invimed.pl\/#website"},"primaryImageOfPage":{"@id":"https:\/\/invimed.pl\/ginekologia-estetyczna#primaryimage"},"image":{"@id":"https:\/\/invimed.pl\/ginekologia-estetyczna#primaryimage"},"thumbnailUrl":"https:\/\/invimed.pl\/wp-content\/uploads\/2024\/04\/article-cover-13-png.png","datePublished":"2024-04-11T10:04:25+00:00","dateModified":"2024-07-19T08:54:16+00:00","breadcrumb":{"@id":"https:\/\/invimed.pl\/ginekologia-estetyczna#breadcrumb"},"inLanguage":"en-GB","potentialAction":[{"@type":"ReadAction","target":["https:\/\/invimed.pl\/ginekologia-estetyczna"]}]},{"@type":"ImageObject","inLanguage":"en-GB","@id":"https:\/\/invimed.pl\/ginekologia-estetyczna#primaryimage","url":"https:\/\/invimed.pl\/wp-content\/uploads\/2024\/04\/article-cover-13-png.png","contentUrl":"https:\/\/invimed.pl\/wp-content\/uploads\/2024\/04\/article-cover-13-png.png","width":1440,"height":300},{"@type":"BreadcrumbList","@id":"https:\/\/invimed.pl\/ginekologia-estetyczna#breadcrumb","itemListElement":[{"@type":"ListItem","position":1,"name":"Strona g\u0142\u00f3wna","item":"https:\/\/invimed.pl\/"},{"@type":"ListItem","position":2,"name":"Ginekologia estetyczna w Invimed Gdynia"}]},{"@type":"WebSite","@id":"https:\/\/invimed.pl\/#website","url":"https:\/\/invimed.pl\/","name":"Invimed","description":"Our mission is to create a happy family together","potentialAction":[{"@type":"SearchAction","target":{"@type":"EntryPoint","urlTemplate":"https:\/\/invimed.pl\/?s={search_term_string}"},"query-input":{"@type":"PropertyValueSpecification","valueRequired":true,"valueName":"search_term_string"}}],"inLanguage":"en-GB"}]}},"_links":{"self":[{"href":"https:\/\/invimed.pl\/en\/wp-json\/wp\/v2\/pages\/2444","targetHints":{"allow":["GET"]}}],"collection":[{"href":"https:\/\/invimed.pl\/en\/wp-json\/wp\/v2\/pages"}],"about":[{"href":"https:\/\/invimed.pl\/en\/wp-json\/wp\/v2\/types\/page"}],"author":[{"embeddable":true,"href":"https:\/\/invimed.pl\/en\/wp-json\/wp\/v2\/users\/1"}],"replies":[{"embeddable":true,"href":"https:\/\/invimed.pl\/en\/wp-json\/wp\/v2\/comments?post=2444"}],"version-history":[{"count":41,"href":"https:\/\/invimed.pl\/en\/wp-json\/wp\/v2\/pages\/2444\/revisions"}],"predecessor-version":[{"id":258618,"href":"https:\/\/invimed.pl\/en\/wp-json\/wp\/v2\/pages\/2444\/revisions\/258618"}],"wp:featuredmedia":[{"embeddable":true,"href":"https:\/\/invimed.pl\/en\/wp-json\/wp\/v2\/media\/2454"}],"wp:attachment":[{"href":"https:\/\/invimed.pl\/en\/wp-json\/wp\/v2\/media?parent=2444"}],"curies":[{"name":"wp","href":"https:\/\/api.w.org\/{rel}","templated":true}]}}