{"id":2473,"date":"2024-04-11T11:04:52","date_gmt":"2024-04-11T11:04:52","guid":{"rendered":"https:\/\/invimed.pl\/?page_id=2473"},"modified":"2024-07-11T10:08:31","modified_gmt":"2024-07-11T08:08:31","slug":"wsparcie-leczenia-nieplodnosci","status":"publish","type":"page","link":"https:\/\/invimed.pl\/en\/leczenie-nieplodnosci\/wsparcie","title":{"rendered":"Support for infertility treatment"},"content":{"rendered":"<h2 class=\"wp-block-heading\" id=\"w-invimed-podczas-staran-o-dziecko-pacjentow-wspieraja-doswiadczeni-lekarze-i-inni-specjalisci\"><strong>At Invimed, patients are supported during their efforts to have a baby by experienced doctors and other specialists<\/strong><\/h2>\n\n\n\n<p><strong>The effectiveness of infertility treatment depends on a number of factors: the age of the patient and her partner, the reasons why they are experiencing difficulties getting pregnant, and the quality of the gametes (ova and sperm) used for fertilisation. It is extremely important to have not only an experienced treating doctor, but also to be able to benefit from a range of specialist consultations. In Invimed clinics, doctors of many specialisations are at the disposal of the Patients and Patients, as we know how important a holistic approach to infertility treatment is.<\/strong><\/p>\n\n\n\n<h2 class=\"wp-block-heading\" id=\"leczenie-nieplodnosci\">Treatment of infertility<\/h2>\n\n\n\n<p>The doctors in charge of couples at the infertility clinics are doctors with a specialisation in gynaecology-obstetrics. They are the ones who keep their finger on the pulse and refer the patient or patient for additional consultations if necessary. Along with the gynaecologist, other doctors are also involved in the treatment of infertility, such as a urologist\/andrologist, endocrinologist or immunologist.<\/p>\n\n\n\n<section class=\"columns-1\">\n        <div class=\"columns-1__container\">\n        <header class=\"columns-1__header\">\n            <div class=\"acf-innerblocks-container\">\n\n<h3 class=\"wp-block-heading mb-0\" id=\"dowiedz-sie-jak-wygladaja-konsultacje-ze-specjalistami\"><strong>Find out about consultations with specialists:<\/strong><\/h3>\n\n<\/div>\n        <\/header>\n            <div class=\"d-flex flex-wrap columns-1__wrapper\">\n                    <div class=\"w-100 overflow-hidden columns-1__column\" style='background-color: '>\n                <div class=\"d-flex flex-column align-items-center h-100 text-center column__wrapper\">\n                                    <div class=\"column__image\">\n                        <img loading=\"lazy\" decoding=\"async\" width=\"56\" height=\"56\" src=\"https:\/\/invimed.pl\/wp-content\/uploads\/2024\/04\/ikona10.png\" class=\"attachment-columns-1-icon size-columns-1-icon\" alt=\"\" srcset=\"https:\/\/invimed.pl\/wp-content\/uploads\/2024\/04\/ikona10.png 56w, https:\/\/invimed.pl\/wp-content\/uploads\/2024\/04\/ikona10-42x42.png 42w, https:\/\/invimed.pl\/wp-content\/uploads\/2024\/04\/ikona10-24x24.png 24w, https:\/\/invimed.pl\/wp-content\/uploads\/2024\/04\/ikona10-45x45.png 45w\" sizes=\"auto, (max-width: 56px) 100vw, 56px\" \/>                    <\/div>\n                                                    <h4 class=\"column__title\">Andrologist<\/h4>\n                                                    <p class=\"column__content\">Male fertility specialist\r\n<\/p>\n                                                    <a class=\"d-inline-flex justify-content-center align-items-center w-100 column__btn\" href=\"https:\/\/invimed.pl\/en\/doctors\/andrologist\/\" target=\"_self\" style='background-color: #1d8f38'>\n                        <span>Read more <\/span>\n                        <div class=\"svg-container\">\n                            <svg width=\"25\" height=\"25\">\n                                <use xlink:href=\"#icon-arrow-circle\"\/>\n                            <\/svg>\n                        <\/div>\n                    <\/a>\n                                <\/div>\n            <\/div>\n                    <div class=\"w-100 overflow-hidden columns-1__column\" style='background-color: '>\n                <div class=\"d-flex flex-column align-items-center h-100 text-center column__wrapper\">\n                                    <div class=\"column__image\">\n                        <img loading=\"lazy\" decoding=\"async\" width=\"56\" height=\"56\" src=\"https:\/\/invimed.pl\/wp-content\/uploads\/2024\/04\/ikona10.png\" class=\"attachment-columns-1-icon size-columns-1-icon\" alt=\"\" srcset=\"https:\/\/invimed.pl\/wp-content\/uploads\/2024\/04\/ikona10.png 56w, https:\/\/invimed.pl\/wp-content\/uploads\/2024\/04\/ikona10-42x42.png 42w, https:\/\/invimed.pl\/wp-content\/uploads\/2024\/04\/ikona10-24x24.png 24w, https:\/\/invimed.pl\/wp-content\/uploads\/2024\/04\/ikona10-45x45.png 45w\" sizes=\"auto, (max-width: 56px) 100vw, 56px\" \/>                    <\/div>\n                                                    <h4 class=\"column__title\">Endocrinologist<\/h4>\n                                                    <p class=\"column__content\"> Hormone specialist<\/p>\n                                                    <a class=\"d-inline-flex justify-content-center align-items-center w-100 column__btn\" href=\"https:\/\/invimed.pl\/en\/doctors\/endocrinologist-2\/\" target=\"_blank\" rel=\"noopener noreferrer\" style='background-color: #1d8f38'>\n                        <span>Read more <\/span>\n                        <div class=\"svg-container\">\n                            <svg width=\"25\" height=\"25\">\n                                <use xlink:href=\"#icon-arrow-circle\"\/>\n                            <\/svg>\n                        <\/div>\n                    <\/a>\n                                <\/div>\n            <\/div>\n                    <div class=\"w-100 overflow-hidden columns-1__column\" style='background-color: '>\n                <div class=\"d-flex flex-column align-items-center h-100 text-center column__wrapper\">\n                                    <div class=\"column__image\">\n                        <img loading=\"lazy\" decoding=\"async\" width=\"56\" height=\"56\" src=\"https:\/\/invimed.pl\/wp-content\/uploads\/2024\/04\/ikona10.png\" class=\"attachment-columns-1-icon size-columns-1-icon\" alt=\"\" srcset=\"https:\/\/invimed.pl\/wp-content\/uploads\/2024\/04\/ikona10.png 56w, https:\/\/invimed.pl\/wp-content\/uploads\/2024\/04\/ikona10-42x42.png 42w, https:\/\/invimed.pl\/wp-content\/uploads\/2024\/04\/ikona10-24x24.png 24w, https:\/\/invimed.pl\/wp-content\/uploads\/2024\/04\/ikona10-45x45.png 45w\" sizes=\"auto, (max-width: 56px) 100vw, 56px\" \/>                    <\/div>\n                                                    <h4 class=\"column__title\">Immunologist<\/h4>\n                                                    <p class=\"column__content\">Immunity doctor<\/p>\n                                                    <a class=\"d-inline-flex justify-content-center align-items-center w-100 column__btn\" href=\"https:\/\/invimed.pl\/en\/doctors\/immunologist\/\" target=\"_blank\" rel=\"noopener noreferrer\" style='background-color: #1d8f38'>\n                        <span>Read more <\/span>\n                        <div class=\"svg-container\">\n                            <svg width=\"25\" height=\"25\">\n                                <use xlink:href=\"#icon-arrow-circle\"\/>\n                            <\/svg>\n                        <\/div>\n                    <\/a>\n                                <\/div>\n            <\/div>\n                    <div class=\"w-100 overflow-hidden columns-1__column\" style='background-color: '>\n                <div class=\"d-flex flex-column align-items-center h-100 text-center column__wrapper\">\n                                    <div class=\"column__image\">\n                        <img loading=\"lazy\" decoding=\"async\" width=\"56\" height=\"56\" src=\"https:\/\/invimed.pl\/wp-content\/uploads\/2024\/04\/ikona18.png\" class=\"attachment-columns-1-icon size-columns-1-icon\" alt=\"\" srcset=\"https:\/\/invimed.pl\/wp-content\/uploads\/2024\/04\/ikona18.png 56w, https:\/\/invimed.pl\/wp-content\/uploads\/2024\/04\/ikona18-42x42.png 42w, https:\/\/invimed.pl\/wp-content\/uploads\/2024\/04\/ikona18-24x24.png 24w, https:\/\/invimed.pl\/wp-content\/uploads\/2024\/04\/ikona18-45x45.png 45w\" sizes=\"auto, (max-width: 56px) 100vw, 56px\" \/>                    <\/div>\n                                                    <h4 class=\"column__title\">Embryologist<\/h4>\n                                                    <p class=\"column__content\">Specialist in gametes and embryos<\/p>\n                                                    <a class=\"d-inline-flex justify-content-center align-items-center w-100 column__btn\" href=\"https:\/\/invimed.pl\/en\/konsultacja-embriologiczna\/\" target=\"_blank\" rel=\"noopener noreferrer\" style='background-color: #1d8f38'>\n                        <span>Read more <\/span>\n                        <div class=\"svg-container\">\n                            <svg width=\"25\" height=\"25\">\n                                <use xlink:href=\"#icon-arrow-circle\"\/>\n                            <\/svg>\n                        <\/div>\n                    <\/a>\n                                <\/div>\n            <\/div>\n                    <div class=\"w-100 overflow-hidden columns-1__column\" style='background-color: '>\n                <div class=\"d-flex flex-column align-items-center h-100 text-center column__wrapper\">\n                                    <div class=\"column__image\">\n                        <img loading=\"lazy\" decoding=\"async\" width=\"56\" height=\"56\" src=\"https:\/\/invimed.pl\/wp-content\/uploads\/2024\/04\/ikona10.png\" class=\"attachment-columns-1-icon size-columns-1-icon\" alt=\"\" srcset=\"https:\/\/invimed.pl\/wp-content\/uploads\/2024\/04\/ikona10.png 56w, https:\/\/invimed.pl\/wp-content\/uploads\/2024\/04\/ikona10-42x42.png 42w, https:\/\/invimed.pl\/wp-content\/uploads\/2024\/04\/ikona10-24x24.png 24w, https:\/\/invimed.pl\/wp-content\/uploads\/2024\/04\/ikona10-45x45.png 45w\" sizes=\"auto, (max-width: 56px) 100vw, 56px\" \/>                    <\/div>\n                                                    <h4 class=\"column__title\">Angiologist<\/h4>\n                                                    <p class=\"column__content\">Specialist in vascular and lymphatic diseases<\/p>\n                                                    <a class=\"d-inline-flex justify-content-center align-items-center w-100 column__btn\" href=\"https:\/\/invimed.pl\/en\/doctors\/angiolog\/\" target=\"_self\" style='background-color: #1d8f38'>\n                        <span>Read more <\/span>\n                        <div class=\"svg-container\">\n                            <svg width=\"25\" height=\"25\">\n                                <use xlink:href=\"#icon-arrow-circle\"\/>\n                            <\/svg>\n                        <\/div>\n                    <\/a>\n                                <\/div>\n            <\/div>\n                <\/div>\n        <\/div>\n<\/section>\n\n\n\n<h2 class=\"wp-block-heading\" id=\"wsparcie-leczenia\">Support for treatment<\/h2>\n\n\n\n<p>The chances of having a child are correspondingly higher when both the woman and the man are in good mental and physical condition during their efforts to get pregnant, so during treatment, patients at Invimed clinics can benefit from professional support from a psychologist, nutritionist, physiotherapist and acupuncturist<\/p>\n\n\n\n<section class=\"columns-1\">\n        <div class=\"columns-1__container\">\n        <header class=\"columns-1__header\">\n            <div class=\"acf-innerblocks-container\">\n\n<h3 class=\"wp-block-heading mb-0\" id=\"dowiedz-sie-jak-w-trakcie-leczenia-nieplodnosci-pomaga\"><strong>Find out how infertility treatment helps:<\/strong><\/h3>\n\n<\/div>\n        <\/header>\n            <div class=\"d-flex flex-wrap columns-1__wrapper\">\n                    <div class=\"w-100 overflow-hidden columns-1__column\" style='background-color: '>\n                <div class=\"d-flex flex-column align-items-center h-100 text-center column__wrapper\">\n                                    <div class=\"column__image\">\n                        <img loading=\"lazy\" decoding=\"async\" width=\"56\" height=\"56\" src=\"https:\/\/invimed.pl\/wp-content\/uploads\/2024\/04\/ikona10.png\" class=\"attachment-columns-1-icon size-columns-1-icon\" alt=\"\" srcset=\"https:\/\/invimed.pl\/wp-content\/uploads\/2024\/04\/ikona10.png 56w, https:\/\/invimed.pl\/wp-content\/uploads\/2024\/04\/ikona10-42x42.png 42w, https:\/\/invimed.pl\/wp-content\/uploads\/2024\/04\/ikona10-24x24.png 24w, https:\/\/invimed.pl\/wp-content\/uploads\/2024\/04\/ikona10-45x45.png 45w\" sizes=\"auto, (max-width: 56px) 100vw, 56px\" \/>                    <\/div>\n                                                    <h4 class=\"column__title\">Psychologist<\/h4>\n                                                    <p class=\"column__content\">Psychological support<\/p>\n                                                    <a class=\"d-inline-flex justify-content-center align-items-center w-100 column__btn\" href=\"https:\/\/invimed.pl\/en\/leczenie-nieplodnosci-wsparcie-psycholog-nieplodnosci\/\" target=\"_self\" style='background-color: #1d8f38'>\n                        <span>Read more<\/span>\n                        <div class=\"svg-container\">\n                            <svg width=\"25\" height=\"25\">\n                                <use xlink:href=\"#icon-arrow-circle\"\/>\n                            <\/svg>\n                        <\/div>\n                    <\/a>\n                                <\/div>\n            <\/div>\n                    <div class=\"w-100 overflow-hidden columns-1__column\" style='background-color: '>\n                <div class=\"d-flex flex-column align-items-center h-100 text-center column__wrapper\">\n                                    <div class=\"column__image\">\n                        <img loading=\"lazy\" decoding=\"async\" width=\"56\" height=\"56\" src=\"https:\/\/invimed.pl\/wp-content\/uploads\/2024\/04\/ikona10.png\" class=\"attachment-columns-1-icon size-columns-1-icon\" alt=\"\" srcset=\"https:\/\/invimed.pl\/wp-content\/uploads\/2024\/04\/ikona10.png 56w, https:\/\/invimed.pl\/wp-content\/uploads\/2024\/04\/ikona10-42x42.png 42w, https:\/\/invimed.pl\/wp-content\/uploads\/2024\/04\/ikona10-24x24.png 24w, https:\/\/invimed.pl\/wp-content\/uploads\/2024\/04\/ikona10-45x45.png 45w\" sizes=\"auto, (max-width: 56px) 100vw, 56px\" \/>                    <\/div>\n                                                    <h4 class=\"column__title\">Nutritionist<\/h4>\n                                                    <p class=\"column__content\">Effect of diet on fertility <\/p>\n                                                    <a class=\"d-inline-flex justify-content-center align-items-center w-100 column__btn\" href=\"https:\/\/invimed.pl\/en\/leczenie-nieplodnosci-wsparcie-dietetyk-plodnosci\/\" target=\"_self\" style='background-color: #1d8f38'>\n                        <span>Read more<\/span>\n                        <div class=\"svg-container\">\n                            <svg width=\"25\" height=\"25\">\n                                <use xlink:href=\"#icon-arrow-circle\"\/>\n                            <\/svg>\n                        <\/div>\n                    <\/a>\n                                <\/div>\n            <\/div>\n                    <div class=\"w-100 overflow-hidden columns-1__column\" style='background-color: '>\n                <div class=\"d-flex flex-column align-items-center h-100 text-center column__wrapper\">\n                                    <div class=\"column__image\">\n                        <img loading=\"lazy\" decoding=\"async\" width=\"56\" height=\"56\" src=\"https:\/\/invimed.pl\/wp-content\/uploads\/2024\/04\/ikona7.png\" class=\"attachment-columns-1-icon size-columns-1-icon\" alt=\"\" srcset=\"https:\/\/invimed.pl\/wp-content\/uploads\/2024\/04\/ikona7.png 56w, https:\/\/invimed.pl\/wp-content\/uploads\/2024\/04\/ikona7-42x42.png 42w, https:\/\/invimed.pl\/wp-content\/uploads\/2024\/04\/ikona7-24x24.png 24w, https:\/\/invimed.pl\/wp-content\/uploads\/2024\/04\/ikona7-45x45.png 45w\" sizes=\"auto, (max-width: 56px) 100vw, 56px\" \/>                    <\/div>\n                                                    <h4 class=\"column__title\">Fizjo<\/h4>\n                                                    <p class=\"column__content\">Physiotherapist support<\/p>\n                                                    <a class=\"d-inline-flex justify-content-center align-items-center w-100 column__btn\" href=\"https:\/\/invimed.pl\/en\/leczenie-nieplodnosci-wsparcie-fizjoterapia-uroginekologiczna\/\" target=\"_blank\" rel=\"noopener noreferrer\" style='background-color: #1d8f38'>\n                        <span>Read more<\/span>\n                        <div class=\"svg-container\">\n                            <svg width=\"25\" height=\"25\">\n                                <use xlink:href=\"#icon-arrow-circle\"\/>\n                            <\/svg>\n                        <\/div>\n                    <\/a>\n                                <\/div>\n            <\/div>\n                    <div class=\"w-100 overflow-hidden columns-1__column\" style='background-color: '>\n                <div class=\"d-flex flex-column align-items-center h-100 text-center column__wrapper\">\n                                    <div class=\"column__image\">\n                        <img loading=\"lazy\" decoding=\"async\" width=\"56\" height=\"56\" src=\"https:\/\/invimed.pl\/wp-content\/uploads\/2024\/04\/ikona1.png\" class=\"attachment-columns-1-icon size-columns-1-icon\" alt=\"\" srcset=\"https:\/\/invimed.pl\/wp-content\/uploads\/2024\/04\/ikona1.png 56w, https:\/\/invimed.pl\/wp-content\/uploads\/2024\/04\/ikona1-42x42.png 42w, https:\/\/invimed.pl\/wp-content\/uploads\/2024\/04\/ikona1-24x24.png 24w, https:\/\/invimed.pl\/wp-content\/uploads\/2024\/04\/ikona1-45x45.png 45w\" sizes=\"auto, (max-width: 56px) 100vw, 56px\" \/>                    <\/div>\n                                                    <h4 class=\"column__title\">Acupuncture<\/h4>\n                                                    <p class=\"column__content\">Acupuncture<\/p>\n                                                    <a class=\"d-inline-flex justify-content-center align-items-center w-100 column__btn\" href=\"https:\/\/invimed.pl\/en\/leczenie-nieplodnosci-wsparcie-akupunktura-w-ciazy\/\" target=\"_self\" style='background-color: #1d8f38'>\n                        <span>Read more<\/span>\n                        <div class=\"svg-container\">\n                            <svg width=\"25\" height=\"25\">\n                                <use xlink:href=\"#icon-arrow-circle\"\/>\n                            <\/svg>\n                        <\/div>\n                    <\/a>\n                                <\/div>\n            <\/div>\n                <\/div>\n        <\/div>\n<\/section>","protected":false},"excerpt":{"rendered":"<p>W Invimed podczas stara\u0144 o dziecko pacjent\u00f3w wspieraj\u0105 do\u015bwiadczeni lekarze i inni specjali\u015bci Skuteczno\u015b\u0107 leczenia niep\u0142odno\u015bci zale\u017cy od wielu czynnik\u00f3w: wieku pacjentki i jej partnera, przyczyn, dla kt\u00f3rych do\u015bwiadczaj\u0105 oni trudno\u015bci z zaj\u015bciem w ci\u0105\u017c\u0119, oraz od jako\u015bci gamet (kom\u00f3rek jajowych i plemnik\u00f3w) u\u017cytych do zap\u0142odnienia. Niezwykle istotne jest posiadanie ni tylko do\u015bwiadczonego lekarza prowadz\u0105cego, [&hellip;]<\/p>\n","protected":false},"author":1,"featured_media":2476,"parent":0,"menu_order":0,"comment_status":"closed","ping_status":"closed","template":"","meta":{"_acf_changed":false,"footnotes":""},"class_list":["post-2473","page","type-page","status-publish","has-post-thumbnail","hentry"],"acf":[],"yoast_head":"<!-- This site is optimized with the Yoast SEO plugin v27.2 - https:\/\/yoast.com\/product\/yoast-seo-wordpress\/ -->\n<title>Wsparcie leczenia niep\u0142odno\u015bci<\/title>\n<meta name=\"robots\" content=\"index, follow, max-snippet:-1, max-image-preview:large, max-video-preview:-1\" \/>\n<meta property=\"og:locale\" content=\"en_GB\" \/>\n<meta property=\"og:type\" content=\"article\" \/>\n<meta property=\"og:title\" content=\"Wsparcie leczenia niep\u0142odno\u015bci\" \/>\n<meta property=\"og:description\" content=\"W Invimed podczas stara\u0144 o dziecko pacjent\u00f3w wspieraj\u0105 do\u015bwiadczeni lekarze i inni specjali\u015bci Skuteczno\u015b\u0107 leczenia niep\u0142odno\u015bci zale\u017cy od wielu czynnik\u00f3w: wieku pacjentki i jej partnera, przyczyn, dla kt\u00f3rych do\u015bwiadczaj\u0105 oni trudno\u015bci z zaj\u015bciem w ci\u0105\u017c\u0119, oraz od jako\u015bci gamet (kom\u00f3rek jajowych i plemnik\u00f3w) u\u017cytych do zap\u0142odnienia. Niezwykle istotne jest posiadanie ni tylko do\u015bwiadczonego lekarza prowadz\u0105cego, [&hellip;]\" \/>\n<meta property=\"og:url\" content=\"https:\/\/invimed.pl\/en\/treatment-of-infertility\/support\/\" \/>\n<meta property=\"og:site_name\" content=\"Invimed\" \/>\n<meta property=\"article:modified_time\" content=\"2024-07-11T08:08:31+00:00\" \/>\n<meta property=\"og:image\" content=\"https:\/\/invimed.pl\/wp-content\/uploads\/2024\/04\/1400x300-8-jpg.jpg\" \/>\n\t<meta property=\"og:image:width\" content=\"1440\" \/>\n\t<meta property=\"og:image:height\" content=\"300\" \/>\n\t<meta property=\"og:image:type\" content=\"image\/jpeg\" \/>\n<meta name=\"twitter:card\" content=\"summary_large_image\" \/>\n<meta name=\"twitter:label1\" content=\"Estimated reading time\" \/>\n\t<meta name=\"twitter:data1\" content=\"2 minutes\" \/>\n<!-- \/ Yoast SEO plugin. -->","yoast_head_json":{"title":"Support for infertility treatment","robots":{"index":"index","follow":"follow","max-snippet":"max-snippet:-1","max-image-preview":"max-image-preview:large","max-video-preview":"max-video-preview:-1"},"og_locale":"en_GB","og_type":"article","og_title":"Wsparcie leczenia niep\u0142odno\u015bci","og_description":"W Invimed podczas stara\u0144 o dziecko pacjent\u00f3w wspieraj\u0105 do\u015bwiadczeni lekarze i inni specjali\u015bci Skuteczno\u015b\u0107 leczenia niep\u0142odno\u015bci zale\u017cy od wielu czynnik\u00f3w: wieku pacjentki i jej partnera, przyczyn, dla kt\u00f3rych do\u015bwiadczaj\u0105 oni trudno\u015bci z zaj\u015bciem w ci\u0105\u017c\u0119, oraz od jako\u015bci gamet (kom\u00f3rek jajowych i plemnik\u00f3w) u\u017cytych do zap\u0142odnienia. Niezwykle istotne jest posiadanie ni tylko do\u015bwiadczonego lekarza prowadz\u0105cego, [&hellip;]","og_url":"https:\/\/invimed.pl\/en\/treatment-of-infertility\/support\/","og_site_name":"Invimed","article_modified_time":"2024-07-11T08:08:31+00:00","og_image":[{"width":1440,"height":300,"url":"https:\/\/invimed.pl\/wp-content\/uploads\/2024\/04\/1400x300-8-jpg.jpg","type":"image\/jpeg"}],"twitter_card":"summary_large_image","twitter_misc":{"Estimated reading time":"2 minutes"},"schema":{"@context":"https:\/\/schema.org","@graph":[{"@type":"WebPage","@id":"https:\/\/invimed.pl\/leczenie-nieplodnosci\/wsparcie","url":"https:\/\/invimed.pl\/leczenie-nieplodnosci\/wsparcie","name":"Support for infertility treatment","isPartOf":{"@id":"https:\/\/invimed.pl\/#website"},"primaryImageOfPage":{"@id":"https:\/\/invimed.pl\/leczenie-nieplodnosci\/wsparcie#primaryimage"},"image":{"@id":"https:\/\/invimed.pl\/leczenie-nieplodnosci\/wsparcie#primaryimage"},"thumbnailUrl":"https:\/\/invimed.pl\/wp-content\/uploads\/2024\/04\/1400x300-8-jpg.jpg","datePublished":"2024-04-11T11:04:52+00:00","dateModified":"2024-07-11T08:08:31+00:00","breadcrumb":{"@id":"https:\/\/invimed.pl\/leczenie-nieplodnosci\/wsparcie#breadcrumb"},"inLanguage":"en-GB","potentialAction":[{"@type":"ReadAction","target":["https:\/\/invimed.pl\/leczenie-nieplodnosci\/wsparcie"]}]},{"@type":"ImageObject","inLanguage":"en-GB","@id":"https:\/\/invimed.pl\/leczenie-nieplodnosci\/wsparcie#primaryimage","url":"https:\/\/invimed.pl\/wp-content\/uploads\/2024\/04\/1400x300-8-jpg.jpg","contentUrl":"https:\/\/invimed.pl\/wp-content\/uploads\/2024\/04\/1400x300-8-jpg.jpg","width":1440,"height":300},{"@type":"BreadcrumbList","@id":"https:\/\/invimed.pl\/leczenie-nieplodnosci\/wsparcie#breadcrumb","itemListElement":[{"@type":"ListItem","position":1,"name":"Strona g\u0142\u00f3wna","item":"https:\/\/invimed.pl\/"},{"@type":"ListItem","position":2,"name":"Wsparcie leczenia niep\u0142odno\u015bci"}]},{"@type":"WebSite","@id":"https:\/\/invimed.pl\/#website","url":"https:\/\/invimed.pl\/","name":"Invimed","description":"Our mission is to create a happy family together","potentialAction":[{"@type":"SearchAction","target":{"@type":"EntryPoint","urlTemplate":"https:\/\/invimed.pl\/?s={search_term_string}"},"query-input":{"@type":"PropertyValueSpecification","valueRequired":true,"valueName":"search_term_string"}}],"inLanguage":"en-GB"}]}},"_links":{"self":[{"href":"https:\/\/invimed.pl\/en\/wp-json\/wp\/v2\/pages\/2473","targetHints":{"allow":["GET"]}}],"collection":[{"href":"https:\/\/invimed.pl\/en\/wp-json\/wp\/v2\/pages"}],"about":[{"href":"https:\/\/invimed.pl\/en\/wp-json\/wp\/v2\/types\/page"}],"author":[{"embeddable":true,"href":"https:\/\/invimed.pl\/en\/wp-json\/wp\/v2\/users\/1"}],"replies":[{"embeddable":true,"href":"https:\/\/invimed.pl\/en\/wp-json\/wp\/v2\/comments?post=2473"}],"version-history":[{"count":17,"href":"https:\/\/invimed.pl\/en\/wp-json\/wp\/v2\/pages\/2473\/revisions"}],"predecessor-version":[{"id":258387,"href":"https:\/\/invimed.pl\/en\/wp-json\/wp\/v2\/pages\/2473\/revisions\/258387"}],"wp:featuredmedia":[{"embeddable":true,"href":"https:\/\/invimed.pl\/en\/wp-json\/wp\/v2\/media\/2476"}],"wp:attachment":[{"href":"https:\/\/invimed.pl\/en\/wp-json\/wp\/v2\/media?parent=2473"}],"curies":[{"name":"wp","href":"https:\/\/api.w.org\/{rel}","templated":true}]}}