{"id":258346,"date":"2024-07-10T15:36:33","date_gmt":"2024-07-10T13:36:33","guid":{"rendered":"https:\/\/invimed.pl\/?page_id=258346"},"modified":"2024-09-11T13:24:15","modified_gmt":"2024-09-11T13:24:15","slug":"chce-zajsc-w-ciaze-2","status":"publish","type":"page","link":"https:\/\/invimed.pl\/en\/nowe-wytyczne-ministerstwa-zdrowia-rzadowy-program-dofinansowania-in-vitro","title":{"rendered":"Ministry of Health has added new guidelines to the government's IVF funding programme"},"content":{"rendered":"<p>The Ministry of Health has addressed additional guidelines to all clinics implementing the health policy programme entitled Treatment of infertility involving medically assisted procreation procedures, including in vitro fertilisation carried out in a medically assisted procreation centre, for the period 2024-2028.<\/p>\n\n\n\n<h2 class=\"wp-block-heading\" id=\"ministerstwo-zdrowia-odpowiedzialo-na-watpliwosci-dotyczace-programu\">The Ministry of Health has responded to concerns about the Programme<\/h2>\n\n\n\n<p>Following the launch of the new Government Programme to reimburse infertility treatment, many doubts and questions arose both among patients and among doctors qualifying couples for the Programme across Poland. The Ministry of Health addressed the implementation in its letter:<\/p>\n\n\n\n<ol class=\"wp-block-list\">\n<li>Preimplantation diagnosis<\/li>\n\n\n\n<li>Applications of frozen ova<\/li>\n<\/ol>\n\n\n\n<p>which are described in detail on the Programme eligibility page.<\/p>\n\n\n\n<div class=\"wp-block-buttons is-content-justification-center is-layout-flex wp-container-core-buttons-is-layout-86e1f5e2 wp-block-buttons-is-layout-flex\">\n<div class=\"wp-block-button\"><a class=\"wp-block-button__link has-text-align-center wp-element-button\" href=\"https:\/\/invimed.pl\/en\/in-vitro\/funding\/\" target=\"_blank\" rel=\"noreferrer noopener\">All qualification information for the programme<\/a><\/div>\n<\/div>","protected":false},"excerpt":{"rendered":"<p>Ministerstwo Zdrowia skierowa\u0142o dodatkowe wytyczne do wszystkich klinik realizuj\u0105cych program polityki zdrowotnej pn. Leczenie niep\u0142odno\u015bci obejmuj\u0105ce procedury medycznie wspomaganej prokreacji, w tym zap\u0142odnienie pozaustrojowe prowadzone w o\u015brodku medycznie wspomaganej prokreacji, na lata 2024-2028. Ministerstwo Zdrowia odpowiedzia\u0142o na w\u0105tpliwo\u015bci dotycz\u0105ce Programu Po starcie nowego Programu rz\u0105dowego refunduj\u0105cego leczenie niep\u0142odno\u015bci pojawi\u0142o si\u0119 wiele w\u0105tpliwo\u015bci i pyta\u0144 zar\u00f3wno [&hellip;]<\/p>\n","protected":false},"author":2,"featured_media":258529,"parent":0,"menu_order":0,"comment_status":"closed","ping_status":"closed","template":"","meta":{"_acf_changed":false,"footnotes":""},"class_list":["post-258346","page","type-page","status-publish","has-post-thumbnail","hentry"],"acf":[],"yoast_head":"<!-- This site is optimized with the Yoast SEO plugin v27.2 - https:\/\/yoast.com\/product\/yoast-seo-wordpress\/ -->\n<title>Ministerstwo Zdrowia doda\u0142o nowe wytyczne do rz\u0105dowego Programu dofinansowania in vitro - Invimed<\/title>\n<meta name=\"description\" content=\"Planujesz ci\u0105\u017c\u0119, chcesz zbada\u0107 swoj\u0105 p\u0142odno\u015b\u0107 czy rozwa\u017casz skorzystanie z technik wspomaganego rozrodu takich jak inseminacja lub in vitro? W klinice InviMed mo\u017cesz liczy\u0107 na profesjonaln\u0105 pomoc w r\u00f3\u017cnych sytuacjach.\" \/>\n<meta name=\"robots\" content=\"index, follow, max-snippet:-1, max-image-preview:large, max-video-preview:-1\" \/>\n<meta property=\"og:locale\" content=\"en_GB\" \/>\n<meta property=\"og:type\" content=\"article\" \/>\n<meta property=\"og:title\" content=\"Ministerstwo Zdrowia doda\u0142o nowe wytyczne do rz\u0105dowego Programu dofinansowania in vitro - Invimed\" \/>\n<meta property=\"og:description\" content=\"Planujesz ci\u0105\u017c\u0119, chcesz zbada\u0107 swoj\u0105 p\u0142odno\u015b\u0107 czy rozwa\u017casz skorzystanie z technik wspomaganego rozrodu takich jak inseminacja lub in vitro? W klinice InviMed mo\u017cesz liczy\u0107 na profesjonaln\u0105 pomoc w r\u00f3\u017cnych sytuacjach.\" \/>\n<meta property=\"og:url\" content=\"https:\/\/invimed.pl\/en\/new-guidelines-from-the-ministry-of-health-government-in-vitro-funding-programme\/\" \/>\n<meta property=\"og:site_name\" content=\"Invimed\" \/>\n<meta property=\"article:modified_time\" content=\"2024-09-11T13:24:15+00:00\" \/>\n<meta property=\"og:image\" content=\"https:\/\/invimed.pl\/wp-content\/uploads\/2024\/07\/412x252-MZ-004.jpg\" \/>\n\t<meta property=\"og:image:width\" content=\"412\" \/>\n\t<meta property=\"og:image:height\" content=\"252\" \/>\n\t<meta property=\"og:image:type\" content=\"image\/jpeg\" \/>\n<meta name=\"twitter:card\" content=\"summary_large_image\" \/>\n<meta name=\"twitter:label1\" content=\"Estimated reading time\" \/>\n\t<meta name=\"twitter:data1\" content=\"1 minute\" \/>\n<!-- \/ Yoast SEO plugin. -->","yoast_head_json":{"title":"Ministry of Health adds new guidelines to government's IVF funding programme - Invimed","description":"Are you planning a pregnancy, want to test your fertility or considering assisted reproduction techniques such as insemination or IVF? At the InviMed clinic you can count on professional help in a variety of situations.","robots":{"index":"index","follow":"follow","max-snippet":"max-snippet:-1","max-image-preview":"max-image-preview:large","max-video-preview":"max-video-preview:-1"},"og_locale":"en_GB","og_type":"article","og_title":"Ministerstwo Zdrowia doda\u0142o nowe wytyczne do rz\u0105dowego Programu dofinansowania in vitro - Invimed","og_description":"Planujesz ci\u0105\u017c\u0119, chcesz zbada\u0107 swoj\u0105 p\u0142odno\u015b\u0107 czy rozwa\u017casz skorzystanie z technik wspomaganego rozrodu takich jak inseminacja lub in vitro? W klinice InviMed mo\u017cesz liczy\u0107 na profesjonaln\u0105 pomoc w r\u00f3\u017cnych sytuacjach.","og_url":"https:\/\/invimed.pl\/en\/new-guidelines-from-the-ministry-of-health-government-in-vitro-funding-programme\/","og_site_name":"Invimed","article_modified_time":"2024-09-11T13:24:15+00:00","og_image":[{"width":412,"height":252,"url":"https:\/\/invimed.pl\/wp-content\/uploads\/2024\/07\/412x252-MZ-004.jpg","type":"image\/jpeg"}],"twitter_card":"summary_large_image","twitter_misc":{"Estimated reading time":"1 minute"},"schema":{"@context":"https:\/\/schema.org","@graph":[{"@type":"WebPage","@id":"https:\/\/invimed.pl\/nowe-wytyczne-ministerstwa-zdrowia-rzadowy-program-dofinansowania-in-vitro","url":"https:\/\/invimed.pl\/nowe-wytyczne-ministerstwa-zdrowia-rzadowy-program-dofinansowania-in-vitro","name":"Ministry of Health adds new guidelines to government's IVF funding programme - Invimed","isPartOf":{"@id":"https:\/\/invimed.pl\/#website"},"primaryImageOfPage":{"@id":"https:\/\/invimed.pl\/nowe-wytyczne-ministerstwa-zdrowia-rzadowy-program-dofinansowania-in-vitro#primaryimage"},"image":{"@id":"https:\/\/invimed.pl\/nowe-wytyczne-ministerstwa-zdrowia-rzadowy-program-dofinansowania-in-vitro#primaryimage"},"thumbnailUrl":"https:\/\/invimed.pl\/wp-content\/uploads\/2024\/07\/412x252-MZ-004.jpg","datePublished":"2024-07-10T13:36:33+00:00","dateModified":"2024-09-11T13:24:15+00:00","description":"Are you planning a pregnancy, want to test your fertility or considering assisted reproduction techniques such as insemination or IVF? At the InviMed clinic you can count on professional help in a variety of situations.","breadcrumb":{"@id":"https:\/\/invimed.pl\/nowe-wytyczne-ministerstwa-zdrowia-rzadowy-program-dofinansowania-in-vitro#breadcrumb"},"inLanguage":"en-GB","potentialAction":[{"@type":"ReadAction","target":["https:\/\/invimed.pl\/nowe-wytyczne-ministerstwa-zdrowia-rzadowy-program-dofinansowania-in-vitro"]}]},{"@type":"ImageObject","inLanguage":"en-GB","@id":"https:\/\/invimed.pl\/nowe-wytyczne-ministerstwa-zdrowia-rzadowy-program-dofinansowania-in-vitro#primaryimage","url":"https:\/\/invimed.pl\/wp-content\/uploads\/2024\/07\/412x252-MZ-004.jpg","contentUrl":"https:\/\/invimed.pl\/wp-content\/uploads\/2024\/07\/412x252-MZ-004.jpg","width":412,"height":252},{"@type":"BreadcrumbList","@id":"https:\/\/invimed.pl\/nowe-wytyczne-ministerstwa-zdrowia-rzadowy-program-dofinansowania-in-vitro#breadcrumb","itemListElement":[{"@type":"ListItem","position":1,"name":"Strona g\u0142\u00f3wna","item":"https:\/\/invimed.pl\/"},{"@type":"ListItem","position":2,"name":"Ministerstwo Zdrowia doda\u0142o nowe wytyczne do rz\u0105dowego Programu dofinansowania in vitro"}]},{"@type":"WebSite","@id":"https:\/\/invimed.pl\/#website","url":"https:\/\/invimed.pl\/","name":"Invimed","description":"Our mission is to create a happy family together","potentialAction":[{"@type":"SearchAction","target":{"@type":"EntryPoint","urlTemplate":"https:\/\/invimed.pl\/?s={search_term_string}"},"query-input":{"@type":"PropertyValueSpecification","valueRequired":true,"valueName":"search_term_string"}}],"inLanguage":"en-GB"}]}},"_links":{"self":[{"href":"https:\/\/invimed.pl\/en\/wp-json\/wp\/v2\/pages\/258346","targetHints":{"allow":["GET"]}}],"collection":[{"href":"https:\/\/invimed.pl\/en\/wp-json\/wp\/v2\/pages"}],"about":[{"href":"https:\/\/invimed.pl\/en\/wp-json\/wp\/v2\/types\/page"}],"author":[{"embeddable":true,"href":"https:\/\/invimed.pl\/en\/wp-json\/wp\/v2\/users\/2"}],"replies":[{"embeddable":true,"href":"https:\/\/invimed.pl\/en\/wp-json\/wp\/v2\/comments?post=258346"}],"version-history":[{"count":3,"href":"https:\/\/invimed.pl\/en\/wp-json\/wp\/v2\/pages\/258346\/revisions"}],"predecessor-version":[{"id":258350,"href":"https:\/\/invimed.pl\/en\/wp-json\/wp\/v2\/pages\/258346\/revisions\/258350"}],"wp:featuredmedia":[{"embeddable":true,"href":"https:\/\/invimed.pl\/en\/wp-json\/wp\/v2\/media\/258529"}],"wp:attachment":[{"href":"https:\/\/invimed.pl\/en\/wp-json\/wp\/v2\/media?parent=258346"}],"curies":[{"name":"wp","href":"https:\/\/api.w.org\/{rel}","templated":true}]}}