{"id":258630,"date":"2024-07-19T11:24:34","date_gmt":"2024-07-19T09:24:34","guid":{"rendered":"https:\/\/invimed.pl\/?page_id=258630"},"modified":"2025-11-26T09:40:32","modified_gmt":"2025-11-26T09:40:32","slug":"premature-cessation-of-ovarian-function-pof-poi","status":"publish","type":"page","link":"https:\/\/invimed.pl\/en\/przyczyny-nieplodnosci\/pof-poi","title":{"rendered":"Causes of infertility - premature ovarian failure (POF\/POI)"},"content":{"rendered":"<p><strong>Premature extinction of ovarian function is a condition diagnosed in approximately 12% patients of infertility clinics. It usually occurs in women aged 23-40 years.<\/strong><\/p>\n\n\n\n<h2 class=\"wp-block-heading\" id=\"jak-wykryc-przedwczesne-wygasanie-czynnosci-jajnikow\">How to detect premature expiration of ovarian function?<\/h2>\n\n\n\n<p>Premature cessation of ovarian function can be evidenced by menstrual cycle disorders such as excessively long cycles or irregular periods. On ultrasound examination, the condition manifests as a low number of ovarian follicles and reduced ovarian volume.&nbsp;<\/p>\n\n\n\n<p>Laboratory tests detect a decrease in the AMH hormone level in the blood, followed by a decrease in Inhibin B and - finally - an increase in follicutropic hormone (FSH) and a decrease in oestradiol.<\/p>\n\n\n\n<figure class=\"wp-block-embed is-type-video is-provider-youtube wp-block-embed-youtube wp-embed-aspect-16-9 wp-has-aspect-ratio\"><div class=\"wp-block-embed__wrapper\">\n<iframe loading=\"lazy\" title=\"Premature menopause - symptoms and treatment\" width=\"500\" height=\"281\" src=\"https:\/\/www.youtube.com\/embed\/wZetgWS8Wd8?feature=oembed\" frameborder=\"0\" allow=\"accelerometer; autoplay; clipboard-write; encrypted-media; gyroscope; picture-in-picture; web-share\" referrerpolicy=\"strict-origin-when-cross-origin\" allowfullscreen><\/iframe>\n<\/div><figcaption class=\"wp-element-caption\">Premature menopause<\/figcaption><\/figure>\n\n\n\n<h2 class=\"wp-block-heading\" id=\"przyczyny-przedwczesnego-wygasania-czynnosci-jajnikow\">Causes of premature extinction of ovarian function.<\/h2>\n\n\n\n<p>Premature cessation of ovarian function may follow radiotherapy or chemotherapy as part of anticancer treatment. Surgery on the adnexa, carried out due to the presence of cysts or tumours, can also contribute to damage to the ovaries. If the cause of premature ovarian expiration is different, the doctor will order a karyotype and FRAX test to exclude a genetic factor. The next step is to start treatment appropriate to the patient's age and the degree of ovarian function limitation.<\/p>\n\n\n\n<h2 class=\"wp-block-heading\" id=\"jakie-sa-mozliwosci-leczenia\">What are the treatment options?<\/h2>\n\n\n\n<p>In young patients with clear fallopian tubes and even a slight ovarian response to stimulation, stimulated cycles are carried out. The partner's semen should have normal parameters. The cumulative treatment success rate with stimulation protocols does not exceed 25% in this case. Lack of pregnancy after 6 stimulated cycles may be an indication for in vitro fertilisation.<\/p>\n\n\n\n<p>Patients over the age of 35 or with a severely limited ovarian reserve (AMH concentration below 0.25) should first take advantage of the attempt to collect ova for IVF. The stimulation of ovarian function is usually non-standard in their case, and the stimulation protocols used are combined with so-called priming, i.e. cycle preparation (here estrogens and androgens such as testosterone and DHEA are helpful).<\/p>\n\n\n\n<p>As the statistics show, there are unsuccessful attempts to retrieve normal oocytes or obtain embryos in approximately 35% cycles. Per single transfer, the treatment success rate is approximately 16%. When there is no chance of successful stimulation, and when in vitro fertilisation is unsuccessful, the couple can proceed with an oocyte adoption programme.<\/p>","protected":false},"excerpt":{"rendered":"<p>Przedwczesne wygasanie czynno\u015bci jajnik\u00f3w to schorzenie diagnozowane u oko\u0142o 12% pacjentek klinik leczenia niep\u0142odno\u015bci. Zwykle wyst\u0119puje u kobiet w wieku 23-40 lat. Jak wykry\u0107 przedwczesne wygasanie czynno\u015bci jajnik\u00f3w? O przedwczesnym wygasaniu czynno\u015bci jajnik\u00f3w mog\u0105 \u015bwiadczy\u0107 zaburzenia cyklu miesi\u0105czkowego, takie jak zbyt d\u0142ugie cykle lub nieregularne miesi\u0105czki. W badaniu USG schorzenie przejawia si\u0119 ma\u0142\u0105 liczb\u0105 p\u0119cherzyk\u00f3w [&hellip;]<\/p>\n","protected":false},"author":2,"featured_media":0,"parent":68,"menu_order":0,"comment_status":"closed","ping_status":"closed","template":"","meta":{"_acf_changed":false,"footnotes":""},"class_list":["post-258630","page","type-page","status-publish","hentry"],"acf":[],"yoast_head":"<!-- This site is optimized with the Yoast SEO plugin v27.2 - https:\/\/yoast.com\/product\/yoast-seo-wordpress\/ -->\n<title>Przedwczesne wygasanie czynno\u015bci jajnik\u00f3w Przyczyny niep\u0142odno\u015bci - przedwczesne wygasanie czynno\u015bci jajnik\u00f3w (POF\/POI) - Invimed<\/title>\n<meta name=\"robots\" content=\"index, follow, max-snippet:-1, max-image-preview:large, max-video-preview:-1\" \/>\n<meta property=\"og:locale\" content=\"en_GB\" \/>\n<meta property=\"og:type\" content=\"article\" \/>\n<meta property=\"og:title\" content=\"Przedwczesne wygasanie czynno\u015bci jajnik\u00f3w Przyczyny niep\u0142odno\u015bci - przedwczesne wygasanie czynno\u015bci jajnik\u00f3w (POF\/POI) - Invimed\" \/>\n<meta property=\"og:description\" content=\"Przedwczesne wygasanie czynno\u015bci jajnik\u00f3w to schorzenie diagnozowane u oko\u0142o 12% pacjentek klinik leczenia niep\u0142odno\u015bci. Zwykle wyst\u0119puje u kobiet w wieku 23-40 lat. Jak wykry\u0107 przedwczesne wygasanie czynno\u015bci jajnik\u00f3w? O przedwczesnym wygasaniu czynno\u015bci jajnik\u00f3w mog\u0105 \u015bwiadczy\u0107 zaburzenia cyklu miesi\u0105czkowego, takie jak zbyt d\u0142ugie cykle lub nieregularne miesi\u0105czki. W badaniu USG schorzenie przejawia si\u0119 ma\u0142\u0105 liczb\u0105 p\u0119cherzyk\u00f3w [&hellip;]\" \/>\n<meta property=\"og:url\" content=\"https:\/\/invimed.pl\/en\/causes-of-infertility\/pof-poi\/\" \/>\n<meta property=\"og:site_name\" content=\"Invimed\" \/>\n<meta property=\"article:modified_time\" content=\"2025-11-26T09:40:32+00:00\" \/>\n<meta name=\"twitter:card\" content=\"summary_large_image\" \/>\n<meta name=\"twitter:label1\" content=\"Estimated reading time\" \/>\n\t<meta name=\"twitter:data1\" content=\"2 minutes\" \/>\n<!-- \/ Yoast SEO plugin. -->","yoast_head_json":{"title":"Premature expiry of ovarian function Causes of infertility - premature expiry of ovarian function (POF\/POI) - Invimed","robots":{"index":"index","follow":"follow","max-snippet":"max-snippet:-1","max-image-preview":"max-image-preview:large","max-video-preview":"max-video-preview:-1"},"og_locale":"en_GB","og_type":"article","og_title":"Przedwczesne wygasanie czynno\u015bci jajnik\u00f3w Przyczyny niep\u0142odno\u015bci - przedwczesne wygasanie czynno\u015bci jajnik\u00f3w (POF\/POI) - Invimed","og_description":"Przedwczesne wygasanie czynno\u015bci jajnik\u00f3w to schorzenie diagnozowane u oko\u0142o 12% pacjentek klinik leczenia niep\u0142odno\u015bci. Zwykle wyst\u0119puje u kobiet w wieku 23-40 lat. Jak wykry\u0107 przedwczesne wygasanie czynno\u015bci jajnik\u00f3w? O przedwczesnym wygasaniu czynno\u015bci jajnik\u00f3w mog\u0105 \u015bwiadczy\u0107 zaburzenia cyklu miesi\u0105czkowego, takie jak zbyt d\u0142ugie cykle lub nieregularne miesi\u0105czki. W badaniu USG schorzenie przejawia si\u0119 ma\u0142\u0105 liczb\u0105 p\u0119cherzyk\u00f3w [&hellip;]","og_url":"https:\/\/invimed.pl\/en\/causes-of-infertility\/pof-poi\/","og_site_name":"Invimed","article_modified_time":"2025-11-26T09:40:32+00:00","twitter_card":"summary_large_image","twitter_misc":{"Estimated reading time":"2 minutes"},"schema":{"@context":"https:\/\/schema.org","@graph":[{"@type":"WebPage","@id":"https:\/\/invimed.pl\/przyczyny-nieplodnosci\/pof-poi","url":"https:\/\/invimed.pl\/przyczyny-nieplodnosci\/pof-poi","name":"Premature expiry of ovarian function Causes of infertility - premature expiry of ovarian function (POF\/POI) - Invimed","isPartOf":{"@id":"https:\/\/invimed.pl\/#website"},"datePublished":"2024-07-19T09:24:34+00:00","dateModified":"2025-11-26T09:40:32+00:00","breadcrumb":{"@id":"https:\/\/invimed.pl\/przyczyny-nieplodnosci\/pof-poi#breadcrumb"},"inLanguage":"en-GB","potentialAction":[{"@type":"ReadAction","target":["https:\/\/invimed.pl\/przyczyny-nieplodnosci\/pof-poi"]}]},{"@type":"BreadcrumbList","@id":"https:\/\/invimed.pl\/przyczyny-nieplodnosci\/pof-poi#breadcrumb","itemListElement":[{"@type":"ListItem","position":1,"name":"Strona g\u0142\u00f3wna","item":"https:\/\/invimed.pl\/"},{"@type":"ListItem","position":2,"name":"Przyczyny niep\u0142odno\u015bci","item":"https:\/\/invimed.pl\/przyczyny-nieplodnosci"},{"@type":"ListItem","position":3,"name":"Przyczyny niep\u0142odno\u015bci &#8211; przedwczesne wygasanie czynno\u015bci jajnik\u00f3w (POF\/POI)"}]},{"@type":"WebSite","@id":"https:\/\/invimed.pl\/#website","url":"https:\/\/invimed.pl\/","name":"Invimed","description":"Our mission is to create a happy family together","potentialAction":[{"@type":"SearchAction","target":{"@type":"EntryPoint","urlTemplate":"https:\/\/invimed.pl\/?s={search_term_string}"},"query-input":{"@type":"PropertyValueSpecification","valueRequired":true,"valueName":"search_term_string"}}],"inLanguage":"en-GB"}]}},"_links":{"self":[{"href":"https:\/\/invimed.pl\/en\/wp-json\/wp\/v2\/pages\/258630","targetHints":{"allow":["GET"]}}],"collection":[{"href":"https:\/\/invimed.pl\/en\/wp-json\/wp\/v2\/pages"}],"about":[{"href":"https:\/\/invimed.pl\/en\/wp-json\/wp\/v2\/types\/page"}],"author":[{"embeddable":true,"href":"https:\/\/invimed.pl\/en\/wp-json\/wp\/v2\/users\/2"}],"replies":[{"embeddable":true,"href":"https:\/\/invimed.pl\/en\/wp-json\/wp\/v2\/comments?post=258630"}],"version-history":[{"count":1,"href":"https:\/\/invimed.pl\/en\/wp-json\/wp\/v2\/pages\/258630\/revisions"}],"predecessor-version":[{"id":258634,"href":"https:\/\/invimed.pl\/en\/wp-json\/wp\/v2\/pages\/258630\/revisions\/258634"}],"up":[{"embeddable":true,"href":"https:\/\/invimed.pl\/en\/wp-json\/wp\/v2\/pages\/68"}],"wp:attachment":[{"href":"https:\/\/invimed.pl\/en\/wp-json\/wp\/v2\/media?parent=258630"}],"curies":[{"name":"wp","href":"https:\/\/api.w.org\/{rel}","templated":true}]}}