{"id":262660,"date":"2024-10-31T16:34:56","date_gmt":"2024-10-31T16:34:56","guid":{"rendered":"https:\/\/invimed.pl\/?page_id=262660"},"modified":"2024-10-31T16:48:59","modified_gmt":"2024-10-31T16:48:59","slug":"hbs-antigen-test","status":"publish","type":"page","link":"https:\/\/invimed.pl\/en\/badania\/badanie-antygenu-hbs","title":{"rendered":"HBs antigen testing"},"content":{"rendered":"\n<h1 class=\"wp-block-heading has-small-font-size\"><strong>Antygen HBs to wska\u017anik diagnostyczny, kt<\/strong><strong>\u00f3rego oznaczenie umo\u017cliwia wykrycie wirusa zapalenia w\u0105troby typu B. Badanie to jest <u>wykonywane w celu<\/u> rozpoznania infekcji wirusem WZW B oraz do monitorowania przebiegu choroby.<\/strong><strong>Kiedy warto wykona\u0107 badanie?<\/strong><\/h1>\n\n\n\n<h2 class=\"wp-block-heading\" id=\"antygen-hbs-%e2%80%93-co-to-jest\">Antygen HBs \u2013 co to jest?<\/h2>\n\n\n\n<p>HBs antygen<a href=\"#_ftn1\" id=\"_ftnref1\"><sup>[1]<\/sup><\/a> to rodzaj specyficznego bia\u0142ka, kt\u00f3re znajduje si\u0119 na powierzchni <strong>wirusa HBV<\/strong>. Obecno\u015b\u0107 tego bia\u0142ka w pr\u00f3bce krwi poddanej badaniu stanowi tzw. <strong>marker wirusowego zapalenia w\u0105troby<\/strong>, czyli wska\u017anik oznaczaj\u0105cy trwaj\u0105c\u0105 infekcj\u0119 WZW typu B.<\/p>\n\n\n\n<p>Warto wiedzie\u0107, \u017ce antygen HBs pojawia si\u0119 w przedziale 6 do 16 tygodni od infekcji, na d\u0142ugo zanim rozwin\u0105 si\u0119 widoczne objawy trwaj\u0105cego zaka\u017cenia.<\/p>\n\n\n\n<h2 class=\"wp-block-heading\" id=\"co-musisz-wiedziec-o-wzw-b\">Co musisz wiedzie\u0107 o WZW B?<\/h2>\n\n\n\n<p><strong>WZW B, czyli wirusowe zapalenie w\u0105troby typu B<\/strong>, to choroba wywo\u0142ywana przez wirusa HBV, wyst\u0119puj\u0105ca powszechnie na ca\u0142ym \u015bwiecie. Ostra infekcja ma najcz\u0119\u015bciej bezobjawowy przebieg. Jedynie w niekt\u00f3rych przypadkach daje tak oczywiste objawy jak za\u017c\u00f3\u0142cenie pow\u0142ok sk\u00f3rnych. Przechodz\u0105c w faz\u0119 przewlek\u0142\u0105, mo\u017ce prowadzi\u0107 do post\u0119puj\u0105cego niszczenia mi\u0105\u017cszu w\u0105troby, co mo\u017ce skutkowa\u0107 jej marsko\u015bci\u0105 lub rakiem w\u0105trobowokom\u00f3rkowym<a href=\"#_ftn1\" id=\"_ftnref1\"><sup>[1]<\/sup><\/a>.<\/p>\n\n\n\n<p><strong>W przypadkach, w kt\u00f3rych infekcja manifestuje objawy, mog\u0105 one by\u0107 zupe\u0142nie nieoczywiste, tj.<\/strong><a id=\"_ftnref2\" href=\"#_ftn2\"><sup>[2]<\/sup><\/a>:<\/p>\n\n\n\n<ul class=\"wp-block-list\">\n<li>wzmo\u017cona m\u0119czliwo\u015b\u0107,<\/li>\n\n\n\n<li>nudno\u015bci i wymioty,<\/li>\n\n\n\n<li>b\u00f3le brzucha,<\/li>\n\n\n\n<li>b\u00f3le stawowo-mi\u0119\u015bniowe,<\/li>\n\n\n\n<li>og\u00f3lne pogorszenie samopoczucia.<\/li>\n<\/ul>\n\n\n\n<p><strong>W niekt\u00f3rych przypadkach WZW typu B daje oczywiste, \u0142atwe do rozpoznania sygna\u0142y, do kt\u00f3rych nale\u017c\u0105:<\/strong><\/p>\n\n\n\n<ul class=\"wp-block-list\">\n<li>za\u017c\u00f3\u0142cenie pow\u0142ok sk\u00f3rnych lub bia\u0142ek oczu,<\/li>\n\n\n\n<li>jasny, odbarwiony stolec,<\/li>\n\n\n\n<li>bardzo ciemny (br\u0105zowy, czasem prawie czarny) mocz,<\/li>\n\n\n\n<li>uporczywy \u015bwi\u0105d sk\u00f3ry.<\/li>\n<\/ul>\n\n\n\n<p>W przebiegu zaka\u017cenia wirusem HBV w badaniach morfologicznych krwi zauwa\u017calny b\u0119dzie znaczny <strong>wzrost bilirubiny i aminotransferaz w osoczu<\/strong>.<\/p>\n\n\n\n<p>Do zaka\u017cenia wirusem HBV dochodzi <strong>na skutek kontaktu z krwi\u0105<\/strong> \u2013 zar\u00f3wno kontaktu bezpo\u015bredniego, jak i poprzez zanieczyszczone krwi\u0105 narz\u0119dzia chirurgiczne lub ig\u0142y oraz w trakcie stosunku p\u0142ciowego z osob\u0105 chor\u0105. Wirus mo\u017ce r\u00f3wnie\u017c zosta\u0107 przeniesiony z matki na dziecko w trakcie porodu.<\/p>\n\n\n\n<h2 class=\"wp-block-heading\" id=\"kiedy-warto-wykonac-oznaczenie-antygenu-hbs\"><a><\/a>Kiedy warto wykona\u0107 oznaczenie antygenu HBs?<\/h2>\n\n\n\n<p>W Polsce od ponad 30 lat w ramach prewencji WZW typu B szczepionka przeciwko wirusowi jest jednym z obowi\u0105zkowych szczepie\u0144 noworodk\u00f3w. <strong>Badania na oznaczanie antygenu HBs wykonuje si\u0119 najcz\u0119\u015bciej<\/strong><a href=\"#_ftn3\" id=\"_ftnref3\"><sup>[3]<\/sup><\/a>:<\/p>\n\n\n\n<ul class=\"wp-block-list\">\n<li>u kobiet ci\u0119\u017carnych,<\/li>\n\n\n\n<li>przed procedurami wspomaganego rozrodu (<a href=\"https:\/\/invimed.pl\/badania-badania-przed-in-vitro\">in vitro<\/a> i <a href=\"https:\/\/invimed.pl\/badania\/badania-przed-inseminacja\">inseminacj\u0105<\/a>),<\/li>\n\n\n\n<li>u os\u00f3b, kt\u00f3re chc\u0105 odda\u0107 krew, szpik lub narz\u0105dy,<\/li>\n\n\n\n<li>w grupach podwy\u017cszonego ryzyka (tj. zawody medyczne, kosmetyczne itp.),<\/li>\n\n\n\n<li>dla prawid\u0142owego monitorowania wdro\u017conego leczenia przeciwwirusowego,<\/li>\n\n\n\n<li>w celu diagnozy zapalenia w\u0105troby typu B u os\u00f3b wykazuj\u0105cych objawy zaka\u017cenia.<\/li>\n<\/ul>\n\n\n\n<p>Dla kobiet ci\u0119\u017carnych lub przygotowuj\u0105cych si\u0119 do macierzy\u0144stwa istotna jest wiedza o ewentualnym wyst\u0119powaniu zaka\u017cenia wirusem HBV ze wzgl\u0119du na mo\u017cliwo\u015b\u0107 wertykalnej transmisji wirusa z organizmu matki na dziecko w trakcie porodu.<\/p>\n\n\n\n<p>W przypadku dodatniego wyniku <strong>badania na antygen HBs w ci\u0105\u017cy <\/strong>noworodek zaka\u017conej matki natychmiast po narodzinach otrzymuje immunoglobuliny oraz szczepienie przeciwko wirusowi HBV<a href=\"#_ftn4\" id=\"_ftnref4\"><sup>[4]<\/sup><\/a><a href=\"#_ftn5\" id=\"_ftnref5\"><sup>[5]<\/sup><\/a>.<\/p>\n\n\n\n<h2 class=\"wp-block-heading\" id=\"jak-przygotowac-sie-do-badania-hbs\"><a><\/a>Jak przygotowa\u0107 si\u0119 do badania HBs?<\/h2>\n\n\n\n<p>Badanie HBs jest wykonywane na podstawie pobranej pr\u00f3bki krwi \u017cylnej. Je\u015bli jest to jedyne wykonywane badanie lub przeprowadzane s\u0105 tylko badania na obecno\u015b\u0107 przeciwcia\u0142 (np. podczas wykonywania <a href=\"https:\/\/www.invimed.pl\/badania-na-obecnosc-wirusow-i-chorob-zakaznych\">wirusowego panelu ci\u0105\u017cowego<\/a>),<strong> nie trzeba si\u0119 do niego specjalnie przygotowywa\u0107<\/strong>.<\/p>\n\n\n\n<p>W przypadku, gdy badanie jest \u0142\u0105czone z innymi testami wymagaj\u0105cymi specjalnych zabieg\u00f3w przed pobraniem krwi (np. bycia na czczo), w\u00f3wczas nale\u017cy przygotowa\u0107 si\u0119 tak, jak do pozosta\u0142ych bada\u0144.<\/p>\n\n\n\n<h2 class=\"wp-block-heading\" id=\"antygen-hbs-%e2%80%93-interpretacja-wynikow\"><a><\/a>Antygen HBs \u2013 interpretacja wynik\u00f3w<\/h2>\n\n\n\n<p>W przypadku testu antygenu HBs na wynik nie czeka si\u0119 d\u0142ugo \u2013 zwykle jest on dost\u0119pny ju\u017c nast\u0119pnego dnia. Badanie to jest testem jako\u015bciowym, co oznacza, \u017ce okre\u015bla si\u0119 obecno\u015b\u0107 antygenu HBs lub jego brak. Mo\u017ce wi\u0119c wskazywa\u0107 na 2 rezultaty<a href=\"#_ftn6\" id=\"_ftnref6\"><sup>[6]<\/sup><\/a>:<\/p>\n\n\n\n<ul class=\"wp-block-list\">\n<li><strong>antygen HBs niereaktywny (ujemny)<\/strong> \u2013 co oznacza brak bia\u0142ka wirusa w pr\u00f3bce i tym samym brak zaka\u017cenia,<\/li>\n\n\n\n<li><strong>antygen HBs reaktywny (dodatni)<\/strong> \u2013 wskazuj\u0105cy na wykrycie w pobranej krwi antygenu.<\/li>\n<\/ul>\n\n\n\n<p>Uzyskanie dodatniego wyniku badania wymaga pilnej konsultacji z lekarzem. Trzeba r\u00f3wnie\u017c zwr\u00f3ci\u0107 uwag\u0119 na fakt, \u017ce <strong>wynik fa\u0142szywie dodatni<\/strong> mo\u017ce si\u0119 zdarzy\u0107 u kobiet w ci\u0105\u017cy oraz w przypadku nieprawid\u0142owego przygotowania pr\u00f3bki krwi do badania. Dlatego lekarz mo\u017ce zleci\u0107 ponowne badania.<\/p>\n\n\n\n<p>Tak\u017ce w przypadku wyniku ujemnego mo\u017ce si\u0119 zdarzy\u0107, \u017ce jest on nieprawdziwy. Dzieje si\u0119 tak w niekt\u00f3rych rzadkich mutacjach wirusa HBV, kt\u00f3re sprawiaj\u0105, \u017ce potrzebne dla prawid\u0142owej reakcji serologicznej determinanty antygenowe HBs s\u0105 nieobecne, przez co nie zachodzi reakcja i test wygl\u0105da na negatywny. R\u00f3wnie\u017c obecno\u015b\u0107 przeciwcia\u0142 heterotrofilnych mo\u017ce dawa\u0107 <strong>wynik fa\u0142szywie ujemny<\/strong>.<\/p>\n\n\n\n<p>Dlatego zw\u0142aszcza przy wyst\u0119puj\u0105cych objawach WZW typu B, pomimo negatywnego rezultatu nale\u017cy zwr\u00f3ci\u0107 si\u0119 do lekarza prowadz\u0105cego w celu dalszej diagnostyki<a href=\"#_ftn7\" id=\"_ftnref7\"><sup>[7]<\/sup><\/a>.<\/p>\n\n\n\n<h2 class=\"wp-block-heading\" id=\"hbs-antygen-%e2%80%93-cena-badania\"><a><\/a>HBs antygen \u2013 cena badania<\/h2>\n\n\n\n<p><a href=\"https:\/\/www.invimed.pl\/cennik\/invimed-warszawa-mokotow\">Koszt bada\u0144 laboratoryjnych<\/a> jest uzale\u017cniony od wybranej plac\u00f3wki i miejsca, w jakim si\u0119 znajduje. W klinikach InviMed przyk\u0142adowa cena badania na HBs antygen wynosi:<\/p>\n\n\n\n<ul class=\"wp-block-list\">\n<li>Warszawa Mokot\u00f3w \u2013 58 z\u0142,<\/li>\n\n\n\n<li>Katowice \u2013 50 z\u0142,<\/li>\n\n\n\n<li>Gdynia \u2013 50 z\u0142.<\/li>\n<\/ul>\n\n\n\n<p><strong>Bibliografia:<\/strong><\/p>\n\n\n\n<ol start=\"1\" class=\"wp-block-list\">\n<li>LADA, Olivier, BENHAMOU, Yves, POYNARD, Thierry, et al. Coexistence of hepatitis B surface antigen (HBs Ag) and anti-HBs antibodies in chronic hepatitis B virus carriers: influence of \u201ca\u201d determinant variants. Journal of virology, 2006, vol. 80, no 6, p. 2968-2975.<\/li>\n\n\n\n<li>HEMODIALIZ, W. WIELKOPOLSKICH STACJACH. &#8222;ZAKA\u017bENIA WIRUSEM ZAPALENIA W\u0104TROBY TYPU B.&#8221; PRZEGL EPIDEMIOL 62 (2008): 29-37.<\/li>\n\n\n\n<li>LAU, George KK, SURI, Deepak, LIANG, Raymond, et al. Resolution of chronic hepatitis B and anti-HBs seroconversion in humans by adoptive transfer of immunity to hepatitis B core antigen. Gastroenterology, 2002, vol. 122, no 3, p. 614-624.<\/li>\n\n\n\n<li>SIKORA, AGNIESZKA, SIKORA-FUTYMA, A. N. N. A., et LASKOWSKA, MARZENA. BADANIA MIKROBIOLOGICZNE U KOBIET CI\u0118\u017bARNYCH-STANDARDY POST\u0118POWANIA. In : Forum Zaka\u017ce\u0144. 2020.<\/li>\n\n\n\n<li>FLISIAK, Robert, HALOTA, Waldemar, JAROSZEWICZ, Jerzy, et al. Zalecenia Polskiej Grupy Ekspert\u00f3w HBV dotycz\u0105ce leczenia przewlek\u0142ego wirusowego zapalenia w\u0105troby typu B w 2018 roku. Hepatologia, 2018, vol. 18, p. 10-21.<\/li>\n\n\n\n<li>KLAMANN, Janusz et SMIATACZ, Tomasz. Diagnostyka wirusowych zapale\u0144 w\u0105troby w praktyce lekarza pierwszego kontaktu. In : Forum Medycyny Rodzinnej. 2016. p. 66-72.<\/li>\n<\/ol>\n\n\n\n<p><\/p>\n","protected":false},"excerpt":{"rendered":"<p>Antygen HBs to wska\u017anik diagnostyczny, kt\u00f3rego oznaczenie umo\u017cliwia wykrycie wirusa zapalenia w\u0105troby typu B. Badanie to jest wykonywane w celu rozpoznania infekcji wirusem WZW B oraz do monitorowania przebiegu choroby.Kiedy warto wykona\u0107 badanie? Antygen HBs \u2013 co to jest? HBs antygen[1] to rodzaj specyficznego bia\u0142ka, kt\u00f3re znajduje si\u0119 na powierzchni wirusa HBV. Obecno\u015b\u0107 tego bia\u0142ka [&hellip;]<\/p>\n","protected":false},"author":2,"featured_media":262664,"parent":847,"menu_order":0,"comment_status":"closed","ping_status":"closed","template":"","meta":{"_acf_changed":false,"footnotes":""},"class_list":["post-262660","page","type-page","status-publish","has-post-thumbnail","hentry"],"acf":[],"yoast_head":"<!-- This site is optimized with the Yoast SEO plugin v27.2 - https:\/\/yoast.com\/product\/yoast-seo-wordpress\/ -->\n<title>HBS antygen badanie | Invimed<\/title>\n<meta name=\"description\" content=\"Sprawd\u017a cen\u0119 badania HBs. Antygen HBs - normy wskazania, przygotowanie.\" \/>\n<meta name=\"robots\" content=\"index, follow, max-snippet:-1, max-image-preview:large, max-video-preview:-1\" \/>\n<meta property=\"og:locale\" content=\"en_GB\" \/>\n<meta property=\"og:type\" content=\"article\" \/>\n<meta property=\"og:title\" content=\"HBS antygen badanie | Invimed\" \/>\n<meta property=\"og:description\" content=\"Sprawd\u017a cen\u0119 badania HBs. Antygen HBs - normy wskazania, przygotowanie.\" \/>\n<meta property=\"og:url\" content=\"https:\/\/invimed.pl\/en\/research\/hbs-antigen-test\/\" \/>\n<meta property=\"og:site_name\" content=\"Invimed\" \/>\n<meta property=\"article:modified_time\" content=\"2024-10-31T16:48:59+00:00\" \/>\n<meta property=\"og:image\" content=\"https:\/\/invimed.pl\/wp-content\/uploads\/2024\/10\/Badanie-antygentu-HBs-Klinika-Leczenia-Nieplodnosci-Invimed-1.jpg\" \/>\n\t<meta property=\"og:image:width\" content=\"690\" \/>\n\t<meta property=\"og:image:height\" content=\"260\" \/>\n\t<meta property=\"og:image:type\" content=\"image\/jpeg\" \/>\n<meta name=\"twitter:card\" content=\"summary_large_image\" \/>\n<meta name=\"twitter:label1\" content=\"Estimated reading time\" \/>\n\t<meta name=\"twitter:data1\" content=\"6 minutes\" \/>\n<!-- \/ Yoast SEO plugin. -->","yoast_head_json":{"title":"HBS antigen test | Invimed","description":"Check the price of the HBs test. HBs antigen - standards indications, preparation.","robots":{"index":"index","follow":"follow","max-snippet":"max-snippet:-1","max-image-preview":"max-image-preview:large","max-video-preview":"max-video-preview:-1"},"og_locale":"en_GB","og_type":"article","og_title":"HBS antygen badanie | Invimed","og_description":"Sprawd\u017a cen\u0119 badania HBs. Antygen HBs - normy wskazania, przygotowanie.","og_url":"https:\/\/invimed.pl\/en\/research\/hbs-antigen-test\/","og_site_name":"Invimed","article_modified_time":"2024-10-31T16:48:59+00:00","og_image":[{"width":690,"height":260,"url":"https:\/\/invimed.pl\/wp-content\/uploads\/2024\/10\/Badanie-antygentu-HBs-Klinika-Leczenia-Nieplodnosci-Invimed-1.jpg","type":"image\/jpeg"}],"twitter_card":"summary_large_image","twitter_misc":{"Estimated reading time":"6 minutes"},"schema":{"@context":"https:\/\/schema.org","@graph":[{"@type":"WebPage","@id":"https:\/\/invimed.pl\/badania\/badanie-antygenu-hbs","url":"https:\/\/invimed.pl\/badania\/badanie-antygenu-hbs","name":"HBS antigen test | Invimed","isPartOf":{"@id":"https:\/\/invimed.pl\/#website"},"primaryImageOfPage":{"@id":"https:\/\/invimed.pl\/badania\/badanie-antygenu-hbs#primaryimage"},"image":{"@id":"https:\/\/invimed.pl\/badania\/badanie-antygenu-hbs#primaryimage"},"thumbnailUrl":"https:\/\/invimed.pl\/wp-content\/uploads\/2024\/10\/Badanie-antygentu-HBs-Klinika-Leczenia-Nieplodnosci-Invimed-1.jpg","datePublished":"2024-10-31T16:34:56+00:00","dateModified":"2024-10-31T16:48:59+00:00","description":"Check the price of the HBs test. HBs antigen - standards indications, preparation.","breadcrumb":{"@id":"https:\/\/invimed.pl\/badania\/badanie-antygenu-hbs#breadcrumb"},"inLanguage":"en-GB","potentialAction":[{"@type":"ReadAction","target":["https:\/\/invimed.pl\/badania\/badanie-antygenu-hbs"]}]},{"@type":"ImageObject","inLanguage":"en-GB","@id":"https:\/\/invimed.pl\/badania\/badanie-antygenu-hbs#primaryimage","url":"https:\/\/invimed.pl\/wp-content\/uploads\/2024\/10\/Badanie-antygentu-HBs-Klinika-Leczenia-Nieplodnosci-Invimed-1.jpg","contentUrl":"https:\/\/invimed.pl\/wp-content\/uploads\/2024\/10\/Badanie-antygentu-HBs-Klinika-Leczenia-Nieplodnosci-Invimed-1.jpg","width":690,"height":260},{"@type":"BreadcrumbList","@id":"https:\/\/invimed.pl\/badania\/badanie-antygenu-hbs#breadcrumb","itemListElement":[{"@type":"ListItem","position":1,"name":"Strona g\u0142\u00f3wna","item":"https:\/\/invimed.pl\/"},{"@type":"ListItem","position":2,"name":"Badania","item":"https:\/\/invimed.pl\/badania"},{"@type":"ListItem","position":3,"name":"Badanie antygenu HBs"}]},{"@type":"WebSite","@id":"https:\/\/invimed.pl\/#website","url":"https:\/\/invimed.pl\/","name":"Invimed","description":"Our mission is to create a happy family together","potentialAction":[{"@type":"SearchAction","target":{"@type":"EntryPoint","urlTemplate":"https:\/\/invimed.pl\/?s={search_term_string}"},"query-input":{"@type":"PropertyValueSpecification","valueRequired":true,"valueName":"search_term_string"}}],"inLanguage":"en-GB"}]}},"_links":{"self":[{"href":"https:\/\/invimed.pl\/en\/wp-json\/wp\/v2\/pages\/262660","targetHints":{"allow":["GET"]}}],"collection":[{"href":"https:\/\/invimed.pl\/en\/wp-json\/wp\/v2\/pages"}],"about":[{"href":"https:\/\/invimed.pl\/en\/wp-json\/wp\/v2\/types\/page"}],"author":[{"embeddable":true,"href":"https:\/\/invimed.pl\/en\/wp-json\/wp\/v2\/users\/2"}],"replies":[{"embeddable":true,"href":"https:\/\/invimed.pl\/en\/wp-json\/wp\/v2\/comments?post=262660"}],"version-history":[{"count":6,"href":"https:\/\/invimed.pl\/en\/wp-json\/wp\/v2\/pages\/262660\/revisions"}],"predecessor-version":[{"id":262670,"href":"https:\/\/invimed.pl\/en\/wp-json\/wp\/v2\/pages\/262660\/revisions\/262670"}],"up":[{"embeddable":true,"href":"https:\/\/invimed.pl\/en\/wp-json\/wp\/v2\/pages\/847"}],"wp:featuredmedia":[{"embeddable":true,"href":"https:\/\/invimed.pl\/en\/wp-json\/wp\/v2\/media\/262664"}],"wp:attachment":[{"href":"https:\/\/invimed.pl\/en\/wp-json\/wp\/v2\/media?parent=262660"}],"curies":[{"name":"wp","href":"https:\/\/api.w.org\/{rel}","templated":true}]}}