{"id":262680,"date":"2024-11-05T11:42:41","date_gmt":"2024-11-05T11:42:41","guid":{"rendered":"https:\/\/invimed.pl\/?page_id=262680"},"modified":"2024-11-05T11:57:35","modified_gmt":"2024-11-05T11:57:35","slug":"anti-hbc-antibodies","status":"publish","type":"page","link":"https:\/\/invimed.pl\/en\/badania\/przeciwciala-anty-hbc","title":{"rendered":"Anti-HBc antibodies"},"content":{"rendered":"\n<p><strong>Badanie na przeciwcia\u0142a anty-HBc to test diagnostyczny pozwalaj\u0105cy stwierdzi\u0107, czy osoba badana zosta\u0142a zaka\u017cona wirusem HBV powoduj\u0105cym wirusowe zapalenie w\u0105troby typu B. Jest to jedno z bada\u0144 <u>cz\u0119sto<\/u> wykonywanych u kobiet spodziewaj\u0105cych si\u0119 dziecka lub planuj\u0105cych ci\u0105\u017c\u0119. Jak przebiega badanie i co oznacza wynik?<\/strong><\/p>\n\n\n\n<h2 class=\"wp-block-heading\" id=\"badanie-anty-hbc-%e2%80%93-co-to-jest-i-kiedy-warto-je-wykonac\">Badanie anty-HBc \u2013 co to jest i kiedy warto je wykona\u0107?<\/h2>\n\n\n\n<p>Przeciwcia\u0142a anty-HBc to bia\u0142ka wyprodukowane przez ludzki system immunologiczny w odpowiedzi na kontakt z<strong> wirusem zapalenia w\u0105troby typu B<\/strong>. Kom\u00f3rki uk\u0142adu odporno\u015bciowego reaguj\u0105 na antygen HBc, kt\u00f3ry jest elementem budowy rdzenia wirusa.<\/p>\n\n\n\n<p>Zbadanie obecno\u015bci tych przeciwcia\u0142 pozwala na wykrycie istniej\u0105cej infekcji, poniewa\u017c w znacz\u0105cej cz\u0119\u015bci przypadk\u00f3w przebiega ona bezobjawowo.<\/p>\n\n\n\n<p>Badanie to szczeg\u00f3lnie zaleca si\u0119 kobietom w ci\u0105\u017cy i planuj\u0105cym rych\u0142e pocz\u0119cie (tak\u017ce przy pomocy metod wspomaganego rozrodu jak <a href=\"https:\/\/invimed.pl\/badania-badania-przed-in-vitro\">in vitro<\/a> lub inseminacja), ze wzgl\u0119du na <strong>ryzyko zaka\u017cenia p\u0142odu podczas porodu<\/strong>. Wykonuje si\u0119 je tak\u017ce w przypadkach:<\/p>\n\n\n\n<ul class=\"wp-block-list\">\n<li>diagnostyki zaka\u017ce\u0144 wirusem HBV i oceny p\u00f3\u017aniejszej skuteczno\u015bci leczenia,<\/li>\n\n\n\n<li>zachowa\u0144 ryzykownych, mog\u0105cych prowadzi\u0107 do zaka\u017cenia (tj. przygodnych kontakt\u00f3w seksualnych, korzystania z jednej ig\u0142y podczas iniekcji substancji psychoaktywnych, wizyty w salonach kosmetycznych i studiach tatua\u017cu o w\u0105tpliwej renomie),<\/li>\n\n\n\n<li>os\u00f3b nale\u017c\u0105cych do grup zawodowych podwy\u017cszonego ryzyka (np. zawody medyczne, kosmetolodzy, salowe).<\/li>\n<\/ul>\n\n\n\n<p><strong>Do badania nie trzeba si\u0119 specjalnie przygotowywa\u0107<\/strong> i mo\u017cna je wykona\u0107 o dowolnej porze dnia.<\/p>\n\n\n\n<p>Warto pami\u0119ta\u0107, \u017ce antygen HBc jest<strong> jednym z marker\u00f3w wirusowego zapalenia w\u0105troby<\/strong>, podobnie jak <a href=\"https:\/\/invimed.pl\/badania\/badanie-antygenu-hbs\">antygen HBs<\/a><a href=\"#_msocom_1\">[1]<\/a>&nbsp;. Jednak cz\u0119sto przy wyst\u0119puj\u0105cych objawach wykonuje si\u0119 obydwa testy \u2013 r\u00f3\u017cne kombinacje marker\u00f3w umo\u017cliwiaj\u0105 identyfikacj\u0119 zaka\u017cenia i fazy rozwoju.<\/p>\n\n\n\n<h3 class=\"wp-block-heading\" id=\"wirusowe-zapalenie-watroby-typu-b\"><a><\/a>Wirusowe zapalenie w\u0105troby typu B<\/h3>\n\n\n\n<p>Na WZW B, czyli wirusowe zapalenie w\u0105troby typu B, choruje ponad 250 milion\u00f3w os\u00f3b na \u015bwiecie i oko\u0142o 300 tysi\u0119cy Polak\u00f3w<a id=\"_ftnref1\" href=\"#_ftn1\"><sup>[1]<\/sup><\/a>Choroba ta, zwana r\u00f3wnie\u017c \u201e\u017c\u00f3\u0142taczk\u0105 wszczepienn\u0105\u201d, nale\u017cy do jednej z najgro\u017aniejszych chor\u00f3b zaka\u017anych cz\u0142owieka.<\/p>\n\n\n\n<p><strong>Wirus HBV<\/strong> (Hepatitis B Virus) po wnikni\u0119ciu do organizmu doprowadza do namna\u017cania si\u0119 wirusowego bia\u0142ka wewn\u0105trz kom\u00f3rek mi\u0105\u017cszu w\u0105troby, prowadz\u0105c do jej marsko\u015bci (nawet u 20% chorych w ci\u0105gu 5 lat od zaka\u017cenia) lub rozwoju raka w\u0105trobokom\u00f3rkowego.<\/p>\n\n\n\n<p>Wirus HBV jest nawet do 100 razy bardziej inwazyjny ni\u017c wirus HIV, a <strong>do zaka\u017cenia dochodzi najcz\u0119\u015bciej<\/strong><a href=\"#_ftn2\" id=\"_ftnref2\"><sup>[2]<\/sup><\/a>:<\/p>\n\n\n\n<ul class=\"wp-block-list\">\n<li>przez kontakt z krwi\u0105 chorego (zar\u00f3wno bezpo\u015bredni, jak i po\u015bredni, poprzez nieja\u0142owy sprz\u0119t chirurgiczny, ig\u0142y itp.),<\/li>\n\n\n\n<li>poprzez kontakty seksualne z chorym,<\/li>\n\n\n\n<li>przez kontakt z p\u0142ynami fizjologicznymi i wydzielinami cia\u0142a (\u015bluz, \u015blina, sperma),<\/li>\n\n\n\n<li>w trakcie porodu (zaka\u017cenie mo\u017ce przenie\u015b\u0107 si\u0119 z matki na dziecko).<\/li>\n<\/ul>\n\n\n\n<p>U niemal po\u0142owy zaka\u017conych WZW typu B mo\u017ce przechodzi\u0107 <strong>bez widocznych objaw<\/strong><strong>\u00f3w<\/strong>. Jedynym zauwa\u017calnym symptomem mog\u0105 by\u0107 podwy\u017cszone markery w\u0105trobowe (ALAT, ASPAT i GGTP). Jednak \u017ceby to wykry\u0107, trzeba zrobi\u0107 badanie krwi.<\/p>\n\n\n\n<p>Niekt\u00f3re przypadki ostrego rzutu zapalenia w\u0105troby typu B mog\u0105 jednak dawa\u0107 pewne, nie zawsze specyficzne <strong>objawy<\/strong><a href=\"#_ftn3\" id=\"_ftnref3\"><sup>[3]<\/sup><\/a>:<\/p>\n\n\n\n<ul class=\"wp-block-list\">\n<li>silne b\u00f3le mi\u0119\u015bniowo-stawowe,<\/li>\n\n\n\n<li>og\u00f3lne os\u0142abienie,<\/li>\n\n\n\n<li>d\u0142ugotrwa\u0142y stan podgor\u0105czkowy,<\/li>\n\n\n\n<li>dolegliwo\u015bci ze strony uk\u0142adu pokarmowego \u2013 wymioty i nudno\u015bci,<\/li>\n\n\n\n<li>b\u00f3l w prawym pod\u017cebrzu.<\/li>\n<\/ul>\n\n\n\n<p>Powy\u017csze objawy s\u0105 zwykle przypisywane innym schorzeniom lub przewlek\u0142emu zm\u0119czeniu. Zwykle dopiero za\u017c\u00f3\u0142cenie pow\u0142ok sk\u00f3rnych i bia\u0142ek oczu oraz ciemny kolor moczu zwraca uwag\u0119 na fakt, \u017ce przyczyn\u0105 og\u00f3lnego pogorszenia stanu zdrowia mo\u017ce by\u0107 w\u0142a\u015bnie wirus HBV.<\/p>\n\n\n\n<p>U kobiet w ci\u0105\u017cy badania anty-HBc nale\u017cy do <strong>standardowego panelu bada\u0144 ci\u0119\u017carnych<\/strong>. <a href=\"https:\/\/invimed.pl\/badania\/badanie-na-obecnosc-wirusow-i-bakterii\">Obecno\u015b\u0107 wirusa<\/a> nie jest przeciwwskazaniem dla macierzy\u0144stwa, jednak zaka\u017cona HBV pacjentka powinna pozostawa\u0107 pod opiek\u0105 specjalistycznej poradni zaka\u017anej, a dziecko zaraz po urodzeniu otrzyma szczepionk\u0119 oraz dodatkowo immunoglobuliny<a id=\"_ftnref4\" href=\"#_ftn4\"><sup>[4]<\/sup><\/a>. Pozwoli to uchroni\u0107 noworodka przed zaka\u017ceniem i w efekcie p\u00f3\u017aniejszymi konsekwencjami zdrowotnymi.<\/p>\n\n\n\n<h2 class=\"wp-block-heading\" id=\"przeciwciala-anty-hbc-%e2%80%93-co-oznacza-wynik-dodatni-a-co-ujemny\"><a><\/a>Przeciwcia\u0142a anty-HBc \u2013 co oznacza wynik dodatni, a co ujemny?<\/h2>\n\n\n\n<p>Badanie na przeciwcia\u0142a HBc, zwane r\u00f3wnie\u017c <strong>anty-HBc total<\/strong>, jest badaniem jako\u015bciowym, wykazuj\u0105cym wy\u0142\u0105cznie ich obecno\u015b\u0107 lub brak. Zatem rezultat bada\u0144 mo\u017ce by\u0107 dwojaki<a href=\"#_ftn5\" id=\"_ftnref5\"><sup>[5]<\/sup><\/a>:<\/p>\n\n\n\n<ul class=\"wp-block-list\">\n<li><strong>anty-HBc ujemny (niereaktywny)<\/strong> \u2013 oznacza ca\u0142kowity brak przeciwcia\u0142 anty-HBc w badanej pr\u00f3bce, b\u0119d\u0105cy jednocze\u015bnie norm\u0105 dla wykonywanego badania,<\/li>\n\n\n\n<li><strong>anty-HBc dodatni (reaktywny)<\/strong> \u2013 gdy w pr\u00f3bce stwierdzono obecno\u015b\u0107 przeciwcia\u0142 anty-HBc. Wynik ten \u015bwiadczy o zaka\u017ceniu wirusem WZW typu B.<\/li>\n<\/ul>\n\n\n\n<p>Badania anty-HBc powinny i\u015b\u0107 w parze i by\u0107 interpretowane wraz z badaniami na anty-HBs.<\/p>\n\n\n\n<p>W przypadku pozytywnego rezultatu testu lekarz kieruje zwykle na dodatkowe badania, pozwalaj\u0105ce oceni\u0107 kondycj\u0119 odpowiedzi immunologicznej i monitorowa\u0107 zmiany, co umo\u017cliwia ocen\u0119 ryzyka wyst\u0105pienia chor\u00f3b w\u0105troby. W\u015br\u00f3d<strong> dodatkowych bada\u0144 <\/strong>znajduj\u0105 si\u0119<a href=\"#_ftn6\" id=\"_ftnref6\"><sup>[6]<\/sup><\/a>:<\/p>\n\n\n\n<ul class=\"wp-block-list\">\n<li>badanie biochemiczne krwi, uwzgl\u0119dniaj\u0105ce tzw. pr\u00f3by w\u0105trobowe (ALAT, ASPAT, GGTP, ALP, bilirubina),<\/li>\n\n\n\n<li>badania serologiczne&nbsp; \u2013 badania ilo\u015bciowe na obecno\u015b\u0107 swoistych antygen\u00f3w HBV (tj. HBsAg i HBeAG oraz przeciwcia\u0142 w klasie IgM i IgG),<\/li>\n\n\n\n<li>pomocnicze badania krwi (krzepliwo\u015b\u0107, OB, morfologia, st\u0119\u017cenie albumin i bia\u0142ka ca\u0142kowitego),<\/li>\n\n\n\n<li>badania obrazowe i histologiczne (RTG i USG jamy brzusznej, biopsja w\u0105troby).<\/li>\n<\/ul>\n\n\n\n<h2 class=\"wp-block-heading\" id=\"badanie-anty-hbc-%e2%80%93-cena\"><a><\/a>Badanie anty-HBc \u2013 cena<\/h2>\n\n\n\n<p><a href=\"https:\/\/www.invimed.pl\/cennik\/invimed-warszawa-mokotow\">Koszt bada\u0144 laboratoryjnych<\/a> jest uzale\u017cniony od wybranej plac\u00f3wki i miejsca, w jakim si\u0119 znajduje. W klinikach Invimed przyk\u0142adowa cena badania na anty-HBc wynosi:<\/p>\n\n\n\n<ul class=\"wp-block-list\">\n<li>Warszawa Mokot\u00f3w \u2013 53 z\u0142,<\/li>\n\n\n\n<li>Katowice \u2013 40 z\u0142,<\/li>\n\n\n\n<li>Gdynia \u2013 70 z\u0142.<\/li>\n<\/ul>\n\n\n\n<p><strong>Bibliografia:<\/strong><\/p>\n\n\n\n<ol start=\"1\" class=\"wp-block-list\">\n<li>SALASA, Ma\u0142gorzata et GO\u0179DZIALSKA, Anna. Ocena stanu wiedzy dotycz\u0105cej zachorowalno\u015bci na ostre zapalenie w\u0105troby typu B i C w\u015br\u00f3d personelu medycznego. Pa\u0144stwo i Spo\u0142ecze\u0144stwo, 2015, no 3, p. 23-36.<\/li>\n\n\n\n<li>Chmielewska, A. M., Rych\u0142owska, M., Kr\u00f3l, E., Solarz, K., &amp; Bie\u0144kowska-Szewczyk, K. (2015). Wirusowe zapalenie w\u0105troby typu C\u2013nowe metody leczenia i zapobiegania. Advances in Hygiene &amp; Experimental Medicine\/Postepy Higieny i Medycyny Doswiadczalnej, 69.<\/li>\n\n\n\n<li>FLISIAK, Robert, HALOTA, Waldemar, JAROSZEWICZ, Jerzy, et al. Zalecenia Polskiej Grupy Ekspert\u00f3w HBV dotycz\u0105ce leczenia przewlek\u0142ego wirusowego zapalenia w\u0105troby typu B w 2018 roku. Hepatologia, 2018, vol. 18, p. 10-21.<\/li>\n\n\n\n<li>KLAMANN, Janusz et SMIATACZ, Tomasz. Diagnostyka wirusowych zapale\u0144 w\u0105troby w praktyce lekarza pierwszego kontaktu. In : Forum Medycyny Rodzinnej. 2016. p. 66-72.<\/li>\n<\/ol>\n\n\n\n<p><a href=\"#_ftnref1\" id=\"_ftn1\"><sup>[1]<\/sup><\/a> SALASA, Ma\u0142gorzata et GO\u0179DZIALSKA, Anna. Ocena stanu wiedzy dotycz\u0105cej zachorowalno\u015bci na ostre zapalenie w\u0105troby typu B i C w\u015br\u00f3d personelu medycznego. Pa\u0144stwo i Spo\u0142ecze\u0144stwo, 2015, no 3, p. 23-36.<\/p>\n\n\n\n<p><a href=\"#_ftnref2\" id=\"_ftn2\"><sup>[2]<\/sup><\/a> Chmielewska, A. M., Rych\u0142owska, M., Kr\u00f3l, E., Solarz, K., &amp; Bie\u0144kowska-Szewczyk, K. (2015). Wirusowe zapalenie w\u0105troby typu C\u2013nowe metody leczenia i zapobiegania. Advances in Hygiene &amp; Experimental Medicine\/Postepy Higieny i Medycyny Doswiadczalnej, 69.<\/p>\n\n\n\n<p><a href=\"#_ftnref3\" id=\"_ftn3\"><sup>[3]<\/sup><\/a> Chmielewska, A. M., Rych\u0142owska, M., Kr\u00f3l, E., Solarz, K., &amp; Bie\u0144kowska-Szewczyk, K. (2015). Wirusowe zapalenie w\u0105troby typu C\u2013nowe metody leczenia i zapobiegania. Advances in Hygiene &amp; Experimental Medicine\/Postepy Higieny i Medycyny Doswiadczalnej, 69<\/p>\n\n\n\n<p><a href=\"#_ftnref4\" id=\"_ftn4\"><sup>[4]<\/sup><\/a> FLISIAK, Robert, HALOTA, Waldemar, JAROSZEWICZ, Jerzy, et al. Zalecenia Polskiej Grupy Ekspert\u00f3w HBV dotycz\u0105ce leczenia przewlek\u0142ego wirusowego zapalenia w\u0105troby typu B w 2018 roku. Hepatologia, 2018, vol. 18, p. 10-21.<\/p>\n\n\n\n<p><a href=\"#_ftnref5\" id=\"_ftn5\"><sup>[5]<\/sup><\/a> KLAMANN, Janusz et SMIATACZ, Tomasz. Diagnostyka wirusowych zapale\u0144 w\u0105troby w praktyce lekarza pierwszego kontaktu. In : Forum Medycyny Rodzinnej. 2016. p. 66-72.<\/p>\n\n\n\n<p><a id=\"_ftn6\" href=\"#_ftnref6\"><sup>[6]<\/sup><\/a> [Ibidem]<a id=\"_msocom_1\"><\/a><\/p>\n","protected":false},"excerpt":{"rendered":"<p>Badanie na przeciwcia\u0142a anty-HBc to test diagnostyczny pozwalaj\u0105cy stwierdzi\u0107, czy osoba badana zosta\u0142a zaka\u017cona wirusem HBV powoduj\u0105cym wirusowe zapalenie w\u0105troby typu B. Jest to jedno z bada\u0144 cz\u0119sto wykonywanych u kobiet spodziewaj\u0105cych si\u0119 dziecka lub planuj\u0105cych ci\u0105\u017c\u0119. Jak przebiega badanie i co oznacza wynik? Badanie anty-HBc \u2013 co to jest i kiedy warto je wykona\u0107? [&hellip;]<\/p>\n","protected":false},"author":2,"featured_media":262685,"parent":847,"menu_order":0,"comment_status":"closed","ping_status":"closed","template":"","meta":{"_acf_changed":false,"footnotes":""},"class_list":["post-262680","page","type-page","status-publish","has-post-thumbnail","hentry"],"acf":[],"yoast_head":"<!-- This site is optimized with the Yoast SEO plugin v27.2 - https:\/\/yoast.com\/product\/yoast-seo-wordpress\/ -->\n<title>przeciwcia\u0142a anty hbc | Invimed<\/title>\n<meta name=\"description\" content=\"Przeciwcia\u0142a anty hbc, anty hbc co to jest, anty hbc dodatni co oznacza, anty hbc reaktywny co oznacza, anty hbc total, anty hbc total norma.\" \/>\n<meta name=\"robots\" content=\"index, follow, max-snippet:-1, max-image-preview:large, max-video-preview:-1\" \/>\n<meta property=\"og:locale\" content=\"en_GB\" \/>\n<meta property=\"og:type\" content=\"article\" \/>\n<meta property=\"og:title\" content=\"przeciwcia\u0142a anty hbc | Invimed\" \/>\n<meta property=\"og:description\" content=\"Przeciwcia\u0142a anty hbc, anty hbc co to jest, anty hbc dodatni co oznacza, anty hbc reaktywny co oznacza, anty hbc total, anty hbc total norma.\" \/>\n<meta property=\"og:url\" content=\"https:\/\/invimed.pl\/en\/research\/anti-hbc-antibodies\/\" \/>\n<meta property=\"og:site_name\" content=\"Invimed\" \/>\n<meta property=\"article:modified_time\" content=\"2024-11-05T11:57:35+00:00\" \/>\n<meta property=\"og:image\" content=\"https:\/\/invimed.pl\/wp-content\/uploads\/2024\/11\/Badanie-przeciwciala-anty-hbc.jpg\" \/>\n\t<meta property=\"og:image:width\" content=\"690\" \/>\n\t<meta property=\"og:image:height\" content=\"260\" \/>\n\t<meta property=\"og:image:type\" content=\"image\/jpeg\" \/>\n<meta name=\"twitter:card\" content=\"summary_large_image\" \/>\n<meta name=\"twitter:label1\" content=\"Estimated reading time\" \/>\n\t<meta name=\"twitter:data1\" content=\"7 minutes\" \/>\n<!-- \/ Yoast SEO plugin. -->","yoast_head_json":{"title":"anti-hbc antibodies | Invimed","description":"Anti hbc antibodies, anti hbc what is, anti hbc positive what means, anti hbc reactive what means, anti hbc total, anti hbc total normal.","robots":{"index":"index","follow":"follow","max-snippet":"max-snippet:-1","max-image-preview":"max-image-preview:large","max-video-preview":"max-video-preview:-1"},"og_locale":"en_GB","og_type":"article","og_title":"przeciwcia\u0142a anty hbc | Invimed","og_description":"Przeciwcia\u0142a anty hbc, anty hbc co to jest, anty hbc dodatni co oznacza, anty hbc reaktywny co oznacza, anty hbc total, anty hbc total norma.","og_url":"https:\/\/invimed.pl\/en\/research\/anti-hbc-antibodies\/","og_site_name":"Invimed","article_modified_time":"2024-11-05T11:57:35+00:00","og_image":[{"width":690,"height":260,"url":"https:\/\/invimed.pl\/wp-content\/uploads\/2024\/11\/Badanie-przeciwciala-anty-hbc.jpg","type":"image\/jpeg"}],"twitter_card":"summary_large_image","twitter_misc":{"Estimated reading time":"7 minutes"},"schema":{"@context":"https:\/\/schema.org","@graph":[{"@type":"WebPage","@id":"https:\/\/invimed.pl\/badania\/przeciwciala-anty-hbc","url":"https:\/\/invimed.pl\/badania\/przeciwciala-anty-hbc","name":"anti-hbc antibodies | Invimed","isPartOf":{"@id":"https:\/\/invimed.pl\/#website"},"primaryImageOfPage":{"@id":"https:\/\/invimed.pl\/badania\/przeciwciala-anty-hbc#primaryimage"},"image":{"@id":"https:\/\/invimed.pl\/badania\/przeciwciala-anty-hbc#primaryimage"},"thumbnailUrl":"https:\/\/invimed.pl\/wp-content\/uploads\/2024\/11\/Badanie-przeciwciala-anty-hbc.jpg","datePublished":"2024-11-05T11:42:41+00:00","dateModified":"2024-11-05T11:57:35+00:00","description":"Anti hbc antibodies, anti hbc what is, anti hbc positive what means, anti hbc reactive what means, anti hbc total, anti hbc total normal.","breadcrumb":{"@id":"https:\/\/invimed.pl\/badania\/przeciwciala-anty-hbc#breadcrumb"},"inLanguage":"en-GB","potentialAction":[{"@type":"ReadAction","target":["https:\/\/invimed.pl\/badania\/przeciwciala-anty-hbc"]}]},{"@type":"ImageObject","inLanguage":"en-GB","@id":"https:\/\/invimed.pl\/badania\/przeciwciala-anty-hbc#primaryimage","url":"https:\/\/invimed.pl\/wp-content\/uploads\/2024\/11\/Badanie-przeciwciala-anty-hbc.jpg","contentUrl":"https:\/\/invimed.pl\/wp-content\/uploads\/2024\/11\/Badanie-przeciwciala-anty-hbc.jpg","width":690,"height":260},{"@type":"BreadcrumbList","@id":"https:\/\/invimed.pl\/badania\/przeciwciala-anty-hbc#breadcrumb","itemListElement":[{"@type":"ListItem","position":1,"name":"Strona g\u0142\u00f3wna","item":"https:\/\/invimed.pl\/"},{"@type":"ListItem","position":2,"name":"Badania","item":"https:\/\/invimed.pl\/badania"},{"@type":"ListItem","position":3,"name":"Przeciwcia\u0142a anty-HBc"}]},{"@type":"WebSite","@id":"https:\/\/invimed.pl\/#website","url":"https:\/\/invimed.pl\/","name":"Invimed","description":"Our mission is to create a happy family together","potentialAction":[{"@type":"SearchAction","target":{"@type":"EntryPoint","urlTemplate":"https:\/\/invimed.pl\/?s={search_term_string}"},"query-input":{"@type":"PropertyValueSpecification","valueRequired":true,"valueName":"search_term_string"}}],"inLanguage":"en-GB"}]}},"_links":{"self":[{"href":"https:\/\/invimed.pl\/en\/wp-json\/wp\/v2\/pages\/262680","targetHints":{"allow":["GET"]}}],"collection":[{"href":"https:\/\/invimed.pl\/en\/wp-json\/wp\/v2\/pages"}],"about":[{"href":"https:\/\/invimed.pl\/en\/wp-json\/wp\/v2\/types\/page"}],"author":[{"embeddable":true,"href":"https:\/\/invimed.pl\/en\/wp-json\/wp\/v2\/users\/2"}],"replies":[{"embeddable":true,"href":"https:\/\/invimed.pl\/en\/wp-json\/wp\/v2\/comments?post=262680"}],"version-history":[{"count":6,"href":"https:\/\/invimed.pl\/en\/wp-json\/wp\/v2\/pages\/262680\/revisions"}],"predecessor-version":[{"id":262691,"href":"https:\/\/invimed.pl\/en\/wp-json\/wp\/v2\/pages\/262680\/revisions\/262691"}],"up":[{"embeddable":true,"href":"https:\/\/invimed.pl\/en\/wp-json\/wp\/v2\/pages\/847"}],"wp:featuredmedia":[{"embeddable":true,"href":"https:\/\/invimed.pl\/en\/wp-json\/wp\/v2\/media\/262685"}],"wp:attachment":[{"href":"https:\/\/invimed.pl\/en\/wp-json\/wp\/v2\/media?parent=262680"}],"curies":[{"name":"wp","href":"https:\/\/api.w.org\/{rel}","templated":true}]}}