{"id":262890,"date":"2024-11-27T09:19:08","date_gmt":"2024-11-27T09:19:08","guid":{"rendered":"https:\/\/invimed.pl\/?page_id=262890"},"modified":"2025-06-04T07:14:03","modified_gmt":"2025-06-04T07:14:03","slug":"badania-plodnosci-dla-mezczyzn","status":"publish","type":"page","link":"https:\/\/invimed.pl\/en\/meska-plodnosc","title":{"rendered":"Fertility tests for men"},"content":{"rendered":"<h4 class=\"wp-block-heading\"><strong>Male infertility is increasingly being diagnosed. Statistics show that the so-called male factor is responsible for up to 50% cases of infertility in couples who visit a specialist due to difficulties in obtaining a pregnancy. Experts emphasise that male fertility testing is a key element in the diagnostic process, enabling the precise identification of the causes of fertility problems in couples.<\/strong><\/h4>\n\n\n\n<p>Male infertility is a condition in which a man is unable to bring a woman to conception due to insufficient or abnormal sperm count or structure. Both the quality and quantity of sperm in semen are key indicators of male reproductive capacity, and semen standards set by the WHO have been steadily declining over recent decades. Furthermore, male infertility, apart from prolonging the waiting time for a child, often does not produce any symptoms, making it difficult to diagnose. For this reason, proper diagnosis and detailed fertility testing in men is extremely important.<\/p>\n\n\n\n<h2 class=\"wp-block-heading\" id=\"dlaczego-warto-wykonac-badanie-plodnosci\"><strong>Why take a fertility test?<\/strong><\/h2>\n\n\n\n<p>Fertility testing in men depends on the medical history and then on the indications of the doctor specialising in infertility treatment. Initial diagnosis usually begins with <a href=\"https:\/\/invimed.pl\/en\/research-2\/semen\/\">semen tests<\/a>. Semen analysis provides important information on the quantity, quality and motility of sperm. However, it is worth remembering that there are many factors that can cause male infertility, including general health, hormonal imbalances, past infections or previous treatments. In some cases, additional male fertility tests such as hormone tests or genetic testing may be recommended. With male fertility tests, it is possible to detect problems quickly and then implement appropriate treatment. Regular diagnostics not only support the treatment of infertility, but also contribute to the maintenance of a man's overall good health.<\/p>\n\n\n\n<h2 class=\"wp-block-heading\" id=\"jak-przebiega-badania-nasienia\"><strong>How does semen testing work?<\/strong><\/h2>\n\n\n\n<p><a href=\"https:\/\/invimed.pl\/en\/research-2\/semen\/\">Semen examination<\/a>, otherwise <a href=\"https:\/\/invimed.pl\/en\/research-2\/semen\/\">spermiogram<\/a>This is a basic fertility test for men. It makes it possible to <a href=\"https:\/\/invimed.pl\/en\/blog\/sperm-under-a-magnifying-glass\/\">assessment of sperm count<\/a>, their quality and activity according to the World Health Organisation (WHO) standard. Many patients ask what does a semen examination look like? First of all, it is worth pointing out that this test is performed routinely, is non-invasive and painless.&nbsp;<\/p>\n\n\n\n<section class=\"check-list\">\n\t    <header class=\"check-list__header\">\n        <div class=\"acf-innerblocks-container\">\n\n<section class=\"check-list\">\n\t    <header class=\"check-list__header\">\n        <div class=\"acf-innerblocks-container\"><\/div>\n    <\/header>\n    <ul class=\"mb-0 p-0 check-list__inner\">\n            <li class=\"d-flex check-list__item\">\n            <div class=\"svg-container\">\n                <svg width=\"16\" height=\"16\">\n                    <use xlink:href=\"#icon-check-2\" \/>\n                <\/svg>\n            <\/div>\n            <div class=\"check-list__item__rte\">\n                <p>In the first instance, the patient should make an appointment at the infertility clinic where the test is carried out.<\/p>\n            <\/div>\n        <\/li>\n            <li class=\"d-flex check-list__item\">\n            <div class=\"svg-container\">\n                <svg width=\"16\" height=\"16\">\n                    <use xlink:href=\"#icon-check-2\" \/>\n                <\/svg>\n            <\/div>\n            <div class=\"check-list__item__rte\">\n                <p>The semen collection takes place in a specially prepared room for maximum comfort and discretion. The room is located in a secluded part of the clinic and is equipped with support materials such as films or erotic magazines. The patient's female partner can also accompany the sample collection.<\/p>\n            <\/div>\n        <\/li>\n            <li class=\"d-flex check-list__item\">\n            <div class=\"svg-container\">\n                <svg width=\"16\" height=\"16\">\n                    <use xlink:href=\"#icon-check-2\" \/>\n                <\/svg>\n            <\/div>\n            <div class=\"check-list__item__rte\">\n                <p>It is advisable to wash your hands before the semen collection itself, and after ejaculation the material is placed in a sterile, dedicated container.<\/p>\n            <\/div>\n        <\/li>\n            <li class=\"d-flex check-list__item\">\n            <div class=\"svg-container\">\n                <svg width=\"16\" height=\"16\">\n                    <use xlink:href=\"#icon-check-2\" \/>\n                <\/svg>\n            <\/div>\n            <div class=\"check-list__item__rte\">\n                <p>Once the sample is submitted to the laboratory, it is analysed in detail.<\/p>\n            <\/div>\n        <\/li>\n        <\/ul>\n<\/section>\n\n<\/div>\n    <\/header>\n<\/section>\n\n\n\n<p>In special cases, it is also possible to deliver semen from outside the clinic, but this should be within a maximum of 30 minutes of collection. However, andrologists suggest that the patient use the conditions provided by the clinic to avoid the risk of improper transport or storage of the sample, which may falsify the result of the male fertility test. In all cases, the semen goes to the laboratory, where it undergoes precise computerised analysis.<\/p>\n\n\n\n<h2 class=\"wp-block-heading\" id=\"jak-przygotowac-sie-do-badania-nasienia\"><strong>How to prepare for a semen test?<\/strong><\/h2>\n\n\n\n<p>Patients often ask how to prepare for a semen test? Although it is a test performed routinely for which no special preparation is needed, it is worth noting a few issues that can falsify the result.<\/p>\n\n\n\n<section class=\"check-list\">\n\t    <header class=\"check-list__header\">\n        <div class=\"acf-innerblocks-container\"><\/div>\n    <\/header>\n    <ul class=\"mb-0 p-0 check-list__inner\">\n            <li class=\"d-flex check-list__item\">\n            <div class=\"svg-container\">\n                <svg width=\"16\" height=\"16\">\n                    <use xlink:href=\"#icon-check-2\" \/>\n                <\/svg>\n            <\/div>\n            <div class=\"check-list__item__rte\">\n                <p>It is worth remembering to maintain the recommended sexual abstinence (abstaining from ejaculation)- preferably 3 to 5 days before the examination.<\/p>\n            <\/div>\n        <\/li>\n            <li class=\"d-flex check-list__item\">\n            <div class=\"svg-container\">\n                <svg width=\"16\" height=\"16\">\n                    <use xlink:href=\"#icon-check-2\" \/>\n                <\/svg>\n            <\/div>\n            <div class=\"check-list__item__rte\">\n                <p>To make the results as reliable as possible, it is not advisable to come to the clinic with an infection.<\/p>\n            <\/div>\n        <\/li>\n        <\/ul>\n<\/section>\n\n\n\n<p>Refrain from any stimulants, including alcohol, 3-5 days before the test<\/p>\n\n\n\n<h2 class=\"wp-block-heading\" id=\"kiedy-otrzymam-wyniki-badanie-nasienia\"><strong>When will I receive my semen test results? &nbsp;<\/strong><\/h2>\n\n\n\n<p>Semen test results are ready within 4-6 working days.<\/p>\n\n\n\n<p>The evaluation of semen parameters includes a detailed analysis of characteristics such as viscosity, liquefaction time, pH, as well as the overall appearance of the sample. Microscopic examination determines the concentration of sperm in 1 ml of ejaculate, as well as the percentage of viable and motile sperm. The diagnostician additionally assesses the presence of agglutination, a phenomenon of 'clumping' of spermatozoa that prevents their normal motility.<\/p>\n\n\n\n<h2 class=\"wp-block-heading\" id=\"interpretacja-wyniku-badanie-spermy-normy-wyznaczone-przez-who\"><strong>Interpretation of a sperm test result - WHO standards<\/strong><\/h2>\n\n\n\n<section class=\"check-list\">\n\t    <header class=\"check-list__header\">\n        <div class=\"acf-innerblocks-container\"><\/div>\n    <\/header>\n    <ul class=\"mb-0 p-0 check-list__inner\">\n            <li class=\"d-flex check-list__item\">\n            <div class=\"svg-container\">\n                <svg width=\"16\" height=\"16\">\n                    <use xlink:href=\"#icon-check-2\" \/>\n                <\/svg>\n            <\/div>\n            <div class=\"check-list__item__rte\">\n                <p>Ejaculate volume \u2265 1.4 ml<\/p>\n            <\/div>\n        <\/li>\n            <li class=\"d-flex check-list__item\">\n            <div class=\"svg-container\">\n                <svg width=\"16\" height=\"16\">\n                    <use xlink:href=\"#icon-check-2\" \/>\n                <\/svg>\n            <\/div>\n            <div class=\"check-list__item__rte\">\n                <p>Total number of sperm in the ejaculate \u2265 39 million<\/p>\n            <\/div>\n        <\/li>\n            <li class=\"d-flex check-list__item\">\n            <div class=\"svg-container\">\n                <svg width=\"16\" height=\"16\">\n                    <use xlink:href=\"#icon-check-2\" \/>\n                <\/svg>\n            <\/div>\n            <div class=\"check-list__item__rte\">\n                <p>Sperm concentration (number of sperm in 1 ml of semen) \u2265 16 million<\/p>\n            <\/div>\n        <\/li>\n            <li class=\"d-flex check-list__item\">\n            <div class=\"svg-container\">\n                <svg width=\"16\" height=\"16\">\n                    <use xlink:href=\"#icon-check-2\" \/>\n                <\/svg>\n            <\/div>\n            <div class=\"check-list__item__rte\">\n                <p>Overall percentage of motile sperm (progressive and non-progressive movement) \u2265 42%<\/p>\n            <\/div>\n        <\/li>\n            <li class=\"d-flex check-list__item\">\n            <div class=\"svg-container\">\n                <svg width=\"16\" height=\"16\">\n                    <use xlink:href=\"#icon-check-2\" \/>\n                <\/svg>\n            <\/div>\n            <div class=\"check-list__item__rte\">\n                <p>Percentage of sperm with progressive movement \u2265 30%<\/p>\n            <\/div>\n        <\/li>\n            <li class=\"d-flex check-list__item\">\n            <div class=\"svg-container\">\n                <svg width=\"16\" height=\"16\">\n                    <use xlink:href=\"#icon-check-2\" \/>\n                <\/svg>\n            <\/div>\n            <div class=\"check-list__item__rte\">\n                <p>Sperm viability (percentage of viable sperm) \u2265 58%<\/p>\n            <\/div>\n        <\/li>\n            <li class=\"d-flex check-list__item\">\n            <div class=\"svg-container\">\n                <svg width=\"16\" height=\"16\">\n                    <use xlink:href=\"#icon-check-2\" \/>\n                <\/svg>\n            <\/div>\n            <div class=\"check-list__item__rte\">\n                <p>pH \u2265 7,2<\/p>\n            <\/div>\n        <\/li>\n            <li class=\"d-flex check-list__item\">\n            <div class=\"svg-container\">\n                <svg width=\"16\" height=\"16\">\n                    <use xlink:href=\"#icon-check-2\" \/>\n                <\/svg>\n            <\/div>\n            <div class=\"check-list__item__rte\">\n                <p>Sperm morphology (normal sperm) \u2265 4%<\/p>\n            <\/div>\n        <\/li>\n        <\/ul>\n<\/section>\n\n\n\n<h2 class=\"wp-block-heading\" id=\"badanie-plodnosci-u-mezczyzn-%e2%80%93-cena\"><strong>Male fertility testing - price<\/strong><\/h2>\n\n\n\n<p>The price of male fertility tests can vary depending on the facility and the range of tests performed. It is worth consulting with your doctor to select the appropriate range of tests for your individual situation.<\/p>\n\n\n\n<p>The final price of a male fertility test depends on the location of the clinic.<\/p>\n\n\n\n<p><\/p>","protected":false},"excerpt":{"rendered":"<p>M\u0119ska niep\u0142odno\u015b\u0107 jest coraz powszechniej diagnozowana. Z danych statystycznych wynika, \u017ce tzw. czynnik m\u0119ski odpowiada nawet za 50% przypadk\u00f3w niep\u0142odno\u015bci u par, kt\u00f3re zg\u0142aszaj\u0105 si\u0119 do specjalisty w zwi\u0105zku z trudno\u015bciami w uzyskaniu ci\u0105\u017cy. Eksperci podkre\u015blaj\u0105, \u017ce badania na p\u0142odno\u015b\u0107 m\u0119\u017cczyzny stanowi\u0105 kluczowy element w procesie diagnostycznym, umo\u017cliwiaj\u0105c precyzyjn\u0105 identyfikacj\u0119 przyczyn problem\u00f3w z p\u0142odno\u015bci\u0105 u [&hellip;]<\/p>\n","protected":false},"author":2,"featured_media":262901,"parent":847,"menu_order":0,"comment_status":"closed","ping_status":"closed","template":"","meta":{"_acf_changed":false,"footnotes":""},"class_list":["post-262890","page","type-page","status-publish","has-post-thumbnail","hentry"],"acf":[],"yoast_head":"<!-- This site is optimized with the Yoast SEO plugin v27.2 - https:\/\/yoast.com\/product\/yoast-seo-wordpress\/ -->\n<title>Badania p\u0142odno\u015bci dla m\u0119\u017cczyzn - Invimed<\/title>\n<meta name=\"robots\" content=\"index, follow, max-snippet:-1, max-image-preview:large, max-video-preview:-1\" \/>\n<meta property=\"og:locale\" content=\"en_GB\" \/>\n<meta property=\"og:type\" content=\"article\" \/>\n<meta property=\"og:title\" content=\"Badania p\u0142odno\u015bci dla m\u0119\u017cczyzn - Invimed\" \/>\n<meta property=\"og:description\" content=\"M\u0119ska niep\u0142odno\u015b\u0107 jest coraz powszechniej diagnozowana. Z danych statystycznych wynika, \u017ce tzw. czynnik m\u0119ski odpowiada nawet za 50% przypadk\u00f3w niep\u0142odno\u015bci u par, kt\u00f3re zg\u0142aszaj\u0105 si\u0119 do specjalisty w zwi\u0105zku z trudno\u015bciami w uzyskaniu ci\u0105\u017cy. Eksperci podkre\u015blaj\u0105, \u017ce badania na p\u0142odno\u015b\u0107 m\u0119\u017cczyzny stanowi\u0105 kluczowy element w procesie diagnostycznym, umo\u017cliwiaj\u0105c precyzyjn\u0105 identyfikacj\u0119 przyczyn problem\u00f3w z p\u0142odno\u015bci\u0105 u [&hellip;]\" \/>\n<meta property=\"og:url\" content=\"https:\/\/invimed.pl\/en\/male-fertility\/\" \/>\n<meta property=\"og:site_name\" content=\"Invimed\" \/>\n<meta property=\"article:modified_time\" content=\"2025-06-04T07:14:03+00:00\" \/>\n<meta property=\"og:image\" content=\"https:\/\/invimed.pl\/wp-content\/uploads\/2024\/11\/Invimed-Badania-plodnosci-meskiej.jpg\" \/>\n\t<meta property=\"og:image:width\" content=\"1380\" \/>\n\t<meta property=\"og:image:height\" content=\"520\" \/>\n\t<meta property=\"og:image:type\" content=\"image\/jpeg\" \/>\n<meta name=\"twitter:card\" content=\"summary_large_image\" \/>\n<meta name=\"twitter:label1\" content=\"Estimated reading time\" \/>\n\t<meta name=\"twitter:data1\" content=\"4 minutes\" \/>\n<!-- \/ Yoast SEO plugin. -->","yoast_head_json":{"title":"Fertility tests for men - Invimed","robots":{"index":"index","follow":"follow","max-snippet":"max-snippet:-1","max-image-preview":"max-image-preview:large","max-video-preview":"max-video-preview:-1"},"og_locale":"en_GB","og_type":"article","og_title":"Badania p\u0142odno\u015bci dla m\u0119\u017cczyzn - Invimed","og_description":"M\u0119ska niep\u0142odno\u015b\u0107 jest coraz powszechniej diagnozowana. Z danych statystycznych wynika, \u017ce tzw. czynnik m\u0119ski odpowiada nawet za 50% przypadk\u00f3w niep\u0142odno\u015bci u par, kt\u00f3re zg\u0142aszaj\u0105 si\u0119 do specjalisty w zwi\u0105zku z trudno\u015bciami w uzyskaniu ci\u0105\u017cy. Eksperci podkre\u015blaj\u0105, \u017ce badania na p\u0142odno\u015b\u0107 m\u0119\u017cczyzny stanowi\u0105 kluczowy element w procesie diagnostycznym, umo\u017cliwiaj\u0105c precyzyjn\u0105 identyfikacj\u0119 przyczyn problem\u00f3w z p\u0142odno\u015bci\u0105 u [&hellip;]","og_url":"https:\/\/invimed.pl\/en\/male-fertility\/","og_site_name":"Invimed","article_modified_time":"2025-06-04T07:14:03+00:00","og_image":[{"width":1380,"height":520,"url":"https:\/\/invimed.pl\/wp-content\/uploads\/2024\/11\/Invimed-Badania-plodnosci-meskiej.jpg","type":"image\/jpeg"}],"twitter_card":"summary_large_image","twitter_misc":{"Estimated reading time":"4 minutes"},"schema":{"@context":"https:\/\/schema.org","@graph":[{"@type":"WebPage","@id":"https:\/\/invimed.pl\/meska-plodnosc","url":"https:\/\/invimed.pl\/meska-plodnosc","name":"Fertility tests for men - Invimed","isPartOf":{"@id":"https:\/\/invimed.pl\/#website"},"primaryImageOfPage":{"@id":"https:\/\/invimed.pl\/meska-plodnosc#primaryimage"},"image":{"@id":"https:\/\/invimed.pl\/meska-plodnosc#primaryimage"},"thumbnailUrl":"https:\/\/invimed.pl\/wp-content\/uploads\/2024\/11\/Invimed-Badania-plodnosci-meskiej.jpg","datePublished":"2024-11-27T09:19:08+00:00","dateModified":"2025-06-04T07:14:03+00:00","breadcrumb":{"@id":"https:\/\/invimed.pl\/meska-plodnosc#breadcrumb"},"inLanguage":"en-GB","potentialAction":[{"@type":"ReadAction","target":["https:\/\/invimed.pl\/meska-plodnosc"]}]},{"@type":"ImageObject","inLanguage":"en-GB","@id":"https:\/\/invimed.pl\/meska-plodnosc#primaryimage","url":"https:\/\/invimed.pl\/wp-content\/uploads\/2024\/11\/Invimed-Badania-plodnosci-meskiej.jpg","contentUrl":"https:\/\/invimed.pl\/wp-content\/uploads\/2024\/11\/Invimed-Badania-plodnosci-meskiej.jpg","width":1380,"height":520},{"@type":"BreadcrumbList","@id":"https:\/\/invimed.pl\/meska-plodnosc#breadcrumb","itemListElement":[{"@type":"ListItem","position":1,"name":"Strona g\u0142\u00f3wna","item":"https:\/\/invimed.pl\/"},{"@type":"ListItem","position":2,"name":"Badania","item":"https:\/\/invimed.pl\/badania"},{"@type":"ListItem","position":3,"name":"Badania p\u0142odno\u015bci dla m\u0119\u017cczyzn"}]},{"@type":"WebSite","@id":"https:\/\/invimed.pl\/#website","url":"https:\/\/invimed.pl\/","name":"Invimed","description":"Our mission is to create a happy family together","potentialAction":[{"@type":"SearchAction","target":{"@type":"EntryPoint","urlTemplate":"https:\/\/invimed.pl\/?s={search_term_string}"},"query-input":{"@type":"PropertyValueSpecification","valueRequired":true,"valueName":"search_term_string"}}],"inLanguage":"en-GB"}]}},"_links":{"self":[{"href":"https:\/\/invimed.pl\/en\/wp-json\/wp\/v2\/pages\/262890","targetHints":{"allow":["GET"]}}],"collection":[{"href":"https:\/\/invimed.pl\/en\/wp-json\/wp\/v2\/pages"}],"about":[{"href":"https:\/\/invimed.pl\/en\/wp-json\/wp\/v2\/types\/page"}],"author":[{"embeddable":true,"href":"https:\/\/invimed.pl\/en\/wp-json\/wp\/v2\/users\/2"}],"replies":[{"embeddable":true,"href":"https:\/\/invimed.pl\/en\/wp-json\/wp\/v2\/comments?post=262890"}],"version-history":[{"count":16,"href":"https:\/\/invimed.pl\/en\/wp-json\/wp\/v2\/pages\/262890\/revisions"}],"predecessor-version":[{"id":269587,"href":"https:\/\/invimed.pl\/en\/wp-json\/wp\/v2\/pages\/262890\/revisions\/269587"}],"up":[{"embeddable":true,"href":"https:\/\/invimed.pl\/en\/wp-json\/wp\/v2\/pages\/847"}],"wp:featuredmedia":[{"embeddable":true,"href":"https:\/\/invimed.pl\/en\/wp-json\/wp\/v2\/media\/262901"}],"wp:attachment":[{"href":"https:\/\/invimed.pl\/en\/wp-json\/wp\/v2\/media?parent=262890"}],"curies":[{"name":"wp","href":"https:\/\/api.w.org\/{rel}","templated":true}]}}