{"id":263046,"date":"2024-12-10T10:41:09","date_gmt":"2024-12-10T10:41:09","guid":{"rendered":"https:\/\/invimed.pl\/?page_id=263046"},"modified":"2025-09-01T12:09:31","modified_gmt":"2025-09-01T12:09:31","slug":"facebook-information-clause","status":"publish","type":"page","link":"https:\/\/invimed.pl\/en\/facebook-klauzula-informacyjna","title":{"rendered":"Facebook - information clause"},"content":{"rendered":"<ol start=\"1\" class=\"wp-block-list\">\n<li><strong>Data controller<\/strong><\/li>\n<\/ol>\n\n\n\n<p>The administrator of the data of persons using the fanpage Invimed - Wszystko dla p\u0142odno\u015bci or Messenger is Medi Partner Sp. z o.o. with its registered office in Warsaw, 36 Rakowiecka Street, 02-532, and, as co-responsible for the processing of data of persons using the fanpage Invimed - Wszystko dla p\u0142odno\u015bci or Messenger, the administrator of Facebook. More information on data processing by Meta can be found at the following address <a href=\"https:\/\/www.facebook.com\/about\/privacy\/update\">https:\/\/www.facebook.com\/about\/privacy\/update<\/a><\/p>\n\n\n\n<ol start=\"2\" class=\"wp-block-list\">\n<li><strong>Contact details<\/strong><\/li>\n<\/ol>\n\n\n\n<p>You can contact us as follows:<\/p>\n\n\n\n<ul class=\"wp-block-list\">\n<li>by letter to<em>, <\/em>Medi Partner Sp. z o. o, 36 Rakowiecka Street, 02-532 Warsaw<\/li>\n\n\n\n<li>via the contact form on the website <a href=\"https:\/\/invimed.pl\/en\/\">www.invimed.pl<\/a><\/li>\n\n\n\n<li>by e-mail: <a href=\"mailto:invimed@invimed.pl\">invimed@invimed.pl<\/a><\/li>\n\n\n\n<li>by telephone: 500 900 888<\/li>\n<\/ul>\n\n\n\n<ol start=\"3\" class=\"wp-block-list\">\n<li><strong>Data Protection Officer<\/strong><\/li>\n<\/ol>\n\n\n\n<p>We have appointed a data protection officer. This is the person you can contact on all matters concerning the processing of your personal data and the exercise of your rights in relation to data processing. You can contact the DPO as follows:<\/p>\n\n\n\n<ul class=\"wp-block-list\">\n<li>by post to the following address: Data Protection Inspector Medi Partner, Rakowiecka 36, 02-532 Warsaw<\/li>\n\n\n\n<li>by e-mail: <a href=\"mailto:IOD@medipartner.pl\">IOD@medipartner.pl<\/a><\/li>\n<\/ul>\n\n\n\n<ol start=\"4\" class=\"wp-block-list\">\n<li><strong>Purposes of processing and legal basis for processing<\/strong><\/li>\n<\/ol>\n\n\n\n<p>Your data will be processed for:<\/p>\n\n\n\n<ul class=\"wp-block-list\">\n<li>administration and management of the fanpage Invimed - Wszystko dla p\u0142odno\u015bci, including responding to posts and comments posted by you, as well as supervision of the content published by users - the legal basis for processing is the legally justified interest of Medi Partner Sp. z o.o. consisting in the possibility of running and managing the fanpage Invimed - Wszystko dla p\u0142odno\u015bci;<\/li>\n\n\n\n<li>responding to enquiries made to Medi Partner Sp. z o.o. via Messenger - the legal basis for the processing is the legitimate interest of Medi Partner Sp. z o.o. in being able to respond to the persons contacting Medi Partner Sp. z o.o;<\/li>\n\n\n\n<li>to pursue other legitimate interests of Medi Partner Sp. z o.o., which Medi Partner Sp. z o.o. considers to be, in particular, the possibility of asserting and defending claims, preventing fraud and economic crime or ensuring the security of the IT environment.<\/li>\n<\/ul>\n\n\n\n<p>Furthermore, we would like to inform you that Facebook administrator Meta, as provider of fanpage and messenger tools, is jointly responsible for<\/p>\n\n\n\n<p>processing of data of persons using the fanpage or Messenger, which may process their data for its own purposes on other legal bases.<\/p>\n\n\n\n<p>In particular, Meta, on the basis of its own terms and conditions, may collect and process information contained in the cookies of visitors to the fanpage.<\/p>\n\n\n\n<p>On the basis of such collected data, Meta can compile anonymous statements and statistics (e.g. regarding the number or profile of visitors to the fanpage), which can be made available to Medi Partner Sp. z o.o., as the operator of the fanpage.<\/p>\n\n\n\n<ol start=\"5\" class=\"wp-block-list\">\n<li><strong>Recipients of data<\/strong><\/li>\n<\/ol>\n\n\n\n<p>Your personal data provided on Facebook in connection with the use of the fanpage Invimed - Everything for Fertility, or communicated via Messenger, may be available to the administrator of this portal - i.e. the Meta company.<\/p>\n\n\n\n<p>At the same time, any personal data contained in comments posted on the fanpage Invimed - Everything for Fertility may also be available to other Facebook users.<\/p>\n\n\n\n<ol start=\"6\" class=\"wp-block-list\">\n<li><strong>Data retention period<\/strong><\/li>\n<\/ol>\n\n\n\n<p>Your personal data will be processed by Medi Partner Sp. z o.o. for the period necessary for the purposes of the processing indicated above, in particular for the period during which you are an active user of the fanpage or until you object to the processing.<\/p>\n\n\n\n<p>Data contained in posts or comments may be processed until they are deleted. If you are unable to delete a specific comment, you can ask us to do so.<\/p>\n\n\n\n<p>You can always opt out of 'watching' or 'liking' the Invimed - Everything for Fertility fan page, and you can also object to the processing of your data for these purposes.<\/p>\n\n\n\n<p>Irrespective of the storage of data by Medi Partner Sp. z o.o., its own data storage periods may be applied by the Facebook administrator.<\/p>\n\n\n\n<ol start=\"7\" class=\"wp-block-list\">\n<li><strong>Rights of the data subject<\/strong><\/li>\n<\/ol>\n\n\n\n<p>You have the right of access to your data and the right to request rectification, erasure or restriction of processing.<\/p>\n\n\n\n<p>To the extent that the processing of your personal data is based on the premise of the legitimate interest of Medi Partner Sp. z o.o., you have the right to object to the processing of your personal data.<\/p>\n\n\n\n<p>You also have the right to lodge a complaint with the data protection supervisory authority.<\/p>\n\n\n\n<p>In order to exercise the above rights, please contact the data controller. The contact details are indicated above.<\/p>\n\n\n\n<p>Medi Partner Sp. z o.o. may exercise your rights to the extent that it has the technical ability to do so (e.g. by deleting comments or posts containing personal data at your request).<\/p>\n\n\n\n<p>Independently of contacting Medi Partner Ltd. regarding the processing of your data via Facebook or Messenger, you can also contact the Facebook administrator Meta.<\/p>\n\n\n\n<ol start=\"8\" class=\"wp-block-list\">\n<li><strong>Information on data requirements<\/strong><\/li>\n<\/ol>\n\n\n\n<p>The provision of data as part of the use of the fanpage is voluntary. Failure to provide data may prevent the use of certain functions (such as the ability to post comments or contact using Messenger).&nbsp;<\/p>","protected":false},"excerpt":{"rendered":"<p>Administratorem danych os\u00f3b korzystaj\u0105cych z&nbsp;fanpage Invimed \u2013 Wszystko dla p\u0142odno\u015bci lub komunikatora Messenger jest Medi Partner Sp. z&nbsp;o.o. z&nbsp;siedzib\u0105 w&nbsp;Warszawie, ul. Rakowiecka 36, 02-532, a&nbsp;tak\u017ce, jako wsp\u00f3\u0142odpowiedzialny za przetwarzanie danych os\u00f3b korzystaj\u0105cych z&nbsp;fanpage Invimed \u2013 Wszystko dla p\u0142odno\u015bci lub komunikatora Messenger, administrator portalu Facebook. Wi\u0119cej informacji na temat przetwarzania danych przez Meta mo\u017cna znale\u017a\u0107 pod [&hellip;]<\/p>\n","protected":false},"author":2,"featured_media":0,"parent":0,"menu_order":0,"comment_status":"closed","ping_status":"closed","template":"","meta":{"_acf_changed":false,"footnotes":""},"class_list":["post-263046","page","type-page","status-publish","hentry"],"acf":[],"yoast_head":"<!-- This site is optimized with the Yoast SEO plugin v27.2 - https:\/\/yoast.com\/product\/yoast-seo-wordpress\/ -->\n<title>Facebook \u2013 klauzula informacyjna - Invimed<\/title>\n<meta name=\"robots\" content=\"index, follow, max-snippet:-1, max-image-preview:large, max-video-preview:-1\" \/>\n<meta property=\"og:locale\" content=\"en_GB\" \/>\n<meta property=\"og:type\" content=\"article\" \/>\n<meta property=\"og:title\" content=\"Facebook \u2013 klauzula informacyjna - Invimed\" \/>\n<meta property=\"og:description\" content=\"Administratorem danych os\u00f3b korzystaj\u0105cych z&nbsp;fanpage Invimed \u2013 Wszystko dla p\u0142odno\u015bci lub komunikatora Messenger jest Medi Partner Sp. z&nbsp;o.o. z&nbsp;siedzib\u0105 w&nbsp;Warszawie, ul. Rakowiecka 36, 02-532, a&nbsp;tak\u017ce, jako wsp\u00f3\u0142odpowiedzialny za przetwarzanie danych os\u00f3b korzystaj\u0105cych z&nbsp;fanpage Invimed \u2013 Wszystko dla p\u0142odno\u015bci lub komunikatora Messenger, administrator portalu Facebook. Wi\u0119cej informacji na temat przetwarzania danych przez Meta mo\u017cna znale\u017a\u0107 pod [&hellip;]\" \/>\n<meta property=\"og:url\" content=\"https:\/\/invimed.pl\/en\/facebook-information-clause\/\" \/>\n<meta property=\"og:site_name\" content=\"Invimed\" \/>\n<meta property=\"article:modified_time\" content=\"2025-09-01T12:09:31+00:00\" \/>\n<meta name=\"twitter:card\" content=\"summary_large_image\" \/>\n<meta name=\"twitter:label1\" content=\"Estimated reading time\" \/>\n\t<meta name=\"twitter:data1\" content=\"5 minutes\" \/>\n<!-- \/ Yoast SEO plugin. -->","yoast_head_json":{"title":"Facebook - information clause - Invimed","robots":{"index":"index","follow":"follow","max-snippet":"max-snippet:-1","max-image-preview":"max-image-preview:large","max-video-preview":"max-video-preview:-1"},"og_locale":"en_GB","og_type":"article","og_title":"Facebook \u2013 klauzula informacyjna - Invimed","og_description":"Administratorem danych os\u00f3b korzystaj\u0105cych z&nbsp;fanpage Invimed \u2013 Wszystko dla p\u0142odno\u015bci lub komunikatora Messenger jest Medi Partner Sp. z&nbsp;o.o. z&nbsp;siedzib\u0105 w&nbsp;Warszawie, ul. Rakowiecka 36, 02-532, a&nbsp;tak\u017ce, jako wsp\u00f3\u0142odpowiedzialny za przetwarzanie danych os\u00f3b korzystaj\u0105cych z&nbsp;fanpage Invimed \u2013 Wszystko dla p\u0142odno\u015bci lub komunikatora Messenger, administrator portalu Facebook. Wi\u0119cej informacji na temat przetwarzania danych przez Meta mo\u017cna znale\u017a\u0107 pod [&hellip;]","og_url":"https:\/\/invimed.pl\/en\/facebook-information-clause\/","og_site_name":"Invimed","article_modified_time":"2025-09-01T12:09:31+00:00","twitter_card":"summary_large_image","twitter_misc":{"Estimated reading time":"5 minutes"},"schema":{"@context":"https:\/\/schema.org","@graph":[{"@type":"WebPage","@id":"https:\/\/invimed.pl\/facebook-klauzula-informacyjna","url":"https:\/\/invimed.pl\/facebook-klauzula-informacyjna","name":"Facebook - information clause - Invimed","isPartOf":{"@id":"https:\/\/invimed.pl\/#website"},"datePublished":"2024-12-10T10:41:09+00:00","dateModified":"2025-09-01T12:09:31+00:00","breadcrumb":{"@id":"https:\/\/invimed.pl\/facebook-klauzula-informacyjna#breadcrumb"},"inLanguage":"en-GB","potentialAction":[{"@type":"ReadAction","target":["https:\/\/invimed.pl\/facebook-klauzula-informacyjna"]}]},{"@type":"BreadcrumbList","@id":"https:\/\/invimed.pl\/facebook-klauzula-informacyjna#breadcrumb","itemListElement":[{"@type":"ListItem","position":1,"name":"Strona g\u0142\u00f3wna","item":"https:\/\/invimed.pl\/"},{"@type":"ListItem","position":2,"name":"Facebook \u2013 klauzula informacyjna"}]},{"@type":"WebSite","@id":"https:\/\/invimed.pl\/#website","url":"https:\/\/invimed.pl\/","name":"Invimed","description":"Our mission is to create a happy family together","potentialAction":[{"@type":"SearchAction","target":{"@type":"EntryPoint","urlTemplate":"https:\/\/invimed.pl\/?s={search_term_string}"},"query-input":{"@type":"PropertyValueSpecification","valueRequired":true,"valueName":"search_term_string"}}],"inLanguage":"en-GB"}]}},"_links":{"self":[{"href":"https:\/\/invimed.pl\/en\/wp-json\/wp\/v2\/pages\/263046","targetHints":{"allow":["GET"]}}],"collection":[{"href":"https:\/\/invimed.pl\/en\/wp-json\/wp\/v2\/pages"}],"about":[{"href":"https:\/\/invimed.pl\/en\/wp-json\/wp\/v2\/types\/page"}],"author":[{"embeddable":true,"href":"https:\/\/invimed.pl\/en\/wp-json\/wp\/v2\/users\/2"}],"replies":[{"embeddable":true,"href":"https:\/\/invimed.pl\/en\/wp-json\/wp\/v2\/comments?post=263046"}],"version-history":[{"count":3,"href":"https:\/\/invimed.pl\/en\/wp-json\/wp\/v2\/pages\/263046\/revisions"}],"predecessor-version":[{"id":270519,"href":"https:\/\/invimed.pl\/en\/wp-json\/wp\/v2\/pages\/263046\/revisions\/270519"}],"wp:attachment":[{"href":"https:\/\/invimed.pl\/en\/wp-json\/wp\/v2\/media?parent=263046"}],"curies":[{"name":"wp","href":"https:\/\/api.w.org\/{rel}","templated":true}]}}