{"id":263296,"date":"2025-01-28T14:08:03","date_gmt":"2025-01-28T14:08:03","guid":{"rendered":"https:\/\/invimed.pl\/?page_id=263296"},"modified":"2025-09-02T11:12:44","modified_gmt":"2025-09-02T11:12:44","slug":"hpv-vaccination-invimed-warsaw","status":"publish","type":"page","link":"https:\/\/invimed.pl\/en\/szczepienia-przeciwko-hpv\/warszawa","title":{"rendered":"Vaccination against HPV - Invimed Warsaw"},"content":{"rendered":"<p><\/p>\n\n\n\n<h2 class=\"wp-block-heading\" id=\"szczepienie-hpv-dla-doroslych-w-warszawie-w-klinice-invimed-%e2%80%93-co-warto-wiedziec\">HPV vaccination for adults, in Warsaw at the Invimed clinic - what is worth knowing?<\/h2>\n\n\n\n<p><\/p>\n\n\n\n<p>HPV (Human Papilloma Virus), or human papilloma virus, is a common pathogen that is responsible for the onset of many dangerous diseases. The virus is transmitted sexually both through vaginal intercourse and oral or anal intercourse. It is estimated that up to 80% sexually active people worldwide may be infected with HPV. In most cases, the infection is asymptomatic and resolves spontaneously through the work of the immune system.<\/p>\n\n\n\n<section class=\"check-list\">\n\t    <header class=\"check-list__header\">\n        <div class=\"acf-innerblocks-container\">\n\n<p><strong>However, in approximately 20% infected patients, the virus can lead to serious health complications such as:<\/strong><\/p>\n\n<\/div>\n    <\/header>\n    <ul class=\"mb-0 p-0 check-list__inner\">\n            <li class=\"d-flex check-list__item\">\n            <div class=\"svg-container\">\n                <svg width=\"16\" height=\"16\">\n                    <use xlink:href=\"#icon-check-2\" \/>\n                <\/svg>\n            <\/div>\n            <div class=\"check-list__item__rte\">\n                <p>Cervical cancer - one of the most dangerous female cancers. In Poland, as many as five women die every day because of it.<\/p>\n            <\/div>\n        <\/li>\n            <li class=\"d-flex check-list__item\">\n            <div class=\"svg-container\">\n                <svg width=\"16\" height=\"16\">\n                    <use xlink:href=\"#icon-check-2\" \/>\n                <\/svg>\n            <\/div>\n            <div class=\"check-list__item__rte\">\n                <p>Vaginal cancer <\/p>\n            <\/div>\n        <\/li>\n            <li class=\"d-flex check-list__item\">\n            <div class=\"svg-container\">\n                <svg width=\"16\" height=\"16\">\n                    <use xlink:href=\"#icon-check-2\" \/>\n                <\/svg>\n            <\/div>\n            <div class=\"check-list__item__rte\">\n                <p>Cancer of the vulva - less frequently diagnosed, but no less dangerous.<\/p>\n            <\/div>\n        <\/li>\n            <li class=\"d-flex check-list__item\">\n            <div class=\"svg-container\">\n                <svg width=\"16\" height=\"16\">\n                    <use xlink:href=\"#icon-check-2\" \/>\n                <\/svg>\n            <\/div>\n            <div class=\"check-list__item__rte\">\n                <p>Anal cancer - affecting both men and women.<\/p>\n            <\/div>\n        <\/li>\n            <li class=\"d-flex check-list__item\">\n            <div class=\"svg-container\">\n                <svg width=\"16\" height=\"16\">\n                    <use xlink:href=\"#icon-check-2\" \/>\n                <\/svg>\n            <\/div>\n            <div class=\"check-list__item__rte\">\n                <p>Oral and oropharyngeal cancer.<\/p>\n            <\/div>\n        <\/li>\n            <li class=\"d-flex check-list__item\">\n            <div class=\"svg-container\">\n                <svg width=\"16\" height=\"16\">\n                    <use xlink:href=\"#icon-check-2\" \/>\n                <\/svg>\n            <\/div>\n            <div class=\"check-list__item__rte\">\n                <p>Condylomas - soft papules and warts that appear in intimate areas. They are one of the most common sexually transmitted diseases, affecting up to 9-13% of the population worldwide.<\/p>\n            <\/div>\n        <\/li>\n        <\/ul>\n<\/section>\n\n\n\n<p>Human papilloma virus infection is a global problem, occurring in both women and men of all ages.<\/p>\n\n\n\n<p>Fortunately, vaccines that effectively prevent infection have been available for many years. According to official figures, HPV vaccination is already used in 125 countries such as the United States, Canada and Australia.<\/p>\n\n\n\n<section class=\"check-list\">\n\t    <header class=\"check-list__header\">\n        <div class=\"acf-innerblocks-container\">\n\n<p><strong>After a decade of vaccination programmes introduced in these countries, it has been observed:<\/strong><\/p>\n\n<\/div>\n    <\/header>\n    <ul class=\"mb-0 p-0 check-list__inner\">\n            <li class=\"d-flex check-list__item\">\n            <div class=\"svg-container\">\n                <svg width=\"16\" height=\"16\">\n                    <use xlink:href=\"#icon-check-2\" \/>\n                <\/svg>\n            <\/div>\n            <div class=\"check-list__item__rte\">\n                <p>90% reduction of HPV infection,<\/p>\n            <\/div>\n        <\/li>\n            <li class=\"d-flex check-list__item\">\n            <div class=\"svg-container\">\n                <svg width=\"16\" height=\"16\">\n                    <use xlink:href=\"#icon-check-2\" \/>\n                <\/svg>\n            <\/div>\n            <div class=\"check-list__item__rte\">\n                <p>90% reduction in cases of genital warts,<\/p>\n            <\/div>\n        <\/li>\n            <li class=\"d-flex check-list__item\">\n            <div class=\"svg-container\">\n                <svg width=\"16\" height=\"16\">\n                    <use xlink:href=\"#icon-check-2\" \/>\n                <\/svg>\n            <\/div>\n            <div class=\"check-list__item__rte\">\n                <p>80% decrease in the number of high-grade cervical pathologies.<\/p>\n            <\/div>\n        <\/li>\n        <\/ul>\n<\/section>\n\n\n\n<p>These figures clearly show how much progress has been made in preventive health care through vaccination.<\/p>\n\n\n\n<p>HPV vaccination for adults is the simplest yet most effective way to protect against dangerous cancers and other serious consequences of HPV infection.<\/p>\n\n\n\n<h2 class=\"wp-block-heading\" id=\"jak-zapisac-sie-na-szczepienie-przeciwko-hpv-dla-doroslych-warszawa\"><strong>How do I register for the HPV vaccination for adults, Warsaw?<\/strong><\/h2>\n\n\n\n<p><\/p>\n\n\n\n<p>In Warsaw<a href=\"https:\/\/invimed.pl\/en\/hpv-vaccination\/\"> HPV vaccination,<\/a> for adults, can be performed in <a href=\"https:\/\/invimed.pl\/en\/clinics\/warsaw\/prague\/\">Invimed Clinic Prague<\/a>.  The patient does not need to make an appointment for the vaccination itself, only a qualifying appointment. Prior to vaccination, a signed consent form is required, passing the medical qualification and payment at reception. The vaccination should be performed within 24 hours of the qualification visit. During such a visit, qualified medical personnel assess the patient's general health, rule out contraindications to vaccination and provide detailed information on the procedure itself. Only after a positive qualification can the vaccine be administered. This ensures that the HPV vaccination process is safe and tailored to the patient's individual health needs.<\/p>\n\n\n\n<p><\/p>\n\n\n\n<figure class=\"wp-block-image aligncenter size-large has-custom-border\"><img loading=\"lazy\" decoding=\"async\" width=\"1024\" height=\"386\" src=\"https:\/\/invimed.pl\/wp-content\/uploads\/2025\/02\/HPV-wirus-_-Invimed-klinika-leczenia-nieplodnosci-1024x386.jpg\" alt=\"\" class=\"wp-image-263383\" style=\"border-radius:50px\" srcset=\"https:\/\/invimed.pl\/wp-content\/uploads\/2025\/02\/HPV-wirus-_-Invimed-klinika-leczenia-nieplodnosci-1024x386.jpg 1024w, https:\/\/invimed.pl\/wp-content\/uploads\/2025\/02\/HPV-wirus-_-Invimed-klinika-leczenia-nieplodnosci-300x113.jpg 300w, https:\/\/invimed.pl\/wp-content\/uploads\/2025\/02\/HPV-wirus-_-Invimed-klinika-leczenia-nieplodnosci-768x289.jpg 768w, https:\/\/invimed.pl\/wp-content\/uploads\/2025\/02\/HPV-wirus-_-Invimed-klinika-leczenia-nieplodnosci-380x143.jpg 380w, https:\/\/invimed.pl\/wp-content\/uploads\/2025\/02\/HPV-wirus-_-Invimed-klinika-leczenia-nieplodnosci-54x20.jpg 54w, https:\/\/invimed.pl\/wp-content\/uploads\/2025\/02\/HPV-wirus-_-Invimed-klinika-leczenia-nieplodnosci-854x322.jpg 854w, https:\/\/invimed.pl\/wp-content\/uploads\/2025\/02\/HPV-wirus-_-Invimed-klinika-leczenia-nieplodnosci-411x155.jpg 411w, https:\/\/invimed.pl\/wp-content\/uploads\/2025\/02\/HPV-wirus-_-Invimed-klinika-leczenia-nieplodnosci-71x27.jpg 71w, https:\/\/invimed.pl\/wp-content\/uploads\/2025\/02\/HPV-wirus-_-Invimed-klinika-leczenia-nieplodnosci-442x167.jpg 442w, https:\/\/invimed.pl\/wp-content\/uploads\/2025\/02\/HPV-wirus-_-Invimed-klinika-leczenia-nieplodnosci-734x277.jpg 734w, https:\/\/invimed.pl\/wp-content\/uploads\/2025\/02\/HPV-wirus-_-Invimed-klinika-leczenia-nieplodnosci-70x26.jpg 70w, https:\/\/invimed.pl\/wp-content\/uploads\/2025\/02\/HPV-wirus-_-Invimed-klinika-leczenia-nieplodnosci-63x24.jpg 63w, https:\/\/invimed.pl\/wp-content\/uploads\/2025\/02\/HPV-wirus-_-Invimed-klinika-leczenia-nieplodnosci-464x175.jpg 464w, https:\/\/invimed.pl\/wp-content\/uploads\/2025\/02\/HPV-wirus-_-Invimed-klinika-leczenia-nieplodnosci-55x21.jpg 55w, https:\/\/invimed.pl\/wp-content\/uploads\/2025\/02\/HPV-wirus-_-Invimed-klinika-leczenia-nieplodnosci-112x42.jpg 112w, https:\/\/invimed.pl\/wp-content\/uploads\/2025\/02\/HPV-wirus-_-Invimed-klinika-leczenia-nieplodnosci-264x99.jpg 264w, https:\/\/invimed.pl\/wp-content\/uploads\/2025\/02\/HPV-wirus-_-Invimed-klinika-leczenia-nieplodnosci-200x75.jpg 200w, https:\/\/invimed.pl\/wp-content\/uploads\/2025\/02\/HPV-wirus-_-Invimed-klinika-leczenia-nieplodnosci-664x250.jpg 664w, https:\/\/invimed.pl\/wp-content\/uploads\/2025\/02\/HPV-wirus-_-Invimed-klinika-leczenia-nieplodnosci-368x139.jpg 368w, https:\/\/invimed.pl\/wp-content\/uploads\/2025\/02\/HPV-wirus-_-Invimed-klinika-leczenia-nieplodnosci-24x9.jpg 24w, https:\/\/invimed.pl\/wp-content\/uploads\/2025\/02\/HPV-wirus-_-Invimed-klinika-leczenia-nieplodnosci-550x207.jpg 550w, https:\/\/invimed.pl\/wp-content\/uploads\/2025\/02\/HPV-wirus-_-Invimed-klinika-leczenia-nieplodnosci-348x131.jpg 348w, https:\/\/invimed.pl\/wp-content\/uploads\/2025\/02\/HPV-wirus-_-Invimed-klinika-leczenia-nieplodnosci-88x33.jpg 88w, https:\/\/invimed.pl\/wp-content\/uploads\/2025\/02\/HPV-wirus-_-Invimed-klinika-leczenia-nieplodnosci-148x56.jpg 148w, https:\/\/invimed.pl\/wp-content\/uploads\/2025\/02\/HPV-wirus-_-Invimed-klinika-leczenia-nieplodnosci-176x66.jpg 176w, https:\/\/invimed.pl\/wp-content\/uploads\/2025\/02\/HPV-wirus-_-Invimed-klinika-leczenia-nieplodnosci-132x50.jpg 132w, https:\/\/invimed.pl\/wp-content\/uploads\/2025\/02\/HPV-wirus-_-Invimed-klinika-leczenia-nieplodnosci-272x102.jpg 272w, https:\/\/invimed.pl\/wp-content\/uploads\/2025\/02\/HPV-wirus-_-Invimed-klinika-leczenia-nieplodnosci-191x72.jpg 191w, https:\/\/invimed.pl\/wp-content\/uploads\/2025\/02\/HPV-wirus-_-Invimed-klinika-leczenia-nieplodnosci-45x17.jpg 45w, https:\/\/invimed.pl\/wp-content\/uploads\/2025\/02\/HPV-wirus-_-Invimed-klinika-leczenia-nieplodnosci-500x188.jpg 500w, https:\/\/invimed.pl\/wp-content\/uploads\/2025\/02\/HPV-wirus-_-Invimed-klinika-leczenia-nieplodnosci-585x220.jpg 585w, https:\/\/invimed.pl\/wp-content\/uploads\/2025\/02\/HPV-wirus-_-Invimed-klinika-leczenia-nieplodnosci-75x28.jpg 75w, https:\/\/invimed.pl\/wp-content\/uploads\/2025\/02\/HPV-wirus-_-Invimed-klinika-leczenia-nieplodnosci-1166x439.jpg 1166w, https:\/\/invimed.pl\/wp-content\/uploads\/2025\/02\/HPV-wirus-_-Invimed-klinika-leczenia-nieplodnosci-384x145.jpg 384w, https:\/\/invimed.pl\/wp-content\/uploads\/2025\/02\/HPV-wirus-_-Invimed-klinika-leczenia-nieplodnosci-1188x448.jpg 1188w, https:\/\/invimed.pl\/wp-content\/uploads\/2025\/02\/HPV-wirus-_-Invimed-klinika-leczenia-nieplodnosci-998x376.jpg 998w, https:\/\/invimed.pl\/wp-content\/uploads\/2025\/02\/HPV-wirus-_-Invimed-klinika-leczenia-nieplodnosci.jpg 1380w\" sizes=\"auto, (max-width: 1024px) 100vw, 1024px\" \/><\/figure>\n\n\n\n<p><\/p>\n\n\n\n<h2 class=\"wp-block-heading\" id=\"jak-sie-przygotowac-do-szczepienia-przeciwkohpv\">How do I prepare for the HPV vaccination?<\/h2>\n\n\n\n<p><\/p>\n\n\n\n<p>No special preparation is needed for the HPV vaccination for adults at the Invimed clinic. A referral for vaccination is also not necessary. An important part of the HPV vaccination is a qualifying visit during which the qualifying person takes a general history and recommends the appropriate vaccination schedule.<\/p>\n\n\n\n<section class=\"check-list\">\n\t    <header class=\"check-list__header\">\n        <div class=\"acf-innerblocks-container\">\n\n<p><strong>Contraindications to HPV vaccination<\/strong>:<\/p>\n\n<\/div>\n    <\/header>\n    <ul class=\"mb-0 p-0 check-list__inner\">\n            <li class=\"d-flex check-list__item\">\n            <div class=\"svg-container\">\n                <svg width=\"16\" height=\"16\">\n                    <use xlink:href=\"#icon-check-2\" \/>\n                <\/svg>\n            <\/div>\n            <div class=\"check-list__item__rte\">\n                <p>Age of children under 9 years, as there are no data on vaccine safety and efficacy in this age group. At the Invimed Warsaw Praga clinic, vaccination of children is not performed. <\/p>\n            <\/div>\n        <\/li>\n            <li class=\"d-flex check-list__item\">\n            <div class=\"svg-container\">\n                <svg width=\"16\" height=\"16\">\n                    <use xlink:href=\"#icon-check-2\" \/>\n                <\/svg>\n            <\/div>\n            <div class=\"check-list__item__rte\">\n                <p>Pregnancy (the vaccine can only be administered during breastfeeding if the potential benefits outweigh the possible risks).<\/p>\n            <\/div>\n        <\/li>\n            <li class=\"d-flex check-list__item\">\n            <div class=\"svg-container\">\n                <svg width=\"16\" height=\"16\">\n                    <use xlink:href=\"#icon-check-2\" \/>\n                <\/svg>\n            <\/div>\n            <div class=\"check-list__item__rte\">\n                <p>Allergies to HPV vaccine components.<\/p>\n            <\/div>\n        <\/li>\n            <li class=\"d-flex check-list__item\">\n            <div class=\"svg-container\">\n                <svg width=\"16\" height=\"16\">\n                    <use xlink:href=\"#icon-check-2\" \/>\n                <\/svg>\n            <\/div>\n            <div class=\"check-list__item__rte\">\n                <p>History of anaphylactic shock and severe adverse vaccination reactions.<\/p>\n            <\/div>\n        <\/li>\n            <li class=\"d-flex check-list__item\">\n            <div class=\"svg-container\">\n                <svg width=\"16\" height=\"16\">\n                    <use xlink:href=\"#icon-check-2\" \/>\n                <\/svg>\n            <\/div>\n            <div class=\"check-list__item__rte\">\n                <p>Active viral infection - in this case vaccination should be postponed to a later date (a slight fever or sub-febrile state is not a contraindication to vaccination).<\/p>\n            <\/div>\n        <\/li>\n            <li class=\"d-flex check-list__item\">\n            <div class=\"svg-container\">\n                <svg width=\"16\" height=\"16\">\n                    <use xlink:href=\"#icon-check-2\" \/>\n                <\/svg>\n            <\/div>\n            <div class=\"check-list__item__rte\">\n                <p>Immunodeficiencies - Although HPV vaccines are considered safe for people with immunodeficiencies (e.g. caused by HIV), the response to vaccination may be less effective. Each case should be assessed individually by a doctor.<\/p>\n            <\/div>\n        <\/li>\n        <\/ul>\n<\/section>\n\n\n\n<p><\/p>\n\n\n\n<h2 class=\"wp-block-heading\" id=\"szczepionka-hpv-dla-doroslych-warszawa-%e2%80%93-cena\">HPV vaccine for adults Warsaw - price<\/h2>\n\n\n\n<p><\/p>\n\n\n\n<p><strong>The price of the HPV vaccine is:<\/strong><\/p>\n\n\n\n<ul class=\"wp-block-list\">\n<li>First dose: \u00a3700. In addition, a qualification visit is required prior to the administration of the vaccine at a cost of \u00a3100.<\/li>\n<\/ul>\n\n\n\n<p>Current prices and availability of vaccinations may vary, so it is advisable to contact directly the <a href=\"https:\/\/invimed.pl\/en\/clinics\/warsaw\/prague\/\">Invimed facility <\/a>for the latest information.<\/p>\n\n\n\n<p><\/p>\n\n\n\n<h2 class=\"wp-block-heading\" id=\"jak-zapisac-sie-na-szczepienie-przeciw-hpv-dla-doroslych-w-warszawie-w-klinice-invimed\">How do I sign up for the HPV vaccination for adults, in Warsaw, at the Invimed clinic?<\/h2>\n\n\n\n<p><\/p>\n\n\n\n<p>Would you like to make an HPV vaccination appointment in Warsaw?<\/p>\n\n\n\n<p><strong>To make an appointment please:<\/strong><\/p>\n\n\n\n<section class=\"check-list\">\n\t    <header class=\"check-list__header\">\n        <div class=\"acf-innerblocks-container\"><\/div>\n    <\/header>\n    <ul class=\"mb-0 p-0 check-list__inner\">\n            <li class=\"d-flex check-list__item\">\n            <div class=\"svg-container\">\n                <svg width=\"16\" height=\"16\">\n                    <use xlink:href=\"#icon-check-2\" \/>\n                <\/svg>\n            <\/div>\n            <div class=\"check-list__item__rte\">\n                <p>call the helpline on 500 900 888<\/p>\n            <\/div>\n        <\/li>\n            <li class=\"d-flex check-list__item\">\n            <div class=\"svg-container\">\n                <svg width=\"16\" height=\"16\">\n                    <use xlink:href=\"#icon-check-2\" \/>\n                <\/svg>\n            <\/div>\n            <div class=\"check-list__item__rte\">\n                <p>complete and submit the form on this page<\/p>\n            <\/div>\n        <\/li>\n            <li class=\"d-flex check-list__item\">\n            <div class=\"svg-container\">\n                <svg width=\"16\" height=\"16\">\n                    <use xlink:href=\"#icon-check-2\" \/>\n                <\/svg>\n            <\/div>\n            <div class=\"check-list__item__rte\">\n                <p>send e-mail to: invimed@invimed.pl<\/p>\n            <\/div>\n        <\/li>\n            <li class=\"d-flex check-list__item\">\n            <div class=\"svg-container\">\n                <svg width=\"16\" height=\"16\">\n                    <use xlink:href=\"#icon-check-2\" \/>\n                <\/svg>\n            <\/div>\n            <div class=\"check-list__item__rte\">\n                <p>sign up at the reception desk of the Invimed clinic in <a href=\"https:\/\/invimed.pl\/en\/clinics\/warsaw\/prague\/\">Warsaw Prague<\/a><\/p>\n            <\/div>\n        <\/li>\n        <\/ul>\n<\/section>\n\n\n\n<p><\/p>\n\n\n\n<p>Prior to HPV vaccination, you will need to have a qualifying appointment, during which the qualifying person will review your condition and recommend an appropriate vaccination schedule. At the clinic, HPV vaccination is only carried out for adults. <\/p>\n\n\n\n<p>Take a step towards a healthier future - get vaccinated against HPV, protecting yourself and your loved ones from effectively preventable risks today.<\/p>\n\n\n\n<p><\/p>","protected":false},"excerpt":{"rendered":"<p>Szczepienie HPV dla doros\u0142ych, w Warszawie w klinice Invimed \u2013 co warto wiedzie\u0107? HPV (Human Papilloma Virus), czyli ludzki wirus brodawczaka, to powszechny patogen, kt\u00f3ry odpowiada za wyst\u0105pienie wielu niebezpiecznych chor\u00f3b. Wirus przenoszony jest drog\u0105 p\u0142ciow\u0105 zar\u00f3wno poprzez stosunki pochwowe, jak i oralne czy analne. Szacuje si\u0119, \u017ce na ca\u0142ym \u015bwiecie wirusem HPV zara\u017conych mo\u017ce [&hellip;]<\/p>\n","protected":false},"author":2,"featured_media":266220,"parent":3569,"menu_order":0,"comment_status":"closed","ping_status":"closed","template":"","meta":{"_acf_changed":false,"footnotes":""},"class_list":["post-263296","page","type-page","status-publish","has-post-thumbnail","hentry"],"acf":[],"yoast_head":"<!-- This site is optimized with the Yoast SEO plugin v27.2 - https:\/\/yoast.com\/product\/yoast-seo-wordpress\/ -->\n<title>Szczepienie HPV Warszawa \u2013 gdzie je wykona\u0107?<\/title>\n<meta name=\"description\" content=\"Um\u00f3w si\u0119 na szczepienie HPV w warszawskiej klinice Invimed. Dowiedz si\u0119, dlaczego warto si\u0119 szczepi\u0107 na HPV i jak skorzysta\u0107 ze szczepionki.\" \/>\n<meta name=\"robots\" content=\"index, follow, max-snippet:-1, max-image-preview:large, max-video-preview:-1\" \/>\n<meta property=\"og:locale\" content=\"en_GB\" \/>\n<meta property=\"og:type\" content=\"article\" \/>\n<meta property=\"og:title\" content=\"Szczepienie HPV Warszawa \u2013 gdzie je wykona\u0107?\" \/>\n<meta property=\"og:description\" content=\"Um\u00f3w si\u0119 na szczepienie HPV w warszawskiej klinice Invimed. Dowiedz si\u0119, dlaczego warto si\u0119 szczepi\u0107 na HPV i jak skorzysta\u0107 ze szczepionki.\" \/>\n<meta property=\"og:url\" content=\"https:\/\/invimed.pl\/en\/hpv-vaccination\/warsaw\/\" \/>\n<meta property=\"og:site_name\" content=\"Invimed\" \/>\n<meta property=\"article:modified_time\" content=\"2025-09-02T11:12:44+00:00\" \/>\n<meta property=\"og:image\" content=\"https:\/\/invimed.pl\/wp-content\/uploads\/2025\/02\/Invimed-Szczepienia-przeciwko-HPV-Warszawa.jpg\" \/>\n\t<meta property=\"og:image:width\" content=\"1380\" \/>\n\t<meta property=\"og:image:height\" content=\"520\" \/>\n\t<meta property=\"og:image:type\" content=\"image\/jpeg\" \/>\n<meta name=\"twitter:card\" content=\"summary_large_image\" \/>\n<meta name=\"twitter:label1\" content=\"Estimated reading time\" \/>\n\t<meta name=\"twitter:data1\" content=\"4 minutes\" \/>\n<!-- \/ Yoast SEO plugin. -->","yoast_head_json":{"title":"HPV vaccination Warsaw - where to get it?","description":"Make an appointment for HPV vaccination at the Invimed clinic in Warsaw. Find out why you should be vaccinated for HPV and how to benefit from the vaccine.","robots":{"index":"index","follow":"follow","max-snippet":"max-snippet:-1","max-image-preview":"max-image-preview:large","max-video-preview":"max-video-preview:-1"},"og_locale":"en_GB","og_type":"article","og_title":"Szczepienie HPV Warszawa \u2013 gdzie je wykona\u0107?","og_description":"Um\u00f3w si\u0119 na szczepienie HPV w warszawskiej klinice Invimed. Dowiedz si\u0119, dlaczego warto si\u0119 szczepi\u0107 na HPV i jak skorzysta\u0107 ze szczepionki.","og_url":"https:\/\/invimed.pl\/en\/hpv-vaccination\/warsaw\/","og_site_name":"Invimed","article_modified_time":"2025-09-02T11:12:44+00:00","og_image":[{"width":1380,"height":520,"url":"https:\/\/invimed.pl\/wp-content\/uploads\/2025\/02\/Invimed-Szczepienia-przeciwko-HPV-Warszawa.jpg","type":"image\/jpeg"}],"twitter_card":"summary_large_image","twitter_misc":{"Estimated reading time":"4 minutes"},"schema":{"@context":"https:\/\/schema.org","@graph":[{"@type":"WebPage","@id":"https:\/\/invimed.pl\/szczepienia-przeciwko-hpv\/warszawa","url":"https:\/\/invimed.pl\/szczepienia-przeciwko-hpv\/warszawa","name":"HPV vaccination Warsaw - where to get it?","isPartOf":{"@id":"https:\/\/invimed.pl\/#website"},"primaryImageOfPage":{"@id":"https:\/\/invimed.pl\/szczepienia-przeciwko-hpv\/warszawa#primaryimage"},"image":{"@id":"https:\/\/invimed.pl\/szczepienia-przeciwko-hpv\/warszawa#primaryimage"},"thumbnailUrl":"https:\/\/invimed.pl\/wp-content\/uploads\/2025\/02\/Invimed-Szczepienia-przeciwko-HPV-Warszawa.jpg","datePublished":"2025-01-28T14:08:03+00:00","dateModified":"2025-09-02T11:12:44+00:00","description":"Make an appointment for HPV vaccination at the Invimed clinic in Warsaw. Find out why you should be vaccinated for HPV and how to benefit from the vaccine.","breadcrumb":{"@id":"https:\/\/invimed.pl\/szczepienia-przeciwko-hpv\/warszawa#breadcrumb"},"inLanguage":"en-GB","potentialAction":[{"@type":"ReadAction","target":["https:\/\/invimed.pl\/szczepienia-przeciwko-hpv\/warszawa"]}]},{"@type":"ImageObject","inLanguage":"en-GB","@id":"https:\/\/invimed.pl\/szczepienia-przeciwko-hpv\/warszawa#primaryimage","url":"https:\/\/invimed.pl\/wp-content\/uploads\/2025\/02\/Invimed-Szczepienia-przeciwko-HPV-Warszawa.jpg","contentUrl":"https:\/\/invimed.pl\/wp-content\/uploads\/2025\/02\/Invimed-Szczepienia-przeciwko-HPV-Warszawa.jpg","width":1380,"height":520},{"@type":"BreadcrumbList","@id":"https:\/\/invimed.pl\/szczepienia-przeciwko-hpv\/warszawa#breadcrumb","itemListElement":[{"@type":"ListItem","position":1,"name":"Strona g\u0142\u00f3wna","item":"https:\/\/invimed.pl\/"},{"@type":"ListItem","position":2,"name":"Szczepienia przeciwko HPV \u2013 kiedy i jak je wykona\u0107?","item":"https:\/\/invimed.pl\/szczepienia-przeciwko-hpv"},{"@type":"ListItem","position":3,"name":"Szczepienia przeciwko HPV \u2013 Invimed Warszawa"}]},{"@type":"WebSite","@id":"https:\/\/invimed.pl\/#website","url":"https:\/\/invimed.pl\/","name":"Invimed","description":"Our mission is to create a happy family together","potentialAction":[{"@type":"SearchAction","target":{"@type":"EntryPoint","urlTemplate":"https:\/\/invimed.pl\/?s={search_term_string}"},"query-input":{"@type":"PropertyValueSpecification","valueRequired":true,"valueName":"search_term_string"}}],"inLanguage":"en-GB"}]}},"_links":{"self":[{"href":"https:\/\/invimed.pl\/en\/wp-json\/wp\/v2\/pages\/263296","targetHints":{"allow":["GET"]}}],"collection":[{"href":"https:\/\/invimed.pl\/en\/wp-json\/wp\/v2\/pages"}],"about":[{"href":"https:\/\/invimed.pl\/en\/wp-json\/wp\/v2\/types\/page"}],"author":[{"embeddable":true,"href":"https:\/\/invimed.pl\/en\/wp-json\/wp\/v2\/users\/2"}],"replies":[{"embeddable":true,"href":"https:\/\/invimed.pl\/en\/wp-json\/wp\/v2\/comments?post=263296"}],"version-history":[{"count":10,"href":"https:\/\/invimed.pl\/en\/wp-json\/wp\/v2\/pages\/263296\/revisions"}],"predecessor-version":[{"id":269995,"href":"https:\/\/invimed.pl\/en\/wp-json\/wp\/v2\/pages\/263296\/revisions\/269995"}],"up":[{"embeddable":true,"href":"https:\/\/invimed.pl\/en\/wp-json\/wp\/v2\/pages\/3569"}],"wp:featuredmedia":[{"embeddable":true,"href":"https:\/\/invimed.pl\/en\/wp-json\/wp\/v2\/media\/266220"}],"wp:attachment":[{"href":"https:\/\/invimed.pl\/en\/wp-json\/wp\/v2\/media?parent=263296"}],"curies":[{"name":"wp","href":"https:\/\/api.w.org\/{rel}","templated":true}]}}