{"id":2638,"date":"2024-04-12T11:52:08","date_gmt":"2024-04-12T11:52:08","guid":{"rendered":"https:\/\/invimed.pl\/?page_id=2638"},"modified":"2025-12-10T14:07:55","modified_gmt":"2025-12-10T14:07:55","slug":"egg-cell-adoption-programme-with-guaranteed-number-and-quality-of-embryos","status":"publish","type":"page","link":"https:\/\/invimed.pl\/en\/adopcja-komorek-jajowych","title":{"rendered":"Oocyte adoption programme with guaranteed number and quality of embryos"},"content":{"rendered":"<h2 class=\"wp-block-heading\" id=\"gwarancja-3-zarodkow-wysokiej-jakosci\"><strong>Guarantee of 3 high quality embryos<\/strong><\/h2>\n\n\n\n<p>We were the first in Poland to guarantee our patients three high-quality embryos. What distinguishes the Invimed programme?<\/p>\n\n\n\n\n\n<p>How does the guarantee work?<\/p>\n\n\n\n<p>You can read more about the embryo number and quality guarantee on the website:&nbsp;<a href=\"#\" target=\"_blank\" rel=\"noreferrer noopener\">A realistic chance of pregnancy and child - how does the guarantee work?<\/a><\/p>","protected":false},"excerpt":{"rendered":"<p>Guarantee of 3 high quality embryos We are the first in Poland to guarantee three high quality embryos to our patients. What distinguishes the Invimed programme? How does the guarantee work? You can read more about the guarantee of the number and quality of embryos on the website: A realistic chance of pregnancy and a baby - how does the guarantee work?<\/p>","protected":false},"author":1,"featured_media":2640,"parent":0,"menu_order":0,"comment_status":"closed","ping_status":"closed","template":"","meta":{"_acf_changed":false,"footnotes":""},"class_list":["post-2638","page","type-page","status-publish","has-post-thumbnail","hentry"],"acf":[],"yoast_head":"<!-- This site is optimized with the Yoast SEO plugin v27.2 - https:\/\/yoast.com\/product\/yoast-seo-wordpress\/ -->\n<title>Program adopcji kom\u00f3rek jajowych z gwarancj\u0105<\/title>\n<meta name=\"robots\" content=\"index, follow, max-snippet:-1, max-image-preview:large, max-video-preview:-1\" \/>\n<meta property=\"og:locale\" content=\"en_GB\" \/>\n<meta property=\"og:type\" content=\"article\" \/>\n<meta property=\"og:title\" content=\"Program adopcji kom\u00f3rek jajowych z gwarancj\u0105\" \/>\n<meta property=\"og:description\" content=\"Gwarancja 3 zarodk\u00f3w wysokiej jako\u015bci Jako pierwsi w Polsce zagwarantowali\u015bmy naszym pacjentom trzy wysokiej jako\u015bci zarodki.&nbsp;Czym wyr\u00f3\u017cnia si\u0119 program Invimed? Jak dzia\u0142a gwarancja? Wi\u0119cej na temat gwarancji liczby i jako\u015bci zarodk\u00f3w przeczytasz na stronie:&nbsp;Realna szansa na ci\u0105\u017c\u0119 i dziecko &#8211; jak dzia\u0142a gwarancja?\" \/>\n<meta property=\"og:url\" content=\"https:\/\/invimed.pl\/en\/egg-cell-adoption\/\" \/>\n<meta property=\"og:site_name\" content=\"Invimed\" \/>\n<meta property=\"article:modified_time\" content=\"2025-12-10T14:07:55+00:00\" \/>\n<meta property=\"og:image\" content=\"https:\/\/invimed.pl\/wp-content\/uploads\/2024\/04\/1400x300-20-jpg.jpg\" \/>\n\t<meta property=\"og:image:width\" content=\"1440\" \/>\n\t<meta property=\"og:image:height\" content=\"300\" \/>\n\t<meta property=\"og:image:type\" content=\"image\/jpeg\" \/>\n<meta name=\"twitter:card\" content=\"summary_large_image\" \/>\n<meta name=\"twitter:label1\" content=\"Estimated reading time\" \/>\n\t<meta name=\"twitter:data1\" content=\"1 minute\" \/>\n<!-- \/ Yoast SEO plugin. -->","yoast_head_json":{"title":"Guaranteed egg cell adoption programme","robots":{"index":"index","follow":"follow","max-snippet":"max-snippet:-1","max-image-preview":"max-image-preview:large","max-video-preview":"max-video-preview:-1"},"og_locale":"en_GB","og_type":"article","og_title":"Program adopcji kom\u00f3rek jajowych z gwarancj\u0105","og_description":"Gwarancja 3 zarodk\u00f3w wysokiej jako\u015bci Jako pierwsi w Polsce zagwarantowali\u015bmy naszym pacjentom trzy wysokiej jako\u015bci zarodki.&nbsp;Czym wyr\u00f3\u017cnia si\u0119 program Invimed? Jak dzia\u0142a gwarancja? Wi\u0119cej na temat gwarancji liczby i jako\u015bci zarodk\u00f3w przeczytasz na stronie:&nbsp;Realna szansa na ci\u0105\u017c\u0119 i dziecko &#8211; jak dzia\u0142a gwarancja?","og_url":"https:\/\/invimed.pl\/en\/egg-cell-adoption\/","og_site_name":"Invimed","article_modified_time":"2025-12-10T14:07:55+00:00","og_image":[{"width":1440,"height":300,"url":"https:\/\/invimed.pl\/wp-content\/uploads\/2024\/04\/1400x300-20-jpg.jpg","type":"image\/jpeg"}],"twitter_card":"summary_large_image","twitter_misc":{"Estimated reading time":"1 minute"},"schema":{"@context":"https:\/\/schema.org","@graph":[{"@type":"WebPage","@id":"https:\/\/invimed.pl\/adopcja-komorek-jajowych","url":"https:\/\/invimed.pl\/adopcja-komorek-jajowych","name":"Guaranteed egg cell adoption programme","isPartOf":{"@id":"https:\/\/invimed.pl\/#website"},"primaryImageOfPage":{"@id":"https:\/\/invimed.pl\/adopcja-komorek-jajowych#primaryimage"},"image":{"@id":"https:\/\/invimed.pl\/adopcja-komorek-jajowych#primaryimage"},"thumbnailUrl":"https:\/\/invimed.pl\/wp-content\/uploads\/2024\/04\/1400x300-20-jpg.jpg","datePublished":"2024-04-12T11:52:08+00:00","dateModified":"2025-12-10T14:07:55+00:00","breadcrumb":{"@id":"https:\/\/invimed.pl\/adopcja-komorek-jajowych#breadcrumb"},"inLanguage":"en-GB","potentialAction":[{"@type":"ReadAction","target":["https:\/\/invimed.pl\/adopcja-komorek-jajowych"]}]},{"@type":"ImageObject","inLanguage":"en-GB","@id":"https:\/\/invimed.pl\/adopcja-komorek-jajowych#primaryimage","url":"https:\/\/invimed.pl\/wp-content\/uploads\/2024\/04\/1400x300-20-jpg.jpg","contentUrl":"https:\/\/invimed.pl\/wp-content\/uploads\/2024\/04\/1400x300-20-jpg.jpg","width":1440,"height":300},{"@type":"BreadcrumbList","@id":"https:\/\/invimed.pl\/adopcja-komorek-jajowych#breadcrumb","itemListElement":[{"@type":"ListItem","position":1,"name":"Strona g\u0142\u00f3wna","item":"https:\/\/invimed.pl\/"},{"@type":"ListItem","position":2,"name":"Program adopcji kom\u00f3rek jajowych z gwarancj\u0105 liczby i jako\u015bci zarodk\u00f3w"}]},{"@type":"WebSite","@id":"https:\/\/invimed.pl\/#website","url":"https:\/\/invimed.pl\/","name":"Invimed","description":"Our mission is to create a happy family together","potentialAction":[{"@type":"SearchAction","target":{"@type":"EntryPoint","urlTemplate":"https:\/\/invimed.pl\/?s={search_term_string}"},"query-input":{"@type":"PropertyValueSpecification","valueRequired":true,"valueName":"search_term_string"}}],"inLanguage":"en-GB"}]}},"_links":{"self":[{"href":"https:\/\/invimed.pl\/en\/wp-json\/wp\/v2\/pages\/2638","targetHints":{"allow":["GET"]}}],"collection":[{"href":"https:\/\/invimed.pl\/en\/wp-json\/wp\/v2\/pages"}],"about":[{"href":"https:\/\/invimed.pl\/en\/wp-json\/wp\/v2\/types\/page"}],"author":[{"embeddable":true,"href":"https:\/\/invimed.pl\/en\/wp-json\/wp\/v2\/users\/1"}],"replies":[{"embeddable":true,"href":"https:\/\/invimed.pl\/en\/wp-json\/wp\/v2\/comments?post=2638"}],"version-history":[{"count":13,"href":"https:\/\/invimed.pl\/en\/wp-json\/wp\/v2\/pages\/2638\/revisions"}],"predecessor-version":[{"id":257792,"href":"https:\/\/invimed.pl\/en\/wp-json\/wp\/v2\/pages\/2638\/revisions\/257792"}],"wp:featuredmedia":[{"embeddable":true,"href":"https:\/\/invimed.pl\/en\/wp-json\/wp\/v2\/media\/2640"}],"wp:attachment":[{"href":"https:\/\/invimed.pl\/en\/wp-json\/wp\/v2\/media?parent=2638"}],"curies":[{"name":"wp","href":"https:\/\/api.w.org\/{rel}","templated":true}]}}