{"id":269640,"date":"2025-06-09T07:50:15","date_gmt":"2025-06-09T07:50:15","guid":{"rendered":"https:\/\/invimed.pl\/?page_id=269640"},"modified":"2026-03-18T12:13:01","modified_gmt":"2026-03-18T12:13:01","slug":"badania-genetyczne-w-ciazy","status":"publish","type":"page","link":"https:\/\/invimed.pl\/en\/badania\/genetyczne\/w-ciazy","title":{"rendered":"Genetic testing in pregnancy"},"content":{"rendered":"<h2 class=\"wp-block-heading\" id=\"badanie-veracity-advanced-precyzja-i-bezpieczenstwo\"><strong>The VERACITY Advanced study: Precision and Safety<\/strong><\/h2>\n\n\n\n<p><\/p>\n\n\n\n<p>VERCAITY is a state-of-the-art, non-invasive prenatal test that has gained recognition for its high accuracy (over 99% in detecting the most common trisomies) and safety. It only needs a small blood sample from the pregnant woman to be performed, eliminating the risks associated with invasive procedures such as amniocentesis<\/p>\n\n\n\n<section class=\"check-list\">\n\t    <header class=\"check-list__header\">\n        <div class=\"acf-innerblocks-container\">\n\n<p><strong>Veracity testing allows early detection of the risk of many genetic defects, including:<\/strong><\/p>\n\n<\/div>\n    <\/header>\n    <ul class=\"mb-0 p-0 check-list__inner\">\n            <li class=\"d-flex check-list__item\">\n            <div class=\"svg-container\">\n                <svg width=\"16\" height=\"16\">\n                    <use xlink:href=\"#icon-check-2\" \/>\n                <\/svg>\n            <\/div>\n            <div class=\"check-list__item__rte\">\n                <p>Autosomal trisomies such as Down syndrome (trisomy 21), Edwards syndrome (trisomy 18) and Patau syndrome (trisomy 13)<\/p>\n            <\/div>\n        <\/li>\n            <li class=\"d-flex check-list__item\">\n            <div class=\"svg-container\">\n                <svg width=\"16\" height=\"16\">\n                    <use xlink:href=\"#icon-check-2\" \/>\n                <\/svg>\n            <\/div>\n            <div class=\"check-list__item__rte\">\n                <p>Aneuploidies of the sex chromosomes, e.g. Turner syndrome (monosomy X), Klinefelter syndrome (XXY)<\/p>\n            <\/div>\n        <\/li>\n            <li class=\"d-flex check-list__item\">\n            <div class=\"svg-container\">\n                <svg width=\"16\" height=\"16\">\n                    <use xlink:href=\"#icon-check-2\" \/>\n                <\/svg>\n            <\/div>\n            <div class=\"check-list__item__rte\">\n                <p>Selected microdeletions, i.e. defects in small chromosome fragments that can lead to serious syndromes (e.g. DiGeorge syndrome, Wolf-Hirschhorn syndrome)<\/p>\n            <\/div>\n        <\/li>\n        <\/ul>\n<\/section>\n\n\n\n<p>For more information -&gt; on <a href=\"https:\/\/invimed.pl\/en\/research\/prenatal-tests\/veracity\/\">VERACITY Advanced.<\/a><\/p>\n\n\n\n<p>The VERACITY Advanced test can be performed as early as 9 weeks of pregnancy and the results are usually available within several days. This gives the parents valuable time to possibly take further action and prepare for the future.<\/p>\n\n\n\n<figure class=\"wp-block-image aligncenter size-full has-custom-border\"><img loading=\"lazy\" decoding=\"async\" width=\"690\" height=\"400\" src=\"https:\/\/invimed.pl\/wp-content\/uploads\/2025\/06\/Badania-genetyczne-w-ciazy-01-klinika-leczenia-nieplodnosci-Invimed.jpg\" alt=\"\" class=\"wp-image-269691\" style=\"border-radius:25px\" srcset=\"https:\/\/invimed.pl\/wp-content\/uploads\/2025\/06\/Badania-genetyczne-w-ciazy-01-klinika-leczenia-nieplodnosci-Invimed.jpg 690w, https:\/\/invimed.pl\/wp-content\/uploads\/2025\/06\/Badania-genetyczne-w-ciazy-01-klinika-leczenia-nieplodnosci-Invimed-300x174.jpg 300w, https:\/\/invimed.pl\/wp-content\/uploads\/2025\/06\/Badania-genetyczne-w-ciazy-01-klinika-leczenia-nieplodnosci-Invimed-18x10.jpg 18w, https:\/\/invimed.pl\/wp-content\/uploads\/2025\/06\/Badania-genetyczne-w-ciazy-01-klinika-leczenia-nieplodnosci-Invimed-380x220.jpg 380w, https:\/\/invimed.pl\/wp-content\/uploads\/2025\/06\/Badania-genetyczne-w-ciazy-01-klinika-leczenia-nieplodnosci-Invimed-54x31.jpg 54w, https:\/\/invimed.pl\/wp-content\/uploads\/2025\/06\/Badania-genetyczne-w-ciazy-01-klinika-leczenia-nieplodnosci-Invimed-411x238.jpg 411w, https:\/\/invimed.pl\/wp-content\/uploads\/2025\/06\/Badania-genetyczne-w-ciazy-01-klinika-leczenia-nieplodnosci-Invimed-71x41.jpg 71w, https:\/\/invimed.pl\/wp-content\/uploads\/2025\/06\/Badania-genetyczne-w-ciazy-01-klinika-leczenia-nieplodnosci-Invimed-442x256.jpg 442w, https:\/\/invimed.pl\/wp-content\/uploads\/2025\/06\/Badania-genetyczne-w-ciazy-01-klinika-leczenia-nieplodnosci-Invimed-70x41.jpg 70w, https:\/\/invimed.pl\/wp-content\/uploads\/2025\/06\/Badania-genetyczne-w-ciazy-01-klinika-leczenia-nieplodnosci-Invimed-63x37.jpg 63w, https:\/\/invimed.pl\/wp-content\/uploads\/2025\/06\/Badania-genetyczne-w-ciazy-01-klinika-leczenia-nieplodnosci-Invimed-464x269.jpg 464w, https:\/\/invimed.pl\/wp-content\/uploads\/2025\/06\/Badania-genetyczne-w-ciazy-01-klinika-leczenia-nieplodnosci-Invimed-55x32.jpg 55w, https:\/\/invimed.pl\/wp-content\/uploads\/2025\/06\/Badania-genetyczne-w-ciazy-01-klinika-leczenia-nieplodnosci-Invimed-112x65.jpg 112w, https:\/\/invimed.pl\/wp-content\/uploads\/2025\/06\/Badania-genetyczne-w-ciazy-01-klinika-leczenia-nieplodnosci-Invimed-255x148.jpg 255w, https:\/\/invimed.pl\/wp-content\/uploads\/2025\/06\/Badania-genetyczne-w-ciazy-01-klinika-leczenia-nieplodnosci-Invimed-200x116.jpg 200w, https:\/\/invimed.pl\/wp-content\/uploads\/2025\/06\/Badania-genetyczne-w-ciazy-01-klinika-leczenia-nieplodnosci-Invimed-638x370.jpg 638w, https:\/\/invimed.pl\/wp-content\/uploads\/2025\/06\/Badania-genetyczne-w-ciazy-01-klinika-leczenia-nieplodnosci-Invimed-368x213.jpg 368w, https:\/\/invimed.pl\/wp-content\/uploads\/2025\/06\/Badania-genetyczne-w-ciazy-01-klinika-leczenia-nieplodnosci-Invimed-24x14.jpg 24w, https:\/\/invimed.pl\/wp-content\/uploads\/2025\/06\/Badania-genetyczne-w-ciazy-01-klinika-leczenia-nieplodnosci-Invimed-550x319.jpg 550w, https:\/\/invimed.pl\/wp-content\/uploads\/2025\/06\/Badania-genetyczne-w-ciazy-01-klinika-leczenia-nieplodnosci-Invimed-348x202.jpg 348w, https:\/\/invimed.pl\/wp-content\/uploads\/2025\/06\/Badania-genetyczne-w-ciazy-01-klinika-leczenia-nieplodnosci-Invimed-88x51.jpg 88w, https:\/\/invimed.pl\/wp-content\/uploads\/2025\/06\/Badania-genetyczne-w-ciazy-01-klinika-leczenia-nieplodnosci-Invimed-148x86.jpg 148w, https:\/\/invimed.pl\/wp-content\/uploads\/2025\/06\/Badania-genetyczne-w-ciazy-01-klinika-leczenia-nieplodnosci-Invimed-176x102.jpg 176w, https:\/\/invimed.pl\/wp-content\/uploads\/2025\/06\/Badania-genetyczne-w-ciazy-01-klinika-leczenia-nieplodnosci-Invimed-132x77.jpg 132w, https:\/\/invimed.pl\/wp-content\/uploads\/2025\/06\/Badania-genetyczne-w-ciazy-01-klinika-leczenia-nieplodnosci-Invimed-272x158.jpg 272w, https:\/\/invimed.pl\/wp-content\/uploads\/2025\/06\/Badania-genetyczne-w-ciazy-01-klinika-leczenia-nieplodnosci-Invimed-124x72.jpg 124w, https:\/\/invimed.pl\/wp-content\/uploads\/2025\/06\/Badania-genetyczne-w-ciazy-01-klinika-leczenia-nieplodnosci-Invimed-45x26.jpg 45w, https:\/\/invimed.pl\/wp-content\/uploads\/2025\/06\/Badania-genetyczne-w-ciazy-01-klinika-leczenia-nieplodnosci-Invimed-500x290.jpg 500w, https:\/\/invimed.pl\/wp-content\/uploads\/2025\/06\/Badania-genetyczne-w-ciazy-01-klinika-leczenia-nieplodnosci-Invimed-585x339.jpg 585w, https:\/\/invimed.pl\/wp-content\/uploads\/2025\/06\/Badania-genetyczne-w-ciazy-01-klinika-leczenia-nieplodnosci-Invimed-75x43.jpg 75w, https:\/\/invimed.pl\/wp-content\/uploads\/2025\/06\/Badania-genetyczne-w-ciazy-01-klinika-leczenia-nieplodnosci-Invimed-276x160.jpg 276w\" sizes=\"auto, (max-width: 690px) 100vw, 690px\" \/><\/figure>\n\n\n\n<h2 class=\"wp-block-heading\" id=\"badanie-veragene-kompleksowa-analiza-dna-obojga-rodzicow\"><strong>VERAgene test: Comprehensive DNA analysis of both parents<\/strong><\/h2>\n\n\n\n<p><\/p>\n\n\n\n<p>VERAgene is an innovative prenatal test that is an extended version of the VERACITY Advanced test, offering the widest diagnostic range among the available non-invasive NIPT tests. Its uniqueness lies in the fact that, in addition to analysing fetal DNA from the mother's blood, it also takes into account the genetic material of the biological father (collected by cheek swab).<\/p>\n\n\n\n<section class=\"check-list\">\n\t    <header class=\"check-list__header\">\n        <div class=\"acf-innerblocks-container\">\n\n<p><strong>This additional analysis allows:<\/strong><\/p>\n\n<\/div>\n    <\/header>\n    <ul class=\"mb-0 p-0 check-list__inner\">\n            <li class=\"d-flex check-list__item\">\n            <div class=\"svg-container\">\n                <svg width=\"16\" height=\"16\">\n                    <use xlink:href=\"#icon-check-2\" \/>\n                <\/svg>\n            <\/div>\n            <div class=\"check-list__item__rte\">\n                <p>Detection of all anomalies covered by the VERACITY test <span data-olk-copy-source=\"MessageBody\">Advanced<\/span> (trisomies, sex chromosome aneuploidies, microdeletions).<\/p>\n            <\/div>\n        <\/li>\n            <li class=\"d-flex check-list__item\">\n            <div class=\"svg-container\">\n                <svg width=\"16\" height=\"16\">\n                    <use xlink:href=\"#icon-check-2\" \/>\n                <\/svg>\n            <\/div>\n            <div class=\"check-list__item__rte\">\n                <p>Identify the risk of fetal inheritance of more than 100 monogenic (single-gene) diseases, such as cystic fibrosis, phenylketonuria or sickle cell anaemia. This is particularly important if there is a family history of autosomal recessively inherited diseases, where the parents may be asymptomatic carriers.<\/p>\n            <\/div>\n        <\/li>\n            <li class=\"d-flex check-list__item\">\n            <div class=\"svg-container\">\n                <svg width=\"16\" height=\"16\">\n                    <use xlink:href=\"#icon-check-2\" \/>\n                <\/svg>\n            <\/div>\n            <div class=\"check-list__item__rte\">\n                <p>The VERAgene test is particularly recommended for couples who want to gain the most comprehensive knowledge of their baby's genetic health early in pregnancy. Like VERACITY <span data-olk-copy-source=\"MessageBody\">Advanced<\/span>, is safe, non-invasive and can be performed from the 9th week of pregnancy, providing precise results.<\/p>\n            <\/div>\n        <\/li>\n        <\/ul>\n<\/section>\n\n\n\n<p><\/p>\n\n\n\n<p>Choosing the right prenatal test is an important decision to make after consulting with your pregnancy doctor or geneticist. Both VERACITY Advanced and VERAgene are advanced tools that can bring peace of mind and reassurance to help you make informed decisions about your family's future.<\/p>","protected":false},"excerpt":{"rendered":"<p>Badanie VERACITY Advanced: Precyzja i Bezpiecze\u0144stwo VERCAITY to nowoczesny, nieinwazyjny test prenatalny, kt\u00f3ry zyska\u0142 uznanie dzi\u0119ki swojej wysokiej dok\u0142adno\u015bci (ponad 99% w wykrywaniu najcz\u0119stszych trisomii) i bezpiecze\u0144stwu. Do jego wykonania wystarczy pobranie niewielkiej pr\u00f3bki krwi od ci\u0119\u017carnej, co eliminuje ryzyko zwi\u0105zane z inwazyjnymi procedurami, takimi jak amniopunkcja Wi\u0119cej informacji -> na stronie VERACITY Advanced. Test [&hellip;]<\/p>\n","protected":false},"author":2,"featured_media":269690,"parent":269431,"menu_order":0,"comment_status":"closed","ping_status":"closed","template":"","meta":{"_acf_changed":false,"footnotes":""},"class_list":["post-269640","page","type-page","status-publish","has-post-thumbnail","hentry"],"acf":[],"yoast_head":"<!-- This site is optimized with the Yoast SEO plugin v27.2 - https:\/\/yoast.com\/product\/yoast-seo-wordpress\/ -->\n<title>Badania genetyczne w ci\u0105\u017cy - Invimed<\/title>\n<meta name=\"description\" content=\"Badania genetyczne w ci\u0105\u017cy w Invimed: NIPT (Veracity Advanced), kariotyp, USG genetyczne. Zadbaj o zdrowie maluszka. Poznaj ofert\u0119!\" \/>\n<meta name=\"robots\" content=\"index, follow, max-snippet:-1, max-image-preview:large, max-video-preview:-1\" \/>\n<meta property=\"og:locale\" content=\"en_GB\" \/>\n<meta property=\"og:type\" content=\"article\" \/>\n<meta property=\"og:title\" content=\"Badania genetyczne w ci\u0105\u017cy - Invimed\" \/>\n<meta property=\"og:description\" content=\"Badania genetyczne w ci\u0105\u017cy w Invimed: NIPT (Veracity Advanced), kariotyp, USG genetyczne. Zadbaj o zdrowie maluszka. Poznaj ofert\u0119!\" \/>\n<meta property=\"og:url\" content=\"https:\/\/invimed.pl\/en\/research\/genetic\/pregnant\/\" \/>\n<meta property=\"og:site_name\" content=\"Invimed\" \/>\n<meta property=\"article:modified_time\" content=\"2026-03-18T12:13:01+00:00\" \/>\n<meta property=\"og:image\" content=\"https:\/\/invimed.pl\/wp-content\/uploads\/2025\/06\/badania-genetyczne-w-ciazy-invimed-klinika-leczenia-nieplodnosci.jpg\" \/>\n\t<meta property=\"og:image:width\" content=\"690\" \/>\n\t<meta property=\"og:image:height\" content=\"400\" \/>\n\t<meta property=\"og:image:type\" content=\"image\/jpeg\" \/>\n<meta name=\"twitter:card\" content=\"summary_large_image\" \/>\n<meta name=\"twitter:label1\" content=\"Estimated reading time\" \/>\n\t<meta name=\"twitter:data1\" content=\"2 minutes\" \/>\n<!-- \/ Yoast SEO plugin. -->","yoast_head_json":{"title":"Genetic testing in pregnancy - Invimed","description":"Genetic tests during pregnancy at Invimed: NIPT (Veracity Advanced), karyotype, genetic ultrasound. Take care of your baby's health. Find out what we have to offer!","robots":{"index":"index","follow":"follow","max-snippet":"max-snippet:-1","max-image-preview":"max-image-preview:large","max-video-preview":"max-video-preview:-1"},"og_locale":"en_GB","og_type":"article","og_title":"Badania genetyczne w ci\u0105\u017cy - Invimed","og_description":"Badania genetyczne w ci\u0105\u017cy w Invimed: NIPT (Veracity Advanced), kariotyp, USG genetyczne. Zadbaj o zdrowie maluszka. Poznaj ofert\u0119!","og_url":"https:\/\/invimed.pl\/en\/research\/genetic\/pregnant\/","og_site_name":"Invimed","article_modified_time":"2026-03-18T12:13:01+00:00","og_image":[{"width":690,"height":400,"url":"https:\/\/invimed.pl\/wp-content\/uploads\/2025\/06\/badania-genetyczne-w-ciazy-invimed-klinika-leczenia-nieplodnosci.jpg","type":"image\/jpeg"}],"twitter_card":"summary_large_image","twitter_misc":{"Estimated reading time":"2 minutes"},"schema":{"@context":"https:\/\/schema.org","@graph":[{"@type":"WebPage","@id":"https:\/\/invimed.pl\/badania\/genetyczne\/w-ciazy","url":"https:\/\/invimed.pl\/badania\/genetyczne\/w-ciazy","name":"Genetic testing in pregnancy - Invimed","isPartOf":{"@id":"https:\/\/invimed.pl\/#website"},"primaryImageOfPage":{"@id":"https:\/\/invimed.pl\/badania\/genetyczne\/w-ciazy#primaryimage"},"image":{"@id":"https:\/\/invimed.pl\/badania\/genetyczne\/w-ciazy#primaryimage"},"thumbnailUrl":"https:\/\/invimed.pl\/wp-content\/uploads\/2025\/06\/badania-genetyczne-w-ciazy-invimed-klinika-leczenia-nieplodnosci.jpg","datePublished":"2025-06-09T07:50:15+00:00","dateModified":"2026-03-18T12:13:01+00:00","description":"Genetic tests during pregnancy at Invimed: NIPT (Veracity Advanced), karyotype, genetic ultrasound. Take care of your baby's health. Find out what we have to offer!","breadcrumb":{"@id":"https:\/\/invimed.pl\/badania\/genetyczne\/w-ciazy#breadcrumb"},"inLanguage":"en-GB","potentialAction":[{"@type":"ReadAction","target":["https:\/\/invimed.pl\/badania\/genetyczne\/w-ciazy"]}]},{"@type":"ImageObject","inLanguage":"en-GB","@id":"https:\/\/invimed.pl\/badania\/genetyczne\/w-ciazy#primaryimage","url":"https:\/\/invimed.pl\/wp-content\/uploads\/2025\/06\/badania-genetyczne-w-ciazy-invimed-klinika-leczenia-nieplodnosci.jpg","contentUrl":"https:\/\/invimed.pl\/wp-content\/uploads\/2025\/06\/badania-genetyczne-w-ciazy-invimed-klinika-leczenia-nieplodnosci.jpg","width":690,"height":400},{"@type":"BreadcrumbList","@id":"https:\/\/invimed.pl\/badania\/genetyczne\/w-ciazy#breadcrumb","itemListElement":[{"@type":"ListItem","position":1,"name":"Strona g\u0142\u00f3wna","item":"https:\/\/invimed.pl\/"},{"@type":"ListItem","position":2,"name":"Badania","item":"https:\/\/invimed.pl\/badania"},{"@type":"ListItem","position":3,"name":"Badania genetyczne","item":"https:\/\/invimed.pl\/badania\/genetyczne"},{"@type":"ListItem","position":4,"name":"Badania genetyczne w ci\u0105\u017cy"}]},{"@type":"WebSite","@id":"https:\/\/invimed.pl\/#website","url":"https:\/\/invimed.pl\/","name":"Invimed","description":"Our mission is to create a happy family together","potentialAction":[{"@type":"SearchAction","target":{"@type":"EntryPoint","urlTemplate":"https:\/\/invimed.pl\/?s={search_term_string}"},"query-input":{"@type":"PropertyValueSpecification","valueRequired":true,"valueName":"search_term_string"}}],"inLanguage":"en-GB"}]}},"_links":{"self":[{"href":"https:\/\/invimed.pl\/en\/wp-json\/wp\/v2\/pages\/269640","targetHints":{"allow":["GET"]}}],"collection":[{"href":"https:\/\/invimed.pl\/en\/wp-json\/wp\/v2\/pages"}],"about":[{"href":"https:\/\/invimed.pl\/en\/wp-json\/wp\/v2\/types\/page"}],"author":[{"embeddable":true,"href":"https:\/\/invimed.pl\/en\/wp-json\/wp\/v2\/users\/2"}],"replies":[{"embeddable":true,"href":"https:\/\/invimed.pl\/en\/wp-json\/wp\/v2\/comments?post=269640"}],"version-history":[{"count":13,"href":"https:\/\/invimed.pl\/en\/wp-json\/wp\/v2\/pages\/269640\/revisions"}],"predecessor-version":[{"id":272234,"href":"https:\/\/invimed.pl\/en\/wp-json\/wp\/v2\/pages\/269640\/revisions\/272234"}],"up":[{"embeddable":true,"href":"https:\/\/invimed.pl\/en\/wp-json\/wp\/v2\/pages\/269431"}],"wp:featuredmedia":[{"embeddable":true,"href":"https:\/\/invimed.pl\/en\/wp-json\/wp\/v2\/media\/269690"}],"wp:attachment":[{"href":"https:\/\/invimed.pl\/en\/wp-json\/wp\/v2\/media?parent=269640"}],"curies":[{"name":"wp","href":"https:\/\/api.w.org\/{rel}","templated":true}]}}