{"id":269650,"date":"2025-06-09T08:02:59","date_gmt":"2025-06-09T08:02:59","guid":{"rendered":"https:\/\/invimed.pl\/?page_id=269650"},"modified":"2025-12-10T12:56:25","modified_gmt":"2025-12-10T12:56:25","slug":"badania-genetyczne-zarodkow-podczas-in-vitro","status":"publish","type":"page","link":"https:\/\/invimed.pl\/en\/badania\/genetyczne\/zarodki","title":{"rendered":"Genetic testing of embryos during In Vitro"},"content":{"rendered":"<p><strong>For couples using the method <a href=\"https:\/\/invimed.pl\/en\/diagnostics\/in-vitro\/\">in vitro<\/a>, embryo genetic testing (PGT) is a real breakthrough. It allows us to precisely analyse embryos even before they are transferred into the uterus. This allows us to select those that have the greatest developmental potential and are free of serious genetic defects. In this way, we significantly increase the chances of success of the IVF procedure, reduce the risk of miscarriages and the birth of a child with a serious genetic disease, and thus shorten the path to the desired parenthood.<\/strong><\/p>\n\n\n\n<p><strong>Here are the key types of PGT testing:<\/strong><\/p>\n\n\n\n<section class=\"cta-3\">\n\t\t<div class=\"container cta-3__container\">\n\t\t<div class=\"position-relative cta-3__wrapper\">\n\t\t            <a\n            class=\"cta-3__link\"\n            href=\"https:\/\/invimed.pl\/en\/genetic-testing-of-the-embryo-pgt-a\/\"\n            target=\"_self\"\n            aria-label=\"cta-3\"\n            >\n            <\/a>\n                            <figure class=\"cta-3__image\">\n                <svg xmlns=\"http:\/\/www.w3.org\/2000\/svg\" xmlns:xlink=\"http:\/\/www.w3.org\/1999\/xlink\" id=\"Warstwa_1\" version=\"1.1\" viewbox=\"0 0 56 56\"><defs><style> .st0, .st1, .st2 { fill: none; } .st3 { clip-path: url(#clippath-1); } .st1 { stroke-width: 1.2px; } .st1, .st2 { stroke: #fff; stroke-linecap: round; stroke-linejoin: round; } .st4 { fill: #008540; } .st5 { clip-path: url(#clippath); } <\/style><clippath id=\"clippath\"><rect class=\"st0\" y=\"0\" width=\"56\" height=\"56\"><\/rect><\/clippath><clippath id=\"clippath-1\"><rect class=\"st0\" y=\"0\" width=\"56\" height=\"56\"><\/rect><\/clippath><\/defs><g class=\"st5\"><path class=\"st4\" d=\"M28,56c15.5,0,28-12.5,28-28S43.5,0,28,0,0,12.5,0,28s12.5,28,28,28\"><\/path><path class=\"st2\" d=\"M20.2,15.3v5c0,3.5,8.2,4,8.2,8.5v4\"><\/path><path class=\"st2\" d=\"M28.4,15.3v5c0,3.5-8.2,4-8.2,8.5v4\"><\/path><\/g><line class=\"st2\" x1=\"21.5\" y1=\"16.5\" x2=\"27\" y2=\"16.5\"><\/line><line class=\"st2\" x1=\"21.5\" y1=\"19.2\" x2=\"27\" y2=\"19.2\"><\/line><line class=\"st2\" x1=\"21.5\" y1=\"28.3\" x2=\"27\" y2=\"28.3\"><\/line><line class=\"st2\" x1=\"21.5\" y1=\"31.3\" x2=\"27\" y2=\"31.3\"><\/line><g class=\"st3\"><path class=\"st1\" d=\"M24.1,11.8c6.8,0,12.3,5.5,12.3,12.3,0,6.8-5.5,12.3-12.3,12.3-6.8,0-12.3-5.5-12.3-12.3s5.5-12.3,12.3-12.3ZM34.7,30.7l9.5,9.5-4,4-9.5-9.5\"><\/path><\/g><\/svg>            <\/figure>\n                    <div class=\"acf-innerblocks-container\">\n\n<h2 class=\"wp-block-heading\" id=\"pgt-a-preimplantation-genetic-testing-for-aneuploidy\">PGT-A (Preimplantation Genetic Testing for Aneuploidy)<\/h2>\n\n\n\n<p>This test focuses on detecting the most common chromosomal aberrations, i.e. an abnormal number of chromosomes (e.g. an extra or missing chromosome). Such alterations are a common cause of IVF failures and miscarriages. By selecting embryos with the correct number of chromosomes, we increase the chances of a healthy pregnancy.<\/p>\n\n\n\n<p>For more information -&gt; on <a href=\"https:\/\/invimed.pl\/en\/genetic-testing-of-the-embryo-pgt-a\/\">PGT-A.<\/a><\/p>\n\n<\/div>\n                    <figure class=\"cta-3__image cta-3__image--desktop\">\n                <svg xmlns=\"http:\/\/www.w3.org\/2000\/svg\" xmlns:xlink=\"http:\/\/www.w3.org\/1999\/xlink\" id=\"Warstwa_1\" version=\"1.1\" viewbox=\"0 0 56 56\"><defs><style> .st0, .st1, .st2 { fill: none; } .st3 { clip-path: url(#clippath-1); } .st1 { stroke-width: 1.2px; } .st1, .st2 { stroke: #fff; stroke-linecap: round; stroke-linejoin: round; } .st4 { fill: #008540; } .st5 { clip-path: url(#clippath); } <\/style><clippath id=\"clippath\"><rect class=\"st0\" y=\"0\" width=\"56\" height=\"56\"><\/rect><\/clippath><clippath id=\"clippath-1\"><rect class=\"st0\" y=\"0\" width=\"56\" height=\"56\"><\/rect><\/clippath><\/defs><g class=\"st5\"><path class=\"st4\" d=\"M28,56c15.5,0,28-12.5,28-28S43.5,0,28,0,0,12.5,0,28s12.5,28,28,28\"><\/path><path class=\"st2\" d=\"M20.2,15.3v5c0,3.5,8.2,4,8.2,8.5v4\"><\/path><path class=\"st2\" d=\"M28.4,15.3v5c0,3.5-8.2,4-8.2,8.5v4\"><\/path><\/g><line class=\"st2\" x1=\"21.5\" y1=\"16.5\" x2=\"27\" y2=\"16.5\"><\/line><line class=\"st2\" x1=\"21.5\" y1=\"19.2\" x2=\"27\" y2=\"19.2\"><\/line><line class=\"st2\" x1=\"21.5\" y1=\"28.3\" x2=\"27\" y2=\"28.3\"><\/line><line class=\"st2\" x1=\"21.5\" y1=\"31.3\" x2=\"27\" y2=\"31.3\"><\/line><g class=\"st3\"><path class=\"st1\" d=\"M24.1,11.8c6.8,0,12.3,5.5,12.3,12.3,0,6.8-5.5,12.3-12.3,12.3-6.8,0-12.3-5.5-12.3-12.3s5.5-12.3,12.3-12.3ZM34.7,30.7l9.5,9.5-4,4-9.5-9.5\"><\/path><\/g><\/svg>            <\/figure>\n                            <a class=\"cta-3__link cta-3__link--mobile\" href=\"https:\/\/invimed.pl\/en\/genetic-testing-of-the-embryo-pgt-a\/\" target=\"_self\" aria-label=\"Preimplantation genetic testing of embryos for the detection of PGT-A aneuploidy (PGS)\">\n                Preimplantation genetic testing of embryos for the detection of PGT-A aneuploidy (PGS)            <\/a>\n        \t\t<\/div>\n\t<\/div>\n<\/section>\n\n\n\n<section class=\"cta-3\">\n\t\t<div class=\"container cta-3__container\">\n\t\t<div class=\"position-relative cta-3__wrapper\">\n\t\t            <a\n            class=\"cta-3__link\"\n            href=\"https:\/\/invimed.pl\/en\/advanced-preimplantation-genetic-diagnosis-of-the-embryo-pgt-m\/\"\n            target=\"_self\"\n            aria-label=\"cta-3\"\n            >\n            <\/a>\n                            <figure class=\"cta-3__image\">\n                <svg xmlns=\"http:\/\/www.w3.org\/2000\/svg\" xmlns:xlink=\"http:\/\/www.w3.org\/1999\/xlink\" id=\"Warstwa_1\" version=\"1.1\" viewbox=\"0 0 56 56\"><defs><style> .st0, .st1 { fill: none; } .st1 { stroke: #fff; stroke-linecap: round; stroke-linejoin: round; stroke-width: 1.2px; } .st2 { fill: #008540; } .st3 { clip-path: url(#clippath); } <\/style><clippath id=\"clippath\"><rect class=\"st0\" y=\"0\" width=\"56\" height=\"56\"><\/rect><\/clippath><\/defs><g class=\"st3\"><path class=\"st2\" d=\"M28,56c15.5,0,28-12.5,28-28S43.5,0,28,0,0,12.5,0,28s12.5,28,28,28\"><\/path><path class=\"st2\" d=\"M28,56c15.5,0,28-12.5,28-28S43.5,0,28,0,0,12.5,0,28s12.5,28,28,28\"><\/path><path class=\"st1\" d=\"M29.9,26.2c0-3,2.4-5.5,5.5-5.5s5.5,2.5,5.5,5.5v7.3h-2.8v9.2s-5.5,0-5.5,0v-9.2h-2.7v-7.7M38.1,16.1c0,1.5-1.2,2.7-2.7,2.7s-2.7-1.2-2.7-2.7,1.2-2.7,2.7-2.7,2.7,1.2,2.7,2.7Z\"><\/path><path class=\"st1\" d=\"M25.2,16.2c0,1.5-1.2,2.7-2.7,2.7s-2.7-1.2-2.7-2.7,1.2-2.7,2.7-2.7,2.7,1.2,2.7,2.7ZM29.7,33.5l-3.6-12.8h-7.3l-3.6,12.8h3.6l1.9,9.1h3.6l1.8-9.1h3.7Z\"><\/path><\/g><\/svg>            <\/figure>\n                    <div class=\"acf-innerblocks-container\">\n\n<h2 class=\"wp-block-heading\" id=\"pgt-m-preimplantation-genetic-testing-for-monogenic-disorders\">PGT-M (Preimplantation Genetic Testing for Monogenic Disorders<\/h2>\n\n\n\n<p>If there is a family history of single-gene diseases (inherited through a single gene), such as cystic fibrosis or Huntington's disease, this test allows the selection of embryos that have not inherited the faulty gene. This is a huge opportunity to avoid passing on a serious genetic disease to the next generation.<\/p>\n\n\n\n<p>For more information -&gt; on <a href=\"https:\/\/invimed.pl\/en\/advanced-preimplantation-genetic-diagnosis-of-the-embryo-pgt-m\/\">PGT - M.<\/a><\/p>\n\n<\/div>\n                    <figure class=\"cta-3__image cta-3__image--desktop\">\n                <svg xmlns=\"http:\/\/www.w3.org\/2000\/svg\" xmlns:xlink=\"http:\/\/www.w3.org\/1999\/xlink\" id=\"Warstwa_1\" version=\"1.1\" viewbox=\"0 0 56 56\"><defs><style> .st0, .st1 { fill: none; } .st1 { stroke: #fff; stroke-linecap: round; stroke-linejoin: round; stroke-width: 1.2px; } .st2 { fill: #008540; } .st3 { clip-path: url(#clippath); } <\/style><clippath id=\"clippath\"><rect class=\"st0\" y=\"0\" width=\"56\" height=\"56\"><\/rect><\/clippath><\/defs><g class=\"st3\"><path class=\"st2\" d=\"M28,56c15.5,0,28-12.5,28-28S43.5,0,28,0,0,12.5,0,28s12.5,28,28,28\"><\/path><path class=\"st2\" d=\"M28,56c15.5,0,28-12.5,28-28S43.5,0,28,0,0,12.5,0,28s12.5,28,28,28\"><\/path><path class=\"st1\" d=\"M29.9,26.2c0-3,2.4-5.5,5.5-5.5s5.5,2.5,5.5,5.5v7.3h-2.8v9.2s-5.5,0-5.5,0v-9.2h-2.7v-7.7M38.1,16.1c0,1.5-1.2,2.7-2.7,2.7s-2.7-1.2-2.7-2.7,1.2-2.7,2.7-2.7,2.7,1.2,2.7,2.7Z\"><\/path><path class=\"st1\" d=\"M25.2,16.2c0,1.5-1.2,2.7-2.7,2.7s-2.7-1.2-2.7-2.7,1.2-2.7,2.7-2.7,2.7,1.2,2.7,2.7ZM29.7,33.5l-3.6-12.8h-7.3l-3.6,12.8h3.6l1.9,9.1h3.6l1.8-9.1h3.7Z\"><\/path><\/g><\/svg>            <\/figure>\n                            <a class=\"cta-3__link cta-3__link--mobile\" href=\"https:\/\/invimed.pl\/en\/advanced-preimplantation-genetic-diagnosis-of-the-embryo-pgt-m\/\" target=\"_self\" aria-label=\"PGT-M advanced preimplantation embryo genetic diagnosis\">\n                PGT-M advanced preimplantation embryo genetic diagnosis            <\/a>\n        \t\t<\/div>\n\t<\/div>\n<\/section>\n\n\n\n<section class=\"cta-3\">\n\t\t<div class=\"container cta-3__container\">\n\t\t<div class=\"position-relative cta-3__wrapper\">\n\t\t            <a\n            class=\"cta-3__link\"\n            href=\"https:\/\/invimed.pl\/en\/blog\/what-is-pgt\/\"\n            target=\"_self\"\n            aria-label=\"cta-3\"\n            >\n            <\/a>\n                            <figure class=\"cta-3__image\">\n                <svg xmlns=\"http:\/\/www.w3.org\/2000\/svg\" xmlns:xlink=\"http:\/\/www.w3.org\/1999\/xlink\" id=\"Warstwa_1\" version=\"1.1\" viewbox=\"0 0 56 56\"><defs><style> .st0, .st1, .st2 { fill: none; } .st3 { clip-path: url(#clippath-1); } .st1 { stroke-width: 1.2px; } .st1, .st2 { stroke: #fff; stroke-linecap: round; stroke-linejoin: round; } .st4 { fill: #008540; } .st5 { clip-path: url(#clippath); } <\/style><clippath id=\"clippath\"><rect class=\"st0\" y=\"0\" width=\"56\" height=\"56\"><\/rect><\/clippath><clippath id=\"clippath-1\"><rect class=\"st0\" y=\"0\" width=\"56\" height=\"56\"><\/rect><\/clippath><\/defs><g class=\"st5\"><path class=\"st4\" d=\"M28,56c15.5,0,28-12.5,28-28S43.5,0,28,0,0,12.5,0,28s12.5,28,28,28\"><\/path><path class=\"st2\" d=\"M20.2,15.3v5c0,3.5,8.2,4,8.2,8.5v4\"><\/path><path class=\"st2\" d=\"M28.4,15.3v5c0,3.5-8.2,4-8.2,8.5v4\"><\/path><\/g><line class=\"st2\" x1=\"21.5\" y1=\"16.5\" x2=\"27\" y2=\"16.5\"><\/line><line class=\"st2\" x1=\"21.5\" y1=\"19.2\" x2=\"27\" y2=\"19.2\"><\/line><line class=\"st2\" x1=\"21.5\" y1=\"28.3\" x2=\"27\" y2=\"28.3\"><\/line><line class=\"st2\" x1=\"21.5\" y1=\"31.3\" x2=\"27\" y2=\"31.3\"><\/line><g class=\"st3\"><path class=\"st1\" d=\"M24.1,11.8c6.8,0,12.3,5.5,12.3,12.3,0,6.8-5.5,12.3-12.3,12.3-6.8,0-12.3-5.5-12.3-12.3s5.5-12.3,12.3-12.3ZM34.7,30.7l9.5,9.5-4,4-9.5-9.5\"><\/path><\/g><\/svg>            <\/figure>\n                    <div class=\"acf-innerblocks-container\">\n\n<h2 class=\"wp-block-heading\" id=\"pgt-sr-preimplantation-genetic-testing-for-structural-rearrangements\">PGT-SR (Preimplantation Genetic Testing for Structural Rearrangements)<\/h2>\n\n\n\n<p>This test is for couples in which one of the partners is a carrier of a structural chromosomal alteration, such as a translocation or inversion. Although carriers are often healthy, their offspring are at risk of severe malformations. PGT-SR allows selection of embryos with normal chromosome arrangements.<\/p>\n\n\n\n<p>For more information -&gt; on <a href=\"https:\/\/invimed.pl\/en\/advanced-preimplantation-genetic-diagnosis-of-the-embryo-pgt-m\/\">PGT-SR<\/a>.<\/p>\n\n<\/div>\n                    <figure class=\"cta-3__image cta-3__image--desktop\">\n                <svg xmlns=\"http:\/\/www.w3.org\/2000\/svg\" xmlns:xlink=\"http:\/\/www.w3.org\/1999\/xlink\" id=\"Warstwa_1\" version=\"1.1\" viewbox=\"0 0 56 56\"><defs><style> .st0, .st1, .st2 { fill: none; } .st3 { clip-path: url(#clippath-1); } .st1 { stroke-width: 1.2px; } .st1, .st2 { stroke: #fff; stroke-linecap: round; stroke-linejoin: round; } .st4 { fill: #008540; } .st5 { clip-path: url(#clippath); } <\/style><clippath id=\"clippath\"><rect class=\"st0\" y=\"0\" width=\"56\" height=\"56\"><\/rect><\/clippath><clippath id=\"clippath-1\"><rect class=\"st0\" y=\"0\" width=\"56\" height=\"56\"><\/rect><\/clippath><\/defs><g class=\"st5\"><path class=\"st4\" d=\"M28,56c15.5,0,28-12.5,28-28S43.5,0,28,0,0,12.5,0,28s12.5,28,28,28\"><\/path><path class=\"st2\" d=\"M20.2,15.3v5c0,3.5,8.2,4,8.2,8.5v4\"><\/path><path class=\"st2\" d=\"M28.4,15.3v5c0,3.5-8.2,4-8.2,8.5v4\"><\/path><\/g><line class=\"st2\" x1=\"21.5\" y1=\"16.5\" x2=\"27\" y2=\"16.5\"><\/line><line class=\"st2\" x1=\"21.5\" y1=\"19.2\" x2=\"27\" y2=\"19.2\"><\/line><line class=\"st2\" x1=\"21.5\" y1=\"28.3\" x2=\"27\" y2=\"28.3\"><\/line><line class=\"st2\" x1=\"21.5\" y1=\"31.3\" x2=\"27\" y2=\"31.3\"><\/line><g class=\"st3\"><path class=\"st1\" d=\"M24.1,11.8c6.8,0,12.3,5.5,12.3,12.3,0,6.8-5.5,12.3-12.3,12.3-6.8,0-12.3-5.5-12.3-12.3s5.5-12.3,12.3-12.3ZM34.7,30.7l9.5,9.5-4,4-9.5-9.5\"><\/path><\/g><\/svg>            <\/figure>\n                            <a class=\"cta-3__link cta-3__link--mobile\" href=\"https:\/\/invimed.pl\/en\/blog\/what-is-pgt\/\" target=\"_self\" aria-label=\"What is PGT?\">\n                What is PGT?            <\/a>\n        \t\t<\/div>\n\t<\/div>\n<\/section>\n\n\n\n<section class=\"cta-3\">\n\t\t<div class=\"container cta-3__container\">\n\t\t<div class=\"position-relative cta-3__wrapper\">\n\t\t            <a\n            class=\"cta-3__link\"\n            href=\"https:\/\/invimed.pl\/en\/first-non-invasive-embryo-genetic-embrace-test-in-poland\/\"\n            target=\"_self\"\n            aria-label=\"cta-3\"\n            >\n            <\/a>\n                            <figure class=\"cta-3__image\">\n                <svg xmlns=\"http:\/\/www.w3.org\/2000\/svg\" xmlns:xlink=\"http:\/\/www.w3.org\/1999\/xlink\" id=\"Warstwa_1\" version=\"1.1\" viewbox=\"0 0 56 56\"><defs><style> .st0, .st1 { fill: none; } .st1 { stroke: #fff; stroke-linecap: round; stroke-linejoin: round; stroke-width: 1.3px; } .st2 { fill: #008540; } .st3 { clip-path: url(#clippath); } <\/style><clippath id=\"clippath\"><rect class=\"st0\" y=\"0\" width=\"56\" height=\"56\"><\/rect><\/clippath><\/defs><g class=\"st3\"><path class=\"st2\" d=\"M28,56c15.5,0,28-12.5,28-28S43.5,0,28,0,0,12.5,0,28s12.5,28,28,28\"><\/path><path class=\"st1\" d=\"M19.8,10.5v10c0,7,16.3,8,16.3,17v8\"><\/path><path class=\"st1\" d=\"M36.2,10.5v10c0,7-16.4,8-16.4,17v8\"><\/path><\/g><line class=\"st1\" x1=\"28\" y1=\"12.8\" x2=\"33.5\" y2=\"12.8\"><\/line><line class=\"st1\" x1=\"22.5\" y1=\"18.2\" x2=\"26\" y2=\"18.2\"><\/line><line class=\"st1\" x1=\"22.5\" y1=\"36.5\" x2=\"33.5\" y2=\"36.5\"><\/line><line class=\"st1\" x1=\"22.5\" y1=\"42.5\" x2=\"30\" y2=\"42.5\"><\/line><\/svg>            <\/figure>\n                    <div class=\"acf-innerblocks-container\">\n\n<h2 class=\"wp-block-heading\" id=\"embrace-nieinwazyjne-badanie-genetyczne-zarodkow\">Embrace (Non-invasive genetic testing of embryos)<\/h2>\n\n\n\n<p>Embrace is an innovative and first non-invasive genetic test of embryos that allows us to check whether the embryos have the correct number of chromosomes (aneuploidy). It is a safer alternative to embryo biopsy, which does not interfere directly with the structure of the embryos. This test is recommended in cases of previous failures of IVF procedures, repeated problems with embryo implantation, miscarriages, the woman's age over 35, concerns about genetic diseases in the offspring, poor semen test results in the man, or a family history of confirmed cases of birth defects or intellectual disabilities. The Embrace test, performed at one of the largest genetic laboratories in Europe (Igenomix), provides results in about four weeks.<\/p>\n\n\n\n<p>For more information -&gt; on <a href=\"https:\/\/invimed.pl\/en\/genetic-testing-of-the-embryo\/\">Embrace<\/a>.<\/p>\n\n<\/div>\n                    <figure class=\"cta-3__image cta-3__image--desktop\">\n                <svg xmlns=\"http:\/\/www.w3.org\/2000\/svg\" xmlns:xlink=\"http:\/\/www.w3.org\/1999\/xlink\" id=\"Warstwa_1\" version=\"1.1\" viewbox=\"0 0 56 56\"><defs><style> .st0, .st1 { fill: none; } .st1 { stroke: #fff; stroke-linecap: round; stroke-linejoin: round; stroke-width: 1.3px; } .st2 { fill: #008540; } .st3 { clip-path: url(#clippath); } <\/style><clippath id=\"clippath\"><rect class=\"st0\" y=\"0\" width=\"56\" height=\"56\"><\/rect><\/clippath><\/defs><g class=\"st3\"><path class=\"st2\" d=\"M28,56c15.5,0,28-12.5,28-28S43.5,0,28,0,0,12.5,0,28s12.5,28,28,28\"><\/path><path class=\"st1\" d=\"M19.8,10.5v10c0,7,16.3,8,16.3,17v8\"><\/path><path class=\"st1\" d=\"M36.2,10.5v10c0,7-16.4,8-16.4,17v8\"><\/path><\/g><line class=\"st1\" x1=\"28\" y1=\"12.8\" x2=\"33.5\" y2=\"12.8\"><\/line><line class=\"st1\" x1=\"22.5\" y1=\"18.2\" x2=\"26\" y2=\"18.2\"><\/line><line class=\"st1\" x1=\"22.5\" y1=\"36.5\" x2=\"33.5\" y2=\"36.5\"><\/line><line class=\"st1\" x1=\"22.5\" y1=\"42.5\" x2=\"30\" y2=\"42.5\"><\/line><\/svg>            <\/figure>\n                            <a class=\"cta-3__link cta-3__link--mobile\" href=\"https:\/\/invimed.pl\/en\/first-non-invasive-embryo-genetic-embrace-test-in-poland\/\" target=\"_self\" aria-label=\"Poland&#039;s first non-invasive embryo genetic test - Embrace\">\n                Poland's first non-invasive embryo genetic test - Embrace            <\/a>\n        \t\t<\/div>\n\t<\/div>\n<\/section>\n\n\n\n<h2 class=\"wp-block-heading\" id=\"przewaga-embrace-nad-innymi-metodami\">Advantages of Embrace over other methods<\/h2>\n\n\n\n<p>To price the developmental potential of embryos, we have several methods. The one used most often is the method that assesses the morphology (structure) and developmental kinetics of the embryo. And since the chromosome number of a fresh embryo cannot be examined with a microscope, a more advanced test, such as PGT-A - or invasive genetic testing of the embryo - is necessary for this purpose.<\/p>\n\n\n\n<p>In contrast, non-invasive assessment of the information released from the DNA into the culture medium using the Embrace method, provides knowledge of the number of chromosomes in the embryo without interfering with its structure.<\/p>\n\n\n\n<h3 class=\"wp-block-heading\" id=\"embrace-pozwala-rowniez-na-wskazanie-zarodkow-o-najwyzszym-potencjale\">Embrace also allows the embryos with the highest potential to be identified:<\/h3>\n\n\n\n<ul class=\"wp-block-list\">\n<li>development,<\/li>\n\n\n\n<li>implantation,<\/li>\n<\/ul>\n\n\n\n<p>and prioritisation of embryo selection for transfer.<\/p>\n\n\n\n<p>Growing medium<\/p>\n\n\n\n<p>A specially prepared solution of chemical compounds, similar to the composition of the fluids of the fallopian tube and the uterus.<\/p>\n\n\n\n<h2 class=\"wp-block-heading\" id=\"najwazniejsze-choroby-genetyczne\">The most important genetic diseases<\/h2>\n\n\n\n<p>Study<strong> Embrace<\/strong> allows the detection of genetic diseases such as:<\/p>\n\n\n\n<ul class=\"wp-block-list\">\n<li>Down's syndrome,<\/li>\n\n\n\n<li>Edwards syndrome,<\/li>\n\n\n\n<li>Patau syndrome,<\/li>\n\n\n\n<li>Turner syndrome,<\/li>\n\n\n\n<li>Klinefelter syndrome,<\/li>\n\n\n\n<li>trisomy of the X chromosome,<\/li>\n\n\n\n<li>Jacobs syndrome.<\/li>\n<\/ul>\n\n\n\n<p><\/p>","protected":false},"excerpt":{"rendered":"<p>Dla par korzystaj\u0105cych z metody in vitro, badania genetyczne zarodk\u00f3w (PGT) to prawdziwy prze\u0142om. Dzi\u0119ki nim mo\u017cemy precyzyjnie analizowa\u0107 zarodki jeszcze przed ich transferem do macicy. Pozwala to na wybranie tych, kt\u00f3re maj\u0105 najwi\u0119kszy potencja\u0142 rozwojowy i s\u0105 wolne od powa\u017cnych wad genetycznych. W ten spos\u00f3b znacz\u0105co zwi\u0119kszamy szanse na sukces procedury in vitro, zmniejszamy [&hellip;]<\/p>\n","protected":false},"author":2,"featured_media":269696,"parent":269431,"menu_order":0,"comment_status":"closed","ping_status":"closed","template":"","meta":{"_acf_changed":false,"footnotes":""},"class_list":["post-269650","page","type-page","status-publish","has-post-thumbnail","hentry"],"acf":[],"yoast_head":"<!-- This site is optimized with the Yoast SEO plugin v27.2 - https:\/\/yoast.com\/product\/yoast-seo-wordpress\/ -->\n<title>Badania genetyczne zarodk\u00f3w podczas In Vitro- Invimed<\/title>\n<meta name=\"description\" content=\"Badania genetyczne zarodk\u00f3w (PGT) w Invimed: zwi\u0119ksz szanse na sukces in vitro i zdrowe dziecko. Poznaj nasze metody diagnostyki.\" \/>\n<meta name=\"robots\" content=\"index, follow, max-snippet:-1, max-image-preview:large, max-video-preview:-1\" \/>\n<meta property=\"og:locale\" content=\"en_GB\" \/>\n<meta property=\"og:type\" content=\"article\" \/>\n<meta property=\"og:title\" content=\"Badania genetyczne zarodk\u00f3w podczas In Vitro- Invimed\" \/>\n<meta property=\"og:description\" content=\"Badania genetyczne zarodk\u00f3w (PGT) w Invimed: zwi\u0119ksz szanse na sukces in vitro i zdrowe dziecko. Poznaj nasze metody diagnostyki.\" \/>\n<meta property=\"og:url\" content=\"https:\/\/invimed.pl\/en\/research\/genetic\/embryos\/\" \/>\n<meta property=\"og:site_name\" content=\"Invimed\" \/>\n<meta property=\"article:modified_time\" content=\"2025-12-10T12:56:25+00:00\" \/>\n<meta property=\"og:image\" content=\"https:\/\/invimed.pl\/wp-content\/uploads\/2025\/06\/Badania-zarodkow-Invimed.jpg\" \/>\n\t<meta property=\"og:image:width\" content=\"1380\" \/>\n\t<meta property=\"og:image:height\" content=\"520\" \/>\n\t<meta property=\"og:image:type\" content=\"image\/jpeg\" \/>\n<meta name=\"twitter:card\" content=\"summary_large_image\" \/>\n<meta name=\"twitter:label1\" content=\"Estimated reading time\" \/>\n\t<meta name=\"twitter:data1\" content=\"4 minutes\" \/>\n<!-- \/ Yoast SEO plugin. -->","yoast_head_json":{"title":"Genetic testing of embryos during In Vitro- Invimed","description":"Embryo genetic testing (PGT) at Invimed: increase your chances of IVF success and a healthy baby. Learn more about our diagnostic methods.","robots":{"index":"index","follow":"follow","max-snippet":"max-snippet:-1","max-image-preview":"max-image-preview:large","max-video-preview":"max-video-preview:-1"},"og_locale":"en_GB","og_type":"article","og_title":"Badania genetyczne zarodk\u00f3w podczas In Vitro- Invimed","og_description":"Badania genetyczne zarodk\u00f3w (PGT) w Invimed: zwi\u0119ksz szanse na sukces in vitro i zdrowe dziecko. Poznaj nasze metody diagnostyki.","og_url":"https:\/\/invimed.pl\/en\/research\/genetic\/embryos\/","og_site_name":"Invimed","article_modified_time":"2025-12-10T12:56:25+00:00","og_image":[{"width":1380,"height":520,"url":"https:\/\/invimed.pl\/wp-content\/uploads\/2025\/06\/Badania-zarodkow-Invimed.jpg","type":"image\/jpeg"}],"twitter_card":"summary_large_image","twitter_misc":{"Estimated reading time":"4 minutes"},"schema":{"@context":"https:\/\/schema.org","@graph":[{"@type":"WebPage","@id":"https:\/\/invimed.pl\/badania\/genetyczne\/zarodki","url":"https:\/\/invimed.pl\/badania\/genetyczne\/zarodki","name":"Genetic testing of embryos during In Vitro- Invimed","isPartOf":{"@id":"https:\/\/invimed.pl\/#website"},"primaryImageOfPage":{"@id":"https:\/\/invimed.pl\/badania\/genetyczne\/zarodki#primaryimage"},"image":{"@id":"https:\/\/invimed.pl\/badania\/genetyczne\/zarodki#primaryimage"},"thumbnailUrl":"https:\/\/invimed.pl\/wp-content\/uploads\/2025\/06\/Badania-zarodkow-Invimed.jpg","datePublished":"2025-06-09T08:02:59+00:00","dateModified":"2025-12-10T12:56:25+00:00","description":"Embryo genetic testing (PGT) at Invimed: increase your chances of IVF success and a healthy baby. Learn more about our diagnostic methods.","breadcrumb":{"@id":"https:\/\/invimed.pl\/badania\/genetyczne\/zarodki#breadcrumb"},"inLanguage":"en-GB","potentialAction":[{"@type":"ReadAction","target":["https:\/\/invimed.pl\/badania\/genetyczne\/zarodki"]}]},{"@type":"ImageObject","inLanguage":"en-GB","@id":"https:\/\/invimed.pl\/badania\/genetyczne\/zarodki#primaryimage","url":"https:\/\/invimed.pl\/wp-content\/uploads\/2025\/06\/Badania-zarodkow-Invimed.jpg","contentUrl":"https:\/\/invimed.pl\/wp-content\/uploads\/2025\/06\/Badania-zarodkow-Invimed.jpg","width":1380,"height":520},{"@type":"BreadcrumbList","@id":"https:\/\/invimed.pl\/badania\/genetyczne\/zarodki#breadcrumb","itemListElement":[{"@type":"ListItem","position":1,"name":"Strona g\u0142\u00f3wna","item":"https:\/\/invimed.pl\/"},{"@type":"ListItem","position":2,"name":"Badania","item":"https:\/\/invimed.pl\/badania"},{"@type":"ListItem","position":3,"name":"Badania genetyczne","item":"https:\/\/invimed.pl\/badania\/genetyczne"},{"@type":"ListItem","position":4,"name":"Badania Genetyczne Zarodk\u00f3w Podczas In Vitro"}]},{"@type":"WebSite","@id":"https:\/\/invimed.pl\/#website","url":"https:\/\/invimed.pl\/","name":"Invimed","description":"Our mission is to create a happy family together","potentialAction":[{"@type":"SearchAction","target":{"@type":"EntryPoint","urlTemplate":"https:\/\/invimed.pl\/?s={search_term_string}"},"query-input":{"@type":"PropertyValueSpecification","valueRequired":true,"valueName":"search_term_string"}}],"inLanguage":"en-GB"}]}},"_links":{"self":[{"href":"https:\/\/invimed.pl\/en\/wp-json\/wp\/v2\/pages\/269650","targetHints":{"allow":["GET"]}}],"collection":[{"href":"https:\/\/invimed.pl\/en\/wp-json\/wp\/v2\/pages"}],"about":[{"href":"https:\/\/invimed.pl\/en\/wp-json\/wp\/v2\/types\/page"}],"author":[{"embeddable":true,"href":"https:\/\/invimed.pl\/en\/wp-json\/wp\/v2\/users\/2"}],"replies":[{"embeddable":true,"href":"https:\/\/invimed.pl\/en\/wp-json\/wp\/v2\/comments?post=269650"}],"version-history":[{"count":11,"href":"https:\/\/invimed.pl\/en\/wp-json\/wp\/v2\/pages\/269650\/revisions"}],"predecessor-version":[{"id":271258,"href":"https:\/\/invimed.pl\/en\/wp-json\/wp\/v2\/pages\/269650\/revisions\/271258"}],"up":[{"embeddable":true,"href":"https:\/\/invimed.pl\/en\/wp-json\/wp\/v2\/pages\/269431"}],"wp:featuredmedia":[{"embeddable":true,"href":"https:\/\/invimed.pl\/en\/wp-json\/wp\/v2\/media\/269696"}],"wp:attachment":[{"href":"https:\/\/invimed.pl\/en\/wp-json\/wp\/v2\/media?parent=269650"}],"curies":[{"name":"wp","href":"https:\/\/api.w.org\/{rel}","templated":true}]}}