{"id":270346,"date":"2025-08-18T14:22:56","date_gmt":"2025-08-18T14:22:56","guid":{"rendered":"https:\/\/invimed.pl\/?page_id=270346"},"modified":"2025-09-01T12:07:51","modified_gmt":"2025-09-01T12:07:51","slug":"szczegolowe-informacje-dotyczace-przetwarzania-danych-osobowych-przez-medi-partner-sp-z-o-o-ul-cybernetyki-19-02-677-warszawa","status":"publish","type":"page","link":"https:\/\/invimed.pl\/en\/warsztaty-klauzula-informacyjna","title":{"rendered":"Detailed information on the processing of personal data by Medi Partner Sp. z o.o, ul. Rakowiecka 36, 02-532 Warsaw"},"content":{"rendered":"<p><\/p>\n\n\n\n<p>1 Administrator of personal data The administrator of your personal data will be Medi Partner Sp. z o. o, 36 Rakowiecka Street 02-532 Warsaw (hereinafter: we). You can contact us as follows:<\/p>\n\n\n\n<p>o by letter to the postal address: Kliniki Invimed, 36 Rakowiecka Street 02-532 Warsaw o by contact form at https:\/\/www.invimed.pl\/kontakt o by e-mail: invimed@invimed.pl<\/p>\n\n\n\n<p>o by telephone: 500 900 888<\/p>\n\n\n\n<p>2 Data Protection Officer We have appointed a Data Protection Officer. This is the person you can contact on all matters concerning the processing of your personal data and the exercise of your rights in relation to data processing. You can contact the DPO as follows:<\/p>\n\n\n\n<p>o by letter to: Data Protection Officer, Medi Partner, Rakowiecka 36, 02-532 Warsaw o by e-mail: IOD@medipartner.pl<\/p>\n\n\n\n<p>3 Purposes of processing your personal data and the legal basis for the processing We will process your personal data to coordinate the recruitment process for the workshop and to contact you to communicate organisational issues in relation to the workshop. In addition, if you have given your consent, we will contact you in the future to inform you about other workshops.<\/p>\n\n\n\n<p>4 The legal basis for the processing of your personal data is your consent (Article 6(1)(a) RODO)<\/p>\n\n\n\n<p>5 The categories of data we process<\/p>\n\n\n\n<p>We process the following categories of your personal data:<\/p>\n\n\n\n<p>- Name<\/p>\n\n\n\n<p>- Email address and\/or telephone number<\/p>\n\n\n\n<p>6. Period of retention of your personal data We will process your personal data until the end of the workshop and, if you have consented to us informing you about future events, until you withdraw that consent.<\/p>\n\n\n\n<p>7 Recipients of your personal data We will transfer your personal data to:<\/p>\n\n\n\n<p>o entities processing data on behalf of the controller,<\/p>\n\n\n\n<p>o entities authorised by law,<\/p>\n\n\n\n<p>o entities and individuals authorised by you.<\/p>\n\n\n\n<p>8 Your rights in relation to the processing of personal data You have the following rights in relation to the processing of personal data:<\/p>\n\n\n\n<p>o the right to withdraw consent, which will not affect the lawfulness of the processing of your personal data before its withdrawal<\/p>\n\n\n\n<p>o the right to access and receive a copy of your personal data,<\/p>\n\n\n\n<p>o the right to request the rectification of your personal data,<\/p>\n\n\n\n<p>o the right to request the deletion of your personal data, only if we are not obliged by law to process it,<\/p>\n\n\n\n<p>o the right to request the restriction of the processing of your personal data,<\/p>\n\n\n\n<p>To exercise these rights, please contact us, information on how to do this can be found on our website: http:\/\/www.medipartner.pl\/realizacja-praw\/.<\/p>\n\n\n\n<p>Right to lodge a complaint with an authority<\/p>\n\n\n\n<p>You also have the right to lodge a complaint with the supervisory authority in charge of personal data protection, i.e. the President of the Data Protection Authority.<\/p>","protected":false},"excerpt":{"rendered":"<p>1. Administrator danych osobowych Administratorem Twoich danych osobowych b\u0119dzie Medi Partner Sp. z o. o, ul. Rakowiecka 36 02-532 Warszawa (dalej: my). Mo\u017cesz si\u0119 z nami skontaktowa\u0107 w nast\u0119puj\u0105cy spos\u00f3b: o listownie na adres korespondencyjny: Kliniki Invimed, ul. Rakowiecka 36 02-532 Warszawa o przez formularz kontaktowy na stronie https:\/\/www.invimed.pl\/kontakt o przez e-mail: invimed@invimed.pl o telefonicznie: [&hellip;]<\/p>\n","protected":false},"author":2,"featured_media":0,"parent":0,"menu_order":0,"comment_status":"closed","ping_status":"closed","template":"","meta":{"_acf_changed":false,"footnotes":""},"class_list":["post-270346","page","type-page","status-publish","hentry"],"acf":[],"yoast_head":"<!-- This site is optimized with the Yoast SEO plugin v27.2 - https:\/\/yoast.com\/product\/yoast-seo-wordpress\/ -->\n<title>Szczeg\u00f3\u0142owe informacje dotycz\u0105ce przetwarzania danych osobowych przez Medi Partner Sp. z o. o, ul. Rakowiecka 36, 02-532 Warszawa - Invimed<\/title>\n<meta name=\"robots\" content=\"index, follow, max-snippet:-1, max-image-preview:large, max-video-preview:-1\" \/>\n<meta property=\"og:locale\" content=\"en_GB\" \/>\n<meta property=\"og:type\" content=\"article\" \/>\n<meta property=\"og:title\" content=\"Szczeg\u00f3\u0142owe informacje dotycz\u0105ce przetwarzania danych osobowych przez Medi Partner Sp. z o. o, ul. Rakowiecka 36, 02-532 Warszawa - Invimed\" \/>\n<meta property=\"og:description\" content=\"1. Administrator danych osobowych Administratorem Twoich danych osobowych b\u0119dzie Medi Partner Sp. z o. o, ul. Rakowiecka 36 02-532 Warszawa (dalej: my). Mo\u017cesz si\u0119 z nami skontaktowa\u0107 w nast\u0119puj\u0105cy spos\u00f3b: o listownie na adres korespondencyjny: Kliniki Invimed, ul. Rakowiecka 36 02-532 Warszawa o przez formularz kontaktowy na stronie https:\/\/www.invimed.pl\/kontakt o przez e-mail: invimed@invimed.pl o telefonicznie: [&hellip;]\" \/>\n<meta property=\"og:url\" content=\"https:\/\/invimed.pl\/en\/workshops-information-clause\/\" \/>\n<meta property=\"og:site_name\" content=\"Invimed\" \/>\n<meta property=\"article:modified_time\" content=\"2025-09-01T12:07:51+00:00\" \/>\n<meta name=\"twitter:card\" content=\"summary_large_image\" \/>\n<meta name=\"twitter:label1\" content=\"Estimated reading time\" \/>\n\t<meta name=\"twitter:data1\" content=\"3 minutes\" \/>\n<!-- \/ Yoast SEO plugin. -->","yoast_head_json":{"title":"Detailed information on the processing of personal data by Medi Partner Sp. z o, 36 Rakowiecka Street, 02-532 Warsaw - Invimed","robots":{"index":"index","follow":"follow","max-snippet":"max-snippet:-1","max-image-preview":"max-image-preview:large","max-video-preview":"max-video-preview:-1"},"og_locale":"en_GB","og_type":"article","og_title":"Szczeg\u00f3\u0142owe informacje dotycz\u0105ce przetwarzania danych osobowych przez Medi Partner Sp. z o. o, ul. Rakowiecka 36, 02-532 Warszawa - Invimed","og_description":"1. Administrator danych osobowych Administratorem Twoich danych osobowych b\u0119dzie Medi Partner Sp. z o. o, ul. Rakowiecka 36 02-532 Warszawa (dalej: my). Mo\u017cesz si\u0119 z nami skontaktowa\u0107 w nast\u0119puj\u0105cy spos\u00f3b: o listownie na adres korespondencyjny: Kliniki Invimed, ul. Rakowiecka 36 02-532 Warszawa o przez formularz kontaktowy na stronie https:\/\/www.invimed.pl\/kontakt o przez e-mail: invimed@invimed.pl o telefonicznie: [&hellip;]","og_url":"https:\/\/invimed.pl\/en\/workshops-information-clause\/","og_site_name":"Invimed","article_modified_time":"2025-09-01T12:07:51+00:00","twitter_card":"summary_large_image","twitter_misc":{"Estimated reading time":"3 minutes"},"schema":{"@context":"https:\/\/schema.org","@graph":[{"@type":"WebPage","@id":"https:\/\/invimed.pl\/warsztaty-klauzula-informacyjna","url":"https:\/\/invimed.pl\/warsztaty-klauzula-informacyjna","name":"Detailed information on the processing of personal data by Medi Partner Sp. z o, 36 Rakowiecka Street, 02-532 Warsaw - Invimed","isPartOf":{"@id":"https:\/\/invimed.pl\/#website"},"datePublished":"2025-08-18T14:22:56+00:00","dateModified":"2025-09-01T12:07:51+00:00","breadcrumb":{"@id":"https:\/\/invimed.pl\/warsztaty-klauzula-informacyjna#breadcrumb"},"inLanguage":"en-GB","potentialAction":[{"@type":"ReadAction","target":["https:\/\/invimed.pl\/warsztaty-klauzula-informacyjna"]}]},{"@type":"BreadcrumbList","@id":"https:\/\/invimed.pl\/warsztaty-klauzula-informacyjna#breadcrumb","itemListElement":[{"@type":"ListItem","position":1,"name":"Strona g\u0142\u00f3wna","item":"https:\/\/invimed.pl\/"},{"@type":"ListItem","position":2,"name":"Szczeg\u00f3\u0142owe informacje dotycz\u0105ce przetwarzania danych osobowych przez Medi Partner Sp. z o. o, ul. Rakowiecka 36, 02-532 Warszawa"}]},{"@type":"WebSite","@id":"https:\/\/invimed.pl\/#website","url":"https:\/\/invimed.pl\/","name":"Invimed","description":"Our mission is to create a happy family together","potentialAction":[{"@type":"SearchAction","target":{"@type":"EntryPoint","urlTemplate":"https:\/\/invimed.pl\/?s={search_term_string}"},"query-input":{"@type":"PropertyValueSpecification","valueRequired":true,"valueName":"search_term_string"}}],"inLanguage":"en-GB"}]}},"_links":{"self":[{"href":"https:\/\/invimed.pl\/en\/wp-json\/wp\/v2\/pages\/270346","targetHints":{"allow":["GET"]}}],"collection":[{"href":"https:\/\/invimed.pl\/en\/wp-json\/wp\/v2\/pages"}],"about":[{"href":"https:\/\/invimed.pl\/en\/wp-json\/wp\/v2\/types\/page"}],"author":[{"embeddable":true,"href":"https:\/\/invimed.pl\/en\/wp-json\/wp\/v2\/users\/2"}],"replies":[{"embeddable":true,"href":"https:\/\/invimed.pl\/en\/wp-json\/wp\/v2\/comments?post=270346"}],"version-history":[{"count":3,"href":"https:\/\/invimed.pl\/en\/wp-json\/wp\/v2\/pages\/270346\/revisions"}],"predecessor-version":[{"id":270518,"href":"https:\/\/invimed.pl\/en\/wp-json\/wp\/v2\/pages\/270346\/revisions\/270518"}],"wp:attachment":[{"href":"https:\/\/invimed.pl\/en\/wp-json\/wp\/v2\/media?parent=270346"}],"curies":[{"name":"wp","href":"https:\/\/api.w.org\/{rel}","templated":true}]}}