{"id":270444,"date":"2025-08-29T12:32:42","date_gmt":"2025-08-29T12:32:42","guid":{"rendered":"https:\/\/invimed.pl\/?page_id=270444"},"modified":"2025-11-26T09:54:32","modified_gmt":"2025-11-26T09:54:32","slug":"ectopic-pregnancy","status":"publish","type":"page","link":"https:\/\/invimed.pl\/en\/przyczyny-nieplodnosci\/ciaza-pozamaciczna","title":{"rendered":"Ectopic pregnancy"},"content":{"rendered":"<p>An ectopic pregnancy occurs when a fertilised ovum nests outside the mucous membrane of the uterine cavity. The incidence of ectopic pregnancy is put at 0.5% to 2% of all pregnancies; unfortunately, the risk of recurrence increases tenfold. It is ectopic pregnancies that often lead to damage and, in extreme cases, rupture and the need for surgical removal of the fallopian tube, with the consequent reduction or loss of the chance of natural conception.&nbsp;<\/p>\n\n\n\n<h2 class=\"wp-block-heading\" id=\"co-to-jest-ciaza-pozamaciczna\">What is an ectopic pregnancy?<\/h2>\n\n\n\n<p>In a normal pregnancy, the embryo implanted inside the uterine cavity. Sometimes, however, the embryo may implant outside the uterine cavity, in which case we speak of an ectopic or ectopic pregnancy (ectopia - displacement in Latin). Most commonly (in 97%), ectopic pregnancies are localised in one of the fallopian tubes, but locations on the ovary, in the cervix and even on the intestines or abdominal wall are also encountered.<\/p>\n\n\n\n<figure class=\"wp-block-table\"><table class=\"has-fixed-layout\"><tbody><tr><td><strong>Make an appointment for a consultation at Invimed<\/strong><br><br>If you have undergone an ectopic pregnancy, make an appointment for an initial infertility consultation at Invimed. Our specialists will know how they can help you achieve your dream of having a baby. They can order appropriate treatment and tests - including an assessment of the patency of your fallopian tubes.<br><br><a href=\"https:\/\/invimed.pl\/en\/ectopic-pregnancy\/\">Make an appointment<\/a><\/td><\/tr><\/tbody><\/table><\/figure>\n\n\n\n<h2 class=\"wp-block-heading\" id=\"jakie-sa-objawy-ciazy-pozamacicznej\">What are the symptoms of ectopic pregnancy?<\/h2>\n\n\n\n<p>In the early stages, ectopic pregnancy has no characteristic symptoms (apart from typical pregnancy symptoms), hence the difficulty in its early diagnosis. As the pregnancy grows, the symptoms are related to the location of the pregnancy.&nbsp;<\/p>\n\n\n\n<p>In the most common fallopian tube pregnancy, non-specific lower abdominal pains begin to appear around the 6th-7th week, which escalate to a condition known as 'acute abdomen' and are accompanied by dizziness and fainting - symptoms associated with bleeding from the fallopian tube into the abdominal cavity, peritoneal irritation and blood loss. There is also often spotting from the genital tract, prompting the pregnant woman to have an early gynaecological check-up.<\/p>\n\n\n\n<h2 class=\"wp-block-heading\" id=\"jak-diagnozuje-sie-ciaze-pozamaciczna\">How is an ectopic pregnancy diagnosed?<\/h2>\n\n\n\n<p>The basis of diagnosis is an ultrasound examination, but in the early stages of 4-5 weeks an ectopic pregnancy may not be visible or may give an uncharacteristic image on examination. Rising pregnancy hormone (hCG) levels, with an empty uterine cavity, directs suspicion to an ectopic location of the pregnancy. The finding of a gestational follicle structure with a visible embryo outside the uterine cavity provides certainty and confirms the primary diagnosis.<\/p>\n\n\n\n<p>The pregnancy test (hCG test) alone can never detect or differentiate ectopic pregnancy. In the initial period, when we follow the rate of increase of hCG from the moment of expected implantation, poor growth rates of chorionic gonadotropin (hCG) can suggest abnormal implantation, but also many other pathologies of the gestational follicle itself. Only the combination of ultrasound and hCG testing allows a more precise diagnosis.&nbsp;<\/p>\n\n\n\n<h2 class=\"wp-block-heading\" id=\"co-powoduje-ze-ciaza-umiejscawia-sie-poza-macica\">What causes a pregnancy to locate outside the uterus?<\/h2>\n\n\n\n<p>More often than not, the embryo gets stuck in its journey through the fallopian tube, from the place where fertilisation took place, towards the uterine cavity within an obstruction of some kind.<\/p>\n\n\n\n<p>These may be minor adhesions in the fallopian tube, diverticula or damage to the structure of the fallopian tube. These lesions are either congenital or result from inflammation within the adnexa (especially caused by&nbsp;<a href=\"https:\/\/invimed.pl\/en\/chlamydia-trachomatis-pcr-cervical-canal-smear\/\" target=\"_blank\" rel=\"noreferrer noopener\">chlamydia trachomatis<\/a>&nbsp;or after complicated appendicitis), with the presence of small foci of&nbsp;<a href=\"https:\/\/invimed.pl\/en\/endometriosis\/\">endometriosis<\/a>&nbsp;or after pelvic surgery. Adhesions both compressing the fallopian tube from outside and inside are the most common cause of embryo retention and implantation in an abnormal location.<\/p>\n\n\n\n<p>Excessive uterine contraction activity can also lead to the embryo moving back into the fallopian tube or into the cervix.&nbsp;<\/p>\n\n\n\n<h2 class=\"wp-block-heading\" id=\"jakie-sa-skutki-ciazy-pozamacicznej-dla-plodnosci-kobiety\">What are the effects of ectopic pregnancy on a woman's fertility?<\/h2>\n\n\n\n<p>The effects of ectopic pregnancy on fertility depend on:<\/p>\n\n\n\n<ul class=\"wp-block-list\">\n<li>the location of the pregnancy follicle,<\/li>\n\n\n\n<li>date of detection of pregnancy,<\/li>\n\n\n\n<li>treatment modality.\u00a0<\/li>\n<\/ul>\n\n\n\n<h3 class=\"wp-block-heading\" id=\"usuwanie-jajowodow\">Removal of fallopian tubes<\/h3>\n\n\n\n<p>Some time ago, the standard after the diagnosis of ectopic fallopian tube pregnancy was surgery combined with the removal of the entire fallopian tube together with the pregnancy follicle, but it should be noted that ectopic pregnancies themselves were detected in very advanced stages and the operation was usually a life-saving procedure for the patient due to severe haemorrhage into the abdominal cavity. In the situation of removal of the fallopian tube, fertility was limited by 50% due to alternate ovulation once from the right and once from the left ovary.<\/p>\n\n\n\n<h3 class=\"wp-block-heading\" id=\"leczenie-oszczedzajace\">Sparing treatment<\/h3>\n\n\n\n<p>Currently, we try to diagnose the pregnancy as early as possible, when sparing treatment (e.g. in a laparoscopic procedure, removal of the fetal egg itself from the fallopian tube) or even pharmacological treatment with cytostatic drugs is still possible.<\/p>\n\n\n\n<p>With conservative treatment, the impact on fertility is much less, but the increased risk of recurrence of the pathology must be borne in mind.<\/p>\n\n\n\n<h3 class=\"wp-block-heading\" id=\"konsultacje-w-klinice-leczenia-nieplodnosci\">Consultation at an infertility clinic<\/h3>\n\n\n\n<p>It is always advisable to assess the patency of the remaining fallopian tube or fallopian tubes (if both remain) after the ectopic pregnancy has been treated. If an HSG or sonoHSG examination shows abnormalities, a consultation at an infertility clinic is indicated. However, such a consultation should always be carried out after a second ectopic pregnancy, especially if both fallopian tubes are involved, regardless of the treatment.<\/p>\n\n\n\n<p><strong>To arrange a consultation, call 500 900 888.<\/strong><\/p>\n\n\n\n<h2 class=\"wp-block-heading\" id=\"ciaza-pozamaciczna-a-in-vitro\">Ectopic pregnancy and in vitro<\/h2>\n\n\n\n<p><strong>If both fallopian tubes are obstructed or missing, the only chance of having a child is through in vitro fertilisation treatment - IVF.<\/strong><\/p>\n\n\n\n<p>The risk of ectopic pregnancy in an IVF procedure is constant at around 0.8%, regardless of the number of ectopic pregnancies in the past. The transfer of the embryo into the uterine cavity is carried out under ultrasound guidance - the embryo is always administered to the most optimal location within the uterine cavity.<\/p>\n\n\n\n<p>From the administration of the embryo to the moment of implantation, a period of 24 to 96 hours elapses, depending on the stage of development of the transferred embryo. The strong uterine contractions that occur during this period can lead to the embryo being displaced outside the uterine cavity.<\/p>\n\n\n\n<h3 class=\"wp-block-heading\" id=\"zalecenia-po-transferze\">Post-transfer recommendations<\/h3>\n\n\n\n<p>If excessive uterine contractile function assessed, e.g. by the UMA test, is found in preparation for transfer, intravenous tocolytic (inhibiting myometrial contractions) or diastolic or sedative drugs may be used in the peri-transfer period.<\/p>\n\n\n\n<p>However, lifestyle recommendations will always remain fundamental - avoiding heavy physical exertion, avoiding stress and prohibiting intercourse, i.e. avoiding all those situations that can trigger or exacerbate uterine contractions.<\/p>\n\n\n\n<p>***<\/p>\n\n\n\n<p>Article elaborated:&nbsp;<a href=\"https:\/\/invimed.pl\/en\/doctor\/robert-gizler\/\" target=\"_blank\" rel=\"noreferrer noopener\">Dr Robert Gizler<\/a>, gynaecologist-obstetrician, medical director of the Invimed clinic in Wroc\u0142aw. Graduate of the Medical University of Wroc\u0142aw. Member of the Polish Gynaecological Society (PTG), the Polish Society of Reproductive Medicine and Embryology (PTMRiE) and the European Society of Human Reproduction and Embryology (ESHRE).<\/p>","protected":false},"excerpt":{"rendered":"<p>Ci\u0105\u017ca pozamaciczna powstaje wtedy, gdy zap\u0142odniona kom\u00f3rka jajowa zagnie\u017cd\u017cenia si\u0119 poza obr\u0119bem b\u0142ony \u015bluzowej jamy macicy. Cz\u0119sto\u015b\u0107 wyst\u0119powania ci\u0105\u017cy pozamacicznej okre\u015blana jest na 0,5% do 2% wszystkich ci\u0105\u017c, niestety ryzyko powt\u00f3rzenia si\u0119 takiej choroby ro\u015bnie ju\u017c dziesi\u0119ciokrotnie. To w\u0142a\u015bnie ci\u0105\u017ce pozamaciczne cz\u0119sto prowadz\u0105 do uszkadzania, a w skrajnych przypadkach do p\u0119kni\u0119cia i konieczno\u015bci operacyjnego usuni\u0119cia [&hellip;]<\/p>\n","protected":false},"author":2,"featured_media":270447,"parent":68,"menu_order":0,"comment_status":"closed","ping_status":"closed","template":"","meta":{"_acf_changed":false,"footnotes":""},"class_list":["post-270444","page","type-page","status-publish","has-post-thumbnail","hentry"],"acf":[],"yoast_head":"<!-- This site is optimized with the Yoast SEO plugin v27.2 - https:\/\/yoast.com\/product\/yoast-seo-wordpress\/ -->\n<title>Ci\u0105\u017ca pozamaciczna - Invimed<\/title>\n<meta name=\"description\" content=\"Je\u015bli przesz\u0142a\u015b ci\u0105\u017c\u0119 pozamaciczn\u0105, um\u00f3w si\u0119 na pierwsz\u0105 konsultacj\u0119 niep\u0142odno\u015bciow\u0105 w Invimed. Nasi specjali\u015bci b\u0119d\u0105 wiedzieli, jak mog\u0105 Ci pom\u00f3c w spe\u0142nieniu marzenia o dziecku. Mog\u0105 zleci\u0107 odpowiednie leczenie oraz badania \u2013 w tym ocen\u0119 dro\u017cno\u015bci jajowod\u00f3w.\" \/>\n<meta name=\"robots\" content=\"index, follow, max-snippet:-1, max-image-preview:large, max-video-preview:-1\" \/>\n<meta property=\"og:locale\" content=\"en_GB\" \/>\n<meta property=\"og:type\" content=\"article\" \/>\n<meta property=\"og:title\" content=\"Ci\u0105\u017ca pozamaciczna - Invimed\" \/>\n<meta property=\"og:description\" content=\"Je\u015bli przesz\u0142a\u015b ci\u0105\u017c\u0119 pozamaciczn\u0105, um\u00f3w si\u0119 na pierwsz\u0105 konsultacj\u0119 niep\u0142odno\u015bciow\u0105 w Invimed. Nasi specjali\u015bci b\u0119d\u0105 wiedzieli, jak mog\u0105 Ci pom\u00f3c w spe\u0142nieniu marzenia o dziecku. Mog\u0105 zleci\u0107 odpowiednie leczenie oraz badania \u2013 w tym ocen\u0119 dro\u017cno\u015bci jajowod\u00f3w.\" \/>\n<meta property=\"og:url\" content=\"https:\/\/invimed.pl\/en\/causes-of-infertility\/ectopic-pregnancy\/\" \/>\n<meta property=\"og:site_name\" content=\"Invimed\" \/>\n<meta property=\"article:modified_time\" content=\"2025-11-26T09:54:32+00:00\" \/>\n<meta property=\"og:image\" content=\"https:\/\/invimed.pl\/wp-content\/uploads\/2025\/08\/ciaza-pozamaciczna_Invimed.jpeg\" \/>\n\t<meta property=\"og:image:width\" content=\"770\" \/>\n\t<meta property=\"og:image:height\" content=\"435\" \/>\n\t<meta property=\"og:image:type\" content=\"image\/jpeg\" \/>\n<meta name=\"twitter:card\" content=\"summary_large_image\" \/>\n<meta name=\"twitter:label1\" content=\"Estimated reading time\" \/>\n\t<meta name=\"twitter:data1\" content=\"6 minutes\" \/>\n<!-- \/ Yoast SEO plugin. -->","yoast_head_json":{"title":"Ectopic pregnancy - Invimed","description":"If you have undergone an ectopic pregnancy, make an appointment for an initial infertility consultation at Invimed. Our specialists will know how they can help you achieve your dream of having a baby. They can order appropriate treatment and tests - including an assessment of the patency of your fallopian tubes.","robots":{"index":"index","follow":"follow","max-snippet":"max-snippet:-1","max-image-preview":"max-image-preview:large","max-video-preview":"max-video-preview:-1"},"og_locale":"en_GB","og_type":"article","og_title":"Ci\u0105\u017ca pozamaciczna - Invimed","og_description":"Je\u015bli przesz\u0142a\u015b ci\u0105\u017c\u0119 pozamaciczn\u0105, um\u00f3w si\u0119 na pierwsz\u0105 konsultacj\u0119 niep\u0142odno\u015bciow\u0105 w Invimed. Nasi specjali\u015bci b\u0119d\u0105 wiedzieli, jak mog\u0105 Ci pom\u00f3c w spe\u0142nieniu marzenia o dziecku. Mog\u0105 zleci\u0107 odpowiednie leczenie oraz badania \u2013 w tym ocen\u0119 dro\u017cno\u015bci jajowod\u00f3w.","og_url":"https:\/\/invimed.pl\/en\/causes-of-infertility\/ectopic-pregnancy\/","og_site_name":"Invimed","article_modified_time":"2025-11-26T09:54:32+00:00","og_image":[{"width":770,"height":435,"url":"https:\/\/invimed.pl\/wp-content\/uploads\/2025\/08\/ciaza-pozamaciczna_Invimed.jpeg","type":"image\/jpeg"}],"twitter_card":"summary_large_image","twitter_misc":{"Estimated reading time":"6 minutes"},"schema":{"@context":"https:\/\/schema.org","@graph":[{"@type":"WebPage","@id":"https:\/\/invimed.pl\/przyczyny-nieplodnosci\/ciaza-pozamaciczna","url":"https:\/\/invimed.pl\/przyczyny-nieplodnosci\/ciaza-pozamaciczna","name":"Ectopic pregnancy - Invimed","isPartOf":{"@id":"https:\/\/invimed.pl\/#website"},"primaryImageOfPage":{"@id":"https:\/\/invimed.pl\/przyczyny-nieplodnosci\/ciaza-pozamaciczna#primaryimage"},"image":{"@id":"https:\/\/invimed.pl\/przyczyny-nieplodnosci\/ciaza-pozamaciczna#primaryimage"},"thumbnailUrl":"https:\/\/invimed.pl\/wp-content\/uploads\/2025\/08\/ciaza-pozamaciczna_Invimed.jpeg","datePublished":"2025-08-29T12:32:42+00:00","dateModified":"2025-11-26T09:54:32+00:00","description":"If you have undergone an ectopic pregnancy, make an appointment for an initial infertility consultation at Invimed. Our specialists will know how they can help you achieve your dream of having a baby. They can order appropriate treatment and tests - including an assessment of the patency of your fallopian tubes.","breadcrumb":{"@id":"https:\/\/invimed.pl\/przyczyny-nieplodnosci\/ciaza-pozamaciczna#breadcrumb"},"inLanguage":"en-GB","potentialAction":[{"@type":"ReadAction","target":["https:\/\/invimed.pl\/przyczyny-nieplodnosci\/ciaza-pozamaciczna"]}]},{"@type":"ImageObject","inLanguage":"en-GB","@id":"https:\/\/invimed.pl\/przyczyny-nieplodnosci\/ciaza-pozamaciczna#primaryimage","url":"https:\/\/invimed.pl\/wp-content\/uploads\/2025\/08\/ciaza-pozamaciczna_Invimed.jpeg","contentUrl":"https:\/\/invimed.pl\/wp-content\/uploads\/2025\/08\/ciaza-pozamaciczna_Invimed.jpeg","width":770,"height":435},{"@type":"BreadcrumbList","@id":"https:\/\/invimed.pl\/przyczyny-nieplodnosci\/ciaza-pozamaciczna#breadcrumb","itemListElement":[{"@type":"ListItem","position":1,"name":"Strona g\u0142\u00f3wna","item":"https:\/\/invimed.pl\/"},{"@type":"ListItem","position":2,"name":"Przyczyny niep\u0142odno\u015bci","item":"https:\/\/invimed.pl\/przyczyny-nieplodnosci"},{"@type":"ListItem","position":3,"name":"Ci\u0105\u017ca pozamaciczna"}]},{"@type":"WebSite","@id":"https:\/\/invimed.pl\/#website","url":"https:\/\/invimed.pl\/","name":"Invimed","description":"Our mission is to create a happy family together","potentialAction":[{"@type":"SearchAction","target":{"@type":"EntryPoint","urlTemplate":"https:\/\/invimed.pl\/?s={search_term_string}"},"query-input":{"@type":"PropertyValueSpecification","valueRequired":true,"valueName":"search_term_string"}}],"inLanguage":"en-GB"}]}},"_links":{"self":[{"href":"https:\/\/invimed.pl\/en\/wp-json\/wp\/v2\/pages\/270444","targetHints":{"allow":["GET"]}}],"collection":[{"href":"https:\/\/invimed.pl\/en\/wp-json\/wp\/v2\/pages"}],"about":[{"href":"https:\/\/invimed.pl\/en\/wp-json\/wp\/v2\/types\/page"}],"author":[{"embeddable":true,"href":"https:\/\/invimed.pl\/en\/wp-json\/wp\/v2\/users\/2"}],"replies":[{"embeddable":true,"href":"https:\/\/invimed.pl\/en\/wp-json\/wp\/v2\/comments?post=270444"}],"version-history":[{"count":3,"href":"https:\/\/invimed.pl\/en\/wp-json\/wp\/v2\/pages\/270444\/revisions"}],"predecessor-version":[{"id":270450,"href":"https:\/\/invimed.pl\/en\/wp-json\/wp\/v2\/pages\/270444\/revisions\/270450"}],"up":[{"embeddable":true,"href":"https:\/\/invimed.pl\/en\/wp-json\/wp\/v2\/pages\/68"}],"wp:featuredmedia":[{"embeddable":true,"href":"https:\/\/invimed.pl\/en\/wp-json\/wp\/v2\/media\/270447"}],"wp:attachment":[{"href":"https:\/\/invimed.pl\/en\/wp-json\/wp\/v2\/media?parent=270444"}],"curies":[{"name":"wp","href":"https:\/\/api.w.org\/{rel}","templated":true}]}}