{"id":270622,"date":"2025-09-09T11:00:26","date_gmt":"2025-09-09T11:00:26","guid":{"rendered":"https:\/\/invimed.pl\/?page_id=270622"},"modified":"2025-09-09T11:10:44","modified_gmt":"2025-09-09T11:10:44","slug":"program-dofinansowujacy-zabezpieczenie-plodnosci-u-mezczyzn-leczonych-onkologicznie","status":"publish","type":"page","link":"https:\/\/invimed.pl\/en\/leczenie-nieplodnosci\/oncofertility\/wroclaw","title":{"rendered":"Subsidy programme for fertility preservation in men undergoing oncological treatment"},"content":{"rendered":"<blockquote class=\"wp-block-quote is-layout-flow wp-block-quote-is-layout-flow\">\n<p>\"Health policy programme on fertility preservation in patients treated with oncology in the Lower Silesian Voivodship\" for 2024-2025.\"<\/p>\n\n\n\n<p>The organiser is the Marshal's Office of the Lower Silesian Voivodship.<\/p>\n<\/blockquote>\n\n\n\n<h3 class=\"wp-block-heading\" id=\"to-wazne-aby-pacjent-ktory-uslyszy-diagnoze-o-chorobie-nowotworowej-wiedzial-ze-leczenie-onkologiczne-moze-wplynac-na-utrate-plodnosci-ale-tez-o-tym-ze-moze-zabezpieczyc-swoja-plodnosc-zanim-rozp\">It is important that a patient who hears a cancer diagnosis knows that cancer treatment can affect fertility loss. But also that she can safeguard her fertility before starting treatment.&nbsp;<\/h3>\n\n\n\n<h4 class=\"wp-block-heading\"><strong>Thanks to the \"Health policy programme on fertility preservation in patients treated with oncology in the Lower Silesian Voivodeship\" for 2024-2025.\" Patients can benefit and safeguard their fertility with funding from the Office of the Marshal of the Lower Silesian Voivodship.<\/strong><\/h4>\n\n\n\n<p>At the clinic\u00a0<a href=\"https:\/\/invimed.pl\/en\/clinics\/invimed-wroclaw\/\" target=\"_blank\" rel=\"noreferrer noopener\">Invimed in Wroclaw<\/a>\u00a0we have been helping patients affected by cancer for years\u00a0<a href=\"https:\/\/invimed.pl\/en\/treatment-of-infertility\/oncofertility\/\" target=\"_blank\" rel=\"noreferrer noopener\">preserve fertility\u00a0<\/a>thinking about their future and how we can help them if they want to try to have offspring after treatment.<\/p>\n\n\n\n<h2 class=\"wp-block-heading\" id=\"szczegoly-programu\">Programme details<\/h2>\n\n\n\n<h3 class=\"wp-block-heading\" id=\"procedura-dotyczy-tylko-zabezpieczenia-plodnosci-u-mezczyzn-ktorzy-maja-stwierdzona-chorobe-onkologiczna-lub-hematologiczna\">The procedure only applies to fertility preservation in men who have a known oncological or haematological disease.<\/h3>\n\n\n\n<h2 class=\"wp-block-heading\" id=\"wymogi-medyczne\">Medical requirements:<\/h2>\n\n\n\n<ul class=\"wp-block-list\">\n<li>a certificate from an oncologist or haematologist<\/li>\n\n\n\n<li>medical documentation substantiating the oncological or haematological disease<\/li>\n<\/ul>\n\n\n\n<h2 class=\"wp-block-heading\" id=\"wymogi-administracyjne\">Administrative requirements:<\/h2>\n\n\n\n<ul class=\"wp-block-list\">\n<li>the age of the Scheme Participant is between 18 and 40 by birth year<\/li>\n\n\n\n<li>The participant resides in the Lower Silesian Voivodship<\/li>\n\n\n\n<li>Participant takes part for the first time in a grant<\/li>\n<\/ul>\n\n\n\n<h2 class=\"wp-block-heading\" id=\"dla-pacjentow\">For Patients:<\/h2>\n\n\n\n<ul class=\"wp-block-list\">\n<li>qualifying visit<\/li>\n\n\n\n<li>medical appointment,<\/li>\n\n\n\n<li>carrying out the tests required by the Act<\/li>\n\n\n\n<li>semen vitrification,<\/li>\n\n\n\n<li>storage of material for 24 months (for qualified Programme participants).<\/li>\n<\/ul>\n\n\n\n<h2 class=\"wp-block-heading\" id=\"wplyw-radioterapii-na-plodnosc-meska\">Effect of radiotherapy on male fertility<\/h2>\n\n\n\n<p>In a man who has been diagnosed with cancer (e.g. colorectal cancer, prostate cancer, liver cancer, testicular cancer or any other type of cancer), undergoing radiotherapy in the testicular and pelvic region, the process of sperm formation and maturation can be disrupted by even small doses of radiation.&nbsp;<strong>Large - can lead to permanent loss of fertility.<\/strong><\/p>\n\n\n\n<p>The patient's reproductive function can also be threatened by irradiation of the abdomen and head (especially the pituitary and hypothalamus, responsible for the production of the hormones LH and FSH, which stimulate the testes to synthesise testosterone, and the growth and maturation of sperm.<\/p>\n\n\n\n<p>In clinical practice, almost all oncology patients experience temporary or permanent azoospermia (i.e. no sperm in the semen).<\/p>\n\n\n\n<h2 class=\"wp-block-heading\" id=\"chemioterapia-a-plodnosc-radioterapia-a-plodnosc\">Chemotherapy and fertility. Radiotherapy and fertility.<\/h2>\n\n\n\n<p>You can safeguard your fertility,&nbsp;<a href=\"https:\/\/invimed.pl\/en\/treatment-of-infertility\/oncofertility\/\" target=\"_blank\" rel=\"noreferrer noopener\">by submitting suitably treated semen for freezing<\/a>, before starting cancer therapy, if you have been diagnosed with one of the following diseases:<\/p>\n\n\n\n<ul class=\"wp-block-list\">\n<li>colorectal cancer<\/li>\n\n\n\n<li>prostate cancer<\/li>\n\n\n\n<li>testicular cancer<\/li>\n\n\n\n<li>gastric cancer<\/li>\n\n\n\n<li>liver cancer<\/li>\n\n\n\n<li>bladder cancer<\/li>\n\n\n\n<li>prostate cancer<\/li>\n\n\n\n<li>prostate cancer<\/li>\n<\/ul>\n\n\n\n<h2 class=\"wp-block-heading\" id=\"wazne\"><mark>IMPORTANT<\/mark><\/h2>\n\n\n\n<p><strong>During radiotherapy, a man may be fertile, but this is not a good time to conceive a child as his sperm may be damaged. It is usually recommended that patients start trying for a child no sooner than 6-24 months after the end of cancer treatment.&nbsp;<\/strong>It takes at least two years to restore the spermatogenesis process after chemotherapy and only after this time should efforts be made to have a child.<br><strong>This is why fertility preservation - sperm preservation - before starting oncotherapy, is so important.<\/strong><\/p>\n\n\n\n<figure class=\"wp-block-image\"><img loading=\"lazy\" decoding=\"async\" width=\"684\" height=\"164\" src=\"https:\/\/invimed.pl\/app\/uploads\/2024\/04\/wroclaw-logotyp-umwd-small-jpg.jpg\" alt=\"\" class=\"wp-image-3570\" srcset=\"https:\/\/invimed.pl\/wp-content\/uploads\/2024\/04\/wroclaw-logotyp-umwd-small-jpg.jpg 684w, https:\/\/invimed.pl\/wp-content\/uploads\/2024\/04\/wroclaw-logotyp-umwd-small-jpg-300x72.jpg 300w, https:\/\/invimed.pl\/wp-content\/uploads\/2024\/04\/wroclaw-logotyp-umwd-small-jpg-380x91.jpg 380w, https:\/\/invimed.pl\/wp-content\/uploads\/2024\/04\/wroclaw-logotyp-umwd-small-jpg-54x13.jpg 54w, https:\/\/invimed.pl\/wp-content\/uploads\/2024\/04\/wroclaw-logotyp-umwd-small-jpg-411x99.jpg 411w, https:\/\/invimed.pl\/wp-content\/uploads\/2024\/04\/wroclaw-logotyp-umwd-small-jpg-71x17.jpg 71w, https:\/\/invimed.pl\/wp-content\/uploads\/2024\/04\/wroclaw-logotyp-umwd-small-jpg-442x106.jpg 442w, https:\/\/invimed.pl\/wp-content\/uploads\/2024\/04\/wroclaw-logotyp-umwd-small-jpg-70x17.jpg 70w, https:\/\/invimed.pl\/wp-content\/uploads\/2024\/04\/wroclaw-logotyp-umwd-small-jpg-63x15.jpg 63w, https:\/\/invimed.pl\/wp-content\/uploads\/2024\/04\/wroclaw-logotyp-umwd-small-jpg-464x111.jpg 464w, https:\/\/invimed.pl\/wp-content\/uploads\/2024\/04\/wroclaw-logotyp-umwd-small-jpg-55x13.jpg 55w, https:\/\/invimed.pl\/wp-content\/uploads\/2024\/04\/wroclaw-logotyp-umwd-small-jpg-112x27.jpg 112w, https:\/\/invimed.pl\/wp-content\/uploads\/2024\/04\/wroclaw-logotyp-umwd-small-jpg-264x63.jpg 264w, https:\/\/invimed.pl\/wp-content\/uploads\/2024\/04\/wroclaw-logotyp-umwd-small-jpg-200x48.jpg 200w, https:\/\/invimed.pl\/wp-content\/uploads\/2024\/04\/wroclaw-logotyp-umwd-small-jpg-664x159.jpg 664w, https:\/\/invimed.pl\/wp-content\/uploads\/2024\/04\/wroclaw-logotyp-umwd-small-jpg-368x88.jpg 368w, https:\/\/invimed.pl\/wp-content\/uploads\/2024\/04\/wroclaw-logotyp-umwd-small-jpg-24x6.jpg 24w, https:\/\/invimed.pl\/wp-content\/uploads\/2024\/04\/wroclaw-logotyp-umwd-small-jpg-550x132.jpg 550w, https:\/\/invimed.pl\/wp-content\/uploads\/2024\/04\/wroclaw-logotyp-umwd-small-jpg-348x83.jpg 348w, https:\/\/invimed.pl\/wp-content\/uploads\/2024\/04\/wroclaw-logotyp-umwd-small-jpg-88x21.jpg 88w, https:\/\/invimed.pl\/wp-content\/uploads\/2024\/04\/wroclaw-logotyp-umwd-small-jpg-148x35.jpg 148w, https:\/\/invimed.pl\/wp-content\/uploads\/2024\/04\/wroclaw-logotyp-umwd-small-jpg-176x42.jpg 176w, https:\/\/invimed.pl\/wp-content\/uploads\/2024\/04\/wroclaw-logotyp-umwd-small-jpg-132x32.jpg 132w, https:\/\/invimed.pl\/wp-content\/uploads\/2024\/04\/wroclaw-logotyp-umwd-small-jpg-272x65.jpg 272w, https:\/\/invimed.pl\/wp-content\/uploads\/2024\/04\/wroclaw-logotyp-umwd-small-jpg-45x11.jpg 45w, https:\/\/invimed.pl\/wp-content\/uploads\/2024\/04\/wroclaw-logotyp-umwd-small-jpg-500x120.jpg 500w, https:\/\/invimed.pl\/wp-content\/uploads\/2024\/04\/wroclaw-logotyp-umwd-small-jpg-585x140.jpg 585w, https:\/\/invimed.pl\/wp-content\/uploads\/2024\/04\/wroclaw-logotyp-umwd-small-jpg-75x18.jpg 75w, https:\/\/invimed.pl\/wp-content\/uploads\/2024\/04\/wroclaw-logotyp-umwd-small-jpg-384x92.jpg 384w\" sizes=\"auto, (max-width: 684px) 100vw, 684px\" \/><\/figure>\n\n\n\n<p><a href=\"https:\/\/invimed.pl\/en\/treatment-of-infertility\/oncofertility\/\" target=\"_blank\" rel=\"noreferrer noopener\">More on securing fertility before starting cancer treatment<\/a><\/p>\n\n\n\n<h2 class=\"wp-block-heading\" id=\"jak-sie-zglosic-do-programu\">How to apply for the Programme?<\/h2>\n\n\n\n<p>To apply for the Programme and obtain the necessary information, all you need to do is:<\/p>\n\n\n\n<ul class=\"wp-block-list\">\n<li>Call the Medical Care Coordinator of the clinic Invimed Wroc\u0142aw:&nbsp;<strong>511 856 819,<\/strong><\/li>\n\n\n\n<li>write to: dofinansowanie.wroclaw@invimed.pl,<\/li>\n\n\n\n<li>sign up at the reception of the Invimed clinic in Wroc\u0142aw,<\/li>\n\n\n\n<li>call the clinic's helpline:&nbsp;<strong>500 900 888.<\/strong><\/li>\n<\/ul>\n\n\n\n<p><\/p>","protected":false},"excerpt":{"rendered":"<p>\u201eProgram polityki zdrowotnej w zakresie zachowania p\u0142odno\u015bci u pacjent\u00f3w leczonych onkologicznie na terenie Wojew\u00f3dztwa Dolno\u015bl\u0105skiego\u201d na lata 2024-2025.\u201d Organizatorem jest Urz\u0105d Marsza\u0142kowski Wojew\u00f3dztwa Dolno\u015bl\u0105skiego. To wa\u017cne, aby Pacjent kt\u00f3ry us\u0142yszy diagnoz\u0119 o chorobie nowotworowej wiedzia\u0142, \u017ce leczenie onkologiczne mo\u017ce wp\u0142yn\u0105\u0107 na utrat\u0119 p\u0142odno\u015bci. Ale te\u017c o tym, \u017ce mo\u017ce zabezpieczy\u0107 swoj\u0105 p\u0142odno\u015b\u0107, zanim rozpocznie leczenie.&nbsp; [&hellip;]<\/p>\n","protected":false},"author":2,"featured_media":270623,"parent":2540,"menu_order":0,"comment_status":"closed","ping_status":"closed","template":"","meta":{"_acf_changed":false,"footnotes":""},"class_list":["post-270622","page","type-page","status-publish","has-post-thumbnail","hentry"],"acf":[],"yoast_head":"<!-- This site is optimized with the Yoast SEO plugin v27.2 - https:\/\/yoast.com\/product\/yoast-seo-wordpress\/ -->\n<title>Program dofinansowuj\u0105cy zabezpieczenie p\u0142odno\u015bci u m\u0119\u017cczyzn leczonych onkologicznie - Invimed<\/title>\n<meta name=\"description\" content=\"Program dofinansowuj\u0105cy zabezpieczenie p\u0142odno\u015bci u m\u0119\u017cczyzn leczonych onkologicznie\" \/>\n<meta name=\"robots\" content=\"index, follow, max-snippet:-1, max-image-preview:large, max-video-preview:-1\" \/>\n<meta property=\"og:locale\" content=\"en_GB\" \/>\n<meta property=\"og:type\" content=\"article\" \/>\n<meta property=\"og:title\" content=\"Program dofinansowuj\u0105cy zabezpieczenie p\u0142odno\u015bci u m\u0119\u017cczyzn leczonych onkologicznie - Invimed\" \/>\n<meta property=\"og:description\" content=\"Program dofinansowuj\u0105cy zabezpieczenie p\u0142odno\u015bci u m\u0119\u017cczyzn leczonych onkologicznie\" \/>\n<meta property=\"og:url\" content=\"https:\/\/invimed.pl\/en\/treatment-of-infertility\/oncofertility\/wroclaw\/\" \/>\n<meta property=\"og:site_name\" content=\"Invimed\" \/>\n<meta property=\"article:modified_time\" content=\"2025-09-09T11:10:44+00:00\" \/>\n<meta property=\"og:image\" content=\"https:\/\/invimed.pl\/wp-content\/uploads\/2025\/09\/Invimed-Wroclaw-realizatorem-II-edycji-Programu-dofinansowujacego-zabezpieczenie-plodnosci-u-Pacjentow-onkologicznych.jpg\" \/>\n\t<meta property=\"og:image:width\" content=\"770\" \/>\n\t<meta property=\"og:image:height\" content=\"435\" \/>\n\t<meta property=\"og:image:type\" content=\"image\/jpeg\" \/>\n<meta name=\"twitter:card\" content=\"summary_large_image\" \/>\n<meta name=\"twitter:label1\" content=\"Estimated reading time\" \/>\n\t<meta name=\"twitter:data1\" content=\"4 minutes\" \/>\n<!-- \/ Yoast SEO plugin. -->","yoast_head_json":{"title":"Subsidy programme for fertility preservation in men undergoing oncological treatment - Invimed","description":"Subsidy programme for fertility preservation in men undergoing oncological treatment","robots":{"index":"index","follow":"follow","max-snippet":"max-snippet:-1","max-image-preview":"max-image-preview:large","max-video-preview":"max-video-preview:-1"},"og_locale":"en_GB","og_type":"article","og_title":"Program dofinansowuj\u0105cy zabezpieczenie p\u0142odno\u015bci u m\u0119\u017cczyzn leczonych onkologicznie - Invimed","og_description":"Program dofinansowuj\u0105cy zabezpieczenie p\u0142odno\u015bci u m\u0119\u017cczyzn leczonych onkologicznie","og_url":"https:\/\/invimed.pl\/en\/treatment-of-infertility\/oncofertility\/wroclaw\/","og_site_name":"Invimed","article_modified_time":"2025-09-09T11:10:44+00:00","og_image":[{"width":770,"height":435,"url":"https:\/\/invimed.pl\/wp-content\/uploads\/2025\/09\/Invimed-Wroclaw-realizatorem-II-edycji-Programu-dofinansowujacego-zabezpieczenie-plodnosci-u-Pacjentow-onkologicznych.jpg","type":"image\/jpeg"}],"twitter_card":"summary_large_image","twitter_misc":{"Estimated reading time":"4 minutes"},"schema":{"@context":"https:\/\/schema.org","@graph":[{"@type":"WebPage","@id":"https:\/\/invimed.pl\/leczenie-nieplodnosci\/oncofertility\/wroclaw","url":"https:\/\/invimed.pl\/leczenie-nieplodnosci\/oncofertility\/wroclaw","name":"Subsidy programme for fertility preservation in men undergoing oncological treatment - Invimed","isPartOf":{"@id":"https:\/\/invimed.pl\/#website"},"primaryImageOfPage":{"@id":"https:\/\/invimed.pl\/leczenie-nieplodnosci\/oncofertility\/wroclaw#primaryimage"},"image":{"@id":"https:\/\/invimed.pl\/leczenie-nieplodnosci\/oncofertility\/wroclaw#primaryimage"},"thumbnailUrl":"https:\/\/invimed.pl\/wp-content\/uploads\/2025\/09\/Invimed-Wroclaw-realizatorem-II-edycji-Programu-dofinansowujacego-zabezpieczenie-plodnosci-u-Pacjentow-onkologicznych.jpg","datePublished":"2025-09-09T11:00:26+00:00","dateModified":"2025-09-09T11:10:44+00:00","description":"Subsidy programme for fertility preservation in men undergoing oncological treatment","breadcrumb":{"@id":"https:\/\/invimed.pl\/leczenie-nieplodnosci\/oncofertility\/wroclaw#breadcrumb"},"inLanguage":"en-GB","potentialAction":[{"@type":"ReadAction","target":["https:\/\/invimed.pl\/leczenie-nieplodnosci\/oncofertility\/wroclaw"]}]},{"@type":"ImageObject","inLanguage":"en-GB","@id":"https:\/\/invimed.pl\/leczenie-nieplodnosci\/oncofertility\/wroclaw#primaryimage","url":"https:\/\/invimed.pl\/wp-content\/uploads\/2025\/09\/Invimed-Wroclaw-realizatorem-II-edycji-Programu-dofinansowujacego-zabezpieczenie-plodnosci-u-Pacjentow-onkologicznych.jpg","contentUrl":"https:\/\/invimed.pl\/wp-content\/uploads\/2025\/09\/Invimed-Wroclaw-realizatorem-II-edycji-Programu-dofinansowujacego-zabezpieczenie-plodnosci-u-Pacjentow-onkologicznych.jpg","width":770,"height":435},{"@type":"BreadcrumbList","@id":"https:\/\/invimed.pl\/leczenie-nieplodnosci\/oncofertility\/wroclaw#breadcrumb","itemListElement":[{"@type":"ListItem","position":1,"name":"Strona g\u0142\u00f3wna","item":"https:\/\/invimed.pl\/"},{"@type":"ListItem","position":2,"name":"Leczenie","item":"https:\/\/invimed.pl\/leczenie"},{"@type":"ListItem","position":3,"name":"Onkop\u0142odno\u015b\u0107 (Oncofertility) \u2013 zabezpieczenie p\u0142odno\u015bci os\u00f3b chorych na raka","item":"https:\/\/invimed.pl\/leczenie-nieplodnosci\/oncofertility"},{"@type":"ListItem","position":4,"name":"Program dofinansowuj\u0105cy zabezpieczenie p\u0142odno\u015bci u m\u0119\u017cczyzn leczonych onkologicznie"}]},{"@type":"WebSite","@id":"https:\/\/invimed.pl\/#website","url":"https:\/\/invimed.pl\/","name":"Invimed","description":"Our mission is to create a happy family together","potentialAction":[{"@type":"SearchAction","target":{"@type":"EntryPoint","urlTemplate":"https:\/\/invimed.pl\/?s={search_term_string}"},"query-input":{"@type":"PropertyValueSpecification","valueRequired":true,"valueName":"search_term_string"}}],"inLanguage":"en-GB"}]}},"_links":{"self":[{"href":"https:\/\/invimed.pl\/en\/wp-json\/wp\/v2\/pages\/270622","targetHints":{"allow":["GET"]}}],"collection":[{"href":"https:\/\/invimed.pl\/en\/wp-json\/wp\/v2\/pages"}],"about":[{"href":"https:\/\/invimed.pl\/en\/wp-json\/wp\/v2\/types\/page"}],"author":[{"embeddable":true,"href":"https:\/\/invimed.pl\/en\/wp-json\/wp\/v2\/users\/2"}],"replies":[{"embeddable":true,"href":"https:\/\/invimed.pl\/en\/wp-json\/wp\/v2\/comments?post=270622"}],"version-history":[{"count":3,"href":"https:\/\/invimed.pl\/en\/wp-json\/wp\/v2\/pages\/270622\/revisions"}],"predecessor-version":[{"id":270630,"href":"https:\/\/invimed.pl\/en\/wp-json\/wp\/v2\/pages\/270622\/revisions\/270630"}],"up":[{"embeddable":true,"href":"https:\/\/invimed.pl\/en\/wp-json\/wp\/v2\/pages\/2540"}],"wp:featuredmedia":[{"embeddable":true,"href":"https:\/\/invimed.pl\/en\/wp-json\/wp\/v2\/media\/270623"}],"wp:attachment":[{"href":"https:\/\/invimed.pl\/en\/wp-json\/wp\/v2\/media?parent=270622"}],"curies":[{"name":"wp","href":"https:\/\/api.w.org\/{rel}","templated":true}]}}