{"id":272024,"date":"2026-03-06T12:53:00","date_gmt":"2026-03-06T12:53:00","guid":{"rendered":"https:\/\/invimed.pl\/?page_id=272024"},"modified":"2026-03-06T13:50:53","modified_gmt":"2026-03-06T13:50:53","slug":"konferencja-copy","status":"publish","type":"page","link":"https:\/\/invimed.pl\/en\/dzien-kobiet","title":{"rendered":"Take the next step towards parenthood - now is your moment!"},"content":{"rendered":"<p><strong>On Women's Day, some people give flowers, others prepare small gifts. We take care of your health.<\/strong><\/p>\n\n\n\n<p>This year, instead of traditional gifts, we have something special for you: special discounts on examinations that will help you to consciously take care of yourself and your health.<\/p>\n\n\n\n<p>If you were with us on 8 March&nbsp;<strong>at the Women's Health Congress in Gdansk or at the Women's Side of the City in Legionowo, fill in the form below and take a step towards informed prevention.<\/strong><\/p>\n\n\n\n<p>\ud83d\udca1 Don't put off your decision - fill in the form today.<\/p>\n\n\n\n<p>By filling in the form you will be able to take advantage of the following discounts.&nbsp;<\/p>\n\n\n\n<section class=\"contact-form\">\n    <div class=\"contact-form__wrapper\">\n        <header class=\"contact-form__header\">\n            <div class=\"acf-innerblocks-container\">\n\n<style>\n.page-id-271124 figure.overflow-hidden.page-content__thumbnail {\n    padding: 0;\n}\n.page-id-271124 img.attachment-post-thumbnail.size-post-thumbnail.wp-post-image {\n    position: static;\n    object-fit: unset;\n    height: auto;\n}\n<\/style>\n\n<\/div>\n        <\/header>\n            <div class=\"contact-form__content\">\n                    <div class=\"px-0 contact-form__content__col contact-form__content__col--left\">\n                                                    <div class=\"overflow-hidden contact-form__content__image\">\n                                    <\/div>\n                        <\/div>\n                            <div class=\"contact-form__form\">\n                \n<div class=\"wpcf7 no-js\" id=\"wpcf7-f272012-o1\" lang=\"pl-PL\" dir=\"ltr\" data-wpcf7-id=\"272012\">\n<div class=\"screen-reader-response\"><p role=\"status\" aria-live=\"polite\" aria-atomic=\"true\"><\/p> <ul><\/ul><\/div>\n<form action=\"\/en\/wp-json\/wp\/v2\/pages\/272024#wpcf7-f272012-o1\" method=\"post\" class=\"wpcf7-form init\" aria-label=\"Contact form\" novalidate=\"novalidate\" data-status=\"init\" data-trp-original-action=\"\/en\/wp-json\/wp\/v2\/pages\/272024#wpcf7-f272012-o1\">\n<fieldset class=\"hidden-fields-container\"><input type=\"hidden\" name=\"_wpcf7\" value=\"272012\" \/><input type=\"hidden\" name=\"_wpcf7_version\" value=\"6.1.5\" \/><input type=\"hidden\" name=\"_wpcf7_locale\" value=\"pl_PL\" \/><input type=\"hidden\" name=\"_wpcf7_unit_tag\" value=\"wpcf7-f272012-o1\" \/><input type=\"hidden\" name=\"_wpcf7_container_post\" value=\"0\" \/><input type=\"hidden\" name=\"_wpcf7_posted_data_hash\" value=\"\" \/><input type=\"hidden\" name=\"_wpcf7_recaptcha_response\" value=\"\" \/>\n<\/fieldset>\n<!DOCTYPE html PUBLIC \"-\/\/W3C\/\/DTD HTML 4.0 Transitional\/\/EN\" \"http:\/\/www.w3.org\/TR\/REC-html40\/loose.dtd\">\n<html><body><div class=\"cf7-overlay\" aria-live=\"polite\" aria-label=\"The form is loading, please wait....\"><div class=\"cf7-spinner\" aria-hidden=\"true\"><\/div><span class=\"screen-reader-text\">The form is loading, please wait....<\/span><\/div><div class=\"uacf7-form-wrapper-container uacf7-form-272012\"><div class=\"contact-form__field contact-form__hidden\">\n    <span class=\"wpcf7-form-control-wrap\" data-name=\"your-clinic-validation\"><input size=\"40\" maxlength=\"400\" class=\"wpcf7-form-control wpcf7-text wpcf7-validates-as-required\" aria-required=\"true\" aria-invalid=\"false\" value=\"\" type=\"text\" name=\"your-clinic-validation\"><\/span>\n    <div class=\"contact-form__field--error\" aria-hidden=\"true\"><\/div>\n<\/div>\n<div class=\"contact-form__field contact-form__hidden\">\n    <input class=\"wpcf7-form-control wpcf7-hidden\" value=\"\" type=\"hidden\" name=\"your-subject-validation\">\n    <div class=\"contact-form__field--error\" aria-hidden=\"true\"><\/div>\n<\/div>\n\n<div class=\"contact-form__field\">\n    <span class=\"contact-form__field__label\">\n        Enter your name\n    <\/span>\n    <span class=\"wpcf7-form-control-wrap\" data-name=\"your-name\"><input size=\"40\" maxlength=\"400\" class=\"wpcf7-form-control wpcf7-text wpcf7-validates-as-required\" autocomplete=\"name\" aria-required=\"true\" aria-invalid=\"false\" placeholder=\"Name\" value=\"\" type=\"text\" name=\"your-name\" aria-label=\"Name\"><\/span>\n    <div class=\"contact-form__field--error\" aria-hidden=\"true\"><\/div>\n<\/div>\n\n<div class=\"contact-form__field\">\n    <span class=\"contact-form__field__label\">\n        Enter your phone number\n    <\/span>\n    <span class=\"wpcf7-form-control-wrap\" data-name=\"your-tel\"><input size=\"40\" maxlength=\"15\" minlength=\"9\" class=\"wpcf7-form-control wpcf7-tel wpcf7-validates-as-required wpcf7-text wpcf7-validates-as-tel\" aria-required=\"true\" aria-invalid=\"false\" placeholder=\"Telephone number\" value=\"\" type=\"tel\" name=\"your-tel\" aria-label=\"Telephone number\"><\/span>\n    <div class=\"contact-form__field--error\" aria-hidden=\"true\"><\/div>\n<\/div>\n\n<div class=\"contact-form__field\">\n    <span class=\"contact-form__field__label\">\n        Choose a clinic\n    <\/span>\n    <span class=\"wpcf7-form-control-wrap\" data-name=\"your-clinic\">\n        <select class=\"wpcf7-form-control wpcf7-select wpcf7-validates-as-required\" aria-required=\"true\" aria-invalid=\"false\" name=\"your-clinic\" aria-label=\"Select\">\n            <option value=\"\">Select (required)<\/option>\n            <option value=\"InviMed Warszawa Mokot&oacute;w\">Invimed Warsaw Mokotow<\/option>\n            <option value=\"InviMed Warszawa Praga\">Invimed Warsaw Prague<\/option>\n            <option value=\"InviMed Wroc&#322;aw\">Invimed Wroc\u0142aw<\/option>\n            <option value=\"InviMed Pozna&#324;\">Invimed Pozna\u0144<\/option>\n            <option value=\"InviMed Gdynia\">Invimed Gdynia<\/option>\n            <option value=\"InviMed Katowice\">Invimed Katowice<\/option>\n        <\/select>\n    <\/span>\n    <div class=\"contact-form__field--error\" aria-hidden=\"true\">\n        <span>You must select a clinic to send a message.<\/span>\n    <\/div>\n<\/div>\n\n<input class=\"wpcf7-form-control wpcf7-hidden\" value=\"Konferencja - p&#322;odno&#347;&#263;\" type=\"hidden\" name=\"your-subject\">\n\n<input class=\"wpcf7-form-control wpcf7-hidden\" value=\"Konferencja - endometrioza\" type=\"hidden\" name=\"your-message\">\n\n<div class=\"contact-form__field contact-form__field--checkbox contact-form__field--checkbox__wrapper\">\n    <div class=\"contact-form__field--checkbox__information\">\n        <p>Data administrator: Medi Partner Sp. z o.o., Rakowiecka 36, 02-532 Warsaw. Purposes of processing: to contact you back or to answer your question. Legal basis for processing: Legally legitimate interest of the Administrator (Article 6(1)(f) RODO), in the situation of processing of special category data provided by you in the contact form (e.g. information about your health condition) we will act on the basis of Article 9(2)(f) RODO. Rights in relation to data processing: right to withdraw consent to the processing of personal data; right of access to personal data; other rights referred to in the detailed information on data processing. Recipients of data: Entities processing personal data on behalf of Medi Partner Sp. z o. o. <a href=\"https:\/\/invimed.pl\/en\/information-clause\/\">Details of data processing.<\/a><\/p>\n    <\/div>\n<\/div>\n\n<input class=\"wpcf7-form-control wpcf7-submit has-spinner\" type=\"submit\" value=\"I&#039;m sending\"><\/div><\/body><\/html>\n<div class=\"wpcf7-response-output\" aria-hidden=\"true\"><\/div>\n<input type=\"hidden\" name=\"trp-form-language\" value=\"en\"\/><\/form>\n<\/div>\n             <\/div>\n                <\/div>\n        <\/div>\n<\/section>\n\n\n\n<section class=\"check-list\">\n\t    <header class=\"check-list__header\">\n        <div class=\"acf-innerblocks-container\">\n\n<h2 class=\"wp-block-heading\" id=\"30-znizki-na\"><strong>30 % discount on<\/strong><\/h2>\n\n<\/div>\n    <\/header>\n    <ul class=\"mb-0 p-0 check-list__inner\">\n            <li class=\"d-flex check-list__item\">\n            <div class=\"svg-container\">\n                <svg width=\"16\" height=\"16\">\n                    <use xlink:href=\"#icon-check-2\" \/>\n                <\/svg>\n            <\/div>\n            <div class=\"check-list__item__rte\">\n                <p><span data-olk-copy-source=\"MessageBody\">Gynaecological consultation<\/span><\/p>\n            <\/div>\n        <\/li>\n            <li class=\"d-flex check-list__item\">\n            <div class=\"svg-container\">\n                <svg width=\"16\" height=\"16\">\n                    <use xlink:href=\"#icon-check-2\" \/>\n                <\/svg>\n            <\/div>\n            <div class=\"check-list__item__rte\">\n                <p><span data-olk-copy-source=\"MessageBody\">AMH test<\/span><\/p>\n            <\/div>\n        <\/li>\n            <li class=\"d-flex check-list__item\">\n            <div class=\"svg-container\">\n                <svg width=\"16\" height=\"16\">\n                    <use xlink:href=\"#icon-check-2\" \/>\n                <\/svg>\n            <\/div>\n            <div class=\"check-list__item__rte\">\n                <p><span data-olk-copy-source=\"MessageBody\">Thin-layer cytology LBC + HPV 14 DNA<\/span><\/p>\n            <\/div>\n        <\/li>\n        <\/ul>\n<\/section>\n\n\n\n<section class=\"check-list\">\n\t    <header class=\"check-list__header\">\n        <div class=\"acf-innerblocks-container\">\n\n<h2 class=\"wp-block-heading\" id=\"10-znizki-na\"><strong>10% discounts on<\/strong><\/h2>\n\n<\/div>\n    <\/header>\n    <ul class=\"mb-0 p-0 check-list__inner\">\n            <li class=\"d-flex check-list__item\">\n            <div class=\"svg-container\">\n                <svg width=\"16\" height=\"16\">\n                    <use xlink:href=\"#icon-check-2\" \/>\n                <\/svg>\n            <\/div>\n            <div class=\"check-list__item__rte\">\n                <p><span data-olk-copy-source=\"MessageBody\">HPV vaccination (three doses) - (applicable to Warszawa Praga)<\/span><\/p>\n            <\/div>\n        <\/li>\n            <li class=\"d-flex check-list__item\">\n            <div class=\"svg-container\">\n                <svg width=\"16\" height=\"16\">\n                    <use xlink:href=\"#icon-check-2\" \/>\n                <\/svg>\n            <\/div>\n            <div class=\"check-list__item__rte\">\n                <p><span data-olk-copy-source=\"MessageBody\">Genetic consultation<\/span><\/p>\n            <\/div>\n        <\/li>\n            <li class=\"d-flex check-list__item\">\n            <div class=\"svg-container\">\n                <svg width=\"16\" height=\"16\">\n                    <use xlink:href=\"#icon-check-2\" \/>\n                <\/svg>\n            <\/div>\n            <div class=\"check-list__item__rte\">\n                <p><span data-olk-copy-source=\"MessageBody\">VERACITY - non-invasive prenatal testing\u00a0<\/span><\/p>\n            <\/div>\n        <\/li>\n            <li class=\"d-flex check-list__item\">\n            <div class=\"svg-container\">\n                <svg width=\"16\" height=\"16\">\n                    <use xlink:href=\"#icon-check-2\" \/>\n                <\/svg>\n            <\/div>\n            <div class=\"check-list__item__rte\">\n                <p><span data-olk-copy-source=\"MessageBody\">VERAgene - non-invasive prenatal testing<\/span><\/p>\n            <\/div>\n        <\/li>\n            <li class=\"d-flex check-list__item\">\n            <div class=\"svg-container\">\n                <svg width=\"16\" height=\"16\">\n                    <use xlink:href=\"#icon-check-2\" \/>\n                <\/svg>\n            <\/div>\n            <div class=\"check-list__item__rte\">\n                <p><span data-olk-copy-source=\"MessageBody\">Rodinia - a genetic test for female infertility<\/span><\/p>\n            <\/div>\n        <\/li>\n            <li class=\"d-flex check-list__item\">\n            <div class=\"svg-container\">\n                <svg width=\"16\" height=\"16\">\n                    <use xlink:href=\"#icon-check-2\" \/>\n                <\/svg>\n            <\/div>\n            <div class=\"check-list__item__rte\">\n                <p><span data-olk-copy-source=\"MessageBody\">Rhodinia - a genetic test for male infertility<\/span><\/p>\n            <\/div>\n        <\/li>\n            <li class=\"d-flex check-list__item\">\n            <div class=\"svg-container\">\n                <svg width=\"16\" height=\"16\">\n                    <use xlink:href=\"#icon-check-2\" \/>\n                <\/svg>\n            <\/div>\n            <div class=\"check-list__item__rte\">\n                <p><span data-olk-copy-source=\"MessageBody\">Rhodinia - genetic test for couple's infertility + haemophilia and thrombophilia<\/span><\/p>\n            <\/div>\n        <\/li>\n            <li class=\"d-flex check-list__item\">\n            <div class=\"svg-container\">\n                <svg width=\"16\" height=\"16\">\n                    <use xlink:href=\"#icon-check-2\" \/>\n                <\/svg>\n            <\/div>\n            <div class=\"check-list__item__rte\">\n                <p><span data-olk-copy-source=\"MessageBody\">eBiom + genetic study of the endometrial microbiome<\/span><\/p>\n            <\/div>\n        <\/li>\n            <li class=\"d-flex check-list__item\">\n            <div class=\"svg-container\">\n                <svg width=\"16\" height=\"16\">\n                    <use xlink:href=\"#icon-check-2\" \/>\n                <\/svg>\n            <\/div>\n            <div class=\"check-list__item__rte\">\n                <p><span data-olk-copy-source=\"MessageBody\">Adventia II - comprehensive panel of monogenic disease carriers 231 genes (1 person).<\/span><\/p>\n            <\/div>\n        <\/li>\n            <li class=\"d-flex check-list__item\">\n            <div class=\"svg-container\">\n                <svg width=\"16\" height=\"16\">\n                    <use xlink:href=\"#icon-check-2\" \/>\n                <\/svg>\n            <\/div>\n            <div class=\"check-list__item__rte\">\n                <div class=\"x_elementToProof\" role=\"presentation\" data-olk-copy-source=\"MessageBody\">Adventia II - comprehensive panel of monogenic disease carriers 231 genes (pair)<\/div>\n            <\/div>\n        <\/li>\n            <li class=\"d-flex check-list__item\">\n            <div class=\"svg-container\">\n                <svg width=\"16\" height=\"16\">\n                    <use xlink:href=\"#icon-check-2\" \/>\n                <\/svg>\n            <\/div>\n            <div class=\"check-list__item__rte\">\n                <p><span data-olk-copy-source=\"MessageBody\">Adventia I - baseline panel of monogenic disease carriers 22 genes (1 person).<\/span><\/p>\n            <\/div>\n        <\/li>\n            <li class=\"d-flex check-list__item\">\n            <div class=\"svg-container\">\n                <svg width=\"16\" height=\"16\">\n                    <use xlink:href=\"#icon-check-2\" \/>\n                <\/svg>\n            <\/div>\n            <div class=\"check-list__item__rte\">\n                <p><span data-olk-copy-source=\"MessageBody\">Adventia I - baseline panel of monogenic disease carriers 22 genes (paired study)<\/span><\/p>\n            <\/div>\n        <\/li>\n        <\/ul>\n<\/section>\n\n\n\n<h4 class=\"wp-block-heading\">Fill in the form by 9 March and our consultant will contact you within 24 hours (counting working days) to arrange an appointment or examination.<\/h4>\n\n\n\n<p><\/p>\n\n\n\n<p>Discounts are valid until the end of May 2026. *<\/p>\n\n\n\n<p><em>* Important: To receive the discount, enter the password: DAY OF WOMEN when paying.<\/em><\/p>\n\n\n\n<figure class=\"wp-block-embed aligncenter is-type-video is-provider-youtube wp-block-embed-youtube\"><div class=\"wp-block-embed__wrapper\">\n<iframe loading=\"lazy\" title=\"The story of Danusi and Adam&#039;s bumpy road to parenthood\" width=\"500\" height=\"281\" src=\"https:\/\/www.youtube.com\/embed\/Of7cW8ipc64?feature=oembed\" frameborder=\"0\" allow=\"accelerometer; autoplay; clipboard-write; encrypted-media; gyroscope; picture-in-picture; web-share\" referrerpolicy=\"strict-origin-when-cross-origin\" allowfullscreen><\/iframe>\n<\/div><\/figure>\n\n\n\n<figure class=\"wp-block-embed aligncenter is-type-video is-provider-youtube wp-block-embed-youtube\" style=\"margin-top:0;margin-right:0;margin-bottom:0;margin-left:0\"><div class=\"wp-block-embed__wrapper\">\n<iframe loading=\"lazy\" title=\"11 years of fighting for a pregnancy to finally hold your Baby Girl - INVIMED CLINIC\" width=\"500\" height=\"281\" src=\"https:\/\/www.youtube.com\/embed\/5GK5UIbisw4?feature=oembed\" frameborder=\"0\" allow=\"accelerometer; autoplay; clipboard-write; encrypted-media; gyroscope; picture-in-picture; web-share\" referrerpolicy=\"strict-origin-when-cross-origin\" allowfullscreen><\/iframe>\n<\/div><\/figure>\n\n\n\n<p><\/p>\n\n\n\n<p><\/p>\n\n\n\n<p><\/p>\n\n\n\n<p><\/p>\n\n\n\n<p><\/p>\n\n\n\n<p><\/p>","protected":false},"excerpt":{"rendered":"<p>Z okazji Dnia Kobiet jedni wr\u0119czaj\u0105 kwiaty, inni przygotowuj\u0105 drobne upominki. My dbamy o Wasze zdrowie. W tym roku zamiast tradycyjnych prezent\u00f3w mamy dla Was co\u015b wyj\u0105tkowego: specjalne zni\u017cki na badania, kt\u00f3re pomog\u0105 Wam \u015bwiadomie troszczy\u0107 si\u0119 o siebie i swoje zdrowie. Je\u015bli by\u0142a\u015b z nami 8 marca&nbsp;na&nbsp;Gda\u0144skim Kongres Zdrowia Kobiet lub na Kobiecej Stronie [&hellip;]<\/p>\n","protected":false},"author":2,"featured_media":272037,"parent":0,"menu_order":0,"comment_status":"closed","ping_status":"closed","template":"","meta":{"_acf_changed":false,"footnotes":""},"class_list":["post-272024","page","type-page","status-publish","has-post-thumbnail","hentry"],"acf":[],"yoast_head":"<!-- This site is optimized with the Yoast SEO plugin v27.2 - https:\/\/yoast.com\/product\/yoast-seo-wordpress\/ -->\n<title>Zr\u00f3b kolejny krok w stron\u0119 rodzicielstwa \u2013 teraz jest Tw\u00f3j moment! - Invimed<\/title>\n<meta name=\"description\" content=\"Wiemy, \u017ce droga do rodzicielstwa bywa pe\u0142na wyzwa\u0144, ale nie musisz i\u015b\u0107 ni\u0105 sama. Je\u015bli by\u0142a\u015b z nami na Konferencji \u201eP\u0142odno\u015b\u0107\u201d, to \u015bwietnie \u2013 zrobi\u0142a\u015b pierwszy krok! Teraz chcemy pom\u00f3c Ci zrobi\u0107 kolejny.\" \/>\n<meta name=\"robots\" content=\"index, follow, max-snippet:-1, max-image-preview:large, max-video-preview:-1\" \/>\n<meta property=\"og:locale\" content=\"en_GB\" \/>\n<meta property=\"og:type\" content=\"article\" \/>\n<meta property=\"og:title\" content=\"Zr\u00f3b kolejny krok w stron\u0119 rodzicielstwa \u2013 teraz jest Tw\u00f3j moment! - Invimed\" \/>\n<meta property=\"og:description\" content=\"Wiemy, \u017ce droga do rodzicielstwa bywa pe\u0142na wyzwa\u0144, ale nie musisz i\u015b\u0107 ni\u0105 sama. Je\u015bli by\u0142a\u015b z nami na Konferencji \u201eP\u0142odno\u015b\u0107\u201d, to \u015bwietnie \u2013 zrobi\u0142a\u015b pierwszy krok! Teraz chcemy pom\u00f3c Ci zrobi\u0107 kolejny.\" \/>\n<meta property=\"og:url\" content=\"https:\/\/invimed.pl\/en\/womens-day\/\" \/>\n<meta property=\"og:site_name\" content=\"Invimed\" \/>\n<meta property=\"article:modified_time\" content=\"2026-03-06T13:50:53+00:00\" \/>\n<meta property=\"og:image\" content=\"https:\/\/invimed.pl\/wp-content\/uploads\/2026\/03\/invimed_dzien_kobiet.jpg\" \/>\n\t<meta property=\"og:image:width\" content=\"1380\" \/>\n\t<meta property=\"og:image:height\" content=\"520\" \/>\n\t<meta property=\"og:image:type\" content=\"image\/jpeg\" \/>\n<meta name=\"twitter:card\" content=\"summary_large_image\" \/>\n<meta name=\"twitter:label1\" content=\"Estimated reading time\" \/>\n\t<meta name=\"twitter:data1\" content=\"2 minutes\" \/>\n<!-- \/ Yoast SEO plugin. -->","yoast_head_json":{"title":"Take the next step towards parenthood - now is your moment! - Invimed","description":"We know that the road to parenthood can be challenging, but you don't have to walk it alone. If you were with us at the Fertility Conference, that's great - you've taken the first step! Now we want to help you take the next one.","robots":{"index":"index","follow":"follow","max-snippet":"max-snippet:-1","max-image-preview":"max-image-preview:large","max-video-preview":"max-video-preview:-1"},"og_locale":"en_GB","og_type":"article","og_title":"Zr\u00f3b kolejny krok w stron\u0119 rodzicielstwa \u2013 teraz jest Tw\u00f3j moment! - Invimed","og_description":"Wiemy, \u017ce droga do rodzicielstwa bywa pe\u0142na wyzwa\u0144, ale nie musisz i\u015b\u0107 ni\u0105 sama. Je\u015bli by\u0142a\u015b z nami na Konferencji \u201eP\u0142odno\u015b\u0107\u201d, to \u015bwietnie \u2013 zrobi\u0142a\u015b pierwszy krok! Teraz chcemy pom\u00f3c Ci zrobi\u0107 kolejny.","og_url":"https:\/\/invimed.pl\/en\/womens-day\/","og_site_name":"Invimed","article_modified_time":"2026-03-06T13:50:53+00:00","og_image":[{"width":1380,"height":520,"url":"https:\/\/invimed.pl\/wp-content\/uploads\/2026\/03\/invimed_dzien_kobiet.jpg","type":"image\/jpeg"}],"twitter_card":"summary_large_image","twitter_misc":{"Estimated reading time":"2 minutes"},"schema":{"@context":"https:\/\/schema.org","@graph":[{"@type":"WebPage","@id":"https:\/\/invimed.pl\/dzien-kobiet","url":"https:\/\/invimed.pl\/dzien-kobiet","name":"Take the next step towards parenthood - now is your moment! - Invimed","isPartOf":{"@id":"https:\/\/invimed.pl\/#website"},"primaryImageOfPage":{"@id":"https:\/\/invimed.pl\/dzien-kobiet#primaryimage"},"image":{"@id":"https:\/\/invimed.pl\/dzien-kobiet#primaryimage"},"thumbnailUrl":"https:\/\/invimed.pl\/wp-content\/uploads\/2026\/03\/invimed_dzien_kobiet.jpg","datePublished":"2026-03-06T12:53:00+00:00","dateModified":"2026-03-06T13:50:53+00:00","description":"We know that the road to parenthood can be challenging, but you don't have to walk it alone. If you were with us at the Fertility Conference, that's great - you've taken the first step! Now we want to help you take the next one.","breadcrumb":{"@id":"https:\/\/invimed.pl\/dzien-kobiet#breadcrumb"},"inLanguage":"en-GB","potentialAction":[{"@type":"ReadAction","target":["https:\/\/invimed.pl\/dzien-kobiet"]}]},{"@type":"ImageObject","inLanguage":"en-GB","@id":"https:\/\/invimed.pl\/dzien-kobiet#primaryimage","url":"https:\/\/invimed.pl\/wp-content\/uploads\/2026\/03\/invimed_dzien_kobiet.jpg","contentUrl":"https:\/\/invimed.pl\/wp-content\/uploads\/2026\/03\/invimed_dzien_kobiet.jpg","width":1380,"height":520,"caption":"1205459305"},{"@type":"BreadcrumbList","@id":"https:\/\/invimed.pl\/dzien-kobiet#breadcrumb","itemListElement":[{"@type":"ListItem","position":1,"name":"Strona g\u0142\u00f3wna","item":"https:\/\/invimed.pl\/"},{"@type":"ListItem","position":2,"name":"Zr\u00f3b kolejny krok w stron\u0119 rodzicielstwa \u2013 teraz jest Tw\u00f3j moment!"}]},{"@type":"WebSite","@id":"https:\/\/invimed.pl\/#website","url":"https:\/\/invimed.pl\/","name":"Invimed","description":"Our mission is to create a happy family together","potentialAction":[{"@type":"SearchAction","target":{"@type":"EntryPoint","urlTemplate":"https:\/\/invimed.pl\/?s={search_term_string}"},"query-input":{"@type":"PropertyValueSpecification","valueRequired":true,"valueName":"search_term_string"}}],"inLanguage":"en-GB"}]}},"_links":{"self":[{"href":"https:\/\/invimed.pl\/en\/wp-json\/wp\/v2\/pages\/272024","targetHints":{"allow":["GET"]}}],"collection":[{"href":"https:\/\/invimed.pl\/en\/wp-json\/wp\/v2\/pages"}],"about":[{"href":"https:\/\/invimed.pl\/en\/wp-json\/wp\/v2\/types\/page"}],"author":[{"embeddable":true,"href":"https:\/\/invimed.pl\/en\/wp-json\/wp\/v2\/users\/2"}],"replies":[{"embeddable":true,"href":"https:\/\/invimed.pl\/en\/wp-json\/wp\/v2\/comments?post=272024"}],"version-history":[{"count":8,"href":"https:\/\/invimed.pl\/en\/wp-json\/wp\/v2\/pages\/272024\/revisions"}],"predecessor-version":[{"id":272044,"href":"https:\/\/invimed.pl\/en\/wp-json\/wp\/v2\/pages\/272024\/revisions\/272044"}],"wp:featuredmedia":[{"embeddable":true,"href":"https:\/\/invimed.pl\/en\/wp-json\/wp\/v2\/media\/272037"}],"wp:attachment":[{"href":"https:\/\/invimed.pl\/en\/wp-json\/wp\/v2\/media?parent=272024"}],"curies":[{"name":"wp","href":"https:\/\/api.w.org\/{rel}","templated":true}]}}