{"id":272187,"date":"2026-03-12T14:51:11","date_gmt":"2026-03-12T14:51:11","guid":{"rendered":"https:\/\/invimed.pl\/?page_id=272187"},"modified":"2026-03-12T14:52:49","modified_gmt":"2026-03-12T14:52:49","slug":"data-protection-officer","status":"publish","type":"page","link":"https:\/\/invimed.pl\/en\/inspektor-ochrony-danych","title":{"rendered":"Data Protection Officer"},"content":{"rendered":"<p>Medi Partner sp. z o.o. has appointed a Data Protection Officer as well as deputies in accordance with the provisions of the DPA.<\/p>\n\n\n\n<p>The Data Protection Officer supports Medi Partner in ensuring the security of personal data and ensures that its processing complies with applicable laws.<\/p>\n\n\n\n<p>Data Protection Officer Medi Partner sp. z o.o. Miros\u0142aw Gumularz<\/p>\n\n\n\n<p><strong>Deputies:<\/strong><\/p>\n\n\n\n<p>Tomasz Izydorczyk<\/p>\n\n\n\n<p>Szczepan Watras<\/p>\n\n\n\n<p>The Data Protection Officer can be contacted on matters relating to the processing of personal data by writing to:iod@medipartner.pl<\/p>","protected":false},"excerpt":{"rendered":"<p>Medi Partner sp. z o.o.\u202fwyznaczy\u0142 Inspektora Ochrony Danych, a tak\u017ce jego zast\u0119pc\u00f3w zgodnie z przepisami RODO. Inspektor Ochrony Danych wspiera Medi Partner w zapewnieniu bezpiecze\u0144stwa danych osobowych oraz dba o zgodno\u015b\u0107 ich przetwarzania z obowi\u0105zuj\u0105cymi przepisami prawa. Inspektor Ochrony Danych Osobowych Medi Partner sp. z o.o. Miros\u0142aw Gumularz Zast\u0119pcy:\u202f Tomasz Izydorczyk Szczepan Watras Z Inspektorem [&hellip;]<\/p>\n","protected":false},"author":2,"featured_media":0,"parent":0,"menu_order":0,"comment_status":"closed","ping_status":"closed","template":"","meta":{"_acf_changed":false,"footnotes":""},"class_list":["post-272187","page","type-page","status-publish","hentry"],"acf":[],"yoast_head":"<!-- This site is optimized with the Yoast SEO plugin v27.4 - https:\/\/yoast.com\/product\/yoast-seo-wordpress\/ -->\n<title>Inspektor Ochrony Danych\u202f - Invimed<\/title>\n<meta name=\"robots\" content=\"index, follow, max-snippet:-1, max-image-preview:large, max-video-preview:-1\" \/>\n<meta property=\"og:locale\" content=\"en_GB\" \/>\n<meta property=\"og:type\" content=\"article\" \/>\n<meta property=\"og:title\" content=\"Inspektor Ochrony Danych\u202f - Invimed\" \/>\n<meta property=\"og:description\" content=\"Medi Partner sp. z o.o.\u202fwyznaczy\u0142 Inspektora Ochrony Danych, a tak\u017ce jego zast\u0119pc\u00f3w zgodnie z przepisami RODO. Inspektor Ochrony Danych wspiera Medi Partner w zapewnieniu bezpiecze\u0144stwa danych osobowych oraz dba o zgodno\u015b\u0107 ich przetwarzania z obowi\u0105zuj\u0105cymi przepisami prawa. Inspektor Ochrony Danych Osobowych Medi Partner sp. z o.o. Miros\u0142aw Gumularz Zast\u0119pcy:\u202f Tomasz Izydorczyk Szczepan Watras Z Inspektorem [&hellip;]\" \/>\n<meta property=\"og:url\" content=\"https:\/\/invimed.pl\/en\/data-protection-officer\/\" \/>\n<meta property=\"og:site_name\" content=\"Invimed\" \/>\n<meta property=\"article:modified_time\" content=\"2026-03-12T14:52:49+00:00\" \/>\n<meta name=\"twitter:card\" content=\"summary_large_image\" \/>\n<meta name=\"twitter:label1\" content=\"Estimated reading time\" \/>\n\t<meta name=\"twitter:data1\" content=\"1 minute\" \/>\n<!-- \/ Yoast SEO plugin. -->","yoast_head_json":{"title":"Data Protection Officer - Invimed","robots":{"index":"index","follow":"follow","max-snippet":"max-snippet:-1","max-image-preview":"max-image-preview:large","max-video-preview":"max-video-preview:-1"},"og_locale":"en_GB","og_type":"article","og_title":"Inspektor Ochrony Danych\u202f - Invimed","og_description":"Medi Partner sp. z o.o.\u202fwyznaczy\u0142 Inspektora Ochrony Danych, a tak\u017ce jego zast\u0119pc\u00f3w zgodnie z przepisami RODO. Inspektor Ochrony Danych wspiera Medi Partner w zapewnieniu bezpiecze\u0144stwa danych osobowych oraz dba o zgodno\u015b\u0107 ich przetwarzania z obowi\u0105zuj\u0105cymi przepisami prawa. Inspektor Ochrony Danych Osobowych Medi Partner sp. z o.o. Miros\u0142aw Gumularz Zast\u0119pcy:\u202f Tomasz Izydorczyk Szczepan Watras Z Inspektorem [&hellip;]","og_url":"https:\/\/invimed.pl\/en\/data-protection-officer\/","og_site_name":"Invimed","article_modified_time":"2026-03-12T14:52:49+00:00","twitter_card":"summary_large_image","twitter_misc":{"Estimated reading time":"1 minute"},"schema":{"@context":"https:\/\/schema.org","@graph":[{"@type":"WebPage","@id":"https:\/\/invimed.pl\/inspektor-ochrony-danych","url":"https:\/\/invimed.pl\/inspektor-ochrony-danych","name":"Data Protection Officer - Invimed","isPartOf":{"@id":"https:\/\/invimed.pl\/#website"},"datePublished":"2026-03-12T14:51:11+00:00","dateModified":"2026-03-12T14:52:49+00:00","breadcrumb":{"@id":"https:\/\/invimed.pl\/inspektor-ochrony-danych#breadcrumb"},"inLanguage":"en-GB","potentialAction":[{"@type":"ReadAction","target":["https:\/\/invimed.pl\/inspektor-ochrony-danych"]}]},{"@type":"BreadcrumbList","@id":"https:\/\/invimed.pl\/inspektor-ochrony-danych#breadcrumb","itemListElement":[{"@type":"ListItem","position":1,"name":"Strona g\u0142\u00f3wna","item":"https:\/\/invimed.pl\/"},{"@type":"ListItem","position":2,"name":"Inspektor Ochrony Danych\u202f"}]},{"@type":"WebSite","@id":"https:\/\/invimed.pl\/#website","url":"https:\/\/invimed.pl\/","name":"Invimed","description":"Our mission is to create a happy family together","potentialAction":[{"@type":"SearchAction","target":{"@type":"EntryPoint","urlTemplate":"https:\/\/invimed.pl\/?s={search_term_string}"},"query-input":{"@type":"PropertyValueSpecification","valueRequired":true,"valueName":"search_term_string"}}],"inLanguage":"en-GB"}]}},"_links":{"self":[{"href":"https:\/\/invimed.pl\/en\/wp-json\/wp\/v2\/pages\/272187","targetHints":{"allow":["GET"]}}],"collection":[{"href":"https:\/\/invimed.pl\/en\/wp-json\/wp\/v2\/pages"}],"about":[{"href":"https:\/\/invimed.pl\/en\/wp-json\/wp\/v2\/types\/page"}],"author":[{"embeddable":true,"href":"https:\/\/invimed.pl\/en\/wp-json\/wp\/v2\/users\/2"}],"replies":[{"embeddable":true,"href":"https:\/\/invimed.pl\/en\/wp-json\/wp\/v2\/comments?post=272187"}],"version-history":[{"count":2,"href":"https:\/\/invimed.pl\/en\/wp-json\/wp\/v2\/pages\/272187\/revisions"}],"predecessor-version":[{"id":272189,"href":"https:\/\/invimed.pl\/en\/wp-json\/wp\/v2\/pages\/272187\/revisions\/272189"}],"wp:attachment":[{"href":"https:\/\/invimed.pl\/en\/wp-json\/wp\/v2\/media?parent=272187"}],"curies":[{"name":"wp","href":"https:\/\/api.w.org\/{rel}","templated":true}]}}