{"id":3100,"date":"2024-04-17T12:50:47","date_gmt":"2024-04-17T12:50:47","guid":{"rendered":"https:\/\/invimed.pl\/?page_id=3100"},"modified":"2025-10-03T13:01:15","modified_gmt":"2025-10-03T13:01:15","slug":"for-medicover-patients","status":"publish","type":"page","link":"https:\/\/invimed.pl\/en\/dla-pacjentow-medicover","title":{"rendered":"For Medicover patients"},"content":{"rendered":"<p>Take a look at the special offer for Medicover patients.&nbsp;<\/p>\n\n\n\n<p class=\"has-text-align-left\">Infertility diagnosis and treatment are not covered by Medicover medical packages, so in order to facilitate the decision to start treatment, we have prepared a special programme.<\/p>\n\n\n\n<figure class=\"wp-block-table\"><table><tbody><tr><td><strong>FREE VISIT<\/strong><br>To\u00a0<strong>31.12.2025<\/strong>\u00a0every patient with a referral from a Medicover doctor will receive a free first visit to any Invimed clinic.<\/td><\/tr><\/tbody><\/table><\/figure>\n\n\n\n<p><\/p>\n\n\n\n<h3 class=\"wp-block-heading\" id=\"pacjenci-z-aktywnym-abonamentem-w-medicover-a-bez-skierowania-od-lekarza-otrzymuja\"><strong>Patients with an active subscription at Medicover and without a referral from a doctor receive:<\/strong><\/h3>\n\n\n\n<ul class=\"wp-block-list\">\n<li><strong>50% discount on first visit<\/strong>&nbsp;with a gynaecologist, a specialist in infertility treatment<\/li>\n\n\n\n<li><strong>50% discount on hormone testing package<\/strong>&nbsp;for the patient (FSH, TSH, oestradiol, prolactin, luteinising hormone - LH, progesterone)<\/li>\n\n\n\n<li><strong>10% discount on extended semen testing<\/strong><\/li>\n\n\n\n<li><strong>5% discount on IVF procedure<\/strong>&nbsp;(oocyte retrieval, standard embryology, fresh embryo transfer)&nbsp;<\/li>\n<\/ul>\n\n\n\n<figure class=\"wp-block-table\"><table><tbody><tr><td><em><strong>Terms of the offer:<\/strong><\/em><br><em>1 Discounts cannot be combined with other discounts and promotions.<\/em><br><em>2. the offer always covers both partners, even if only one of them has the Medicover card.<\/em><br>(3) The prerequisite for obtaining the discount is presentation of the Medicover card and verification of the card (whether the subscription is active) by a receptionist.&nbsp;<br><em>4.&nbsp;<\/em>The discount for the first visit is one-off, other discounts are granted on a case-by-case basis.&nbsp;<br><em>5. The offer is valid&nbsp;<strong>as of 1.03.2019<\/strong><\/em><\/td><\/tr><\/tbody><\/table><\/figure>\n\n\n\n<p><\/p>\n\n\n\n<p>* offer for Medicover patients includes:&nbsp;<\/p>\n\n\n\n<ul class=\"wp-block-list\">\n<li>A free first visit to a gynaecologist, a specialist in infertility treatment at the Invimed clinic.<\/li>\n\n\n\n<li>10% discount on a package of hormonal tests for the patient (FSH, TSH, E2, prolactin, luteinising hormone - LH, progesterone)<\/li>\n\n\n\n<li>10% discount on extended semen testing<\/li>\n<\/ul>\n\n\n\n<p><a href=\"https:\/\/invimed.pl\/en\/blog\/what-the-first-visit-to-invimed-is-like\/\" target=\"_blank\" rel=\"noreferrer noopener\">Find out how to prepare for your first visit to the Invimed clinic?<\/a><\/p>\n\n\n\n<p><a href=\"https:\/\/invimed.pl\/en\/for-the-patient\/\" target=\"_blank\" rel=\"noreferrer noopener\">Download documents for Invimed clinic patients<\/a><\/p>\n\n\n\n<p><\/p>\n\n\n\n<p><\/p>\n\n\n\n<p class=\"has-text-align-center\"><strong>Download free Invimed e-books<\/strong><\/p>\n\n\n\n<p class=\"has-text-align-center\">The e-books published by Invimed are free and freely available to the public. We dedicate them to people who are in the process of trying to have a baby - whether on their own or supported by infertility clinics. We are here for you.<\/p>\n\n\n\n<p class=\"has-text-align-center\"><a href=\"https:\/\/invimed.pl\/en\/ebooks\/\">Go to e-books<\/a><\/p>","protected":false},"excerpt":{"rendered":"<p>Zapraszamy do zapoznania si\u0119 ze specjaln\u0105 ofert\u0105 dla pacjent\u00f3w Medicover.&nbsp; Diagnostyk\u0105 i leczeniem niep\u0142odno\u015bci nie s\u0105 obj\u0119te pakietami medycznymi Medicover, dlatego, aby u\u0142atwi\u0107 podj\u0119cie decyzji o rozpocz\u0119ciu leczenia, przygotowali\u015bmy specjalny program. BEZP\u0141ATNA WIZYTADo\u00a031.12.2025\u00a0ka\u017cda pacjentka ze skierowaniem od lekarza z Medicover otrzyma bezp\u0142atn\u0105 pierwsz\u0105 wizyt\u0119 w ka\u017cdej klinice Invimed. Pacjenci z aktywnym abonamentem w Medicover, a [&hellip;]<\/p>\n","protected":false},"author":14,"featured_media":0,"parent":0,"menu_order":0,"comment_status":"closed","ping_status":"closed","template":"","meta":{"_acf_changed":false,"footnotes":""},"class_list":["post-3100","page","type-page","status-publish","hentry"],"acf":[],"yoast_head":"<!-- This site is optimized with the Yoast SEO plugin v27.2 - https:\/\/yoast.com\/product\/yoast-seo-wordpress\/ -->\n<title>Dla pacjent\u00f3w Medicover - Invimed<\/title>\n<meta name=\"robots\" content=\"index, follow, max-snippet:-1, max-image-preview:large, max-video-preview:-1\" \/>\n<meta property=\"og:locale\" content=\"en_GB\" \/>\n<meta property=\"og:type\" content=\"article\" \/>\n<meta property=\"og:title\" content=\"Dla pacjent\u00f3w Medicover - Invimed\" \/>\n<meta property=\"og:description\" content=\"Zapraszamy do zapoznania si\u0119 ze specjaln\u0105 ofert\u0105 dla pacjent\u00f3w Medicover.&nbsp; Diagnostyk\u0105 i leczeniem niep\u0142odno\u015bci nie s\u0105 obj\u0119te pakietami medycznymi Medicover, dlatego, aby u\u0142atwi\u0107 podj\u0119cie decyzji o rozpocz\u0119ciu leczenia, przygotowali\u015bmy specjalny program. BEZP\u0141ATNA WIZYTADo\u00a031.12.2025\u00a0ka\u017cda pacjentka ze skierowaniem od lekarza z Medicover otrzyma bezp\u0142atn\u0105 pierwsz\u0105 wizyt\u0119 w ka\u017cdej klinice Invimed. Pacjenci z aktywnym abonamentem w Medicover, a [&hellip;]\" \/>\n<meta property=\"og:url\" content=\"https:\/\/invimed.pl\/en\/for-medicover-patients\/\" \/>\n<meta property=\"og:site_name\" content=\"Invimed\" \/>\n<meta property=\"article:modified_time\" content=\"2025-10-03T13:01:15+00:00\" \/>\n<meta name=\"twitter:card\" content=\"summary_large_image\" \/>\n<meta name=\"twitter:label1\" content=\"Estimated reading time\" \/>\n\t<meta name=\"twitter:data1\" content=\"2 minutes\" \/>\n<!-- \/ Yoast SEO plugin. -->","yoast_head_json":{"title":"For Medicover patients - Invimed","robots":{"index":"index","follow":"follow","max-snippet":"max-snippet:-1","max-image-preview":"max-image-preview:large","max-video-preview":"max-video-preview:-1"},"og_locale":"en_GB","og_type":"article","og_title":"Dla pacjent\u00f3w Medicover - Invimed","og_description":"Zapraszamy do zapoznania si\u0119 ze specjaln\u0105 ofert\u0105 dla pacjent\u00f3w Medicover.&nbsp; Diagnostyk\u0105 i leczeniem niep\u0142odno\u015bci nie s\u0105 obj\u0119te pakietami medycznymi Medicover, dlatego, aby u\u0142atwi\u0107 podj\u0119cie decyzji o rozpocz\u0119ciu leczenia, przygotowali\u015bmy specjalny program. BEZP\u0141ATNA WIZYTADo\u00a031.12.2025\u00a0ka\u017cda pacjentka ze skierowaniem od lekarza z Medicover otrzyma bezp\u0142atn\u0105 pierwsz\u0105 wizyt\u0119 w ka\u017cdej klinice Invimed. Pacjenci z aktywnym abonamentem w Medicover, a [&hellip;]","og_url":"https:\/\/invimed.pl\/en\/for-medicover-patients\/","og_site_name":"Invimed","article_modified_time":"2025-10-03T13:01:15+00:00","twitter_card":"summary_large_image","twitter_misc":{"Estimated reading time":"2 minutes"},"schema":{"@context":"https:\/\/schema.org","@graph":[{"@type":"WebPage","@id":"https:\/\/invimed.pl\/dla-pacjentow-medicover","url":"https:\/\/invimed.pl\/dla-pacjentow-medicover","name":"For Medicover patients - Invimed","isPartOf":{"@id":"https:\/\/invimed.pl\/#website"},"datePublished":"2024-04-17T12:50:47+00:00","dateModified":"2025-10-03T13:01:15+00:00","breadcrumb":{"@id":"https:\/\/invimed.pl\/dla-pacjentow-medicover#breadcrumb"},"inLanguage":"en-GB","potentialAction":[{"@type":"ReadAction","target":["https:\/\/invimed.pl\/dla-pacjentow-medicover"]}]},{"@type":"BreadcrumbList","@id":"https:\/\/invimed.pl\/dla-pacjentow-medicover#breadcrumb","itemListElement":[{"@type":"ListItem","position":1,"name":"Strona g\u0142\u00f3wna","item":"https:\/\/invimed.pl\/"},{"@type":"ListItem","position":2,"name":"Dla pacjent\u00f3w Medicover"}]},{"@type":"WebSite","@id":"https:\/\/invimed.pl\/#website","url":"https:\/\/invimed.pl\/","name":"Invimed","description":"Our mission is to create a happy family together","potentialAction":[{"@type":"SearchAction","target":{"@type":"EntryPoint","urlTemplate":"https:\/\/invimed.pl\/?s={search_term_string}"},"query-input":{"@type":"PropertyValueSpecification","valueRequired":true,"valueName":"search_term_string"}}],"inLanguage":"en-GB"}]}},"_links":{"self":[{"href":"https:\/\/invimed.pl\/en\/wp-json\/wp\/v2\/pages\/3100","targetHints":{"allow":["GET"]}}],"collection":[{"href":"https:\/\/invimed.pl\/en\/wp-json\/wp\/v2\/pages"}],"about":[{"href":"https:\/\/invimed.pl\/en\/wp-json\/wp\/v2\/types\/page"}],"author":[{"embeddable":true,"href":"https:\/\/invimed.pl\/en\/wp-json\/wp\/v2\/users\/14"}],"replies":[{"embeddable":true,"href":"https:\/\/invimed.pl\/en\/wp-json\/wp\/v2\/comments?post=3100"}],"version-history":[{"count":12,"href":"https:\/\/invimed.pl\/en\/wp-json\/wp\/v2\/pages\/3100\/revisions"}],"predecessor-version":[{"id":270891,"href":"https:\/\/invimed.pl\/en\/wp-json\/wp\/v2\/pages\/3100\/revisions\/270891"}],"wp:attachment":[{"href":"https:\/\/invimed.pl\/en\/wp-json\/wp\/v2\/media?parent=3100"}],"curies":[{"name":"wp","href":"https:\/\/api.w.org\/{rel}","templated":true}]}}