{"id":3148,"date":"2024-04-18T08:27:22","date_gmt":"2024-04-18T08:27:22","guid":{"rendered":"https:\/\/invimed.pl\/?page_id=3148"},"modified":"2026-04-01T08:55:04","modified_gmt":"2026-04-01T08:55:04","slug":"diagnosis-of-infertility","status":"publish","type":"page","link":"https:\/\/invimed.pl\/en\/diagnostyka-nieplodnosci","title":{"rendered":"Infertility diagnosis"},"content":{"rendered":"<h2 class=\"wp-block-heading\" id=\"najwazniejsze-informacje\"><strong>Highlights<\/strong><\/h2>\n\n\n\n<ul class=\"wp-block-list\">\n<li>The diagnosis of infertility must involve both the woman and the man at the same time, as infertility is always a couple's problem.<\/li>\n<\/ul>\n\n\n\n<ul class=\"wp-block-list\">\n<li>The diagnostic period should be limited to a maximum of 2 monthly cycles in order to quickly identify the causes of fertility problems.<\/li>\n<\/ul>\n\n\n\n<ul class=\"wp-block-list\">\n<li>The location of the fertility tests is as important as the <a href=\"https:\/\/invimed.pl\/en\/clinics\/\" type=\"page\" id=\"129\">treatment clinic<\/a> - Every stage of trying to have a baby matters.<\/li>\n<\/ul>\n\n\n\n<ul class=\"wp-block-list\">\n<li>A proper diagnosis is the first step to undertaking effective infertility treatment and increasing the chances of conceiving a child.<\/li>\n<\/ul>\n\n\n\n<p><\/p>\n\n\n\n<h2 class=\"wp-block-heading\" id=\"dlaczego-warto-zbadac-plodnosc-w-invimed\">Why should you have your fertility tested at Invimed?<\/h2>\n\n\n\n<p><a href=\"https:\/\/invimed.pl\/en\/blog\/infertility-does-not-choose\/\" type=\"blog\" id=\"247434\">Infertility<\/a> is always a couple's problem. Diagnosis <a href=\"https:\/\/invimed.pl\/en\/causes-of-infertility\/\" type=\"page\" id=\"68\">causes of infertility<\/a> should involve both the woman and the man at the same time. The diagnosis consists of a series of tests that both partners go through.\u00a0<\/p>\n\n\n\n<p>The diagnostic period should be limited to a relatively short time, which in practice means 2 monthly cycles.<\/p>\n\n\n\n<p>Where you perform your fertility tests is just as important as the clinic where you decide to start treatment. Every stage of trying for a baby matters, which is why laboratory tests, <a href=\"https:\/\/invimed.pl\/en\/research\/\" type=\"post_tag\" id=\"155\">research<\/a> and consultations at a medical centre that offers top-quality services.<\/p>\n\n\n\n<section class=\"cta-3\">\n\t\t<div class=\"container cta-3__container\">\n\t\t<div class=\"position-relative cta-3__wrapper\">\n\t\t                    <div class=\"acf-innerblocks-container\">\n\n<p class=\"has-text-align-center\">We make every effort to ensure that the diagnostics carried out at Invimed clinics are tailored to the individual needs of our patients.<\/p>\n\n<\/div>\n                \t\t<\/div>\n\t<\/div>\n<\/section>\n\n\n\n<p><strong>Find out what research needs to be done:<\/strong><\/p>\n\n\n\n<section class=\"slider\">\n\t\t\t\t<div class=\"slider__wrapper\">\n\t\t<header class=\"slider__header\">\n\t\t\t<div class=\"acf-innerblocks-container\"><\/div>\n\t\t<\/header>\n\t<\/div>\n\t\t\t<div class=\"slider__inner\">\n\t\t\t<div class=\"p-0 splide js-slider\">\n\t\t\t\t<div class=\"splide__track\">\n\t\t\t\t\t<div class=\"splide__list\">\n\t\t\t\t\t\t\t\t\t\t\t<div class=\"slider__item splide__slide\">\n\t\t\t\t\t\t\t<div class=\"h-100 item__wrapper\">\n\t\t\t\t\t\t\t\t\t\t\t\t\t\t\t<header class=\"d-flex align-items-center item__header\">\n\t\t\t\t\t\t\t\t\t<div class=\"d-flex align-items-center item__current\">\n\t\t\t\t\t\t\t\t\t\t<div class=\"d-flex align-items-center item__number\">\n\t\t\t\t\t\t\t\t\t\t\t<span class=\"d-flex justify-content-center align-items-center overflow-hidden item__number--current\">1<\/span>\n\t\t\t\t\t\t\t\t\t\t\t<span class=\"item__number--separator\">z<\/span>\n\t\t\t\t\t\t\t\t\t\t\t<span class=\"item__number--total\">3<\/span>\n\t\t\t\t\t\t\t\t\t\t<\/div>\n\t\t\t\t\t\t\t\t\t\t<h3 class=\"mb-0 item__title\">Diagnosis of female infertility<\/h3>\n\t\t\t\t\t\t\t\t\t<\/div>\n\t\t\t\t\t\t\t\t\t\t\t\t\t\t\t\t\t\t<button role=\"button\" class=\"item__next\">\n\t\t\t\t\t\t\t\t\t\t<span class=\"item__next__number d-flex justify-content-center align-items-center\">2<\/span>\n\t\t\t\t\t\t\t\t\t\t<h4 class=\"mb-0 item__next__title\">Diagnosis of male infertility<\/h4>\n\t\t\t\t\t\t\t\t\t\t<svg class=\"item__next__icon\" width=\"13\" height=\"12\">\n\t\t\t\t\t\t\t\t\t\t\t<use xlink:href=\"#icon-slider-arrow-right\" \/>\n\t\t\t\t\t\t\t\t\t\t<\/svg>\n\t\t\t\t\t\t\t\t\t<\/button>\n\t\t\t\t\t\t\t\t\t\t\t\t\t\t\t\t\t<\/header>\n\t\t\t\t\t\t\t\t\t\t\t\t\t\t\t\t\t\t\t\t\t\t<div class=\"item__content\">\n\t\t\t\t\t\t\t\t\t\t\t\t\t\t\t\t\t<h3 class=\"item__content__title\">Diagnosis of female infertility<\/h3>\n\t\t\t\t\t\t\t\t\t\t\t\t\t\t\t\t\t\t\t\t\t\t\t\t\t<div class=\"item__content__description\">\n\t\t\t\t\t\t\t\t\t\t<p><img loading=\"lazy\" decoding=\"async\" class=\"alignnone size-full wp-image-2589\" src=\"https:\/\/invimed.pl\/app\/uploads\/2024\/04\/ikona7-1.png\" alt=\"\" width=\"56\" height=\"56\" srcset=\"https:\/\/invimed.pl\/wp-content\/uploads\/2024\/04\/ikona7-1.png 56w, https:\/\/invimed.pl\/wp-content\/uploads\/2024\/04\/ikona7-1-42x42.png 42w, https:\/\/invimed.pl\/wp-content\/uploads\/2024\/04\/ikona7-1-24x24.png 24w, https:\/\/invimed.pl\/wp-content\/uploads\/2024\/04\/ikona7-1-45x45.png 45w\" sizes=\"auto, (max-width: 56px) 100vw, 56px\" \/> Fertility diagnostics for women. <a href=\"https:\/\/invimed.pl\/en\/research\/diagnosis-of-female-infertility\/\">Read more -&gt;<\/a><\/p>\n\t\t\t\t\t\t\t\t\t<\/div>\n\t\t\t\t\t\t\t\t\t\t\t\t\t\t\t\t<\/div>\n\t\t\t\t\t\t\t\t\t\t\t\t\t\t<\/div>\n\t\t\t\t\t\t<\/div>\n\t\t\t\t\t\t\t\t\t\t\t<div class=\"slider__item splide__slide\">\n\t\t\t\t\t\t\t<div class=\"h-100 item__wrapper\">\n\t\t\t\t\t\t\t\t\t\t\t\t\t\t\t<header class=\"d-flex align-items-center item__header\">\n\t\t\t\t\t\t\t\t\t<div class=\"d-flex align-items-center item__current\">\n\t\t\t\t\t\t\t\t\t\t<div class=\"d-flex align-items-center item__number\">\n\t\t\t\t\t\t\t\t\t\t\t<span class=\"d-flex justify-content-center align-items-center overflow-hidden item__number--current\">2<\/span>\n\t\t\t\t\t\t\t\t\t\t\t<span class=\"item__number--separator\">z<\/span>\n\t\t\t\t\t\t\t\t\t\t\t<span class=\"item__number--total\">3<\/span>\n\t\t\t\t\t\t\t\t\t\t<\/div>\n\t\t\t\t\t\t\t\t\t\t<h3 class=\"mb-0 item__title\">Diagnosis of male infertility<\/h3>\n\t\t\t\t\t\t\t\t\t<\/div>\n\t\t\t\t\t\t\t\t\t\t\t\t\t\t\t\t\t\t<button role=\"button\" class=\"item__next\">\n\t\t\t\t\t\t\t\t\t\t<span class=\"item__next__number d-flex justify-content-center align-items-center\">3<\/span>\n\t\t\t\t\t\t\t\t\t\t<h4 class=\"mb-0 item__next__title\">Genetic diagnosis at Invimed<\/h4>\n\t\t\t\t\t\t\t\t\t\t<svg class=\"item__next__icon\" width=\"13\" height=\"12\">\n\t\t\t\t\t\t\t\t\t\t\t<use xlink:href=\"#icon-slider-arrow-right\" \/>\n\t\t\t\t\t\t\t\t\t\t<\/svg>\n\t\t\t\t\t\t\t\t\t<\/button>\n\t\t\t\t\t\t\t\t\t\t\t\t\t\t\t\t\t<\/header>\n\t\t\t\t\t\t\t\t\t\t\t\t\t\t\t\t\t\t\t\t\t\t<div class=\"item__content\">\n\t\t\t\t\t\t\t\t\t\t\t\t\t\t\t\t\t<h3 class=\"item__content__title\">Diagnosis of male infertility<\/h3>\n\t\t\t\t\t\t\t\t\t\t\t\t\t\t\t\t\t\t\t\t\t\t\t\t\t<div class=\"item__content__description\">\n\t\t\t\t\t\t\t\t\t\t<p><img loading=\"lazy\" decoding=\"async\" class=\"alignnone size-full wp-image-2588\" src=\"https:\/\/invimed.pl\/app\/uploads\/2024\/04\/ikona6-1.png\" alt=\"\" width=\"56\" height=\"56\" srcset=\"https:\/\/invimed.pl\/wp-content\/uploads\/2024\/04\/ikona6-1.png 56w, https:\/\/invimed.pl\/wp-content\/uploads\/2024\/04\/ikona6-1-42x42.png 42w, https:\/\/invimed.pl\/wp-content\/uploads\/2024\/04\/ikona6-1-24x24.png 24w, https:\/\/invimed.pl\/wp-content\/uploads\/2024\/04\/ikona6-1-45x45.png 45w\" sizes=\"auto, (max-width: 56px) 100vw, 56px\" \/> Fertility testing for men. <a href=\"https:\/\/invimed.pl\/en\/diagnosis-of-male-infertility\/\">Read more -&gt;<\/a><\/p>\n\t\t\t\t\t\t\t\t\t<\/div>\n\t\t\t\t\t\t\t\t\t\t\t\t\t\t\t\t<\/div>\n\t\t\t\t\t\t\t\t\t\t\t\t\t\t<\/div>\n\t\t\t\t\t\t<\/div>\n\t\t\t\t\t\t\t\t\t\t\t<div class=\"slider__item splide__slide\">\n\t\t\t\t\t\t\t<div class=\"h-100 item__wrapper\">\n\t\t\t\t\t\t\t\t\t\t\t\t\t\t\t<header class=\"d-flex align-items-center item__header\">\n\t\t\t\t\t\t\t\t\t<div class=\"d-flex align-items-center item__current\">\n\t\t\t\t\t\t\t\t\t\t<div class=\"d-flex align-items-center item__number\">\n\t\t\t\t\t\t\t\t\t\t\t<span class=\"d-flex justify-content-center align-items-center overflow-hidden item__number--current\">3<\/span>\n\t\t\t\t\t\t\t\t\t\t\t<span class=\"item__number--separator\">z<\/span>\n\t\t\t\t\t\t\t\t\t\t\t<span class=\"item__number--total\">3<\/span>\n\t\t\t\t\t\t\t\t\t\t<\/div>\n\t\t\t\t\t\t\t\t\t\t<h3 class=\"mb-0 item__title\">Genetic diagnosis at Invimed<\/h3>\n\t\t\t\t\t\t\t\t\t<\/div>\n\t\t\t\t\t\t\t\t\t\t\t\t\t\t\t\t\t<\/header>\n\t\t\t\t\t\t\t\t\t\t\t\t\t\t\t\t\t\t\t\t\t\t<div class=\"item__content\">\n\t\t\t\t\t\t\t\t\t\t\t\t\t\t\t\t\t<h3 class=\"item__content__title\">Genetic diagnosis at Invimed<\/h3>\n\t\t\t\t\t\t\t\t\t\t\t\t\t\t\t\t\t\t\t\t\t\t\t\t\t<div class=\"item__content__description\">\n\t\t\t\t\t\t\t\t\t\t<p><img loading=\"lazy\" decoding=\"async\" class=\"alignnone size-full wp-image-2428\" src=\"https:\/\/invimed.pl\/app\/uploads\/2024\/04\/ikona18.png\" alt=\"\" width=\"56\" height=\"56\" srcset=\"https:\/\/invimed.pl\/wp-content\/uploads\/2024\/04\/ikona18.png 56w, https:\/\/invimed.pl\/wp-content\/uploads\/2024\/04\/ikona18-42x42.png 42w, https:\/\/invimed.pl\/wp-content\/uploads\/2024\/04\/ikona18-24x24.png 24w, https:\/\/invimed.pl\/wp-content\/uploads\/2024\/04\/ikona18-45x45.png 45w\" sizes=\"auto, (max-width: 56px) 100vw, 56px\" \/> Genetic testing at every stage of the endeavour. <a href=\"https:\/\/invimed.pl\/en\/blog\/genetic-embryo-testing-what-is-the-difference-between-pgd-and-pgs-testing\/\">Read more -&gt;<\/a><\/p>\n\t\t\t\t\t\t\t\t\t<\/div>\n\t\t\t\t\t\t\t\t\t\t\t\t\t\t\t\t<\/div>\n\t\t\t\t\t\t\t\t\t\t\t\t\t\t<\/div>\n\t\t\t\t\t\t<\/div>\n\t\t\t\t\t\t\t\t\t\t<\/div>\n\t\t\t\t<\/div>\n\t\t\t\t<nav class=\"splide__nav d-flex\">\n\t\t\t\t\t<div class=\"d-flex splide__arrows\">\n\t\t\t\t\t\t<button class=\"position-static splide__arrow splide__arrow--prev\">\n\t\t\t\t\t\t\t<svg class=\"desktop\" width=\"14\" height=\"14\" viewbox=\"0 0 14 14\" fill=\"none\" xmlns=\"http:\/\/www.w3.org\/2000\/svg\">\n\t\t\t\t\t\t\t\t<path d=\"M12.6321 6.7927L2.37174 6.7927\" stroke=\"currentColor\" stroke-width=\"1.8\" stroke-linecap=\"round\" stroke-linejoin=\"round\"\/>\n\t\t\t\t\t\t\t\t<path d=\"M5.96284 12.3265L1.36791 7.0001L5.96284 1.67369\" stroke=\"currentColor\" stroke-width=\"1.8\" stroke-linecap=\"round\" stroke-linejoin=\"round\"\/>\n\t\t\t\t\t\t\t<\/svg>\n\t\t\t\t\t\t\t<svg class=\"mobile\" width=\"16\" height=\"16\" viewbox=\"0 0 16 16\" fill=\"none\" xmlns=\"http:\/\/www.w3.org\/2000\/svg\">\n\t\t\t\t\t\t\t\t<path d=\"M9.3 13.0002L5.66938 8.76453C5.28419 8.31514 5.28419 7.65202 5.66938 7.20263L9.3 2.96691\" stroke=\"currentColor\" stroke-width=\"1.1\" stroke-linecap=\"round\"\/>\n\t\t\t\t\t\t\t<\/svg>\n\t\t\t\t\t\t<\/button>\n\t\t\t\t\t\t<div class=\"position-static splide__pagination\" role=\"tablist\"><\/div>\n\t\t\t\t\t\t<button class=\"position-static splide__arrow splide__arrow--next\">\n\t\t\t\t\t\t\t<svg class=\"desktop\" width=\"14\" height=\"14\" viewbox=\"0 0 14 14\" fill=\"none\" xmlns=\"http:\/\/www.w3.org\/2000\/svg\">\n\t\t\t\t\t\t\t\t<path d=\"M1.36792 7.2073L11.6283 7.2073\" stroke=\"currentColor\" stroke-width=\"1.8\" stroke-linecap=\"round\" stroke-linejoin=\"round\"\/>\n\t\t\t\t\t\t\t\t<path d=\"M8.03717 1.67349L12.6321 6.9999L8.03716 12.3263\" stroke=\"currentColor\" stroke-width=\"1.8\" stroke-linecap=\"round\" stroke-linejoin=\"round\"\/>\n\t\t\t\t\t\t\t<\/svg>\n\t\t\t\t\t\t\t<svg class=\"mobile\" width=\"16\" height=\"16\" viewbox=\"0 0 16 16\" fill=\"none\" xmlns=\"http:\/\/www.w3.org\/2000\/svg\">\n\t\t\t\t\t\t\t\t<path d=\"M6.7 2.99976L10.3306 7.23547C10.7158 7.68486 10.7158 8.34798 10.3306 8.79737L6.7 13.0331\" stroke=\"currentColor\" stroke-width=\"1.1\" stroke-linecap=\"round\"\/>\n\t\t\t\t\t\t\t<\/svg>\n\t\t\t\t\t\t<\/button>\n\t\t\t\t\t<\/div>\n\t\t\t\t<\/nav>\n\t\t\t<\/div>\n\t\t<\/div>\n\t<\/section>\n\n\n\n<h2 class=\"wp-block-heading\" id=\"najczesciej-zadawane-pytanie-faq\"><strong>Frequently asked question - FAQ<\/strong><\/h2>\n\n\n\n<div class=\"schema-faq wp-block-yoast-faq-block\"><div class=\"schema-faq-section\" id=\"faq-question-1773067672992\"><strong class=\"schema-faq-question\"><strong>How much do fertility tests cost and are they reimbursed by the National Health Service?<\/strong><br\/><br\/><\/strong> <p class=\"schema-faq-answer\">The costs of fertility diagnosis vary depending on the extent of the tests. The National Health Service reimburses basic tests after one year of unsuccessful efforts (six months after the age of 35), while private tests can be carried out immediately. It is worth checking exact prices directly with the clinic.<br\/><br\/><\/p> <\/div> <div class=\"schema-faq-section\" id=\"faq-question-1773067714118\"><strong class=\"schema-faq-question\"><strong>Can fertility tests be performed while using contraception?<\/strong><br\/><br\/><\/strong> <p class=\"schema-faq-answer\">Most fertility tests require discontinuation of hormonal contraception 2-3 months before diagnosis. Hormones in the pill or other preparations can interfere with the results of hormonal testing and assessment of the menstrual cycle.<br\/><br\/><\/p> <\/div> <div class=\"schema-faq-section\" id=\"faq-question-1773067879410\"><strong class=\"schema-faq-question\"><strong>When is it worth consulting a psychologist during an infertility diagnosis?<\/strong><br\/><br\/><\/strong> <p class=\"schema-faq-answer\">Psychological support is particularly helpful when a couple is experiencing high stress, infertility-related conflicts or when one partner is having difficulty accepting the need for treatment. The clinic offers psychological counselling as part of comprehensive care.<br\/><br\/><\/p> <\/div> <div class=\"schema-faq-section\" id=\"faq-question-1773067914565\"><strong class=\"schema-faq-question\"><strong>What happens if tests do not reveal a specific cause of infertility?<\/strong><br\/><br\/><\/strong> <p class=\"schema-faq-answer\">In about 15-20% cases, infertility remains unexplained despite a full diagnosis. This does not mean that there are no treatment options - couples with unexplained infertility can benefit from assisted reproduction methods, which often prove successful.<\/p> <\/div> <\/div>\n\n\n\n<p><\/p>\n\n\n\n<p><\/p>\n\n\n\n<p><strong>Bibliography:<\/strong><\/p>\n\n\n\n<p>1. \u0141epecka-Klusek, C., Pilewska-Kozak, A. B., &amp; Jakiel, G. (2012). Infertility in light of the WHO definition of the disease. General Medicine and Health Sciences, 18(2), 163-166.<\/p>\n\n\n\n<p>2nd Br\u0119borowicz, G. H. (Ed.). (2020). Obstetrics and gynaecology. Volume 1-2 (3rd ed.). Warsaw: PZWL Wydawnictwo Lekarskie. ISBN: 978-83-200-6063-4.<\/p>\n\n\n\n<p>3 \u0141ukaszuk, K. et al. (2018). Diagnosis and treatment of infertility - recommendations of the Polish Society of Reproductive Medicine and Embryology (PTMRiE) and the Polish Society of Gynaecologists and Obstetricians (PTGP). Gynaecology and Practical Perinatology, 3(2), 112-140.<\/p>\n\n\n\n<p>4th Laudanski, P. (Ed.). (2018). Infertility. In the office of a specialist physician. Ginekologia i po\u0142o\u017cnictwo, no. 1\/2018. Warsaw: PZWL Wydawnictwo Lekarskie.<\/p>","protected":false},"excerpt":{"rendered":"<p>Najwa\u017cniejsze informacje Dlaczego warto zbada\u0107 p\u0142odno\u015b\u0107 w Invimed? Niep\u0142odno\u015b\u0107 to zawsze problem pary. Diagnozowanie przyczyn niep\u0142odno\u015bci powinno obejmowa\u0107 r\u00f3wnocze\u015bnie kobiet\u0119 i m\u0119\u017cczyzn\u0119. Diagnostyka sk\u0142ada si\u0119 z szeregu bada\u0144, przez kt\u00f3re przechodz\u0105 oboje partnerzy.\u00a0 Okres diagnostyki powinien by\u0107 ograniczony do wzgl\u0119dnie kr\u00f3tkiego czasu, co w praktyce oznacza 2 cykle miesi\u0119czne. Miejsce, w kt\u00f3rym wykonujesz badania p\u0142odno\u015bci [&hellip;]<\/p>\n","protected":false},"author":14,"featured_media":258147,"parent":0,"menu_order":0,"comment_status":"closed","ping_status":"closed","template":"","meta":{"_acf_changed":false,"footnotes":""},"class_list":["post-3148","page","type-page","status-publish","has-post-thumbnail","hentry"],"acf":[],"yoast_head":"<!-- This site is optimized with the Yoast SEO plugin v27.2 - https:\/\/yoast.com\/product\/yoast-seo-wordpress\/ -->\n<title>Diagnostyka niep\u0142odno\u015bci: jakie badania wykona\u0107 - Invimed<\/title>\n<meta name=\"description\" content=\"Diagnostyka niep\u0142odno\u015bci sk\u0142ada si\u0119 z trzech filar\u00f3w - diagnostyki kobiety, m\u0119\u017cczyzny oraz diagnostyki genetycznej obojga partner\u00f3w.\" \/>\n<meta name=\"robots\" content=\"index, follow, max-snippet:-1, max-image-preview:large, max-video-preview:-1\" \/>\n<meta property=\"og:locale\" content=\"en_GB\" \/>\n<meta property=\"og:type\" content=\"article\" \/>\n<meta property=\"og:title\" content=\"Diagnostyka niep\u0142odno\u015bci: jakie badania wykona\u0107 - Invimed\" \/>\n<meta property=\"og:description\" content=\"Diagnostyka niep\u0142odno\u015bci sk\u0142ada si\u0119 z trzech filar\u00f3w - diagnostyki kobiety, m\u0119\u017cczyzny oraz diagnostyki genetycznej obojga partner\u00f3w.\" \/>\n<meta property=\"og:url\" content=\"https:\/\/invimed.pl\/en\/diagnosis-of-infertility\/\" \/>\n<meta property=\"og:site_name\" content=\"Invimed\" \/>\n<meta property=\"article:modified_time\" content=\"2026-04-01T08:55:04+00:00\" \/>\n<meta property=\"og:image\" content=\"https:\/\/invimed.pl\/wp-content\/uploads\/2024\/07\/1400x300-10-jpg-1.jpg\" \/>\n\t<meta property=\"og:image:width\" content=\"1440\" \/>\n\t<meta property=\"og:image:height\" content=\"300\" \/>\n\t<meta property=\"og:image:type\" content=\"image\/jpeg\" \/>\n<meta name=\"twitter:card\" content=\"summary_large_image\" \/>\n<meta name=\"twitter:label1\" content=\"Estimated reading time\" \/>\n\t<meta name=\"twitter:data1\" content=\"3 minutes\" \/>\n<!-- \/ Yoast SEO plugin. -->","yoast_head_json":{"title":"Infertility diagnosis: which tests to perform - Invimed","description":"Infertility diagnosis consists of three pillars - diagnosis of the woman, the man and genetic diagnosis of both partners.","robots":{"index":"index","follow":"follow","max-snippet":"max-snippet:-1","max-image-preview":"max-image-preview:large","max-video-preview":"max-video-preview:-1"},"og_locale":"en_GB","og_type":"article","og_title":"Diagnostyka niep\u0142odno\u015bci: jakie badania wykona\u0107 - Invimed","og_description":"Diagnostyka niep\u0142odno\u015bci sk\u0142ada si\u0119 z trzech filar\u00f3w - diagnostyki kobiety, m\u0119\u017cczyzny oraz diagnostyki genetycznej obojga partner\u00f3w.","og_url":"https:\/\/invimed.pl\/en\/diagnosis-of-infertility\/","og_site_name":"Invimed","article_modified_time":"2026-04-01T08:55:04+00:00","og_image":[{"width":1440,"height":300,"url":"https:\/\/invimed.pl\/wp-content\/uploads\/2024\/07\/1400x300-10-jpg-1.jpg","type":"image\/jpeg"}],"twitter_card":"summary_large_image","twitter_misc":{"Estimated reading time":"3 minutes"},"schema":{"@context":"https:\/\/schema.org","@graph":[{"@type":["WebPage","FAQPage"],"@id":"https:\/\/invimed.pl\/diagnostyka-nieplodnosci","url":"https:\/\/invimed.pl\/diagnostyka-nieplodnosci","name":"Infertility diagnosis: which tests to perform - Invimed","isPartOf":{"@id":"https:\/\/invimed.pl\/#website"},"primaryImageOfPage":{"@id":"https:\/\/invimed.pl\/diagnostyka-nieplodnosci#primaryimage"},"image":{"@id":"https:\/\/invimed.pl\/diagnostyka-nieplodnosci#primaryimage"},"thumbnailUrl":"https:\/\/invimed.pl\/wp-content\/uploads\/2024\/07\/1400x300-10-jpg-1.jpg","datePublished":"2024-04-18T08:27:22+00:00","dateModified":"2026-04-01T08:55:04+00:00","description":"Infertility diagnosis consists of three pillars - diagnosis of the woman, the man and genetic diagnosis of both partners.","breadcrumb":{"@id":"https:\/\/invimed.pl\/diagnostyka-nieplodnosci#breadcrumb"},"mainEntity":[{"@id":"https:\/\/invimed.pl\/diagnostyka-nieplodnosci#faq-question-1773067672992"},{"@id":"https:\/\/invimed.pl\/diagnostyka-nieplodnosci#faq-question-1773067714118"},{"@id":"https:\/\/invimed.pl\/diagnostyka-nieplodnosci#faq-question-1773067879410"},{"@id":"https:\/\/invimed.pl\/diagnostyka-nieplodnosci#faq-question-1773067914565"}],"inLanguage":"en-GB","potentialAction":[{"@type":"ReadAction","target":["https:\/\/invimed.pl\/diagnostyka-nieplodnosci"]}]},{"@type":"ImageObject","inLanguage":"en-GB","@id":"https:\/\/invimed.pl\/diagnostyka-nieplodnosci#primaryimage","url":"https:\/\/invimed.pl\/wp-content\/uploads\/2024\/07\/1400x300-10-jpg-1.jpg","contentUrl":"https:\/\/invimed.pl\/wp-content\/uploads\/2024\/07\/1400x300-10-jpg-1.jpg","width":1440,"height":300},{"@type":"BreadcrumbList","@id":"https:\/\/invimed.pl\/diagnostyka-nieplodnosci#breadcrumb","itemListElement":[{"@type":"ListItem","position":1,"name":"Strona g\u0142\u00f3wna","item":"https:\/\/invimed.pl\/"},{"@type":"ListItem","position":2,"name":"Diagnostyka niep\u0142odno\u015bci"}]},{"@type":"WebSite","@id":"https:\/\/invimed.pl\/#website","url":"https:\/\/invimed.pl\/","name":"Invimed","description":"Our mission is to create a happy family together","potentialAction":[{"@type":"SearchAction","target":{"@type":"EntryPoint","urlTemplate":"https:\/\/invimed.pl\/?s={search_term_string}"},"query-input":{"@type":"PropertyValueSpecification","valueRequired":true,"valueName":"search_term_string"}}],"inLanguage":"en-GB"},{"@type":"Question","@id":"https:\/\/invimed.pl\/diagnostyka-nieplodnosci#faq-question-1773067672992","position":1,"url":"https:\/\/invimed.pl\/diagnostyka-nieplodnosci#faq-question-1773067672992","name":"How much do fertility tests cost and are they reimbursed by the National Health Service?","answerCount":1,"acceptedAnswer":{"@type":"Answer","text":"Koszty diagnostyki p\u0142odno\u015bci r\u00f3\u017cni\u0105 si\u0119 w zale\u017cno\u015bci od zakresu bada\u0144. NFZ refunduje podstawowe badania po roku bezskutecznych stara\u0144 (6 miesi\u0119cy po 35. roku \u017cycia), natomiast badania prywatne mo\u017cna wykona\u0107 od razu. Dok\u0142adne ceny warto sprawdzi\u0107 bezpo\u015brednio w klinice.<br\/><br\/>","inLanguage":"en-GB"},"inLanguage":"en-GB"},{"@type":"Question","@id":"https:\/\/invimed.pl\/diagnostyka-nieplodnosci#faq-question-1773067714118","position":2,"url":"https:\/\/invimed.pl\/diagnostyka-nieplodnosci#faq-question-1773067714118","name":"Can fertility tests be performed while using contraception?","answerCount":1,"acceptedAnswer":{"@type":"Answer","text":"Wi\u0119kszo\u015b\u0107 bada\u0144 p\u0142odno\u015bci wymaga zaprzestania stosowania hormonalnej antykoncepcji na 2-3 miesi\u0105ce przed diagnostyk\u0105. Hormony zawarte w pigu\u0142kach czy innych preparatach mog\u0105 zak\u0142\u00f3ci\u0107 wyniki bada\u0144 hormonalnych i ocen\u0119 cyklu menstruacyjnego.<br\/><br\/>","inLanguage":"en-GB"},"inLanguage":"en-GB"},{"@type":"Question","@id":"https:\/\/invimed.pl\/diagnostyka-nieplodnosci#faq-question-1773067879410","position":3,"url":"https:\/\/invimed.pl\/diagnostyka-nieplodnosci#faq-question-1773067879410","name":"When is it worth consulting a psychologist during an infertility diagnosis?","answerCount":1,"acceptedAnswer":{"@type":"Answer","text":"Wsparcie psychologiczne jest szczeg\u00f3lnie pomocne, gdy para do\u015bwiadcza wysokiego stresu, konflikt\u00f3w zwi\u0105zanych z niep\u0142odno\u015bci\u0105 lub gdy jeden z partner\u00f3w ma trudno\u015bci z akceptacj\u0105 konieczno\u015bci leczenia. Klinika oferuje konsultacje psychologiczne jako cz\u0119\u015b\u0107 kompleksowej opieki.<br\/><br\/>","inLanguage":"en-GB"},"inLanguage":"en-GB"},{"@type":"Question","@id":"https:\/\/invimed.pl\/diagnostyka-nieplodnosci#faq-question-1773067914565","position":4,"url":"https:\/\/invimed.pl\/diagnostyka-nieplodnosci#faq-question-1773067914565","name":"What happens if tests do not reveal a specific cause of infertility?","answerCount":1,"acceptedAnswer":{"@type":"Answer","text":"W oko\u0142o 15-20% przypadk\u00f3w niep\u0142odno\u015b\u0107 pozostaje niewyja\u015bniona mimo przeprowadzenia pe\u0142nej diagnostyki. Nie oznacza to braku mo\u017cliwo\u015bci leczenia \u2013 pary z niewyja\u015bnion\u0105 niep\u0142odno\u015bci\u0105 mog\u0105 skorzysta\u0107 z metod wspomaganego rozrodu, kt\u00f3re cz\u0119sto okazuj\u0105 si\u0119 skuteczne.","inLanguage":"en-GB"},"inLanguage":"en-GB"}]}},"_links":{"self":[{"href":"https:\/\/invimed.pl\/en\/wp-json\/wp\/v2\/pages\/3148","targetHints":{"allow":["GET"]}}],"collection":[{"href":"https:\/\/invimed.pl\/en\/wp-json\/wp\/v2\/pages"}],"about":[{"href":"https:\/\/invimed.pl\/en\/wp-json\/wp\/v2\/types\/page"}],"author":[{"embeddable":true,"href":"https:\/\/invimed.pl\/en\/wp-json\/wp\/v2\/users\/14"}],"replies":[{"embeddable":true,"href":"https:\/\/invimed.pl\/en\/wp-json\/wp\/v2\/comments?post=3148"}],"version-history":[{"count":18,"href":"https:\/\/invimed.pl\/en\/wp-json\/wp\/v2\/pages\/3148\/revisions"}],"predecessor-version":[{"id":272407,"href":"https:\/\/invimed.pl\/en\/wp-json\/wp\/v2\/pages\/3148\/revisions\/272407"}],"wp:featuredmedia":[{"embeddable":true,"href":"https:\/\/invimed.pl\/en\/wp-json\/wp\/v2\/media\/258147"}],"wp:attachment":[{"href":"https:\/\/invimed.pl\/en\/wp-json\/wp\/v2\/media?parent=3148"}],"curies":[{"name":"wp","href":"https:\/\/api.w.org\/{rel}","templated":true}]}}