{"id":3220,"date":"2024-04-18T11:38:54","date_gmt":"2024-04-18T11:38:54","guid":{"rendered":"https:\/\/invimed.pl\/?page_id=3220"},"modified":"2024-08-07T10:23:48","modified_gmt":"2024-08-07T10:23:48","slug":"msome-6600","status":"publish","type":"page","link":"https:\/\/invimed.pl\/en\/msome-6600","title":{"rendered":"MSOME-6600"},"content":{"rendered":"<h2 class=\"wp-block-heading\" id=\"badanie-okresla-czy-budowa-plemnika-jest-prawidlowa-i-ktory-plemnik-jest-najlepszy\"><strong>The test determines whether the structure of the sperm is normal and which sperm is best<\/strong><\/h2>\n\n\n\n<p><strong>The MSOME (motile sperm organelle morphology examination) technique allows the structure of a living sperm to be observed at more than 6,000 times magnification.<\/strong><\/p>\n\n\n\n<p>The MSOME test detects morphological changes in the sperm organelles (especially in the testes), which are very difficult to identify with a standard semen test. This makes it possible to determine very accurately, the percentage of spermatozoa with a normal structure.<\/p>\n\n\n\n<section class=\"check-list\">\n\t    <header class=\"check-list__header\">\n        <div class=\"acf-innerblocks-container\">\n\n<p>Testing is recommended for:<\/p>\n\n<\/div>\n    <\/header>\n    <ul class=\"mb-0 p-0 check-list__inner\">\n            <li class=\"d-flex check-list__item\">\n            <div class=\"svg-container\">\n                <svg width=\"16\" height=\"16\">\n                    <use xlink:href=\"#icon-check-2\" \/>\n                <\/svg>\n            <\/div>\n            <div class=\"check-list__item__rte\">\n                <p>extreme teratozoospermia (low percentage of spermatozoa with normal structure) found in the\u00a0<a href=\"https:\/\/invimed.pl\/en\/badanie-nasienia\/\">semen testing<\/a>,<\/p>\n            <\/div>\n        <\/li>\n            <li class=\"d-flex check-list__item\">\n            <div class=\"svg-container\">\n                <svg width=\"16\" height=\"16\">\n                    <use xlink:href=\"#icon-check-2\" \/>\n                <\/svg>\n            <\/div>\n            <div class=\"check-list__item__rte\">\n                <p>advanced age of partner<\/p>\n            <\/div>\n        <\/li>\n            <li class=\"d-flex check-list__item\">\n            <div class=\"svg-container\">\n                <svg width=\"16\" height=\"16\">\n                    <use xlink:href=\"#icon-check-2\" \/>\n                <\/svg>\n            <\/div>\n            <div class=\"check-list__item__rte\">\n                <p>in cases of recurrent miscarriages.<\/p>\n            <\/div>\n        <\/li>\n        <\/ul>\n<\/section>\n\n\n\n<p>Performing the test is particularly important if there have been repeated implantation failures and suboptimal development of the embryo cohort in previous in vitro fertilisation cycles.<\/p>\n\n\n\n<p>For couples embarking on an in vitro fertilisation (IVF) procedure, the method of oocyte fertilisation is selected on the basis of the MSOME result obtained. In the case of an abnormal result, the method of choice is&nbsp;<a href=\"#\">IMSI<\/a>&nbsp;(link), which allows the selection and introduction of a sperm with an optimal structure into the egg cell.<\/p>\n\n\n\n<p>The Invimed clinic is one of the few centres in Poland that performs the MSOME-6600 test.<\/p>\n\n\n\n<section class=\"check-list\">\n\t    <header class=\"check-list__header\">\n        <div class=\"acf-innerblocks-container\">\n\n<h2 class=\"wp-block-heading\" id=\"jak-dlugo-czeka-sie-na-wyniki-badania-nasienia\">How long is the wait for semen test results?<\/h2>\n\n\n\n<p>The test result is ready even within 1 working day. However, depending on the clinic, the waiting time varies. The maximum waiting time is 7 working days.<\/p>\n\n\n\n<p>Waiting times for results at individual clinics - given in working days:<\/p>\n\n<\/div>\n    <\/header>\n    <ul class=\"mb-0 p-0 check-list__inner\">\n            <li class=\"d-flex check-list__item\">\n            <div class=\"svg-container\">\n                <svg width=\"16\" height=\"16\">\n                    <use xlink:href=\"#icon-check-2\" \/>\n                <\/svg>\n            <\/div>\n            <div class=\"check-list__item__rte\">\n                <p>Gdynia - 1 day<\/p>\n            <\/div>\n        <\/li>\n            <li class=\"d-flex check-list__item\">\n            <div class=\"svg-container\">\n                <svg width=\"16\" height=\"16\">\n                    <use xlink:href=\"#icon-check-2\" \/>\n                <\/svg>\n            <\/div>\n            <div class=\"check-list__item__rte\">\n                <p>Pozna\u0144 - 3 days<\/p>\n            <\/div>\n        <\/li>\n            <li class=\"d-flex check-list__item\">\n            <div class=\"svg-container\">\n                <svg width=\"16\" height=\"16\">\n                    <use xlink:href=\"#icon-check-2\" \/>\n                <\/svg>\n            <\/div>\n            <div class=\"check-list__item__rte\">\n                <p>Katowice - 3 days<\/p>\n            <\/div>\n        <\/li>\n            <li class=\"d-flex check-list__item\">\n            <div class=\"svg-container\">\n                <svg width=\"16\" height=\"16\">\n                    <use xlink:href=\"#icon-check-2\" \/>\n                <\/svg>\n            <\/div>\n            <div class=\"check-list__item__rte\">\n                <p>Warsaw - 4 days<\/p>\n            <\/div>\n        <\/li>\n            <li class=\"d-flex check-list__item\">\n            <div class=\"svg-container\">\n                <svg width=\"16\" height=\"16\">\n                    <use xlink:href=\"#icon-check-2\" \/>\n                <\/svg>\n            <\/div>\n            <div class=\"check-list__item__rte\">\n                <p>Wroc\u0142aw - 5 days<\/p>\n            <\/div>\n        <\/li>\n        <\/ul>\n<\/section>\n\n\n\n<p class=\"has-text-align-center\">MSOME-6600<\/p>\n\n\n\n<h3 class=\"wp-block-heading has-text-align-center has-large-font-size\" id=\"dowiedz-siewiecej-na-ten-temat\"><strong>Find out more about<\/strong><\/h3>\n\n\n\n<div class=\"wp-block-buttons is-content-justification-center is-layout-flex wp-container-core-buttons-is-layout-a89b3969 wp-block-buttons-is-layout-flex\">\n<div class=\"wp-block-button\"><a class=\"wp-block-button__link wp-element-button\" href=\"https:\/\/invimed.pl\/en\/blog\/\">Visit the Invimed blog<\/a><\/div>\n<\/div>","protected":false},"excerpt":{"rendered":"<p>Badanie okre\u015bla, czy budowa plemnika jest prawid\u0142owa, i kt\u00f3ry plemnik jest najlepszy Technika MSOME (Motile sperm organelle morphology examination) pozwala na obserwacj\u0119 budowy \u017cywego plemnika w ponad 6000-krotnym powi\u0119kszeniu. Badanie MSOME wykrywa morfologiczne zmiany w organellach plemnik\u00f3w (szczeg\u00f3lnie w j\u0105drach), kt\u00f3re s\u0105 bardzo trudne do identyfikacji w przypadku standardowego badania nasienia. Dzi\u0119ki temu mo\u017cliwe jest [&hellip;]<\/p>\n","protected":false},"author":1,"featured_media":3221,"parent":0,"menu_order":0,"comment_status":"closed","ping_status":"closed","template":"","meta":{"_acf_changed":false,"footnotes":""},"class_list":["post-3220","page","type-page","status-publish","has-post-thumbnail","hentry"],"acf":[],"yoast_head":"<!-- This site is optimized with the Yoast SEO plugin v27.2 - https:\/\/yoast.com\/product\/yoast-seo-wordpress\/ -->\n<title>MSOME - zaawansowane badanie nasienia do in vitro w InviMed<\/title>\n<meta name=\"description\" content=\"Oferujemy najbardziej zaawansowane badanie nasienia MSOME-6600. Technika polega na wyselekcjonowaniu plemnik\u00f3w najlepszych do zabiegu in vitro.\" \/>\n<meta name=\"robots\" content=\"index, follow, max-snippet:-1, max-image-preview:large, max-video-preview:-1\" \/>\n<meta property=\"og:locale\" content=\"en_GB\" \/>\n<meta property=\"og:type\" content=\"article\" \/>\n<meta property=\"og:title\" content=\"MSOME - zaawansowane badanie nasienia do in vitro w InviMed\" \/>\n<meta property=\"og:description\" content=\"Oferujemy najbardziej zaawansowane badanie nasienia MSOME-6600. Technika polega na wyselekcjonowaniu plemnik\u00f3w najlepszych do zabiegu in vitro.\" \/>\n<meta property=\"og:url\" content=\"https:\/\/invimed.pl\/en\/msome-6600\/\" \/>\n<meta property=\"og:site_name\" content=\"Invimed\" \/>\n<meta property=\"article:modified_time\" content=\"2024-08-07T10:23:48+00:00\" \/>\n<meta property=\"og:image\" content=\"https:\/\/invimed.pl\/wp-content\/uploads\/2024\/04\/1440x300-msome-6600-jpg.jpg\" \/>\n\t<meta property=\"og:image:width\" content=\"1440\" \/>\n\t<meta property=\"og:image:height\" content=\"300\" \/>\n\t<meta property=\"og:image:type\" content=\"image\/jpeg\" \/>\n<meta name=\"twitter:card\" content=\"summary_large_image\" \/>\n<meta name=\"twitter:label1\" content=\"Estimated reading time\" \/>\n\t<meta name=\"twitter:data1\" content=\"2 minutes\" \/>\n<!-- \/ Yoast SEO plugin. -->","yoast_head_json":{"title":"MSOME - advanced sperm testing for in vitro at InviMed","description":"We offer the most advanced semen test MSOME-6600. The technique involves selecting the best sperm for IVF treatment.","robots":{"index":"index","follow":"follow","max-snippet":"max-snippet:-1","max-image-preview":"max-image-preview:large","max-video-preview":"max-video-preview:-1"},"og_locale":"en_GB","og_type":"article","og_title":"MSOME - zaawansowane badanie nasienia do in vitro w InviMed","og_description":"Oferujemy najbardziej zaawansowane badanie nasienia MSOME-6600. Technika polega na wyselekcjonowaniu plemnik\u00f3w najlepszych do zabiegu in vitro.","og_url":"https:\/\/invimed.pl\/en\/msome-6600\/","og_site_name":"Invimed","article_modified_time":"2024-08-07T10:23:48+00:00","og_image":[{"width":1440,"height":300,"url":"https:\/\/invimed.pl\/wp-content\/uploads\/2024\/04\/1440x300-msome-6600-jpg.jpg","type":"image\/jpeg"}],"twitter_card":"summary_large_image","twitter_misc":{"Estimated reading time":"2 minutes"},"schema":{"@context":"https:\/\/schema.org","@graph":[{"@type":"WebPage","@id":"https:\/\/invimed.pl\/msome-6600","url":"https:\/\/invimed.pl\/msome-6600","name":"MSOME - advanced sperm testing for in vitro at InviMed","isPartOf":{"@id":"https:\/\/invimed.pl\/#website"},"primaryImageOfPage":{"@id":"https:\/\/invimed.pl\/msome-6600#primaryimage"},"image":{"@id":"https:\/\/invimed.pl\/msome-6600#primaryimage"},"thumbnailUrl":"https:\/\/invimed.pl\/wp-content\/uploads\/2024\/04\/1440x300-msome-6600-jpg.jpg","datePublished":"2024-04-18T11:38:54+00:00","dateModified":"2024-08-07T10:23:48+00:00","description":"We offer the most advanced semen test MSOME-6600. The technique involves selecting the best sperm for IVF treatment.","breadcrumb":{"@id":"https:\/\/invimed.pl\/msome-6600#breadcrumb"},"inLanguage":"en-GB","potentialAction":[{"@type":"ReadAction","target":["https:\/\/invimed.pl\/msome-6600"]}]},{"@type":"ImageObject","inLanguage":"en-GB","@id":"https:\/\/invimed.pl\/msome-6600#primaryimage","url":"https:\/\/invimed.pl\/wp-content\/uploads\/2024\/04\/1440x300-msome-6600-jpg.jpg","contentUrl":"https:\/\/invimed.pl\/wp-content\/uploads\/2024\/04\/1440x300-msome-6600-jpg.jpg","width":1440,"height":300},{"@type":"BreadcrumbList","@id":"https:\/\/invimed.pl\/msome-6600#breadcrumb","itemListElement":[{"@type":"ListItem","position":1,"name":"Strona g\u0142\u00f3wna","item":"https:\/\/invimed.pl\/"},{"@type":"ListItem","position":2,"name":"MSOME-6600"}]},{"@type":"WebSite","@id":"https:\/\/invimed.pl\/#website","url":"https:\/\/invimed.pl\/","name":"Invimed","description":"Our mission is to create a happy family together","potentialAction":[{"@type":"SearchAction","target":{"@type":"EntryPoint","urlTemplate":"https:\/\/invimed.pl\/?s={search_term_string}"},"query-input":{"@type":"PropertyValueSpecification","valueRequired":true,"valueName":"search_term_string"}}],"inLanguage":"en-GB"}]}},"_links":{"self":[{"href":"https:\/\/invimed.pl\/en\/wp-json\/wp\/v2\/pages\/3220","targetHints":{"allow":["GET"]}}],"collection":[{"href":"https:\/\/invimed.pl\/en\/wp-json\/wp\/v2\/pages"}],"about":[{"href":"https:\/\/invimed.pl\/en\/wp-json\/wp\/v2\/types\/page"}],"author":[{"embeddable":true,"href":"https:\/\/invimed.pl\/en\/wp-json\/wp\/v2\/users\/1"}],"replies":[{"embeddable":true,"href":"https:\/\/invimed.pl\/en\/wp-json\/wp\/v2\/comments?post=3220"}],"version-history":[{"count":7,"href":"https:\/\/invimed.pl\/en\/wp-json\/wp\/v2\/pages\/3220\/revisions"}],"predecessor-version":[{"id":261850,"href":"https:\/\/invimed.pl\/en\/wp-json\/wp\/v2\/pages\/3220\/revisions\/261850"}],"wp:featuredmedia":[{"embeddable":true,"href":"https:\/\/invimed.pl\/en\/wp-json\/wp\/v2\/media\/3221"}],"wp:attachment":[{"href":"https:\/\/invimed.pl\/en\/wp-json\/wp\/v2\/media?parent=3220"}],"curies":[{"name":"wp","href":"https:\/\/api.w.org\/{rel}","templated":true}]}}