{"id":3297,"date":"2024-04-18T21:13:41","date_gmt":"2024-04-18T21:13:41","guid":{"rendered":"https:\/\/invimed.pl\/?page_id=3297"},"modified":"2024-07-23T13:30:43","modified_gmt":"2024-07-23T13:30:43","slug":"fertile-chip","status":"publish","type":"page","link":"https:\/\/invimed.pl\/en\/fertile-chip","title":{"rendered":"ZyM\u014dt ICSI and ZyM\u014dt Multi - microfluidic devices for sperm selection"},"content":{"rendered":"<h2 class=\"wp-block-heading has-large-font-size\" id=\"zymot-icsi-i-zymot-multi-zwiekszaja-szanse-nieplodnych-par-na-uzyskanie-prawidlowych-zarodkow\"><strong>ZyM\u014dt ICSI and ZyM\u014dt Multi increase infertile couples' chances of obtaining normal embryos<\/strong><\/h2>\n\n\n\n<p>ZyM\u014dt ICSI, ZyM\u014dt Multi (850 \u00b5L), ZyM\u014dt Multi (3 mL) sperm selection chips are innovative sperm selection devices used in assisted reproductive techniques, developed by scientists from three universities in the United States. In Poland, they are successfully used in Invimed Infertility Treatment Clinics as part of optional procedures for in vitro fertilisation. The aforementioned chips have so far been called Fertile, Fertile Plus and Fertile Ultimate, hence the collective name Fertile Chips.<\/p>\n\n\n\n<h2 class=\"wp-block-heading\" id=\"co-to-jest-zymot-icsi-i-zymot-multi\">What is ZyM\u014dt ICSI and ZyM\u014dt Multi?<\/h2>\n\n\n\n<p>ZyM\u014dt ICSI, ZyM\u014dt Multi (850 \u00b5L), ZyM\u014dt Multi (3 mL), collectively referred to so far as Fertile Chips, are specialised tools built to more effectively select the sperm that has the best chance of forming a healthy embryo. Each chip resembles a plate consisting of microscopic channels built on known hydrodynamic principles (microfluidics) that guide the interactions between the sperm and the surrounding microchannel structure.<\/p>\n\n\n\n<p>This method - at the intersection of biology, physics, nanotechnology and engineering - allows the mapping of the sperm's behaviour during its natural journey through the female reproductive system. By using ZyM\u014dt ICSI, ZyM\u014dt Multi (850 \u00b5L), ZyM\u014dt Multi (3 mL), the embryologist can select sperm of the highest quality and DNA integrity, thereby increasing the chances of obtaining normal embryos.<\/p>\n\n\n\n<h2 class=\"wp-block-heading\" id=\"dla-kogo-czipy-zymot\">For whom are ZyM\u014dt chips?<\/h2>\n\n\n\n<p>Only couples qualified for the procedure can benefit from sperm chip selection with ZyM\u014dt ICSI, ZyM\u014dt Multi (850 \u00b5L), ZyM\u014dt Multi (3 mL)&nbsp;<a href=\"https:\/\/invimed.pl\/en\/in-vitro-ivf\/\" target=\"_blank\" rel=\"noreferrer noopener\">in vitro<\/a>&nbsp;with ZyM\u014dt chips by the attending physician. Therefore, if you want to use this method, ask your doctor at Invimed about it.<\/p>\n\n\n\n<p>The use of sperm selection with the microfluidic device is particularly recommended for couples whose cause of infertility is related to the male factor. The manufacturer recommends this method for patients presenting with a moderate to moderately severe male factor problem, especially when dealing with:<\/p>\n\n\n\n<section class=\"check-list\">\n\t    <header class=\"check-list__header\">\n        <div class=\"acf-innerblocks-container\">\n\n<h2 class=\"wp-block-heading\" id=\"\"><\/h2>\n\n<\/div>\n    <\/header>\n    <ul class=\"mb-0 p-0 check-list__inner\">\n            <li class=\"d-flex check-list__item\">\n            <div class=\"svg-container\">\n                <svg width=\"16\" height=\"16\">\n                    <use xlink:href=\"#icon-check-2\" \/>\n                <\/svg>\n            <\/div>\n            <div class=\"check-list__item__rte\">\n                <p>oligozoospermia (reduced sperm concentration),<\/p>\n            <\/div>\n        <\/li>\n            <li class=\"d-flex check-list__item\">\n            <div class=\"svg-container\">\n                <svg width=\"16\" height=\"16\">\n                    <use xlink:href=\"#icon-check-2\" \/>\n                <\/svg>\n            <\/div>\n            <div class=\"check-list__item__rte\">\n                <p>asthenozoospermia (abnormal and\/or reduced sperm motility),<\/p>\n            <\/div>\n        <\/li>\n            <li class=\"d-flex check-list__item\">\n            <div class=\"svg-container\">\n                <svg width=\"16\" height=\"16\">\n                    <use xlink:href=\"#icon-check-2\" \/>\n                <\/svg>\n            <\/div>\n            <div class=\"check-list__item__rte\">\n                <p>teratozoospermia (abnormal sperm structure).<\/p>\n            <\/div>\n        <\/li>\n        <\/ul>\n<\/section>\n\n\n\n<h2 class=\"wp-block-heading\" id=\"jak-selekcja-nasienia-wplywa-na-skutecznosc-in-vitro\">How does sperm selection affect the effectiveness of IVF?<\/h2>\n\n\n\n<p>The results of the Stanford University study showed that semen sorted using the ZyM\u014dt microfluidic device not only has higher motility, but also has a significantly higher percentage of morphologically normal sperm with high DNA integrity and a lower percentage of reactive oxygen species.<\/p>\n\n\n\n<p>Other studies have also shown an increase in the pregnancy rate with the first embryo transfer to 56%. This percentage is several percentage points higher than the percentage obtained in IVF procedures using standard sperm selection methods. This is possible because the percentage of highest quality embryos obtained is higher due to the use of ZyM\u014dt chips. The embryos develop better and mostly implant, thus significantly increasing the chance of achieving a pregnancy.<\/p>\n\n\n\n<p>Greater chance of IVF success<\/p>\n\n\n\n<p>The results show that the use of ZyM\u014dt chips increases the chances of infertile couples to obtain normal embryos. Sperm selection with ZyM\u014dt ICSI, ZyM\u014dt Multi (850 \u00b5L), ZyM\u014dt Multi (3 mL) reduces the likelihood of genetic disorders (aneuploidy).&nbsp;<\/p>\n\n\n\n<h2 class=\"wp-block-heading\" id=\"czipyzymot-w-klinikach-invimed\">ZyM\u014dt chips in Invimed clinics<\/h2>\n\n\n\n<p>ZyM\u014dt ICSI, ZyM\u014dt Multi (850 \u00b5L), ZyM\u014dt Multi (3 mL) are among the<a href=\"https:\/\/invimed.pl\/en\/techniki-zwiekszajace-skutecznosc-in-vitro\/\" target=\"_blank\" rel=\"noreferrer noopener\">&nbsp;techniques to increase the efficiency of in vitro<\/a>. They were used for the first time in Poland in 2018, just in the Invimed network of infertility clinics (then called Fertile, Fertile Plus, Fertile Ultimate and appearing under the collective name Fertile Chip). Today, ZyM\u014dt chips are available at all Invimed clinics and are used as assistive techniques for IVF procedures. The price for the application of sperm selection using the microfluidic method, depending on the clinic, ranges from PLN 600 to PLN 800.<\/p>\n\n\n\n<figure class=\"wp-block-table\"><table><tbody><tr><td>This innovative method can only be used by couples with appropriate medical indications, qualified by the attending physician. If you want to use this method, ask your doctor about it.<\/td><\/tr><\/tbody><\/table><\/figure>\n\n\n\n<p class=\"has-text-align-center\">TRANSPARENT PRICING<\/p>\n\n\n\n<h3 class=\"wp-block-heading has-text-align-center\" id=\"cennik-in-vitro-procedury-opcjonalne\"><strong>Pricing: In vitro. Optional procedures<\/strong><\/h3>\n\n\n\n<section class=\"price-list block_53767f14a1c744fd21f8e78f9323a493\">\n        <div class=\"price-list__wrapper\">\n        <header class=\"price-list__header\">\n            <div class=\"acf-innerblocks-container\"><\/div>\n        <\/header>\n            <div class=\"d-flex price-list__content\">\n                    <div class=\"d-flex justify-content-between align-items-center price-list__item\">\n                <div class=\"px-0 item__col--left\">\n                    <h3 class=\"item__title\">Gdynia<\/h3>\n                    <a href=\"https:\/\/invimed.pl\/en\/cennik\/invimed-gdynia\">\n                        Ask for a date                    <\/a>\n                <\/div>\n                <div class=\"px-0 item__col--right\">\n                    <a href=\"https:\/\/invimed.pl\/en\/cennik\/invimed-gdynia\" aria-label=\"Check the price in Gdynia\">\n                        Check price                    <\/a>\n                <\/div>\n            <\/div>\n                    <div class=\"d-flex justify-content-between align-items-center price-list__item\">\n                <div class=\"px-0 item__col--left\">\n                    <h3 class=\"item__title\">Katowice<\/h3>\n                    <a href=\"https:\/\/invimed.pl\/en\/cennik\/invimed-katowice\">\n                        Ask for a date                    <\/a>\n                <\/div>\n                <div class=\"px-0 item__col--right\">\n                    <a href=\"https:\/\/invimed.pl\/en\/cennik\/invimed-katowice\" aria-label=\"Check the price in Katowice\">\n                        Check price                    <\/a>\n                <\/div>\n            <\/div>\n                    <div class=\"d-flex justify-content-between align-items-center price-list__item\">\n                <div class=\"px-0 item__col--left\">\n                    <h3 class=\"item__title\">Poznan<\/h3>\n                    <a href=\"https:\/\/invimed.pl\/en\/cennik\/invimed-poznan\">\n                        Ask for a date                    <\/a>\n                <\/div>\n                <div class=\"px-0 item__col--right\">\n                    <a href=\"https:\/\/invimed.pl\/en\/cennik\/invimed-poznan\" aria-label=\"Check the price in Pozna\u0144\">\n                        Check price                    <\/a>\n                <\/div>\n            <\/div>\n                    <div class=\"d-flex justify-content-between align-items-center price-list__item\">\n                <div class=\"px-0 item__col--left\">\n                    <h3 class=\"item__title\">Warsaw<\/h3>\n                    <a href=\"https:\/\/invimed.pl\/en\/cennik\/invimed-warszawa-mokotow\">\n                        Ask for a date                    <\/a>\n                <\/div>\n                <div class=\"px-0 item__col--right\">\n                    <a href=\"https:\/\/invimed.pl\/en\/cennik\/invimed-warszawa-mokotow\" aria-label=\"Check the price in Warsaw\">\n                        Check price                    <\/a>\n                <\/div>\n            <\/div>\n                    <div class=\"d-flex justify-content-between align-items-center price-list__item\">\n                <div class=\"px-0 item__col--left\">\n                    <h3 class=\"item__title\">Wroc\u0142aw<\/h3>\n                    <a href=\"https:\/\/invimed.pl\/en\/cennik\/invimed-wroclaw\">\n                        Ask for a date                    <\/a>\n                <\/div>\n                <div class=\"px-0 item__col--right\">\n                    <a href=\"https:\/\/invimed.pl\/en\/cennik\/invimed-wroclaw\" aria-label=\"Check the price in Wroc\u0142aw\">\n                        Check price                    <\/a>\n                <\/div>\n            <\/div>\n                <\/div>\n        <\/div>\n<\/section>\n\n\n\n<section class=\"cta-3\">\n\t\t<div class=\"container cta-3__container\">\n\t\t<div class=\"position-relative cta-3__wrapper\">\n\t\t            <a\n            class=\"cta-3__link\"\n            href=\"#\"\n            target=\"_self\"\n            aria-label=\"cta-3\"\n            >\n            <\/a>\n                            <figure class=\"cta-3__image\">\n                <img loading=\"lazy\" decoding=\"async\" width=\"112\" height=\"26\" src=\"https:\/\/invimed.pl\/wp-content\/uploads\/2024\/02\/mediraty-112x26.jpg\" class=\"attachment-cta-3-image size-cta-3-image\" alt=\"Medirats\" srcset=\"https:\/\/invimed.pl\/wp-content\/uploads\/2024\/02\/mediraty-112x26.jpg 112w, https:\/\/invimed.pl\/wp-content\/uploads\/2024\/02\/mediraty-54x12.jpg 54w, https:\/\/invimed.pl\/wp-content\/uploads\/2024\/02\/mediraty-71x16.jpg 71w, https:\/\/invimed.pl\/wp-content\/uploads\/2024\/02\/mediraty-70x16.jpg 70w, https:\/\/invimed.pl\/wp-content\/uploads\/2024\/02\/mediraty-63x15.jpg 63w, https:\/\/invimed.pl\/wp-content\/uploads\/2024\/02\/mediraty-55x13.jpg 55w, https:\/\/invimed.pl\/wp-content\/uploads\/2024\/02\/mediraty-24x6.jpg 24w, https:\/\/invimed.pl\/wp-content\/uploads\/2024\/02\/mediraty-88x20.jpg 88w, https:\/\/invimed.pl\/wp-content\/uploads\/2024\/02\/mediraty-45x10.jpg 45w, https:\/\/invimed.pl\/wp-content\/uploads\/2024\/02\/mediraty-75x17.jpg 75w, https:\/\/invimed.pl\/wp-content\/uploads\/2024\/02\/mediraty.jpg 130w\" sizes=\"auto, (max-width: 112px) 100vw, 112px\" \/>            <\/figure>\n                    <div class=\"acf-innerblocks-container\">\n\n<h3 class=\"wp-block-heading\" id=\"oblicz-finansowanie-leczenia\">Calculate funding for treatment<\/h3>\n\n<\/div>\n                    <figure class=\"cta-3__image cta-3__image--desktop\">\n                <img loading=\"lazy\" decoding=\"async\" width=\"112\" height=\"26\" src=\"https:\/\/invimed.pl\/wp-content\/uploads\/2024\/02\/mediraty-112x26.jpg\" class=\"attachment-cta-3-image size-cta-3-image\" alt=\"Medirats\" srcset=\"https:\/\/invimed.pl\/wp-content\/uploads\/2024\/02\/mediraty-112x26.jpg 112w, https:\/\/invimed.pl\/wp-content\/uploads\/2024\/02\/mediraty-54x12.jpg 54w, https:\/\/invimed.pl\/wp-content\/uploads\/2024\/02\/mediraty-71x16.jpg 71w, https:\/\/invimed.pl\/wp-content\/uploads\/2024\/02\/mediraty-70x16.jpg 70w, https:\/\/invimed.pl\/wp-content\/uploads\/2024\/02\/mediraty-63x15.jpg 63w, https:\/\/invimed.pl\/wp-content\/uploads\/2024\/02\/mediraty-55x13.jpg 55w, https:\/\/invimed.pl\/wp-content\/uploads\/2024\/02\/mediraty-24x6.jpg 24w, https:\/\/invimed.pl\/wp-content\/uploads\/2024\/02\/mediraty-88x20.jpg 88w, https:\/\/invimed.pl\/wp-content\/uploads\/2024\/02\/mediraty-45x10.jpg 45w, https:\/\/invimed.pl\/wp-content\/uploads\/2024\/02\/mediraty-75x17.jpg 75w, https:\/\/invimed.pl\/wp-content\/uploads\/2024\/02\/mediraty.jpg 130w\" sizes=\"auto, (max-width: 112px) 100vw, 112px\" \/>            <\/figure>\n                            <a class=\"cta-3__link cta-3__link--mobile\" href=\"#\" target=\"_self\" aria-label=\"Find out more\">\n                Find out more            <\/a>\n        \t\t<\/div>\n\t<\/div>\n<\/section>","protected":false},"excerpt":{"rendered":"<p>ZyM\u014dt ICSI i ZyM\u014dt Multi zwi\u0119kszaj\u0105 szanse niep\u0142odnych par na uzyskanie prawid\u0142owych zarodk\u00f3w Czipy do selekcji plemnik\u00f3w&nbsp;ZyM\u014dt ICSI, ZyM\u014dt Multi (850 \u00b5L), ZyM\u014dt Multi (3 mL) to innowacyjne urz\u0105dzenia do selekcji plemnik\u00f3w stosowane przy technikach wspomaganego rozrodu, opracowane przez naukowc\u00f3w z trzech uniwersytet\u00f3w w Stanach Zjednoczonych. W Polsce s\u0105 z powodzeniem stosowane w Klinikach Leczenia [&hellip;]<\/p>\n","protected":false},"author":1,"featured_media":3298,"parent":0,"menu_order":0,"comment_status":"closed","ping_status":"closed","template":"","meta":{"_acf_changed":false,"footnotes":""},"class_list":["post-3297","page","type-page","status-publish","has-post-thumbnail","hentry"],"acf":[],"yoast_head":"<!-- This site is optimized with the Yoast SEO plugin v27.2 - https:\/\/yoast.com\/product\/yoast-seo-wordpress\/ -->\n<title>ZyM\u014dt ICSI i ZyM\u014dt Multi do selekcji plemnik\u00f3w<\/title>\n<meta name=\"robots\" content=\"index, follow, max-snippet:-1, max-image-preview:large, max-video-preview:-1\" \/>\n<meta property=\"og:locale\" content=\"en_GB\" \/>\n<meta property=\"og:type\" content=\"article\" \/>\n<meta property=\"og:title\" content=\"ZyM\u014dt ICSI i ZyM\u014dt Multi do selekcji plemnik\u00f3w\" \/>\n<meta property=\"og:description\" content=\"ZyM\u014dt ICSI i ZyM\u014dt Multi zwi\u0119kszaj\u0105 szanse niep\u0142odnych par na uzyskanie prawid\u0142owych zarodk\u00f3w Czipy do selekcji plemnik\u00f3w&nbsp;ZyM\u014dt ICSI, ZyM\u014dt Multi (850 \u00b5L), ZyM\u014dt Multi (3 mL) to innowacyjne urz\u0105dzenia do selekcji plemnik\u00f3w stosowane przy technikach wspomaganego rozrodu, opracowane przez naukowc\u00f3w z trzech uniwersytet\u00f3w w Stanach Zjednoczonych. W Polsce s\u0105 z powodzeniem stosowane w Klinikach Leczenia [&hellip;]\" \/>\n<meta property=\"og:url\" content=\"https:\/\/invimed.pl\/en\/fertile-chip\/\" \/>\n<meta property=\"og:site_name\" content=\"Invimed\" \/>\n<meta property=\"article:modified_time\" content=\"2024-07-23T13:30:43+00:00\" \/>\n<meta property=\"og:image\" content=\"https:\/\/invimed.pl\/wp-content\/uploads\/2024\/04\/1400x300-7-jpg.jpg\" \/>\n\t<meta property=\"og:image:width\" content=\"1440\" \/>\n\t<meta property=\"og:image:height\" content=\"300\" \/>\n\t<meta property=\"og:image:type\" content=\"image\/jpeg\" \/>\n<meta name=\"twitter:card\" content=\"summary_large_image\" \/>\n<meta name=\"twitter:label1\" content=\"Estimated reading time\" \/>\n\t<meta name=\"twitter:data1\" content=\"4 minutes\" \/>\n<!-- \/ Yoast SEO plugin. -->","yoast_head_json":{"title":"ZyM\u014dt ICSI and ZyM\u014dt Multi for sperm selection","robots":{"index":"index","follow":"follow","max-snippet":"max-snippet:-1","max-image-preview":"max-image-preview:large","max-video-preview":"max-video-preview:-1"},"og_locale":"en_GB","og_type":"article","og_title":"ZyM\u014dt ICSI i ZyM\u014dt Multi do selekcji plemnik\u00f3w","og_description":"ZyM\u014dt ICSI i ZyM\u014dt Multi zwi\u0119kszaj\u0105 szanse niep\u0142odnych par na uzyskanie prawid\u0142owych zarodk\u00f3w Czipy do selekcji plemnik\u00f3w&nbsp;ZyM\u014dt ICSI, ZyM\u014dt Multi (850 \u00b5L), ZyM\u014dt Multi (3 mL) to innowacyjne urz\u0105dzenia do selekcji plemnik\u00f3w stosowane przy technikach wspomaganego rozrodu, opracowane przez naukowc\u00f3w z trzech uniwersytet\u00f3w w Stanach Zjednoczonych. W Polsce s\u0105 z powodzeniem stosowane w Klinikach Leczenia [&hellip;]","og_url":"https:\/\/invimed.pl\/en\/fertile-chip\/","og_site_name":"Invimed","article_modified_time":"2024-07-23T13:30:43+00:00","og_image":[{"width":1440,"height":300,"url":"https:\/\/invimed.pl\/wp-content\/uploads\/2024\/04\/1400x300-7-jpg.jpg","type":"image\/jpeg"}],"twitter_card":"summary_large_image","twitter_misc":{"Estimated reading time":"4 minutes"},"schema":{"@context":"https:\/\/schema.org","@graph":[{"@type":"WebPage","@id":"https:\/\/invimed.pl\/fertile-chip","url":"https:\/\/invimed.pl\/fertile-chip","name":"ZyM\u014dt ICSI and ZyM\u014dt Multi for sperm selection","isPartOf":{"@id":"https:\/\/invimed.pl\/#website"},"primaryImageOfPage":{"@id":"https:\/\/invimed.pl\/fertile-chip#primaryimage"},"image":{"@id":"https:\/\/invimed.pl\/fertile-chip#primaryimage"},"thumbnailUrl":"https:\/\/invimed.pl\/wp-content\/uploads\/2024\/04\/1400x300-7-jpg.jpg","datePublished":"2024-04-18T21:13:41+00:00","dateModified":"2024-07-23T13:30:43+00:00","breadcrumb":{"@id":"https:\/\/invimed.pl\/fertile-chip#breadcrumb"},"inLanguage":"en-GB","potentialAction":[{"@type":"ReadAction","target":["https:\/\/invimed.pl\/fertile-chip"]}]},{"@type":"ImageObject","inLanguage":"en-GB","@id":"https:\/\/invimed.pl\/fertile-chip#primaryimage","url":"https:\/\/invimed.pl\/wp-content\/uploads\/2024\/04\/1400x300-7-jpg.jpg","contentUrl":"https:\/\/invimed.pl\/wp-content\/uploads\/2024\/04\/1400x300-7-jpg.jpg","width":1440,"height":300},{"@type":"BreadcrumbList","@id":"https:\/\/invimed.pl\/fertile-chip#breadcrumb","itemListElement":[{"@type":"ListItem","position":1,"name":"Strona g\u0142\u00f3wna","item":"https:\/\/invimed.pl\/"},{"@type":"ListItem","position":2,"name":"ZyM\u014dt ICSI i ZyM\u014dt Multi \u2013 urz\u0105dzenia mikroprzep\u0142ywowe do selekcji plemnik\u00f3w"}]},{"@type":"WebSite","@id":"https:\/\/invimed.pl\/#website","url":"https:\/\/invimed.pl\/","name":"Invimed","description":"Our mission is to create a happy family together","potentialAction":[{"@type":"SearchAction","target":{"@type":"EntryPoint","urlTemplate":"https:\/\/invimed.pl\/?s={search_term_string}"},"query-input":{"@type":"PropertyValueSpecification","valueRequired":true,"valueName":"search_term_string"}}],"inLanguage":"en-GB"}]}},"_links":{"self":[{"href":"https:\/\/invimed.pl\/en\/wp-json\/wp\/v2\/pages\/3297","targetHints":{"allow":["GET"]}}],"collection":[{"href":"https:\/\/invimed.pl\/en\/wp-json\/wp\/v2\/pages"}],"about":[{"href":"https:\/\/invimed.pl\/en\/wp-json\/wp\/v2\/types\/page"}],"author":[{"embeddable":true,"href":"https:\/\/invimed.pl\/en\/wp-json\/wp\/v2\/users\/1"}],"replies":[{"embeddable":true,"href":"https:\/\/invimed.pl\/en\/wp-json\/wp\/v2\/comments?post=3297"}],"version-history":[{"count":7,"href":"https:\/\/invimed.pl\/en\/wp-json\/wp\/v2\/pages\/3297\/revisions"}],"predecessor-version":[{"id":258740,"href":"https:\/\/invimed.pl\/en\/wp-json\/wp\/v2\/pages\/3297\/revisions\/258740"}],"wp:featuredmedia":[{"embeddable":true,"href":"https:\/\/invimed.pl\/en\/wp-json\/wp\/v2\/media\/3298"}],"wp:attachment":[{"href":"https:\/\/invimed.pl\/en\/wp-json\/wp\/v2\/media?parent=3297"}],"curies":[{"name":"wp","href":"https:\/\/api.w.org\/{rel}","templated":true}]}}