{"id":3414,"date":"2024-04-19T10:37:31","date_gmt":"2024-04-19T10:37:31","guid":{"rendered":"https:\/\/invimed.pl\/?page_id=3414"},"modified":"2025-08-27T12:04:31","modified_gmt":"2025-08-27T12:04:31","slug":"testicular-biopsy","status":"publish","type":"page","link":"https:\/\/invimed.pl\/en\/biopsja-jadra","title":{"rendered":"Testicular biopsy"},"content":{"rendered":"<p>A testicular biopsy is a procedure carried out at all Invimed clinics by experienced surgeons - urologists and andrologists. This procedure is carried out for diagnostic purposes or in special cases, as part of assisted reproduction procedures.<\/p>\n\n\n\n<h2 class=\"wp-block-heading\" id=\"na-czym-polega-biopsja-jadra\">What does a testicular biopsy involve?<\/h2>\n\n\n\n<p>A testicular biopsy is a procedure that involves taking a piece of tissue from the testicle or epididymides for further laboratory analysis and to retrieve sperm for an in vitro fertilisation procedure.&nbsp;<\/p>\n\n\n\n<h2 class=\"wp-block-heading\" id=\"jak-wyglada-badanie\">What does the study look like?<\/h2>\n\n\n\n<p>Before the testicular biopsy procedure, the doctor takes a thorough medical history and decides on the form of the procedure.<\/p>\n\n\n\n<ol class=\"wp-block-list\">\n<li><strong>Needle biopsy (closed)<\/strong>&nbsp;- a procedure performed under local anaesthetic when the chance of sperm retrieval is very high. A closed biopsy is performed by puncturing the testis with a needle through the skin. It lasts approximately 15 to 30 minutes. The patient reports to the clinic approximately 15 minutes before the appointed time for the procedure. The procedure does not require any preparation.<\/li>\n\n\n\n<li><strong>Open biopsy<\/strong>&nbsp;- A procedure performed under general anaesthesia. The procedure involves making a precise incision in the testicular sheath and taking a section from the epididymis and various regions of the testicle to increase the chance of finding sperm to be used for IVF. The patient reports to the clinic approximately one hour before the procedure for a consultation with an anaesthetist. The procedure takes several tens of minutes. One week after the procedure, the patient is asked to come to the clinic for a follow-up appointment.<\/li>\n<\/ol>\n\n\n\n<section class=\"check-list\">\n\t    <header class=\"check-list__header\">\n        <div class=\"acf-innerblocks-container\">\n\n<h2 class=\"wp-block-heading\" id=\"biopsja-iglowa-czy-biopsja-otwarta\">Needle biopsy or open biopsy?<\/h2>\n\n<\/div>\n    <\/header>\n    <ul class=\"mb-0 p-0 check-list__inner\">\n            <li class=\"d-flex check-list__item\">\n            <div class=\"svg-container\">\n                <svg width=\"16\" height=\"16\">\n                    <use xlink:href=\"#icon-check-2\" \/>\n                <\/svg>\n            <\/div>\n            <div class=\"check-list__item__rte\">\n                <p>If the likelihood of sperm retrieval is high, the doctor performs a closed (needle) biopsy, i.e. he punctures the testicle through the skin after administering a local anaesthetic to the patient.<\/p>\n            <\/div>\n        <\/li>\n            <li class=\"d-flex check-list__item\">\n            <div class=\"svg-container\">\n                <svg width=\"16\" height=\"16\">\n                    <use xlink:href=\"#icon-check-2\" \/>\n                <\/svg>\n            <\/div>\n            <div class=\"check-list__item__rte\">\n                <p>When a semen test shows a lack of sperm and there is little chance of finding sperm for insemination or IVF, an open biopsy is performed. This procedure is performed under general anaesthesia and involves incising the testicular sheath and taking several sections from different areas of the organ.<\/p>\n            <\/div>\n        <\/li>\n        <\/ul>\n<\/section>\n\n\n\n<p>Fine-needle testicular biopsy<\/p>\n\n\n\n<p>A testicular biopsy using a special fine needle is the so-called fine-needle testicular biopsy - this procedure is classified as a minimally invasive procedure. It is performed at the Invimed clinic in Katowice.<\/p>\n\n\n\n<h2 class=\"wp-block-heading\" id=\"wskazania-do-biopsji-jadra\">Indications for testicular biopsy<\/h2>\n\n\n\n<p>The collection of tissue from the testes for analysis is an important part of the diagnosis of male infertility, but the procedure is only carried out in certain circumstances.&nbsp;<\/p>\n\n\n\n<p>Most commonly, a testicular biopsy is performed in patients whose semen examination reveals an unusually low or absent sperm count (azoospermia), when the results of other tests (blood analysis, hormone level determination) do not allow a specific cause of infertility to be identified.&nbsp;<\/p>\n\n\n\n<p>Among other things, the procedure to take tissue from the testicle can help detect vas deferens obstruction - the testicles then produce sperm, but these do not enter the semen and fertilisation does not occur.<\/p>\n\n\n\n<p>A testicular biopsy is also ordered when testicular cancer is suspected, and to collect sperm for insemination or in vitro fertilisation.<\/p>\n\n\n\n<h2 class=\"wp-block-heading\" id=\"biopsja-jadra-%e2%80%94-powiklania\">Testicular biopsy - complications<\/h2>\n\n\n\n<p>The testicular tissue harvesting procedure is safe, although complications may arise after the biopsy in the form of infection or prolonged bleeding at the incision or skin puncture site. Complications of this type are rare, but should not be underestimated - a patient who notices a haematoma or bleeding at the site of the dressing, swelling or pain in the perineum, fever or chills should see a doctor immediately.<\/p>\n\n\n\n<p><strong>Noteworthy, testicular biopsy does not cause erectile dysfunction and poses no risk to male fertility.<\/strong><\/p>\n\n\n\n<h2 class=\"wp-block-heading\" id=\"in-vitro-a-biopsja-jadra\">In vitro versus testicular biopsy<\/h2>\n\n\n\n<p>Low sperm count and quality in the semen, while there is normal sperm production in the testes, may be related to obstruction of the vas deferens. Patients affected by this problem generally have little chance of conceiving naturally, so they should consider biopsy sperm retrieval and use for insemination or IVF after consulting a specialist.&nbsp;<\/p>\n\n\n\n<p>The testicular biopsy procedure does not require any special preparations, but you should inform your doctor about the medications you are taking and discuss the temporary withdrawal of some of them (e.g. blood thinners or non-steroidal anti-inflammatory agents).<\/p>\n\n\n\n<p>***<\/p>\n\n\n\n<p>Medical consultation of the article: Dr Micha\u0142 Gierek, urologist, andrologist at the Invimed clinic in Katowice. Graduate of the Silesian Medical University in Katowice. He started his urological practice at the Silesian Urology Centre \"Urovita\" in Chorz\u00f3w under the leadership of Andrzej Szurkowski, MD. Since 2017, he has been an assistant in the Clinical Department of Urology in Sosnowiec under the direction of Dr. n. med. Micha\u0142 Tkocz.<\/p>","protected":false},"excerpt":{"rendered":"<p>Biopsja j\u0105dra to zabieg przeprowadzany we wszystkich klinikach Invimed przez do\u015bwiadczonych chirurg\u00f3w \u2013 urolog\u00f3w i androlog\u00f3w. Zabieg ten prowadzany jest w celach diagnostycznych lub w szczeg\u00f3lnych przypadkach, w ramach procedur wspomaganego rozrodu. Na czym polega biopsja j\u0105dra? Biopsja j\u0105dra to zabieg, kt\u00f3ry polega na pobraniu fragmentu tkanki z j\u0105dra lub naj\u0105drzy do dalszej analizy laboratoryjnej [&hellip;]<\/p>\n","protected":false},"author":1,"featured_media":3416,"parent":0,"menu_order":0,"comment_status":"closed","ping_status":"closed","template":"","meta":{"_acf_changed":false,"footnotes":""},"class_list":["post-3414","page","type-page","status-publish","has-post-thumbnail","hentry"],"acf":[],"yoast_head":"<!-- This site is optimized with the Yoast SEO plugin v27.2 - https:\/\/yoast.com\/product\/yoast-seo-wordpress\/ -->\n<title>Biopsja j\u0105dra | Klinika leczenia niep\u0142odno\u015bci InviMed<\/title>\n<meta name=\"robots\" content=\"index, follow, max-snippet:-1, max-image-preview:large, max-video-preview:-1\" \/>\n<meta property=\"og:locale\" content=\"en_GB\" \/>\n<meta property=\"og:type\" content=\"article\" \/>\n<meta property=\"og:title\" content=\"Biopsja j\u0105dra | Klinika leczenia niep\u0142odno\u015bci InviMed\" \/>\n<meta property=\"og:description\" content=\"Biopsja j\u0105dra to zabieg przeprowadzany we wszystkich klinikach Invimed przez do\u015bwiadczonych chirurg\u00f3w \u2013 urolog\u00f3w i androlog\u00f3w. Zabieg ten prowadzany jest w celach diagnostycznych lub w szczeg\u00f3lnych przypadkach, w ramach procedur wspomaganego rozrodu. Na czym polega biopsja j\u0105dra? Biopsja j\u0105dra to zabieg, kt\u00f3ry polega na pobraniu fragmentu tkanki z j\u0105dra lub naj\u0105drzy do dalszej analizy laboratoryjnej [&hellip;]\" \/>\n<meta property=\"og:url\" content=\"https:\/\/invimed.pl\/en\/testicular-biopsy\/\" \/>\n<meta property=\"og:site_name\" content=\"Invimed\" \/>\n<meta property=\"article:modified_time\" content=\"2025-08-27T12:04:31+00:00\" \/>\n<meta property=\"og:image\" content=\"https:\/\/invimed.pl\/wp-content\/uploads\/2024\/04\/1440x300-biopsja-jadra-jpg.jpg\" \/>\n\t<meta property=\"og:image:width\" content=\"1440\" \/>\n\t<meta property=\"og:image:height\" content=\"300\" \/>\n\t<meta property=\"og:image:type\" content=\"image\/jpeg\" \/>\n<meta name=\"twitter:card\" content=\"summary_large_image\" \/>\n<meta name=\"twitter:label1\" content=\"Estimated reading time\" \/>\n\t<meta name=\"twitter:data1\" content=\"4 minutes\" \/>\n<!-- \/ Yoast SEO plugin. -->","yoast_head_json":{"title":"Testicular biopsy | InviMed infertility clinic","robots":{"index":"index","follow":"follow","max-snippet":"max-snippet:-1","max-image-preview":"max-image-preview:large","max-video-preview":"max-video-preview:-1"},"og_locale":"en_GB","og_type":"article","og_title":"Biopsja j\u0105dra | Klinika leczenia niep\u0142odno\u015bci InviMed","og_description":"Biopsja j\u0105dra to zabieg przeprowadzany we wszystkich klinikach Invimed przez do\u015bwiadczonych chirurg\u00f3w \u2013 urolog\u00f3w i androlog\u00f3w. Zabieg ten prowadzany jest w celach diagnostycznych lub w szczeg\u00f3lnych przypadkach, w ramach procedur wspomaganego rozrodu. Na czym polega biopsja j\u0105dra? Biopsja j\u0105dra to zabieg, kt\u00f3ry polega na pobraniu fragmentu tkanki z j\u0105dra lub naj\u0105drzy do dalszej analizy laboratoryjnej [&hellip;]","og_url":"https:\/\/invimed.pl\/en\/testicular-biopsy\/","og_site_name":"Invimed","article_modified_time":"2025-08-27T12:04:31+00:00","og_image":[{"width":1440,"height":300,"url":"https:\/\/invimed.pl\/wp-content\/uploads\/2024\/04\/1440x300-biopsja-jadra-jpg.jpg","type":"image\/jpeg"}],"twitter_card":"summary_large_image","twitter_misc":{"Estimated reading time":"4 minutes"},"schema":{"@context":"https:\/\/schema.org","@graph":[{"@type":"WebPage","@id":"https:\/\/invimed.pl\/biopsja-jadra","url":"https:\/\/invimed.pl\/biopsja-jadra","name":"Testicular biopsy | InviMed infertility clinic","isPartOf":{"@id":"https:\/\/invimed.pl\/#website"},"primaryImageOfPage":{"@id":"https:\/\/invimed.pl\/biopsja-jadra#primaryimage"},"image":{"@id":"https:\/\/invimed.pl\/biopsja-jadra#primaryimage"},"thumbnailUrl":"https:\/\/invimed.pl\/wp-content\/uploads\/2024\/04\/1440x300-biopsja-jadra-jpg.jpg","datePublished":"2024-04-19T10:37:31+00:00","dateModified":"2025-08-27T12:04:31+00:00","breadcrumb":{"@id":"https:\/\/invimed.pl\/biopsja-jadra#breadcrumb"},"inLanguage":"en-GB","potentialAction":[{"@type":"ReadAction","target":["https:\/\/invimed.pl\/biopsja-jadra"]}]},{"@type":"ImageObject","inLanguage":"en-GB","@id":"https:\/\/invimed.pl\/biopsja-jadra#primaryimage","url":"https:\/\/invimed.pl\/wp-content\/uploads\/2024\/04\/1440x300-biopsja-jadra-jpg.jpg","contentUrl":"https:\/\/invimed.pl\/wp-content\/uploads\/2024\/04\/1440x300-biopsja-jadra-jpg.jpg","width":1440,"height":300},{"@type":"BreadcrumbList","@id":"https:\/\/invimed.pl\/biopsja-jadra#breadcrumb","itemListElement":[{"@type":"ListItem","position":1,"name":"Strona g\u0142\u00f3wna","item":"https:\/\/invimed.pl\/"},{"@type":"ListItem","position":2,"name":"Biopsja j\u0105dra"}]},{"@type":"WebSite","@id":"https:\/\/invimed.pl\/#website","url":"https:\/\/invimed.pl\/","name":"Invimed","description":"Our mission is to create a happy family together","potentialAction":[{"@type":"SearchAction","target":{"@type":"EntryPoint","urlTemplate":"https:\/\/invimed.pl\/?s={search_term_string}"},"query-input":{"@type":"PropertyValueSpecification","valueRequired":true,"valueName":"search_term_string"}}],"inLanguage":"en-GB"}]}},"_links":{"self":[{"href":"https:\/\/invimed.pl\/en\/wp-json\/wp\/v2\/pages\/3414","targetHints":{"allow":["GET"]}}],"collection":[{"href":"https:\/\/invimed.pl\/en\/wp-json\/wp\/v2\/pages"}],"about":[{"href":"https:\/\/invimed.pl\/en\/wp-json\/wp\/v2\/types\/page"}],"author":[{"embeddable":true,"href":"https:\/\/invimed.pl\/en\/wp-json\/wp\/v2\/users\/1"}],"replies":[{"embeddable":true,"href":"https:\/\/invimed.pl\/en\/wp-json\/wp\/v2\/comments?post=3414"}],"version-history":[{"count":6,"href":"https:\/\/invimed.pl\/en\/wp-json\/wp\/v2\/pages\/3414\/revisions"}],"predecessor-version":[{"id":270429,"href":"https:\/\/invimed.pl\/en\/wp-json\/wp\/v2\/pages\/3414\/revisions\/270429"}],"wp:featuredmedia":[{"embeddable":true,"href":"https:\/\/invimed.pl\/en\/wp-json\/wp\/v2\/media\/3416"}],"wp:attachment":[{"href":"https:\/\/invimed.pl\/en\/wp-json\/wp\/v2\/media?parent=3414"}],"curies":[{"name":"wp","href":"https:\/\/api.w.org\/{rel}","templated":true}]}}