{"id":3491,"date":"2024-04-19T11:33:29","date_gmt":"2024-04-19T11:33:29","guid":{"rendered":"https:\/\/invimed.pl\/?page_id=3491"},"modified":"2025-08-27T12:08:25","modified_gmt":"2025-08-27T12:08:25","slug":"hymenoplasty-restoration","status":"publish","type":"page","link":"https:\/\/invimed.pl\/en\/odtworzenie-blony-dziewiczej-hymenoplastyka","title":{"rendered":"Restoration of the hymen (hymenoplasty)"},"content":{"rendered":"<h2 class=\"wp-block-heading\" id=\"hymenoplastyka-to-procedura-polegajaca-na-zszyciu-faldow-pozostalych-po-przerwanej-blonie-dziewiczej\"><strong>Hymenoplasty is a procedure involving the suturing of the folds remaining after a ruptured hymen<\/strong><\/h2>\n\n\n\n<p><strong>Hymenoplasty is a procedure that involves suturing the folds left behind by a ruptured hymen. The hymen reconstruction procedure takes between 20 and 60 minutes, and is performed under local or general anaesthesia. The healing time takes 2-3 weeks.<\/strong><\/p>\n\n\n\n<section class=\"cta-3\">\n\t\t<div class=\"container cta-3__container\">\n\t\t<div class=\"position-relative cta-3__wrapper\">\n\t\t                    <div class=\"acf-innerblocks-container\">\n\n<p><strong>Make an appointment at Invimed Gdynia!<\/strong><\/p>\n\n\n\n<p>If you are interested in the service presented on this page, make an appointment for a consultation at the Invimed clinic in Gdynia. Call the helpline number:&nbsp;<strong>500 900 888<\/strong>&nbsp;or click the button below and complete the contact form. Aesthetic gynaecology and contraceptive gynaecology procedures are only provided by this facility.<\/p>\n\n\n\n<div class=\"wp-block-buttons is-content-justification-center is-layout-flex wp-container-core-buttons-is-layout-a89b3969 wp-block-buttons-is-layout-flex\">\n<div class=\"wp-block-button\"><a class=\"wp-block-button__link wp-element-button\" href=\"#section-1\" rel=\"\">Make an appointment<\/a><\/div>\n<\/div>\n\n<\/div>\n                \t\t<\/div>\n\t<\/div>\n<\/section>\n\n\n\n<section class=\"check-list\">\n\t    <header class=\"check-list__header\">\n        <div class=\"acf-innerblocks-container\">\n\n<h3 class=\"wp-block-heading\" id=\"przebieg-zabiegu-odtworzenia-blony-dziewiczej\">Procedure for hymen restoration<\/h3>\n\n\n\n<p>The essence of the hymenoplasty procedure is to fold the mucosa, stretch it and suture it in such a way that it regains its former form. The procedure is relatively uncomplicated, but requires appropriate preparation:<\/p>\n\n<\/div>\n    <\/header>\n    <ul class=\"mb-0 p-0 check-list__inner\">\n            <li class=\"d-flex check-list__item\">\n            <div class=\"svg-container\">\n                <svg width=\"16\" height=\"16\">\n                    <use xlink:href=\"#icon-check-2\" \/>\n                <\/svg>\n            <\/div>\n            <div class=\"check-list__item__rte\">\n                <p>in the two weeks preceding the operation, do not use vitamin E, anti-influenza or anti-cough medicines, acetylsalicylic acid or its derivatives, as such preparations may increase bleeding during the operation;<\/p>\n            <\/div>\n        <\/li>\n            <li class=\"d-flex check-list__item\">\n            <div class=\"svg-container\">\n                <svg width=\"16\" height=\"16\">\n                    <use xlink:href=\"#icon-check-2\" \/>\n                <\/svg>\n            <\/div>\n            <div class=\"check-list__item__rte\">\n                <p>if you develop an infection in the two weeks before the operation, tell your doctor;<\/p>\n            <\/div>\n        <\/li>\n            <li class=\"d-flex check-list__item\">\n            <div class=\"svg-container\">\n                <svg width=\"16\" height=\"16\">\n                    <use xlink:href=\"#icon-check-2\" \/>\n                <\/svg>\n            <\/div>\n            <div class=\"check-list__item__rte\">\n                <p>it is recommended to limit smoking to 3-4 cigarettes per day three days before the procedure;<\/p>\n            <\/div>\n        <\/li>\n            <li class=\"d-flex check-list__item\">\n            <div class=\"svg-container\">\n                <svg width=\"16\" height=\"16\">\n                    <use xlink:href=\"#icon-check-2\" \/>\n                <\/svg>\n            <\/div>\n            <div class=\"check-list__item__rte\">\n                <p>if the surgery will be carried out under general anaesthesia, you should not eat or drink for six hours before the operation;<\/p>\n            <\/div>\n        <\/li>\n            <li class=\"d-flex check-list__item\">\n            <div class=\"svg-container\">\n                <svg width=\"16\" height=\"16\">\n                    <use xlink:href=\"#icon-check-2\" \/>\n                <\/svg>\n            <\/div>\n            <div class=\"check-list__item__rte\">\n                <p>blood tests (blood count, glucose, fibrinogen (so-called first clotting factor), sodium, potassium, APTT) are necessary before general anaesthesia.<\/p>\n            <\/div>\n        <\/li>\n        <\/ul>\n<\/section>\n\n\n\n<h3 class=\"wp-block-heading\" id=\"wymagania-do-zabiegu-odtworzenia-blony-dziewiczej\">Requirements for hymen restoration surgery<\/h3>\n\n\n\n<p>Before undergoing hymenoplasty, the patient should talk to her gynaecologist about her motivation to undergo this procedure. It is also necessary to assess her general health and intimate health, so a gynaecological examination (it is very important to exclude the presence of vulvovaginal inflammation) and a cytological examination should be performed.<\/p>\n\n\n\n<h3 class=\"wp-block-heading\" id=\"przeciwwskazania-do-zabiegu-hymenoplastyki\">Contraindications to the hymenoplasty procedure<\/h3>\n\n\n\n<p>The hymen restoration procedure must not be performed on pregnant women, menstruating women or cancer patients. Also contraindicated for hymenoplasty are infections in the vulva and vagina, blood clotting disorders and diabetes.<\/p>","protected":false},"excerpt":{"rendered":"<p>Hymenoplastyka to procedura polegaj\u0105ca na zszyciu fa\u0142d\u00f3w pozosta\u0142ych po przerwanej b\u0142onie dziewiczej Hymenoplastyka to procedura polegaj\u0105ca na zszyciu fa\u0142d\u00f3w pozosta\u0142ych po przerwanej b\u0142onie dziewiczej. Zabieg rekonstrukcji b\u0142ony dziewiczej trwa od 20 do 60 minut, i jest przeprowadzany w znieczuleniu miejscowym lub og\u00f3lnym. Czas gojenia trwa 2-3 tygodnie. Wymagania do zabiegu odtworzenia b\u0142ony dziewiczej Przed zabiegiem [&hellip;]<\/p>\n","protected":false},"author":1,"featured_media":3492,"parent":0,"menu_order":0,"comment_status":"closed","ping_status":"closed","template":"","meta":{"_acf_changed":false,"footnotes":""},"class_list":["post-3491","page","type-page","status-publish","has-post-thumbnail","hentry"],"acf":[],"yoast_head":"<!-- This site is optimized with the Yoast SEO plugin v27.2 - https:\/\/yoast.com\/product\/yoast-seo-wordpress\/ -->\n<title>Odtworzenie b\u0142ony dziewiczej (hymenoplastyka)<\/title>\n<meta name=\"robots\" content=\"index, follow, max-snippet:-1, max-image-preview:large, max-video-preview:-1\" \/>\n<meta property=\"og:locale\" content=\"en_GB\" \/>\n<meta property=\"og:type\" content=\"article\" \/>\n<meta property=\"og:title\" content=\"Odtworzenie b\u0142ony dziewiczej (hymenoplastyka)\" \/>\n<meta property=\"og:description\" content=\"Hymenoplastyka to procedura polegaj\u0105ca na zszyciu fa\u0142d\u00f3w pozosta\u0142ych po przerwanej b\u0142onie dziewiczej Hymenoplastyka to procedura polegaj\u0105ca na zszyciu fa\u0142d\u00f3w pozosta\u0142ych po przerwanej b\u0142onie dziewiczej. Zabieg rekonstrukcji b\u0142ony dziewiczej trwa od 20 do 60 minut, i jest przeprowadzany w znieczuleniu miejscowym lub og\u00f3lnym. Czas gojenia trwa 2-3 tygodnie. Wymagania do zabiegu odtworzenia b\u0142ony dziewiczej Przed zabiegiem [&hellip;]\" \/>\n<meta property=\"og:url\" content=\"https:\/\/invimed.pl\/en\/hymenoplasty-restoration\/\" \/>\n<meta property=\"og:site_name\" content=\"Invimed\" \/>\n<meta property=\"article:modified_time\" content=\"2025-08-27T12:08:25+00:00\" \/>\n<meta property=\"og:image\" content=\"https:\/\/invimed.pl\/wp-content\/uploads\/2024\/04\/article-cover-13-png-1.png\" \/>\n\t<meta property=\"og:image:width\" content=\"1440\" \/>\n\t<meta property=\"og:image:height\" content=\"300\" \/>\n\t<meta property=\"og:image:type\" content=\"image\/png\" \/>\n<meta name=\"twitter:card\" content=\"summary_large_image\" \/>\n<meta name=\"twitter:label1\" content=\"Estimated reading time\" \/>\n\t<meta name=\"twitter:data1\" content=\"2 minutes\" \/>\n<!-- \/ Yoast SEO plugin. -->","yoast_head_json":{"title":"Restoration of the hymen (hymenoplasty)","robots":{"index":"index","follow":"follow","max-snippet":"max-snippet:-1","max-image-preview":"max-image-preview:large","max-video-preview":"max-video-preview:-1"},"og_locale":"en_GB","og_type":"article","og_title":"Odtworzenie b\u0142ony dziewiczej (hymenoplastyka)","og_description":"Hymenoplastyka to procedura polegaj\u0105ca na zszyciu fa\u0142d\u00f3w pozosta\u0142ych po przerwanej b\u0142onie dziewiczej Hymenoplastyka to procedura polegaj\u0105ca na zszyciu fa\u0142d\u00f3w pozosta\u0142ych po przerwanej b\u0142onie dziewiczej. Zabieg rekonstrukcji b\u0142ony dziewiczej trwa od 20 do 60 minut, i jest przeprowadzany w znieczuleniu miejscowym lub og\u00f3lnym. Czas gojenia trwa 2-3 tygodnie. Wymagania do zabiegu odtworzenia b\u0142ony dziewiczej Przed zabiegiem [&hellip;]","og_url":"https:\/\/invimed.pl\/en\/hymenoplasty-restoration\/","og_site_name":"Invimed","article_modified_time":"2025-08-27T12:08:25+00:00","og_image":[{"width":1440,"height":300,"url":"https:\/\/invimed.pl\/wp-content\/uploads\/2024\/04\/article-cover-13-png-1.png","type":"image\/png"}],"twitter_card":"summary_large_image","twitter_misc":{"Estimated reading time":"2 minutes"},"schema":{"@context":"https:\/\/schema.org","@graph":[{"@type":"WebPage","@id":"https:\/\/invimed.pl\/odtworzenie-blony-dziewiczej-hymenoplastyka","url":"https:\/\/invimed.pl\/odtworzenie-blony-dziewiczej-hymenoplastyka","name":"Restoration of the hymen (hymenoplasty)","isPartOf":{"@id":"https:\/\/invimed.pl\/#website"},"primaryImageOfPage":{"@id":"https:\/\/invimed.pl\/odtworzenie-blony-dziewiczej-hymenoplastyka#primaryimage"},"image":{"@id":"https:\/\/invimed.pl\/odtworzenie-blony-dziewiczej-hymenoplastyka#primaryimage"},"thumbnailUrl":"https:\/\/invimed.pl\/wp-content\/uploads\/2024\/04\/article-cover-13-png-1.png","datePublished":"2024-04-19T11:33:29+00:00","dateModified":"2025-08-27T12:08:25+00:00","breadcrumb":{"@id":"https:\/\/invimed.pl\/odtworzenie-blony-dziewiczej-hymenoplastyka#breadcrumb"},"inLanguage":"en-GB","potentialAction":[{"@type":"ReadAction","target":["https:\/\/invimed.pl\/odtworzenie-blony-dziewiczej-hymenoplastyka"]}]},{"@type":"ImageObject","inLanguage":"en-GB","@id":"https:\/\/invimed.pl\/odtworzenie-blony-dziewiczej-hymenoplastyka#primaryimage","url":"https:\/\/invimed.pl\/wp-content\/uploads\/2024\/04\/article-cover-13-png-1.png","contentUrl":"https:\/\/invimed.pl\/wp-content\/uploads\/2024\/04\/article-cover-13-png-1.png","width":1440,"height":300},{"@type":"BreadcrumbList","@id":"https:\/\/invimed.pl\/odtworzenie-blony-dziewiczej-hymenoplastyka#breadcrumb","itemListElement":[{"@type":"ListItem","position":1,"name":"Strona g\u0142\u00f3wna","item":"https:\/\/invimed.pl\/"},{"@type":"ListItem","position":2,"name":"Odtworzenie b\u0142ony dziewiczej (hymenoplastyka)"}]},{"@type":"WebSite","@id":"https:\/\/invimed.pl\/#website","url":"https:\/\/invimed.pl\/","name":"Invimed","description":"Our mission is to create a happy family together","potentialAction":[{"@type":"SearchAction","target":{"@type":"EntryPoint","urlTemplate":"https:\/\/invimed.pl\/?s={search_term_string}"},"query-input":{"@type":"PropertyValueSpecification","valueRequired":true,"valueName":"search_term_string"}}],"inLanguage":"en-GB"}]}},"_links":{"self":[{"href":"https:\/\/invimed.pl\/en\/wp-json\/wp\/v2\/pages\/3491","targetHints":{"allow":["GET"]}}],"collection":[{"href":"https:\/\/invimed.pl\/en\/wp-json\/wp\/v2\/pages"}],"about":[{"href":"https:\/\/invimed.pl\/en\/wp-json\/wp\/v2\/types\/page"}],"author":[{"embeddable":true,"href":"https:\/\/invimed.pl\/en\/wp-json\/wp\/v2\/users\/1"}],"replies":[{"embeddable":true,"href":"https:\/\/invimed.pl\/en\/wp-json\/wp\/v2\/comments?post=3491"}],"version-history":[{"count":8,"href":"https:\/\/invimed.pl\/en\/wp-json\/wp\/v2\/pages\/3491\/revisions"}],"predecessor-version":[{"id":270430,"href":"https:\/\/invimed.pl\/en\/wp-json\/wp\/v2\/pages\/3491\/revisions\/270430"}],"wp:featuredmedia":[{"embeddable":true,"href":"https:\/\/invimed.pl\/en\/wp-json\/wp\/v2\/media\/3492"}],"wp:attachment":[{"href":"https:\/\/invimed.pl\/en\/wp-json\/wp\/v2\/media?parent=3491"}],"curies":[{"name":"wp","href":"https:\/\/api.w.org\/{rel}","templated":true}]}}