{"id":3553,"date":"2024-04-19T13:08:56","date_gmt":"2024-04-19T13:08:56","guid":{"rendered":"https:\/\/invimed.pl\/?page_id=3553"},"modified":"2026-03-25T11:51:19","modified_gmt":"2026-03-25T11:51:19","slug":"thyroid-profile","status":"publish","type":"page","link":"https:\/\/invimed.pl\/en\/badania\/profil-tarczycowy","title":{"rendered":"Thyroid profile"},"content":{"rendered":"<h2 class=\"wp-block-heading\" id=\"najwazniejsze-informacje\"><strong>Highlights<\/strong><\/h2>\n\n\n\n<p><\/p>\n\n\n\n<ul class=\"wp-block-list\">\n<li>TSH, FT4, FT3 tests detect thyroid diseases that may prevent pregnancy.<\/li>\n<\/ul>\n\n\n\n<ul class=\"wp-block-list\">\n<li>It is best to take a blood sample for the TSH test in the morning, as hormone levels fluctuate throughout the day.<\/li>\n<\/ul>\n\n\n\n<ul class=\"wp-block-list\">\n<li>The normal TSH level is 0.4-5 mIU\/L - a higher value suggests hypothyroidism, a lower value hyperthyroidism.<\/li>\n<\/ul>\n\n\n\n<ul class=\"wp-block-list\">\n<li>FT3 and FT4 tests can be performed at any time of day without the need to be fasting.<\/li>\n<\/ul>\n\n\n\n<h2 class=\"wp-block-heading\" id=\"choroby-tarczycy-moga-uniemozliwiac-zajscie-w-ciaze\"><strong>Thyroid diseases can prevent pregnancy.<\/strong><\/h2>\n\n\n\n<p>TSH, FT4, FT3 tests are performed to exclude thyroid diseases that prevent pregnancy. The determination of hormone levels is performed from a blood sample.<\/p>\n\n\n\n<h2 class=\"wp-block-heading\" id=\"badanie-tsh\">TSH test<\/h2>\n\n\n\n<p>Thyrotropic hormone (thyrotropin, TSH) is produced by the pituitary gland. By testing its concentration in the blood, it is possible to assess the functioning of the thyroid gland and detect its disorders (hypothyroidism and hyperthyroidism) even before the first symptoms of disease appear. It is best to take a blood sample for the test in the morning, as TSH levels can fluctuate throughout the day. There is no need to prepare for the test, but it is important to inform your doctor of any medication you are taking before the test is carried out, as in some cases it is necessary to stop taking them for a short period of time.<\/p>\n\n\n\n<p>Normal thyrotropin levels range from 0.4 to 5 mIU\/L. Higher levels of thyrotropin hormone suggest hypothyroidism and may also be a symptom of pregnancy. Lower TSH hormone levels indicate hyperthyroidism, and may also be related to medication (e.g. steroid medication), Graves-Basedow disease, excess iodine in the body or the use of excessive doses of thyroid hormone medication.<\/p>\n\n\n\n<p>The result of a thyrotropin level test is not enough to make a diagnosis - fT3 (free triiodothyronine) and fT4 (free thyroxine) are usually also measured.<\/p>\n\n\n\n<h2 class=\"wp-block-heading\" id=\"badanie-ft3\">Testing fT3<\/h2>\n\n\n\n<p>Thyroid conditions can cause a decrease in fertility in women, so when trying fruitlessly to have a baby, it is worth testing thyroid hormone levels. One of these is fT3, or free triiodothyronine. Testing fT3 levels in the blood allows the function of the thyroid gland to be assessed and its diseases to be detected - however, values for other hormones in this group, namely TSH (thyrotropic hormone) and fT4 (free thyroxine), need to be determined to make a diagnosis.<\/p>\n\n\n\n<p>A venous blood sample, taken at any time, is required for the test. The patient does not need to be fasting. A high concentration of free triiodothyronine suggests excessive activity of the thyroid gland (so-called hyperthyroidism), but may also indicate an iodine deficiency in the body. A low fT3 result indicates hypothyroidism, and may also be related to another debilitating disease or past surgery.<\/p>\n\n\n\n<h2 class=\"wp-block-heading\" id=\"badanie-ft4\">Testing fT4<\/h2>\n\n\n\n<p>The proper functioning of the entire organism - including the reproductive system - largely depends on the proper function of the thyroid gland and the amount of hormones it produces. One of these is the hormone fT4 (so-called free thyroxine), which regulates metabolic processes. Testing the fT4 level in the blood serves to assess the functioning of the thyroid gland and to monitor the effectiveness of the treatment carried out when diagnosed with a disease within this organ.<\/p>\n\n\n\n<p>A blood sample for the test can be taken at any time of day, without the need to be fasting. Elevated levels of free thyroxine may indicate hyperthyroidism or an excess of thyroid hormones in the body, resulting from the use of hormone medication. Low values for fT4 as a result of the test indicate hypothyroidism or severe iodine deficiency.<\/p>\n\n\n\n\n\n<ol class=\"wp-block-list\">\n<li>Bednarczuk, T., Mi\u015bkiewicz, P. (2007). Hypothyroidism in pregnancy. Practical Medicine - Endocrinology. Accessed: https:\/\/www.mp.pl\/pacjent\/endokrynologia\/choroby\/79804<\/li>\n\n\n\n<li>Gietka-Czernel, M., Jastrz\u0119bska, H. (2007). The TSH norm - should it be changed? Endocrynologia Polska, 58(5), 454-458. DOI: https:\/\/journals.viamedica.pl\/endokrynologia_polska\/article\/download\/25608\/20431.<\/li>\n\n\n\n<li>Zgliczynski, W. (ed.). (2020). Great Internal Medicine. Endocrinology, Volume I (2nd edition). Warsaw: Medical Tribune Polska, ISBN 978-83-957198-6-8.<\/li>\n<\/ol>","protected":false},"excerpt":{"rendered":"<p>Najwa\u017cniejsze informacje Choroby tarczycy mog\u0105 uniemo\u017cliwia\u0107 zaj\u015bcie w ci\u0105\u017c\u0119. Badania TSH, FT4, FT3 wykonuje si\u0119, by wykluczy\u0107 choroby tarczycy, kt\u00f3re uniemo\u017cliwiaj\u0105 zaj\u015bcie w ci\u0105\u017c\u0119. Oznaczenie poziomu hormon\u00f3w wykonuje si\u0119 z pr\u00f3bki krwi. Badanie TSH Hormon tyreotropowy (tyreotropina, TSH) jest wytwarzany przez przysadk\u0119 m\u00f3zgow\u0105. Badanie jego st\u0119\u017cenia we krwi pozwala na ocen\u0119 funkcjonowania gruczo\u0142u tarczycy i [&hellip;]<\/p>\n","protected":false},"author":1,"featured_media":3554,"parent":847,"menu_order":0,"comment_status":"closed","ping_status":"closed","template":"","meta":{"_acf_changed":false,"footnotes":""},"class_list":["post-3553","page","type-page","status-publish","has-post-thumbnail","hentry"],"acf":[],"yoast_head":"<!-- This site is optimized with the Yoast SEO plugin v27.2 - https:\/\/yoast.com\/product\/yoast-seo-wordpress\/ -->\n<title>Profil tarczycowy, ci\u0105\u017ca: badania TSH, FT4, FT3 ...<\/title>\n<meta name=\"robots\" content=\"index, follow, max-snippet:-1, max-image-preview:large, max-video-preview:-1\" \/>\n<meta property=\"og:locale\" content=\"en_GB\" \/>\n<meta property=\"og:type\" content=\"article\" \/>\n<meta property=\"og:title\" content=\"Profil tarczycowy, ci\u0105\u017ca: badania TSH, FT4, FT3 ...\" \/>\n<meta property=\"og:description\" content=\"Najwa\u017cniejsze informacje Choroby tarczycy mog\u0105 uniemo\u017cliwia\u0107 zaj\u015bcie w ci\u0105\u017c\u0119. Badania TSH, FT4, FT3 wykonuje si\u0119, by wykluczy\u0107 choroby tarczycy, kt\u00f3re uniemo\u017cliwiaj\u0105 zaj\u015bcie w ci\u0105\u017c\u0119. Oznaczenie poziomu hormon\u00f3w wykonuje si\u0119 z pr\u00f3bki krwi. Badanie TSH Hormon tyreotropowy (tyreotropina, TSH) jest wytwarzany przez przysadk\u0119 m\u00f3zgow\u0105. Badanie jego st\u0119\u017cenia we krwi pozwala na ocen\u0119 funkcjonowania gruczo\u0142u tarczycy i [&hellip;]\" \/>\n<meta property=\"og:url\" content=\"https:\/\/invimed.pl\/en\/research\/thyroid-profile\/\" \/>\n<meta property=\"og:site_name\" content=\"Invimed\" \/>\n<meta property=\"article:modified_time\" content=\"2026-03-25T11:51:19+00:00\" \/>\n<meta property=\"og:image\" content=\"https:\/\/invimed.pl\/wp-content\/uploads\/2024\/04\/1440x300-tarczyca-jpg.jpg\" \/>\n\t<meta property=\"og:image:width\" content=\"1440\" \/>\n\t<meta property=\"og:image:height\" content=\"300\" \/>\n\t<meta property=\"og:image:type\" content=\"image\/jpeg\" \/>\n<meta name=\"twitter:card\" content=\"summary_large_image\" \/>\n<meta name=\"twitter:label1\" content=\"Estimated reading time\" \/>\n\t<meta name=\"twitter:data1\" content=\"4 minutes\" \/>\n<!-- \/ Yoast SEO plugin. -->","yoast_head_json":{"title":"Thyroid profile, pregnancy: TSH, FT4, FT3 tests ...","robots":{"index":"index","follow":"follow","max-snippet":"max-snippet:-1","max-image-preview":"max-image-preview:large","max-video-preview":"max-video-preview:-1"},"og_locale":"en_GB","og_type":"article","og_title":"Profil tarczycowy, ci\u0105\u017ca: badania TSH, FT4, FT3 ...","og_description":"Najwa\u017cniejsze informacje Choroby tarczycy mog\u0105 uniemo\u017cliwia\u0107 zaj\u015bcie w ci\u0105\u017c\u0119. Badania TSH, FT4, FT3 wykonuje si\u0119, by wykluczy\u0107 choroby tarczycy, kt\u00f3re uniemo\u017cliwiaj\u0105 zaj\u015bcie w ci\u0105\u017c\u0119. Oznaczenie poziomu hormon\u00f3w wykonuje si\u0119 z pr\u00f3bki krwi. Badanie TSH Hormon tyreotropowy (tyreotropina, TSH) jest wytwarzany przez przysadk\u0119 m\u00f3zgow\u0105. Badanie jego st\u0119\u017cenia we krwi pozwala na ocen\u0119 funkcjonowania gruczo\u0142u tarczycy i [&hellip;]","og_url":"https:\/\/invimed.pl\/en\/research\/thyroid-profile\/","og_site_name":"Invimed","article_modified_time":"2026-03-25T11:51:19+00:00","og_image":[{"width":1440,"height":300,"url":"https:\/\/invimed.pl\/wp-content\/uploads\/2024\/04\/1440x300-tarczyca-jpg.jpg","type":"image\/jpeg"}],"twitter_card":"summary_large_image","twitter_misc":{"Estimated reading time":"4 minutes"},"schema":{"@context":"https:\/\/schema.org","@graph":[{"@type":"WebPage","@id":"https:\/\/invimed.pl\/badania\/profil-tarczycowy","url":"https:\/\/invimed.pl\/badania\/profil-tarczycowy","name":"Thyroid profile, pregnancy: TSH, FT4, FT3 tests ...","isPartOf":{"@id":"https:\/\/invimed.pl\/#website"},"primaryImageOfPage":{"@id":"https:\/\/invimed.pl\/badania\/profil-tarczycowy#primaryimage"},"image":{"@id":"https:\/\/invimed.pl\/badania\/profil-tarczycowy#primaryimage"},"thumbnailUrl":"https:\/\/invimed.pl\/wp-content\/uploads\/2024\/04\/1440x300-tarczyca-jpg.jpg","datePublished":"2024-04-19T13:08:56+00:00","dateModified":"2026-03-25T11:51:19+00:00","breadcrumb":{"@id":"https:\/\/invimed.pl\/badania\/profil-tarczycowy#breadcrumb"},"inLanguage":"en-GB","potentialAction":[{"@type":"ReadAction","target":["https:\/\/invimed.pl\/badania\/profil-tarczycowy"]}]},{"@type":"ImageObject","inLanguage":"en-GB","@id":"https:\/\/invimed.pl\/badania\/profil-tarczycowy#primaryimage","url":"https:\/\/invimed.pl\/wp-content\/uploads\/2024\/04\/1440x300-tarczyca-jpg.jpg","contentUrl":"https:\/\/invimed.pl\/wp-content\/uploads\/2024\/04\/1440x300-tarczyca-jpg.jpg","width":1440,"height":300},{"@type":"BreadcrumbList","@id":"https:\/\/invimed.pl\/badania\/profil-tarczycowy#breadcrumb","itemListElement":[{"@type":"ListItem","position":1,"name":"Strona g\u0142\u00f3wna","item":"https:\/\/invimed.pl\/"},{"@type":"ListItem","position":2,"name":"Badania","item":"https:\/\/invimed.pl\/badania"},{"@type":"ListItem","position":3,"name":"Profil tarczycowy"}]},{"@type":"WebSite","@id":"https:\/\/invimed.pl\/#website","url":"https:\/\/invimed.pl\/","name":"Invimed","description":"Our mission is to create a happy family together","potentialAction":[{"@type":"SearchAction","target":{"@type":"EntryPoint","urlTemplate":"https:\/\/invimed.pl\/?s={search_term_string}"},"query-input":{"@type":"PropertyValueSpecification","valueRequired":true,"valueName":"search_term_string"}}],"inLanguage":"en-GB"}]}},"_links":{"self":[{"href":"https:\/\/invimed.pl\/en\/wp-json\/wp\/v2\/pages\/3553","targetHints":{"allow":["GET"]}}],"collection":[{"href":"https:\/\/invimed.pl\/en\/wp-json\/wp\/v2\/pages"}],"about":[{"href":"https:\/\/invimed.pl\/en\/wp-json\/wp\/v2\/types\/page"}],"author":[{"embeddable":true,"href":"https:\/\/invimed.pl\/en\/wp-json\/wp\/v2\/users\/1"}],"replies":[{"embeddable":true,"href":"https:\/\/invimed.pl\/en\/wp-json\/wp\/v2\/comments?post=3553"}],"version-history":[{"count":8,"href":"https:\/\/invimed.pl\/en\/wp-json\/wp\/v2\/pages\/3553\/revisions"}],"predecessor-version":[{"id":272325,"href":"https:\/\/invimed.pl\/en\/wp-json\/wp\/v2\/pages\/3553\/revisions\/272325"}],"up":[{"embeddable":true,"href":"https:\/\/invimed.pl\/en\/wp-json\/wp\/v2\/pages\/847"}],"wp:featuredmedia":[{"embeddable":true,"href":"https:\/\/invimed.pl\/en\/wp-json\/wp\/v2\/media\/3554"}],"wp:attachment":[{"href":"https:\/\/invimed.pl\/en\/wp-json\/wp\/v2\/media?parent=3553"}],"curies":[{"name":"wp","href":"https:\/\/api.w.org\/{rel}","templated":true}]}}