{"id":41,"date":"2023-11-29T10:01:25","date_gmt":"2023-11-29T10:01:25","guid":{"rendered":"https:\/\/invimed.pl\/?page_id=41"},"modified":"2026-03-26T14:43:08","modified_gmt":"2026-03-26T14:43:08","slug":"treatment-of-infertility","status":"publish","type":"page","link":"https:\/\/invimed.pl\/en\/leczenie-nieplodnosci","title":{"rendered":"I am looking for a treatment method"},"content":{"rendered":"<h2 class=\"wp-block-heading\" id=\"najwazniejsze-informacje\"><strong>Highlights<\/strong><\/h2>\n\n\n\n<p><\/p>\n\n\n\n<ul class=\"wp-block-list\">\n<li>Infertility treatment should be started immediately after diagnosis, as the chances of pregnancy decrease with time.<\/li>\n<\/ul>\n\n\n\n<ul class=\"wp-block-list\">\n<li>The choice of treatment method should be entrusted to the experts at the infertility clinic after a detailed diagnosis.<\/li>\n<\/ul>\n\n\n\n<ul class=\"wp-block-list\">\n<li><a href=\"https:\/\/invimed.pl\/en\/in-vitro\/\" type=\"link\" id=\"https:\/\/invimed.pl\/in-vitro\">In vitro<\/a> requires documentation of a minimum of one year's history of treatment with methods other than in vitro fertilisation.<\/li>\n<\/ul>\n\n\n\n<p><\/p>\n\n\n\n<ul class=\"wp-block-list\">\n<li><a href=\"https:\/\/invimed.pl\/en\/blog\/how-in-vitro-with-donor-egg-goes\/\" type=\"blog\" id=\"247433\">In vitro with donor cells<\/a> and <a href=\"https:\/\/invimed.pl\/en\/embryo-adoption\/\" type=\"page\" id=\"270712\">embryo adoption <\/a>require specific confirmation in the couple's treatment history.<\/li>\n<\/ul>\n\n\n<section class=\"columns-slider block_a4297e0020255a5219a39b0031d76382 wp-embed-aspect-16-9 wp-has-aspect-ratio\">\n        \t    <div class=\"columns-slider__container\">\n        <div class=\"columns-slider__wrapper\">\n            <div class=\"splide js-columns-slider\">\n                <div class=\"splide__track\">\n                    <div class=\"splide__list\">\n                                            <div class=\"splide__slide columns-slider__item\">\n                            <div class=\"position-relative text-center item__wrapper\">\n                                                            <a class=\"position-absolute top-0 left-0 w-100 h-100 item__link\" href=\"https:\/\/invimed.pl\/en\/co-to-jest-inseminacja\/\" target=\"_self\"><\/a>\n                            <\/a>\n                                                                                        <figure class=\"item__icon\">\n                                    <svg xmlns=\"http:\/\/www.w3.org\/2000\/svg\" xmlns:xlink=\"http:\/\/www.w3.org\/1999\/xlink\" version=\"1.1\" id=\"Warstwa_1\" x=\"0px\" y=\"0px\" viewbox=\"0 0 56 56\" style=\"enable-background:new 0 0 56 56;\" xml:space=\"preserve\"> <style type=\"text\/css\"> .st0{clip-path:url(#SVGID_00000004546715375453611240000000765728770344764565_);fill:#008540;} .st1{fill:none;stroke:#FFFFFF;stroke-linecap:round;stroke-linejoin:round;stroke-miterlimit:10;} <\/style> <g> <g> <g> <g> <defs> <rect id=\"SVGID_1_\" width=\"56\" height=\"56\"><\/rect> <\/defs> <clippath id=\"SVGID_00000159442756184363609300000011238304968455519382_\"> <use xlink:href=\"#SVGID_1_\" style=\"overflow:visible;\"><\/use> <\/clippath> <path style=\"clip-path:url(#SVGID_00000159442756184363609300000011238304968455519382_);fill:#008540;\" d=\"M28,56 c15.5,0,28-12.5,28-28S43.5,0,28,0S0,12.5,0,28S12.5,56,28,56\"><\/path> <\/g> <\/g> <\/g> <\/g> <line class=\"st1\" x1=\"34.1\" y1=\"25.2\" x2=\"36.4\" y2=\"25.2\"><\/line> <line class=\"st1\" x1=\"34.1\" y1=\"20.9\" x2=\"36.4\" y2=\"20.9\"><\/line> <line class=\"st1\" x1=\"34.1\" y1=\"16.6\" x2=\"36.4\" y2=\"16.6\"><\/line> <line class=\"st1\" x1=\"19.6\" y1=\"25.2\" x2=\"21.7\" y2=\"25.2\"><\/line> <polygon class=\"st1\" points=\"36.8,27.4 36.8,12.3 30.3,12.3 30.3,27.4 23.9,40.3 43.2,40.3 \"><\/polygon> <path class=\"st1\" d=\"M21.9,36.9c0,1.9-1.5,3.4-3.4,3.4s-3.4-1.5-3.4-3.4v-3.4V20.9h6.7v12.6v3.4H21.9z\"><\/path> <\/svg>                                <\/figure>\n                                                                                        <h3 class=\"item__heading\">\n                                    Insemination                                <\/h3>\n                                                                                        <p class=\"py-0\">A simple and painless procedure  <\/p>\n                                                        <\/div>\n                        <\/div>\n                                            <div class=\"splide__slide columns-slider__item\">\n                            <div class=\"position-relative text-center item__wrapper\">\n                                                            <a class=\"position-absolute top-0 left-0 w-100 h-100 item__link\" href=\"https:\/\/invimed.pl\/en\/diagnostics\/in-vitro\/\" target=\"_self\"><\/a>\n                            <\/a>\n                                                                                        <figure class=\"item__icon\">\n                                    <img loading=\"lazy\" decoding=\"async\" width=\"55\" height=\"55\" src=\"https:\/\/invimed.pl\/wp-content\/uploads\/2024\/04\/ikona18-2.png\" class=\"attachment-columns-slider-icon size-columns-slider-icon\" alt=\"\" srcset=\"https:\/\/invimed.pl\/wp-content\/uploads\/2024\/04\/ikona18-2.png 56w, https:\/\/invimed.pl\/wp-content\/uploads\/2024\/04\/ikona18-2-42x42.png 42w, https:\/\/invimed.pl\/wp-content\/uploads\/2024\/04\/ikona18-2-24x24.png 24w, https:\/\/invimed.pl\/wp-content\/uploads\/2024\/04\/ikona18-2-45x45.png 45w\" sizes=\"auto, (max-width: 55px) 100vw, 55px\" \/>                                <\/figure>\n                                                                                        <h3 class=\"item__heading\">\n                                    In vitro                                <\/h3>\n                                                                                        <p class=\"py-0\">In vitro fertilisation        <\/p>\n                                                        <\/div>\n                        <\/div>\n                                            <div class=\"splide__slide columns-slider__item\">\n                            <div class=\"position-relative text-center item__wrapper\">\n                                                            <a class=\"position-absolute top-0 left-0 w-100 h-100 item__link\" href=\"https:\/\/invimed.pl\/en\/treatment-of-infertility\/oocyte-adoption\/\" target=\"_blank\" rel=\"noopener noreferrer\"><\/a>\n                            <\/a>\n                                                                                        <figure class=\"item__icon\">\n                                    <img loading=\"lazy\" decoding=\"async\" width=\"55\" height=\"55\" src=\"https:\/\/invimed.pl\/wp-content\/uploads\/2024\/04\/ikona9-2.png\" class=\"attachment-columns-slider-icon size-columns-slider-icon\" alt=\"\" srcset=\"https:\/\/invimed.pl\/wp-content\/uploads\/2024\/04\/ikona9-2.png 56w, https:\/\/invimed.pl\/wp-content\/uploads\/2024\/04\/ikona9-2-42x42.png 42w, https:\/\/invimed.pl\/wp-content\/uploads\/2024\/04\/ikona9-2-24x24.png 24w, https:\/\/invimed.pl\/wp-content\/uploads\/2024\/04\/ikona9-2-45x45.png 45w\" sizes=\"auto, (max-width: 55px) 100vw, 55px\" \/>                                <\/figure>\n                                                                                        <h3 class=\"item__heading\">\n                                    In vitro with donor egg cells                                <\/h3>\n                                                                                        <p class=\"py-0\">Guaranteed egg cell adoption programme         <\/p>\n                                                        <\/div>\n                        <\/div>\n                                        <\/div>\n                <\/div>\n                            <div class=\"d-lg-none splide__arrows\">\n                    <button class=\"splide__arrow splide__arrow--prev\">\n                        <svg width=\"18\" height=\"18\" viewbox=\"0 0 18 18\" fill=\"none\" xmlns=\"http:\/\/www.w3.org\/2000\/svg\">\n                            <path d=\"M6.21838 1.06069L14.5662 8.82302L6.21838 16.5854\" stroke=\"#89939E\" stroke-width=\"1.8\" stroke-linecap=\"round\" stroke-linejoin=\"round\"\/>\n                        <\/svg>\n                    <\/button>\n                    <button class=\"splide__arrow splide__arrow--next\">\n                        <svg width=\"18\" height=\"18\" viewbox=\"0 0 18 18\" fill=\"none\" xmlns=\"http:\/\/www.w3.org\/2000\/svg\">\n                            <path d=\"M6.21838 1.06069L14.5662 8.82302L6.21838 16.5854\" stroke=\"#89939E\" stroke-width=\"1.8\" stroke-linecap=\"round\" stroke-linejoin=\"round\"\/>\n                        <\/svg>\n                    <\/button>\n                <\/div>\n                                    <\/div>\n        <\/div>\n    <\/div>\n<\/section>\n\n\n\n<h2 class=\"wp-block-heading wp-embed-aspect-16-9 wp-has-aspect-ratio\" id=\"jaka-metoda-leczenia-bedzie-najlepsza\">Which treatment method would be best?<\/h2>\n\n\n\n<p><\/p>\n\n\n\n<p>The treatment of infertility is a very difficult subject and subject to many regulations and recommendations by scientific societies. That is why it is worth entrusting the choice of method to the experts at <a href=\"https:\/\/invimed.pl\/en\/clinics\/\" type=\"link\" id=\"https:\/\/invimed.pl\/kliniki\">infertility clinics<\/a>. After analysing the investigations to date, deepening the diagnosis and establishing a diagnosis, they know what treatment path to take in a particular case.\u00a0<\/p>\n\n\n\n<p>To <a href=\"https:\/\/invimed.pl\/en\/treatment-of-infertility\/insemination\/\" type=\"page\" id=\"2574\">insemination<\/a> has a chance of being effective, specific eligibility criteria for this treatment must be met. <a href=\"https:\/\/invimed.pl\/en\/in-vitro\/\" type=\"link\" id=\"https:\/\/invimed.pl\/in-vitro\">In vitro<\/a> is subject to even greater statutory safeguards because, if there is no direct indication for the procedure, at least one year's history of treatment with methods other than in vitro fertilisation must be documented.\u00a0<\/p>\n\n\n\n<p><a href=\"https:\/\/invimed.pl\/en\/blog\/how-in-vitro-with-donor-egg-goes\/\" type=\"blog\" id=\"247433\">In vitro with donor egg cells<\/a> just as<a href=\"https:\/\/invimed.pl\/en\/treatment-of-infertility\/in-vitro\/\" type=\"page\" id=\"270002\"> in vitro<\/a> with donor semen or a procedure with<a href=\"https:\/\/invimed.pl\/en\/embryo-adoption\/\" type=\"page\" id=\"270712\"> embryo adoption<\/a> also requires specific confirmation in the couple's treatment history.<\/p>\n\n\n\n<figure class=\"wp-block-embed is-type-video is-provider-youtube wp-block-embed-youtube wp-embed-aspect-16-9 wp-has-aspect-ratio\"><div class=\"wp-block-embed__wrapper\">\n<iframe loading=\"lazy\" title=\"InviMed. We are proud of our patients\" width=\"500\" height=\"281\" src=\"https:\/\/www.youtube.com\/embed\/JuDJs2La7rM?feature=oembed\" frameborder=\"0\" allow=\"accelerometer; autoplay; clipboard-write; encrypted-media; gyroscope; picture-in-picture; web-share\" referrerpolicy=\"strict-origin-when-cross-origin\" allowfullscreen><\/iframe>\n<\/div><\/figure>\n\n\n\n<h2 class=\"wp-block-heading\" id=\"najczesciej-zadawane-pytania-faq\"><strong>Frequently asked questions - FAQ<\/strong><\/h2>\n\n\n\n<div class=\"schema-faq wp-block-yoast-faq-block\"><div class=\"schema-faq-section\" id=\"faq-question-1773065693217\"><strong class=\"schema-faq-question\"><strong>How much does infertility treatment cost and is it reimbursed by the National Health Service?<\/strong><br\/><br\/><\/strong> <p class=\"schema-faq-answer\">The NHF reimburses selected infertility treatments for couples meeting certain age and medical criteria.<br\/><br\/><\/p> <\/div> <div class=\"schema-faq-section\" id=\"faq-question-1773065737965\"><strong class=\"schema-faq-question\"><strong>Can infertility treatment be combined with natural supportive methods?<\/strong><br\/><br\/><\/strong> <p class=\"schema-faq-answer\">Yes, many couples supplement medical treatment with lifestyle changes, supplementation or acupuncture. However, it is important that all additional methods are consulted with the treating physician, as some supplements may affect the effectiveness of the hormones used in therapy.<br\/><br\/><\/p> <\/div> <div class=\"schema-faq-section\" id=\"faq-question-1773065824567\"><strong class=\"schema-faq-question\"><strong>What to do when the first attempt at infertility treatment has failed?<\/strong><br\/><br\/><\/strong> <p class=\"schema-faq-answer\">After an unsuccessful attempt, the doctor analyses the course of treatment and may suggest a modification of the protocol or another method. Often a break is necessary between cycles, during which it is useful to take care of your mental and physical condition. It is important not to give up after the first unsuccessful attempt.<br\/><br\/><\/p> <\/div> <\/div>\n\n\n\n<p>Author's bibliography:<\/p>\n\n\n\n<ol class=\"wp-block-list\">\n<li>\u0141ukaszuk, K., Kozio\u0142, K., Jakiel, G., Jakimiuk, A., J\u0119drzejczak, P., Kuczy\u0144ski, W., Kurzawa, R., Pawelczyk, L., Radwan, M., Spaczy\u0144ski, R., Wielgo\u015b, M., &amp; Wo\u0142czy\u0144ski, S. (2018). Diagnosis and treatment of infertility - recommendations of the Polish Society of Reproductive Medicine and Embryology (PTMRiE) and the Polish Society of Gynaecologists and Obstetricians (PTGP). Gynaecology and Practical Perinatology, 3(3), 112-140.<\/li>\n\n\n\n<li>Act of 25 June 2015 on infertility treatment (Journal of Laws 2015, item 1087, as amended).<\/li>\n\n\n\n<li>ESHRE Capri Workshop Group. (2009). Intrauterine insemination. Human Reproduction Update, 15(3), 265-277. https:\/\/doi.org\/10.1093\/humupd\/dmp003<\/li>\n<\/ol>","protected":false},"excerpt":{"rendered":"<p>Najwa\u017cniejsze informacje Jaka metoda leczenia b\u0119dzie najlepsza? Leczenie niep\u0142odno\u015bci jest tematem bardzo trudnym i obwarowanym wieloma przepisami i rekomendacjami towarzystw naukowych. Dlatego wyb\u00f3r metody warto powierzy\u0107 ekspertom z kliniki leczenia niep\u0142odno\u015bci. Po przeanalizowaniu dotychczasowych bada\u0144, pog\u0142\u0119bieniu diagnostyki i ustaleniu diagnozy, wiedz\u0105 jak\u0105 \u015bcie\u017ck\u0119 leczenia obra\u0107 w konkretnym przypadku.\u00a0 Aby inseminacja mia\u0142a szans\u0119 by\u0107 skuteczna, nale\u017cy [&hellip;]<\/p>\n","protected":false},"author":2,"featured_media":258675,"parent":0,"menu_order":1,"comment_status":"closed","ping_status":"closed","template":"","meta":{"_acf_changed":false,"footnotes":""},"class_list":["post-41","page","type-page","status-publish","has-post-thumbnail","hentry"],"acf":[],"yoast_head":"<!-- This site is optimized with the Yoast SEO plugin v27.2 - https:\/\/yoast.com\/product\/yoast-seo-wordpress\/ -->\n<title>Metody leczenia niep\u0142odno\u015bci: in vitro, inseminacja - Invimed<\/title>\n<meta name=\"description\" content=\"Metod leczenia niep\u0142odno\u015bci przy wsparciu technik wspomaganego rozrodu jest kilka. Najlepsz\u0105 dobierze lekarz z kliniki leczenia niep\u0142odno\u015bci.\" \/>\n<meta name=\"robots\" content=\"index, follow, max-snippet:-1, max-image-preview:large, max-video-preview:-1\" \/>\n<meta property=\"og:locale\" content=\"en_GB\" \/>\n<meta property=\"og:type\" content=\"article\" \/>\n<meta property=\"og:title\" content=\"Metody leczenia niep\u0142odno\u015bci: in vitro, inseminacja - Invimed\" \/>\n<meta property=\"og:description\" content=\"Metod leczenia niep\u0142odno\u015bci przy wsparciu technik wspomaganego rozrodu jest kilka. Najlepsz\u0105 dobierze lekarz z kliniki leczenia niep\u0142odno\u015bci.\" \/>\n<meta property=\"og:url\" content=\"https:\/\/invimed.pl\/en\/treatment-of-infertility\/\" \/>\n<meta property=\"og:site_name\" content=\"Invimed\" \/>\n<meta property=\"article:modified_time\" content=\"2026-03-26T14:43:08+00:00\" \/>\n<meta property=\"og:image\" content=\"https:\/\/invimed.pl\/wp-content\/uploads\/2024\/07\/leczenie-nieplodnosci.jpg\" \/>\n\t<meta property=\"og:image:width\" content=\"1440\" \/>\n\t<meta property=\"og:image:height\" content=\"300\" \/>\n\t<meta property=\"og:image:type\" content=\"image\/jpeg\" \/>\n<meta name=\"twitter:card\" content=\"summary_large_image\" \/>\n<meta name=\"twitter:label1\" content=\"Estimated reading time\" \/>\n\t<meta name=\"twitter:data1\" content=\"3 minutes\" \/>\n<!-- \/ Yoast SEO plugin. -->","yoast_head_json":{"title":"Infertility treatment methods: in vitro, insemination - Invimed","description":"There are several methods of treating infertility with the support of assisted reproduction techniques. The best one will be chosen by a doctor from an infertility clinic.","robots":{"index":"index","follow":"follow","max-snippet":"max-snippet:-1","max-image-preview":"max-image-preview:large","max-video-preview":"max-video-preview:-1"},"og_locale":"en_GB","og_type":"article","og_title":"Metody leczenia niep\u0142odno\u015bci: in vitro, inseminacja - Invimed","og_description":"Metod leczenia niep\u0142odno\u015bci przy wsparciu technik wspomaganego rozrodu jest kilka. Najlepsz\u0105 dobierze lekarz z kliniki leczenia niep\u0142odno\u015bci.","og_url":"https:\/\/invimed.pl\/en\/treatment-of-infertility\/","og_site_name":"Invimed","article_modified_time":"2026-03-26T14:43:08+00:00","og_image":[{"width":1440,"height":300,"url":"https:\/\/invimed.pl\/wp-content\/uploads\/2024\/07\/leczenie-nieplodnosci.jpg","type":"image\/jpeg"}],"twitter_card":"summary_large_image","twitter_misc":{"Estimated reading time":"3 minutes"},"schema":{"@context":"https:\/\/schema.org","@graph":[{"@type":["WebPage","FAQPage"],"@id":"https:\/\/invimed.pl\/leczenie-nieplodnosci","url":"https:\/\/invimed.pl\/leczenie-nieplodnosci","name":"Infertility treatment methods: in vitro, insemination - Invimed","isPartOf":{"@id":"https:\/\/invimed.pl\/#website"},"primaryImageOfPage":{"@id":"https:\/\/invimed.pl\/leczenie-nieplodnosci#primaryimage"},"image":{"@id":"https:\/\/invimed.pl\/leczenie-nieplodnosci#primaryimage"},"thumbnailUrl":"https:\/\/invimed.pl\/wp-content\/uploads\/2024\/07\/leczenie-nieplodnosci.jpg","datePublished":"2023-11-29T10:01:25+00:00","dateModified":"2026-03-26T14:43:08+00:00","description":"There are several methods of treating infertility with the support of assisted reproduction techniques. The best one will be chosen by a doctor from an infertility clinic.","breadcrumb":{"@id":"https:\/\/invimed.pl\/leczenie-nieplodnosci#breadcrumb"},"mainEntity":[{"@id":"https:\/\/invimed.pl\/leczenie-nieplodnosci#faq-question-1773065693217"},{"@id":"https:\/\/invimed.pl\/leczenie-nieplodnosci#faq-question-1773065737965"},{"@id":"https:\/\/invimed.pl\/leczenie-nieplodnosci#faq-question-1773065824567"}],"inLanguage":"en-GB","potentialAction":[{"@type":"ReadAction","target":["https:\/\/invimed.pl\/leczenie-nieplodnosci"]}]},{"@type":"ImageObject","inLanguage":"en-GB","@id":"https:\/\/invimed.pl\/leczenie-nieplodnosci#primaryimage","url":"https:\/\/invimed.pl\/wp-content\/uploads\/2024\/07\/leczenie-nieplodnosci.jpg","contentUrl":"https:\/\/invimed.pl\/wp-content\/uploads\/2024\/07\/leczenie-nieplodnosci.jpg","width":1440,"height":300,"caption":"Leczenie niep\u0142odno\u015bci"},{"@type":"BreadcrumbList","@id":"https:\/\/invimed.pl\/leczenie-nieplodnosci#breadcrumb","itemListElement":[{"@type":"ListItem","position":1,"name":"Strona g\u0142\u00f3wna","item":"https:\/\/invimed.pl\/"},{"@type":"ListItem","position":2,"name":"Szukam metody leczenia"}]},{"@type":"WebSite","@id":"https:\/\/invimed.pl\/#website","url":"https:\/\/invimed.pl\/","name":"Invimed","description":"Our mission is to create a happy family together","potentialAction":[{"@type":"SearchAction","target":{"@type":"EntryPoint","urlTemplate":"https:\/\/invimed.pl\/?s={search_term_string}"},"query-input":{"@type":"PropertyValueSpecification","valueRequired":true,"valueName":"search_term_string"}}],"inLanguage":"en-GB"},{"@type":"Question","@id":"https:\/\/invimed.pl\/leczenie-nieplodnosci#faq-question-1773065693217","position":1,"url":"https:\/\/invimed.pl\/leczenie-nieplodnosci#faq-question-1773065693217","name":"How much does infertility treatment cost and is it reimbursed by the National Health Service?","answerCount":1,"acceptedAnswer":{"@type":"Answer","text":"NFZ refunduje wybrane metody leczenia niep\u0142odno\u015bci dla par spe\u0142niaj\u0105cych okre\u015blone kryteria wiekowe i medyczne.<br\/><br\/>","inLanguage":"en-GB"},"inLanguage":"en-GB"},{"@type":"Question","@id":"https:\/\/invimed.pl\/leczenie-nieplodnosci#faq-question-1773065737965","position":2,"url":"https:\/\/invimed.pl\/leczenie-nieplodnosci#faq-question-1773065737965","name":"Can infertility treatment be combined with natural supportive methods?","answerCount":1,"acceptedAnswer":{"@type":"Answer","text":"Tak, wiele par uzupe\u0142nia leczenie medyczne zmianami stylu \u017cycia, suplementacj\u0105 czy akupunktur\u0105. Wa\u017cne jest jednak, aby wszystkie dodatkowe metody skonsultowa\u0107 z lekarzem prowadz\u0105cym, poniewa\u017c niekt\u00f3re suplementy mog\u0105 wp\u0142ywa\u0107 na skuteczno\u015b\u0107 hormon\u00f3w u\u017cywanych w terapii.<br\/><br\/>","inLanguage":"en-GB"},"inLanguage":"en-GB"},{"@type":"Question","@id":"https:\/\/invimed.pl\/leczenie-nieplodnosci#faq-question-1773065824567","position":3,"url":"https:\/\/invimed.pl\/leczenie-nieplodnosci#faq-question-1773065824567","name":"What to do when the first attempt at infertility treatment has failed?","answerCount":1,"acceptedAnswer":{"@type":"Answer","text":"Po nieudanej pr\u00f3bie lekarz analizuje przebieg leczenia i mo\u017ce zaproponowa\u0107 modyfikacj\u0119 protoko\u0142u lub inn\u0105 metod\u0119. Cz\u0119sto konieczna jest przerwa mi\u0119dzy cyklami, podczas kt\u00f3rej warto zadba\u0107 o kondycj\u0119 psychiczn\u0105 i fizyczn\u0105. Wa\u017cne jest nie poddawanie si\u0119 po pierwszej nieudanej pr\u00f3bie.<br\/><br\/>","inLanguage":"en-GB"},"inLanguage":"en-GB"}]}},"_links":{"self":[{"href":"https:\/\/invimed.pl\/en\/wp-json\/wp\/v2\/pages\/41","targetHints":{"allow":["GET"]}}],"collection":[{"href":"https:\/\/invimed.pl\/en\/wp-json\/wp\/v2\/pages"}],"about":[{"href":"https:\/\/invimed.pl\/en\/wp-json\/wp\/v2\/types\/page"}],"author":[{"embeddable":true,"href":"https:\/\/invimed.pl\/en\/wp-json\/wp\/v2\/users\/2"}],"replies":[{"embeddable":true,"href":"https:\/\/invimed.pl\/en\/wp-json\/wp\/v2\/comments?post=41"}],"version-history":[{"count":33,"href":"https:\/\/invimed.pl\/en\/wp-json\/wp\/v2\/pages\/41\/revisions"}],"predecessor-version":[{"id":272383,"href":"https:\/\/invimed.pl\/en\/wp-json\/wp\/v2\/pages\/41\/revisions\/272383"}],"wp:featuredmedia":[{"embeddable":true,"href":"https:\/\/invimed.pl\/en\/wp-json\/wp\/v2\/media\/258675"}],"wp:attachment":[{"href":"https:\/\/invimed.pl\/en\/wp-json\/wp\/v2\/media?parent=41"}],"curies":[{"name":"wp","href":"https:\/\/api.w.org\/{rel}","templated":true}]}}