{"id":5211,"date":"2024-04-25T09:13:34","date_gmt":"2024-04-25T09:13:34","guid":{"rendered":"http:\/\/invimed.pl\/?page_id=5211"},"modified":"2026-03-17T09:57:53","modified_gmt":"2026-03-17T09:57:53","slug":"seeking-a-diagnosis","status":"publish","type":"page","link":"https:\/\/invimed.pl\/en\/szukam-diagnozy","title":{"rendered":"I am looking for a diagnosis"},"content":{"rendered":"<p class=\"has-text-align-left\">When efforts to have a baby take a long time and are unsuccessful, it is worth looking for the cause of this condition. A correct diagnosis is the first step towards effective treatment. If you are looking for a diagnosis because you have not been able to get pregnant for a long time, make an appointment for an initial infertility consultation at Invimed. Come to it for the two of you, because infertility is always about the couple.<\/p>\n\n\n\n<p><strong>Infertility diagnosis includes both partners<\/strong><\/p>\n\n\n\n<p>Fertility tests should benefit not only the woman, but also her partner, as infertility is a common problem of the couple and a reduction in reproductive capacity affects both sexes to the same extent (moreover, it happens that a decrease in fertility occurs simultaneously in both partners).<\/p>\n\n\n\n<p>Full diagnostics of both partners is important already at the stage of choosing the right treatment path. For example, without knowledge of the sperm parameters of the Patient, the doctor should not undertake treatment of such a couple. Infertility treatment without the diagnosis of the man will not only make no sense, but may also negatively affect the health and life of the Patient.&nbsp;<\/p>\n\n\n\n<section class=\"cta-3\">\n\t\t<div class=\"container cta-3__container\">\n\t\t<div class=\"position-relative cta-3__wrapper\">\n\t\t            <a\n            class=\"cta-3__link\"\n            href=\"https:\/\/invimed.pl\/en\/causes-of-infertility\/\"\n            target=\"_self\"\n            aria-label=\"cta-3\"\n            >\n            <\/a>\n                            <figure class=\"cta-3__image\">\n                <img loading=\"lazy\" decoding=\"async\" width=\"56\" height=\"56\" src=\"https:\/\/invimed.pl\/wp-content\/uploads\/2024\/06\/ikona-31.png\" class=\"attachment-cta-3-image size-cta-3-image\" alt=\"Clover\" srcset=\"https:\/\/invimed.pl\/wp-content\/uploads\/2024\/06\/ikona-31.png 56w, https:\/\/invimed.pl\/wp-content\/uploads\/2024\/06\/ikona-31-42x42.png 42w, https:\/\/invimed.pl\/wp-content\/uploads\/2024\/06\/ikona-31-24x24.png 24w, https:\/\/invimed.pl\/wp-content\/uploads\/2024\/06\/ikona-31-45x45.png 45w\" sizes=\"auto, (max-width: 56px) 100vw, 56px\" \/>            <\/figure>\n                    <div class=\"acf-innerblocks-container\">\n\n<h2 class=\"wp-block-heading\" id=\"najczestsze-przyczyny-nieplodnosci\">The most common causes of infertility<\/h2>\n\n<\/div>\n                    <figure class=\"cta-3__image cta-3__image--desktop\">\n                <img loading=\"lazy\" decoding=\"async\" width=\"56\" height=\"56\" src=\"https:\/\/invimed.pl\/wp-content\/uploads\/2024\/06\/ikona-31.png\" class=\"attachment-cta-3-image size-cta-3-image\" alt=\"Clover\" srcset=\"https:\/\/invimed.pl\/wp-content\/uploads\/2024\/06\/ikona-31.png 56w, https:\/\/invimed.pl\/wp-content\/uploads\/2024\/06\/ikona-31-42x42.png 42w, https:\/\/invimed.pl\/wp-content\/uploads\/2024\/06\/ikona-31-24x24.png 24w, https:\/\/invimed.pl\/wp-content\/uploads\/2024\/06\/ikona-31-45x45.png 45w\" sizes=\"auto, (max-width: 56px) 100vw, 56px\" \/>            <\/figure>\n                            <a class=\"cta-3__link cta-3__link--mobile\" href=\"https:\/\/invimed.pl\/en\/causes-of-infertility\/\" target=\"_self\" aria-label=\"Causes of infertility\">\n                Causes of infertility            <\/a>\n        \t\t<\/div>\n\t<\/div>\n<\/section>\n\n\n\n<section class=\"cta-3\">\n\t\t<div class=\"container cta-3__container\">\n\t\t<div class=\"position-relative cta-3__wrapper\">\n\t\t            <a\n            class=\"cta-3__link\"\n            href=\"https:\/\/invimed.pl\/en\/diagnosis-of-infertility\/\"\n            target=\"_self\"\n            aria-label=\"cta-3\"\n            >\n            <\/a>\n                            <figure class=\"cta-3__image\">\n                <img loading=\"lazy\" decoding=\"async\" width=\"56\" height=\"56\" src=\"https:\/\/invimed.pl\/wp-content\/uploads\/2024\/06\/ikona-31.png\" class=\"attachment-cta-3-image size-cta-3-image\" alt=\"Clover\" srcset=\"https:\/\/invimed.pl\/wp-content\/uploads\/2024\/06\/ikona-31.png 56w, https:\/\/invimed.pl\/wp-content\/uploads\/2024\/06\/ikona-31-42x42.png 42w, https:\/\/invimed.pl\/wp-content\/uploads\/2024\/06\/ikona-31-24x24.png 24w, https:\/\/invimed.pl\/wp-content\/uploads\/2024\/06\/ikona-31-45x45.png 45w\" sizes=\"auto, (max-width: 56px) 100vw, 56px\" \/>            <\/figure>\n                    <div class=\"acf-innerblocks-container\">\n\n<h2 class=\"wp-block-heading\" id=\"badania-nieplodnosci-dla-pary\">Infertility testing for couples<\/h2>\n\n<\/div>\n                    <figure class=\"cta-3__image cta-3__image--desktop\">\n                <img loading=\"lazy\" decoding=\"async\" width=\"56\" height=\"56\" src=\"https:\/\/invimed.pl\/wp-content\/uploads\/2024\/06\/ikona-31.png\" class=\"attachment-cta-3-image size-cta-3-image\" alt=\"Clover\" srcset=\"https:\/\/invimed.pl\/wp-content\/uploads\/2024\/06\/ikona-31.png 56w, https:\/\/invimed.pl\/wp-content\/uploads\/2024\/06\/ikona-31-42x42.png 42w, https:\/\/invimed.pl\/wp-content\/uploads\/2024\/06\/ikona-31-24x24.png 24w, https:\/\/invimed.pl\/wp-content\/uploads\/2024\/06\/ikona-31-45x45.png 45w\" sizes=\"auto, (max-width: 56px) 100vw, 56px\" \/>            <\/figure>\n                            <a class=\"cta-3__link cta-3__link--mobile\" href=\"https:\/\/invimed.pl\/en\/diagnosis-of-infertility\/\" target=\"_self\" aria-label=\"Infertility diagnosis\">\n                Infertility diagnosis            <\/a>\n        \t\t<\/div>\n\t<\/div>\n<\/section>","protected":false},"excerpt":{"rendered":"<p>Gdy starania o dziecko trwaj\u0105 d\u0142ugo i nie przynosz\u0105 efektu, warto poszuka\u0107 przyczyny tego stanu. W\u0142a\u015bciwie postawiona diagnoza to pierwszy krok do podj\u0119cia skutecznego leczenia. Je\u015bli szukasz diagnozy, poniewa\u017c od d\u0142u\u017cszego czasu nie mo\u017cesz zaj\u015b\u0107 w ci\u0105\u017c\u0119, um\u00f3w si\u0119 na pierwsz\u0105 konsultacj\u0119 niep\u0142odno\u015bciow\u0105 w Invimed. Przyjd\u017acie na ni\u0105 we dwoje, poniewa\u017c niep\u0142odno\u015b\u0107 zawsze dotyczy pary. [&hellip;]<\/p>\n","protected":false},"author":1,"featured_media":0,"parent":0,"menu_order":0,"comment_status":"closed","ping_status":"closed","template":"","meta":{"_acf_changed":false,"footnotes":""},"class_list":["post-5211","page","type-page","status-publish","hentry"],"acf":[],"yoast_head":"<!-- This site is optimized with the Yoast SEO plugin v27.2 - https:\/\/yoast.com\/product\/yoast-seo-wordpress\/ -->\n<title>Szukam diagnozy - dlaczego nie mog\u0119 zaj\u015b\u0107 w ci\u0105\u017c\u0119? - Invimed<\/title>\n<meta name=\"description\" content=\"Je\u015bli szukasz powodu, przez kt\u00f3ry nie mo\u017cesz zaj\u015b\u0107 w ci\u0105\u017c\u0119, nasi lekarze zlec\u0105 odpowiednie badania i pomog\u0105 w spe\u0142nieniu marzenia o dziecku.\" \/>\n<meta name=\"robots\" content=\"index, follow, max-snippet:-1, max-image-preview:large, max-video-preview:-1\" \/>\n<meta property=\"og:locale\" content=\"en_GB\" \/>\n<meta property=\"og:type\" content=\"article\" \/>\n<meta property=\"og:title\" content=\"Szukam diagnozy - dlaczego nie mog\u0119 zaj\u015b\u0107 w ci\u0105\u017c\u0119? - Invimed\" \/>\n<meta property=\"og:description\" content=\"Je\u015bli szukasz powodu, przez kt\u00f3ry nie mo\u017cesz zaj\u015b\u0107 w ci\u0105\u017c\u0119, nasi lekarze zlec\u0105 odpowiednie badania i pomog\u0105 w spe\u0142nieniu marzenia o dziecku.\" \/>\n<meta property=\"og:url\" content=\"https:\/\/invimed.pl\/en\/seeking-a-diagnosis\/\" \/>\n<meta property=\"og:site_name\" content=\"Invimed\" \/>\n<meta property=\"article:modified_time\" content=\"2026-03-17T09:57:53+00:00\" \/>\n<meta name=\"twitter:card\" content=\"summary_large_image\" \/>\n<meta name=\"twitter:label1\" content=\"Estimated reading time\" \/>\n\t<meta name=\"twitter:data1\" content=\"1 minute\" \/>\n<!-- \/ Yoast SEO plugin. -->","yoast_head_json":{"title":"Looking for a diagnosis - why can't I get pregnant? - Invimed","description":"If you are looking for a reason why you can't get pregnant, our doctors will order the right tests and help you fulfil your dream of having a baby.","robots":{"index":"index","follow":"follow","max-snippet":"max-snippet:-1","max-image-preview":"max-image-preview:large","max-video-preview":"max-video-preview:-1"},"og_locale":"en_GB","og_type":"article","og_title":"Szukam diagnozy - dlaczego nie mog\u0119 zaj\u015b\u0107 w ci\u0105\u017c\u0119? - Invimed","og_description":"Je\u015bli szukasz powodu, przez kt\u00f3ry nie mo\u017cesz zaj\u015b\u0107 w ci\u0105\u017c\u0119, nasi lekarze zlec\u0105 odpowiednie badania i pomog\u0105 w spe\u0142nieniu marzenia o dziecku.","og_url":"https:\/\/invimed.pl\/en\/seeking-a-diagnosis\/","og_site_name":"Invimed","article_modified_time":"2026-03-17T09:57:53+00:00","twitter_card":"summary_large_image","twitter_misc":{"Estimated reading time":"1 minute"},"schema":{"@context":"https:\/\/schema.org","@graph":[{"@type":"WebPage","@id":"https:\/\/invimed.pl\/szukam-diagnozy","url":"https:\/\/invimed.pl\/szukam-diagnozy","name":"Looking for a diagnosis - why can't I get pregnant? - Invimed","isPartOf":{"@id":"https:\/\/invimed.pl\/#website"},"datePublished":"2024-04-25T09:13:34+00:00","dateModified":"2026-03-17T09:57:53+00:00","description":"If you are looking for a reason why you can't get pregnant, our doctors will order the right tests and help you fulfil your dream of having a baby.","breadcrumb":{"@id":"https:\/\/invimed.pl\/szukam-diagnozy#breadcrumb"},"inLanguage":"en-GB","potentialAction":[{"@type":"ReadAction","target":["https:\/\/invimed.pl\/szukam-diagnozy"]}]},{"@type":"BreadcrumbList","@id":"https:\/\/invimed.pl\/szukam-diagnozy#breadcrumb","itemListElement":[{"@type":"ListItem","position":1,"name":"Strona g\u0142\u00f3wna","item":"https:\/\/invimed.pl\/"},{"@type":"ListItem","position":2,"name":"Szukam diagnozy"}]},{"@type":"WebSite","@id":"https:\/\/invimed.pl\/#website","url":"https:\/\/invimed.pl\/","name":"Invimed","description":"Our mission is to create a happy family together","potentialAction":[{"@type":"SearchAction","target":{"@type":"EntryPoint","urlTemplate":"https:\/\/invimed.pl\/?s={search_term_string}"},"query-input":{"@type":"PropertyValueSpecification","valueRequired":true,"valueName":"search_term_string"}}],"inLanguage":"en-GB"}]}},"_links":{"self":[{"href":"https:\/\/invimed.pl\/en\/wp-json\/wp\/v2\/pages\/5211","targetHints":{"allow":["GET"]}}],"collection":[{"href":"https:\/\/invimed.pl\/en\/wp-json\/wp\/v2\/pages"}],"about":[{"href":"https:\/\/invimed.pl\/en\/wp-json\/wp\/v2\/types\/page"}],"author":[{"embeddable":true,"href":"https:\/\/invimed.pl\/en\/wp-json\/wp\/v2\/users\/1"}],"replies":[{"embeddable":true,"href":"https:\/\/invimed.pl\/en\/wp-json\/wp\/v2\/comments?post=5211"}],"version-history":[{"count":24,"href":"https:\/\/invimed.pl\/en\/wp-json\/wp\/v2\/pages\/5211\/revisions"}],"predecessor-version":[{"id":272211,"href":"https:\/\/invimed.pl\/en\/wp-json\/wp\/v2\/pages\/5211\/revisions\/272211"}],"wp:attachment":[{"href":"https:\/\/invimed.pl\/en\/wp-json\/wp\/v2\/media?parent=5211"}],"curies":[{"name":"wp","href":"https:\/\/api.w.org\/{rel}","templated":true}]}}