{"id":5232,"date":"2024-04-26T08:18:36","date_gmt":"2024-04-26T08:18:36","guid":{"rendered":"http:\/\/invimed.pl\/?page_id=5232"},"modified":"2026-03-12T14:46:35","modified_gmt":"2026-03-12T14:46:35","slug":"detailed-information-on-the-processing-of-personal-data","status":"publish","type":"page","link":"https:\/\/invimed.pl\/en\/szczegolowe-informacje-o-przetwarzaniu-danych-osobowych","title":{"rendered":"INFORMATION ON PERSONAL DATA PROCESSING BY MEDI PARTNER SP. Z O.O."},"content":{"rendered":"<p>1. Personal data controller<\/p>\n\n\n\n<p>The administrator of your personal data will be Medi Partner Sp. z o, 36 Rakowiecka Street, 02-532 Warsaw (hereinafter: We). You can contact Us as follows:<\/p>\n\n\n\n<p>- by letter to the address: Invimed, 36 Rakowiecka Street, 02-532 Warsaw - via contact form at www.invimed.pl\/kontakt\/<\/p>\n\n\n\n<p>- via email: invimed@invimed.pl<\/p>\n\n\n\n<p>- by telephone: 500 900 888<\/p>\n\n\n\n<p>2. Data Protection Officer<\/p>\n\n\n\n<p>We have appointed a Data Protection Officer. This is the person you can contact on all matters concerning the processing of your personal data and the exercise of your rights in relation to data processing. You can contact the Supervisor as follows:<\/p>\n\n\n\n<p>- by mail to the following address: Medi Partner sp. z o.o., Al. Jerozolimskie 96, 00-807 Warsaw, marked Data Protection Officer<\/p>\n\n\n\n<p>- via email: IOD@medipartner.pl<\/p>\n\n\n\n<p>3. the purposes of processing your personal data and the legal basis for the processing<\/p>\n\n\n\n<p>We will process your personal data in order to:<\/p>\n\n\n\n<p>- to provide you with medical services, including the provision of services under contract with the Ministry of Health and local authorities, and to manage the services we provide - as part of this purpose, we will process your data in order to, inter alia, verify your identity, keep the medical records required by law or contact you in relation to the service provided (e.g. to remind you of an appointment, inform you of the possibility of collecting test results)<\/p>\n\n\n\n<p>- execute contracts for storage and\/or transport of reproductive cells and embryos<\/p>\n\n\n\n<p>- handle complaints, opinions and reports submitted, including the fulfilment of requests concerning the exercise of your rights under data protection legislation<\/p>\n\n\n\n<p>- provide you with information material on how to use our services, e.g.: on improvements\/obstacles to accessing services, on the need to prepare for a survey,<\/p>\n\n\n\n<p>- archive your data upon completion of the services provided to you,<\/p>\n\n\n\n<p>- establish, assert and defend against potential claims,<\/p>\n\n\n\n<p>- ensure the security of persons and property, in particular through the use of video surveillance,<\/p>\n\n\n\n<p>- conduct quality and satisfaction surveys (including based on profiling),<\/p>\n\n\n\n<p>- provide you with materials to promote products and services (including using profiling) - only if you have consented to this.<\/p>\n\n\n\n<p>The legal bases for processing your data are:<\/p>\n\n\n\n<p>- providing you with health care and medical services, protecting your health, health prevention, treatment and managing the provision of these services - such processing is regulated by law, in particular: the Act on Medical Activity, the Act on Patient's Rights and Patient's Ombudsman and, within the scope of services provided on the basis of contracts concluded with the Ministry of Health, also the Act on healthcare services financed from public funds (6 1 C RODO and Article 9(2) H RODO),<\/p>\n\n\n\n<p>- performance of the contract between us for the provision of services for the transport or storage of reproductive cells and embryos (Article 6(1)(B) RODO),<\/p>\n\n\n\n<p>- Your consent to the processing of personal data for the purpose specified directly in the content of the consent (Article 6(1)(A) RODO or\/and other legal basis under specific legislation, e.g. Article 398 of the Electronic Communications Act),<\/p>\n\n\n\n<p>- our legitimate interest, in relation to 6(1)(F) of the RODO consisting of:<\/p>\n\n\n\n<p>about a satisfaction and feedback survey on the use of Our Services,<\/p>\n\n\n\n<p>on the establishment, investigation and defence of claims,<\/p>\n\n\n\n<p>on the handling of submitted complaints, requests and opinions,<\/p>\n\n\n\n<p>on ensuring the security of persons and property, in particular through the use of video surveillance,<\/p>\n\n\n\n<p>to provide information material on how to use our services<\/p>\n\n\n\n<p>In situations where the establishment, investigation and defence of claims will require the processing of special categories of personal data (e.g. information about your health condition) we will act on the basis of Article 9(2)(F) of the DPA;<\/p>\n\n\n\n<p>- applicable legislation, (Art. 6 1(C) RODO) concerning, among other things, the keeping of financial and tax accounts and the archiving of such data in particular in connection with the Accounting Act, the exercise of your rights arising directly from the RODO;<\/p>\n\n\n\n<p>- taking action for the prevention of diseases in connection with a task carried out in the public interest in the field of health (Article 6(1)(E) and Article 9(2)(I) of the DPA)<\/p>\n\n\n\n<p>5 Information on profiling<\/p>\n\n\n\n<p>On the basis of your personal data, we may carry out profiling, i.e. the automated assessment of certain personal factors concerning you. We indicate below in which situations profiling may occur.<\/p>\n\n\n\n<p>We carry out profiling to:<\/p>\n\n\n\n<p>- We use data such as patient number, first name, last name, age, gender, language, date of birth, city, facilities visited, type of product purchased, and source of data. In addition, we may also take into account statistical data about behaviour on websites and mobile applications, use of the Patient Portal and preferences expressed on Medi Partner services.<\/p>\n\n\n\n<p>6 Period of retention of your personal data<\/p>\n\n\n\n<p>We will process your data as a general rule:<\/p>\n\n\n\n<p>- for 90 years - in relation to the maintenance and archiving of medical records for infertility treatment from the start of their maintenance,<\/p>\n\n\n\n<p>- for 20 years in connection with the keeping and retention of medical records - the period is calculated from the last entry made in them; subject to the exceptions set out in Article 29(1) of the Act on Patient Rights and Patient Ombudsman<\/p>\n\n\n\n<p>- for 6 years - in connection with the investigation and defence of claims in relation to the services provided;<\/p>\n\n\n\n<p>- for 5 years - for accounting purposes and for tax reasons, the period is calculated from the end of the calendar year in which the tax liability arose;<\/p>\n\n\n\n<p>- for 2 years - in connection with the recording of calls on Our hotline;<\/p>\n\n\n\n<p>- for 30 days - in connection with video monitoring;<\/p>\n\n\n\n<p>- until you object or withdraw your consent to the processing of your personal data, if we processed your data on such a basis.<\/p>\n\n\n\n<p>7 Recipients of your personal data<\/p>\n\n\n\n<p>We will transfer your personal data::<\/p>\n\n\n\n<p>- entities authorised by law, in particular:<\/p>\n\n\n\n<p>o medical entities to ensure continuity of treatment and availability of healthcare,<\/p>\n\n\n\n<p>o insurance companies,<\/p>\n\n\n\n<p>o to public authorities entitled to obtain your data,<\/p>\n\n\n\n<p>- to entities authorised by you;<\/p>\n\n\n\n<p>- entities that process data on our behalf and in accordance with our instructions, to whom we outsource services such as IT and marketing;<\/p>\n\n\n\n<p>- to entities that provide us with legal services (where this proves necessary for the establishment, investigation or defence of claims).<\/p>\n\n\n\n<p>8. Your rights in relation to the processing of personal data<\/p>\n\n\n\n<p>You have the following rights in relation to the processing of your personal data:<\/p>\n\n\n\n<p>1. the right to object to the processing of your data for marketing purposes or quality and satisfaction surveys - as we are processing your data on the basis of a legitimate interest,<\/p>\n\n\n\n<p>2. the right to object to the processing on grounds of your particular situation - in cases where we process your data on the basis of our legitimate interest for purposes other than a). above,<\/p>\n\n\n\n<p>3. the right to access your personal data,<\/p>\n\n\n\n<p>4. the right to request the rectification of your personal data,<\/p>\n\n\n\n<p>5. the right to request the deletion of your personal data, only if we are not obliged by law to process it,<\/p>\n\n\n\n<p>6. the right to request the restriction of the processing of your personal data,<\/p>\n\n\n\n<p>7. the right to portability of your data<\/p>\n\n\n\n<p>To exercise the above rights, please contact us or our Data Protection Officer (contact details at 1 and 2 above).<\/p>\n\n\n\n<p>Right to lodge a complaint with an authority<\/p>\n\n\n\n<p>You also have the right to lodge a complaint with the supervisory authority in charge of personal data protection, i.e. the President of the Data Protection Authority.<\/p>\n\n\n\n<p>Right to withdraw consent to the processing of personal data<\/p>\n\n\n\n<p>If your data is processed based on your consent, you have the right to withdraw it at any time without negative consequences. This does not affect the lawfulness of the processing carried out before the withdrawal of consent.<\/p>\n\n\n\n<p>9. Transmission of data to third countries<\/p>\n\n\n\n<p>In order to ensure the highest possible quality of our services, we use other suppliers, e.g. for IT support. Accordingly, your personal data may be transferred outside the European Union. We assure you that, in such a case, the transfer of data will be based on an appropriate contract between us and such entity, containing standard data protection clauses adopted<\/p>\n\n\n\n<p>by the European Commission, or on the basis of a corresponding European Commission decision.<\/p>\n\n\n\n<p>10 Obligation to provide data<\/p>\n\n\n\n<p>When using medical services, the provision of personal data is a legal requirement. The provision of data for the use of other types of services or for the conclusion of a contract is voluntary, although failure to provide data will prevent the performance of services or the conclusion of a contract.<\/p>\n\n\n\n<p>Update: 1.09.2025.<\/p>\n\n\n\n<p><\/p>","protected":false},"excerpt":{"rendered":"<p>1. Administrator danych osobowych Administratorem Twoich danych osobowych b\u0119dzie Medi Partner Sp. z o. o, ul. Rakowiecka 36, 02-532 Warszawa (dalej: My). Mo\u017cesz si\u0119 z Nami skontaktowa\u0107 w nast\u0119puj\u0105cy spos\u00f3b: \u00b7 listownie na adres: Invimed, ul. Rakowiecka 36, 02-532 Warszawa \u00b7 przez formularz kontaktowy na stronie www.invimed.pl\/kontakt\/ \u00b7 przez e-mail: invimed@invimed.pl \u00b7 telefonicznie: 500 900 [&hellip;]<\/p>\n","protected":false},"author":18,"featured_media":0,"parent":0,"menu_order":0,"comment_status":"closed","ping_status":"closed","template":"","meta":{"_acf_changed":false,"footnotes":""},"class_list":["post-5232","page","type-page","status-publish","hentry"],"acf":[],"yoast_head":"<!-- This site is optimized with the Yoast SEO plugin v27.2 - https:\/\/yoast.com\/product\/yoast-seo-wordpress\/ -->\n<title>INFORMACJA O PRZETWARZANIU DANYCH OSOBOWYCH PRZEZ MEDI PARTNER SP. Z O.O. - Invimed<\/title>\n<meta name=\"description\" content=\"Szczeg\u00f3\u0142owe informacje dotycz\u0105ce przetwarzania danych osobowych przez Medi Partner Sp. z o. o, ul. Cybernetyki 19, 02-677 Warszawa w zwi\u0105zku z wymogami art. 13 i 14 Rozporz\u0105dzenia Parlamentu Europejskiego i Rady (UE) 2016\/679 z dnia 27 kwietnia 2016 r. w sprawie ochrony os\u00f3b fizycznych w zwi\u0105zku z przetwarzaniem danych osobowych i w sprawie swobodnego przep\u0142ywu takich danych oraz uchylenia dyrektywy 95\/46\/WE (og\u00f3lne rozporz\u0105dzenie o ochronie danych) (dalej \u201eRODO\u201d).\" \/>\n<meta name=\"robots\" content=\"index, follow, max-snippet:-1, max-image-preview:large, max-video-preview:-1\" \/>\n<meta property=\"og:locale\" content=\"en_GB\" \/>\n<meta property=\"og:type\" content=\"article\" \/>\n<meta property=\"og:title\" content=\"INFORMACJA O PRZETWARZANIU DANYCH OSOBOWYCH PRZEZ MEDI PARTNER SP. Z O.O. - Invimed\" \/>\n<meta property=\"og:description\" content=\"Szczeg\u00f3\u0142owe informacje dotycz\u0105ce przetwarzania danych osobowych przez Medi Partner Sp. z o. o, ul. Cybernetyki 19, 02-677 Warszawa w zwi\u0105zku z wymogami art. 13 i 14 Rozporz\u0105dzenia Parlamentu Europejskiego i Rady (UE) 2016\/679 z dnia 27 kwietnia 2016 r. w sprawie ochrony os\u00f3b fizycznych w zwi\u0105zku z przetwarzaniem danych osobowych i w sprawie swobodnego przep\u0142ywu takich danych oraz uchylenia dyrektywy 95\/46\/WE (og\u00f3lne rozporz\u0105dzenie o ochronie danych) (dalej \u201eRODO\u201d).\" \/>\n<meta property=\"og:url\" content=\"https:\/\/invimed.pl\/en\/detailed-information-on-the-processing-of-personal-data\/\" \/>\n<meta property=\"og:site_name\" content=\"Invimed\" \/>\n<meta property=\"article:modified_time\" content=\"2026-03-12T14:46:35+00:00\" \/>\n<meta name=\"twitter:card\" content=\"summary_large_image\" \/>\n<meta name=\"twitter:label1\" content=\"Estimated reading time\" \/>\n\t<meta name=\"twitter:data1\" content=\"8 minutes\" \/>\n<!-- \/ Yoast SEO plugin. -->","yoast_head_json":{"title":"INFORMATION ON PERSONAL DATA PROCESSING BY MEDI PARTNER SP. Z O.O. - Invimed","description":"Detailed information on the processing of personal data by Medi Partner Sp. z o. o, 19 Cybernetyki St., 02-677 Warsaw in connection with the requirements of Articles 13 and 14 of Regulation (EU) 2016\/679 of the European Parliament and of the Council of 27 April 2016 on the protection of natural persons with regard to the processing of personal data and on the free movement of such data and repealing Directive 95\/46\/EC (General Data Protection Regulation) (hereinafter \"RODO\").","robots":{"index":"index","follow":"follow","max-snippet":"max-snippet:-1","max-image-preview":"max-image-preview:large","max-video-preview":"max-video-preview:-1"},"og_locale":"en_GB","og_type":"article","og_title":"INFORMACJA O PRZETWARZANIU DANYCH OSOBOWYCH PRZEZ MEDI PARTNER SP. Z O.O. - Invimed","og_description":"Szczeg\u00f3\u0142owe informacje dotycz\u0105ce przetwarzania danych osobowych przez Medi Partner Sp. z o. o, ul. Cybernetyki 19, 02-677 Warszawa w zwi\u0105zku z wymogami art. 13 i 14 Rozporz\u0105dzenia Parlamentu Europejskiego i Rady (UE) 2016\/679 z dnia 27 kwietnia 2016 r. w sprawie ochrony os\u00f3b fizycznych w zwi\u0105zku z przetwarzaniem danych osobowych i w sprawie swobodnego przep\u0142ywu takich danych oraz uchylenia dyrektywy 95\/46\/WE (og\u00f3lne rozporz\u0105dzenie o ochronie danych) (dalej \u201eRODO\u201d).","og_url":"https:\/\/invimed.pl\/en\/detailed-information-on-the-processing-of-personal-data\/","og_site_name":"Invimed","article_modified_time":"2026-03-12T14:46:35+00:00","twitter_card":"summary_large_image","twitter_misc":{"Estimated reading time":"8 minutes"},"schema":{"@context":"https:\/\/schema.org","@graph":[{"@type":"WebPage","@id":"https:\/\/invimed.pl\/szczegolowe-informacje-o-przetwarzaniu-danych-osobowych","url":"https:\/\/invimed.pl\/szczegolowe-informacje-o-przetwarzaniu-danych-osobowych","name":"INFORMATION ON PERSONAL DATA PROCESSING BY MEDI PARTNER SP. Z O.O. - Invimed","isPartOf":{"@id":"https:\/\/invimed.pl\/#website"},"datePublished":"2024-04-26T08:18:36+00:00","dateModified":"2026-03-12T14:46:35+00:00","description":"Detailed information on the processing of personal data by Medi Partner Sp. z o. o, 19 Cybernetyki St., 02-677 Warsaw in connection with the requirements of Articles 13 and 14 of Regulation (EU) 2016\/679 of the European Parliament and of the Council of 27 April 2016 on the protection of natural persons with regard to the processing of personal data and on the free movement of such data and repealing Directive 95\/46\/EC (General Data Protection Regulation) (hereinafter \"RODO\").","breadcrumb":{"@id":"https:\/\/invimed.pl\/szczegolowe-informacje-o-przetwarzaniu-danych-osobowych#breadcrumb"},"inLanguage":"en-GB","potentialAction":[{"@type":"ReadAction","target":["https:\/\/invimed.pl\/szczegolowe-informacje-o-przetwarzaniu-danych-osobowych"]}]},{"@type":"BreadcrumbList","@id":"https:\/\/invimed.pl\/szczegolowe-informacje-o-przetwarzaniu-danych-osobowych#breadcrumb","itemListElement":[{"@type":"ListItem","position":1,"name":"Strona g\u0142\u00f3wna","item":"https:\/\/invimed.pl\/"},{"@type":"ListItem","position":2,"name":"INFORMACJA O PRZETWARZANIU DANYCH OSOBOWYCH PRZEZ MEDI PARTNER SP. Z O.O."}]},{"@type":"WebSite","@id":"https:\/\/invimed.pl\/#website","url":"https:\/\/invimed.pl\/","name":"Invimed","description":"Our mission is to create a happy family together","potentialAction":[{"@type":"SearchAction","target":{"@type":"EntryPoint","urlTemplate":"https:\/\/invimed.pl\/?s={search_term_string}"},"query-input":{"@type":"PropertyValueSpecification","valueRequired":true,"valueName":"search_term_string"}}],"inLanguage":"en-GB"}]}},"_links":{"self":[{"href":"https:\/\/invimed.pl\/en\/wp-json\/wp\/v2\/pages\/5232","targetHints":{"allow":["GET"]}}],"collection":[{"href":"https:\/\/invimed.pl\/en\/wp-json\/wp\/v2\/pages"}],"about":[{"href":"https:\/\/invimed.pl\/en\/wp-json\/wp\/v2\/types\/page"}],"author":[{"embeddable":true,"href":"https:\/\/invimed.pl\/en\/wp-json\/wp\/v2\/users\/18"}],"replies":[{"embeddable":true,"href":"https:\/\/invimed.pl\/en\/wp-json\/wp\/v2\/comments?post=5232"}],"version-history":[{"count":8,"href":"https:\/\/invimed.pl\/en\/wp-json\/wp\/v2\/pages\/5232\/revisions"}],"predecessor-version":[{"id":272184,"href":"https:\/\/invimed.pl\/en\/wp-json\/wp\/v2\/pages\/5232\/revisions\/272184"}],"wp:attachment":[{"href":"https:\/\/invimed.pl\/en\/wp-json\/wp\/v2\/media?parent=5232"}],"curies":[{"name":"wp","href":"https:\/\/api.w.org\/{rel}","templated":true}]}}