{"id":5241,"date":"2024-04-26T09:15:25","date_gmt":"2024-04-26T09:15:25","guid":{"rendered":"http:\/\/invimed.pl\/?page_id=5241"},"modified":"2025-09-01T12:12:01","modified_gmt":"2025-09-01T12:12:01","slug":"marketing-clause-detailed-information-on-personal-data-processing","status":"publish","type":"page","link":"https:\/\/invimed.pl\/en\/klauzula-marketingowa-szczegolowe-informacje-o-przetwarzaniu-danych-osobowych","title":{"rendered":"Information clause: specific information about the processing of personal data"},"content":{"rendered":"<section class=\"check-list\">\n\t    <header class=\"check-list__header\">\n        <div class=\"acf-innerblocks-container\">\n\n<h4 class=\"wp-block-heading\">Basic information on the processing of personal data<\/h4>\n\n\n\n<p><\/p>\n\n\n\n<figure class=\"wp-block-table is-style-stripes\"><table><thead><tr><th><strong>Data controller<\/strong><\/th><th>Medi Partner Sp. z o.o., ul. <strong>Rakowiecka 36, 02-532 Warsaw<\/strong><\/th><\/tr><\/thead><tbody><tr><td><strong>Processing purposes<\/strong><\/td><td>Marketing of our own products and services (including profiling), marketing of Medicover Polska* products and services (including profiling)<\/td><\/tr><tr><td><strong>Legal bases&nbsp;<\/strong><strong>processing<\/strong><\/td><td>Your consent<\/td><\/tr><tr><td><strong>Rights in relation to data processing<\/strong><\/td><td>The right to withdraw consent to the processing of personal data; the right of access to personal data; other rights referred to in the specific information on data processing<\/td><\/tr><\/tbody><\/table><\/figure>\n\n\n\n<h3 class=\"wp-block-heading\" id=\"szczegolowe-informacje-dotyczace-przetwarzania-danych-osobowych-przez-medi-partner-sp-z-o-o-ul-rakowiecka-36-02-532-warszawa\">Detailed information on the processing of personal data by Medi Partner Sp. z o.o, ul. Rakowiecka 36, 02-532 Warsaw<\/h3>\n\n\n\n<section class=\"check-list\">\n\t    <header class=\"check-list__header\">\n        <div class=\"acf-innerblocks-container\">\n\n<h2 class=\"wp-block-heading\" id=\"1-administrator-danych-osobowych\">1. Personal data controller<\/h2>\n\n\n\n<p>The administrator of your personal data will be Medi Partner Sp. z o.o, 36 Rakowiecka Street, 02-532 Warsaw (hereinafter: we), KRS 0000415680, NIP 1080012631, share capital PLN 11,748,300.00, Ref.<\/p>\n\n\n\n<p>You can contact us as follows:<\/p>\n\n<\/div>\n    <\/header>\n    <ul class=\"mb-0 p-0 check-list__inner\">\n            <li class=\"d-flex check-list__item\">\n            <div class=\"svg-container\">\n                <svg width=\"16\" height=\"16\">\n                    <use xlink:href=\"#icon-check-2\" \/>\n                <\/svg>\n            <\/div>\n            <div class=\"check-list__item__rte\">\n                <p>by post to the following address: Invimed, 36 Rakowiecka Street, 02-532 Warsaw<\/p>\n            <\/div>\n        <\/li>\n            <li class=\"d-flex check-list__item\">\n            <div class=\"svg-container\">\n                <svg width=\"16\" height=\"16\">\n                    <use xlink:href=\"#icon-check-2\" \/>\n                <\/svg>\n            <\/div>\n            <div class=\"check-list__item__rte\">\n                <p>via the contact form on the website <a href=\"https:\/\/invimed.pl\/en\/contact\/\">www.invimed.pl\/kontakt\/<\/a><\/p>\n            <\/div>\n        <\/li>\n            <li class=\"d-flex check-list__item\">\n            <div class=\"svg-container\">\n                <svg width=\"16\" height=\"16\">\n                    <use xlink:href=\"#icon-check-2\" \/>\n                <\/svg>\n            <\/div>\n            <div class=\"check-list__item__rte\">\n                <p>via email: invimed@invimed.pl<\/p>\n            <\/div>\n        <\/li>\n            <li class=\"d-flex check-list__item\">\n            <div class=\"svg-container\">\n                <svg width=\"16\" height=\"16\">\n                    <use xlink:href=\"#icon-check-2\" \/>\n                <\/svg>\n            <\/div>\n            <div class=\"check-list__item__rte\">\n                <p>by telephone: 500 900 888<\/p>\n            <\/div>\n        <\/li>\n        <\/ul>\n<\/section>\n\n\n\n<section class=\"check-list\">\n\t    <header class=\"check-list__header\">\n        <div class=\"acf-innerblocks-container\">\n\n<h2 class=\"wp-block-heading\" id=\"2-inspektor-ochrony-danych\">2. Data Protection Officer<\/h2>\n\n\n\n<p>We have appointed a Data Protection Officer. This is the person you can contact for all matters concerning the processing of your personal data and the exercise of your rights in relation to data processing.<\/p>\n\n\n\n<p>You can contact the EDPS as follows:<\/p>\n\n<\/div>\n    <\/header>\n    <ul class=\"mb-0 p-0 check-list__inner\">\n            <li class=\"d-flex check-list__item\">\n            <div class=\"svg-container\">\n                <svg width=\"16\" height=\"16\">\n                    <use xlink:href=\"#icon-check-2\" \/>\n                <\/svg>\n            <\/div>\n            <div class=\"check-list__item__rte\">\n                <p>by mail to the following address: Barbara Murdza Data Protection Inspector Medi Partner Sp. z o.o. ul. Rakowiecka 36, 02-532 Warsaw<\/p>\n            <\/div>\n        <\/li>\n            <li class=\"d-flex check-list__item\">\n            <div class=\"svg-container\">\n                <svg width=\"16\" height=\"16\">\n                    <use xlink:href=\"#icon-check-2\" \/>\n                <\/svg>\n            <\/div>\n            <div class=\"check-list__item__rte\">\n                <p>via email: iod@medipartner.pl<\/p>\n            <\/div>\n        <\/li>\n        <\/ul>\n<\/section>\n\n\n\n<section class=\"check-list\">\n\t    <header class=\"check-list__header\">\n        <div class=\"acf-innerblocks-container\">\n\n<h2 class=\"wp-block-heading\" id=\"3-cele-przetwarzania-twoich-danych-osobowych-oraz-podstawa-prawna-przetwarzania\">3. the purposes of processing your personal data and the legal basis for the processing<\/h2>\n\n\n\n<p>We will process your personal data to carry out direct marketing of our products and services and, if you have consented, of Medicover Poland's products and services.<\/p>\n\n\n\n<p>As part of marketing, we will, among other things, send you information about products, promotions and competitions and carry out marketing research. We will also carry out profiling for marketing purposes.<\/p>\n\n\n\n<p>We will process your personal data on the basis of your consent, which you can withdraw at any time.<\/p>\n\n<\/div>\n    <\/header>\n<\/section>\n\n\n\n<section class=\"check-list\">\n\t    <header class=\"check-list__header\">\n        <div class=\"acf-innerblocks-container\">\n\n<h2 class=\"wp-block-heading\" id=\"4-informacje-dotyczace-profilowania\">4 Information on profiling<\/h2>\n\n\n\n<p>On the basis of your personal data, we carry out profiling, i.e. the automated assessment of certain personal factors concerning you.<\/p>\n\n\n\n<p>We carry out profiling in order to select communication and promotional materials of the controller's activities accordingly.<\/p>\n\n\n\n<p>When profiling, we take into account statistical data on behaviour on the websites and the Invimed Patient Portal.<\/p>\n\n<\/div>\n    <\/header>\n<\/section>\n\n<\/div>\n    <\/header>\n<\/section>\n\n\n\n<p><span style=\"text-decoration: underline;\"><\/span><\/p>\n\n\n\n<section class=\"check-list\">\n\t    <header class=\"check-list__header\">\n        <div class=\"acf-innerblocks-container\">\n\n<h2 class=\"wp-block-heading\" id=\"5-okres-przechowywania-twoich-danych-osobowych\">5 Period of retention of your personal data<\/h2>\n\n\n\n<p>We will keep your data until you withdraw your consent to process your personal data.<\/p>\n\n<\/div>\n    <\/header>\n<\/section>\n\n\n\n<section class=\"check-list\">\n\t    <header class=\"check-list__header\">\n        <div class=\"acf-innerblocks-container\">\n\n<h2 class=\"wp-block-heading\" id=\"6-odbiorcy-twoich-danych-osobowych\">6 Recipients of your personal data <\/h2>\n\n\n\n<p>We will transfer your personal data to our suppliers to whom we outsource personal data processing services, e.g.;<\/p>\n\n<\/div>\n    <\/header>\n    <ul class=\"mb-0 p-0 check-list__inner\">\n            <li class=\"d-flex check-list__item\">\n            <div class=\"svg-container\">\n                <svg width=\"16\" height=\"16\">\n                    <use xlink:href=\"#icon-check-2\" \/>\n                <\/svg>\n            <\/div>\n            <div class=\"check-list__item__rte\">\n                <p>IT service providers,<\/p>\n            <\/div>\n        <\/li>\n            <li class=\"d-flex check-list__item\">\n            <div class=\"svg-container\">\n                <svg width=\"16\" height=\"16\">\n                    <use xlink:href=\"#icon-check-2\" \/>\n                <\/svg>\n            <\/div>\n            <div class=\"check-list__item__rte\">\n                <p>marketing agencies,<\/p>\n            <\/div>\n        <\/li>\n            <li class=\"d-flex check-list__item\">\n            <div class=\"svg-container\">\n                <svg width=\"16\" height=\"16\">\n                    <use xlink:href=\"#icon-check-2\" \/>\n                <\/svg>\n            <\/div>\n            <div class=\"check-list__item__rte\">\n                <p>research agencies.<\/p>\n            <\/div>\n        <\/li>\n        <\/ul>\n<\/section>\n\n\n\n<p>Such entities process data on the basis of a contract with us and only in accordance with our instructions.<\/p>\n\n\n\n<h2 class=\"wp-block-heading\" id=\"7-przekazywanie-danych-poza-europejski-obszar-gospodarczy\">7 Transfers of data outside the European Economic Area<\/h2>\n\n\n\n<p>In order to ensure the highest possible quality of our services, we use other suppliers, e.g. for IT support. Accordingly, your personal data may be transferred outside the European Union. We assure you that, in such case, the transfer of your data will be based on an appropriate agreement between Us and such entity containing standard data protection clauses adopted by the European Commission, or on the basis of a relevant decision of the European Commission.<\/p>\n\n\n\n<section class=\"check-list\">\n\t    <header class=\"check-list__header\">\n        <div class=\"acf-innerblocks-container\">\n\n<h2 class=\"wp-block-heading\" id=\"8-twoje-prawa-zwiazane-z-przetwarzaniem-danych-osobowych\">8. Your rights in relation to the processing of personal data<\/h2>\n\n\n\n<p>You have the following rights in relation to the processing of your personal data:<\/p>\n\n<\/div>\n    <\/header>\n    <ul class=\"mb-0 p-0 check-list__inner\">\n            <li class=\"d-flex check-list__item\">\n            <div class=\"svg-container\">\n                <svg width=\"16\" height=\"16\">\n                    <use xlink:href=\"#icon-check-2\" \/>\n                <\/svg>\n            <\/div>\n            <div class=\"check-list__item__rte\">\n                <ul class=\"mb-0 p-0 check-list__inner\">\n<li class=\"d-flex check-list__item\">\n<div class=\"check-list__item__rte\">\n<p>right to withdraw consent<\/p>\n<\/div>\n<\/li>\n<li class=\"d-flex check-list__item\">\n<div class=\"svg-container\"><\/div>\n<div class=\"check-list__item__rte\"><\/div>\n<\/li>\n<\/ul>\n            <\/div>\n        <\/li>\n            <li class=\"d-flex check-list__item\">\n            <div class=\"svg-container\">\n                <svg width=\"16\" height=\"16\">\n                    <use xlink:href=\"#icon-check-2\" \/>\n                <\/svg>\n            <\/div>\n            <div class=\"check-list__item__rte\">\n                <ul class=\"mb-0 p-0 check-list__inner\">\n<li class=\"d-flex check-list__item\">\n<div class=\"check-list__item__rte\">\n<p>The right of access to your personal data,<\/p>\n<\/div>\n<\/li>\n<li class=\"d-flex check-list__item\">\n<div class=\"svg-container\"><\/div>\n<div class=\"check-list__item__rte\"><\/div>\n<\/li>\n<\/ul>\n            <\/div>\n        <\/li>\n            <li class=\"d-flex check-list__item\">\n            <div class=\"svg-container\">\n                <svg width=\"16\" height=\"16\">\n                    <use xlink:href=\"#icon-check-2\" \/>\n                <\/svg>\n            <\/div>\n            <div class=\"check-list__item__rte\">\n                <p>The right to request the rectification of your personal data,<\/p>\n            <\/div>\n        <\/li>\n            <li class=\"d-flex check-list__item\">\n            <div class=\"svg-container\">\n                <svg width=\"16\" height=\"16\">\n                    <use xlink:href=\"#icon-check-2\" \/>\n                <\/svg>\n            <\/div>\n            <div class=\"check-list__item__rte\">\n                <p>The right to request the deletion of your personal data,<\/p>\n            <\/div>\n        <\/li>\n            <li class=\"d-flex check-list__item\">\n            <div class=\"svg-container\">\n                <svg width=\"16\" height=\"16\">\n                    <use xlink:href=\"#icon-check-2\" \/>\n                <\/svg>\n            <\/div>\n            <div class=\"check-list__item__rte\">\n                <p>The right to request the restriction of the processing of your personal data,<\/p>\n            <\/div>\n        <\/li>\n            <li class=\"d-flex check-list__item\">\n            <div class=\"svg-container\">\n                <svg width=\"16\" height=\"16\">\n                    <use xlink:href=\"#icon-check-2\" \/>\n                <\/svg>\n            <\/div>\n            <div class=\"check-list__item__rte\">\n                <p>The right to portability of your personal data, i.e. the right to receive your personal data from us, in a structured, commonly used, machine-readable computer format. You can send this data to another controller or request that we send your data to another controller. However, we will only do this if such a transfer is technically possible.<\/p>\n            <\/div>\n        <\/li>\n        <\/ul>\n<\/section>\n\n\n\n<p>To exercise the above rights, please contact us or our Data Protection Officer (contact details at 1 and 2 above.<\/p>\n\n\n\n<p><span style=\"text-decoration: underline;\">Right of withdrawal of consent<\/span><\/p>\n\n\n\n<p>Your personal data is processed on the basis of your consent. You therefore have the right to withdraw your consent to the processing at any time. The withdrawal of consent does not affect the lawfulness of the processing carried out on the basis of your consent prior to its withdrawal. You can withdraw your consent by contacting Customer Service on 500 900 888 or by sending an email to: invimed@invimed.pl<\/p>\n\n\n\n<p><span style=\"text-decoration: underline;\">Right to lodge a complaint with an authority<\/span><\/p>\n\n\n\n<p>You also have the right to lodge a complaint with the supervisory authority in charge of personal data protection, i.e. the President of the Data Protection Authority.<\/p>\n\n\n\n<h2 class=\"wp-block-heading\" id=\"9-dobrowolnosc-podania-twoich-danych-osobowych\"><strong>9 Voluntariness of providing your personal data<\/strong><\/h2>\n\n\n\n<p>The provision of your personal data is voluntary. However, without receipt of your data, we will not be able to respond to an enquiry addressed to us.<\/p>\n\n\n\n<p><\/p>","protected":false},"excerpt":{"rendered":"<p>Takie podmioty przetwarzaj\u0105 dane na podstawie umowy z nami i tylko zgodnie z naszymi poleceniami. 7. Przekazywanie danych poza Europejski Obszar Gospodarczy W celu zapewnienia jak najwy\u017cszej jako\u015bci naszych us\u0142ug korzystamy z innych dostawc\u00f3w, np. w zakresie wsparcia IT. W zwi\u0105zku z tym Twoje dane osobowe mog\u0105 by\u0107 przekazywane poza teren Unii Europejskiej. Zapewniamy, \u017ce [&hellip;]<\/p>\n","protected":false},"author":18,"featured_media":0,"parent":0,"menu_order":0,"comment_status":"closed","ping_status":"closed","template":"","meta":{"_acf_changed":false,"footnotes":""},"class_list":["post-5241","page","type-page","status-publish","hentry"],"acf":[],"yoast_head":"<!-- This site is optimized with the Yoast SEO plugin v27.2 - https:\/\/yoast.com\/product\/yoast-seo-wordpress\/ -->\n<title>Klauzula informacyjna: szczeg\u00f3\u0142owe informacje o przetwarzaniu danych osobowych - Invimed<\/title>\n<meta name=\"description\" content=\"Szczeg\u00f3\u0142owe informacje dotycz\u0105ce przetwarzania danych osobowych przez Medi Partner Sp. z o. o, ul. Rakowiecka 36, 02-532 Warszawa w zwi\u0105zku z wymogami art. 13 i 14 Rozporz\u0105dzenia Parlamentu Europejskiego i Rady (UE) 2016\/679 z dnia 27 kwietnia 2016 r. w sprawie ochrony os\u00f3b fizycznych w zwi\u0105zku z przetwarzaniem danych osobowych i w sprawie swobodnego przep\u0142ywu takich danych oraz uchylenia dyrektywy 95\/46\/WE (og\u00f3lne rozporz\u0105dzenie o ochronie danych) (dalej \u201eRODO\u201d).\" \/>\n<meta name=\"robots\" content=\"index, follow, max-snippet:-1, max-image-preview:large, max-video-preview:-1\" \/>\n<meta property=\"og:locale\" content=\"en_GB\" \/>\n<meta property=\"og:type\" content=\"article\" \/>\n<meta property=\"og:title\" content=\"Klauzula informacyjna: szczeg\u00f3\u0142owe informacje o przetwarzaniu danych osobowych - Invimed\" \/>\n<meta property=\"og:description\" content=\"Szczeg\u00f3\u0142owe informacje dotycz\u0105ce przetwarzania danych osobowych przez Medi Partner Sp. z o. o, ul. Rakowiecka 36, 02-532 Warszawa w zwi\u0105zku z wymogami art. 13 i 14 Rozporz\u0105dzenia Parlamentu Europejskiego i Rady (UE) 2016\/679 z dnia 27 kwietnia 2016 r. w sprawie ochrony os\u00f3b fizycznych w zwi\u0105zku z przetwarzaniem danych osobowych i w sprawie swobodnego przep\u0142ywu takich danych oraz uchylenia dyrektywy 95\/46\/WE (og\u00f3lne rozporz\u0105dzenie o ochronie danych) (dalej \u201eRODO\u201d).\" \/>\n<meta property=\"og:url\" content=\"https:\/\/invimed.pl\/en\/marketing-clause-detailed-information-on-personal-data-processing\/\" \/>\n<meta property=\"og:site_name\" content=\"Invimed\" \/>\n<meta property=\"article:modified_time\" content=\"2025-09-01T12:12:01+00:00\" \/>\n<meta name=\"twitter:card\" content=\"summary_large_image\" \/>\n<meta name=\"twitter:label1\" content=\"Estimated reading time\" \/>\n\t<meta name=\"twitter:data1\" content=\"4 minutes\" \/>\n<!-- \/ Yoast SEO plugin. -->","yoast_head_json":{"title":"Information clause: detailed information on the processing of personal data - Invimed","description":"Detailed information regarding the processing of personal data by Medi Partner Sp. z o. o, ul. Rakowiecka 36, 02-532 Warsaw in connection with the requirements of Articles 13 and 14 of Regulation (EU) 2016\/679 of the European Parliament and of the Council of 27 April 2016 on the protection of natural persons with regard to the processing of personal data and on the free movement of such data and repealing Directive 95\/46\/EC (General Data Protection Regulation) (hereinafter \"RODO\").","robots":{"index":"index","follow":"follow","max-snippet":"max-snippet:-1","max-image-preview":"max-image-preview:large","max-video-preview":"max-video-preview:-1"},"og_locale":"en_GB","og_type":"article","og_title":"Klauzula informacyjna: szczeg\u00f3\u0142owe informacje o przetwarzaniu danych osobowych - Invimed","og_description":"Szczeg\u00f3\u0142owe informacje dotycz\u0105ce przetwarzania danych osobowych przez Medi Partner Sp. z o. o, ul. Rakowiecka 36, 02-532 Warszawa w zwi\u0105zku z wymogami art. 13 i 14 Rozporz\u0105dzenia Parlamentu Europejskiego i Rady (UE) 2016\/679 z dnia 27 kwietnia 2016 r. w sprawie ochrony os\u00f3b fizycznych w zwi\u0105zku z przetwarzaniem danych osobowych i w sprawie swobodnego przep\u0142ywu takich danych oraz uchylenia dyrektywy 95\/46\/WE (og\u00f3lne rozporz\u0105dzenie o ochronie danych) (dalej \u201eRODO\u201d).","og_url":"https:\/\/invimed.pl\/en\/marketing-clause-detailed-information-on-personal-data-processing\/","og_site_name":"Invimed","article_modified_time":"2025-09-01T12:12:01+00:00","twitter_card":"summary_large_image","twitter_misc":{"Estimated reading time":"4 minutes"},"schema":{"@context":"https:\/\/schema.org","@graph":[{"@type":"WebPage","@id":"https:\/\/invimed.pl\/klauzula-marketingowa-szczegolowe-informacje-o-przetwarzaniu-danych-osobowych","url":"https:\/\/invimed.pl\/klauzula-marketingowa-szczegolowe-informacje-o-przetwarzaniu-danych-osobowych","name":"Information clause: detailed information on the processing of personal data - Invimed","isPartOf":{"@id":"https:\/\/invimed.pl\/#website"},"datePublished":"2024-04-26T09:15:25+00:00","dateModified":"2025-09-01T12:12:01+00:00","description":"Detailed information regarding the processing of personal data by Medi Partner Sp. z o. o, ul. Rakowiecka 36, 02-532 Warsaw in connection with the requirements of Articles 13 and 14 of Regulation (EU) 2016\/679 of the European Parliament and of the Council of 27 April 2016 on the protection of natural persons with regard to the processing of personal data and on the free movement of such data and repealing Directive 95\/46\/EC (General Data Protection Regulation) (hereinafter \"RODO\").","breadcrumb":{"@id":"https:\/\/invimed.pl\/klauzula-marketingowa-szczegolowe-informacje-o-przetwarzaniu-danych-osobowych#breadcrumb"},"inLanguage":"en-GB","potentialAction":[{"@type":"ReadAction","target":["https:\/\/invimed.pl\/klauzula-marketingowa-szczegolowe-informacje-o-przetwarzaniu-danych-osobowych"]}]},{"@type":"BreadcrumbList","@id":"https:\/\/invimed.pl\/klauzula-marketingowa-szczegolowe-informacje-o-przetwarzaniu-danych-osobowych#breadcrumb","itemListElement":[{"@type":"ListItem","position":1,"name":"Strona g\u0142\u00f3wna","item":"https:\/\/invimed.pl\/"},{"@type":"ListItem","position":2,"name":"Klauzula informacyjna: szczeg\u00f3\u0142owe informacje o przetwarzaniu danych osobowych"}]},{"@type":"WebSite","@id":"https:\/\/invimed.pl\/#website","url":"https:\/\/invimed.pl\/","name":"Invimed","description":"Our mission is to create a happy family together","potentialAction":[{"@type":"SearchAction","target":{"@type":"EntryPoint","urlTemplate":"https:\/\/invimed.pl\/?s={search_term_string}"},"query-input":{"@type":"PropertyValueSpecification","valueRequired":true,"valueName":"search_term_string"}}],"inLanguage":"en-GB"}]}},"_links":{"self":[{"href":"https:\/\/invimed.pl\/en\/wp-json\/wp\/v2\/pages\/5241","targetHints":{"allow":["GET"]}}],"collection":[{"href":"https:\/\/invimed.pl\/en\/wp-json\/wp\/v2\/pages"}],"about":[{"href":"https:\/\/invimed.pl\/en\/wp-json\/wp\/v2\/types\/page"}],"author":[{"embeddable":true,"href":"https:\/\/invimed.pl\/en\/wp-json\/wp\/v2\/users\/18"}],"replies":[{"embeddable":true,"href":"https:\/\/invimed.pl\/en\/wp-json\/wp\/v2\/comments?post=5241"}],"version-history":[{"count":8,"href":"https:\/\/invimed.pl\/en\/wp-json\/wp\/v2\/pages\/5241\/revisions"}],"predecessor-version":[{"id":270523,"href":"https:\/\/invimed.pl\/en\/wp-json\/wp\/v2\/pages\/5241\/revisions\/270523"}],"wp:attachment":[{"href":"https:\/\/invimed.pl\/en\/wp-json\/wp\/v2\/media?parent=5241"}],"curies":[{"name":"wp","href":"https:\/\/api.w.org\/{rel}","templated":true}]}}