{"id":5288,"date":"2024-04-26T12:55:27","date_gmt":"2024-04-26T12:55:27","guid":{"rendered":"http:\/\/invimed.pl\/?page_id=5288"},"modified":"2024-06-01T14:58:49","modified_gmt":"2024-06-01T12:58:49","slug":"all-about-the-first-visit-to-the-invimed-clinic","status":"publish","type":"page","link":"https:\/\/invimed.pl\/en\/wszystko-o-pierwszej-wizycie-w-klinice-invimed","title":{"rendered":"All about the first visit to the Invimed clinic"},"content":{"rendered":"<p><strong>The first visit to an infertility clinic is a crucial moment for couples who, after a period of fruitless efforts to have a child, have decided to seek professional help. Deciding on treatment is not easy, so it is worth talking to a specialist who will answer many of your questions.<\/strong><\/p>\n\n\n\n<section class=\"check-list\">\n\t    <header class=\"check-list__header\">\n        <div class=\"acf-innerblocks-container\">\n\n<section class=\"check-list\">\n\t    <header class=\"check-list__header\">\n        <div class=\"acf-innerblocks-container\">\n\n<h2 class=\"wp-block-heading\" id=\"jesli-rozwazacie-wybranie-sie-do-kliniki-na-pierwsza-konsultacje-ale-rodza-sie-w-was-kolejne-pytania\">If you are considering going to the clinic for an initial consultation, but more questions arise in you:<\/h2>\n\n<\/div>\n    <\/header>\n    <ul class=\"mb-0 p-0 check-list__inner\">\n            <li class=\"d-flex check-list__item\">\n            <div class=\"svg-container\">\n                <svg width=\"16\" height=\"16\">\n                    <use xlink:href=\"#icon-check-2\" \/>\n                <\/svg>\n            <\/div>\n            <div class=\"check-list__item__rte\">\n                <p>How does the first visit go?<\/p>\n            <\/div>\n        <\/li>\n            <li class=\"d-flex check-list__item\">\n            <div class=\"svg-container\">\n                <svg width=\"16\" height=\"16\">\n                    <use xlink:href=\"#icon-check-2\" \/>\n                <\/svg>\n            <\/div>\n            <div class=\"check-list__item__rte\">\n                <p>What to bring with you to your first clinic visit?<\/p>\n            <\/div>\n        <\/li>\n            <li class=\"d-flex check-list__item\">\n            <div class=\"svg-container\">\n                <svg width=\"16\" height=\"16\">\n                    <use xlink:href=\"#icon-check-2\" \/>\n                <\/svg>\n            <\/div>\n            <div class=\"check-list__item__rte\">\n                <p>Which doctor to see?<\/p>\n            <\/div>\n        <\/li>\n            <li class=\"d-flex check-list__item\">\n            <div class=\"svg-container\">\n                <svg width=\"16\" height=\"16\">\n                    <use xlink:href=\"#icon-check-2\" \/>\n                <\/svg>\n            <\/div>\n            <div class=\"check-list__item__rte\">\n                <p>And what next, after the visit?<\/p>\n            <\/div>\n        <\/li>\n        <\/ul>\n<\/section>\n\n\n\n<section class=\"check-list\">\n\t    <header class=\"check-list__header\">\n        <div class=\"acf-innerblocks-container\">\n\n<h2 class=\"wp-block-heading\" id=\"zajrzyjcie-tam-gdzie-znajdziecie-odpowiedzi-na-wasze-pytania\"><strong>Take a look where you can find answers to your questions<\/strong><\/h2>\n\n<\/div>\n    <\/header>\n    <ul class=\"mb-0 p-0 check-list__inner\">\n            <li class=\"d-flex check-list__item\">\n            <div class=\"svg-container\">\n                <svg width=\"16\" height=\"16\">\n                    <use xlink:href=\"#icon-check-2\" \/>\n                <\/svg>\n            <\/div>\n            <div class=\"check-list__item__rte\">\n                <p><a href=\"https:\/\/invimed.pl\/en\/first-visit\/\" target=\"_blank\" rel=\"noopener noreferrer\">All about the first infertility appointment and consultation<\/a><\/p>\n<p>&nbsp;<\/p>\n            <\/div>\n        <\/li>\n        <\/ul>\n<\/section>\n\n<\/div>\n    <\/header>\n<\/section>\n\n\n\n<p><\/p>","protected":false},"excerpt":{"rendered":"<p>The first visit to an infertility clinic is a crucial moment for couples who, after a period of fruitless efforts to have a child, have decided to seek professional help. Deciding on treatment is not easy, so it is worth talking to a specialist who will answer many of your questions.<\/p>","protected":false},"author":18,"featured_media":5289,"parent":0,"menu_order":0,"comment_status":"closed","ping_status":"closed","template":"","meta":{"_acf_changed":false,"footnotes":""},"class_list":["post-5288","page","type-page","status-publish","has-post-thumbnail","hentry"],"acf":[],"yoast_head":"<!-- This site is optimized with the Yoast SEO plugin v27.2 - https:\/\/yoast.com\/product\/yoast-seo-wordpress\/ -->\n<title>Wszystko o pierwszej wizycie w klinice Invimed - Invimed<\/title>\n<meta name=\"description\" content=\"Podj\u0119cie decyzji o leczeniu nie jest \u0142atwe, dlatego warto porozmawia\u0107 ze specjalist\u0105, kt\u00f3ry odpowie na wiele nurtuj\u0105cych Was pyta\u0144.\" \/>\n<meta name=\"robots\" content=\"index, follow, max-snippet:-1, max-image-preview:large, max-video-preview:-1\" \/>\n<meta property=\"og:locale\" content=\"en_GB\" \/>\n<meta property=\"og:type\" content=\"article\" \/>\n<meta property=\"og:title\" content=\"Wszystko o pierwszej wizycie w klinice Invimed - Invimed\" \/>\n<meta property=\"og:description\" content=\"Podj\u0119cie decyzji o leczeniu nie jest \u0142atwe, dlatego warto porozmawia\u0107 ze specjalist\u0105, kt\u00f3ry odpowie na wiele nurtuj\u0105cych Was pyta\u0144.\" \/>\n<meta property=\"og:url\" content=\"https:\/\/invimed.pl\/en\/all-about-the-first-visit-to-the-invimed-clinic\/\" \/>\n<meta property=\"og:site_name\" content=\"Invimed\" \/>\n<meta property=\"article:modified_time\" content=\"2024-06-01T12:58:49+00:00\" \/>\n<meta property=\"og:image\" content=\"https:\/\/invimed.pl\/wp-content\/uploads\/2024\/04\/pierwsza-wizyta.jpg\" \/>\n\t<meta property=\"og:image:width\" content=\"770\" \/>\n\t<meta property=\"og:image:height\" content=\"435\" \/>\n\t<meta property=\"og:image:type\" content=\"image\/jpeg\" \/>\n<meta name=\"twitter:card\" content=\"summary_large_image\" \/>\n<meta name=\"twitter:label1\" content=\"Estimated reading time\" \/>\n\t<meta name=\"twitter:data1\" content=\"1 minute\" \/>\n<!-- \/ Yoast SEO plugin. -->","yoast_head_json":{"title":"All about the first visit to the Invimed clinic - Invimed","description":"Deciding on treatment is not easy, so talk to a specialist who can answer many of your questions.","robots":{"index":"index","follow":"follow","max-snippet":"max-snippet:-1","max-image-preview":"max-image-preview:large","max-video-preview":"max-video-preview:-1"},"og_locale":"en_GB","og_type":"article","og_title":"Wszystko o pierwszej wizycie w klinice Invimed - Invimed","og_description":"Podj\u0119cie decyzji o leczeniu nie jest \u0142atwe, dlatego warto porozmawia\u0107 ze specjalist\u0105, kt\u00f3ry odpowie na wiele nurtuj\u0105cych Was pyta\u0144.","og_url":"https:\/\/invimed.pl\/en\/all-about-the-first-visit-to-the-invimed-clinic\/","og_site_name":"Invimed","article_modified_time":"2024-06-01T12:58:49+00:00","og_image":[{"width":770,"height":435,"url":"https:\/\/invimed.pl\/wp-content\/uploads\/2024\/04\/pierwsza-wizyta.jpg","type":"image\/jpeg"}],"twitter_card":"summary_large_image","twitter_misc":{"Estimated reading time":"1 minute"},"schema":{"@context":"https:\/\/schema.org","@graph":[{"@type":"WebPage","@id":"https:\/\/invimed.pl\/wszystko-o-pierwszej-wizycie-w-klinice-invimed","url":"https:\/\/invimed.pl\/wszystko-o-pierwszej-wizycie-w-klinice-invimed","name":"All about the first visit to the Invimed clinic - Invimed","isPartOf":{"@id":"https:\/\/invimed.pl\/#website"},"primaryImageOfPage":{"@id":"https:\/\/invimed.pl\/wszystko-o-pierwszej-wizycie-w-klinice-invimed#primaryimage"},"image":{"@id":"https:\/\/invimed.pl\/wszystko-o-pierwszej-wizycie-w-klinice-invimed#primaryimage"},"thumbnailUrl":"https:\/\/invimed.pl\/wp-content\/uploads\/2024\/04\/pierwsza-wizyta.jpg","datePublished":"2024-04-26T12:55:27+00:00","dateModified":"2024-06-01T12:58:49+00:00","description":"Deciding on treatment is not easy, so talk to a specialist who can answer many of your questions.","breadcrumb":{"@id":"https:\/\/invimed.pl\/wszystko-o-pierwszej-wizycie-w-klinice-invimed#breadcrumb"},"inLanguage":"en-GB","potentialAction":[{"@type":"ReadAction","target":["https:\/\/invimed.pl\/wszystko-o-pierwszej-wizycie-w-klinice-invimed"]}]},{"@type":"ImageObject","inLanguage":"en-GB","@id":"https:\/\/invimed.pl\/wszystko-o-pierwszej-wizycie-w-klinice-invimed#primaryimage","url":"https:\/\/invimed.pl\/wp-content\/uploads\/2024\/04\/pierwsza-wizyta.jpg","contentUrl":"https:\/\/invimed.pl\/wp-content\/uploads\/2024\/04\/pierwsza-wizyta.jpg","width":770,"height":435},{"@type":"BreadcrumbList","@id":"https:\/\/invimed.pl\/wszystko-o-pierwszej-wizycie-w-klinice-invimed#breadcrumb","itemListElement":[{"@type":"ListItem","position":1,"name":"Strona g\u0142\u00f3wna","item":"https:\/\/invimed.pl\/"},{"@type":"ListItem","position":2,"name":"Wszystko o pierwszej wizycie w klinice Invimed"}]},{"@type":"WebSite","@id":"https:\/\/invimed.pl\/#website","url":"https:\/\/invimed.pl\/","name":"Invimed","description":"Our mission is to create a happy family together","potentialAction":[{"@type":"SearchAction","target":{"@type":"EntryPoint","urlTemplate":"https:\/\/invimed.pl\/?s={search_term_string}"},"query-input":{"@type":"PropertyValueSpecification","valueRequired":true,"valueName":"search_term_string"}}],"inLanguage":"en-GB"}]}},"_links":{"self":[{"href":"https:\/\/invimed.pl\/en\/wp-json\/wp\/v2\/pages\/5288","targetHints":{"allow":["GET"]}}],"collection":[{"href":"https:\/\/invimed.pl\/en\/wp-json\/wp\/v2\/pages"}],"about":[{"href":"https:\/\/invimed.pl\/en\/wp-json\/wp\/v2\/types\/page"}],"author":[{"embeddable":true,"href":"https:\/\/invimed.pl\/en\/wp-json\/wp\/v2\/users\/18"}],"replies":[{"embeddable":true,"href":"https:\/\/invimed.pl\/en\/wp-json\/wp\/v2\/comments?post=5288"}],"version-history":[{"count":2,"href":"https:\/\/invimed.pl\/en\/wp-json\/wp\/v2\/pages\/5288\/revisions"}],"predecessor-version":[{"id":257022,"href":"https:\/\/invimed.pl\/en\/wp-json\/wp\/v2\/pages\/5288\/revisions\/257022"}],"wp:featuredmedia":[{"embeddable":true,"href":"https:\/\/invimed.pl\/en\/wp-json\/wp\/v2\/media\/5289"}],"wp:attachment":[{"href":"https:\/\/invimed.pl\/en\/wp-json\/wp\/v2\/media?parent=5288"}],"curies":[{"name":"wp","href":"https:\/\/api.w.org\/{rel}","templated":true}]}}