{"id":5292,"date":"2024-04-26T13:28:10","date_gmt":"2024-04-26T13:28:10","guid":{"rendered":"http:\/\/invimed.pl\/?page_id=5292"},"modified":"2024-08-23T08:49:50","modified_gmt":"2024-08-23T08:49:50","slug":"azh-assisted-zona-hatching","status":"publish","type":"page","link":"https:\/\/invimed.pl\/en\/azh-assisted-zona-hatching","title":{"rendered":"AZH (Assisted Zona Hatching)"},"content":{"rendered":"<p>Assisted Zona Hatching (AZH) or Assisted Hatching (AH) - supports the hatching of the embryo out of the zona pellucida, thereby increasing the chances of correct embryo implantation and pregnancy. During an AZH procedure, the embryo's zona pellucida is incised slightly so that the process of hatching (emergence) of the embryo from the zona pellucida is undisturbed.<\/p>\n\n\n\n<h2 class=\"wp-block-heading\" id=\"co-to-jest-azh-lub-ah\">What is AZH (or AH)?<\/h2>\n\n\n\n<p>It is a laboratory technique used in the IVF procedure that involves making a small incision in the embryo's transparent envelope or reducing its thickness with a laser device. AZH assists the process of hatching of the embryo from its casing. Hatching is the physiological process necessary for the embryo to start implanting in the endometrium. During this phenomenon, the growing blastocyst breaks through and escapes from the transparent sheath. Hatching of the embryo must occur before implantation into the endometrium. Hatching of healthy blastocysts in vitro usually occurs between 7 and 8 days after insemination or oocyte microinjection.<\/p>\n\n\n\n<section class=\"check-list\">\n\t    <header class=\"check-list__header\">\n        <div class=\"acf-innerblocks-container\">\n\n<section class=\"check-list\">\n\t    <header class=\"check-list__header\">\n        <div class=\"acf-innerblocks-container\">\n\n<h2 class=\"wp-block-heading\" id=\"kiedy-stosuje-sie-procedure-azh\">When is the AZH procedure used?<\/h2>\n\n\n\n<p>Assisted embryo hatching is recommended especially in cases where:<\/p>\n\n<\/div>\n    <\/header>\n    <ul class=\"mb-0 p-0 check-list__inner\">\n            <li class=\"d-flex check-list__item\">\n            <div class=\"svg-container\">\n                <svg width=\"16\" height=\"16\">\n                    <use xlink:href=\"#icon-check-2\" \/>\n                <\/svg>\n            <\/div>\n            <div class=\"check-list__item__rte\">\n                <p>couples have a history of at least two unsuccessful IVF treatments,<\/p>\n            <\/div>\n        <\/li>\n            <li class=\"d-flex check-list__item\">\n            <div class=\"svg-container\">\n                <svg width=\"16\" height=\"16\">\n                    <use xlink:href=\"#icon-check-2\" \/>\n                <\/svg>\n            <\/div>\n            <div class=\"check-list__item__rte\">\n                <p>women who are over 38 years of age,<\/p>\n            <\/div>\n        <\/li>\n            <li class=\"d-flex check-list__item\">\n            <div class=\"svg-container\">\n                <svg width=\"16\" height=\"16\">\n                    <use xlink:href=\"#icon-check-2\" \/>\n                <\/svg>\n            <\/div>\n            <div class=\"check-list__item__rte\">\n                <p>the quality of the couple's embryos is described as medium or low,<\/p>\n            <\/div>\n        <\/li>\n            <li class=\"d-flex check-list__item\">\n            <div class=\"svg-container\">\n                <svg width=\"16\" height=\"16\">\n                    <use xlink:href=\"#icon-check-2\" \/>\n                <\/svg>\n            <\/div>\n            <div class=\"check-list__item__rte\">\n                <p>structural abnormalities within the transparent envelope have been identified that may interfere with the embryo hatching process.<\/p>\n            <\/div>\n        <\/li>\n        <\/ul>\n<\/section>\n\n\n\n<p>&nbsp;AZH is particularly indicated to increase the success rate of frozen embryo transfer (FET) in cases of preceding implantation failures.&nbsp;<\/p>\n\n\n\n<section class=\"articles-slider\">\n\t    \t\t<div class=\"articles-slider__wrapper\">\n\t\t<header class=\"articles-slider__header\">\n\t\t\t<div class=\"acf-innerblocks-container\">\n\n<h2 class=\"wp-block-heading\" id=\"dowiedz-sie-wiecej\"><strong>Find out more<\/strong><\/h2>\n\n<\/div>\n\t\t<\/header>\n\t\t<\/div>\n<\/section>\n\n\n\n<div class=\"wp-block-columns is-layout-flex wp-container-core-columns-is-layout-28f84493 wp-block-columns-is-layout-flex\">\n<div class=\"wp-block-column is-layout-flow wp-block-column-is-layout-flow\" style=\"flex-basis:100%\"><\/div>\n<\/div>\n\n<\/div>\n    <\/header>\n<\/section>\n\n\n\n<p><\/p>","protected":false},"excerpt":{"rendered":"<p>Assisted Zona Hatching (AZH) lub Assisted Hatching (AH) \u2013 wspomaganie wyl\u0119ganie si\u0119 zarodka z os\u0142onki przejrzystej, przez co zwi\u0119ksza szanse na prawid\u0142ow\u0105 implantacj\u0119 zarodka i ci\u0105\u017c\u0119. Podczas zabiegu AZH os\u0142onka przejrzysta zarodka zostaje poddana niewielkiemu naci\u0119ciu, aby proces wyl\u0119gania (wyklucia) embrionu z os\u0142onki przebieg\u0142 bez zak\u0142\u00f3ce\u0144. Co to jest AZH (lub AH)? Jest to technika [&hellip;]<\/p>\n","protected":false},"author":18,"featured_media":5293,"parent":0,"menu_order":0,"comment_status":"closed","ping_status":"closed","template":"","meta":{"_acf_changed":false,"footnotes":""},"class_list":["post-5292","page","type-page","status-publish","has-post-thumbnail","hentry"],"acf":[],"yoast_head":"<!-- This site is optimized with the Yoast SEO plugin v27.2 - https:\/\/yoast.com\/product\/yoast-seo-wordpress\/ -->\n<title>AZH - wspomaganie wyl\u0119gania zarodka - Invimed<\/title>\n<meta name=\"description\" content=\"AZH zwi\u0119ksza szanse na prawid\u0142ow\u0105 implantacj\u0119 zarodka i ci\u0105\u017c\u0119. Sprawd\u017a, kiedy stosuje si\u0119 procedur\u0119 naci\u0119cia os\u0142onki przejrzystej zarodka.\" \/>\n<meta name=\"robots\" content=\"index, follow, max-snippet:-1, max-image-preview:large, max-video-preview:-1\" \/>\n<meta property=\"og:locale\" content=\"en_GB\" \/>\n<meta property=\"og:type\" content=\"article\" \/>\n<meta property=\"og:title\" content=\"AZH - wspomaganie wyl\u0119gania zarodka - Invimed\" \/>\n<meta property=\"og:description\" content=\"AZH zwi\u0119ksza szanse na prawid\u0142ow\u0105 implantacj\u0119 zarodka i ci\u0105\u017c\u0119. Sprawd\u017a, kiedy stosuje si\u0119 procedur\u0119 naci\u0119cia os\u0142onki przejrzystej zarodka.\" \/>\n<meta property=\"og:url\" content=\"https:\/\/invimed.pl\/en\/azh-assisted-zona-hatching\/\" \/>\n<meta property=\"og:site_name\" content=\"Invimed\" \/>\n<meta property=\"article:modified_time\" content=\"2024-08-23T08:49:50+00:00\" \/>\n<meta property=\"og:image\" content=\"https:\/\/invimed.pl\/wp-content\/uploads\/2024\/04\/AZH.jpg\" \/>\n\t<meta property=\"og:image:width\" content=\"1440\" \/>\n\t<meta property=\"og:image:height\" content=\"300\" \/>\n\t<meta property=\"og:image:type\" content=\"image\/jpeg\" \/>\n<meta name=\"twitter:card\" content=\"summary_large_image\" \/>\n<meta name=\"twitter:label1\" content=\"Estimated reading time\" \/>\n\t<meta name=\"twitter:data1\" content=\"3 minutes\" \/>\n<!-- \/ Yoast SEO plugin. -->","yoast_head_json":{"title":"AZH - embryo hatching support - Invimed","description":"AZH increases the chances of proper embryo implantation and pregnancy. Find out when the embryo clear sheath incision procedure is used.","robots":{"index":"index","follow":"follow","max-snippet":"max-snippet:-1","max-image-preview":"max-image-preview:large","max-video-preview":"max-video-preview:-1"},"og_locale":"en_GB","og_type":"article","og_title":"AZH - wspomaganie wyl\u0119gania zarodka - Invimed","og_description":"AZH zwi\u0119ksza szanse na prawid\u0142ow\u0105 implantacj\u0119 zarodka i ci\u0105\u017c\u0119. Sprawd\u017a, kiedy stosuje si\u0119 procedur\u0119 naci\u0119cia os\u0142onki przejrzystej zarodka.","og_url":"https:\/\/invimed.pl\/en\/azh-assisted-zona-hatching\/","og_site_name":"Invimed","article_modified_time":"2024-08-23T08:49:50+00:00","og_image":[{"width":1440,"height":300,"url":"https:\/\/invimed.pl\/wp-content\/uploads\/2024\/04\/AZH.jpg","type":"image\/jpeg"}],"twitter_card":"summary_large_image","twitter_misc":{"Estimated reading time":"3 minutes"},"schema":{"@context":"https:\/\/schema.org","@graph":[{"@type":"WebPage","@id":"https:\/\/invimed.pl\/azh-assisted-zona-hatching","url":"https:\/\/invimed.pl\/azh-assisted-zona-hatching","name":"AZH - embryo hatching support - Invimed","isPartOf":{"@id":"https:\/\/invimed.pl\/#website"},"primaryImageOfPage":{"@id":"https:\/\/invimed.pl\/azh-assisted-zona-hatching#primaryimage"},"image":{"@id":"https:\/\/invimed.pl\/azh-assisted-zona-hatching#primaryimage"},"thumbnailUrl":"https:\/\/invimed.pl\/wp-content\/uploads\/2024\/04\/AZH.jpg","datePublished":"2024-04-26T13:28:10+00:00","dateModified":"2024-08-23T08:49:50+00:00","description":"AZH increases the chances of proper embryo implantation and pregnancy. Find out when the embryo clear sheath incision procedure is used.","breadcrumb":{"@id":"https:\/\/invimed.pl\/azh-assisted-zona-hatching#breadcrumb"},"inLanguage":"en-GB","potentialAction":[{"@type":"ReadAction","target":["https:\/\/invimed.pl\/azh-assisted-zona-hatching"]}]},{"@type":"ImageObject","inLanguage":"en-GB","@id":"https:\/\/invimed.pl\/azh-assisted-zona-hatching#primaryimage","url":"https:\/\/invimed.pl\/wp-content\/uploads\/2024\/04\/AZH.jpg","contentUrl":"https:\/\/invimed.pl\/wp-content\/uploads\/2024\/04\/AZH.jpg","width":1440,"height":300},{"@type":"BreadcrumbList","@id":"https:\/\/invimed.pl\/azh-assisted-zona-hatching#breadcrumb","itemListElement":[{"@type":"ListItem","position":1,"name":"Strona g\u0142\u00f3wna","item":"https:\/\/invimed.pl\/"},{"@type":"ListItem","position":2,"name":"AZH (Assisted Zona Hatching)"}]},{"@type":"WebSite","@id":"https:\/\/invimed.pl\/#website","url":"https:\/\/invimed.pl\/","name":"Invimed","description":"Our mission is to create a happy family together","potentialAction":[{"@type":"SearchAction","target":{"@type":"EntryPoint","urlTemplate":"https:\/\/invimed.pl\/?s={search_term_string}"},"query-input":{"@type":"PropertyValueSpecification","valueRequired":true,"valueName":"search_term_string"}}],"inLanguage":"en-GB"}]}},"_links":{"self":[{"href":"https:\/\/invimed.pl\/en\/wp-json\/wp\/v2\/pages\/5292","targetHints":{"allow":["GET"]}}],"collection":[{"href":"https:\/\/invimed.pl\/en\/wp-json\/wp\/v2\/pages"}],"about":[{"href":"https:\/\/invimed.pl\/en\/wp-json\/wp\/v2\/types\/page"}],"author":[{"embeddable":true,"href":"https:\/\/invimed.pl\/en\/wp-json\/wp\/v2\/users\/18"}],"replies":[{"embeddable":true,"href":"https:\/\/invimed.pl\/en\/wp-json\/wp\/v2\/comments?post=5292"}],"version-history":[{"count":4,"href":"https:\/\/invimed.pl\/en\/wp-json\/wp\/v2\/pages\/5292\/revisions"}],"predecessor-version":[{"id":261830,"href":"https:\/\/invimed.pl\/en\/wp-json\/wp\/v2\/pages\/5292\/revisions\/261830"}],"wp:featuredmedia":[{"embeddable":true,"href":"https:\/\/invimed.pl\/en\/wp-json\/wp\/v2\/media\/5293"}],"wp:attachment":[{"href":"https:\/\/invimed.pl\/en\/wp-json\/wp\/v2\/media?parent=5292"}],"curies":[{"name":"wp","href":"https:\/\/api.w.org\/{rel}","templated":true}]}}