{"id":5441,"date":"2024-04-27T10:00:55","date_gmt":"2024-04-27T10:00:55","guid":{"rendered":"http:\/\/invimed.pl\/?page_id=5441"},"modified":"2024-07-19T10:58:53","modified_gmt":"2024-07-19T08:58:53","slug":"laser-therapy-monalisa-touchtm","status":"publish","type":"page","link":"https:\/\/invimed.pl\/en\/laseroterapia-monalisa-touchtm","title":{"rendered":"MonaLisa Touch\u2122 laser therapy"},"content":{"rendered":"<p>The MonaLisa Touch\u2122 treatment is an innovative, non-invasive and completely safe procedure developed for women who experience unpleasant intimate discomfort, for example after childbirth. The application of the laser leads to the removal of unpleasant symptoms and significantly improves the comfort of the intimate zones.<\/p>\n\n\n\n<section class=\"cta-3\">\n\t\t<div class=\"container cta-3__container\">\n\t\t<div class=\"position-relative cta-3__wrapper\">\n\t\t                    <div class=\"acf-innerblocks-container\">\n\n<p class=\"has-text-align-center\"><strong>Buy your teleportation device at MediStore!<\/strong><\/p>\n\n\n\n<p class=\"has-text-align-center\">To purchase a teleportation, click on the \"Buy now\" button, which will take you to the Invimed offer in the MediStore. There you will make your selection and purchase the appropriate teleportation.&nbsp;<\/p>\n\n\n\n<div class=\"wp-block-buttons is-content-justification-center is-layout-flex wp-container-core-buttons-is-layout-a89b3969 wp-block-buttons-is-layout-flex\">\n<div class=\"wp-block-button\"><a class=\"wp-block-button__link wp-element-button\" href=\"https:\/\/www.medistore.com.pl\/c\/invimed?utm_source=InviMed&amp;utm_medium=tpm&amp;utm_campaign=2020\" target=\"_blank\" rel=\"noreferrer noopener\">Buy now<\/a><\/div>\n<\/div>\n\n<\/div>\n                \t\t<\/div>\n\t<\/div>\n<\/section>\n\n\n\n<section class=\"check-list\">\n\t    <header class=\"check-list__header\">\n        <div class=\"acf-innerblocks-container\">\n\n<section class=\"check-list\">\n\t    <header class=\"check-list__header\">\n        <div class=\"acf-innerblocks-container\">\n\n<h2 class=\"wp-block-heading\" id=\"w-klinice-invimed-w-gdyni-laseroterapia-monalisa-touch%e2%84%a2-jest-wykorzystywana-do\">At the Invimed clinic in Gdynia, MonaLisa Touch\u2122 Laser Therapy is used for:<\/h2>\n\n<\/div>\n    <\/header>\n    <ul class=\"mb-0 p-0 check-list__inner\">\n            <li class=\"d-flex check-list__item\">\n            <div class=\"svg-container\">\n                <svg width=\"16\" height=\"16\">\n                    <use xlink:href=\"#icon-check-2\" \/>\n                <\/svg>\n            <\/div>\n            <div class=\"check-list__item__rte\">\n                <p>non-invasive perineal lift after childbirth;<\/p>\n            <\/div>\n        <\/li>\n            <li class=\"d-flex check-list__item\">\n            <div class=\"svg-container\">\n                <svg width=\"16\" height=\"16\">\n                    <use xlink:href=\"#icon-check-2\" \/>\n                <\/svg>\n            <\/div>\n            <div class=\"check-list__item__rte\">\n                <p>post-partum rehabilitation;<\/p>\n            <\/div>\n        <\/li>\n            <li class=\"d-flex check-list__item\">\n            <div class=\"svg-container\">\n                <svg width=\"16\" height=\"16\">\n                    <use xlink:href=\"#icon-check-2\" \/>\n                <\/svg>\n            <\/div>\n            <div class=\"check-list__item__rte\">\n                <p>treatment of urinary incontinence;<\/p>\n            <\/div>\n        <\/li>\n            <li class=\"d-flex check-list__item\">\n            <div class=\"svg-container\">\n                <svg width=\"16\" height=\"16\">\n                    <use xlink:href=\"#icon-check-2\" \/>\n                <\/svg>\n            <\/div>\n            <div class=\"check-list__item__rte\">\n                <p>revitalisation of the external intimate sphere;<\/p>\n            <\/div>\n        <\/li>\n            <li class=\"d-flex check-list__item\">\n            <div class=\"svg-container\">\n                <svg width=\"16\" height=\"16\">\n                    <use xlink:href=\"#icon-check-2\" \/>\n                <\/svg>\n            <\/div>\n            <div class=\"check-list__item__rte\">\n                <p>reduction of the labia (labioplasty).<\/p>\n            <\/div>\n        <\/li>\n        <\/ul>\n<\/section>\n\n\n\n<h2 class=\"wp-block-heading\" id=\"przebieg-zabiegu-monalisa-touch%e2%84%a2\">Procedure of the MonaLisa Touch\u2122 procedure<\/h2>\n\n\n\n<p>The MonaLisa Touch\u2122 treatment is performed using a special laser head with a scanner, which is inserted into the vagina. The laser energy acts on the vaginal mucosa, heating it and the collagen present in its tissues. The high temperature causes the collagen fibres to shrink and the numerous, precisely placed micro-injuries to the mucosa stimulate the formation of new cells and glands. The use of the laser also increases the production of glycogen, which is responsible for proper vaginal lubrication. The result is therefore not only vaginal self-healing and shrinking, but also an increase in vaginal lubrication and elasticity. The MonaLisa Touch\u2122 treatment also contributes to the reduction of the problem of stress urinary incontinence, if present in the patient.<\/p>\n\n\n\n<p>During the procedure, the patient feels no pain, only a slight warmth. If the external genitals are to be treated with laser, an anaesthetic may be applied about 15 minutes before the procedure. The MonaLisa Touch\u2122 treatment takes 5-10 minutes and there is no need to prepare for it.<\/p>\n\n\n\n<p>After laser application, the woman should remain sexually abstinent for seven days and avoid exercise, hot baths and lifting heavy objects.<\/p>\n\n\n\n<section class=\"check-list\">\n\t    <header class=\"check-list__header\">\n        <div class=\"acf-innerblocks-container\">\n\n<h2 class=\"wp-block-heading\" id=\"efekty-po-zabiegu-monalisa-touch%e2%84%a2\">Effects after the MonaLisa Touch\u2122 procedure<\/h2>\n\n\n\n<p>MonaLisa Touch\u2122 laser therapy has numerous benefits:<\/p>\n\n<\/div>\n    <\/header>\n    <ul class=\"mb-0 p-0 check-list__inner\">\n            <li class=\"d-flex check-list__item\">\n            <div class=\"svg-container\">\n                <svg width=\"16\" height=\"16\">\n                    <use xlink:href=\"#icon-check-2\" \/>\n                <\/svg>\n            <\/div>\n            <div class=\"check-list__item__rte\">\n                <p>restores the proper acidic pH of the vagina;<\/p>\n            <\/div>\n        <\/li>\n            <li class=\"d-flex check-list__item\">\n            <div class=\"svg-container\">\n                <svg width=\"16\" height=\"16\">\n                    <use xlink:href=\"#icon-check-2\" \/>\n                <\/svg>\n            <\/div>\n            <div class=\"check-list__item__rte\">\n                <p>reduces the size of the vagina;<\/p>\n            <\/div>\n        <\/li>\n            <li class=\"d-flex check-list__item\">\n            <div class=\"svg-container\">\n                <svg width=\"16\" height=\"16\">\n                    <use xlink:href=\"#icon-check-2\" \/>\n                <\/svg>\n            <\/div>\n            <div class=\"check-list__item__rte\">\n                <p>improves the elasticity of the vaginal walls;<\/p>\n            <\/div>\n        <\/li>\n            <li class=\"d-flex check-list__item\">\n            <div class=\"svg-container\">\n                <svg width=\"16\" height=\"16\">\n                    <use xlink:href=\"#icon-check-2\" \/>\n                <\/svg>\n            <\/div>\n            <div class=\"check-list__item__rte\">\n                <p>increases the level of moisture and tension in the vaginal walls;<\/p>\n            <\/div>\n        <\/li>\n            <li class=\"d-flex check-list__item\">\n            <div class=\"svg-container\">\n                <svg width=\"16\" height=\"16\">\n                    <use xlink:href=\"#icon-check-2\" \/>\n                <\/svg>\n            <\/div>\n            <div class=\"check-list__item__rte\">\n                <p>improves the quality of sexual life by reducing vaginal dryness and reducing susceptibility to intimate infections;<\/p>\n            <\/div>\n        <\/li>\n            <li class=\"d-flex check-list__item\">\n            <div class=\"svg-container\">\n                <svg width=\"16\" height=\"16\">\n                    <use xlink:href=\"#icon-check-2\" \/>\n                <\/svg>\n            <\/div>\n            <div class=\"check-list__item__rte\">\n                <p>strengthens the muscles of the anterior vaginal wall, thus solving the problem of stress urinary incontinence.<\/p>\n            <\/div>\n        <\/li>\n        <\/ul>\n<\/section>\n\n\n\n<p>The desired effect of the MonaLisa Touch\u2122 treatment usually appears after just one application of the laser, but sometimes - for example in the case of stress urinary incontinence - the treatment can be repeated for optimal intimate comfort. The interval between treatments should be 2-4 weeks.<\/p>\n\n\n\n<p>The effect of the MonaLisa Touch\u2122 treatment lasts depending on the patient's individual situation. If the woman is young, has already given birth to at least one child and is about to become pregnant again, she will enjoy intimate comfort until the next birth. Remarkably, she will then be at less risk of damage to her intimate areas.<\/p>\n\n<\/div>\n    <\/header>\n<\/section>\n\n\n\n<h3 class=\"wp-block-heading\" id=\"czy-mozna-samodzielnie-wyznaczyc-owulacje\">Can you determine ovulation on your own?<\/h3>\n\n\n\n<p>You can determine the day of ovulation yourself, with the help of home ovulation strip tests, a fertile day calculator or by observing your body during the different phases of your cycle. However, the most effective and accurate method of determining your fertile days is to consult a cycle monitor.<\/p>\n\n\n\n<p>It is advisable to use the fertile day calculator option in the first months of trying for a baby. In the long term, it is worth entrusting the assessment of ovulation to a gynaecologist from an infertility clinic and making an appointment for a consultation with cycle monitoring or coming for an initial infertility consultation.<\/p>\n\n\n\n<figure class=\"wp-block-table\"><table style=\"border-width:3px\"><tbody><tr><td><em><strong>Make an appointment for your treatment at Invimed Gdynia!<\/strong><\/em><br>We guarantee full professionalism in carrying out the treatment. To make an appointment, call:&nbsp;<a href=\"phoneto:&quot;500 900 888&quot;\">500 900 888<\/a>.<\/td><\/tr><\/tbody><\/table><\/figure>\n\n\n\n<section class=\"check-list\">\n\t    <header class=\"check-list__header\">\n        <div class=\"acf-innerblocks-container\">\n\n<h2 class=\"wp-block-heading\" id=\"wymagania-do-zabiegu-monalisa-touch%e2%84%a2\">Requirements for the MonaLisa Touch\u2122 procedure<\/h2>\n\n\n\n<p>Prior to the MonaLisa Touch\u2122 treatment, the patient should have a gynaecological examination and cytology (within six months before the planned treatment).<\/p>\n\n\n\n<h2 class=\"wp-block-heading\" id=\"przeciwwskazania-do-zabiegu-monalisa-touch%e2%84%a2\">Contraindications to the MonaLisa Touch\u2122 procedure<\/h2>\n\n\n\n<p>Laser treatment cannot be carried out on pregnant women, menstruating women, cancer patients or those affected by a reproductive tract infection.<\/p>\n\n\n\n<h2 class=\"wp-block-heading\" id=\"dowiedz-sie-wiecej\">Find out more<\/h2>\n\n<\/div>\n    <\/header>\n<\/section>\n\n\n<section class=\"columns-slider block_9ab876fcf69e78ac751a418e3ac69848\">\n        \t    <div class=\"columns-slider__container\">\n        <div class=\"columns-slider__wrapper\">\n            <div class=\"splide js-columns-slider\">\n                <div class=\"splide__track\">\n                    <div class=\"splide__list\">\n                                            <div class=\"splide__slide columns-slider__item\">\n                            <div class=\"position-relative text-center item__wrapper\">\n                                                            <a class=\"position-absolute top-0 left-0 w-100 h-100 item__link\" href=\"https:\/\/invimed.pl\/en\/treatment-of-infertility\/ovulation-stimulation\/\" target=\"_self\"><\/a>\n                            <\/a>\n                                                                                        <figure class=\"item__icon\">\n                                    <svg xmlns=\"http:\/\/www.w3.org\/2000\/svg\" xmlns:xlink=\"http:\/\/www.w3.org\/1999\/xlink\" version=\"1.1\" id=\"Warstwa_1\" x=\"0px\" y=\"0px\" viewbox=\"0 0 56 56\" style=\"enable-background:new 0 0 56 56;\" xml:space=\"preserve\"> <style type=\"text\/css\"> .st0{clip-path:url(#SVGID_00000124856811082955102780000017494560770092649345_);fill:#008540;} .st1{clip-path:url(#SVGID_00000124856811082955102780000017494560770092649345_);fill:#FFFFFF;} .st2{clip-path:url(#SVGID_00000124856811082955102780000017494560770092649345_);fill:none;stroke:#FFFFFF;stroke-width:0.93;} <\/style> <g> <defs> <rect id=\"SVGID_1_\" width=\"56\" height=\"56\"><\/rect> <\/defs> <clippath id=\"SVGID_00000089543867038866901800000000797444651048944038_\"> <use xlink:href=\"#SVGID_1_\" style=\"overflow:visible;\"><\/use> <\/clippath> <path style=\"clip-path:url(#SVGID_00000089543867038866901800000000797444651048944038_);fill:#008540;\" d=\"M28,56 c15.5,0,28-12.5,28-28S43.5,0,28,0S0,12.5,0,28S12.5,56,28,56\"><\/path> <path style=\"clip-path:url(#SVGID_00000089543867038866901800000000797444651048944038_);fill:#FFFFFF;\" d=\"M44.6,14.4l-3.3-3.3 c-0.2-0.2-0.5-0.2-0.7,0c-0.2,0.2-0.2,0.5,0,0.7l1.3,1.3l-3.4,3.4l-2.1-2.1c-0.2-0.2-0.5-0.2-0.7,0c-0.2,0.2-0.2,0.5,0,0.7l0.1,0.1 L23.9,27.1c-0.1,0.1-0.2,0.3-0.2,0.4c0,0.2,0.1,0.3,0.2,0.4l0.7,0.7l-2.3,2.3c-0.1,0.1-0.2,0.3-0.2,0.4s0.1,0.3,0.2,0.4l0.5,0.5 L18.1,37c-0.2,0.2-0.2,0.5,0,0.7c0.1,0.1,0.2,0.1,0.3,0.1c0.1,0,0.2,0,0.3-0.1l4.7-4.7l0.5,0.5c0.1,0.1,0.3,0.2,0.4,0.2 s0.3-0.1,0.4-0.2l2.3-2.3l0.7,0.7C28,32,28.1,32,28.3,32s0.3-0.1,0.4-0.2l8-8l1.9-2l1.9-1.9l0.1,0.1c0.1,0.1,0.2,0.1,0.3,0.1 c0.1,0,0.2,0,0.3-0.1c0.2-0.2,0.2-0.5,0-0.7l-0.1-0.1l-2.1-2.1l3.4-3.4l1.3,1.3c0.1,0.1,0.2,0.1,0.3,0.1c0.1,0,0.2,0,0.3-0.1 C44.8,14.9,44.8,14.6,44.6,14.4L44.6,14.4z M24.5,32.5l-1.2-1.2l2-2l0.6,0.6l0.6,0.6L24.5,32.5L24.5,32.5z M38.3,20.9l-1.2-1.2 c-0.2-0.2-0.5-0.2-0.7,0c-0.2,0.2-0.2,0.5,0,0.7l1.2,1.2l-1.3,1.3l-1.2-1.2c-0.2-0.2-0.5-0.2-0.7,0c-0.2,0.2-0.2,0.5,0,0.7l1.2,1.2 l-1.3,1.3l-1.2-1.2c-0.2-0.2-0.5-0.2-0.7,0c-0.2,0.2-0.2,0.5,0,0.7l1.2,1.2l-1.3,1.3l-1.2-1.2c-0.2-0.2-0.5-0.2-0.7,0 c-0.2,0.2-0.2,0.5,0,0.7l1.2,1.2l-1.3,1.3l-1.2-1.2c-0.2-0.2-0.5-0.2-0.7,0c-0.2,0.2-0.2,0.5,0,0.7l1.2,1.2l-1.6,1.6l-0.4-0.4 l-1.3-1.3l-1.7-1.7l11.7-11.7l1.7,1.7l1.7,1.7L38.3,20.9L38.3,20.9z\"><\/path> <circle style=\"clip-path:url(#SVGID_00000089543867038866901800000000797444651048944038_);fill:none;stroke:#FFFFFF;stroke-width:0.93;\" cx=\"17.5\" cy=\"38.5\" r=\"6\"><\/circle> <\/g> <\/svg>                                <\/figure>\n                                                                                        <h3 class=\"item__heading\">\n                                    Ovarian stimulation                                <\/h3>\n                                                                                        <p class=\"py-0\">How to ovulate<\/p>\n                                                        <\/div>\n                        <\/div>\n                                            <div class=\"splide__slide columns-slider__item\">\n                            <div class=\"position-relative text-center item__wrapper\">\n                                                            <a class=\"position-absolute top-0 left-0 w-100 h-100 item__link\" href=\"https:\/\/invimed.pl\/en\/lack-of-ovulation-causes-symptoms-diagnosis-and-treatment\/\" target=\"_blank\" rel=\"noopener noreferrer\"><\/a>\n                            <\/a>\n                                                                                        <figure class=\"item__icon\">\n                                    <svg xmlns=\"http:\/\/www.w3.org\/2000\/svg\" xmlns:xlink=\"http:\/\/www.w3.org\/1999\/xlink\" version=\"1.1\" id=\"Warstwa_1\" x=\"0px\" y=\"0px\" viewbox=\"0 0 56 56\" style=\"enable-background:new 0 0 56 56;\" xml:space=\"preserve\"> <style type=\"text\/css\"> .st0{clip-path:url(#SVGID_00000113349465631757645120000016951248745933757851_);fill:#008540;} .st1{clip-path:url(#SVGID_00000162332600399175003080000016732655916936532127_);fill:none;stroke:#FFFFFF;stroke-linecap:round;stroke-linejoin:round;stroke-miterlimit:10;} <\/style> <g> <g> <defs> <rect id=\"SVGID_1_\" width=\"56\" height=\"56\"><\/rect> <\/defs> <clippath id=\"SVGID_00000153699571814837337500000012577493797072789914_\"> <use xlink:href=\"#SVGID_1_\" style=\"overflow:visible;\"><\/use> <\/clippath> <path style=\"clip-path:url(#SVGID_00000153699571814837337500000012577493797072789914_);fill:#008540;\" d=\"M28,56 c15.5,0,28-12.5,28-28S43.5,0,28,0S0,12.5,0,28S12.5,56,28,56\"><\/path> <\/g> <g> <defs> <rect id=\"SVGID_00000021116966143173521920000013832820947383393670_\" width=\"56\" height=\"56\"><\/rect> <\/defs> <clippath id=\"SVGID_00000045608023929671997990000008612701431952604288_\"> <use xlink:href=\"#SVGID_00000021116966143173521920000013832820947383393670_\" style=\"overflow:visible;\"><\/use> <\/clippath> <path style=\"clip-path:url(#SVGID_00000045608023929671997990000008612701431952604288_);fill:none;stroke:#FFFFFF;stroke-linecap:round;stroke-linejoin:round;stroke-miterlimit:10;\" d=\" M30.9,15.5c0,1.6-1.3,2.9-2.9,2.9s-2.9-1.3-2.9-2.9s1.3-2.9,2.9-2.9S30.9,13.9,30.9,15.5z M35.7,33.8l-3.9-13.5h-7.7l-3.9,13.5H24 l2,9.6h3.5h0.3l1.9-9.6C31.7,33.8,35.7,33.8,35.7,33.8z M29.9,31.9c0,1.1-0.9,1.9-1.9,1.9c-1.1,0-1.9-0.9-1.9-1.9 c0-1.1,0.9-1.9,1.9-1.9C29.1,29.9,29.9,30.8,29.9,31.9z\"><\/path> <\/g> <\/g> <\/svg>                                <\/figure>\n                                                                                        <h3 class=\"item__heading\">\n                                    Lack of ovulation                                <\/h3>\n                                                                                        <p class=\"py-0\">What you can do if you are not ovulating <\/p>\n                                                        <\/div>\n                        <\/div>\n                                        <\/div>\n                <\/div>\n                            <div class=\"d-lg-none splide__arrows\">\n                    <button class=\"splide__arrow splide__arrow--prev\">\n                        <svg width=\"18\" height=\"18\" viewbox=\"0 0 18 18\" fill=\"none\" xmlns=\"http:\/\/www.w3.org\/2000\/svg\">\n                            <path d=\"M6.21838 1.06069L14.5662 8.82302L6.21838 16.5854\" stroke=\"#89939E\" stroke-width=\"1.8\" stroke-linecap=\"round\" stroke-linejoin=\"round\"\/>\n                        <\/svg>\n                    <\/button>\n                    <button class=\"splide__arrow splide__arrow--next\">\n                        <svg width=\"18\" height=\"18\" viewbox=\"0 0 18 18\" fill=\"none\" xmlns=\"http:\/\/www.w3.org\/2000\/svg\">\n                            <path d=\"M6.21838 1.06069L14.5662 8.82302L6.21838 16.5854\" stroke=\"#89939E\" stroke-width=\"1.8\" stroke-linecap=\"round\" stroke-linejoin=\"round\"\/>\n                        <\/svg>\n                    <\/button>\n                <\/div>\n                                    <\/div>\n        <\/div>\n    <\/div>\n<\/section>\n\n\n\n<p><\/p>","protected":false},"excerpt":{"rendered":"<p>Zabieg MonaLisa Touch\u2122 to innowacyjna, nieinwazyjna i ca\u0142kowicie bezpieczna procedura opracowana z my\u015bl\u0105 o kobietach, kt\u00f3re do\u015bwiadczaj\u0105 przykrych dolegliwo\u015bci intymnych, na przyk\u0142ad po porodzie. Zastosowanie lasera prowadzi do usuni\u0119cia nieprzyjemnych objaw\u00f3w i wyra\u017anie poprawia komfort stref intymnych. Czy mo\u017cna samodzielnie wyznaczy\u0107 owulacj\u0119? Dzie\u0144 owulacji mo\u017cna wyznaczy\u0107 samodzielnie, z pomoc\u0105 domowych paskowych test\u00f3w owulacyjnych, kalkulatora dni [&hellip;]<\/p>\n","protected":false},"author":2,"featured_media":5445,"parent":0,"menu_order":0,"comment_status":"closed","ping_status":"closed","template":"","meta":{"_acf_changed":false,"footnotes":""},"class_list":["post-5441","page","type-page","status-publish","has-post-thumbnail","hentry"],"acf":[],"yoast_head":"<!-- This site is optimized with the Yoast SEO plugin v27.2 - https:\/\/yoast.com\/product\/yoast-seo-wordpress\/ -->\n<title>Laseroterapia MonaLisa Touch\u2122 - Invimed<\/title>\n<meta name=\"description\" content=\"Zabieg MonaLisa Touch\u2122 to innowacyjna, nieinwazyjna i ca\u0142kowicie bezpieczna procedura opracowana z my\u015bl\u0105 o kobietach, kt\u00f3re do\u015bwiadczaj\u0105 przykrych dolegliwo\u015bci intymnych, na przyk\u0142ad po porodzie. Zastosowanie lasera prowadzi do usuni\u0119cia nieprzyjemnych objaw\u00f3w i wyra\u017anie poprawia komfort stref intymnych.\" \/>\n<meta name=\"robots\" content=\"index, follow, max-snippet:-1, max-image-preview:large, max-video-preview:-1\" \/>\n<meta property=\"og:locale\" content=\"en_GB\" \/>\n<meta property=\"og:type\" content=\"article\" \/>\n<meta property=\"og:title\" content=\"Laseroterapia MonaLisa Touch\u2122 - Invimed\" \/>\n<meta property=\"og:description\" content=\"Zabieg MonaLisa Touch\u2122 to innowacyjna, nieinwazyjna i ca\u0142kowicie bezpieczna procedura opracowana z my\u015bl\u0105 o kobietach, kt\u00f3re do\u015bwiadczaj\u0105 przykrych dolegliwo\u015bci intymnych, na przyk\u0142ad po porodzie. Zastosowanie lasera prowadzi do usuni\u0119cia nieprzyjemnych objaw\u00f3w i wyra\u017anie poprawia komfort stref intymnych.\" \/>\n<meta property=\"og:url\" content=\"https:\/\/invimed.pl\/en\/laser-therapy-monalisa-touchtm\/\" \/>\n<meta property=\"og:site_name\" content=\"Invimed\" \/>\n<meta property=\"article:modified_time\" content=\"2024-07-19T08:58:53+00:00\" \/>\n<meta property=\"og:image\" content=\"https:\/\/invimed.pl\/wp-content\/uploads\/2024\/04\/mona-lisa.png\" \/>\n\t<meta property=\"og:image:width\" content=\"1440\" \/>\n\t<meta property=\"og:image:height\" content=\"300\" \/>\n\t<meta property=\"og:image:type\" content=\"image\/png\" \/>\n<meta name=\"twitter:card\" content=\"summary_large_image\" \/>\n<meta name=\"twitter:label1\" content=\"Estimated reading time\" \/>\n\t<meta name=\"twitter:data1\" content=\"1 minute\" \/>\n<!-- \/ Yoast SEO plugin. -->","yoast_head_json":{"title":"MonaLisa Touch\u2122 laser therapy - Invimed","description":"The MonaLisa Touch\u2122 treatment is an innovative, non-invasive and completely safe procedure developed for women who experience unpleasant intimate discomfort, for example after childbirth. The application of the laser leads to the removal of unpleasant symptoms and significantly improves the comfort of the intimate zones.","robots":{"index":"index","follow":"follow","max-snippet":"max-snippet:-1","max-image-preview":"max-image-preview:large","max-video-preview":"max-video-preview:-1"},"og_locale":"en_GB","og_type":"article","og_title":"Laseroterapia MonaLisa Touch\u2122 - Invimed","og_description":"Zabieg MonaLisa Touch\u2122 to innowacyjna, nieinwazyjna i ca\u0142kowicie bezpieczna procedura opracowana z my\u015bl\u0105 o kobietach, kt\u00f3re do\u015bwiadczaj\u0105 przykrych dolegliwo\u015bci intymnych, na przyk\u0142ad po porodzie. Zastosowanie lasera prowadzi do usuni\u0119cia nieprzyjemnych objaw\u00f3w i wyra\u017anie poprawia komfort stref intymnych.","og_url":"https:\/\/invimed.pl\/en\/laser-therapy-monalisa-touchtm\/","og_site_name":"Invimed","article_modified_time":"2024-07-19T08:58:53+00:00","og_image":[{"width":1440,"height":300,"url":"https:\/\/invimed.pl\/wp-content\/uploads\/2024\/04\/mona-lisa.png","type":"image\/png"}],"twitter_card":"summary_large_image","twitter_misc":{"Estimated reading time":"1 minute"},"schema":{"@context":"https:\/\/schema.org","@graph":[{"@type":"WebPage","@id":"https:\/\/invimed.pl\/laseroterapia-monalisa-touchtm","url":"https:\/\/invimed.pl\/laseroterapia-monalisa-touchtm","name":"MonaLisa Touch\u2122 laser therapy - Invimed","isPartOf":{"@id":"https:\/\/invimed.pl\/#website"},"primaryImageOfPage":{"@id":"https:\/\/invimed.pl\/laseroterapia-monalisa-touchtm#primaryimage"},"image":{"@id":"https:\/\/invimed.pl\/laseroterapia-monalisa-touchtm#primaryimage"},"thumbnailUrl":"https:\/\/invimed.pl\/wp-content\/uploads\/2024\/04\/mona-lisa.png","datePublished":"2024-04-27T10:00:55+00:00","dateModified":"2024-07-19T08:58:53+00:00","description":"The MonaLisa Touch\u2122 treatment is an innovative, non-invasive and completely safe procedure developed for women who experience unpleasant intimate discomfort, for example after childbirth. The application of the laser leads to the removal of unpleasant symptoms and significantly improves the comfort of the intimate zones.","breadcrumb":{"@id":"https:\/\/invimed.pl\/laseroterapia-monalisa-touchtm#breadcrumb"},"inLanguage":"en-GB","potentialAction":[{"@type":"ReadAction","target":["https:\/\/invimed.pl\/laseroterapia-monalisa-touchtm"]}]},{"@type":"ImageObject","inLanguage":"en-GB","@id":"https:\/\/invimed.pl\/laseroterapia-monalisa-touchtm#primaryimage","url":"https:\/\/invimed.pl\/wp-content\/uploads\/2024\/04\/mona-lisa.png","contentUrl":"https:\/\/invimed.pl\/wp-content\/uploads\/2024\/04\/mona-lisa.png","width":1440,"height":300},{"@type":"BreadcrumbList","@id":"https:\/\/invimed.pl\/laseroterapia-monalisa-touchtm#breadcrumb","itemListElement":[{"@type":"ListItem","position":1,"name":"Strona g\u0142\u00f3wna","item":"https:\/\/invimed.pl\/"},{"@type":"ListItem","position":2,"name":"Laseroterapia MonaLisa Touch\u2122"}]},{"@type":"WebSite","@id":"https:\/\/invimed.pl\/#website","url":"https:\/\/invimed.pl\/","name":"Invimed","description":"Our mission is to create a happy family together","potentialAction":[{"@type":"SearchAction","target":{"@type":"EntryPoint","urlTemplate":"https:\/\/invimed.pl\/?s={search_term_string}"},"query-input":{"@type":"PropertyValueSpecification","valueRequired":true,"valueName":"search_term_string"}}],"inLanguage":"en-GB"}]}},"_links":{"self":[{"href":"https:\/\/invimed.pl\/en\/wp-json\/wp\/v2\/pages\/5441","targetHints":{"allow":["GET"]}}],"collection":[{"href":"https:\/\/invimed.pl\/en\/wp-json\/wp\/v2\/pages"}],"about":[{"href":"https:\/\/invimed.pl\/en\/wp-json\/wp\/v2\/types\/page"}],"author":[{"embeddable":true,"href":"https:\/\/invimed.pl\/en\/wp-json\/wp\/v2\/users\/2"}],"replies":[{"embeddable":true,"href":"https:\/\/invimed.pl\/en\/wp-json\/wp\/v2\/comments?post=5441"}],"version-history":[{"count":7,"href":"https:\/\/invimed.pl\/en\/wp-json\/wp\/v2\/pages\/5441\/revisions"}],"predecessor-version":[{"id":258621,"href":"https:\/\/invimed.pl\/en\/wp-json\/wp\/v2\/pages\/5441\/revisions\/258621"}],"wp:featuredmedia":[{"embeddable":true,"href":"https:\/\/invimed.pl\/en\/wp-json\/wp\/v2\/media\/5445"}],"wp:attachment":[{"href":"https:\/\/invimed.pl\/en\/wp-json\/wp\/v2\/media?parent=5441"}],"curies":[{"name":"wp","href":"https:\/\/api.w.org\/{rel}","templated":true}]}}