{"id":5458,"date":"2024-04-27T10:27:45","date_gmt":"2024-04-27T10:27:45","guid":{"rendered":"http:\/\/invimed.pl\/?page_id=5458"},"modified":"2024-05-05T18:43:01","modified_gmt":"2024-05-05T18:43:01","slug":"labioplasty-labia-reduction","status":"publish","type":"page","link":"https:\/\/invimed.pl\/en\/labioplastyka-zmniejszenie-warg-sromowych","title":{"rendered":"Labioplasty - reduction of the labia minora"},"content":{"rendered":"<h2 class=\"wp-block-heading\" id=\"\"><\/h2>\n\n\n\n<p><strong>Labioplasty involves reducing the labia majora and\/or labia minora and shaping them using a specialised laser tip. Excess labia tissue is trimmed by laser. The procedure is performed under local anaesthetic.<\/strong><\/p>\n\n\n\n<h2 class=\"wp-block-heading\" id=\"zalety-zabiegu-labioplastyki-laserowej\">Advantages of the laser labioplasty procedure<\/h2>\n\n\n\n<p>Labioplasty procedures performed with the MonaLisa Touch\u2122 laser are safer and offer better results than those performed with a scalpel.<\/p>\n\n\n\n<p>The laser stimulates tissue coagulation so that there is no bleeding. This reduces the risk of post-operative scarring, reduces swelling of the treatment area and post-operative discomfort and dramatically reduces healing time.<\/p>\n\n\n\n<p>The laser not only contours the external intimate areas of a woman's body, but also increases the firmness and elasticity of the tissue by stimulating collagen production.<\/p>\n\n\n\n<section class=\"check-list\">\n\t    <header class=\"check-list__header\">\n        <div class=\"acf-innerblocks-container\">\n\n<section class=\"check-list\">\n\t    <header class=\"check-list__header\">\n        <div class=\"acf-innerblocks-container\">\n\n<h2 class=\"wp-block-heading\" id=\"dla-kogo\">For whom?<\/h2>\n\n\n\n<p>The treatment is aimed at:<\/p>\n\n<\/div>\n    <\/header>\n    <ul class=\"mb-0 p-0 check-list__inner\">\n            <li class=\"d-flex check-list__item\">\n            <div class=\"svg-container\">\n                <svg width=\"16\" height=\"16\">\n                    <use xlink:href=\"#icon-check-2\" \/>\n                <\/svg>\n            <\/div>\n            <div class=\"check-list__item__rte\">\n                <p>women with anatomical hypertrophy of the labia minora.<\/p>\n            <\/div>\n        <\/li>\n            <li class=\"d-flex check-list__item\">\n            <div class=\"svg-container\">\n                <svg width=\"16\" height=\"16\">\n                    <use xlink:href=\"#icon-check-2\" \/>\n                <\/svg>\n            <\/div>\n            <div class=\"check-list__item__rte\">\n                <p>women whose labia minora size is a cause of inflammation, chafing, swelling and irritation.<\/p>\n            <\/div>\n        <\/li>\n            <li class=\"d-flex check-list__item\">\n            <div class=\"svg-container\">\n                <svg width=\"16\" height=\"16\">\n                    <use xlink:href=\"#icon-check-2\" \/>\n                <\/svg>\n            <\/div>\n            <div class=\"check-list__item__rte\">\n                <p>women for whom wearing fitted clothing is a cause of recurrent inflammation and pain.<\/p>\n            <\/div>\n        <\/li>\n            <li class=\"d-flex check-list__item\">\n            <div class=\"svg-container\">\n                <svg width=\"16\" height=\"16\">\n                    <use xlink:href=\"#icon-check-2\" \/>\n                <\/svg>\n            <\/div>\n            <div class=\"check-list__item__rte\">\n                <p>women for whom the size of the labia minora is an aesthetic problem.<\/p>\n            <\/div>\n        <\/li>\n        <\/ul>\n<\/section>\n\n\n\n<h2 class=\"wp-block-heading\" id=\"przygotowanie-do-zabiegu\">Preparation for treatment<\/h2>\n\n\n\n<ol class=\"wp-block-list\">\n<li>Consultation with a gynaecologist - analysis of the patient's general health and intimate health, discussion on motivation for the procedure, gynaecological examination with exclusion of inflammation in the vulva and vagina.<\/li>\n\n\n\n<li>Cytological testing.<\/li>\n\n\n\n<li>No aspirin or aspirin derivatives (e.g. Acard), Vitamin E, cough and flu medicines should be taken 2 weeks before the planned surgery.<\/li>\n\n\n\n<li>Smoking should be limited to 3-4 cigarettes per day for 3 days before the procedure.<\/li>\n\n\n\n<li>Inform the doctor of a history of infection, if any, within 2 weeks before the planned surgery.<\/li>\n\n\n\n<li>The procedure is performed under local anaesthesia - extra charge of 100 z\u0142.<\/li>\n\n\n\n<li>General anaesthesia may also be used. When surgery is performed under general anaesthesia, it is necessary to remain fasting (without food or drink) for six hours before surgery and to perform the relevant tests.<\/li>\n\n\n\n<li>Blood tests necessary for general anaesthesia (APTT; morphology; sodium; potassium; fibrinogen kaolin-kefalin time, glucose, morphology, sugar levels).<\/li>\n<\/ol>\n\n\n\n<h2 class=\"wp-block-heading\" id=\"po-zabiegu\">After treatment<\/h2>\n\n\n\n<p>Immediately after the procedure, the patient should lead a sparing lifestyle for approximately 7 days and sexual abstinence is required for 4 weeks. If you undergo the procedure in Invimed Gdynia, you will be entitled to a free follow-up visit up to two weeks after the procedure.&nbsp;<\/p>\n\n\n\n<section class=\"check-list\">\n\t    <header class=\"check-list__header\">\n        <div class=\"acf-innerblocks-container\">\n\n<h2 class=\"wp-block-heading\" id=\"przeciwwskazania-do-zabiegu\">Contraindications to treatment<\/h2>\n\n<\/div>\n    <\/header>\n    <ul class=\"mb-0 p-0 check-list__inner\">\n            <li class=\"d-flex check-list__item\">\n            <div class=\"svg-container\">\n                <svg width=\"16\" height=\"16\">\n                    <use xlink:href=\"#icon-check-2\" \/>\n                <\/svg>\n            <\/div>\n            <div class=\"check-list__item__rte\">\n                <p>pregnancy,<\/p>\n            <\/div>\n        <\/li>\n            <li class=\"d-flex check-list__item\">\n            <div class=\"svg-container\">\n                <svg width=\"16\" height=\"16\">\n                    <use xlink:href=\"#icon-check-2\" \/>\n                <\/svg>\n            <\/div>\n            <div class=\"check-list__item__rte\">\n                <p>menstruation,<\/p>\n            <\/div>\n        <\/li>\n            <li class=\"d-flex check-list__item\">\n            <div class=\"svg-container\">\n                <svg width=\"16\" height=\"16\">\n                    <use xlink:href=\"#icon-check-2\" \/>\n                <\/svg>\n            <\/div>\n            <div class=\"check-list__item__rte\">\n                <p>blood clotting disorders,<\/p>\n            <\/div>\n        <\/li>\n            <li class=\"d-flex check-list__item\">\n            <div class=\"svg-container\">\n                <svg width=\"16\" height=\"16\">\n                    <use xlink:href=\"#icon-check-2\" \/>\n                <\/svg>\n            <\/div>\n            <div class=\"check-list__item__rte\">\n                <p>infections in the vulva and vaginal area,<\/p>\n            <\/div>\n        <\/li>\n            <li class=\"d-flex check-list__item\">\n            <div class=\"svg-container\">\n                <svg width=\"16\" height=\"16\">\n                    <use xlink:href=\"#icon-check-2\" \/>\n                <\/svg>\n            <\/div>\n            <div class=\"check-list__item__rte\">\n                <p>diabetes,<\/p>\n            <\/div>\n        <\/li>\n            <li class=\"d-flex check-list__item\">\n            <div class=\"svg-container\">\n                <svg width=\"16\" height=\"16\">\n                    <use xlink:href=\"#icon-check-2\" \/>\n                <\/svg>\n            <\/div>\n            <div class=\"check-list__item__rte\">\n                <p>cancer.<\/p>\n            <\/div>\n        <\/li>\n        <\/ul>\n<\/section>\n\n<\/div>\n    <\/header>\n<\/section>\n\n\n\n<p class=\"has-text-align-center\">TRANSPARENT PRICING<\/p>\n\n\n\n<h2 class=\"wp-block-heading has-text-align-center\" id=\"cennik-ginekologia-estetyczna\"><strong>Pricing: Aesthetic gynaecology<\/strong><\/h2>\n\n\n\n<section class=\"price-list block_9641eecf43a4193f95b77020b1aaccfc\">\n        <div class=\"price-list__wrapper\">\n        <header class=\"price-list__header\">\n            <div class=\"acf-innerblocks-container\">\n\n<p><\/p>\n\n<\/div>\n        <\/header>\n            <div class=\"d-flex price-list__content\">\n                    <div class=\"d-flex justify-content-between align-items-center price-list__item\">\n                <div class=\"px-0 item__col--left\">\n                    <h3 class=\"item__title\">Gdynia<\/h3>\n                    <a href=\"https:\/\/invimed.pl\/en\/cennik\/invimed-gdynia\">\n                        Ask for a date                    <\/a>\n                <\/div>\n                <div class=\"px-0 item__col--right\">\n                    <a href=\"https:\/\/invimed.pl\/en\/cennik\/invimed-gdynia\" aria-label=\"Check the price in Gdynia\">\n                        Check price                    <\/a>\n                <\/div>\n            <\/div>\n                <\/div>\n        <\/div>\n<\/section>\n\n\n\n<section class=\"cta-3\">\n\t\t<div class=\"container cta-3__container\">\n\t\t<div class=\"position-relative cta-3__wrapper\">\n\t\t            <a\n            class=\"cta-3__link\"\n            href=\"https:\/\/www.mediraty.pl\/\"\n            target=\"_self\"\n            aria-label=\"cta-3\"\n            >\n            <\/a>\n                            <figure class=\"cta-3__image\">\n                <img loading=\"lazy\" decoding=\"async\" width=\"112\" height=\"26\" src=\"https:\/\/invimed.pl\/wp-content\/uploads\/2024\/02\/mediraty-112x26.jpg\" class=\"attachment-cta-3-image size-cta-3-image\" alt=\"Medirats\" srcset=\"https:\/\/invimed.pl\/wp-content\/uploads\/2024\/02\/mediraty-112x26.jpg 112w, https:\/\/invimed.pl\/wp-content\/uploads\/2024\/02\/mediraty-54x12.jpg 54w, https:\/\/invimed.pl\/wp-content\/uploads\/2024\/02\/mediraty-71x16.jpg 71w, https:\/\/invimed.pl\/wp-content\/uploads\/2024\/02\/mediraty-70x16.jpg 70w, https:\/\/invimed.pl\/wp-content\/uploads\/2024\/02\/mediraty-63x15.jpg 63w, https:\/\/invimed.pl\/wp-content\/uploads\/2024\/02\/mediraty-55x13.jpg 55w, https:\/\/invimed.pl\/wp-content\/uploads\/2024\/02\/mediraty-24x6.jpg 24w, https:\/\/invimed.pl\/wp-content\/uploads\/2024\/02\/mediraty-88x20.jpg 88w, https:\/\/invimed.pl\/wp-content\/uploads\/2024\/02\/mediraty-45x10.jpg 45w, https:\/\/invimed.pl\/wp-content\/uploads\/2024\/02\/mediraty-75x17.jpg 75w, https:\/\/invimed.pl\/wp-content\/uploads\/2024\/02\/mediraty.jpg 130w\" sizes=\"auto, (max-width: 112px) 100vw, 112px\" \/>            <\/figure>\n                    <div class=\"acf-innerblocks-container\">\n\n<h3 class=\"wp-block-heading\" id=\"oblicz-finansowanie-leczenia\">Calculate funding for treatment<\/h3>\n\n<\/div>\n                    <figure class=\"cta-3__image cta-3__image--desktop\">\n                <img loading=\"lazy\" decoding=\"async\" width=\"112\" height=\"26\" src=\"https:\/\/invimed.pl\/wp-content\/uploads\/2024\/02\/mediraty-112x26.jpg\" class=\"attachment-cta-3-image size-cta-3-image\" alt=\"Medirats\" srcset=\"https:\/\/invimed.pl\/wp-content\/uploads\/2024\/02\/mediraty-112x26.jpg 112w, https:\/\/invimed.pl\/wp-content\/uploads\/2024\/02\/mediraty-54x12.jpg 54w, https:\/\/invimed.pl\/wp-content\/uploads\/2024\/02\/mediraty-71x16.jpg 71w, https:\/\/invimed.pl\/wp-content\/uploads\/2024\/02\/mediraty-70x16.jpg 70w, https:\/\/invimed.pl\/wp-content\/uploads\/2024\/02\/mediraty-63x15.jpg 63w, https:\/\/invimed.pl\/wp-content\/uploads\/2024\/02\/mediraty-55x13.jpg 55w, https:\/\/invimed.pl\/wp-content\/uploads\/2024\/02\/mediraty-24x6.jpg 24w, https:\/\/invimed.pl\/wp-content\/uploads\/2024\/02\/mediraty-88x20.jpg 88w, https:\/\/invimed.pl\/wp-content\/uploads\/2024\/02\/mediraty-45x10.jpg 45w, https:\/\/invimed.pl\/wp-content\/uploads\/2024\/02\/mediraty-75x17.jpg 75w, https:\/\/invimed.pl\/wp-content\/uploads\/2024\/02\/mediraty.jpg 130w\" sizes=\"auto, (max-width: 112px) 100vw, 112px\" \/>            <\/figure>\n                            <a class=\"cta-3__link cta-3__link--mobile\" href=\"https:\/\/www.mediraty.pl\/\" target=\"_self\" aria-label=\"Find out more\">\n                Find out more            <\/a>\n        \t\t<\/div>\n\t<\/div>\n<\/section>","protected":false},"excerpt":{"rendered":"<p>Labioplastyka polega na zmniejszeniu warg sromowych wi\u0119kszych lub\/i mniejszych, a tak\u017ce ich modelowaniu przy u\u017cyciu specjalistycznej ko\u0144c\u00f3wki laserowej. Nadmiar tkanki wargi sromowej obcinany jest laserowo. Zabieg jest wykonywany w znieczuleniu miejscowym. Zalety zabiegu labioplastyki laserowej Zabiegi labioplastyki wykonywane laserem MonaLisa Touch\u2122 s\u0105 bezpieczniejsze i oferuj\u0105 lepsze efekty ni\u017c te przeprowadzone skalpelem. Laser stymuluje koagulacj\u0119 tkanki, [&hellip;]<\/p>\n","protected":false},"author":18,"featured_media":5459,"parent":0,"menu_order":0,"comment_status":"closed","ping_status":"closed","template":"","meta":{"_acf_changed":false,"footnotes":""},"class_list":["post-5458","page","type-page","status-publish","has-post-thumbnail","hentry"],"acf":[],"yoast_head":"<!-- This site is optimized with the Yoast SEO plugin v27.2 - https:\/\/yoast.com\/product\/yoast-seo-wordpress\/ -->\n<title>Labioplastyka - zmniejszenie warg sromowych - Invimed<\/title>\n<meta name=\"description\" content=\"Labioplastyka polega na zmniejszeniu warg sromowych wi\u0119kszych lub\/i mniejszych, a tak\u017ce ich modelowaniu przy u\u017cyciu specjalistycznej ko\u0144c\u00f3wki laserowej. Nadmiar tkanki wargi sromowej obcinany jest laserowo. Zabieg jest wykonywany w znieczuleniu miejscowym.\" \/>\n<meta name=\"robots\" content=\"index, follow, max-snippet:-1, max-image-preview:large, max-video-preview:-1\" \/>\n<meta property=\"og:locale\" content=\"en_GB\" \/>\n<meta property=\"og:type\" content=\"article\" \/>\n<meta property=\"og:title\" content=\"Labioplastyka - zmniejszenie warg sromowych - Invimed\" \/>\n<meta property=\"og:description\" content=\"Labioplastyka polega na zmniejszeniu warg sromowych wi\u0119kszych lub\/i mniejszych, a tak\u017ce ich modelowaniu przy u\u017cyciu specjalistycznej ko\u0144c\u00f3wki laserowej. Nadmiar tkanki wargi sromowej obcinany jest laserowo. Zabieg jest wykonywany w znieczuleniu miejscowym.\" \/>\n<meta property=\"og:url\" content=\"https:\/\/invimed.pl\/en\/labioplasty-labia-reduction\/\" \/>\n<meta property=\"og:site_name\" content=\"Invimed\" \/>\n<meta property=\"article:modified_time\" content=\"2024-05-05T18:43:01+00:00\" \/>\n<meta property=\"og:image\" content=\"https:\/\/invimed.pl\/wp-content\/uploads\/2024\/04\/labioplastyka.png\" \/>\n\t<meta property=\"og:image:width\" content=\"1440\" \/>\n\t<meta property=\"og:image:height\" content=\"300\" \/>\n\t<meta property=\"og:image:type\" content=\"image\/png\" \/>\n<meta name=\"twitter:card\" content=\"summary_large_image\" \/>\n<meta name=\"twitter:label1\" content=\"Estimated reading time\" \/>\n\t<meta name=\"twitter:data1\" content=\"3 minutes\" \/>\n<!-- \/ Yoast SEO plugin. -->","yoast_head_json":{"title":"Labioplasty - reduction of the labia - Invimed","description":"Labioplasty involves reducing the labia majora and\/or labia minora and shaping them using a specialised laser tip. Excess labia tissue is trimmed by laser. The procedure is performed under local anaesthetic.","robots":{"index":"index","follow":"follow","max-snippet":"max-snippet:-1","max-image-preview":"max-image-preview:large","max-video-preview":"max-video-preview:-1"},"og_locale":"en_GB","og_type":"article","og_title":"Labioplastyka - zmniejszenie warg sromowych - Invimed","og_description":"Labioplastyka polega na zmniejszeniu warg sromowych wi\u0119kszych lub\/i mniejszych, a tak\u017ce ich modelowaniu przy u\u017cyciu specjalistycznej ko\u0144c\u00f3wki laserowej. Nadmiar tkanki wargi sromowej obcinany jest laserowo. Zabieg jest wykonywany w znieczuleniu miejscowym.","og_url":"https:\/\/invimed.pl\/en\/labioplasty-labia-reduction\/","og_site_name":"Invimed","article_modified_time":"2024-05-05T18:43:01+00:00","og_image":[{"width":1440,"height":300,"url":"https:\/\/invimed.pl\/wp-content\/uploads\/2024\/04\/labioplastyka.png","type":"image\/png"}],"twitter_card":"summary_large_image","twitter_misc":{"Estimated reading time":"3 minutes"},"schema":{"@context":"https:\/\/schema.org","@graph":[{"@type":"WebPage","@id":"https:\/\/invimed.pl\/labioplastyka-zmniejszenie-warg-sromowych","url":"https:\/\/invimed.pl\/labioplastyka-zmniejszenie-warg-sromowych","name":"Labioplasty - reduction of the labia - Invimed","isPartOf":{"@id":"https:\/\/invimed.pl\/#website"},"primaryImageOfPage":{"@id":"https:\/\/invimed.pl\/labioplastyka-zmniejszenie-warg-sromowych#primaryimage"},"image":{"@id":"https:\/\/invimed.pl\/labioplastyka-zmniejszenie-warg-sromowych#primaryimage"},"thumbnailUrl":"https:\/\/invimed.pl\/wp-content\/uploads\/2024\/04\/labioplastyka.png","datePublished":"2024-04-27T10:27:45+00:00","dateModified":"2024-05-05T18:43:01+00:00","description":"Labioplasty involves reducing the labia majora and\/or labia minora and shaping them using a specialised laser tip. Excess labia tissue is trimmed by laser. The procedure is performed under local anaesthetic.","breadcrumb":{"@id":"https:\/\/invimed.pl\/labioplastyka-zmniejszenie-warg-sromowych#breadcrumb"},"inLanguage":"en-GB","potentialAction":[{"@type":"ReadAction","target":["https:\/\/invimed.pl\/labioplastyka-zmniejszenie-warg-sromowych"]}]},{"@type":"ImageObject","inLanguage":"en-GB","@id":"https:\/\/invimed.pl\/labioplastyka-zmniejszenie-warg-sromowych#primaryimage","url":"https:\/\/invimed.pl\/wp-content\/uploads\/2024\/04\/labioplastyka.png","contentUrl":"https:\/\/invimed.pl\/wp-content\/uploads\/2024\/04\/labioplastyka.png","width":1440,"height":300},{"@type":"BreadcrumbList","@id":"https:\/\/invimed.pl\/labioplastyka-zmniejszenie-warg-sromowych#breadcrumb","itemListElement":[{"@type":"ListItem","position":1,"name":"Strona g\u0142\u00f3wna","item":"https:\/\/invimed.pl\/"},{"@type":"ListItem","position":2,"name":"Labioplastyka &#8211; zmniejszenie warg sromowych"}]},{"@type":"WebSite","@id":"https:\/\/invimed.pl\/#website","url":"https:\/\/invimed.pl\/","name":"Invimed","description":"Our mission is to create a happy family together","potentialAction":[{"@type":"SearchAction","target":{"@type":"EntryPoint","urlTemplate":"https:\/\/invimed.pl\/?s={search_term_string}"},"query-input":{"@type":"PropertyValueSpecification","valueRequired":true,"valueName":"search_term_string"}}],"inLanguage":"en-GB"}]}},"_links":{"self":[{"href":"https:\/\/invimed.pl\/en\/wp-json\/wp\/v2\/pages\/5458","targetHints":{"allow":["GET"]}}],"collection":[{"href":"https:\/\/invimed.pl\/en\/wp-json\/wp\/v2\/pages"}],"about":[{"href":"https:\/\/invimed.pl\/en\/wp-json\/wp\/v2\/types\/page"}],"author":[{"embeddable":true,"href":"https:\/\/invimed.pl\/en\/wp-json\/wp\/v2\/users\/18"}],"replies":[{"embeddable":true,"href":"https:\/\/invimed.pl\/en\/wp-json\/wp\/v2\/comments?post=5458"}],"version-history":[{"count":5,"href":"https:\/\/invimed.pl\/en\/wp-json\/wp\/v2\/pages\/5458\/revisions"}],"predecessor-version":[{"id":61885,"href":"https:\/\/invimed.pl\/en\/wp-json\/wp\/v2\/pages\/5458\/revisions\/61885"}],"wp:featuredmedia":[{"embeddable":true,"href":"https:\/\/invimed.pl\/en\/wp-json\/wp\/v2\/media\/5459"}],"wp:attachment":[{"href":"https:\/\/invimed.pl\/en\/wp-json\/wp\/v2\/media?parent=5458"}],"curies":[{"name":"wp","href":"https:\/\/api.w.org\/{rel}","templated":true}]}}