{"id":5470,"date":"2024-04-27T10:50:54","date_gmt":"2024-04-27T10:50:54","guid":{"rendered":"http:\/\/invimed.pl\/?page_id=5470"},"modified":"2024-05-05T18:43:50","modified_gmt":"2024-05-05T18:43:50","slug":"desirial-plus","status":"publish","type":"page","link":"https:\/\/invimed.pl\/en\/desirial-plus","title":{"rendered":"Desirial Plus"},"content":{"rendered":"<h1 class=\"wp-block-heading\"><\/h1>\n\n\n\n<p>The Desirial Plus procedure involves the introduction of Desirial, a preparation containing hyaluronic acid, into the subcutaneous tissue. Depending on the patient's needs, the procedure can be used to restore intimate comfort (revitalisation of the greater labia and vagina) or to enlarge the G-spot.<\/p>\n\n\n\n<section class=\"cta-3\">\n\t\t<div class=\"container cta-3__container\">\n\t\t<div class=\"position-relative cta-3__wrapper\">\n\t\t                    <div class=\"acf-innerblocks-container\">\n\n<p class=\"has-text-align-center\"><strong>Make an appointment at Invimed Gdynia!<\/strong><\/p>\n\n\n\n<p class=\"has-text-align-center\">If you are interested in the service presented on this page, make an appointment for a consultation at the Invimed clinic in Gdynia. Call the helpline number:&nbsp;<strong>500 900 888<\/strong>&nbsp;or click the button below and complete the contact form. Aesthetic gynaecology and contraceptive gynaecology procedures are only provided by this facility.<\/p>\n\n\n\n<p class=\"has-text-align-center has-large-font-size\"><strong>Make an appointment<\/strong><\/p>\n\n<\/div>\n                \t\t<\/div>\n\t<\/div>\n<\/section>\n\n\n\n<section class=\"check-list\">\n\t    <header class=\"check-list__header\">\n        <div class=\"acf-innerblocks-container\">\n\n<section class=\"check-list\">\n\t    <header class=\"check-list__header\">\n        <div class=\"acf-innerblocks-container\">\n\n<h2 class=\"wp-block-heading\" id=\"wskazania-do-zastosowania-preparatu-desirial\">Indications for the use of Desirial:<\/h2>\n\n<\/div>\n    <\/header>\n    <ul class=\"mb-0 p-0 check-list__inner\">\n            <li class=\"d-flex check-list__item\">\n            <div class=\"svg-container\">\n                <svg width=\"16\" height=\"16\">\n                    <use xlink:href=\"#icon-check-2\" \/>\n                <\/svg>\n            <\/div>\n            <div class=\"check-list__item__rte\">\n                <p>vaginal dryness, lack of proper lubrication (during menopause or in connection with the intake of certain medications: antipsychotics and antidepressants, isotretinoin);<\/p>\n            <\/div>\n        <\/li>\n            <li class=\"d-flex check-list__item\">\n            <div class=\"svg-container\">\n                <svg width=\"16\" height=\"16\">\n                    <use xlink:href=\"#icon-check-2\" \/>\n                <\/svg>\n            <\/div>\n            <div class=\"check-list__item__rte\">\n                <p>lack of orgasm (e.g. due to a decrease in the G-spot with age or a decrease in the number of sensory receptors);<\/p>\n            <\/div>\n        <\/li>\n            <li class=\"d-flex check-list__item\">\n            <div class=\"svg-container\">\n                <svg width=\"16\" height=\"16\">\n                    <use xlink:href=\"#icon-check-2\" \/>\n                <\/svg>\n            <\/div>\n            <div class=\"check-list__item__rte\">\n                <p>Irritation of the vulva and vagina, causing discomfort and itching;<\/p>\n            <\/div>\n        <\/li>\n            <li class=\"d-flex check-list__item\">\n            <div class=\"svg-container\">\n                <svg width=\"16\" height=\"16\">\n                    <use xlink:href=\"#icon-check-2\" \/>\n                <\/svg>\n            <\/div>\n            <div class=\"check-list__item__rte\">\n                <p>partial or complete atrophy of the greater labia (after menopause or due to genetic factors);<\/p>\n            <\/div>\n        <\/li>\n            <li class=\"d-flex check-list__item\">\n            <div class=\"svg-container\">\n                <svg width=\"16\" height=\"16\">\n                    <use xlink:href=\"#icon-check-2\" \/>\n                <\/svg>\n            <\/div>\n            <div class=\"check-list__item__rte\">\n                <p>a feeling of tension and burning;<\/p>\n            <\/div>\n        <\/li>\n            <li class=\"d-flex check-list__item\">\n            <div class=\"svg-container\">\n                <svg width=\"16\" height=\"16\">\n                    <use xlink:href=\"#icon-check-2\" \/>\n                <\/svg>\n            <\/div>\n            <div class=\"check-list__item__rte\">\n                <p>vulvodynia (chronic vulvar and vaginal pain).<\/p>\n            <\/div>\n        <\/li>\n        <\/ul>\n<\/section>\n\n\n\n<section class=\"check-list\">\n\t    <header class=\"check-list__header\">\n        <div class=\"acf-innerblocks-container\">\n\n<h3 class=\"wp-block-heading\" id=\"przebieg-i-efekty-zabiegu-desirial-plus\">Course and effects of Desirial Plus treatment<\/h3>\n\n\n\n<p>In the case of revitalisation of the greater labia minora, Desirial is inserted symmetrically, into both labia minora, using a special 1-2 mm diameter cannula. The hyaluronic acid contained in Desirial fills and contours the labia minora, improves the volume and hydration of the skin and allows for the reconstruction of two labia minora of equal size. Proper hydration is also restored in the middle and deep layers of the dermis. The effect of the procedure appears immediately and lasts from one to two years.<\/p>\n\n\n\n<p>When the aim of the Desirial Plus procedure is to enlarge the G-spot, the preparation is inserted into the thickening in the anterior vaginal wall after anaesthesia. The G-spot is enlarged, so that the woman feels pleasure more intensely during sexual intercourse. The effect of the treatment is immediate, but - it is worth noting - optimal enlargement of the G-spot takes place within two weeks of injection (the treatment area enlarges by another 20-30%).<\/p>\n\n\n\n<p>The Desirial Plus procedure is carried out under local anaesthetic and is completely painless for most patients. After the application of hyaluronic acid to the intimate area, women notice many positive changes:<\/p>\n\n<\/div>\n    <\/header>\n    <ul class=\"mb-0 p-0 check-list__inner\">\n            <li class=\"d-flex check-list__item\">\n            <div class=\"svg-container\">\n                <svg width=\"16\" height=\"16\">\n                    <use xlink:href=\"#icon-check-2\" \/>\n                <\/svg>\n            <\/div>\n            <div class=\"check-list__item__rte\">\n                <p>unpleasant symptoms, such as vaginal dryness and itching, disappear;<\/p>\n            <\/div>\n        <\/li>\n            <li class=\"d-flex check-list__item\">\n            <div class=\"svg-container\">\n                <svg width=\"16\" height=\"16\">\n                    <use xlink:href=\"#icon-check-2\" \/>\n                <\/svg>\n            <\/div>\n            <div class=\"check-list__item__rte\">\n                <p>the skin of the intimate area becomes stronger, firmer and more elastic;<\/p>\n            <\/div>\n        <\/li>\n            <li class=\"d-flex check-list__item\">\n            <div class=\"svg-container\">\n                <svg width=\"16\" height=\"16\">\n                    <use xlink:href=\"#icon-check-2\" \/>\n                <\/svg>\n            <\/div>\n            <div class=\"check-list__item__rte\">\n                <p>physical activity (especially cycling and fitness) stops causing painful abrasions and other mechanical injuries;<\/p>\n            <\/div>\n        <\/li>\n            <li class=\"d-flex check-list__item\">\n            <div class=\"svg-container\">\n                <svg width=\"16\" height=\"16\">\n                    <use xlink:href=\"#icon-check-2\" \/>\n                <\/svg>\n            <\/div>\n            <div class=\"check-list__item__rte\">\n                <p>the quality of sex life improves.<\/p>\n            <\/div>\n        <\/li>\n        <\/ul>\n<\/section>\n\n\n\n<p>After Desirial Plus treatment, for 1-2 weeks the patient should avoid activities that involve high pressure on the perineal area, such as horse riding or cycling.<\/p>\n\n<\/div>\n    <\/header>\n<\/section>\n\n\n\n<figure class=\"wp-block-table\"><table style=\"border-width:6px\"><tbody><tr><td><em><strong>Make an appointment for your treatment at Invimed Gdynia!<\/strong><\/em><br>We guarantee full professionalism in carrying out the treatment. To make an appointment, call:&nbsp;<a href=\"phoneto:&quot;500 900 888&quot;\">500 900 888<\/a>.<\/td><\/tr><\/tbody><\/table><\/figure>\n\n\n\n<h3 class=\"wp-block-heading\" id=\"wymagania-do-zabiegu-desirial-plus\">Requirements for the Desirial Plus treatment<\/h3>\n\n\n\n<p>Before a woman undergoes Desirial Plus treatment, she should discuss her situation (problems, expectations regarding the treatment, etc.) with her doctor and undergo a gynaecological examination. A current cytology result is necessary.<\/p>\n\n\n\n<h3 class=\"wp-block-heading\" id=\"przeciwwskazania-do-zabiegu-desirial-plus\">Contraindications to Desirial Plus treatment<\/h3>\n\n\n\n<p>The Desirial Plus procedure should not be performed in pregnant women or women with a cold. Herpes, skin lesions of the vulva and inflammation of the vulva are also contraindications to the procedure.<\/p>\n\n\n\n<p><\/p>","protected":false},"excerpt":{"rendered":"<p>Zabieg Desirial Plus polega na wprowadzeniu do tkanki podsk\u00f3rnej preparatu Desirial, zawieraj\u0105cego kwas hialuronowy. W zale\u017cno\u015bci od potrzeb pacjentki, procedura mo\u017ce s\u0142u\u017cy\u0107 przywr\u00f3ceniu komfortu intymnego (rewitalizacja warg sromowych wi\u0119kszych i pochwy) lub powi\u0119kszeniu punktu G. Um\u00f3w si\u0119 na zabieg w Invimed Gdynia!Gwarantujemy pe\u0142en profesjonalizm w przeprowadzeniu zabiegu. Aby um\u00f3wi\u0107 si\u0119 na wizyt\u0119, zadzwo\u0144:&nbsp;500 900 888. [&hellip;]<\/p>\n","protected":false},"author":18,"featured_media":5445,"parent":0,"menu_order":0,"comment_status":"closed","ping_status":"closed","template":"","meta":{"_acf_changed":false,"footnotes":""},"class_list":["post-5470","page","type-page","status-publish","has-post-thumbnail","hentry"],"acf":[],"yoast_head":"<!-- This site is optimized with the Yoast SEO plugin v27.2 - https:\/\/yoast.com\/product\/yoast-seo-wordpress\/ -->\n<title>Desirial Plus - Invimed<\/title>\n<meta name=\"description\" content=\"Zabieg Desirial Plus polega na wprowadzeniu do tkanki podsk\u00f3rnej preparatu Desirial, zawieraj\u0105cego kwas hialuronowy. W zale\u017cno\u015bci od potrzeb pacjentki, procedura mo\u017ce s\u0142u\u017cy\u0107 przywr\u00f3ceniu komfortu intymnego (rewitalizacja warg sromowych wi\u0119kszych i pochwy) lub powi\u0119kszeniu punktu G.\" \/>\n<meta name=\"robots\" content=\"index, follow, max-snippet:-1, max-image-preview:large, max-video-preview:-1\" \/>\n<meta property=\"og:locale\" content=\"en_GB\" \/>\n<meta property=\"og:type\" content=\"article\" \/>\n<meta property=\"og:title\" content=\"Desirial Plus - Invimed\" \/>\n<meta property=\"og:description\" content=\"Zabieg Desirial Plus polega na wprowadzeniu do tkanki podsk\u00f3rnej preparatu Desirial, zawieraj\u0105cego kwas hialuronowy. W zale\u017cno\u015bci od potrzeb pacjentki, procedura mo\u017ce s\u0142u\u017cy\u0107 przywr\u00f3ceniu komfortu intymnego (rewitalizacja warg sromowych wi\u0119kszych i pochwy) lub powi\u0119kszeniu punktu G.\" \/>\n<meta property=\"og:url\" content=\"https:\/\/invimed.pl\/en\/desirial-plus\/\" \/>\n<meta property=\"og:site_name\" content=\"Invimed\" \/>\n<meta property=\"article:modified_time\" content=\"2024-05-05T18:43:50+00:00\" \/>\n<meta property=\"og:image\" content=\"https:\/\/invimed.pl\/wp-content\/uploads\/2024\/04\/mona-lisa.png\" \/>\n\t<meta property=\"og:image:width\" content=\"1440\" \/>\n\t<meta property=\"og:image:height\" content=\"300\" \/>\n\t<meta property=\"og:image:type\" content=\"image\/png\" \/>\n<meta name=\"twitter:card\" content=\"summary_large_image\" \/>\n<meta name=\"twitter:label1\" content=\"Estimated reading time\" \/>\n\t<meta name=\"twitter:data1\" content=\"3 minutes\" \/>\n<!-- \/ Yoast SEO plugin. -->","yoast_head_json":{"title":"Desirial Plus - Invimed","description":"The Desirial Plus procedure involves the introduction of Desirial, a preparation containing hyaluronic acid, into the subcutaneous tissue. Depending on the patient's needs, the procedure can be used to restore intimate comfort (revitalisation of the greater labia and vagina) or to enlarge the G-spot.","robots":{"index":"index","follow":"follow","max-snippet":"max-snippet:-1","max-image-preview":"max-image-preview:large","max-video-preview":"max-video-preview:-1"},"og_locale":"en_GB","og_type":"article","og_title":"Desirial Plus - Invimed","og_description":"Zabieg Desirial Plus polega na wprowadzeniu do tkanki podsk\u00f3rnej preparatu Desirial, zawieraj\u0105cego kwas hialuronowy. W zale\u017cno\u015bci od potrzeb pacjentki, procedura mo\u017ce s\u0142u\u017cy\u0107 przywr\u00f3ceniu komfortu intymnego (rewitalizacja warg sromowych wi\u0119kszych i pochwy) lub powi\u0119kszeniu punktu G.","og_url":"https:\/\/invimed.pl\/en\/desirial-plus\/","og_site_name":"Invimed","article_modified_time":"2024-05-05T18:43:50+00:00","og_image":[{"width":1440,"height":300,"url":"https:\/\/invimed.pl\/wp-content\/uploads\/2024\/04\/mona-lisa.png","type":"image\/png"}],"twitter_card":"summary_large_image","twitter_misc":{"Estimated reading time":"3 minutes"},"schema":{"@context":"https:\/\/schema.org","@graph":[{"@type":"WebPage","@id":"https:\/\/invimed.pl\/desirial-plus","url":"https:\/\/invimed.pl\/desirial-plus","name":"Desirial Plus - Invimed","isPartOf":{"@id":"https:\/\/invimed.pl\/#website"},"primaryImageOfPage":{"@id":"https:\/\/invimed.pl\/desirial-plus#primaryimage"},"image":{"@id":"https:\/\/invimed.pl\/desirial-plus#primaryimage"},"thumbnailUrl":"https:\/\/invimed.pl\/wp-content\/uploads\/2024\/04\/mona-lisa.png","datePublished":"2024-04-27T10:50:54+00:00","dateModified":"2024-05-05T18:43:50+00:00","description":"The Desirial Plus procedure involves the introduction of Desirial, a preparation containing hyaluronic acid, into the subcutaneous tissue. Depending on the patient's needs, the procedure can be used to restore intimate comfort (revitalisation of the greater labia and vagina) or to enlarge the G-spot.","breadcrumb":{"@id":"https:\/\/invimed.pl\/desirial-plus#breadcrumb"},"inLanguage":"en-GB","potentialAction":[{"@type":"ReadAction","target":["https:\/\/invimed.pl\/desirial-plus"]}]},{"@type":"ImageObject","inLanguage":"en-GB","@id":"https:\/\/invimed.pl\/desirial-plus#primaryimage","url":"https:\/\/invimed.pl\/wp-content\/uploads\/2024\/04\/mona-lisa.png","contentUrl":"https:\/\/invimed.pl\/wp-content\/uploads\/2024\/04\/mona-lisa.png","width":1440,"height":300},{"@type":"BreadcrumbList","@id":"https:\/\/invimed.pl\/desirial-plus#breadcrumb","itemListElement":[{"@type":"ListItem","position":1,"name":"Strona g\u0142\u00f3wna","item":"https:\/\/invimed.pl\/"},{"@type":"ListItem","position":2,"name":"Desirial Plus"}]},{"@type":"WebSite","@id":"https:\/\/invimed.pl\/#website","url":"https:\/\/invimed.pl\/","name":"Invimed","description":"Our mission is to create a happy family together","potentialAction":[{"@type":"SearchAction","target":{"@type":"EntryPoint","urlTemplate":"https:\/\/invimed.pl\/?s={search_term_string}"},"query-input":{"@type":"PropertyValueSpecification","valueRequired":true,"valueName":"search_term_string"}}],"inLanguage":"en-GB"}]}},"_links":{"self":[{"href":"https:\/\/invimed.pl\/en\/wp-json\/wp\/v2\/pages\/5470","targetHints":{"allow":["GET"]}}],"collection":[{"href":"https:\/\/invimed.pl\/en\/wp-json\/wp\/v2\/pages"}],"about":[{"href":"https:\/\/invimed.pl\/en\/wp-json\/wp\/v2\/types\/page"}],"author":[{"embeddable":true,"href":"https:\/\/invimed.pl\/en\/wp-json\/wp\/v2\/users\/18"}],"replies":[{"embeddable":true,"href":"https:\/\/invimed.pl\/en\/wp-json\/wp\/v2\/comments?post=5470"}],"version-history":[{"count":6,"href":"https:\/\/invimed.pl\/en\/wp-json\/wp\/v2\/pages\/5470\/revisions"}],"predecessor-version":[{"id":61887,"href":"https:\/\/invimed.pl\/en\/wp-json\/wp\/v2\/pages\/5470\/revisions\/61887"}],"wp:featuredmedia":[{"embeddable":true,"href":"https:\/\/invimed.pl\/en\/wp-json\/wp\/v2\/media\/5445"}],"wp:attachment":[{"href":"https:\/\/invimed.pl\/en\/wp-json\/wp\/v2\/media?parent=5470"}],"curies":[{"name":"wp","href":"https:\/\/api.w.org\/{rel}","templated":true}]}}