{"id":5501,"date":"2024-04-27T12:00:10","date_gmt":"2024-04-27T12:00:10","guid":{"rendered":"http:\/\/invimed.pl\/?page_id=5501"},"modified":"2025-11-26T09:38:36","modified_gmt":"2025-11-26T09:38:36","slug":"testing-for-viruses-and-bacteria","status":"publish","type":"page","link":"https:\/\/invimed.pl\/en\/badania\/obecnosc-wirusow-i-bakterii","title":{"rendered":"Testing for viruses and infectious diseases"},"content":{"rendered":"<p><strong>Patients must be tested for viruses and infectious diseases prior to any treatment at our clinic.&nbsp;<\/strong><\/p>\n\n\n\n<h2 class=\"wp-block-heading\" id=\"anty-hiv-12\">Anti-HIV 1.2<\/h2>\n\n\n\n<p>HIV antibodies is a test recommended for couples planning a pregnancy. Infecting the expectant mother with HIV raises the risk of transmission to the foetus.<\/p>\n\n\n\n<h2 class=\"wp-block-heading\" id=\"hbs-ag-anty-hbc-anty-hcv-ab\">HBs AG, Anti-HBc, Anti-HCV-Ab<\/h2>\n\n\n\n<p>are performed to detect the incidence of hepatitis B and C.<\/p>\n\n\n\n<h2 class=\"wp-block-heading\" id=\"vdrl-wr\">VDRL (WR)<\/h2>\n\n\n\n<p>This test makes it possible to exclude or confirm the presence of the bacteria responsible for the development of syphilis. Syphilis infection can, in extreme cases, cause miscarriage, premature birth or even death of the newborn.<\/p>\n\n\n\n<h2 class=\"wp-block-heading\" id=\"chlamydia-trachomatis-pcr-wymaz-z-kanalu-szyjki-macicy\">Chlamydia trachomatis PCR (cervical swab)<\/h2>\n\n\n\n<p>Without recognition of chlamydiosis and treatment, the infection can cause obstruction of the fallopian tubes, resulting in decreased fertility and an increased risk of ectopic pregnancy. Read more&gt;&gt;<\/p>\n\n\n\n<p><strong>Cytomegalovirus IgG, IgM, Rubella IgG, IgM, Toxoplasmosis IgG, IgM<\/strong><\/p>\n\n\n\n<p>These viruses cause early miscarriages and fetal abnormalities.<\/p>\n\n\n\n<p>No preparation is needed for the blood test. The absence of IgG and IgM antibodies indicates the absence of cytomegalovirus infection and indicates that the patient has never had contact with it. IgG antibodies as a result of the test are suggestive of past infection, and IgM antibodies are a sign of current infection.<\/p>","protected":false},"excerpt":{"rendered":"<p>Przed rozpocz\u0119ciem ka\u017cdego zabiegu w naszej klinice pacjent musi wykona\u0107 badania na obecno\u015b\u0107 wirus\u00f3w i chor\u00f3b zaka\u017anych.&nbsp; Anty-HIV 1,2 Przeciwcia\u0142a HIV to badanie zalecane parom planuj\u0105cym ci\u0105\u017c\u0119. Zara\u017cenie przysz\u0142ej matki wirusem HIV rodzi ryzyko przeniesienia zaka\u017cenia na p\u0142\u00f3d. HBs AG, Anty-HBc, Anty-HCV-Ab wykonywane s\u0105 w celu wykrycia zachorowa\u0144 na wirusowe zapalenie w\u0105troby typu B i [&hellip;]<\/p>\n","protected":false},"author":18,"featured_media":5502,"parent":847,"menu_order":0,"comment_status":"closed","ping_status":"closed","template":"","meta":{"_acf_changed":false,"footnotes":""},"class_list":["post-5501","page","type-page","status-publish","has-post-thumbnail","hentry"],"acf":[],"yoast_head":"<!-- This site is optimized with the Yoast SEO plugin v27.2 - https:\/\/yoast.com\/product\/yoast-seo-wordpress\/ -->\n<title>Badania na obecno\u015b\u0107 wirus\u00f3w i chor\u00f3b zaka\u017anych - Invimed<\/title>\n<meta name=\"description\" content=\"Przed rozpocz\u0119ciem ka\u017cdego zabiegu w naszej klinice pacjent musi wykona\u0107 badania na obecno\u015b\u0107 wirus\u00f3w i chor\u00f3b zaka\u017anych.\u00a0\" \/>\n<meta name=\"robots\" content=\"index, follow, max-snippet:-1, max-image-preview:large, max-video-preview:-1\" \/>\n<meta property=\"og:locale\" content=\"en_GB\" \/>\n<meta property=\"og:type\" content=\"article\" \/>\n<meta property=\"og:title\" content=\"Badania na obecno\u015b\u0107 wirus\u00f3w i chor\u00f3b zaka\u017anych - Invimed\" \/>\n<meta property=\"og:description\" content=\"Przed rozpocz\u0119ciem ka\u017cdego zabiegu w naszej klinice pacjent musi wykona\u0107 badania na obecno\u015b\u0107 wirus\u00f3w i chor\u00f3b zaka\u017anych.\u00a0\" \/>\n<meta property=\"og:url\" content=\"https:\/\/invimed.pl\/en\/research\/presence-of-viruses-and-bacteria\/\" \/>\n<meta property=\"og:site_name\" content=\"Invimed\" \/>\n<meta property=\"article:modified_time\" content=\"2025-11-26T09:38:36+00:00\" \/>\n<meta property=\"og:image\" content=\"https:\/\/invimed.pl\/wp-content\/uploads\/2024\/04\/1440x300-wirusy-jpg.jpg\" \/>\n\t<meta property=\"og:image:width\" content=\"1440\" \/>\n\t<meta property=\"og:image:height\" content=\"300\" \/>\n\t<meta property=\"og:image:type\" content=\"image\/jpeg\" \/>\n<meta name=\"twitter:card\" content=\"summary_large_image\" \/>\n<meta name=\"twitter:label1\" content=\"Estimated reading time\" \/>\n\t<meta name=\"twitter:data1\" content=\"2 minutes\" \/>\n<!-- \/ Yoast SEO plugin. -->","yoast_head_json":{"title":"Testing for viruses and infectious diseases - Invimed","description":"Patients must be tested for viruses and infectious diseases prior to any treatment at our clinic.\u00a0","robots":{"index":"index","follow":"follow","max-snippet":"max-snippet:-1","max-image-preview":"max-image-preview:large","max-video-preview":"max-video-preview:-1"},"og_locale":"en_GB","og_type":"article","og_title":"Badania na obecno\u015b\u0107 wirus\u00f3w i chor\u00f3b zaka\u017anych - Invimed","og_description":"Przed rozpocz\u0119ciem ka\u017cdego zabiegu w naszej klinice pacjent musi wykona\u0107 badania na obecno\u015b\u0107 wirus\u00f3w i chor\u00f3b zaka\u017anych.\u00a0","og_url":"https:\/\/invimed.pl\/en\/research\/presence-of-viruses-and-bacteria\/","og_site_name":"Invimed","article_modified_time":"2025-11-26T09:38:36+00:00","og_image":[{"width":1440,"height":300,"url":"https:\/\/invimed.pl\/wp-content\/uploads\/2024\/04\/1440x300-wirusy-jpg.jpg","type":"image\/jpeg"}],"twitter_card":"summary_large_image","twitter_misc":{"Estimated reading time":"2 minutes"},"schema":{"@context":"https:\/\/schema.org","@graph":[{"@type":"WebPage","@id":"https:\/\/invimed.pl\/badania\/obecnosc-wirusow-i-bakterii","url":"https:\/\/invimed.pl\/badania\/obecnosc-wirusow-i-bakterii","name":"Testing for viruses and infectious diseases - Invimed","isPartOf":{"@id":"https:\/\/invimed.pl\/#website"},"primaryImageOfPage":{"@id":"https:\/\/invimed.pl\/badania\/obecnosc-wirusow-i-bakterii#primaryimage"},"image":{"@id":"https:\/\/invimed.pl\/badania\/obecnosc-wirusow-i-bakterii#primaryimage"},"thumbnailUrl":"https:\/\/invimed.pl\/wp-content\/uploads\/2024\/04\/1440x300-wirusy-jpg.jpg","datePublished":"2024-04-27T12:00:10+00:00","dateModified":"2025-11-26T09:38:36+00:00","description":"Patients must be tested for viruses and infectious diseases prior to any treatment at our clinic.\u00a0","breadcrumb":{"@id":"https:\/\/invimed.pl\/badania\/obecnosc-wirusow-i-bakterii#breadcrumb"},"inLanguage":"en-GB","potentialAction":[{"@type":"ReadAction","target":["https:\/\/invimed.pl\/badania\/obecnosc-wirusow-i-bakterii"]}]},{"@type":"ImageObject","inLanguage":"en-GB","@id":"https:\/\/invimed.pl\/badania\/obecnosc-wirusow-i-bakterii#primaryimage","url":"https:\/\/invimed.pl\/wp-content\/uploads\/2024\/04\/1440x300-wirusy-jpg.jpg","contentUrl":"https:\/\/invimed.pl\/wp-content\/uploads\/2024\/04\/1440x300-wirusy-jpg.jpg","width":1440,"height":300},{"@type":"BreadcrumbList","@id":"https:\/\/invimed.pl\/badania\/obecnosc-wirusow-i-bakterii#breadcrumb","itemListElement":[{"@type":"ListItem","position":1,"name":"Strona g\u0142\u00f3wna","item":"https:\/\/invimed.pl\/"},{"@type":"ListItem","position":2,"name":"Badania","item":"https:\/\/invimed.pl\/badania"},{"@type":"ListItem","position":3,"name":"Badania na obecno\u015b\u0107 wirus\u00f3w i chor\u00f3b zaka\u017anych"}]},{"@type":"WebSite","@id":"https:\/\/invimed.pl\/#website","url":"https:\/\/invimed.pl\/","name":"Invimed","description":"Our mission is to create a happy family together","potentialAction":[{"@type":"SearchAction","target":{"@type":"EntryPoint","urlTemplate":"https:\/\/invimed.pl\/?s={search_term_string}"},"query-input":{"@type":"PropertyValueSpecification","valueRequired":true,"valueName":"search_term_string"}}],"inLanguage":"en-GB"}]}},"_links":{"self":[{"href":"https:\/\/invimed.pl\/en\/wp-json\/wp\/v2\/pages\/5501","targetHints":{"allow":["GET"]}}],"collection":[{"href":"https:\/\/invimed.pl\/en\/wp-json\/wp\/v2\/pages"}],"about":[{"href":"https:\/\/invimed.pl\/en\/wp-json\/wp\/v2\/types\/page"}],"author":[{"embeddable":true,"href":"https:\/\/invimed.pl\/en\/wp-json\/wp\/v2\/users\/18"}],"replies":[{"embeddable":true,"href":"https:\/\/invimed.pl\/en\/wp-json\/wp\/v2\/comments?post=5501"}],"version-history":[{"count":3,"href":"https:\/\/invimed.pl\/en\/wp-json\/wp\/v2\/pages\/5501\/revisions"}],"predecessor-version":[{"id":257949,"href":"https:\/\/invimed.pl\/en\/wp-json\/wp\/v2\/pages\/5501\/revisions\/257949"}],"up":[{"embeddable":true,"href":"https:\/\/invimed.pl\/en\/wp-json\/wp\/v2\/pages\/847"}],"wp:featuredmedia":[{"embeddable":true,"href":"https:\/\/invimed.pl\/en\/wp-json\/wp\/v2\/media\/5502"}],"wp:attachment":[{"href":"https:\/\/invimed.pl\/en\/wp-json\/wp\/v2\/media?parent=5501"}],"curies":[{"name":"wp","href":"https:\/\/api.w.org\/{rel}","templated":true}]}}