{"id":5562,"date":"2024-04-27T17:17:32","date_gmt":"2024-04-27T17:17:32","guid":{"rendered":"http:\/\/invimed.pl\/?page_id=5562"},"modified":"2026-02-11T13:04:38","modified_gmt":"2026-02-11T13:04:38","slug":"genetic-diagnosis-during-pregnancy","status":"publish","type":"page","link":"https:\/\/invimed.pl\/en\/diagnostyka-genetyczna-w-trakcie-staran-o-dziecko","title":{"rendered":"Genetic diagnosis during efforts to have a baby"},"content":{"rendered":"<p><strong>At Invimed, we understand perfectly well that from the very beginning of trying for a baby, parents-to-be are accompanied by anxiety about the health of their children. Therefore, regardless of the stage you are at, we offer you a comprehensive genetic diagnostics, which will help to determine the risk of certain genetic diseases in your babies. In this way, it will be possible to introduce the appropriate treatment in good time.&nbsp;<\/strong><\/p>\n\n\n\n<section class=\"check-list\">\n\t    <header class=\"check-list__header\">\n        <div class=\"acf-innerblocks-container\">\n\n<p><\/p>\n\n\n\n<p>The karyotype analysis of a couple is a basic genetic test that allows the number and structure of all the patient's chromosomes to be assessed. A karyotype should be performed by every couple trying for pregnancy. Any abnormality in the karyotype can be the cause of genetic diseases, and these can contribute to infertility or even sterility of the couple. This test also makes it possible to exclude the transmission of genetic defects to the offspring.<\/p>\n\n\n\n<p><a href=\"https:\/\/invimed.pl\/en\/blog\/what-is-a-karyotype\/\" target=\"_blank\" rel=\"noreferrer noopener\">Find out more &gt;&gt;<\/a><\/p>\n\n<\/div>\n    <\/header>\n<\/section>","protected":false},"excerpt":{"rendered":"<p>At Invimed, we understand perfectly well that from the very beginning of trying for a baby, parents-to-be are accompanied by anxiety about the health of their children. Therefore, regardless of the stage you are at, we offer you a comprehensive genetic diagnostics, which will help to determine the risk of certain genetic diseases in your babies. In this way, it will be possible to introduce the appropriate treatment in good time.&nbsp;<\/p>","protected":false},"author":18,"featured_media":5563,"parent":0,"menu_order":0,"comment_status":"closed","ping_status":"closed","template":"","meta":{"_acf_changed":false,"footnotes":""},"class_list":["post-5562","page","type-page","status-publish","has-post-thumbnail","hentry"],"acf":[],"yoast_head":"<!-- This site is optimized with the Yoast SEO plugin v27.2 - https:\/\/yoast.com\/product\/yoast-seo-wordpress\/ -->\n<title>Diagnostyka genetyczna w trakcie stara\u0144 o dziecko - Invimed<\/title>\n<meta name=\"description\" content=\"W Invimed doskonale rozumiemy, \u017ce ju\u017c od pocz\u0105tku stara\u0144 o dziecko przysz\u0142ym rodzicom towarzyszy obawa o zdrowie ich pociech.\" \/>\n<meta name=\"robots\" content=\"index, follow, max-snippet:-1, max-image-preview:large, max-video-preview:-1\" \/>\n<meta property=\"og:locale\" content=\"en_GB\" \/>\n<meta property=\"og:type\" content=\"article\" \/>\n<meta property=\"og:title\" content=\"Diagnostyka genetyczna w trakcie stara\u0144 o dziecko - Invimed\" \/>\n<meta property=\"og:description\" content=\"W Invimed doskonale rozumiemy, \u017ce ju\u017c od pocz\u0105tku stara\u0144 o dziecko przysz\u0142ym rodzicom towarzyszy obawa o zdrowie ich pociech.\" \/>\n<meta property=\"og:url\" content=\"https:\/\/invimed.pl\/en\/genetic-diagnosis-during-pregnancy\/\" \/>\n<meta property=\"og:site_name\" content=\"Invimed\" \/>\n<meta property=\"article:modified_time\" content=\"2026-02-11T13:04:38+00:00\" \/>\n<meta property=\"og:image\" content=\"https:\/\/invimed.pl\/wp-content\/uploads\/2024\/04\/1440x300-azf-jpg-1.jpg\" \/>\n\t<meta property=\"og:image:width\" content=\"1440\" \/>\n\t<meta property=\"og:image:height\" content=\"300\" \/>\n\t<meta property=\"og:image:type\" content=\"image\/jpeg\" \/>\n<meta name=\"twitter:card\" content=\"summary_large_image\" \/>\n<meta name=\"twitter:label1\" content=\"Estimated reading time\" \/>\n\t<meta name=\"twitter:data1\" content=\"1 minute\" \/>\n<!-- \/ Yoast SEO plugin. -->","yoast_head_json":{"title":"Genetic diagnosis during efforts to have a baby - Invimed","description":"At Invimed, we understand very well that from the very beginning of trying for a baby, parents-to-be are accompanied by concerns about the health of their babies.","robots":{"index":"index","follow":"follow","max-snippet":"max-snippet:-1","max-image-preview":"max-image-preview:large","max-video-preview":"max-video-preview:-1"},"og_locale":"en_GB","og_type":"article","og_title":"Diagnostyka genetyczna w trakcie stara\u0144 o dziecko - Invimed","og_description":"W Invimed doskonale rozumiemy, \u017ce ju\u017c od pocz\u0105tku stara\u0144 o dziecko przysz\u0142ym rodzicom towarzyszy obawa o zdrowie ich pociech.","og_url":"https:\/\/invimed.pl\/en\/genetic-diagnosis-during-pregnancy\/","og_site_name":"Invimed","article_modified_time":"2026-02-11T13:04:38+00:00","og_image":[{"width":1440,"height":300,"url":"https:\/\/invimed.pl\/wp-content\/uploads\/2024\/04\/1440x300-azf-jpg-1.jpg","type":"image\/jpeg"}],"twitter_card":"summary_large_image","twitter_misc":{"Estimated reading time":"1 minute"},"schema":{"@context":"https:\/\/schema.org","@graph":[{"@type":"WebPage","@id":"https:\/\/invimed.pl\/diagnostyka-genetyczna-w-trakcie-staran-o-dziecko","url":"https:\/\/invimed.pl\/diagnostyka-genetyczna-w-trakcie-staran-o-dziecko","name":"Genetic diagnosis during efforts to have a baby - Invimed","isPartOf":{"@id":"https:\/\/invimed.pl\/#website"},"primaryImageOfPage":{"@id":"https:\/\/invimed.pl\/diagnostyka-genetyczna-w-trakcie-staran-o-dziecko#primaryimage"},"image":{"@id":"https:\/\/invimed.pl\/diagnostyka-genetyczna-w-trakcie-staran-o-dziecko#primaryimage"},"thumbnailUrl":"https:\/\/invimed.pl\/wp-content\/uploads\/2024\/04\/1440x300-azf-jpg-1.jpg","datePublished":"2024-04-27T17:17:32+00:00","dateModified":"2026-02-11T13:04:38+00:00","description":"At Invimed, we understand very well that from the very beginning of trying for a baby, parents-to-be are accompanied by concerns about the health of their babies.","breadcrumb":{"@id":"https:\/\/invimed.pl\/diagnostyka-genetyczna-w-trakcie-staran-o-dziecko#breadcrumb"},"inLanguage":"en-GB","potentialAction":[{"@type":"ReadAction","target":["https:\/\/invimed.pl\/diagnostyka-genetyczna-w-trakcie-staran-o-dziecko"]}]},{"@type":"ImageObject","inLanguage":"en-GB","@id":"https:\/\/invimed.pl\/diagnostyka-genetyczna-w-trakcie-staran-o-dziecko#primaryimage","url":"https:\/\/invimed.pl\/wp-content\/uploads\/2024\/04\/1440x300-azf-jpg-1.jpg","contentUrl":"https:\/\/invimed.pl\/wp-content\/uploads\/2024\/04\/1440x300-azf-jpg-1.jpg","width":1440,"height":300},{"@type":"BreadcrumbList","@id":"https:\/\/invimed.pl\/diagnostyka-genetyczna-w-trakcie-staran-o-dziecko#breadcrumb","itemListElement":[{"@type":"ListItem","position":1,"name":"Strona g\u0142\u00f3wna","item":"https:\/\/invimed.pl\/"},{"@type":"ListItem","position":2,"name":"Diagnostyka genetyczna w trakcie stara\u0144 o dziecko"}]},{"@type":"WebSite","@id":"https:\/\/invimed.pl\/#website","url":"https:\/\/invimed.pl\/","name":"Invimed","description":"Our mission is to create a happy family together","potentialAction":[{"@type":"SearchAction","target":{"@type":"EntryPoint","urlTemplate":"https:\/\/invimed.pl\/?s={search_term_string}"},"query-input":{"@type":"PropertyValueSpecification","valueRequired":true,"valueName":"search_term_string"}}],"inLanguage":"en-GB"}]}},"_links":{"self":[{"href":"https:\/\/invimed.pl\/en\/wp-json\/wp\/v2\/pages\/5562","targetHints":{"allow":["GET"]}}],"collection":[{"href":"https:\/\/invimed.pl\/en\/wp-json\/wp\/v2\/pages"}],"about":[{"href":"https:\/\/invimed.pl\/en\/wp-json\/wp\/v2\/types\/page"}],"author":[{"embeddable":true,"href":"https:\/\/invimed.pl\/en\/wp-json\/wp\/v2\/users\/18"}],"replies":[{"embeddable":true,"href":"https:\/\/invimed.pl\/en\/wp-json\/wp\/v2\/comments?post=5562"}],"version-history":[{"count":5,"href":"https:\/\/invimed.pl\/en\/wp-json\/wp\/v2\/pages\/5562\/revisions"}],"predecessor-version":[{"id":271618,"href":"https:\/\/invimed.pl\/en\/wp-json\/wp\/v2\/pages\/5562\/revisions\/271618"}],"wp:featuredmedia":[{"embeddable":true,"href":"https:\/\/invimed.pl\/en\/wp-json\/wp\/v2\/media\/5563"}],"wp:attachment":[{"href":"https:\/\/invimed.pl\/en\/wp-json\/wp\/v2\/media?parent=5562"}],"curies":[{"name":"wp","href":"https:\/\/api.w.org\/{rel}","templated":true}]}}