{"id":5568,"date":"2024-04-27T17:49:39","date_gmt":"2024-04-27T17:49:39","guid":{"rendered":"http:\/\/invimed.pl\/?page_id=5568"},"modified":"2024-07-10T11:13:13","modified_gmt":"2024-07-10T09:13:13","slug":"oocyte-adoption-programme-with-guaranteed-number-and-quality-of-embryos-2","status":"publish","type":"page","link":"https:\/\/invimed.pl\/en\/program-adopcji-komorek-jajowych-z-gwarancja-liczby-i-jakosci-zarodkow-2","title":{"rendered":"Oocyte adoption programme with guaranteed number and quality of embryos"},"content":{"rendered":"<h2 class=\"wp-block-heading\" id=\"\"><\/h2>\n\n\n\n<p>We were the first in Poland to guarantee our patients three high-quality embryos. What distinguishes the Invimed programme?<\/p>\n\n\n\n<div class=\"wp-block-columns is-layout-flex wp-container-core-columns-is-layout-28f84493 wp-block-columns-is-layout-flex\">\n<div class=\"wp-block-column is-layout-flow wp-block-column-is-layout-flow\" style=\"flex-basis:100%\"><section class=\"columns-slider block_4c6bc25b08bc914c0640fcb162d08542\">\n        \t    <div class=\"columns-slider__container\">\n        <div class=\"columns-slider__wrapper\">\n            <div class=\"splide js-columns-slider\">\n                <div class=\"splide__track\">\n                    <div class=\"splide__list\">\n                                            <div class=\"splide__slide columns-slider__item\">\n                            <div class=\"position-relative text-center item__wrapper\">\n                                                                                        <figure class=\"item__icon\">\n                                    <img loading=\"lazy\" decoding=\"async\" width=\"55\" height=\"55\" src=\"https:\/\/invimed.pl\/wp-content\/uploads\/2024\/04\/ikona18-4.png\" class=\"attachment-columns-slider-icon size-columns-slider-icon\" alt=\"\" srcset=\"https:\/\/invimed.pl\/wp-content\/uploads\/2024\/04\/ikona18-4.png 56w, https:\/\/invimed.pl\/wp-content\/uploads\/2024\/04\/ikona18-4-42x42.png 42w, https:\/\/invimed.pl\/wp-content\/uploads\/2024\/04\/ikona18-4-24x24.png 24w, https:\/\/invimed.pl\/wp-content\/uploads\/2024\/04\/ikona18-4-45x45.png 45w\" sizes=\"auto, (max-width: 55px) 100vw, 55px\" \/>                                <\/figure>\n                                                                                        <h3 class=\"item__heading\">\n                                    Embryo guarantee                                <\/h3>\n                                                                                        <p class=\"py-0\">As part of the Programme, you will receive a set of 10-12 oocytes and a guarantee to obtain at least 3 high-quality embryos from them.<\/p>\n                                                        <\/div>\n                        <\/div>\n                                            <div class=\"splide__slide columns-slider__item\">\n                            <div class=\"position-relative text-center item__wrapper\">\n                                                                                        <figure class=\"item__icon\">\n                                    <svg xmlns=\"http:\/\/www.w3.org\/2000\/svg\" xmlns:xlink=\"http:\/\/www.w3.org\/1999\/xlink\" version=\"1.1\" id=\"Warstwa_1\" x=\"0px\" y=\"0px\" viewbox=\"0 0 56 56\" style=\"enable-background:new 0 0 56 56;\" xml:space=\"preserve\"> <style type=\"text\/css\"> .st0{clip-path:url(#SVGID_00000070820868244683699000000009306055313778906553_);fill:#008540;} .st1{fill:none;stroke:#FFFFFF;stroke-linecap:round;stroke-linejoin:round;stroke-miterlimit:10;} .st2{fill:#008540;} <\/style> <g> <g> <g> <defs> <rect id=\"SVGID_1_\" width=\"56\" height=\"56\"><\/rect> <\/defs> <clippath id=\"SVGID_00000025407107437642611930000003915684305217128338_\"> <use xlink:href=\"#SVGID_1_\" style=\"overflow:visible;\"><\/use> <\/clippath> <path style=\"clip-path:url(#SVGID_00000025407107437642611930000003915684305217128338_);fill:#008540;\" d=\"M28,56 c15.5,0,28-12.5,28-28S43.5,0,28,0S0,12.5,0,28S12.5,56,28,56\"><\/path> <\/g> <\/g> <polygon class=\"st1\" points=\"25.3,13.1 40.7,13.1 40.7,45.2 18.8,45.2 18.8,19.8 \"><\/polygon> <polygon class=\"st2\" points=\"32,10.8 16.6,10.8 16.6,42.9 38.6,42.9 38.6,17.5 \"><\/polygon> <polygon class=\"st1\" points=\"32,10.8 16.6,10.8 16.6,42.9 38.6,42.9 38.6,17.5 \"><\/polygon> <polyline class=\"st1\" points=\"32,11.5 32,17.8 38,17.8 \"><\/polyline> <polyline class=\"st1\" points=\"21.6,29.9 26.7,34.9 34.4,26 \"><\/polyline> <\/g> <\/svg>                                <\/figure>\n                                                                                        <h3 class=\"item__heading\">\n                                    72% effectiveness of treatment                                <\/h3>\n                                                                                        <p class=\"py-0\">In vitro with donor egg cells at InviMed clinics has a high treatment success rate - as many as 72% clinical pregnancies. Egg cells from young and healthy donor females increase your chances of pregnancy and desired motherhood.<\/p>\n                                                        <\/div>\n                        <\/div>\n                                            <div class=\"splide__slide columns-slider__item\">\n                            <div class=\"position-relative text-center item__wrapper\">\n                                                                                        <figure class=\"item__icon\">\n                                    <svg xmlns=\"http:\/\/www.w3.org\/2000\/svg\" xmlns:xlink=\"http:\/\/www.w3.org\/1999\/xlink\" version=\"1.1\" id=\"Warstwa_1\" x=\"0px\" y=\"0px\" viewbox=\"0 0 56 56\" style=\"enable-background:new 0 0 56 56;\" xml:space=\"preserve\"> <style type=\"text\/css\"> .st0{clip-path:url(#SVGID_00000006691869326864270180000013241404582251675568_);fill:#008540;} .st1{fill:none;} .st2{fill:none;stroke:#FFFFFF;stroke-linecap:round;stroke-linejoin:round;stroke-miterlimit:10;} <\/style> <g> <g> <defs> <rect id=\"SVGID_1_\" width=\"56\" height=\"56\"><\/rect> <\/defs> <clippath id=\"SVGID_00000013909986197207115050000014753811552939448735_\"> <use xlink:href=\"#SVGID_1_\" style=\"overflow:visible;\"><\/use> <\/clippath> <path style=\"clip-path:url(#SVGID_00000013909986197207115050000014753811552939448735_);fill:#008540;\" d=\"M28,56 c15.5,0,28-12.5,28-28S43.5,0,28,0S0,12.5,0,28S12.5,56,28,56\"><\/path> <\/g> <\/g> <rect class=\"st1\" width=\"56\" height=\"56\"><\/rect> <path class=\"st2\" d=\"M30.9,15.4c0,1.6-1.3,2.9-2.9,2.9s-2.9-1.3-2.9-2.9s1.3-2.9,2.9-2.9S30.9,13.8,30.9,15.4z M35.8,33.8l-3.9-13.6 h-7.8l-3.9,13.6h3.9l2,9.7h3.5h0.3l1.9-9.7C31.8,33.8,35.8,33.8,35.8,33.8z\"><\/path> <\/svg>                                <\/figure>\n                                                                                        <h3 class=\"item__heading\">\n                                    Healthy and young donors                                <\/h3>\n                                                                                        <p class=\"py-0\">Donors of gametes are healthy women who have undergone thorough virological, genetic and psychological examinations and tests and who meet the very strict medical and formal criteria required by Polish law and, in addition, have already given birth to at least one child. <\/p>\n                                                        <\/div>\n                        <\/div>\n                                        <\/div>\n                <\/div>\n                            <div class=\"d-lg-none splide__arrows\">\n                    <button class=\"splide__arrow splide__arrow--prev\">\n                        <svg width=\"18\" height=\"18\" viewbox=\"0 0 18 18\" fill=\"none\" xmlns=\"http:\/\/www.w3.org\/2000\/svg\">\n                            <path d=\"M6.21838 1.06069L14.5662 8.82302L6.21838 16.5854\" stroke=\"#89939E\" stroke-width=\"1.8\" stroke-linecap=\"round\" stroke-linejoin=\"round\"\/>\n                        <\/svg>\n                    <\/button>\n                    <button class=\"splide__arrow splide__arrow--next\">\n                        <svg width=\"18\" height=\"18\" viewbox=\"0 0 18 18\" fill=\"none\" xmlns=\"http:\/\/www.w3.org\/2000\/svg\">\n                            <path d=\"M6.21838 1.06069L14.5662 8.82302L6.21838 16.5854\" stroke=\"#89939E\" stroke-width=\"1.8\" stroke-linecap=\"round\" stroke-linejoin=\"round\"\/>\n                        <\/svg>\n                    <\/button>\n                <\/div>\n                                    <\/div>\n        <\/div>\n    <\/div>\n<\/section>\n<\/div>\n<\/div>\n\n\n\n<section class=\"check-list\">\n\t    <header class=\"check-list__header\">\n        <div class=\"acf-innerblocks-container\">\n\n<section class=\"check-list\">\n\t    <header class=\"check-list__header\">\n        <div class=\"acf-innerblocks-container\">\n\n<h2 class=\"wp-block-heading\" id=\"w-standardzie-programu\"><h2 data-gtm-vis-first-on-screen388140_2550=\"1601\" data-gtm-vis-recent-on-screen388140_2550=\"354606\" data-gtm-vis-total-visible-time388140_2550=\"100\" data-gtm-vis-has-fired388140_2550=\"1\" style=\"box-sizing: border-box; margin: 26px 0px 15px; padding: 0px; border: 0px; font-weight: 700; font-style: normal; font-size: 26px; font-family: Muli, sans-serif; vertical-align: baseline; color: rgb(26, 26, 26); line-height: 34px; font-variant-ligatures: normal; font-variant-caps: normal; letter-spacing: 0.15px; orphans: 2; text-align: start; text-indent: 0px; text-transform: none; widows: 2; word-spacing: 0px; -webkit-text-stroke-width: 0px; white-space: normal; background-color: rgb(255, 255, 255); text-decoration-thickness: initial; text-decoration-style: initial; text-decoration-color: initial;\">As part of the programme standard:<\/h2><\/h2>\n\n<\/div>\n    <\/header>\n    <ul class=\"mb-0 p-0 check-list__inner\">\n            <li class=\"d-flex check-list__item\">\n            <div class=\"svg-container\">\n                <svg width=\"16\" height=\"16\">\n                    <use xlink:href=\"#icon-check-2\" \/>\n                <\/svg>\n            <\/div>\n            <div class=\"check-list__item__rte\">\n                <h3 data-gtm-vis-first-on-screen388140_2550=\"1608\" data-gtm-vis-recent-on-screen388140_2550=\"933336\" data-gtm-vis-total-visible-time388140_2550=\"100\" data-gtm-vis-has-fired388140_2550=\"1\"><a href=\"https:\/\/invimed.pl\/en\/blog\/egg-cell-adoption-programme\/\">Guaranteed number of 3 embryos<\/a>\u00a0obtained from a set of 10-12 ova<\/h3>\n            <\/div>\n        <\/li>\n            <li class=\"d-flex check-list__item\">\n            <div class=\"svg-container\">\n                <svg width=\"16\" height=\"16\">\n                    <use xlink:href=\"#icon-check-2\" \/>\n                <\/svg>\n            <\/div>\n            <div class=\"check-list__item__rte\">\n                <p>Fertile and healthy young donors meeting strict medical and formal conditions<\/p>\n            <\/div>\n        <\/li>\n            <li class=\"d-flex check-list__item\">\n            <div class=\"svg-container\">\n                <svg width=\"16\" height=\"16\">\n                    <use xlink:href=\"#icon-check-2\" \/>\n                <\/svg>\n            <\/div>\n            <div class=\"check-list__item__rte\">\n                <p>Multidisciplinary team of experienced fertility doctors<\/p>\n            <\/div>\n        <\/li>\n            <li class=\"d-flex check-list__item\">\n            <div class=\"svg-container\">\n                <svg width=\"16\" height=\"16\">\n                    <use xlink:href=\"#icon-check-2\" \/>\n                <\/svg>\n            <\/div>\n            <div class=\"check-list__item__rte\">\n                <p>The same doctor in charge throughout the treatment process and duration of the programme<\/p>\n            <\/div>\n        <\/li>\n            <li class=\"d-flex check-list__item\">\n            <div class=\"svg-container\">\n                <svg width=\"16\" height=\"16\">\n                    <use xlink:href=\"#icon-check-2\" \/>\n                <\/svg>\n            <\/div>\n            <div class=\"check-list__item__rte\">\n                <p>Individual coordinator to guarantee personalised care<\/p>\n            <\/div>\n        <\/li>\n        <\/ul>\n<\/section>\n\n\n\n<figure class=\"wp-block-table\"><table style=\"border-width:3px\"><tbody><tr><td><strong>How does the guarantee work?<\/strong><br>You can read more about the embryo number and quality guarantee on the website:\u00a0<a href=\"https:\/\/invimed.pl\/en\/real-chance-of-pregnancy-and-child-how-the-guarantee-works\/\" target=\"_blank\" rel=\"noreferrer noopener\">A realistic chance of pregnancy and child - how does the guarantee work?<\/a><\/td><\/tr><\/tbody><\/table><\/figure>\n\n<\/div>\n    <\/header>\n<\/section>","protected":false},"excerpt":{"rendered":"<p>We were the first in Poland to guarantee our patients three high-quality embryos. What distinguishes the Invimed programme?<\/p>","protected":false},"author":18,"featured_media":5569,"parent":0,"menu_order":0,"comment_status":"closed","ping_status":"closed","template":"","meta":{"_acf_changed":false,"footnotes":""},"class_list":["post-5568","page","type-page","status-publish","has-post-thumbnail","hentry"],"acf":[],"yoast_head":"<!-- This site is optimized with the Yoast SEO plugin v27.2 - https:\/\/yoast.com\/product\/yoast-seo-wordpress\/ -->\n<title>Program adopcji kom\u00f3rek jajowych z gwarancj\u0105 liczby i jako\u015bci zarodk\u00f3w - Invimed<\/title>\n<meta name=\"description\" content=\"Jako pierwsi w Polsce zagwarantowali\u015bmy naszym pacjentom trzy wysokiej jako\u015bci zarodki.\u00a0Czym wyr\u00f3\u017cnia si\u0119 program Invimed?\" \/>\n<meta name=\"robots\" content=\"index, follow, max-snippet:-1, max-image-preview:large, max-video-preview:-1\" \/>\n<meta property=\"og:locale\" content=\"en_GB\" \/>\n<meta property=\"og:type\" content=\"article\" \/>\n<meta property=\"og:title\" content=\"Program adopcji kom\u00f3rek jajowych z gwarancj\u0105 liczby i jako\u015bci zarodk\u00f3w - Invimed\" \/>\n<meta property=\"og:description\" content=\"Jako pierwsi w Polsce zagwarantowali\u015bmy naszym pacjentom trzy wysokiej jako\u015bci zarodki.\u00a0Czym wyr\u00f3\u017cnia si\u0119 program Invimed?\" \/>\n<meta property=\"og:url\" content=\"https:\/\/invimed.pl\/en\/oocyte-adoption-programme-with-guaranteed-number-and-quality-of-embryos-2\/\" \/>\n<meta property=\"og:site_name\" content=\"Invimed\" \/>\n<meta property=\"article:modified_time\" content=\"2024-07-10T09:13:13+00:00\" \/>\n<meta property=\"og:image\" content=\"https:\/\/invimed.pl\/wp-content\/uploads\/2024\/04\/1400x300-20-jpg-1.jpg\" \/>\n\t<meta property=\"og:image:width\" content=\"1440\" \/>\n\t<meta property=\"og:image:height\" content=\"300\" \/>\n\t<meta property=\"og:image:type\" content=\"image\/jpeg\" \/>\n<meta name=\"twitter:card\" content=\"summary_large_image\" \/>\n<meta name=\"twitter:label1\" content=\"Estimated reading time\" \/>\n\t<meta name=\"twitter:data1\" content=\"1 minute\" \/>\n<!-- \/ Yoast SEO plugin. -->","yoast_head_json":{"title":"Oocyte adoption programme with guaranteed number and quality of embryos - Invimed","description":"We were the first in Poland to guarantee our patients three high-quality embryos. What distinguishes the Invimed programme?","robots":{"index":"index","follow":"follow","max-snippet":"max-snippet:-1","max-image-preview":"max-image-preview:large","max-video-preview":"max-video-preview:-1"},"og_locale":"en_GB","og_type":"article","og_title":"Program adopcji kom\u00f3rek jajowych z gwarancj\u0105 liczby i jako\u015bci zarodk\u00f3w - Invimed","og_description":"Jako pierwsi w Polsce zagwarantowali\u015bmy naszym pacjentom trzy wysokiej jako\u015bci zarodki.\u00a0Czym wyr\u00f3\u017cnia si\u0119 program Invimed?","og_url":"https:\/\/invimed.pl\/en\/oocyte-adoption-programme-with-guaranteed-number-and-quality-of-embryos-2\/","og_site_name":"Invimed","article_modified_time":"2024-07-10T09:13:13+00:00","og_image":[{"width":1440,"height":300,"url":"https:\/\/invimed.pl\/wp-content\/uploads\/2024\/04\/1400x300-20-jpg-1.jpg","type":"image\/jpeg"}],"twitter_card":"summary_large_image","twitter_misc":{"Estimated reading time":"1 minute"},"schema":{"@context":"https:\/\/schema.org","@graph":[{"@type":"WebPage","@id":"https:\/\/invimed.pl\/program-adopcji-komorek-jajowych-z-gwarancja-liczby-i-jakosci-zarodkow-2","url":"https:\/\/invimed.pl\/program-adopcji-komorek-jajowych-z-gwarancja-liczby-i-jakosci-zarodkow-2","name":"Oocyte adoption programme with guaranteed number and quality of embryos - Invimed","isPartOf":{"@id":"https:\/\/invimed.pl\/#website"},"primaryImageOfPage":{"@id":"https:\/\/invimed.pl\/program-adopcji-komorek-jajowych-z-gwarancja-liczby-i-jakosci-zarodkow-2#primaryimage"},"image":{"@id":"https:\/\/invimed.pl\/program-adopcji-komorek-jajowych-z-gwarancja-liczby-i-jakosci-zarodkow-2#primaryimage"},"thumbnailUrl":"https:\/\/invimed.pl\/wp-content\/uploads\/2024\/04\/1400x300-20-jpg-1.jpg","datePublished":"2024-04-27T17:49:39+00:00","dateModified":"2024-07-10T09:13:13+00:00","description":"We were the first in Poland to guarantee our patients three high-quality embryos. What distinguishes the Invimed programme?","breadcrumb":{"@id":"https:\/\/invimed.pl\/program-adopcji-komorek-jajowych-z-gwarancja-liczby-i-jakosci-zarodkow-2#breadcrumb"},"inLanguage":"en-GB","potentialAction":[{"@type":"ReadAction","target":["https:\/\/invimed.pl\/program-adopcji-komorek-jajowych-z-gwarancja-liczby-i-jakosci-zarodkow-2"]}]},{"@type":"ImageObject","inLanguage":"en-GB","@id":"https:\/\/invimed.pl\/program-adopcji-komorek-jajowych-z-gwarancja-liczby-i-jakosci-zarodkow-2#primaryimage","url":"https:\/\/invimed.pl\/wp-content\/uploads\/2024\/04\/1400x300-20-jpg-1.jpg","contentUrl":"https:\/\/invimed.pl\/wp-content\/uploads\/2024\/04\/1400x300-20-jpg-1.jpg","width":1440,"height":300},{"@type":"BreadcrumbList","@id":"https:\/\/invimed.pl\/program-adopcji-komorek-jajowych-z-gwarancja-liczby-i-jakosci-zarodkow-2#breadcrumb","itemListElement":[{"@type":"ListItem","position":1,"name":"Strona g\u0142\u00f3wna","item":"https:\/\/invimed.pl\/"},{"@type":"ListItem","position":2,"name":"Program adopcji kom\u00f3rek jajowych z gwarancj\u0105 liczby i jako\u015bci zarodk\u00f3w"}]},{"@type":"WebSite","@id":"https:\/\/invimed.pl\/#website","url":"https:\/\/invimed.pl\/","name":"Invimed","description":"Our mission is to create a happy family together","potentialAction":[{"@type":"SearchAction","target":{"@type":"EntryPoint","urlTemplate":"https:\/\/invimed.pl\/?s={search_term_string}"},"query-input":{"@type":"PropertyValueSpecification","valueRequired":true,"valueName":"search_term_string"}}],"inLanguage":"en-GB"}]}},"_links":{"self":[{"href":"https:\/\/invimed.pl\/en\/wp-json\/wp\/v2\/pages\/5568","targetHints":{"allow":["GET"]}}],"collection":[{"href":"https:\/\/invimed.pl\/en\/wp-json\/wp\/v2\/pages"}],"about":[{"href":"https:\/\/invimed.pl\/en\/wp-json\/wp\/v2\/types\/page"}],"author":[{"embeddable":true,"href":"https:\/\/invimed.pl\/en\/wp-json\/wp\/v2\/users\/18"}],"replies":[{"embeddable":true,"href":"https:\/\/invimed.pl\/en\/wp-json\/wp\/v2\/comments?post=5568"}],"version-history":[{"count":6,"href":"https:\/\/invimed.pl\/en\/wp-json\/wp\/v2\/pages\/5568\/revisions"}],"predecessor-version":[{"id":258299,"href":"https:\/\/invimed.pl\/en\/wp-json\/wp\/v2\/pages\/5568\/revisions\/258299"}],"wp:featuredmedia":[{"embeddable":true,"href":"https:\/\/invimed.pl\/en\/wp-json\/wp\/v2\/media\/5569"}],"wp:attachment":[{"href":"https:\/\/invimed.pl\/en\/wp-json\/wp\/v2\/media?parent=5568"}],"curies":[{"name":"wp","href":"https:\/\/api.w.org\/{rel}","templated":true}]}}