{"id":5750,"date":"2024-04-28T10:42:31","date_gmt":"2024-04-28T10:42:31","guid":{"rendered":"http:\/\/invimed.pl\/?page_id=5750"},"modified":"2024-08-22T14:25:18","modified_gmt":"2024-08-22T14:25:18","slug":"genetic-testing-of-the-embryo","status":"publish","type":"page","link":"https:\/\/invimed.pl\/en\/badanie-genetyczne-zarodka","title":{"rendered":"Preimplantation embryo screening at Invimed"},"content":{"rendered":"<p>As a modern clinic, Invimed offers the possibility to test embryos for genetic defects before performing the transfer. In Invimed clinics we perform several types of preimplantation genetic testing of embryos.<\/p>\n\n\n\n<h3 class=\"wp-block-heading\" id=\"kiedy-badania-genetyczne-zarodkow\">When to genetically test embryos?<\/h3>\n\n\n\n<p>The correct diagnosis of genetic defects involves a series of laboratory tests to confirm or exclude congenital genetic defects in both partners. However, it should be remembered that in some cases, genetic defects only become apparent in the offspring, which is why PGT-A and PGT-M preimplantation diagnosis is recommended. Preimplantation genetic testing of embryos allows the detection of defects in the structure and number of chromosomes (PGT-A, Embrace) of the embryo, which can be the cause of non-implantation, early miscarriage after implantation or cause severe malformations in the child.<\/p>\n\n\n\n<section class=\"check-list\">\n\t    <header class=\"check-list__header\">\n        <div class=\"acf-innerblocks-container\">\n\n<section class=\"check-list\">\n\t    <header class=\"check-list__header\">\n        <div class=\"acf-innerblocks-container\"><\/div>\n    <\/header>\n    <ul class=\"mb-0 p-0 check-list__inner\">\n            <li class=\"d-flex check-list__item\">\n            <div class=\"svg-container\">\n                <svg width=\"16\" height=\"16\">\n                    <use xlink:href=\"#icon-check-2\" \/>\n                <\/svg>\n            <\/div>\n            <div class=\"check-list__item__rte\">\n                <p><strong>NEW! Embrace<\/strong><\/p>\n            <\/div>\n        <\/li>\n        <\/ul>\n<\/section>\n\n\n\n<p>Invimed was the first infertility clinic in Poland to introduce the non-invasive, preimplantation genetic embryo test Embrace, which makes it possible to check for numerical chromosome abnormalities (aneuploidy). This test promotes safer and more effective IVF treatments and avoids embryo biopsies. This method classifies embryos according to their chance of implantation. Normal embryos of the best quality receive the highest priority for transfer.<\/p>\n\n\n\n<p><a href=\"https:\/\/invimed.pl\/en\/novel-non-invasive-embryo-genetic-test-embrace\/\">&nbsp;Find out more &gt;&gt;&gt;<\/a><\/p>\n\n\n\n<section class=\"check-list\">\n\t    <header class=\"check-list__header\">\n        <div class=\"acf-innerblocks-container\">\n\n<p><\/p>\n\n<\/div>\n    <\/header>\n    <ul class=\"mb-0 p-0 check-list__inner\">\n            <li class=\"d-flex check-list__item\">\n            <div class=\"svg-container\">\n                <svg width=\"16\" height=\"16\">\n                    <use xlink:href=\"#icon-check-2\" \/>\n                <\/svg>\n            <\/div>\n            <div class=\"check-list__item__rte\">\n                <p><strong>PGT-A<\/strong><\/p>\n            <\/div>\n        <\/li>\n        <\/ul>\n<\/section>\n\n\n\n<p>Preimplantation genetic testing for aneuploidy (preimplantation genetic testing for aneuplodies, formerly called PGS) at Invimed is performed using Next Generation Sequencing (NGS). It allows a detailed reading of the entire genome of the embryo for the study of structural and numerical abnormalities. The PGT-A test detects structural and quantitative changes in chromosomes. Any such abnormalities can cause genetic diseases such as Down syndrome (trisomy 21 of a pair of chromosomes) or Patau syndrome (trisomy 13 of a pair of chromosomes).<\/p>\n\n\n\n<p><a href=\"https:\/\/invimed.pl\/en\/blog\/what-is-pgt\/\">Find out more&gt;&gt;<\/a><\/p>\n\n\n\n<section class=\"check-list\">\n\t    <header class=\"check-list__header\">\n        <div class=\"acf-innerblocks-container\">\n\n<p><\/p>\n\n<\/div>\n    <\/header>\n    <ul class=\"mb-0 p-0 check-list__inner\">\n            <li class=\"d-flex check-list__item\">\n            <div class=\"svg-container\">\n                <svg width=\"16\" height=\"16\">\n                    <use xlink:href=\"#icon-check-2\" \/>\n                <\/svg>\n            <\/div>\n            <div class=\"check-list__item__rte\">\n                <p><strong>PGT-M<\/strong><\/p>\n            <\/div>\n        <\/li>\n        <\/ul>\n<\/section>\n\n\n\n<p>PGT-M is a preimplantation genetic diagnosis that allows the genetic material of an embryo to be analysed for mutations of a single gene (monogenic mutations), responsible for the development of specific genetic diseases. It is an extremely sensitive method. It can detect diseases such as cystic fibrosis, haemophilia or spinal muscular atrophy. Mutations in genes in offspring can be passed on by defective genetic material from one or both partners, as well as by so-called de novo mutations, i.e. those that arise when healthy genetic material is passed on - so-called new mutations.<\/p>\n\n\n\n<p><a href=\"https:\/\/invimed.pl\/en\/advanced-preimplantation-genetic-diagnosis-of-the-embryo-pgt-m\/\" target=\"_blank\" rel=\"noreferrer noopener\">Find out more&gt;&gt;<\/a><\/p>\n\n<\/div>\n    <\/header>\n<\/section>","protected":false},"excerpt":{"rendered":"<p>Invimed jako nowoczesna klinika oferuje mo\u017cliwo\u015b\u0107 zbadania zarodk\u00f3w pod k\u0105tem wad genetycznych przed wykonaniem transferu. W klinikach Invimed wykonujemy kilka rodzaj\u00f3w preimplantacyjnych bada\u0144 genetycznych zarodk\u00f3w. Kiedy badania genetyczne zarodk\u00f3w? Prawid\u0142owa diagnostyka wad genetycznych wi\u0105\u017ce si\u0119 z szeregiem bada\u0144 laboratoryjnych, kt\u00f3re pozwalaj\u0105 na potwierdzenie lub wykluczenie wrodzonych, genetycznych wad u obojga partner\u00f3w. Nale\u017cy jednak pami\u0119ta\u0107, \u017ce [&hellip;]<\/p>\n","protected":false},"author":18,"featured_media":5751,"parent":0,"menu_order":0,"comment_status":"closed","ping_status":"closed","template":"","meta":{"_acf_changed":false,"footnotes":""},"class_list":["post-5750","page","type-page","status-publish","has-post-thumbnail","hentry"],"acf":[],"yoast_head":"<!-- This site is optimized with the Yoast SEO plugin v27.2 - https:\/\/yoast.com\/product\/yoast-seo-wordpress\/ -->\n<title>Badania preimplantacyjne zarodk\u00f3w w Invimed - Invimed<\/title>\n<meta name=\"description\" content=\"Invimed jako nowoczesna klinika oferuje mo\u017cliwo\u015b\u0107 zbadania zarodk\u00f3w pod k\u0105tem wad genetycznych przed wykonaniem transferu.\" \/>\n<meta name=\"robots\" content=\"index, follow, max-snippet:-1, max-image-preview:large, max-video-preview:-1\" \/>\n<meta property=\"og:locale\" content=\"en_GB\" \/>\n<meta property=\"og:type\" content=\"article\" \/>\n<meta property=\"og:title\" content=\"Badania preimplantacyjne zarodk\u00f3w w Invimed - Invimed\" \/>\n<meta property=\"og:description\" content=\"Invimed jako nowoczesna klinika oferuje mo\u017cliwo\u015b\u0107 zbadania zarodk\u00f3w pod k\u0105tem wad genetycznych przed wykonaniem transferu.\" \/>\n<meta property=\"og:url\" content=\"https:\/\/invimed.pl\/en\/genetic-testing-of-the-embryo\/\" \/>\n<meta property=\"og:site_name\" content=\"Invimed\" \/>\n<meta property=\"article:modified_time\" content=\"2024-08-22T14:25:18+00:00\" \/>\n<meta property=\"og:image\" content=\"https:\/\/invimed.pl\/wp-content\/uploads\/2024\/04\/1440x300-zamrazanie-jpg.jpg\" \/>\n\t<meta property=\"og:image:width\" content=\"1440\" \/>\n\t<meta property=\"og:image:height\" content=\"300\" \/>\n\t<meta property=\"og:image:type\" content=\"image\/jpeg\" \/>\n<meta name=\"twitter:card\" content=\"summary_large_image\" \/>\n<meta name=\"twitter:label1\" content=\"Estimated reading time\" \/>\n\t<meta name=\"twitter:data1\" content=\"3 minutes\" \/>\n<!-- \/ Yoast SEO plugin. -->","yoast_head_json":{"title":"Preimplantation embryo screening at Invimed - Invimed","description":"As a modern clinic, Invimed offers the possibility to test embryos for genetic defects before performing the transfer.","robots":{"index":"index","follow":"follow","max-snippet":"max-snippet:-1","max-image-preview":"max-image-preview:large","max-video-preview":"max-video-preview:-1"},"og_locale":"en_GB","og_type":"article","og_title":"Badania preimplantacyjne zarodk\u00f3w w Invimed - Invimed","og_description":"Invimed jako nowoczesna klinika oferuje mo\u017cliwo\u015b\u0107 zbadania zarodk\u00f3w pod k\u0105tem wad genetycznych przed wykonaniem transferu.","og_url":"https:\/\/invimed.pl\/en\/genetic-testing-of-the-embryo\/","og_site_name":"Invimed","article_modified_time":"2024-08-22T14:25:18+00:00","og_image":[{"width":1440,"height":300,"url":"https:\/\/invimed.pl\/wp-content\/uploads\/2024\/04\/1440x300-zamrazanie-jpg.jpg","type":"image\/jpeg"}],"twitter_card":"summary_large_image","twitter_misc":{"Estimated reading time":"3 minutes"},"schema":{"@context":"https:\/\/schema.org","@graph":[{"@type":"WebPage","@id":"https:\/\/invimed.pl\/badanie-genetyczne-zarodka","url":"https:\/\/invimed.pl\/badanie-genetyczne-zarodka","name":"Preimplantation embryo screening at Invimed - Invimed","isPartOf":{"@id":"https:\/\/invimed.pl\/#website"},"primaryImageOfPage":{"@id":"https:\/\/invimed.pl\/badanie-genetyczne-zarodka#primaryimage"},"image":{"@id":"https:\/\/invimed.pl\/badanie-genetyczne-zarodka#primaryimage"},"thumbnailUrl":"https:\/\/invimed.pl\/wp-content\/uploads\/2024\/04\/1440x300-zamrazanie-jpg.jpg","datePublished":"2024-04-28T10:42:31+00:00","dateModified":"2024-08-22T14:25:18+00:00","description":"As a modern clinic, Invimed offers the possibility to test embryos for genetic defects before performing the transfer.","breadcrumb":{"@id":"https:\/\/invimed.pl\/badanie-genetyczne-zarodka#breadcrumb"},"inLanguage":"en-GB","potentialAction":[{"@type":"ReadAction","target":["https:\/\/invimed.pl\/badanie-genetyczne-zarodka"]}]},{"@type":"ImageObject","inLanguage":"en-GB","@id":"https:\/\/invimed.pl\/badanie-genetyczne-zarodka#primaryimage","url":"https:\/\/invimed.pl\/wp-content\/uploads\/2024\/04\/1440x300-zamrazanie-jpg.jpg","contentUrl":"https:\/\/invimed.pl\/wp-content\/uploads\/2024\/04\/1440x300-zamrazanie-jpg.jpg","width":1440,"height":300},{"@type":"BreadcrumbList","@id":"https:\/\/invimed.pl\/badanie-genetyczne-zarodka#breadcrumb","itemListElement":[{"@type":"ListItem","position":1,"name":"Strona g\u0142\u00f3wna","item":"https:\/\/invimed.pl\/"},{"@type":"ListItem","position":2,"name":"Badania preimplantacyjne zarodk\u00f3w w Invimed"}]},{"@type":"WebSite","@id":"https:\/\/invimed.pl\/#website","url":"https:\/\/invimed.pl\/","name":"Invimed","description":"Our mission is to create a happy family together","potentialAction":[{"@type":"SearchAction","target":{"@type":"EntryPoint","urlTemplate":"https:\/\/invimed.pl\/?s={search_term_string}"},"query-input":{"@type":"PropertyValueSpecification","valueRequired":true,"valueName":"search_term_string"}}],"inLanguage":"en-GB"}]}},"_links":{"self":[{"href":"https:\/\/invimed.pl\/en\/wp-json\/wp\/v2\/pages\/5750","targetHints":{"allow":["GET"]}}],"collection":[{"href":"https:\/\/invimed.pl\/en\/wp-json\/wp\/v2\/pages"}],"about":[{"href":"https:\/\/invimed.pl\/en\/wp-json\/wp\/v2\/types\/page"}],"author":[{"embeddable":true,"href":"https:\/\/invimed.pl\/en\/wp-json\/wp\/v2\/users\/18"}],"replies":[{"embeddable":true,"href":"https:\/\/invimed.pl\/en\/wp-json\/wp\/v2\/comments?post=5750"}],"version-history":[{"count":5,"href":"https:\/\/invimed.pl\/en\/wp-json\/wp\/v2\/pages\/5750\/revisions"}],"predecessor-version":[{"id":261986,"href":"https:\/\/invimed.pl\/en\/wp-json\/wp\/v2\/pages\/5750\/revisions\/261986"}],"wp:featuredmedia":[{"embeddable":true,"href":"https:\/\/invimed.pl\/en\/wp-json\/wp\/v2\/media\/5751"}],"wp:attachment":[{"href":"https:\/\/invimed.pl\/en\/wp-json\/wp\/v2\/media?parent=5750"}],"curies":[{"name":"wp","href":"https:\/\/api.w.org\/{rel}","templated":true}]}}