{"id":5758,"date":"2024-04-28T12:18:18","date_gmt":"2024-04-28T12:18:18","guid":{"rendered":"http:\/\/invimed.pl\/?page_id=5758"},"modified":"2025-07-23T10:48:10","modified_gmt":"2025-07-23T10:48:10","slug":"warsaw","status":"publish","type":"page","link":"https:\/\/invimed.pl\/en\/badania\/nasienia\/warszawa","title":{"rendered":"Semen examination Warsaw"},"content":{"rendered":"<p><strong>Infertility affects women and men equally. This is why the doctor orders the appropriate tests for both the partner and the woman at the first visit. These are carried out in parallel, allowing the further treatment of the couple to be planned precisely. The most common cause of male infertility is poor sperm quality - this can be reduced sperm quality, reduced motility or structural abnormalities. In order to check male fertility and assess the condition of the sperm, a semen test, or spermiogram or seminogram, is performed. This is a basic test of fertility in men, which is carried out using modern technology and thanks to the experience of laboratory diagnosticians at the Invimed clinic in Warsaw. Examination of semen quality allows to assess macroscopically the volume, colour, density and viscosity of ejaculate, and microscopically the number of spermatozoa, their morphology and motility.<\/strong><\/p>\n\n\n\n<section class=\"check-list\">\n\t    <header class=\"check-list__header\">\n        <div class=\"acf-innerblocks-container\">\n\n<section class=\"check-list\">\n\t    <header class=\"check-list__header\">\n        <div class=\"acf-innerblocks-container\">\n\n<h2 class=\"wp-block-heading\" id=\"jak-przygotowac-sie-do-badanie-spermy\">How do you prepare for a sperm test?<\/h2>\n\n\n\n<p>Semen testing is performed routinely at the Invimed clinic in Warsaw. It is a quick and simple test to perform. In order for the result to be consistent with the real state, one should:<\/p>\n\n<\/div>\n    <\/header>\n    <ul class=\"mb-0 p-0 check-list__inner\">\n            <li class=\"d-flex check-list__item\">\n            <div class=\"svg-container\">\n                <svg width=\"16\" height=\"16\">\n                    <use xlink:href=\"#icon-check-2\" \/>\n                <\/svg>\n            <\/div>\n            <div class=\"check-list__item__rte\">\n                <p>maintain sexual abstinence for 3-5 days prior to testing;<\/p>\n            <\/div>\n        <\/li>\n            <li class=\"d-flex check-list__item\">\n            <div class=\"svg-container\">\n                <svg width=\"16\" height=\"16\">\n                    <use xlink:href=\"#icon-check-2\" \/>\n                <\/svg>\n            <\/div>\n            <div class=\"check-list__item__rte\">\n                <p>Abstain from alcohol for 3-5 days before the test;<\/p>\n            <\/div>\n        <\/li>\n            <li class=\"d-flex check-list__item\">\n            <div class=\"svg-container\">\n                <svg width=\"16\" height=\"16\">\n                    <use xlink:href=\"#icon-check-2\" \/>\n                <\/svg>\n            <\/div>\n            <div class=\"check-list__item__rte\">\n                <p>consult the doctor about the medication you are taking.<\/p>\n            <\/div>\n        <\/li>\n        <\/ul>\n<\/section>\n\n\n\n<p>What does the examination look like in the Invimed clinic in Warsaw? The examination consists in taking a semen sample in a specially prepared room. The place is secluded and distant from the rest of the rooms. The Invimed clinic takes care for the man to feel comfortable and safe. After the donation of the sample, the biological material goes immediately to the laboratory, where it is analysed by an embryologist. In exceptional cases, semen can be donated in a sterile container at home and brought to the clinic within an hour. However, due to exposure to temperature changes or the risk of improper storage, it is recommended that the semen be analysed at the clinic.<\/p>\n\n\n\n<h2 class=\"wp-block-heading\" id=\"jak-nas-znalezc-badanie-spermy-praga-warszawa\">How to find us - sperm testing Prague Warsaw<\/h2>\n\n\n\n<p><strong>Pl. Konesera 12 (building M), 03-736 Warsaw Praga<\/strong><\/p>\n\n\n\n<p><a href=\"https:\/\/invimed.pl\/en\/clinics\/invimed-warsaw-praga\/\" target=\"_blank\" rel=\"noreferrer noopener\">MAP AND DIRECTIONS<\/a><\/p>\n\n\n\n<h2 class=\"wp-block-heading\" id=\"jak-nas-znalezc-badanie-spermy-mokotow-warszawa\">How to find us - sperm screening Mokotow Warsaw<\/h2>\n\n\n\n<p><strong>Rakowiecka 36, 02-532 Warsaw Mokotow<\/strong><\/p>\n\n\n\n<p><a href=\"https:\/\/invimed.pl\/en\/clinics\/invimed-warsaw-mokotow\/\" target=\"_blank\" rel=\"noreferrer noopener\">MAP AND DIRECTIONS<\/a><\/p>\n\n\n\n<h2 class=\"wp-block-heading\" id=\"po-co-badac-nasienie-co-sprawdza-badanie\">Why test semen? What does the test check?<\/h2>\n\n\n\n<p><a href=\"https:\/\/invimed.pl\/en\/badanie-nasienia\/\">Semen examination<\/a>&nbsp;gives key information about a man's fertility. This initial and basic diagnosis of male infertility helps to determine how likely a man will be to conceive a child. In addition, the result of the spermiogram gives the doctor information on the direction of further diagnosis and possible treatment. Semen testing standards are set by the World Health Organisation (WHO) and are identical for all men, regardless of age. The established values change every few years due to new research and medical observations.<\/p>\n\n\n\n<p>A general semen test is performed in two versions, depending on the parameters assessed in the laboratory.<\/p>\n\n<\/div>\n    <\/header>\n<\/section>\n\n\n\n<p>Semen testing is carried out in the diagnostic laboratory, using CASA (Computer Assisted Semen Analysis) technology. With this method, the microscopic image recorded with a camera is processed and subjected to digital computer analysis. Computer-assisted semen testing allows for objective, reliable and highly precise semen analysis.<\/p>\n\n\n\n<h2 class=\"wp-block-heading\" id=\"badanie-spermy-warszawa-cena\">Sperm testing Warsaw - price<\/h2>\n\n\n\n<p>The semen test is the basic and simplest diagnostic test for men. The test is freely available to the public, and making an appointment and performing the test is practical without queues. How much does the test cost? The final price of a semen test depends on the location of the clinic. Sometimes more advanced male infertility diagnostics may be required, which may increase the final price.<\/p>","protected":false},"excerpt":{"rendered":"<p>Niep\u0142odno\u015b\u0107 dotyczy w r\u00f3wnym stopniu kobiet i m\u0119\u017cczyzn. Dlatego ju\u017c podczas pierwszej wizyty lekarz zleca odpowiednie badania zar\u00f3wno partnerce, jak i partnerowi. Wykonuje si\u0119 je r\u00f3wnolegle, co pozwala precyzyjnie zaplanowa\u0107 dalsze leczenie pary. Najcz\u0119stsz\u0105 przyczyn\u0105 niep\u0142odno\u015bci m\u0119skiej jest z\u0142a jako\u015b\u0107 nasienia \u2013 mo\u017ce to by\u0107 obni\u017cona jako\u015b\u0107 plemnik\u00f3w, zmniejszona ruchliwo\u015b\u0107 b\u0105d\u017a nieprawid\u0142owo\u015bci w budowie. Aby [&hellip;]<\/p>\n","protected":false},"author":18,"featured_media":262177,"parent":74,"menu_order":0,"comment_status":"closed","ping_status":"closed","template":"","meta":{"_acf_changed":false,"footnotes":""},"class_list":["post-5758","page","type-page","status-publish","has-post-thumbnail","hentry"],"acf":[],"yoast_head":"<!-- This site is optimized with the Yoast SEO plugin v27.2 - https:\/\/yoast.com\/product\/yoast-seo-wordpress\/ -->\n<title>Badanie nasienia Warszawa - Invimed<\/title>\n<meta name=\"description\" content=\"Chcesz sprawdzi\u0107 swoj\u0105 p\u0142odno\u015b\u0107? Wykonaj pewne badanie nasienia w InviMed Warszawa. Wybierz dogodn\u0105 lokalizacj\u0119 na Mokotowie lub Pradze.\" \/>\n<meta name=\"robots\" content=\"index, follow, max-snippet:-1, max-image-preview:large, max-video-preview:-1\" \/>\n<meta property=\"og:locale\" content=\"en_GB\" \/>\n<meta property=\"og:type\" content=\"article\" \/>\n<meta property=\"og:title\" content=\"Badanie nasienia Warszawa - Invimed\" \/>\n<meta property=\"og:description\" content=\"Chcesz sprawdzi\u0107 swoj\u0105 p\u0142odno\u015b\u0107? Wykonaj pewne badanie nasienia w InviMed Warszawa. Wybierz dogodn\u0105 lokalizacj\u0119 na Mokotowie lub Pradze.\" \/>\n<meta property=\"og:url\" content=\"https:\/\/invimed.pl\/en\/research\/semen\/warsaw\/\" \/>\n<meta property=\"og:site_name\" content=\"Invimed\" \/>\n<meta property=\"article:modified_time\" content=\"2025-07-23T10:48:10+00:00\" \/>\n<meta property=\"og:image\" content=\"https:\/\/invimed.pl\/wp-content\/uploads\/2024\/09\/badanie-spermy_Warszawa.jpg\" \/>\n\t<meta property=\"og:image:width\" content=\"935\" \/>\n\t<meta property=\"og:image:height\" content=\"236\" \/>\n\t<meta property=\"og:image:type\" content=\"image\/jpeg\" \/>\n<meta name=\"twitter:card\" content=\"summary_large_image\" \/>\n<meta name=\"twitter:label1\" content=\"Estimated reading time\" \/>\n\t<meta name=\"twitter:data1\" content=\"3 minutes\" \/>\n<!-- \/ Yoast SEO plugin. -->","yoast_head_json":{"title":"Semen examination Warsaw - Invimed","description":"Do you want to check your fertility? Have a confident semen test at InviMed Warsaw. Choose a convenient location in Mokotow or Praga.","robots":{"index":"index","follow":"follow","max-snippet":"max-snippet:-1","max-image-preview":"max-image-preview:large","max-video-preview":"max-video-preview:-1"},"og_locale":"en_GB","og_type":"article","og_title":"Badanie nasienia Warszawa - Invimed","og_description":"Chcesz sprawdzi\u0107 swoj\u0105 p\u0142odno\u015b\u0107? Wykonaj pewne badanie nasienia w InviMed Warszawa. Wybierz dogodn\u0105 lokalizacj\u0119 na Mokotowie lub Pradze.","og_url":"https:\/\/invimed.pl\/en\/research\/semen\/warsaw\/","og_site_name":"Invimed","article_modified_time":"2025-07-23T10:48:10+00:00","og_image":[{"width":935,"height":236,"url":"https:\/\/invimed.pl\/wp-content\/uploads\/2024\/09\/badanie-spermy_Warszawa.jpg","type":"image\/jpeg"}],"twitter_card":"summary_large_image","twitter_misc":{"Estimated reading time":"3 minutes"},"schema":{"@context":"https:\/\/schema.org","@graph":[{"@type":"WebPage","@id":"https:\/\/invimed.pl\/badania\/nasienia\/warszawa","url":"https:\/\/invimed.pl\/badania\/nasienia\/warszawa","name":"Semen examination Warsaw - Invimed","isPartOf":{"@id":"https:\/\/invimed.pl\/#website"},"primaryImageOfPage":{"@id":"https:\/\/invimed.pl\/badania\/nasienia\/warszawa#primaryimage"},"image":{"@id":"https:\/\/invimed.pl\/badania\/nasienia\/warszawa#primaryimage"},"thumbnailUrl":"https:\/\/invimed.pl\/wp-content\/uploads\/2024\/09\/badanie-spermy_Warszawa.jpg","datePublished":"2024-04-28T12:18:18+00:00","dateModified":"2025-07-23T10:48:10+00:00","description":"Do you want to check your fertility? Have a confident semen test at InviMed Warsaw. Choose a convenient location in Mokotow or Praga.","breadcrumb":{"@id":"https:\/\/invimed.pl\/badania\/nasienia\/warszawa#breadcrumb"},"inLanguage":"en-GB","potentialAction":[{"@type":"ReadAction","target":["https:\/\/invimed.pl\/badania\/nasienia\/warszawa"]}]},{"@type":"ImageObject","inLanguage":"en-GB","@id":"https:\/\/invimed.pl\/badania\/nasienia\/warszawa#primaryimage","url":"https:\/\/invimed.pl\/wp-content\/uploads\/2024\/09\/badanie-spermy_Warszawa.jpg","contentUrl":"https:\/\/invimed.pl\/wp-content\/uploads\/2024\/09\/badanie-spermy_Warszawa.jpg","width":935,"height":236},{"@type":"BreadcrumbList","@id":"https:\/\/invimed.pl\/badania\/nasienia\/warszawa#breadcrumb","itemListElement":[{"@type":"ListItem","position":1,"name":"Strona g\u0142\u00f3wna","item":"https:\/\/invimed.pl\/"},{"@type":"ListItem","position":2,"name":"Badania","item":"https:\/\/invimed.pl\/badania"},{"@type":"ListItem","position":3,"name":"Badanie nasienia w Invimed","item":"https:\/\/invimed.pl\/badania\/nasienia"},{"@type":"ListItem","position":4,"name":"Badanie nasienia Warszawa"}]},{"@type":"WebSite","@id":"https:\/\/invimed.pl\/#website","url":"https:\/\/invimed.pl\/","name":"Invimed","description":"Our mission is to create a happy family together","potentialAction":[{"@type":"SearchAction","target":{"@type":"EntryPoint","urlTemplate":"https:\/\/invimed.pl\/?s={search_term_string}"},"query-input":{"@type":"PropertyValueSpecification","valueRequired":true,"valueName":"search_term_string"}}],"inLanguage":"en-GB"}]}},"_links":{"self":[{"href":"https:\/\/invimed.pl\/en\/wp-json\/wp\/v2\/pages\/5758","targetHints":{"allow":["GET"]}}],"collection":[{"href":"https:\/\/invimed.pl\/en\/wp-json\/wp\/v2\/pages"}],"about":[{"href":"https:\/\/invimed.pl\/en\/wp-json\/wp\/v2\/types\/page"}],"author":[{"embeddable":true,"href":"https:\/\/invimed.pl\/en\/wp-json\/wp\/v2\/users\/18"}],"replies":[{"embeddable":true,"href":"https:\/\/invimed.pl\/en\/wp-json\/wp\/v2\/comments?post=5758"}],"version-history":[{"count":12,"href":"https:\/\/invimed.pl\/en\/wp-json\/wp\/v2\/pages\/5758\/revisions"}],"predecessor-version":[{"id":269770,"href":"https:\/\/invimed.pl\/en\/wp-json\/wp\/v2\/pages\/5758\/revisions\/269770"}],"up":[{"embeddable":true,"href":"https:\/\/invimed.pl\/en\/wp-json\/wp\/v2\/pages\/74"}],"wp:featuredmedia":[{"embeddable":true,"href":"https:\/\/invimed.pl\/en\/wp-json\/wp\/v2\/media\/262177"}],"wp:attachment":[{"href":"https:\/\/invimed.pl\/en\/wp-json\/wp\/v2\/media?parent=5758"}],"curies":[{"name":"wp","href":"https:\/\/api.w.org\/{rel}","templated":true}]}}