{"id":5774,"date":"2024-04-28T13:23:09","date_gmt":"2024-04-28T13:23:09","guid":{"rendered":"http:\/\/invimed.pl\/?page_id=5774"},"modified":"2024-07-09T14:49:33","modified_gmt":"2024-07-09T12:49:33","slug":"in-vitro-dofinansowanie-dofinansowanie-do-in-vitro-dla-mieszkancow-woj-mazowieckiego","status":"publish","type":"page","link":"https:\/\/invimed.pl\/en\/in-vitro\/dofinansowanie-do-in-vitro-dla-mieszkancow-woj-mazowieckiego","title":{"rendered":"Subsidised IVF for residents of the Mazowieckie Voivodeship."},"content":{"rendered":"<p><strong>Take advantage of co-financing in vitro in the Invimed clinic in Warsaw, which is the realisation of the Health Policy Programme of infertility treatment by means of in vitro fertilisation for the inhabitants of the Mazovian Voivodeship. The health policy programme is co-financed from the budget of the Mazovian Voivodeship.<\/strong><\/p>\n\n\n\n<p class=\"has-small-font-size\"><strong><span style=\"text-decoration: underline;\">REGISTRATION FOR THE RESERVE LIST IS UNDER WAY<\/span><\/strong><\/p>\n\n\n\n<section class=\"cta-3\">\n\t\t<div class=\"container cta-3__container\">\n\t\t<div class=\"position-relative cta-3__wrapper\">\n\t\t                    <div class=\"acf-innerblocks-container\">\n\n<h2 class=\"wp-block-heading alignwide has-text-align-center\" id=\"zadzwon\"><mark style=\"background-color:rgba(0, 0, 0, 0)\" class=\"has-inline-color has-color-12-color\">CALL<\/mark><\/h2>\n\n\n\n<p>You can make an appointment for a qualifying visit by contacting the Patient Service Coordinator at the Invimed clinic - tel. 882 938 505<\/p>\n\n<\/div>\n                \t\t<\/div>\n\t<\/div>\n<\/section>\n\n\n\n<h2 class=\"wp-block-heading\" id=\"kryteria-kwalifikacji-do-udzialu-w-programie-w-zakresie-zastosowania-metody-zaplodnienia-pozaustrojowego\">Eligibility criteria for participation in the programme for the use of in vitro fertilisation:<\/h2>\n\n\n\n<ol class=\"wp-block-list\">\n<li> Applicants to the Programme (male and female) must be at least 20 years old on the date of application;<\/li>\n\n\n\n<li>persons applying for the Programme (a woman and a man) must live on the territory of the Mazowieckie Voivodeship, i.e. they must be natural persons residing on the territory of the Mazowieckie Voivodeship within the meaning of the Civil Code for the period of 12 months at the time of applying for the Programme. The place of residence is the place where the person stays with the intention of permanent residence. The fact of being registered in the territory of another voivodeship does not constitute a contraindication to participate in the Programme, as the declaration of residence on the territory of the Mazowieckie voivodeship is decisive;<\/li>\n\n\n\n<li>applicants to the Programme (female and male) must submit to the implementer a completed informed consent form to participate in the Programme and sign a declaration that they are not currently participants in another Programme of a similar nature funded by public funds or have not participated in a similar Programme funded by public funds in the last three years;<\/li>\n\n\n\n<li>in persons applying to the Programme (woman and man) the absolute cause of infertility or the ineffective treatment of infertility in accordance with the recommendations and standards of medical practice during the period must be established and confirmed by medical documentation&nbsp;<strong>12 months<\/strong>&nbsp;preceding the application for the Programme, with an indication for in vitro fertilisation.<\/li>\n<\/ol>\n\n\n\n<h3 class=\"wp-block-heading\" id=\"o-kwalifikacji-do-programu-decyduje-lekarz-po-zapoznaniu-sie-z-medyczna-sytuacja-pary\">Eligibility for the programme is decided by the doctor, after reviewing the couple's medical situation.<\/h3>\n\n\n\n<h2 class=\"wp-block-heading\" id=\"kryteria-kwalifikacji-do-leczenia-metoda-zaplodnienia-pozaustrojowego\">Eligibility criteria for in vitro fertilisation treatment:<\/h2>\n\n\n\n<section class=\"check-list\">\n\t    <header class=\"check-list__header\">\n        <div class=\"acf-innerblocks-container\">\n\n<section class=\"check-list\">\n\t    <header class=\"check-list__header\">\n        <div class=\"acf-innerblocks-container\">\n\n<h3 class=\"wp-block-heading\" id=\"czynnik-jajowodowy\"><strong>The ovarian factor<\/strong><\/h3>\n\n<\/div>\n    <\/header>\n    <ul class=\"mb-0 p-0 check-list__inner\">\n            <li class=\"d-flex check-list__item\">\n            <div class=\"svg-container\">\n                <svg width=\"16\" height=\"16\">\n                    <use xlink:href=\"#icon-check-2\" \/>\n                <\/svg>\n            <\/div>\n            <div class=\"check-list__item__rte\">\n                <p>in women with permanent damage to the fallopian tubes;<\/p>\n            <\/div>\n        <\/li>\n            <li class=\"d-flex check-list__item\">\n            <div class=\"svg-container\">\n                <svg width=\"16\" height=\"16\">\n                    <use xlink:href=\"#icon-check-2\" \/>\n                <\/svg>\n            <\/div>\n            <div class=\"check-list__item__rte\">\n                <p>in women disqualified from surgical treatment;<\/p>\n            <\/div>\n        <\/li>\n            <li class=\"d-flex check-list__item\">\n            <div class=\"svg-container\">\n                <svg width=\"16\" height=\"16\">\n                    <use xlink:href=\"#icon-check-2\" \/>\n                <\/svg>\n            <\/div>\n            <div class=\"check-list__item__rte\">\n                <p>In women with impaired fallopian tube function with preserved patency or after microsurgery and 2 years without pregnancy. A condition for recommending waiting is that there are no other factors that may affect the chance of pregnancy (abnormal sperm, woman's age &gt; 35 years, duration of infertility &lt;3 years, endometriosis, ovulation disorders).<\/p>\n            <\/div>\n        <\/li>\n        <\/ul>\n<\/section>\n\n\n\n<section class=\"check-list\">\n\t    <header class=\"check-list__header\">\n        <div class=\"acf-innerblocks-container\">\n\n<h3 class=\"wp-block-heading\" id=\"nieplodnosc-idiopatyczna\"><strong>Idiopathic infertility<\/strong><\/h3>\n\n<\/div>\n    <\/header>\n    <ul class=\"mb-0 p-0 check-list__inner\">\n            <li class=\"d-flex check-list__item\">\n            <div class=\"svg-container\">\n                <svg width=\"16\" height=\"16\">\n                    <use xlink:href=\"#icon-check-2\" \/>\n                <\/svg>\n            <\/div>\n            <div class=\"check-list__item__rte\">\n                <p>if it lasts &gt; 2 years, female age &lt; 35 years;<\/p>\n            <\/div>\n        <\/li>\n            <li class=\"d-flex check-list__item\">\n            <div class=\"svg-container\">\n                <svg width=\"16\" height=\"16\">\n                    <use xlink:href=\"#icon-check-2\" \/>\n                <\/svg>\n            <\/div>\n            <div class=\"check-list__item__rte\">\n                <p>if it lasts &gt; 1 year, female age &gt; 35 years.<\/p>\n            <\/div>\n        <\/li>\n        <\/ul>\n<\/section>\n\n\n\n<section class=\"check-list\">\n\t    <header class=\"check-list__header\">\n        <div class=\"acf-innerblocks-container\">\n\n<h3 class=\"wp-block-heading\" id=\"czynnik-meski\"><strong>The male factor<\/strong><\/h3>\n\n<\/div>\n    <\/header>\n    <ul class=\"mb-0 p-0 check-list__inner\">\n            <li class=\"d-flex check-list__item\">\n            <div class=\"svg-container\">\n                <svg width=\"16\" height=\"16\">\n                    <use xlink:href=\"#icon-check-2\" \/>\n                <\/svg>\n            <\/div>\n            <div class=\"check-list__item__rte\">\n                <p>total motile sperm count &lt; 1 million indicated ICSI;<\/p>\n            <\/div>\n        <\/li>\n            <li class=\"d-flex check-list__item\">\n            <div class=\"svg-container\">\n                <svg width=\"16\" height=\"16\">\n                    <use xlink:href=\"#icon-check-2\" \/>\n                <\/svg>\n            <\/div>\n            <div class=\"check-list__item__rte\">\n                <p>mobile sperm count of 1-10 million in cases of infertility longer than 2 years;<\/p>\n            <\/div>\n        <\/li>\n            <li class=\"d-flex check-list__item\">\n            <div class=\"svg-container\">\n                <svg width=\"16\" height=\"16\">\n                    <use xlink:href=\"#icon-check-2\" \/>\n                <\/svg>\n            <\/div>\n            <div class=\"check-list__item__rte\">\n                <p>sperm count &gt; 10 million - as in idiopathic infertility.<\/p>\n            <\/div>\n        <\/li>\n        <\/ul>\n<\/section>\n\n\n\n<section class=\"check-list\">\n\t    <header class=\"check-list__header\">\n        <div class=\"acf-innerblocks-container\">\n\n<h3 class=\"wp-block-heading\" id=\"endometrioza\">Endometriosis<\/h3>\n\n<\/div>\n    <\/header>\n    <ul class=\"mb-0 p-0 check-list__inner\">\n            <li class=\"d-flex check-list__item\">\n            <div class=\"svg-container\">\n                <svg width=\"16\" height=\"16\">\n                    <use xlink:href=\"#icon-check-2\" \/>\n                <\/svg>\n            <\/div>\n            <div class=\"check-list__item__rte\">\n                <p>Grade I, II - like idiopathic infertility;<\/p>\n            <\/div>\n        <\/li>\n            <li class=\"d-flex check-list__item\">\n            <div class=\"svg-container\">\n                <svg width=\"16\" height=\"16\">\n                    <use xlink:href=\"#icon-check-2\" \/>\n                <\/svg>\n            <\/div>\n            <div class=\"check-list__item__rte\">\n                <p>Grade III, IV - just like the ovarian factor.<\/p>\n            <\/div>\n        <\/li>\n        <\/ul>\n<\/section>\n\n\n\n<h3 class=\"wp-block-heading\" id=\"zaburzenia-hormonalne-do-6-cykli-stymulowanych-bez-efektu\">Endocrine disruption up to 6 cycles stimulated without effect.<\/h3>\n\n\n\n<h3 class=\"wp-block-heading\" id=\"nieudane-proby-inseminacji-domacicznej-do-3-cykli\">Unsuccessful attempts at intrauterine insemination for up to 3 cycles.<\/h3>\n\n\n\n<p>All of the above criteria in points 1-3 and at least one criterion from point - Treatment Eligibility Criteria. Failure to meet at least one criterion from points 1-3 or any criterion from point - Treatment Eligibility Criteria constitutes a contraindication to participation in the Programme.<\/p>\n\n\n\n<section class=\"check-list\">\n\t    <header class=\"check-list__header\">\n        <div class=\"acf-innerblocks-container\">\n\n<h2 class=\"wp-block-heading\" id=\"wskazania-medyczne-powodujace-wylaczenie-z-programu\">Medical indications leading to exclusion from the Programme<\/h2>\n\n<\/div>\n    <\/header>\n    <ul class=\"mb-0 p-0 check-list__inner\">\n            <li class=\"d-flex check-list__item\">\n            <div class=\"svg-container\">\n                <svg width=\"16\" height=\"16\">\n                    <use xlink:href=\"#icon-check-2\" \/>\n                <\/svg>\n            <\/div>\n            <div class=\"check-list__item__rte\">\n                <p>potential risk of failure to respond correctly to ovulation stimulation (folliculotropic hormone - FSH above 15 mU\/mL on day 2-3 of the cycle or anti-mullerian hormone AMH below 0.7 ng\/mL);<\/p>\n            <\/div>\n        <\/li>\n            <li class=\"d-flex check-list__item\">\n            <div class=\"svg-container\">\n                <svg width=\"16\" height=\"16\">\n                    <use xlink:href=\"#icon-check-2\" \/>\n                <\/svg>\n            <\/div>\n            <div class=\"check-list__item__rte\">\n                <p>inadequate response to correctly performed ovulation stimulation, as demonstrated by failure to obtain oocytes in 2 stimulation cycles;<\/p>\n            <\/div>\n        <\/li>\n            <li class=\"d-flex check-list__item\">\n            <div class=\"svg-container\">\n                <svg width=\"16\" height=\"16\">\n                    <use xlink:href=\"#icon-check-2\" \/>\n                <\/svg>\n            <\/div>\n            <div class=\"check-list__item__rte\">\n                <p>recurrent pregnancy loss in the same relationship;<\/p>\n            <\/div>\n        <\/li>\n            <li class=\"d-flex check-list__item\">\n            <div class=\"svg-container\">\n                <svg width=\"16\" height=\"16\">\n                    <use xlink:href=\"#icon-check-2\" \/>\n                <\/svg>\n            <\/div>\n            <div class=\"check-list__item__rte\">\n                <p>defects of the uterus that make it absolutely impossible to carry a pregnancy;<\/p>\n            <\/div>\n        <\/li>\n            <li class=\"d-flex check-list__item\">\n            <div class=\"svg-container\">\n                <svg width=\"16\" height=\"16\">\n                    <use xlink:href=\"#icon-check-2\" \/>\n                <\/svg>\n            <\/div>\n            <div class=\"check-list__item__rte\">\n                <p>no uterus.<\/p>\n            <\/div>\n        <\/li>\n        <\/ul>\n<\/section>\n\n\n\n<p><strong>Health policy programme co-financed from the budget of the Mazowieckie Voivodeship.<\/strong><\/p>\n\n\n\n<figure class=\"wp-block-gallery has-nested-images columns-default is-cropped wp-block-gallery-1 is-layout-flex wp-block-gallery-is-layout-flex\">\n<figure class=\"wp-block-image size-large\"><img loading=\"lazy\" decoding=\"async\" width=\"770\" height=\"111\" data-id=\"5775\" src=\"http:\/\/invimed.pl\/wp-content\/uploads\/2024\/04\/logo-mazowsze-jpg-3.jpg\" alt=\"\" class=\"wp-image-5775\" srcset=\"https:\/\/invimed.pl\/wp-content\/uploads\/2024\/04\/logo-mazowsze-jpg-3.jpg 770w, https:\/\/invimed.pl\/wp-content\/uploads\/2024\/04\/logo-mazowsze-jpg-3-300x43.jpg 300w, https:\/\/invimed.pl\/wp-content\/uploads\/2024\/04\/logo-mazowsze-jpg-3-768x111.jpg 768w, https:\/\/invimed.pl\/wp-content\/uploads\/2024\/04\/logo-mazowsze-jpg-3-380x55.jpg 380w, https:\/\/invimed.pl\/wp-content\/uploads\/2024\/04\/logo-mazowsze-jpg-3-54x8.jpg 54w, https:\/\/invimed.pl\/wp-content\/uploads\/2024\/04\/logo-mazowsze-jpg-3-411x59.jpg 411w, https:\/\/invimed.pl\/wp-content\/uploads\/2024\/04\/logo-mazowsze-jpg-3-71x10.jpg 71w, https:\/\/invimed.pl\/wp-content\/uploads\/2024\/04\/logo-mazowsze-jpg-3-442x64.jpg 442w, https:\/\/invimed.pl\/wp-content\/uploads\/2024\/04\/logo-mazowsze-jpg-3-734x106.jpg 734w, https:\/\/invimed.pl\/wp-content\/uploads\/2024\/04\/logo-mazowsze-jpg-3-70x10.jpg 70w, https:\/\/invimed.pl\/wp-content\/uploads\/2024\/04\/logo-mazowsze-jpg-3-63x9.jpg 63w, https:\/\/invimed.pl\/wp-content\/uploads\/2024\/04\/logo-mazowsze-jpg-3-464x67.jpg 464w, https:\/\/invimed.pl\/wp-content\/uploads\/2024\/04\/logo-mazowsze-jpg-3-55x8.jpg 55w, https:\/\/invimed.pl\/wp-content\/uploads\/2024\/04\/logo-mazowsze-jpg-3-112x16.jpg 112w, https:\/\/invimed.pl\/wp-content\/uploads\/2024\/04\/logo-mazowsze-jpg-3-264x38.jpg 264w, https:\/\/invimed.pl\/wp-content\/uploads\/2024\/04\/logo-mazowsze-jpg-3-200x29.jpg 200w, https:\/\/invimed.pl\/wp-content\/uploads\/2024\/04\/logo-mazowsze-jpg-3-664x96.jpg 664w, https:\/\/invimed.pl\/wp-content\/uploads\/2024\/04\/logo-mazowsze-jpg-3-368x53.jpg 368w, https:\/\/invimed.pl\/wp-content\/uploads\/2024\/04\/logo-mazowsze-jpg-3-24x3.jpg 24w, https:\/\/invimed.pl\/wp-content\/uploads\/2024\/04\/logo-mazowsze-jpg-3-550x79.jpg 550w, https:\/\/invimed.pl\/wp-content\/uploads\/2024\/04\/logo-mazowsze-jpg-3-348x50.jpg 348w, https:\/\/invimed.pl\/wp-content\/uploads\/2024\/04\/logo-mazowsze-jpg-3-88x13.jpg 88w, https:\/\/invimed.pl\/wp-content\/uploads\/2024\/04\/logo-mazowsze-jpg-3-148x21.jpg 148w, https:\/\/invimed.pl\/wp-content\/uploads\/2024\/04\/logo-mazowsze-jpg-3-176x25.jpg 176w, https:\/\/invimed.pl\/wp-content\/uploads\/2024\/04\/logo-mazowsze-jpg-3-132x19.jpg 132w, https:\/\/invimed.pl\/wp-content\/uploads\/2024\/04\/logo-mazowsze-jpg-3-272x39.jpg 272w, https:\/\/invimed.pl\/wp-content\/uploads\/2024\/04\/logo-mazowsze-jpg-3-310x45.jpg 310w, https:\/\/invimed.pl\/wp-content\/uploads\/2024\/04\/logo-mazowsze-jpg-3-45x6.jpg 45w, https:\/\/invimed.pl\/wp-content\/uploads\/2024\/04\/logo-mazowsze-jpg-3-500x72.jpg 500w, https:\/\/invimed.pl\/wp-content\/uploads\/2024\/04\/logo-mazowsze-jpg-3-585x84.jpg 585w, https:\/\/invimed.pl\/wp-content\/uploads\/2024\/04\/logo-mazowsze-jpg-3-75x11.jpg 75w, https:\/\/invimed.pl\/wp-content\/uploads\/2024\/04\/logo-mazowsze-jpg-3-384x55.jpg 384w\" sizes=\"auto, (max-width: 770px) 100vw, 770px\" \/><\/figure>\n<\/figure>\n\n<\/div>\n    <\/header>\n<\/section>","protected":false},"excerpt":{"rendered":"<p>Skorzystaj z dofinansowania in vitro w klinice Invimed w Warszawie, kt\u00f3ra jest realizatorem Programu polityki zdrowotnej leczenia niep\u0142odno\u015bci metod\u0105 zap\u0142odnienia pozaustrojowego dla mieszka\u0144c\u00f3w wojew\u00f3dztwa mazowieckiego. Program polityki zdrowotnej dofinansowany ze \u015brodk\u00f3w z bud\u017cetu Wojew\u00f3dztwa Mazowieckiego. TRWAJ\u0104 ZAPISY NA LIST\u0118 REZERWOW\u0104 Kryteria kwalifikacji do udzia\u0142u w programie w zakresie zastosowania metody zap\u0142odnienia pozaustrojowego: O kwalifikacji do [&hellip;]<\/p>\n","protected":false},"author":18,"featured_media":5776,"parent":0,"menu_order":0,"comment_status":"closed","ping_status":"closed","template":"","meta":{"_acf_changed":false,"footnotes":""},"class_list":["post-5774","page","type-page","status-publish","has-post-thumbnail","hentry"],"acf":[],"yoast_head":"<!-- This site is optimized with the Yoast SEO plugin v27.2 - https:\/\/yoast.com\/product\/yoast-seo-wordpress\/ -->\n<title>Dofinansowanie do in vitro dla mieszka\u0144c\u00f3w woj. mazowieckiego. - Invimed<\/title>\n<meta name=\"description\" content=\"Nawet 6 000 z\u0142 dofinansowania do in vitro dla par z woj. mazowieckiego. Skorzystaj z dofinansowania in vitro w klinice InviMed w Warszawie.\" \/>\n<meta name=\"robots\" content=\"index, follow, max-snippet:-1, max-image-preview:large, max-video-preview:-1\" \/>\n<meta property=\"og:locale\" content=\"en_GB\" \/>\n<meta property=\"og:type\" content=\"article\" \/>\n<meta property=\"og:title\" content=\"Dofinansowanie do in vitro dla mieszka\u0144c\u00f3w woj. mazowieckiego. - Invimed\" \/>\n<meta property=\"og:description\" content=\"Nawet 6 000 z\u0142 dofinansowania do in vitro dla par z woj. mazowieckiego. Skorzystaj z dofinansowania in vitro w klinice InviMed w Warszawie.\" \/>\n<meta property=\"og:url\" content=\"https:\/\/invimed.pl\/en\/in-vitro\/subsidy-for-in-vitro-for-inhabitants-of-mazowieckie-voivodship\/\" \/>\n<meta property=\"og:site_name\" content=\"Invimed\" \/>\n<meta property=\"article:modified_time\" content=\"2024-07-09T12:49:33+00:00\" \/>\n<meta property=\"og:image\" content=\"https:\/\/invimed.pl\/wp-content\/uploads\/2024\/04\/1400x300-10-jpg-1.jpg\" \/>\n\t<meta property=\"og:image:width\" content=\"1440\" \/>\n\t<meta property=\"og:image:height\" content=\"300\" \/>\n\t<meta property=\"og:image:type\" content=\"image\/jpeg\" \/>\n<meta name=\"twitter:card\" content=\"summary_large_image\" \/>\n<meta name=\"twitter:label1\" content=\"Estimated reading time\" \/>\n\t<meta name=\"twitter:data1\" content=\"3 minutes\" \/>\n<!-- \/ Yoast SEO plugin. -->","yoast_head_json":{"title":"Subsidised IVF for residents of the Mazovia region. - Invimed","description":"Up to PLN 6,000 in IVF funding for couples from the Mazovia region. Take advantage of in vitro funding at the InviMed clinic in Warsaw.","robots":{"index":"index","follow":"follow","max-snippet":"max-snippet:-1","max-image-preview":"max-image-preview:large","max-video-preview":"max-video-preview:-1"},"og_locale":"en_GB","og_type":"article","og_title":"Dofinansowanie do in vitro dla mieszka\u0144c\u00f3w woj. mazowieckiego. - Invimed","og_description":"Nawet 6 000 z\u0142 dofinansowania do in vitro dla par z woj. mazowieckiego. Skorzystaj z dofinansowania in vitro w klinice InviMed w Warszawie.","og_url":"https:\/\/invimed.pl\/en\/in-vitro\/subsidy-for-in-vitro-for-inhabitants-of-mazowieckie-voivodship\/","og_site_name":"Invimed","article_modified_time":"2024-07-09T12:49:33+00:00","og_image":[{"width":1440,"height":300,"url":"https:\/\/invimed.pl\/wp-content\/uploads\/2024\/04\/1400x300-10-jpg-1.jpg","type":"image\/jpeg"}],"twitter_card":"summary_large_image","twitter_misc":{"Estimated reading time":"3 minutes"},"schema":{"@context":"https:\/\/schema.org","@graph":[{"@type":"WebPage","@id":"https:\/\/invimed.pl\/in-vitro\/dofinansowanie-do-in-vitro-dla-mieszkancow-woj-mazowieckiego","url":"https:\/\/invimed.pl\/in-vitro\/dofinansowanie-do-in-vitro-dla-mieszkancow-woj-mazowieckiego","name":"Subsidised IVF for residents of the Mazovia region. - Invimed","isPartOf":{"@id":"https:\/\/invimed.pl\/#website"},"primaryImageOfPage":{"@id":"https:\/\/invimed.pl\/in-vitro\/dofinansowanie-do-in-vitro-dla-mieszkancow-woj-mazowieckiego#primaryimage"},"image":{"@id":"https:\/\/invimed.pl\/in-vitro\/dofinansowanie-do-in-vitro-dla-mieszkancow-woj-mazowieckiego#primaryimage"},"thumbnailUrl":"https:\/\/invimed.pl\/wp-content\/uploads\/2024\/04\/1400x300-10-jpg-1.jpg","datePublished":"2024-04-28T13:23:09+00:00","dateModified":"2024-07-09T12:49:33+00:00","description":"Up to PLN 6,000 in IVF funding for couples from the Mazovia region. Take advantage of in vitro funding at the InviMed clinic in Warsaw.","breadcrumb":{"@id":"https:\/\/invimed.pl\/in-vitro\/dofinansowanie-do-in-vitro-dla-mieszkancow-woj-mazowieckiego#breadcrumb"},"inLanguage":"en-GB","potentialAction":[{"@type":"ReadAction","target":["https:\/\/invimed.pl\/in-vitro\/dofinansowanie-do-in-vitro-dla-mieszkancow-woj-mazowieckiego"]}]},{"@type":"ImageObject","inLanguage":"en-GB","@id":"https:\/\/invimed.pl\/in-vitro\/dofinansowanie-do-in-vitro-dla-mieszkancow-woj-mazowieckiego#primaryimage","url":"https:\/\/invimed.pl\/wp-content\/uploads\/2024\/04\/1400x300-10-jpg-1.jpg","contentUrl":"https:\/\/invimed.pl\/wp-content\/uploads\/2024\/04\/1400x300-10-jpg-1.jpg","width":1440,"height":300},{"@type":"BreadcrumbList","@id":"https:\/\/invimed.pl\/in-vitro\/dofinansowanie-do-in-vitro-dla-mieszkancow-woj-mazowieckiego#breadcrumb","itemListElement":[{"@type":"ListItem","position":1,"name":"Strona g\u0142\u00f3wna","item":"https:\/\/invimed.pl\/"},{"@type":"ListItem","position":2,"name":"Dofinansowanie do in vitro dla mieszka\u0144c\u00f3w woj. mazowieckiego."}]},{"@type":"WebSite","@id":"https:\/\/invimed.pl\/#website","url":"https:\/\/invimed.pl\/","name":"Invimed","description":"Our mission is to create a happy family together","potentialAction":[{"@type":"SearchAction","target":{"@type":"EntryPoint","urlTemplate":"https:\/\/invimed.pl\/?s={search_term_string}"},"query-input":{"@type":"PropertyValueSpecification","valueRequired":true,"valueName":"search_term_string"}}],"inLanguage":"en-GB"}]}},"_links":{"self":[{"href":"https:\/\/invimed.pl\/en\/wp-json\/wp\/v2\/pages\/5774","targetHints":{"allow":["GET"]}}],"collection":[{"href":"https:\/\/invimed.pl\/en\/wp-json\/wp\/v2\/pages"}],"about":[{"href":"https:\/\/invimed.pl\/en\/wp-json\/wp\/v2\/types\/page"}],"author":[{"embeddable":true,"href":"https:\/\/invimed.pl\/en\/wp-json\/wp\/v2\/users\/18"}],"replies":[{"embeddable":true,"href":"https:\/\/invimed.pl\/en\/wp-json\/wp\/v2\/comments?post=5774"}],"version-history":[{"count":5,"href":"https:\/\/invimed.pl\/en\/wp-json\/wp\/v2\/pages\/5774\/revisions"}],"predecessor-version":[{"id":257141,"href":"https:\/\/invimed.pl\/en\/wp-json\/wp\/v2\/pages\/5774\/revisions\/257141"}],"wp:featuredmedia":[{"embeddable":true,"href":"https:\/\/invimed.pl\/en\/wp-json\/wp\/v2\/media\/5776"}],"wp:attachment":[{"href":"https:\/\/invimed.pl\/en\/wp-json\/wp\/v2\/media?parent=5774"}],"curies":[{"name":"wp","href":"https:\/\/api.w.org\/{rel}","templated":true}]}}