{"id":5799,"date":"2025-11-26T10:43:46","date_gmt":"2025-11-26T10:43:46","guid":{"rendered":"http:\/\/invimed.pl\/?page_id=5799"},"modified":"2025-11-26T10:43:47","modified_gmt":"2025-11-26T10:43:47","slug":"leczenie-nieplodnosci-wsparcie-psycholog-nieplodnosci","status":"publish","type":"page","link":"https:\/\/invimed.pl\/en\/leczenie-nieplodnosci\/psycholog","title":{"rendered":"Psychologist"},"content":{"rendered":"<p><strong>Psychological support for couples and individual patients at any stage of infertility treatment - in all Invimed clinics. All Invimed patients can benefit from one psychological consultation free of charge at any time during treatment.<\/strong><\/p>\n\n\n\n<p>Diagnosis and treatment of infertility can be a source of severe stress, especially when the efforts to have a child have been going on for many months or even years, and the relationship between the partners does not always go as they wish (e.g. they feel a lack of support or have difficulty communicating their feelings and needs). Meeting with a psychologist is, for many couples, the first step to regaining emotional balance and improving their relationship.<\/p>\n\n\n\n<h2 class=\"wp-block-heading\" id=\"kiedy-skorzystac-z-pomocy-psychologa\">When to seek the help of a psychologist?<\/h2>\n\n\n\n<p>The process of infertility treatment can vary - sometimes it is successful the first time, but this is not the rule. Sometimes it is only after several attempts at insemination or IVF that a pregnancy can be achieved and maintained, which in practice means that the woman and her partner experience hard-to-accept failures. <\/p>\n\n\n\n<p>Each of these, in addition to disappointment, causes sadness and anger, and can result in a drop in self-esteem, lowered mood and a lack of desire to continue with treatment.\u00a0<\/p>\n\n\n\n<p><strong>Severe mental strain can be the start of depression, so patients who feel that the infertility problem is starting to overwhelm them should seek the support of a psychologist.<\/strong><\/p>\n\n\n\n<h2 class=\"wp-block-heading\" id=\"czemu-sluzy-konsultacja-z-psychologiem\"><strong>What is the purpose of consulting a psychologist?<\/strong><\/h2>\n\n\n\n<p><\/p>\n\n\n\n<ol class=\"wp-block-list\">\n<li>Talking to an experienced specialist is the moment for many couples when their hope for a successful outcome is rekindled.\u00a0<\/li>\n\n\n\n<li>With the advice and support of a psychologist, they learn how to deal with difficult emotions, how to communicate with their partner and how to care for the relationship so that it - despite difficulties - survives.&nbsp;<\/li>\n\n\n\n<li>Consultations are also helpful for those couples who feel pressure from their surroundings (relatives' irreverent questions about children) or who do not have the support of their relatives (family disassociates themselves from the issue of infertility treatment or is critical of it).<\/li>\n<\/ol>\n\n\n\n<p>Patients make individual appointments with the psychologist. <\/p>\n\n\n\n<p><\/p>","protected":false},"excerpt":{"rendered":"<p>Wsparcie psychologiczne dla par i pacjent\u00f3w indywidualnych na ka\u017cdym etapie leczenia niep\u0142odno\u015bci \u2013 we wszystkich klinikach Invimed. Wszyscy pacjenci Invimed mog\u0105 bezp\u0142atnie skorzysta\u0107 z jednej konsultacji psychologicznej w dowolnym momencie terapii. Diagnozowanie i leczenie niep\u0142odno\u015bci bywa \u017ar\u00f3d\u0142em silnego stresu, zw\u0142aszcza gdy starania o dziecko trwaj\u0105 od wielu miesi\u0119cy lub wr\u0119cz lat, a relacje mi\u0119dzy partnerami [&hellip;]<\/p>\n","protected":false},"author":18,"featured_media":5800,"parent":181562,"menu_order":0,"comment_status":"closed","ping_status":"closed","template":"","meta":{"_acf_changed":false,"footnotes":""},"class_list":["post-5799","page","type-page","status-publish","has-post-thumbnail","hentry"],"acf":[],"yoast_head":"<!-- This site is optimized with the Yoast SEO plugin v27.2 - https:\/\/yoast.com\/product\/yoast-seo-wordpress\/ -->\n<title>Psycholog - Invimed<\/title>\n<meta name=\"description\" content=\"Wsparcie psychologiczne dla par i pacjent\u00f3w indywidualnych na ka\u017cdym etapie leczenia niep\u0142odno\u015bci \u2013 we wszystkich klinikach Invimed.\" \/>\n<meta name=\"robots\" content=\"index, follow, max-snippet:-1, max-image-preview:large, max-video-preview:-1\" \/>\n<meta property=\"og:locale\" content=\"en_GB\" \/>\n<meta property=\"og:type\" content=\"article\" \/>\n<meta property=\"og:title\" content=\"Psycholog - Invimed\" \/>\n<meta property=\"og:description\" content=\"Wsparcie psychologiczne dla par i pacjent\u00f3w indywidualnych na ka\u017cdym etapie leczenia niep\u0142odno\u015bci \u2013 we wszystkich klinikach Invimed.\" \/>\n<meta property=\"og:url\" content=\"https:\/\/invimed.pl\/en\/treatment-of-infertility\/psychologist\/\" \/>\n<meta property=\"og:site_name\" content=\"Invimed\" \/>\n<meta property=\"article:modified_time\" content=\"2025-11-26T10:43:47+00:00\" \/>\n<meta property=\"og:image\" content=\"https:\/\/invimed.pl\/wp-content\/uploads\/2024\/04\/1440x300-psycholog-jpg.jpg\" \/>\n\t<meta property=\"og:image:width\" content=\"1440\" \/>\n\t<meta property=\"og:image:height\" content=\"300\" \/>\n\t<meta property=\"og:image:type\" content=\"image\/jpeg\" \/>\n<meta name=\"twitter:card\" content=\"summary_large_image\" \/>\n<meta name=\"twitter:label1\" content=\"Estimated reading time\" \/>\n\t<meta name=\"twitter:data1\" content=\"2 minutes\" \/>\n<!-- \/ Yoast SEO plugin. -->","yoast_head_json":{"title":"Psychologist - Invimed","description":"Psychological support for couples and individual patients at every stage of infertility treatment - at all Invimed clinics.","robots":{"index":"index","follow":"follow","max-snippet":"max-snippet:-1","max-image-preview":"max-image-preview:large","max-video-preview":"max-video-preview:-1"},"og_locale":"en_GB","og_type":"article","og_title":"Psycholog - Invimed","og_description":"Wsparcie psychologiczne dla par i pacjent\u00f3w indywidualnych na ka\u017cdym etapie leczenia niep\u0142odno\u015bci \u2013 we wszystkich klinikach Invimed.","og_url":"https:\/\/invimed.pl\/en\/treatment-of-infertility\/psychologist\/","og_site_name":"Invimed","article_modified_time":"2025-11-26T10:43:47+00:00","og_image":[{"width":1440,"height":300,"url":"https:\/\/invimed.pl\/wp-content\/uploads\/2024\/04\/1440x300-psycholog-jpg.jpg","type":"image\/jpeg"}],"twitter_card":"summary_large_image","twitter_misc":{"Estimated reading time":"2 minutes"},"schema":{"@context":"https:\/\/schema.org","@graph":[{"@type":"WebPage","@id":"https:\/\/invimed.pl\/leczenie-nieplodnosci\/psycholog","url":"https:\/\/invimed.pl\/leczenie-nieplodnosci\/psycholog","name":"Psychologist - Invimed","isPartOf":{"@id":"https:\/\/invimed.pl\/#website"},"primaryImageOfPage":{"@id":"https:\/\/invimed.pl\/leczenie-nieplodnosci\/psycholog#primaryimage"},"image":{"@id":"https:\/\/invimed.pl\/leczenie-nieplodnosci\/psycholog#primaryimage"},"thumbnailUrl":"https:\/\/invimed.pl\/wp-content\/uploads\/2024\/04\/1440x300-psycholog-jpg.jpg","datePublished":"2025-11-26T10:43:46+00:00","dateModified":"2025-11-26T10:43:47+00:00","description":"Psychological support for couples and individual patients at every stage of infertility treatment - at all Invimed clinics.","breadcrumb":{"@id":"https:\/\/invimed.pl\/leczenie-nieplodnosci\/psycholog#breadcrumb"},"inLanguage":"en-GB","potentialAction":[{"@type":"ReadAction","target":["https:\/\/invimed.pl\/leczenie-nieplodnosci\/psycholog"]}]},{"@type":"ImageObject","inLanguage":"en-GB","@id":"https:\/\/invimed.pl\/leczenie-nieplodnosci\/psycholog#primaryimage","url":"https:\/\/invimed.pl\/wp-content\/uploads\/2024\/04\/1440x300-psycholog-jpg.jpg","contentUrl":"https:\/\/invimed.pl\/wp-content\/uploads\/2024\/04\/1440x300-psycholog-jpg.jpg","width":1440,"height":300},{"@type":"BreadcrumbList","@id":"https:\/\/invimed.pl\/leczenie-nieplodnosci\/psycholog#breadcrumb","itemListElement":[{"@type":"ListItem","position":1,"name":"Strona g\u0142\u00f3wna","item":"https:\/\/invimed.pl\/"},{"@type":"ListItem","position":2,"name":"Leczenie","item":"https:\/\/invimed.pl\/leczenie"},{"@type":"ListItem","position":3,"name":"Psycholog"}]},{"@type":"WebSite","@id":"https:\/\/invimed.pl\/#website","url":"https:\/\/invimed.pl\/","name":"Invimed","description":"Our mission is to create a happy family together","potentialAction":[{"@type":"SearchAction","target":{"@type":"EntryPoint","urlTemplate":"https:\/\/invimed.pl\/?s={search_term_string}"},"query-input":{"@type":"PropertyValueSpecification","valueRequired":true,"valueName":"search_term_string"}}],"inLanguage":"en-GB"}]}},"_links":{"self":[{"href":"https:\/\/invimed.pl\/en\/wp-json\/wp\/v2\/pages\/5799","targetHints":{"allow":["GET"]}}],"collection":[{"href":"https:\/\/invimed.pl\/en\/wp-json\/wp\/v2\/pages"}],"about":[{"href":"https:\/\/invimed.pl\/en\/wp-json\/wp\/v2\/types\/page"}],"author":[{"embeddable":true,"href":"https:\/\/invimed.pl\/en\/wp-json\/wp\/v2\/users\/18"}],"replies":[{"embeddable":true,"href":"https:\/\/invimed.pl\/en\/wp-json\/wp\/v2\/comments?post=5799"}],"version-history":[{"count":5,"href":"https:\/\/invimed.pl\/en\/wp-json\/wp\/v2\/pages\/5799\/revisions"}],"predecessor-version":[{"id":271223,"href":"https:\/\/invimed.pl\/en\/wp-json\/wp\/v2\/pages\/5799\/revisions\/271223"}],"up":[{"embeddable":true,"href":"https:\/\/invimed.pl\/en\/wp-json\/wp\/v2\/pages\/181562"}],"wp:featuredmedia":[{"embeddable":true,"href":"https:\/\/invimed.pl\/en\/wp-json\/wp\/v2\/media\/5800"}],"wp:attachment":[{"href":"https:\/\/invimed.pl\/en\/wp-json\/wp\/v2\/media?parent=5799"}],"curies":[{"name":"wp","href":"https:\/\/api.w.org\/{rel}","templated":true}]}}