{"id":5838,"date":"2024-04-28T20:09:16","date_gmt":"2024-04-28T20:09:16","guid":{"rendered":"http:\/\/invimed.pl\/?page_id=5838"},"modified":"2024-06-01T19:34:40","modified_gmt":"2024-06-01T17:34:40","slug":"kyleena-contraception","status":"publish","type":"page","link":"https:\/\/invimed.pl\/en\/antykoncepcja-kyleena","title":{"rendered":"Setting up the Kyleena contraceptive system"},"content":{"rendered":"<p><strong>Are you looking for a method of hormonal contraception that will keep you from getting pregnant for several years without having to worry about the regularity of your hormone intake? Kyleena is a therapeutic system with a progestogen that acts as an intrauterine contraceptive. The Kyleena system is used to prevent pregnancy (contraception) for up to 5 years.<\/strong><\/p>\n\n\n\n<p>The Kaleena contraceptive system stands for contraceptive effect, comfort of use (the IUD cannot be felt by the patient or her partner) and a guarantee that fertility will return as soon as the system is removed. A patient with the Kyleena system can also safely have an MRI.<\/p>\n\n\n\n<section class=\"cta-3\">\n\t\t<div class=\"container cta-3__container\">\n\t\t<div class=\"position-relative cta-3__wrapper\">\n\t\t                    <div class=\"acf-innerblocks-container\">\n\n<p class=\"has-text-align-center\"><strong>Make an appointment at Invimed Gdynia!<\/strong><\/p>\n\n\n\n<p class=\"has-text-align-center\">If you are interested in the service presented on this page, make an appointment for a consultation at the Invimed clinic in Gdynia. Call the helpline number:&nbsp;<strong>500 900 888<\/strong>&nbsp;or click the button below and complete the contact form. Aesthetic gynaecology and contraceptive gynaecology procedures are only provided by this facility.<\/p>\n\n\n\n<div class=\"wp-block-buttons is-content-justification-center is-layout-flex wp-container-core-buttons-is-layout-a89b3969 wp-block-buttons-is-layout-flex\">\n<div class=\"wp-block-button\"><a class=\"wp-block-button__link wp-element-button\" role=\"button\" tabindex=\"0\">Make an appointment<\/a><\/div>\n<\/div>\n\n<\/div>\n                \t\t<\/div>\n\t<\/div>\n<\/section>\n\n\n\n<h2 class=\"wp-block-heading\" id=\"czym-jest-i-jak-dziala-system-kyleena\">What is the Kyleena system and how does it work?<\/h2>\n\n\n\n<p>Kyleena is one of the most modern and innovative contraceptive systems. It belongs to the group of 'T'-shaped intrauterine therapeutic systems which, when inserted into the uterine cavity, slowly release a small amount of the hormone, levonorgestrel. The Kyleena system is fitted with a reservoir containing 19.5 mg of levonorgestrel. This is a synthetic progestogen that is released steadily:<\/p>\n\n\n\n<p>1. reduces the monthly growth of the endometrium.<\/p>\n\n\n\n<p>2. thickens cervical mucus.<\/p>\n\n\n\n<p>This action prevents the sperm from coming into contact with the egg cell and thus prevents the sperm from fertilising the egg cell. No fertilisation occurs with this method of contraception.<\/p>\n\n\n\n<p>The dimensions of the system, like the operation, are identical to those of the\u00a0<a href=\"https:\/\/invimed.pl\/en\/zalozenie-wkladki-antykoncepcyjnej-jaydess\/\" target=\"_blank\" rel=\"noreferrer noopener\">Jaydess IUD<\/a>. Unlike Jaydess, Kyleena guarantees a contraceptive effect for up to five years and, thanks to its higher average hormone release (12 \u00b5g per day), has a slightly greater effect on reducing the abundance of menstruation.<\/p>\n\n\n\n<h2 class=\"wp-block-heading\" id=\"kto-nie-moze-korzystac-z-systemu-kyleena\">Who cannot use the Kyleena system?<\/h2>\n\n\n\n<p>The Kyleena contraceptive system is a very convenient method of contraception. However, not every woman can use it. The possibility of inserting the system is decided by the gynaecologist in each case. Before the IUD is inserted, a detailed medical history and the tests indicated by the doctor are necessary.<\/p>\n\n\n\n<section class=\"check-list\">\n\t    <header class=\"check-list__header\">\n        <div class=\"acf-innerblocks-container\">\n\n<h2 class=\"wp-block-heading\" id=\"przeciwwskazania-do-zalozenia-systemu-antykoncepcyjnego-kyleena\">Contraindications to fitting the Kyleena contraceptive system:<\/h2>\n\n<\/div>\n    <\/header>\n    <ul class=\"mb-0 p-0 check-list__inner\">\n            <li class=\"d-flex check-list__item\">\n            <div class=\"svg-container\">\n                <svg width=\"16\" height=\"16\">\n                    <use xlink:href=\"#icon-check-2\" \/>\n                <\/svg>\n            <\/div>\n            <div class=\"check-list__item__rte\">\n                <div class=\"check-list__item__rte\">\n<p>pregnancy or suspected pregnancy,<\/p>\n<\/div>\n            <\/div>\n        <\/li>\n            <li class=\"d-flex check-list__item\">\n            <div class=\"svg-container\">\n                <svg width=\"16\" height=\"16\">\n                    <use xlink:href=\"#icon-check-2\" \/>\n                <\/svg>\n            <\/div>\n            <div class=\"check-list__item__rte\">\n                <p>inflammation of the appendages,<\/p>\n            <\/div>\n        <\/li>\n            <li class=\"d-flex check-list__item\">\n            <div class=\"svg-container\">\n                <svg width=\"16\" height=\"16\">\n                    <use xlink:href=\"#icon-check-2\" \/>\n                <\/svg>\n            <\/div>\n            <div class=\"check-list__item__rte\">\n                <p>inflammation of the cervix,<\/p>\n            <\/div>\n        <\/li>\n            <li class=\"d-flex check-list__item\">\n            <div class=\"svg-container\">\n                <svg width=\"16\" height=\"16\">\n                    <use xlink:href=\"#icon-check-2\" \/>\n                <\/svg>\n            <\/div>\n            <div class=\"check-list__item__rte\">\n                <p>genital tract bleeding of unknown cause,<\/p>\n            <\/div>\n        <\/li>\n            <li class=\"d-flex check-list__item\">\n            <div class=\"svg-container\">\n                <svg width=\"16\" height=\"16\">\n                    <use xlink:href=\"#icon-check-2\" \/>\n                <\/svg>\n            <\/div>\n            <div class=\"check-list__item__rte\">\n                <p>cancer of the reproductive organs,<\/p>\n            <\/div>\n        <\/li>\n            <li class=\"d-flex check-list__item\">\n            <div class=\"svg-container\">\n                <svg width=\"16\" height=\"16\">\n                    <use xlink:href=\"#icon-check-2\" \/>\n                <\/svg>\n            <\/div>\n            <div class=\"check-list__item__rte\">\n                <p>myomas deforming the uterine cavity<\/p>\n            <\/div>\n        <\/li>\n            <li class=\"d-flex check-list__item\">\n            <div class=\"svg-container\">\n                <svg width=\"16\" height=\"16\">\n                    <use xlink:href=\"#icon-check-2\" \/>\n                <\/svg>\n            <\/div>\n            <div class=\"check-list__item__rte\">\n                <p>active liver disease,<\/p>\n            <\/div>\n        <\/li>\n            <li class=\"d-flex check-list__item\">\n            <div class=\"svg-container\">\n                <svg width=\"16\" height=\"16\">\n                    <use xlink:href=\"#icon-check-2\" \/>\n                <\/svg>\n            <\/div>\n            <div class=\"check-list__item__rte\">\n                <p>planned pregnancy in the near future,<\/p>\n            <\/div>\n        <\/li>\n            <li class=\"d-flex check-list__item\">\n            <div class=\"svg-container\">\n                <svg width=\"16\" height=\"16\">\n                    <use xlink:href=\"#icon-check-2\" \/>\n                <\/svg>\n            <\/div>\n            <div class=\"check-list__item__rte\">\n                <p>a history of ectopic pregnancy.<\/p>\n            <\/div>\n        <\/li>\n        <\/ul>\n<\/section>\n\n\n\n<h2 class=\"wp-block-heading\" id=\"zabieg-zalozenia-systemu-kyleena\">Treatment of the Kyleena system<\/h2>\n\n\n\n<p>Before inserting the Kyleena system, you should consult your gynaecologist. The doctor will carry out a history, breast examination, gynaecological examination and order a cervical smear (cytology). Tests for infections and sexually transmitted diseases may also be necessary.<\/p>\n\n\n\n<p>The Kyleena contraceptive system should be inserted within 7 days after the start of menstrual bleeding. If inserting the system after childbirth, wait at least 6 weeks for the uterus to return to its normal size.<\/p>\n\n\n\n<h3 class=\"wp-block-heading\" id=\"przebieg-zabiegu\">Course of treatment<\/h3>\n\n\n\n<p>1 Immediately prior to insertion of the system, the doctor will carry out a gynaecological examination to determine the position and size of the uterus.\u00a0<\/p>\n\n\n\n<p>2 After the examination, a speculum is placed in the vagina.<\/p>\n\n\n\n<p>(3) The cervix may be washed with an antiseptic solution. Local anaesthesia of the cervix may also be used.<\/p>\n\n\n\n<p>4 The Kyleena system is then inserted into the uterus through the applicator (a thin, flexible plastic tube).\u00a0<\/p>\n\n\n\n<p>5 After insertion of the Kyleena system, dizziness, pain and minor bleeding may occur. Such symptoms should resolve within a few days.<\/p>\n\n\n\n<section class=\"cta-3\">\n\t\t<div class=\"container cta-3__container\">\n\t\t<div class=\"position-relative cta-3__wrapper\">\n\t\t                    <div class=\"acf-innerblocks-container\">\n\n<p class=\"has-text-align-center\">The Kyleena system should be inspected 4-6 weeks after fitting and then checked regularly, at least once a year.&nbsp;<\/p>\n\n<\/div>\n                \t\t<\/div>\n\t<\/div>\n<\/section>\n\n\n\n<p><\/p>","protected":false},"excerpt":{"rendered":"<p>Szukasz metody antykoncepcji hormonalnej, dzi\u0119ki kt\u00f3rej nie zajdziesz w ci\u0105\u017c\u0119 przez kilka lat, a do tego nie b\u0119dziesz musia\u0142a przejmowa\u0107 si\u0119 regularno\u015bci\u0105 przyjmowania hormonu? Kyleena to system terapeutyczny z progestagenem, pe\u0142ni\u0105cy rol\u0119 wewn\u0105trzmacicznego \u015brodka antykoncepcyjnego. System Kyleena jest stosowany do zapobiegania ci\u0105\u017cy (antykoncepcji) w okresie do 5 lat. System antykoncepcyjny Kaleena to efekt antykoncepcyjny, wygoda [&hellip;]<\/p>\n","protected":false},"author":18,"featured_media":5839,"parent":0,"menu_order":0,"comment_status":"closed","ping_status":"closed","template":"","meta":{"_acf_changed":false,"footnotes":""},"class_list":["post-5838","page","type-page","status-publish","has-post-thumbnail","hentry"],"acf":[],"yoast_head":"<!-- This site is optimized with the Yoast SEO plugin v27.2 - https:\/\/yoast.com\/product\/yoast-seo-wordpress\/ -->\n<title>Za\u0142o\u017cenie systemu antykoncepcyjnego Kyleena - Invimed<\/title>\n<meta name=\"description\" content=\"Kyleena to system terapeutyczny z progestagenem, pe\u0142ni\u0105cy rol\u0119 wewn\u0105trzmacicznego \u015brodka antykoncepcyjnego.\" \/>\n<meta name=\"robots\" content=\"index, follow, max-snippet:-1, max-image-preview:large, max-video-preview:-1\" \/>\n<meta property=\"og:locale\" content=\"en_GB\" \/>\n<meta property=\"og:type\" content=\"article\" \/>\n<meta property=\"og:title\" content=\"Za\u0142o\u017cenie systemu antykoncepcyjnego Kyleena - Invimed\" \/>\n<meta property=\"og:description\" content=\"Kyleena to system terapeutyczny z progestagenem, pe\u0142ni\u0105cy rol\u0119 wewn\u0105trzmacicznego \u015brodka antykoncepcyjnego.\" \/>\n<meta property=\"og:url\" content=\"https:\/\/invimed.pl\/en\/kyleena-contraception\/\" \/>\n<meta property=\"og:site_name\" content=\"Invimed\" \/>\n<meta property=\"article:modified_time\" content=\"2024-06-01T17:34:40+00:00\" \/>\n<meta property=\"og:image\" content=\"https:\/\/invimed.pl\/wp-content\/uploads\/2024\/04\/system-antykoncepcyjny-kyleena-jpg.jpg\" \/>\n\t<meta property=\"og:image:width\" content=\"1440\" \/>\n\t<meta property=\"og:image:height\" content=\"300\" \/>\n\t<meta property=\"og:image:type\" content=\"image\/jpeg\" \/>\n<meta name=\"twitter:card\" content=\"summary_large_image\" \/>\n<meta name=\"twitter:label1\" content=\"Estimated reading time\" \/>\n\t<meta name=\"twitter:data1\" content=\"4 minutes\" \/>\n<!-- \/ Yoast SEO plugin. -->","yoast_head_json":{"title":"Insertion of the Kyleena contraceptive system - Invimed","description":"Kyleena is a progestogen therapeutic system that acts as an intrauterine contraceptive.","robots":{"index":"index","follow":"follow","max-snippet":"max-snippet:-1","max-image-preview":"max-image-preview:large","max-video-preview":"max-video-preview:-1"},"og_locale":"en_GB","og_type":"article","og_title":"Za\u0142o\u017cenie systemu antykoncepcyjnego Kyleena - Invimed","og_description":"Kyleena to system terapeutyczny z progestagenem, pe\u0142ni\u0105cy rol\u0119 wewn\u0105trzmacicznego \u015brodka antykoncepcyjnego.","og_url":"https:\/\/invimed.pl\/en\/kyleena-contraception\/","og_site_name":"Invimed","article_modified_time":"2024-06-01T17:34:40+00:00","og_image":[{"width":1440,"height":300,"url":"https:\/\/invimed.pl\/wp-content\/uploads\/2024\/04\/system-antykoncepcyjny-kyleena-jpg.jpg","type":"image\/jpeg"}],"twitter_card":"summary_large_image","twitter_misc":{"Estimated reading time":"4 minutes"},"schema":{"@context":"https:\/\/schema.org","@graph":[{"@type":"WebPage","@id":"https:\/\/invimed.pl\/antykoncepcja-kyleena","url":"https:\/\/invimed.pl\/antykoncepcja-kyleena","name":"Insertion of the Kyleena contraceptive system - Invimed","isPartOf":{"@id":"https:\/\/invimed.pl\/#website"},"primaryImageOfPage":{"@id":"https:\/\/invimed.pl\/antykoncepcja-kyleena#primaryimage"},"image":{"@id":"https:\/\/invimed.pl\/antykoncepcja-kyleena#primaryimage"},"thumbnailUrl":"https:\/\/invimed.pl\/wp-content\/uploads\/2024\/04\/system-antykoncepcyjny-kyleena-jpg.jpg","datePublished":"2024-04-28T20:09:16+00:00","dateModified":"2024-06-01T17:34:40+00:00","description":"Kyleena is a progestogen therapeutic system that acts as an intrauterine contraceptive.","breadcrumb":{"@id":"https:\/\/invimed.pl\/antykoncepcja-kyleena#breadcrumb"},"inLanguage":"en-GB","potentialAction":[{"@type":"ReadAction","target":["https:\/\/invimed.pl\/antykoncepcja-kyleena"]}]},{"@type":"ImageObject","inLanguage":"en-GB","@id":"https:\/\/invimed.pl\/antykoncepcja-kyleena#primaryimage","url":"https:\/\/invimed.pl\/wp-content\/uploads\/2024\/04\/system-antykoncepcyjny-kyleena-jpg.jpg","contentUrl":"https:\/\/invimed.pl\/wp-content\/uploads\/2024\/04\/system-antykoncepcyjny-kyleena-jpg.jpg","width":1440,"height":300},{"@type":"BreadcrumbList","@id":"https:\/\/invimed.pl\/antykoncepcja-kyleena#breadcrumb","itemListElement":[{"@type":"ListItem","position":1,"name":"Strona g\u0142\u00f3wna","item":"https:\/\/invimed.pl\/"},{"@type":"ListItem","position":2,"name":"Za\u0142o\u017cenie systemu antykoncepcyjnego Kyleena"}]},{"@type":"WebSite","@id":"https:\/\/invimed.pl\/#website","url":"https:\/\/invimed.pl\/","name":"Invimed","description":"Our mission is to create a happy family together","potentialAction":[{"@type":"SearchAction","target":{"@type":"EntryPoint","urlTemplate":"https:\/\/invimed.pl\/?s={search_term_string}"},"query-input":{"@type":"PropertyValueSpecification","valueRequired":true,"valueName":"search_term_string"}}],"inLanguage":"en-GB"}]}},"_links":{"self":[{"href":"https:\/\/invimed.pl\/en\/wp-json\/wp\/v2\/pages\/5838","targetHints":{"allow":["GET"]}}],"collection":[{"href":"https:\/\/invimed.pl\/en\/wp-json\/wp\/v2\/pages"}],"about":[{"href":"https:\/\/invimed.pl\/en\/wp-json\/wp\/v2\/types\/page"}],"author":[{"embeddable":true,"href":"https:\/\/invimed.pl\/en\/wp-json\/wp\/v2\/users\/18"}],"replies":[{"embeddable":true,"href":"https:\/\/invimed.pl\/en\/wp-json\/wp\/v2\/comments?post=5838"}],"version-history":[{"count":3,"href":"https:\/\/invimed.pl\/en\/wp-json\/wp\/v2\/pages\/5838\/revisions"}],"predecessor-version":[{"id":257099,"href":"https:\/\/invimed.pl\/en\/wp-json\/wp\/v2\/pages\/5838\/revisions\/257099"}],"wp:featuredmedia":[{"embeddable":true,"href":"https:\/\/invimed.pl\/en\/wp-json\/wp\/v2\/media\/5839"}],"wp:attachment":[{"href":"https:\/\/invimed.pl\/en\/wp-json\/wp\/v2\/media?parent=5838"}],"curies":[{"name":"wp","href":"https:\/\/api.w.org\/{rel}","templated":true}]}}