{"id":5855,"date":"2024-04-28T21:25:45","date_gmt":"2024-04-28T21:25:45","guid":{"rendered":"http:\/\/invimed.pl\/?page_id=5855"},"modified":"2026-03-12T13:50:01","modified_gmt":"2026-03-12T13:50:01","slug":"leczenie-nieplodnosci-wsparcie-fizjoterapia-uroginekologiczna","status":"publish","type":"page","link":"https:\/\/invimed.pl\/en\/leczenie-nieplodnosci\/fizjoterapeuta","title":{"rendered":"Physiotherapist"},"content":{"rendered":"<p><strong>Help from a physiotherapist during the period of trying for a baby: acupressure, reflexology treatments, relaxation, fascial and deep tissue massages and pelvic floor physiotherapy. All of these can contribute to the success of trying for a baby on your own, but also insemination or IVF. An appointment with a physiotherapist can be made at the clinic <\/strong><a href=\"https:\/\/invimed.pl\/wp-content\/uploads\/2025\/10\/fizjoterapia-uroginekologiczna-poznan.jpg\">Invimed in Gdynia <\/a>, <a href=\"https:\/\/invimed.pl\/wp-content\/uploads\/2025\/10\/fizjoterapia-uroginekologiczna-poznan.jpg\">Invimed Ponan<\/a><a href=\"https:\/\/invimed.pl\/en\/clinics\/warsaw\/prague\/\" type=\"clinics\" id=\"683\">, Invimed Prague<\/a>.<\/p>\n\n\n\n<p><\/p>\n\n\n\n<h2 class=\"wp-block-heading\" id=\"najwazniejsze-informacje\"><strong>Highlights<\/strong><\/h2>\n\n\n\n<ul class=\"wp-block-list\">\n<li>Physiotherapy supports infertility treatment by relieving stress, managing pain and improving musculoskeletal function.<\/li>\n<\/ul>\n\n\n\n<ul class=\"wp-block-list\">\n<li>Fascial, deep and relaxation massages and pelvic floor physiotherapy increase pleasure during close-ups and quality of life.<\/li>\n<\/ul>\n\n\n\n<ul class=\"wp-block-list\">\n<li>Acupressure supports IVF by calming the body, improving blood supply to the uterine cavity and preparing for embryo transfer.<\/li>\n<\/ul>\n\n\n\n<ul class=\"wp-block-list\">\n<li>Physiotherapy treatments are available at Invimed clinics in Gdynia, Poznan and Warsaw Praga.<\/li>\n<\/ul>\n\n\n\n<h2 class=\"wp-block-heading\" id=\"jak-fizjoterapia-wplywa-na-plodnosc\">How does physiotherapy affect fertility?<\/h2>\n\n\n\n<p>Physiotherapy treatment relieves stress, helps combat pain in the musculoskeletal system and supports infertility treatment. At the Invimed clinic in Gdynia and Pozna\u0144, patients can benefit from the following physiotherapy treatments: massages (fascial, deep, relaxation), learning proper breathing and self-stretching methods, pelvic floor physiotherapy, acupressure and reflexology.<\/p>\n\n\n\n<h2 class=\"wp-block-heading\" id=\"fizjoterapia-miesni-dna-miednicy\">Physiotherapy for the pelvic floor muscles<\/h2>\n\n\n\n<p>Modern pelvic floor physiotherapy is recommended for women who experience the following complaints: pain in the lower abdomen, sacrum, hips and pelvis, difficulty passing urine or bowel movements, and urinary incontinence. With the help of a physiotherapist, there is a marked improvement in quality of life and the patient feels more pleasure during intercourse with her partner.<\/p>\n\n\n\n<h2 class=\"wp-block-heading\" id=\"akupresura-jako-wsparcie-in-vitro\"><a href=\"https:\/\/invimed.pl\/en\/blog\/how-to-increase-the-chances-of-pregnancy-acupuncture\/\">Acupressure<\/a> as support for in vitro<\/h2>\n\n\n\n<p>Women who have opted for IVF can increase their chances of getting a pregnancy and an embryo implanting with the help of acupressure, known as 'soft' acupuncture. This is a Chinese method of pressing, stroking, tapping and touching specific areas on the feet associated with specific organs in the human body. Acupressure has a calming and relaxing effect on the body, in addition to promoting regeneration processes and improving blood circulation. The treatment can be used before the start of treatment, during the period of ovarian follicle growth, after ovarian puncture and in preparation for embryo transfer (allows better blood supply to the uterine cavity).<\/p>\n\n\n\n<figure class=\"wp-block-table\"><table style=\"border-style:dashed;border-width:3px\"><tbody><tr><td><mark style=\"background-color:rgba(0, 0, 0, 0)\" class=\"has-inline-color has-color-12-color\">Make an appointment at Invimed Gdynia, Pozna\u0144 and Warsaw Praga!<\/mark><br><br>At the Invimed clinic in Gdynia, Poznan and Warsaw Praga, we have excellent physiotherapists who have already helped many couples on their way to fulfilling their dreams of having a baby.<\/td><\/tr><\/tbody><\/table><\/figure>\n\n\n\n<p><\/p>","protected":false},"excerpt":{"rendered":"<p>Pomoc fizjoterapeuty w okresie stara\u0144 o dziecko: akupresura, zabiegi refleksologii, masa\u017ce relaksacyjne, powi\u0119ziowe i g\u0142\u0119bokie oraz fizjoterapia dna miednicy. Wszystko to mo\u017ce przyczyni\u0107 si\u0119 do sukcesu samodzielnych stara\u0144 o dziecko, ale tak\u017ce inseminacji czy in vitro. Wizyt\u0119 u fizjoterapeuty mo\u017cna zrealizowa\u0107 w klinice Invimed w Gdyni , Invimed Pona\u0144, Invimed Praga. Najwa\u017cniejsze informacje Jak fizjoterapia [&hellip;]<\/p>\n","protected":false},"author":18,"featured_media":5856,"parent":181562,"menu_order":0,"comment_status":"closed","ping_status":"closed","template":"","meta":{"_acf_changed":false,"footnotes":""},"class_list":["post-5855","page","type-page","status-publish","has-post-thumbnail","hentry"],"acf":[],"yoast_head":"<!-- This site is optimized with the Yoast SEO plugin v27.2 - https:\/\/yoast.com\/product\/yoast-seo-wordpress\/ -->\n<title>Fizjoterapeuta na pomoc p\u0142odno\u015bci - Invimed Gdynia<\/title>\n<meta name=\"description\" content=\"Pomoc fizjoterapeuty w okresie stara\u0144 o dziecko: akupresura, zabiegi refleksologii, masa\u017ce relaksacyjne, powi\u0119ziowe i g\u0142\u0119bokie oraz fizjoterapia dna\" \/>\n<meta name=\"robots\" content=\"index, follow, max-snippet:-1, max-image-preview:large, max-video-preview:-1\" \/>\n<meta property=\"og:locale\" content=\"en_GB\" \/>\n<meta property=\"og:type\" content=\"article\" \/>\n<meta property=\"og:title\" content=\"Fizjoterapeuta na pomoc p\u0142odno\u015bci - Invimed Gdynia\" \/>\n<meta property=\"og:description\" content=\"Pomoc fizjoterapeuty w okresie stara\u0144 o dziecko: akupresura, zabiegi refleksologii, masa\u017ce relaksacyjne, powi\u0119ziowe i g\u0142\u0119bokie oraz fizjoterapia dna\" \/>\n<meta property=\"og:url\" content=\"https:\/\/invimed.pl\/en\/treatment-of-infertility\/physiotherapist\/\" \/>\n<meta property=\"og:site_name\" content=\"Invimed\" \/>\n<meta property=\"article:modified_time\" content=\"2026-03-12T13:50:01+00:00\" \/>\n<meta property=\"og:image\" content=\"https:\/\/invimed.pl\/wp-content\/uploads\/2024\/04\/1440x300-fizjoterapeuta-jpg.jpg\" \/>\n\t<meta property=\"og:image:width\" content=\"1440\" \/>\n\t<meta property=\"og:image:height\" content=\"300\" \/>\n\t<meta property=\"og:image:type\" content=\"image\/jpeg\" \/>\n<meta name=\"twitter:card\" content=\"summary_large_image\" \/>\n<meta name=\"twitter:label1\" content=\"Estimated reading time\" \/>\n\t<meta name=\"twitter:data1\" content=\"3 minutes\" \/>\n<!-- \/ Yoast SEO plugin. -->","yoast_head_json":{"title":"Physiotherapist to help fertility - Invimed Gdynia","description":"Physiotherapist support during the period of trying for a baby: acupressure, reflexology treatments, relaxation, fascial and deep tissue massages and fundus physiotherapy","robots":{"index":"index","follow":"follow","max-snippet":"max-snippet:-1","max-image-preview":"max-image-preview:large","max-video-preview":"max-video-preview:-1"},"og_locale":"en_GB","og_type":"article","og_title":"Fizjoterapeuta na pomoc p\u0142odno\u015bci - Invimed Gdynia","og_description":"Pomoc fizjoterapeuty w okresie stara\u0144 o dziecko: akupresura, zabiegi refleksologii, masa\u017ce relaksacyjne, powi\u0119ziowe i g\u0142\u0119bokie oraz fizjoterapia dna","og_url":"https:\/\/invimed.pl\/en\/treatment-of-infertility\/physiotherapist\/","og_site_name":"Invimed","article_modified_time":"2026-03-12T13:50:01+00:00","og_image":[{"width":1440,"height":300,"url":"https:\/\/invimed.pl\/wp-content\/uploads\/2024\/04\/1440x300-fizjoterapeuta-jpg.jpg","type":"image\/jpeg"}],"twitter_card":"summary_large_image","twitter_misc":{"Estimated reading time":"3 minutes"},"schema":{"@context":"https:\/\/schema.org","@graph":[{"@type":"WebPage","@id":"https:\/\/invimed.pl\/leczenie-nieplodnosci\/fizjoterapeuta","url":"https:\/\/invimed.pl\/leczenie-nieplodnosci\/fizjoterapeuta","name":"Physiotherapist to help fertility - Invimed Gdynia","isPartOf":{"@id":"https:\/\/invimed.pl\/#website"},"primaryImageOfPage":{"@id":"https:\/\/invimed.pl\/leczenie-nieplodnosci\/fizjoterapeuta#primaryimage"},"image":{"@id":"https:\/\/invimed.pl\/leczenie-nieplodnosci\/fizjoterapeuta#primaryimage"},"thumbnailUrl":"https:\/\/invimed.pl\/wp-content\/uploads\/2024\/04\/1440x300-fizjoterapeuta-jpg.jpg","datePublished":"2024-04-28T21:25:45+00:00","dateModified":"2026-03-12T13:50:01+00:00","description":"Physiotherapist support during the period of trying for a baby: acupressure, reflexology treatments, relaxation, fascial and deep tissue massages and fundus physiotherapy","breadcrumb":{"@id":"https:\/\/invimed.pl\/leczenie-nieplodnosci\/fizjoterapeuta#breadcrumb"},"inLanguage":"en-GB","potentialAction":[{"@type":"ReadAction","target":["https:\/\/invimed.pl\/leczenie-nieplodnosci\/fizjoterapeuta"]}]},{"@type":"ImageObject","inLanguage":"en-GB","@id":"https:\/\/invimed.pl\/leczenie-nieplodnosci\/fizjoterapeuta#primaryimage","url":"https:\/\/invimed.pl\/wp-content\/uploads\/2024\/04\/1440x300-fizjoterapeuta-jpg.jpg","contentUrl":"https:\/\/invimed.pl\/wp-content\/uploads\/2024\/04\/1440x300-fizjoterapeuta-jpg.jpg","width":1440,"height":300},{"@type":"BreadcrumbList","@id":"https:\/\/invimed.pl\/leczenie-nieplodnosci\/fizjoterapeuta#breadcrumb","itemListElement":[{"@type":"ListItem","position":1,"name":"Strona g\u0142\u00f3wna","item":"https:\/\/invimed.pl\/"},{"@type":"ListItem","position":2,"name":"Leczenie","item":"https:\/\/invimed.pl\/leczenie"},{"@type":"ListItem","position":3,"name":"Fizjoterapeuta"}]},{"@type":"WebSite","@id":"https:\/\/invimed.pl\/#website","url":"https:\/\/invimed.pl\/","name":"Invimed","description":"Our mission is to create a happy family together","potentialAction":[{"@type":"SearchAction","target":{"@type":"EntryPoint","urlTemplate":"https:\/\/invimed.pl\/?s={search_term_string}"},"query-input":{"@type":"PropertyValueSpecification","valueRequired":true,"valueName":"search_term_string"}}],"inLanguage":"en-GB"}]}},"_links":{"self":[{"href":"https:\/\/invimed.pl\/en\/wp-json\/wp\/v2\/pages\/5855","targetHints":{"allow":["GET"]}}],"collection":[{"href":"https:\/\/invimed.pl\/en\/wp-json\/wp\/v2\/pages"}],"about":[{"href":"https:\/\/invimed.pl\/en\/wp-json\/wp\/v2\/types\/page"}],"author":[{"embeddable":true,"href":"https:\/\/invimed.pl\/en\/wp-json\/wp\/v2\/users\/18"}],"replies":[{"embeddable":true,"href":"https:\/\/invimed.pl\/en\/wp-json\/wp\/v2\/comments?post=5855"}],"version-history":[{"count":11,"href":"https:\/\/invimed.pl\/en\/wp-json\/wp\/v2\/pages\/5855\/revisions"}],"predecessor-version":[{"id":272183,"href":"https:\/\/invimed.pl\/en\/wp-json\/wp\/v2\/pages\/5855\/revisions\/272183"}],"up":[{"embeddable":true,"href":"https:\/\/invimed.pl\/en\/wp-json\/wp\/v2\/pages\/181562"}],"wp:featuredmedia":[{"embeddable":true,"href":"https:\/\/invimed.pl\/en\/wp-json\/wp\/v2\/media\/5856"}],"wp:attachment":[{"href":"https:\/\/invimed.pl\/en\/wp-json\/wp\/v2\/media?parent=5855"}],"curies":[{"name":"wp","href":"https:\/\/api.w.org\/{rel}","templated":true}]}}