{"id":61,"date":"2023-11-29T10:10:59","date_gmt":"2023-11-29T10:10:59","guid":{"rendered":"https:\/\/invimed.pl\/?page_id=61"},"modified":"2025-09-02T09:30:28","modified_gmt":"2025-09-02T09:30:28","slug":"for-the-patient","status":"publish","type":"page","link":"https:\/\/invimed.pl\/en\/dla-pacjenta","title":{"rendered":"For the patient"},"content":{"rendered":"<p class=\"has-basic-header-color has-text-color has-link-color wp-elements-e45842a6349470d8f3ecaa18ad3fdbf2\"><strong>We invite you to familiarise yourself with the documents and the special offer for Medicover patients. Please come to the clinics a maximum of 10 minutes earlier before your appointment or examination.<\/strong><\/p>\n\n\n\n<h2 class=\"wp-block-heading\" id=\"dokumenty-dla-pacjentow\"><strong>Documents for Patients<\/strong><\/h2>\n\n\n\n<section class=\"downloads\">\n\t    <div class=\"downloads__wrapper\">\n        <header class=\"downloads__header\">\n            <div class=\"acf-innerblocks-container\">\n\n<h3 class=\"wp-block-heading\" id=\"dokumenty-do-pobrania\">Documents to download<\/h3>\n\n<\/div>\n        <\/header>\n            <ul class=\"p-0 m-0 downloads__content\">\n                    <li class=\"d-block downloads__item\">\n                <a class=\"d-flex\" href=\"https:\/\/invimed.pl\/wp-content\/uploads\/2024\/06\/Ankieta-medyczna-dla-Pacjenta.pdf\" target=\"_blank\" rel=\"noopener noreferrer\">\n                    <div class=\"w-100 svg-container\">\n                        <svg width=\"25\" height=\"25\" viewbox=\"0 0 25 25\" fill=\"none\" xmlns=\"http:\/\/www.w3.org\/2000\/svg\">\n                            <rect width=\"25\" height=\"25\" rx=\"12.5\" fill=\"currentColor\"\/>\n                            <path d=\"M7.25 19.5H17.75\" stroke=\"white\" stroke-linecap=\"round\" stroke-linejoin=\"round\"\/>\n                            <path d=\"M12.5 5.5V16M12.5 16L15.5625 12.9375M12.5 16L9.4375 12.9375\" stroke=\"white\" stroke-linecap=\"round\" stroke-linejoin=\"round\"\/>\n                        <\/svg>\n                    <\/div>\n                    <span class=\"d-flex align-items-center downloads__item__name\">\n                        Medical questionnaire for the patient.pdf                    <\/span>\n                <\/a>\n            <\/li>\n                    <li class=\"d-block downloads__item\">\n                <a class=\"d-flex\" href=\"https:\/\/invimed.pl\/wp-content\/uploads\/2024\/06\/Ankieta-medyczna-dla-Pacjentki.pdf\" target=\"_blank\" rel=\"noopener noreferrer\">\n                    <div class=\"w-100 svg-container\">\n                        <svg width=\"25\" height=\"25\" viewbox=\"0 0 25 25\" fill=\"none\" xmlns=\"http:\/\/www.w3.org\/2000\/svg\">\n                            <rect width=\"25\" height=\"25\" rx=\"12.5\" fill=\"currentColor\"\/>\n                            <path d=\"M7.25 19.5H17.75\" stroke=\"white\" stroke-linecap=\"round\" stroke-linejoin=\"round\"\/>\n                            <path d=\"M12.5 5.5V16M12.5 16L15.5625 12.9375M12.5 16L9.4375 12.9375\" stroke=\"white\" stroke-linecap=\"round\" stroke-linejoin=\"round\"\/>\n                        <\/svg>\n                    <\/div>\n                    <span class=\"d-flex align-items-center downloads__item__name\">\n                        Medical questionnaire for the patient.pdf                    <\/span>\n                <\/a>\n            <\/li>\n                    <li class=\"d-block downloads__item\">\n                <a class=\"d-flex\" href=\"https:\/\/invimed.pl\/wp-content\/uploads\/2024\/09\/Wniosek-o-wydanie-kopii-dokumentacji-medycznej_2024.pdf\" target=\"_blank\" rel=\"noopener noreferrer\">\n                    <div class=\"w-100 svg-container\">\n                        <svg width=\"25\" height=\"25\" viewbox=\"0 0 25 25\" fill=\"none\" xmlns=\"http:\/\/www.w3.org\/2000\/svg\">\n                            <rect width=\"25\" height=\"25\" rx=\"12.5\" fill=\"currentColor\"\/>\n                            <path d=\"M7.25 19.5H17.75\" stroke=\"white\" stroke-linecap=\"round\" stroke-linejoin=\"round\"\/>\n                            <path d=\"M12.5 5.5V16M12.5 16L15.5625 12.9375M12.5 16L9.4375 12.9375\" stroke=\"white\" stroke-linecap=\"round\" stroke-linejoin=\"round\"\/>\n                        <\/svg>\n                    <\/div>\n                    <span class=\"d-flex align-items-center downloads__item__name\">\n                        Request for copies of medical records_2024.pdf                    <\/span>\n                <\/a>\n            <\/li>\n                    <li class=\"d-block downloads__item\">\n                <a class=\"d-flex\" href=\"https:\/\/invimed.pl\/wp-content\/uploads\/2024\/06\/Wniosek-o-przeslanie-dokumentacji-medycznej-elektronicznie-1.pdf\" target=\"_blank\" rel=\"noopener noreferrer\">\n                    <div class=\"w-100 svg-container\">\n                        <svg width=\"25\" height=\"25\" viewbox=\"0 0 25 25\" fill=\"none\" xmlns=\"http:\/\/www.w3.org\/2000\/svg\">\n                            <rect width=\"25\" height=\"25\" rx=\"12.5\" fill=\"currentColor\"\/>\n                            <path d=\"M7.25 19.5H17.75\" stroke=\"white\" stroke-linecap=\"round\" stroke-linejoin=\"round\"\/>\n                            <path d=\"M12.5 5.5V16M12.5 16L15.5625 12.9375M12.5 16L9.4375 12.9375\" stroke=\"white\" stroke-linecap=\"round\" stroke-linejoin=\"round\"\/>\n                        <\/svg>\n                    <\/div>\n                    <span class=\"d-flex align-items-center downloads__item__name\">\n                        Request for transfer of medical records electronically 1.pdf                    <\/span>\n                <\/a>\n            <\/li>\n                    <li class=\"d-block downloads__item\">\n                <a class=\"d-flex\" href=\"https:\/\/invimed.pl\/wp-content\/uploads\/2024\/06\/Oswiadczenie-Pacjenta-upowaznienie.pdf\" target=\"_blank\" rel=\"noopener noreferrer\">\n                    <div class=\"w-100 svg-container\">\n                        <svg width=\"25\" height=\"25\" viewbox=\"0 0 25 25\" fill=\"none\" xmlns=\"http:\/\/www.w3.org\/2000\/svg\">\n                            <rect width=\"25\" height=\"25\" rx=\"12.5\" fill=\"currentColor\"\/>\n                            <path d=\"M7.25 19.5H17.75\" stroke=\"white\" stroke-linecap=\"round\" stroke-linejoin=\"round\"\/>\n                            <path d=\"M12.5 5.5V16M12.5 16L15.5625 12.9375M12.5 16L9.4375 12.9375\" stroke=\"white\" stroke-linecap=\"round\" stroke-linejoin=\"round\"\/>\n                        <\/svg>\n                    <\/div>\n                    <span class=\"d-flex align-items-center downloads__item__name\">\n                        Patient's declaration of authorisation.pdf                    <\/span>\n                <\/a>\n            <\/li>\n                    <li class=\"d-block downloads__item\">\n                <a class=\"d-flex\" href=\"https:\/\/invimed.pl\/wp-content\/uploads\/2025\/04\/PL-45_Wniosek_o_przeslanie_dokumentacji_medycznej_poczta_20240216.pdf\" target=\"_blank\" rel=\"noopener noreferrer\">\n                    <div class=\"w-100 svg-container\">\n                        <svg width=\"25\" height=\"25\" viewbox=\"0 0 25 25\" fill=\"none\" xmlns=\"http:\/\/www.w3.org\/2000\/svg\">\n                            <rect width=\"25\" height=\"25\" rx=\"12.5\" fill=\"currentColor\"\/>\n                            <path d=\"M7.25 19.5H17.75\" stroke=\"white\" stroke-linecap=\"round\" stroke-linejoin=\"round\"\/>\n                            <path d=\"M12.5 5.5V16M12.5 16L15.5625 12.9375M12.5 16L9.4375 12.9375\" stroke=\"white\" stroke-linecap=\"round\" stroke-linejoin=\"round\"\/>\n                        <\/svg>\n                    <\/div>\n                    <span class=\"d-flex align-items-center downloads__item__name\">\n                        EN 45_Request_for_submission_of_medical_documentation_by_post_20240216.pdf                    <\/span>\n                <\/a>\n            <\/li>\n                    <li class=\"d-block downloads__item\">\n                <a class=\"d-flex\" href=\"https:\/\/invimed.pl\/wp-content\/uploads\/2025\/09\/PL-38-Formularz-pacjenta-badanie-nasienia-20250901.pdf\" target=\"_blank\" rel=\"noopener noreferrer\">\n                    <div class=\"w-100 svg-container\">\n                        <svg width=\"25\" height=\"25\" viewbox=\"0 0 25 25\" fill=\"none\" xmlns=\"http:\/\/www.w3.org\/2000\/svg\">\n                            <rect width=\"25\" height=\"25\" rx=\"12.5\" fill=\"currentColor\"\/>\n                            <path d=\"M7.25 19.5H17.75\" stroke=\"white\" stroke-linecap=\"round\" stroke-linejoin=\"round\"\/>\n                            <path d=\"M12.5 5.5V16M12.5 16L15.5625 12.9375M12.5 16L9.4375 12.9375\" stroke=\"white\" stroke-linecap=\"round\" stroke-linejoin=\"round\"\/>\n                        <\/svg>\n                    <\/div>\n                    <span class=\"d-flex align-items-center downloads__item__name\">\n                        EN 38 Semen examination patient form 20250901.pdf                    <\/span>\n                <\/a>\n            <\/li>\n                    <li class=\"d-block downloads__item\">\n                <a class=\"d-flex\" href=\"https:\/\/invimed.pl\/wp-content\/uploads\/2025\/09\/Patientenformular-DE-Medi-Partner-20250901.pdf\" target=\"_blank\" rel=\"noopener noreferrer\">\n                    <div class=\"w-100 svg-container\">\n                        <svg width=\"25\" height=\"25\" viewbox=\"0 0 25 25\" fill=\"none\" xmlns=\"http:\/\/www.w3.org\/2000\/svg\">\n                            <rect width=\"25\" height=\"25\" rx=\"12.5\" fill=\"currentColor\"\/>\n                            <path d=\"M7.25 19.5H17.75\" stroke=\"white\" stroke-linecap=\"round\" stroke-linejoin=\"round\"\/>\n                            <path d=\"M12.5 5.5V16M12.5 16L15.5625 12.9375M12.5 16L9.4375 12.9375\" stroke=\"white\" stroke-linecap=\"round\" stroke-linejoin=\"round\"\/>\n                        <\/svg>\n                    <\/div>\n                    <span class=\"d-flex align-items-center downloads__item__name\">\n                        Patientenformular DE Medi Partner 20250901.pdf                    <\/span>\n                <\/a>\n            <\/li>\n                    <li class=\"d-block downloads__item\">\n                <a class=\"d-flex\" href=\"https:\/\/invimed.pl\/wp-content\/uploads\/2025\/09\/Patient-Form-EN-Medi-Partner-20250901.pdf\" target=\"_blank\" rel=\"noopener noreferrer\">\n                    <div class=\"w-100 svg-container\">\n                        <svg width=\"25\" height=\"25\" viewbox=\"0 0 25 25\" fill=\"none\" xmlns=\"http:\/\/www.w3.org\/2000\/svg\">\n                            <rect width=\"25\" height=\"25\" rx=\"12.5\" fill=\"currentColor\"\/>\n                            <path d=\"M7.25 19.5H17.75\" stroke=\"white\" stroke-linecap=\"round\" stroke-linejoin=\"round\"\/>\n                            <path d=\"M12.5 5.5V16M12.5 16L15.5625 12.9375M12.5 16L9.4375 12.9375\" stroke=\"white\" stroke-linecap=\"round\" stroke-linejoin=\"round\"\/>\n                        <\/svg>\n                    <\/div>\n                    <span class=\"d-flex align-items-center downloads__item__name\">\n                        Patient Form EN Medi Partner 20250901.pdf                    <\/span>\n                <\/a>\n            <\/li>\n                    <li class=\"d-block downloads__item\">\n                <a class=\"d-flex\" href=\"https:\/\/invimed.pl\/wp-content\/uploads\/2025\/09\/Oswiadczenie-Pacjenta-zgody-marketingowe-20250901.pdf\" target=\"_blank\" rel=\"noopener noreferrer\">\n                    <div class=\"w-100 svg-container\">\n                        <svg width=\"25\" height=\"25\" viewbox=\"0 0 25 25\" fill=\"none\" xmlns=\"http:\/\/www.w3.org\/2000\/svg\">\n                            <rect width=\"25\" height=\"25\" rx=\"12.5\" fill=\"currentColor\"\/>\n                            <path d=\"M7.25 19.5H17.75\" stroke=\"white\" stroke-linecap=\"round\" stroke-linejoin=\"round\"\/>\n                            <path d=\"M12.5 5.5V16M12.5 16L15.5625 12.9375M12.5 16L9.4375 12.9375\" stroke=\"white\" stroke-linecap=\"round\" stroke-linejoin=\"round\"\/>\n                        <\/svg>\n                    <\/div>\n                    <span class=\"d-flex align-items-center downloads__item__name\">\n                        Patient declaration of marketing consent 20250901.pdf                    <\/span>\n                <\/a>\n            <\/li>\n                    <li class=\"d-block downloads__item\">\n                <a class=\"d-flex\" href=\"https:\/\/invimed.pl\/wp-content\/uploads\/2025\/09\/Formularz-Pacjenta-Medi-Partner-20250901.pdf\" target=\"_blank\" rel=\"noopener noreferrer\">\n                    <div class=\"w-100 svg-container\">\n                        <svg width=\"25\" height=\"25\" viewbox=\"0 0 25 25\" fill=\"none\" xmlns=\"http:\/\/www.w3.org\/2000\/svg\">\n                            <rect width=\"25\" height=\"25\" rx=\"12.5\" fill=\"currentColor\"\/>\n                            <path d=\"M7.25 19.5H17.75\" stroke=\"white\" stroke-linecap=\"round\" stroke-linejoin=\"round\"\/>\n                            <path d=\"M12.5 5.5V16M12.5 16L15.5625 12.9375M12.5 16L9.4375 12.9375\" stroke=\"white\" stroke-linecap=\"round\" stroke-linejoin=\"round\"\/>\n                        <\/svg>\n                    <\/div>\n                    <span class=\"d-flex align-items-center downloads__item__name\">\n                        Medi Partner Patient Form 20250901.pdf                    <\/span>\n                <\/a>\n            <\/li>\n                    <li class=\"d-block downloads__item\">\n                <a class=\"d-flex\" href=\"https:\/\/invimed.pl\/wp-content\/uploads\/2025\/09\/Formularz-Pacjentki-Medi-Partner-20250901.pdf\" target=\"_blank\" rel=\"noopener noreferrer\">\n                    <div class=\"w-100 svg-container\">\n                        <svg width=\"25\" height=\"25\" viewbox=\"0 0 25 25\" fill=\"none\" xmlns=\"http:\/\/www.w3.org\/2000\/svg\">\n                            <rect width=\"25\" height=\"25\" rx=\"12.5\" fill=\"currentColor\"\/>\n                            <path d=\"M7.25 19.5H17.75\" stroke=\"white\" stroke-linecap=\"round\" stroke-linejoin=\"round\"\/>\n                            <path d=\"M12.5 5.5V16M12.5 16L15.5625 12.9375M12.5 16L9.4375 12.9375\" stroke=\"white\" stroke-linecap=\"round\" stroke-linejoin=\"round\"\/>\n                        <\/svg>\n                    <\/div>\n                    <span class=\"d-flex align-items-center downloads__item__name\">\n                        Medi Partner Patient Form 20250901.pdf                    <\/span>\n                <\/a>\n            <\/li>\n                <\/ul>\n        <\/div>\n<\/section>\n\n\n\n<h2 class=\"wp-block-heading\" id=\"oferta-dla-pacjentow-medicover\">Offer for Medicover patients<\/h2>\n\n\n\n<p>Infertility diagnosis and treatment are not covered by Medicover medical packages, so in order to make the decision to start treatment easier, we have prepared a special offer.<\/p>\n\n\n\n<p><a href=\"https:\/\/invimed.pl\/en\/for-medicover-patients\/\">Check current offers for Medicover patients<\/a><\/p>\n\n\n\n<p><\/p>\n\n\n\n<p class=\"has-text-align-center\"><strong>Download free Invimed e-books<\/strong><\/p>\n\n\n\n<p class=\"has-text-align-center\">The e-books published by Invimed are free and freely available to the public. We dedicate them to people who are in the process of trying to have a baby - whether on their own or supported by infertility clinics. We are here for you.<\/p>\n\n\n\n<p class=\"has-text-align-center\"><a href=\"https:\/\/invimed.pl\/en\/news\/ebooks\/\">Go to e-books<\/a><\/p>\n\n\n\n<p><\/p>","protected":false},"excerpt":{"rendered":"<p>Zapraszamy do zapoznania si\u0119 z dokumentami oraz specjaln\u0105 ofert\u0105 dla pacjent\u00f3w Medicover. Prosimy o przychodzenie do klinik maksymalnie 10 minut wcze\u015bniej przed um\u00f3wion\u0105 wizyt\u0105 lub badaniem. Dokumenty dla Pacjent\u00f3w Oferta dla Pacjent\u00f3w Medicover Diagnostyk\u0105 i leczeniem niep\u0142odno\u015bci nie s\u0105 obj\u0119te pakietami medycznymi Medicover, dlatego, aby u\u0142atwi\u0107 podj\u0119cie decyzji o rozpocz\u0119ciu leczenia, przygotowali\u015bmy specjaln\u0105 ofert\u0119. Sprawd\u017a [&hellip;]<\/p>\n","protected":false},"author":1,"featured_media":0,"parent":0,"menu_order":0,"comment_status":"closed","ping_status":"closed","template":"","meta":{"_acf_changed":false,"footnotes":""},"class_list":["post-61","page","type-page","status-publish","hentry"],"acf":[],"yoast_head":"<!-- This site is optimized with the Yoast SEO plugin v27.2 - https:\/\/yoast.com\/product\/yoast-seo-wordpress\/ -->\n<title>Dla pacjenta - Invimed<\/title>\n<meta name=\"description\" content=\"Dokumenty dla Pacjent\u00f3w\" \/>\n<meta name=\"robots\" content=\"index, follow, max-snippet:-1, max-image-preview:large, max-video-preview:-1\" \/>\n<meta property=\"og:locale\" content=\"en_GB\" \/>\n<meta property=\"og:type\" content=\"article\" \/>\n<meta property=\"og:title\" content=\"Dla pacjenta - Invimed\" \/>\n<meta property=\"og:description\" content=\"Dokumenty dla Pacjent\u00f3w\" \/>\n<meta property=\"og:url\" content=\"https:\/\/invimed.pl\/en\/for-the-patient\/\" \/>\n<meta property=\"og:site_name\" content=\"Invimed\" \/>\n<meta property=\"article:modified_time\" content=\"2025-09-02T09:30:28+00:00\" \/>\n<meta name=\"twitter:card\" content=\"summary_large_image\" \/>\n<!-- \/ Yoast SEO plugin. -->","yoast_head_json":{"title":"For the patient - Invimed","description":"Documents for Patients","robots":{"index":"index","follow":"follow","max-snippet":"max-snippet:-1","max-image-preview":"max-image-preview:large","max-video-preview":"max-video-preview:-1"},"og_locale":"en_GB","og_type":"article","og_title":"Dla pacjenta - Invimed","og_description":"Dokumenty dla Pacjent\u00f3w","og_url":"https:\/\/invimed.pl\/en\/for-the-patient\/","og_site_name":"Invimed","article_modified_time":"2025-09-02T09:30:28+00:00","twitter_card":"summary_large_image","schema":{"@context":"https:\/\/schema.org","@graph":[{"@type":"WebPage","@id":"https:\/\/invimed.pl\/dla-pacjenta","url":"https:\/\/invimed.pl\/dla-pacjenta","name":"For the patient - Invimed","isPartOf":{"@id":"https:\/\/invimed.pl\/#website"},"datePublished":"2023-11-29T10:10:59+00:00","dateModified":"2025-09-02T09:30:28+00:00","description":"Documents for Patients","breadcrumb":{"@id":"https:\/\/invimed.pl\/dla-pacjenta#breadcrumb"},"inLanguage":"en-GB","potentialAction":[{"@type":"ReadAction","target":["https:\/\/invimed.pl\/dla-pacjenta"]}]},{"@type":"BreadcrumbList","@id":"https:\/\/invimed.pl\/dla-pacjenta#breadcrumb","itemListElement":[{"@type":"ListItem","position":1,"name":"Strona g\u0142\u00f3wna","item":"https:\/\/invimed.pl\/"},{"@type":"ListItem","position":2,"name":"Dla pacjenta"}]},{"@type":"WebSite","@id":"https:\/\/invimed.pl\/#website","url":"https:\/\/invimed.pl\/","name":"Invimed","description":"Our mission is to create a happy family together","potentialAction":[{"@type":"SearchAction","target":{"@type":"EntryPoint","urlTemplate":"https:\/\/invimed.pl\/?s={search_term_string}"},"query-input":{"@type":"PropertyValueSpecification","valueRequired":true,"valueName":"search_term_string"}}],"inLanguage":"en-GB"}]}},"_links":{"self":[{"href":"https:\/\/invimed.pl\/en\/wp-json\/wp\/v2\/pages\/61","targetHints":{"allow":["GET"]}}],"collection":[{"href":"https:\/\/invimed.pl\/en\/wp-json\/wp\/v2\/pages"}],"about":[{"href":"https:\/\/invimed.pl\/en\/wp-json\/wp\/v2\/types\/page"}],"author":[{"embeddable":true,"href":"https:\/\/invimed.pl\/en\/wp-json\/wp\/v2\/users\/1"}],"replies":[{"embeddable":true,"href":"https:\/\/invimed.pl\/en\/wp-json\/wp\/v2\/comments?post=61"}],"version-history":[{"count":23,"href":"https:\/\/invimed.pl\/en\/wp-json\/wp\/v2\/pages\/61\/revisions"}],"predecessor-version":[{"id":270546,"href":"https:\/\/invimed.pl\/en\/wp-json\/wp\/v2\/pages\/61\/revisions\/270546"}],"wp:attachment":[{"href":"https:\/\/invimed.pl\/en\/wp-json\/wp\/v2\/media?parent=61"}],"curies":[{"name":"wp","href":"https:\/\/api.w.org\/{rel}","templated":true}]}}