{"id":64734,"date":"2024-05-05T21:07:05","date_gmt":"2024-05-05T21:07:05","guid":{"rendered":"http:\/\/invimed.pl\/?page_id=64734"},"modified":"2024-06-01T19:24:37","modified_gmt":"2024-06-01T17:24:37","slug":"jaydess-contraception","status":"publish","type":"page","link":"https:\/\/invimed.pl\/en\/antykoncepcja-jaydess","title":{"rendered":"Insertion of the Jaydess IUD"},"content":{"rendered":"<p><strong>Jaydess is an IUD, whose action is based on the gradual release of a hormone from the progestogen group. Its contraceptive efficacy as measured by the Pearl index is approximately 0.1, ensuring virtually 100% contraceptive effect.<\/strong><\/p>\n\n\n\n<section class=\"cta-3\">\n\t\t<div class=\"container cta-3__container\">\n\t\t<div class=\"position-relative cta-3__wrapper\">\n\t\t                    <div class=\"acf-innerblocks-container\">\n\n<p class=\"has-text-align-center\"><strong>Make an appointment at Invimed Gdynia!<\/strong><\/p>\n\n\n\n<p class=\"has-text-align-center\">If you are interested in the service presented on this page, make an appointment for a consultation at the Invimed clinic in Gdynia. Call the helpline number: <strong>500 900 888<\/strong> or click the button below and complete the contact form. Aesthetic gynaecology and contraceptive gynaecology procedures are only provided by this facility.<\/p>\n\n\n\n<div class=\"wp-block-buttons is-content-justification-center is-layout-flex wp-container-core-buttons-is-layout-a89b3969 wp-block-buttons-is-layout-flex\">\n<div class=\"wp-block-button\"><a class=\"wp-block-button__link wp-element-button\" role=\"button\" tabindex=\"0\">Make an appointment<\/a><\/div>\n<\/div>\n\n<\/div>\n                \t\t<\/div>\n\t<\/div>\n<\/section>\n\n\n\n<p>The Jaydess IUD, unlike systemic contraceptives (pills, injections, implants, patches), releases hormones locally within the uterus. Only minimal amounts of hormone enter the bloodstream. In most cases, Jaydess does not affect ovulation, which means that the ovaries continue to produce oestrogen while the IUD is in use.<\/p>\n\n\n\n<h2 class=\"wp-block-heading\" id=\"wkladka-antykoncepcyjna-jaydess\">Jaydess IUD<\/h2>\n\n\n\n<p>Bayer's Jaydess contains 13.5 mg of levonorgestrel, a synthetic hormone from the progestogen group, also commonly used in other hormonal contraceptives (which lasts several years longer <a href=\"https:\/\/invimed.pl\/en\/zalozenie-spirali-antykoncepcyjnej-mirena\/\" target=\"_blank\" rel=\"noreferrer noopener\">Mirena contraceptive coil<\/a> releases the same hormone). However, it does not contain hormones from the oestrogen group.<\/p>\n\n\n\n<section class=\"check-list\">\n\t    <header class=\"check-list__header\">\n        <div class=\"acf-innerblocks-container\">\n\n<p>The contraceptive action of Jaydess is manifested by the topical release of a small dose of levonorgestrel, which:<\/p>\n\n<\/div>\n    <\/header>\n    <ul class=\"mb-0 p-0 check-list__inner\">\n            <li class=\"d-flex check-list__item\">\n            <div class=\"svg-container\">\n                <svg width=\"16\" height=\"16\">\n                    <use xlink:href=\"#icon-check-2\" \/>\n                <\/svg>\n            <\/div>\n            <div class=\"check-list__item__rte\">\n                <p>thickens the cervical mucus, preventing the free migration of sperm to the egg,<\/p>\n            <\/div>\n        <\/li>\n            <li class=\"d-flex check-list__item\">\n            <div class=\"svg-container\">\n                <svg width=\"16\" height=\"16\">\n                    <use xlink:href=\"#icon-check-2\" \/>\n                <\/svg>\n            <\/div>\n            <div class=\"check-list__item__rte\">\n                <p>inhibits the proliferation of the uterine mucosa, whose membrane becomes thin and incapable of accepting an egg.<\/p>\n            <\/div>\n        <\/li>\n        <\/ul>\n<\/section>\n\n\n\n<p>Moreover, the IUD itself, as a foreign body, creates an unfavourable environment for the sperm in the uterus and fallopian tubes, reducing their motility and thus hindering the fertilisation of the egg.<\/p>\n\n\n\n<h2 class=\"wp-block-heading\" id=\"kto-nie-moze-korzystac-z-wkladki-jaydess\">Who cannot use a Jaydess insert?<\/h2>\n\n\n\n<p>Jaydess is the smallest hormonal intrauterine system available on the market, making it suitable for almost all women, even those who have not previously given birth. Most ladies tolerate the insertion and function of the Jaydess system well, but not all can benefit from it. Therefore, a medical examination, including a pelvic organ examination, breast examination and cervical smear, should be carried out before the procedure. Pregnancy, endometrial lesions and sexually transmitted diseases should be excluded.<\/p>\n\n\n\n<section class=\"check-list\">\n\t    <header class=\"check-list__header\">\n        <div class=\"acf-innerblocks-container\">\n\n<p>Contraindications to inserting a Jaydess IUD include:<\/p>\n\n<\/div>\n    <\/header>\n    <ul class=\"mb-0 p-0 check-list__inner\">\n            <li class=\"d-flex check-list__item\">\n            <div class=\"svg-container\">\n                <svg width=\"16\" height=\"16\">\n                    <use xlink:href=\"#icon-check-2\" \/>\n                <\/svg>\n            <\/div>\n            <div class=\"check-list__item__rte\">\n                <p>a pregnancy has occurred or is suspected,<\/p>\n            <\/div>\n        <\/li>\n            <li class=\"d-flex check-list__item\">\n            <div class=\"svg-container\">\n                <svg width=\"16\" height=\"16\">\n                    <use xlink:href=\"#icon-check-2\" \/>\n                <\/svg>\n            <\/div>\n            <div class=\"check-list__item__rte\">\n                <p>acute or recurrent pelvic pain,<\/p>\n            <\/div>\n        <\/li>\n            <li class=\"d-flex check-list__item\">\n            <div class=\"svg-container\">\n                <svg width=\"16\" height=\"16\">\n                    <use xlink:href=\"#icon-check-2\" \/>\n                <\/svg>\n            <\/div>\n            <div class=\"check-list__item__rte\">\n                <p>acute cervicitis or vaginitis,<\/p>\n            <\/div>\n        <\/li>\n            <li class=\"d-flex check-list__item\">\n            <div class=\"svg-container\">\n                <svg width=\"16\" height=\"16\">\n                    <use xlink:href=\"#icon-check-2\" \/>\n                <\/svg>\n            <\/div>\n            <div class=\"check-list__item__rte\">\n                <p>malignant neoplasm of the body or cervix,<\/p>\n            <\/div>\n        <\/li>\n            <li class=\"d-flex check-list__item\">\n            <div class=\"svg-container\">\n                <svg width=\"16\" height=\"16\">\n                    <use xlink:href=\"#icon-check-2\" \/>\n                <\/svg>\n            <\/div>\n            <div class=\"check-list__item__rte\">\n                <p>undiagnosed vaginal bleeding.<\/p>\n            <\/div>\n        <\/li>\n        <\/ul>\n<\/section>\n\n\n\n<h2 class=\"wp-block-heading\" id=\"jak-wyglada-zabieg-zalozenia-jaydess\">What does the procedure of putting on Jaydess look like?<\/h2>\n\n\n\n<p>The procedure for inserting the Jaydess coil is simple and safe, as long as it is performed by an experienced gynaecologist. The insertion process itself is instantaneous and may involve only minor discomfort. The insertion procedure is performed with a special applicator. The IUD itself is a 3 cm long T-shaped intrauterine frame made of a flexible polymer. Its presence in the uterus is not perceptible.&nbsp;<\/p>\n\n\n\n<h2 class=\"wp-block-heading\" id=\"kiedy-wkladka-jaydess-zaczyna-dzialac\">When does the Jaydess insert take effect?<\/h2>\n\n\n\n<p>If inserted within 7 days of the first day of menstruation, the IUD provides immediate protection against pregnancy for approximately 3 years. If inserted at any other point in the cycle, additional condom use is recommended for the first 7 days after insertion. The first intercourse can be performed 24 hours after insertion of the Jaydess IUD.<\/p>\n\n\n\n<h2 class=\"wp-block-heading\" id=\"\"><\/h2>","protected":false},"excerpt":{"rendered":"<p>Jaydess to wk\u0142adka domaciczna, kt\u00f3rej dzia\u0142anie opiera si\u0119 na stopniowym uwalnianiu hormonu z grupy progestagen\u00f3w. Jej skuteczno\u015b\u0107 antykoncepcyjna mierzona wska\u017aniekiem Pearla wynosi ok 0,1, co zapewnia w\u0142a\u015bciwie stuprocentowe dzia\u0142anie antykoncepcyjne. Wk\u0142adka Jaydess, w odr\u00f3\u017cnieniu od \u015brodk\u00f3w antykoncepcyjnych o dzia\u0142aniu og\u00f3lnoustrojowym (tabletki, zastrzyki, implanty, plastry), uwalnia hormony miejscowo w obr\u0119bie macicy. Do krwiobiegu przedostaj\u0105 si\u0119 tylko [&hellip;]<\/p>\n","protected":false},"author":18,"featured_media":64735,"parent":0,"menu_order":0,"comment_status":"closed","ping_status":"closed","template":"","meta":{"_acf_changed":false,"footnotes":""},"class_list":["post-64734","page","type-page","status-publish","has-post-thumbnail","hentry"],"acf":[],"yoast_head":"<!-- This site is optimized with the Yoast SEO plugin v27.2 - https:\/\/yoast.com\/product\/yoast-seo-wordpress\/ -->\n<title>Za\u0142o\u017cenie wk\u0142adki antykoncepcyjnej Jaydess - Invimed<\/title>\n<meta name=\"description\" content=\"Jaydess to wk\u0142adka domaciczna, kt\u00f3rej dzia\u0142anie opiera si\u0119 na stopniowym uwalnianiu hormonu z grupy progestagen\u00f3w.\" \/>\n<meta name=\"robots\" content=\"index, follow, max-snippet:-1, max-image-preview:large, max-video-preview:-1\" \/>\n<meta property=\"og:locale\" content=\"en_GB\" \/>\n<meta property=\"og:type\" content=\"article\" \/>\n<meta property=\"og:title\" content=\"Za\u0142o\u017cenie wk\u0142adki antykoncepcyjnej Jaydess - Invimed\" \/>\n<meta property=\"og:description\" content=\"Jaydess to wk\u0142adka domaciczna, kt\u00f3rej dzia\u0142anie opiera si\u0119 na stopniowym uwalnianiu hormonu z grupy progestagen\u00f3w.\" \/>\n<meta property=\"og:url\" content=\"https:\/\/invimed.pl\/en\/jaydess-contraception\/\" \/>\n<meta property=\"og:site_name\" content=\"Invimed\" \/>\n<meta property=\"article:modified_time\" content=\"2024-06-01T17:24:37+00:00\" \/>\n<meta property=\"og:image\" content=\"https:\/\/invimed.pl\/wp-content\/uploads\/2024\/05\/wkladka-antykoncepcyjna-jaydess-jpg.jpg\" \/>\n\t<meta property=\"og:image:width\" content=\"1440\" \/>\n\t<meta property=\"og:image:height\" content=\"300\" \/>\n\t<meta property=\"og:image:type\" content=\"image\/jpeg\" \/>\n<meta name=\"twitter:card\" content=\"summary_large_image\" \/>\n<meta name=\"twitter:label1\" content=\"Estimated reading time\" \/>\n\t<meta name=\"twitter:data1\" content=\"3 minutes\" \/>\n<!-- \/ Yoast SEO plugin. -->","yoast_head_json":{"title":"Jaydess IUD insertion - Invimed","description":"Jaydess is an IUD whose action is based on the gradual release of a hormone from the progestogen group.","robots":{"index":"index","follow":"follow","max-snippet":"max-snippet:-1","max-image-preview":"max-image-preview:large","max-video-preview":"max-video-preview:-1"},"og_locale":"en_GB","og_type":"article","og_title":"Za\u0142o\u017cenie wk\u0142adki antykoncepcyjnej Jaydess - Invimed","og_description":"Jaydess to wk\u0142adka domaciczna, kt\u00f3rej dzia\u0142anie opiera si\u0119 na stopniowym uwalnianiu hormonu z grupy progestagen\u00f3w.","og_url":"https:\/\/invimed.pl\/en\/jaydess-contraception\/","og_site_name":"Invimed","article_modified_time":"2024-06-01T17:24:37+00:00","og_image":[{"width":1440,"height":300,"url":"https:\/\/invimed.pl\/wp-content\/uploads\/2024\/05\/wkladka-antykoncepcyjna-jaydess-jpg.jpg","type":"image\/jpeg"}],"twitter_card":"summary_large_image","twitter_misc":{"Estimated reading time":"3 minutes"},"schema":{"@context":"https:\/\/schema.org","@graph":[{"@type":"WebPage","@id":"https:\/\/invimed.pl\/antykoncepcja-jaydess","url":"https:\/\/invimed.pl\/antykoncepcja-jaydess","name":"Jaydess IUD insertion - Invimed","isPartOf":{"@id":"https:\/\/invimed.pl\/#website"},"primaryImageOfPage":{"@id":"https:\/\/invimed.pl\/antykoncepcja-jaydess#primaryimage"},"image":{"@id":"https:\/\/invimed.pl\/antykoncepcja-jaydess#primaryimage"},"thumbnailUrl":"https:\/\/invimed.pl\/wp-content\/uploads\/2024\/05\/wkladka-antykoncepcyjna-jaydess-jpg.jpg","datePublished":"2024-05-05T21:07:05+00:00","dateModified":"2024-06-01T17:24:37+00:00","description":"Jaydess is an IUD whose action is based on the gradual release of a hormone from the progestogen group.","breadcrumb":{"@id":"https:\/\/invimed.pl\/antykoncepcja-jaydess#breadcrumb"},"inLanguage":"en-GB","potentialAction":[{"@type":"ReadAction","target":["https:\/\/invimed.pl\/antykoncepcja-jaydess"]}]},{"@type":"ImageObject","inLanguage":"en-GB","@id":"https:\/\/invimed.pl\/antykoncepcja-jaydess#primaryimage","url":"https:\/\/invimed.pl\/wp-content\/uploads\/2024\/05\/wkladka-antykoncepcyjna-jaydess-jpg.jpg","contentUrl":"https:\/\/invimed.pl\/wp-content\/uploads\/2024\/05\/wkladka-antykoncepcyjna-jaydess-jpg.jpg","width":1440,"height":300},{"@type":"BreadcrumbList","@id":"https:\/\/invimed.pl\/antykoncepcja-jaydess#breadcrumb","itemListElement":[{"@type":"ListItem","position":1,"name":"Strona g\u0142\u00f3wna","item":"https:\/\/invimed.pl\/"},{"@type":"ListItem","position":2,"name":"Za\u0142o\u017cenie wk\u0142adki antykoncepcyjnej Jaydess"}]},{"@type":"WebSite","@id":"https:\/\/invimed.pl\/#website","url":"https:\/\/invimed.pl\/","name":"Invimed","description":"Our mission is to create a happy family together","potentialAction":[{"@type":"SearchAction","target":{"@type":"EntryPoint","urlTemplate":"https:\/\/invimed.pl\/?s={search_term_string}"},"query-input":{"@type":"PropertyValueSpecification","valueRequired":true,"valueName":"search_term_string"}}],"inLanguage":"en-GB"}]}},"_links":{"self":[{"href":"https:\/\/invimed.pl\/en\/wp-json\/wp\/v2\/pages\/64734","targetHints":{"allow":["GET"]}}],"collection":[{"href":"https:\/\/invimed.pl\/en\/wp-json\/wp\/v2\/pages"}],"about":[{"href":"https:\/\/invimed.pl\/en\/wp-json\/wp\/v2\/types\/page"}],"author":[{"embeddable":true,"href":"https:\/\/invimed.pl\/en\/wp-json\/wp\/v2\/users\/18"}],"replies":[{"embeddable":true,"href":"https:\/\/invimed.pl\/en\/wp-json\/wp\/v2\/comments?post=64734"}],"version-history":[{"count":4,"href":"https:\/\/invimed.pl\/en\/wp-json\/wp\/v2\/pages\/64734\/revisions"}],"predecessor-version":[{"id":257095,"href":"https:\/\/invimed.pl\/en\/wp-json\/wp\/v2\/pages\/64734\/revisions\/257095"}],"wp:featuredmedia":[{"embeddable":true,"href":"https:\/\/invimed.pl\/en\/wp-json\/wp\/v2\/media\/64735"}],"wp:attachment":[{"href":"https:\/\/invimed.pl\/en\/wp-json\/wp\/v2\/media?parent=64734"}],"curies":[{"name":"wp","href":"https:\/\/api.w.org\/{rel}","templated":true}]}}