{"id":64737,"date":"2024-05-05T21:18:32","date_gmt":"2024-05-05T21:18:32","guid":{"rendered":"http:\/\/invimed.pl\/?page_id=64737"},"modified":"2024-05-05T21:19:56","modified_gmt":"2024-05-05T21:19:56","slug":"perineal-muscle-lifting-threads-vaginal-narrower","status":"publish","type":"page","link":"https:\/\/invimed.pl\/en\/nici-liftingujace-miesni-krocza-vaginal-narrower","title":{"rendered":"Vaginal Narrower perineal muscle lifting threads"},"content":{"rendered":"<p><strong>Lifting of stretched perineal muscles after childbirth with the use of innovative Vaginal Narrower lifting threads is a minimally invasive, safe procedure aimed at women who are affected by the problem of an excessively wide vaginal entrance (usually the result of natural childbirth and an incision and subsequent suturing of the perineum). An excessively 'loose' vaginal entrance promotes abrasions and superinfections in the external genital area, in addition to reducing the quality of sexual life. With the use of Vaginal Narrower lifting sutures, defects in the vaginal and perineal areas can be eliminated and the sensation during sexual intercourse can be improved.<\/strong><\/p>\n\n\n\n<section class=\"cta-3\">\n\t\t<div class=\"container cta-3__container\">\n\t\t<div class=\"position-relative cta-3__wrapper\">\n\t\t            <a\n            class=\"cta-3__link\"\n            href=\"https:\/\/invimed.pl\/en\/fertility-days-calculator\/\"\n            target=\"_blank\" rel=\"noopener noreferrer\"\n            aria-label=\"cta-3\"\n            >\n            <\/a>\n                            <div class=\"acf-innerblocks-container\">\n\n<p class=\"has-text-align-center\"><strong>Make an appointment at Invimed Gdynia!<\/strong><\/p>\n\n\n\n<p class=\"has-text-align-center\">If you are interested in the service presented on this page, make an appointment for a consultation at the Invimed clinic in Gdynia. Call the helpline number: <strong>500 900 888<\/strong> or click the button below and complete the contact form. Aesthetic gynaecology and contraceptive gynaecology procedures are only provided by this facility.<\/p>\n\n\n\n<div class=\"wp-block-buttons is-content-justification-center is-layout-flex wp-container-core-buttons-is-layout-a89b3969 wp-block-buttons-is-layout-flex\">\n<div class=\"wp-block-button\"><a class=\"wp-block-button__link wp-element-button\" role=\"button\" tabindex=\"0\">Make an appointment<\/a><\/div>\n<\/div>\n\n<\/div>\n                            <a class=\"cta-3__link cta-3__link--mobile\" href=\"https:\/\/invimed.pl\/en\/fertility-days-calculator\/\" target=\"_blank\" rel=\"noopener noreferrer\" aria-label=\"Check out\">\n                Check out            <\/a>\n        \t\t<\/div>\n\t<\/div>\n<\/section>\n\n\n\n<section class=\"check-list\">\n\t    <header class=\"check-list__header\">\n        <div class=\"acf-innerblocks-container\">\n\n<h3 class=\"wp-block-heading\" id=\"wskazania-do-liftingu-miesni-krocza\">Indications for perineal muscle lift:<\/h3>\n\n<\/div>\n    <\/header>\n    <ul class=\"mb-0 p-0 check-list__inner\">\n            <li class=\"d-flex check-list__item\">\n            <div class=\"svg-container\">\n                <svg width=\"16\" height=\"16\">\n                    <use xlink:href=\"#icon-check-2\" \/>\n                <\/svg>\n            <\/div>\n            <div class=\"check-list__item__rte\">\n                <p>Prolapse of the reproductive organs - occurs when the muscles, ligaments and tendons are weakened and do not properly support the vagina or uterus;<\/p>\n            <\/div>\n        <\/li>\n            <li class=\"d-flex check-list__item\">\n            <div class=\"svg-container\">\n                <svg width=\"16\" height=\"16\">\n                    <use xlink:href=\"#icon-check-2\" \/>\n                <\/svg>\n            <\/div>\n            <div class=\"check-list__item__rte\">\n                <p>wide vaginal entrance;<\/p>\n            <\/div>\n        <\/li>\n            <li class=\"d-flex check-list__item\">\n            <div class=\"svg-container\">\n                <svg width=\"16\" height=\"16\">\n                    <use xlink:href=\"#icon-check-2\" \/>\n                <\/svg>\n            <\/div>\n            <div class=\"check-list__item__rte\">\n                <p>Postnatal perineal defects of anatomical-functional nature.<\/p>\n            <\/div>\n        <\/li>\n        <\/ul>\n<\/section>\n\n\n\n<h3 class=\"wp-block-heading\" id=\"przebieg-liftingu-miesni-krocza\">Course of perineal muscle lift<\/h3>\n\n\n\n<p>Perineal muscle lift using Vaginal Narrower threads involves the insertion of one or two lifting threads through 4-6 small and shallow skin incisions in the perineal area. The Vaginal Narrower threads are so-called anchor threads, equipped with special hooks arranged in two directions - once placed within the subcutaneous tissue and perineal muscles, the threads are knotted, causing the desired lifting effect.<\/p>\n\n\n\n<p>The perineal muscle lift is performed under local anaesthesia and the patient can go home immediately after the procedure - there is no need to stay in hospital. The best time to perform the procedure is during the first half of the menstrual cycle.<\/p>\n\n\n\n<p>For the first few days after the procedure, one should lead a quiet lifestyle, avoid exertion and not have intercourse for a week. Until the next menstrual period arrives, the woman should use intimate hygiene products with disinfectant properties.<\/p>\n\n\n\n<p>The risk of complications following surgery with lifting threads is very low and complications are usually harmless (infection or haemorrhage).<\/p>\n\n\n\n<h3 class=\"wp-block-heading\" id=\"efekty-liftingu-miesni-krocza-z-uzyciem-nici-vaginal-narrower\">Effects of perineal muscle lift using Vaginal Narrower threads<\/h3>\n\n\n\n<p>The lifting thread procedure has an immediate effect: it results in a narrowing of the vaginal entrance, improves the appearance of the intimate areas and increases a woman's comfort. Vaginal Narrower threads induce a fibrotic response, which means that even after they are absorbed, the desired muscle tone persists for a long time (even for several years).<\/p>\n\n\n\n<section class=\"check-list\">\n\t    <header class=\"check-list__header\">\n        <div class=\"acf-innerblocks-container\">\n\n<p>The greatest benefits of the perineal muscle lift procedure are:<\/p>\n\n<\/div>\n    <\/header>\n    <ul class=\"mb-0 p-0 check-list__inner\">\n            <li class=\"d-flex check-list__item\">\n            <div class=\"svg-container\">\n                <svg width=\"16\" height=\"16\">\n                    <use xlink:href=\"#icon-check-2\" \/>\n                <\/svg>\n            <\/div>\n            <div class=\"check-list__item__rte\">\n                <p>greater comfort and improved vaginal and perineal function;<\/p>\n            <\/div>\n        <\/li>\n            <li class=\"d-flex check-list__item\">\n            <div class=\"svg-container\">\n                <svg width=\"16\" height=\"16\">\n                    <use xlink:href=\"#icon-check-2\" \/>\n                <\/svg>\n            <\/div>\n            <div class=\"check-list__item__rte\">\n                <p>improving the appearance of the vaginal entrance;<\/p>\n            <\/div>\n        <\/li>\n            <li class=\"d-flex check-list__item\">\n            <div class=\"svg-container\">\n                <svg width=\"16\" height=\"16\">\n                    <use xlink:href=\"#icon-check-2\" \/>\n                <\/svg>\n            <\/div>\n            <div class=\"check-list__item__rte\">\n                <p>reducing the risk of developing abrasions and infections of the intimate area;<\/p>\n            <\/div>\n        <\/li>\n            <li class=\"d-flex check-list__item\">\n            <div class=\"svg-container\">\n                <svg width=\"16\" height=\"16\">\n                    <use xlink:href=\"#icon-check-2\" \/>\n                <\/svg>\n            <\/div>\n            <div class=\"check-list__item__rte\">\n                <p>improving sexual experience;<\/p>\n            <\/div>\n        <\/li>\n            <li class=\"d-flex check-list__item\">\n            <div class=\"svg-container\">\n                <svg width=\"16\" height=\"16\">\n                    <use xlink:href=\"#icon-check-2\" \/>\n                <\/svg>\n            <\/div>\n            <div class=\"check-list__item__rte\">\n                <p>short healing time;<\/p>\n            <\/div>\n        <\/li>\n            <li class=\"d-flex check-list__item\">\n            <div class=\"svg-container\">\n                <svg width=\"16\" height=\"16\">\n                    <use xlink:href=\"#icon-check-2\" \/>\n                <\/svg>\n            <\/div>\n            <div class=\"check-list__item__rte\">\n                <p>long-lasting effect.<\/p>\n            <\/div>\n        <\/li>\n        <\/ul>\n<\/section>\n\n\n\n<figure class=\"wp-block-table\"><table style=\"border-style:dashed;border-width:3px\"><tbody><tr><td><mark style=\"background-color:rgba(0, 0, 0, 0)\" class=\"has-inline-color has-color-12-color\">Make an appointment for your treatment at Invimed Gdynia! <br><\/mark><br>We guarantee full professionalism in carrying out the treatment. To make an appointment, call: <a href=\"phoneto:&quot;500 900 888&quot;\">500 900 888<\/a>.<\/td><\/tr><\/tbody><\/table><\/figure>\n\n\n\n<h3 class=\"wp-block-heading\" id=\"wymagania-do-zabiegu-z-uzyciem-nici-vaginal-narrower\">Requirements for treatment with Vaginal Narrower threads<\/h3>\n\n\n\n<p>Before the procedure, the patient should consult her doctor, have a gynaecological examination (including a speculum examination) and have a current cervical cytology result.<\/p>\n\n\n\n<figure class=\"wp-block-table\"><table style=\"border-style:dashed;border-width:3px\"><tbody><tr><td><mark style=\"background-color:rgba(0, 0, 0, 0)\" class=\"has-inline-color has-color-12-color\">Anaesthesia <br><\/mark><br>The procedure with the use of the Vaginal Narrower perineal muscle lifting threads is performed under general anaesthesia (anaesthesia is charged extra, its cost is 400 z\u0142).<\/td><\/tr><\/tbody><\/table><\/figure>\n\n\n\n<h3 class=\"wp-block-heading\" id=\"przeciwwskazania-do-liftingu-miesni-krocza\">Contraindications to perineal muscle lift<\/h3>\n\n\n\n<p>The procedure with the Vaginal Narrower lifting suture should not be performed in women who are menstruating, in the early postpartum phase, expecting a baby, suffering from cancer or struggling with infections in the vulva and vagina. Also contraindicated for a perineal muscle lift are severe blood clotting disorders and an allergy to the agents used for local anaesthesia.<\/p>\n\n\n\n<p><\/p>","protected":false},"excerpt":{"rendered":"<p>Lifting rozci\u0105gni\u0119tych mi\u0119\u015bni krocza po porodzie z u\u017cyciem innowacyjnych nici liftinguj\u0105cych Vaginal Narrower to ma\u0142o inwazyjna, bezpieczna procedura skierowana do kobiet, kt\u00f3re s\u0105 dotkni\u0119te problemem zbyt szerokiego wej\u015bcia do pochwy (zwykle jest to wynik porodu naturalnego i naci\u0119cia, a nast\u0119pnie zszycia krocza). Nadmiernie &#8222;lu\u017ane&#8221; wej\u015bcie do pochwy sprzyja powstawaniu otar\u0107 i nadka\u017ce\u0144 w obr\u0119bie zewn\u0119trznych [&hellip;]<\/p>\n","protected":false},"author":18,"featured_media":64739,"parent":0,"menu_order":0,"comment_status":"closed","ping_status":"closed","template":"","meta":{"_acf_changed":false,"footnotes":""},"class_list":["post-64737","page","type-page","status-publish","has-post-thumbnail","hentry"],"acf":[],"yoast_head":"<!-- This site is optimized with the Yoast SEO plugin v27.2 - https:\/\/yoast.com\/product\/yoast-seo-wordpress\/ -->\n<title>Nici liftinguj\u0105ce mi\u0119\u015bnie krocza Vaginal Narrower - Invimed<\/title>\n<meta name=\"description\" content=\"Lifting rozci\u0105gni\u0119tych mi\u0119\u015bni krocza po porodzie z u\u017cyciem innowacyjnych nici liftinguj\u0105cych Vaginal Narrower to ma\u0142o inwazyjna, bezpieczna procedura skierowana do kobiet, kt\u00f3re s\u0105 dotkni\u0119te problemem zbyt szerokiego wej\u015bcia do pochwy (zwykle jest to wynik porodu naturalnego i naci\u0119cia, a nast\u0119pnie zszycia krocza).\" \/>\n<meta name=\"robots\" content=\"index, follow, max-snippet:-1, max-image-preview:large, max-video-preview:-1\" \/>\n<meta property=\"og:locale\" content=\"en_GB\" \/>\n<meta property=\"og:type\" content=\"article\" \/>\n<meta property=\"og:title\" content=\"Nici liftinguj\u0105ce mi\u0119\u015bnie krocza Vaginal Narrower - Invimed\" \/>\n<meta property=\"og:description\" content=\"Lifting rozci\u0105gni\u0119tych mi\u0119\u015bni krocza po porodzie z u\u017cyciem innowacyjnych nici liftinguj\u0105cych Vaginal Narrower to ma\u0142o inwazyjna, bezpieczna procedura skierowana do kobiet, kt\u00f3re s\u0105 dotkni\u0119te problemem zbyt szerokiego wej\u015bcia do pochwy (zwykle jest to wynik porodu naturalnego i naci\u0119cia, a nast\u0119pnie zszycia krocza).\" \/>\n<meta property=\"og:url\" content=\"https:\/\/invimed.pl\/en\/perineal-muscle-lifting-threads-vaginal-narrower\/\" \/>\n<meta property=\"og:site_name\" content=\"Invimed\" \/>\n<meta property=\"article:modified_time\" content=\"2024-05-05T21:19:56+00:00\" \/>\n<meta property=\"og:image\" content=\"https:\/\/invimed.pl\/wp-content\/uploads\/2024\/05\/article-cover-13-png.png\" \/>\n\t<meta property=\"og:image:width\" content=\"1440\" \/>\n\t<meta property=\"og:image:height\" content=\"300\" \/>\n\t<meta property=\"og:image:type\" content=\"image\/png\" \/>\n<meta name=\"twitter:card\" content=\"summary_large_image\" \/>\n<meta name=\"twitter:label1\" content=\"Estimated reading time\" \/>\n\t<meta name=\"twitter:data1\" content=\"4 minutes\" \/>\n<!-- \/ Yoast SEO plugin. -->","yoast_head_json":{"title":"Vaginal Narrower perineal muscle lifting threads - Invimed","description":"Lifting of stretched perineal muscles after childbirth using innovative Vaginal Narrower lifting threads is a minimally invasive, safe procedure aimed at women who are affected by an overly wide vaginal entrance (usually the result of natural childbirth and an incision followed by suturing of the perineum).","robots":{"index":"index","follow":"follow","max-snippet":"max-snippet:-1","max-image-preview":"max-image-preview:large","max-video-preview":"max-video-preview:-1"},"og_locale":"en_GB","og_type":"article","og_title":"Nici liftinguj\u0105ce mi\u0119\u015bnie krocza Vaginal Narrower - Invimed","og_description":"Lifting rozci\u0105gni\u0119tych mi\u0119\u015bni krocza po porodzie z u\u017cyciem innowacyjnych nici liftinguj\u0105cych Vaginal Narrower to ma\u0142o inwazyjna, bezpieczna procedura skierowana do kobiet, kt\u00f3re s\u0105 dotkni\u0119te problemem zbyt szerokiego wej\u015bcia do pochwy (zwykle jest to wynik porodu naturalnego i naci\u0119cia, a nast\u0119pnie zszycia krocza).","og_url":"https:\/\/invimed.pl\/en\/perineal-muscle-lifting-threads-vaginal-narrower\/","og_site_name":"Invimed","article_modified_time":"2024-05-05T21:19:56+00:00","og_image":[{"width":1440,"height":300,"url":"https:\/\/invimed.pl\/wp-content\/uploads\/2024\/05\/article-cover-13-png.png","type":"image\/png"}],"twitter_card":"summary_large_image","twitter_misc":{"Estimated reading time":"4 minutes"},"schema":{"@context":"https:\/\/schema.org","@graph":[{"@type":"WebPage","@id":"https:\/\/invimed.pl\/nici-liftingujace-miesni-krocza-vaginal-narrower","url":"https:\/\/invimed.pl\/nici-liftingujace-miesni-krocza-vaginal-narrower","name":"Vaginal Narrower perineal muscle lifting threads - Invimed","isPartOf":{"@id":"https:\/\/invimed.pl\/#website"},"primaryImageOfPage":{"@id":"https:\/\/invimed.pl\/nici-liftingujace-miesni-krocza-vaginal-narrower#primaryimage"},"image":{"@id":"https:\/\/invimed.pl\/nici-liftingujace-miesni-krocza-vaginal-narrower#primaryimage"},"thumbnailUrl":"https:\/\/invimed.pl\/wp-content\/uploads\/2024\/05\/article-cover-13-png.png","datePublished":"2024-05-05T21:18:32+00:00","dateModified":"2024-05-05T21:19:56+00:00","description":"Lifting of stretched perineal muscles after childbirth using innovative Vaginal Narrower lifting threads is a minimally invasive, safe procedure aimed at women who are affected by an overly wide vaginal entrance (usually the result of natural childbirth and an incision followed by suturing of the perineum).","breadcrumb":{"@id":"https:\/\/invimed.pl\/nici-liftingujace-miesni-krocza-vaginal-narrower#breadcrumb"},"inLanguage":"en-GB","potentialAction":[{"@type":"ReadAction","target":["https:\/\/invimed.pl\/nici-liftingujace-miesni-krocza-vaginal-narrower"]}]},{"@type":"ImageObject","inLanguage":"en-GB","@id":"https:\/\/invimed.pl\/nici-liftingujace-miesni-krocza-vaginal-narrower#primaryimage","url":"https:\/\/invimed.pl\/wp-content\/uploads\/2024\/05\/article-cover-13-png.png","contentUrl":"https:\/\/invimed.pl\/wp-content\/uploads\/2024\/05\/article-cover-13-png.png","width":1440,"height":300},{"@type":"BreadcrumbList","@id":"https:\/\/invimed.pl\/nici-liftingujace-miesni-krocza-vaginal-narrower#breadcrumb","itemListElement":[{"@type":"ListItem","position":1,"name":"Strona g\u0142\u00f3wna","item":"https:\/\/invimed.pl\/"},{"@type":"ListItem","position":2,"name":"Nici liftinguj\u0105ce mi\u0119\u015bnie krocza Vaginal Narrower"}]},{"@type":"WebSite","@id":"https:\/\/invimed.pl\/#website","url":"https:\/\/invimed.pl\/","name":"Invimed","description":"Our mission is to create a happy family together","potentialAction":[{"@type":"SearchAction","target":{"@type":"EntryPoint","urlTemplate":"https:\/\/invimed.pl\/?s={search_term_string}"},"query-input":{"@type":"PropertyValueSpecification","valueRequired":true,"valueName":"search_term_string"}}],"inLanguage":"en-GB"}]}},"_links":{"self":[{"href":"https:\/\/invimed.pl\/en\/wp-json\/wp\/v2\/pages\/64737","targetHints":{"allow":["GET"]}}],"collection":[{"href":"https:\/\/invimed.pl\/en\/wp-json\/wp\/v2\/pages"}],"about":[{"href":"https:\/\/invimed.pl\/en\/wp-json\/wp\/v2\/types\/page"}],"author":[{"embeddable":true,"href":"https:\/\/invimed.pl\/en\/wp-json\/wp\/v2\/users\/18"}],"replies":[{"embeddable":true,"href":"https:\/\/invimed.pl\/en\/wp-json\/wp\/v2\/comments?post=64737"}],"version-history":[{"count":2,"href":"https:\/\/invimed.pl\/en\/wp-json\/wp\/v2\/pages\/64737\/revisions"}],"predecessor-version":[{"id":64741,"href":"https:\/\/invimed.pl\/en\/wp-json\/wp\/v2\/pages\/64737\/revisions\/64741"}],"wp:featuredmedia":[{"embeddable":true,"href":"https:\/\/invimed.pl\/en\/wp-json\/wp\/v2\/media\/64739"}],"wp:attachment":[{"href":"https:\/\/invimed.pl\/en\/wp-json\/wp\/v2\/media?parent=64737"}],"curies":[{"name":"wp","href":"https:\/\/api.w.org\/{rel}","templated":true}]}}