{"id":64742,"date":"2024-01-05T21:30:00","date_gmt":"2024-01-05T21:30:00","guid":{"rendered":"http:\/\/invimed.pl\/?page_id=64742"},"modified":"2024-11-14T09:52:32","modified_gmt":"2024-11-14T09:52:32","slug":"in-vitro-funding-up-to-10000-zl-funding-for-in-vitro-for-couples-from-wroclaw-2024","status":"publish","type":"page","link":"https:\/\/invimed.pl\/en\/in-vitro-dofinansowanie-do-10000-zl-dofinansowanie-do-in-vitro-dla-par-z-wroclawia-2024","title":{"rendered":"IVF funding for couples from Wroc\u0142aw in 2024."},"content":{"rendered":"<p><strong>The Invimed Clinic in Wroc\u0142aw has won another competition for the 'Programme for infertility treatment using in vitro fertilisation for the inhabitants of Wroc\u0142aw'.<\/strong><\/p>\n\n\n\n<figure class=\"wp-block-table\"><table style=\"border-style:dashed;border-width:3px\"><tbody><tr><td><mark style=\"background-color:rgba(0, 0, 0, 0)\" class=\"has-inline-color has-color-12-color\">NOTE <br><br><strong>ENROLMENT CLOSED<\/strong><\/mark><\/td><\/tr><\/tbody><\/table><\/figure>\n\n\n\n<figure class=\"wp-block-gallery has-nested-images columns-default is-cropped wp-block-gallery-1 is-layout-flex wp-block-gallery-is-layout-flex\">\n<figure class=\"wp-block-image size-large\"><img loading=\"lazy\" decoding=\"async\" width=\"600\" height=\"60\" data-id=\"64743\" src=\"http:\/\/invimed.pl\/wp-content\/uploads\/2024\/05\/wroclaw-miasto-spotkan-logo-png-4.png\" alt=\"\" class=\"wp-image-64743\" srcset=\"https:\/\/invimed.pl\/wp-content\/uploads\/2024\/05\/wroclaw-miasto-spotkan-logo-png-4.png 600w, https:\/\/invimed.pl\/wp-content\/uploads\/2024\/05\/wroclaw-miasto-spotkan-logo-png-4-300x30.png 300w, https:\/\/invimed.pl\/wp-content\/uploads\/2024\/05\/wroclaw-miasto-spotkan-logo-png-4-380x38.png 380w, https:\/\/invimed.pl\/wp-content\/uploads\/2024\/05\/wroclaw-miasto-spotkan-logo-png-4-54x5.png 54w, https:\/\/invimed.pl\/wp-content\/uploads\/2024\/05\/wroclaw-miasto-spotkan-logo-png-4-411x41.png 411w, https:\/\/invimed.pl\/wp-content\/uploads\/2024\/05\/wroclaw-miasto-spotkan-logo-png-4-71x7.png 71w, https:\/\/invimed.pl\/wp-content\/uploads\/2024\/05\/wroclaw-miasto-spotkan-logo-png-4-442x44.png 442w, https:\/\/invimed.pl\/wp-content\/uploads\/2024\/05\/wroclaw-miasto-spotkan-logo-png-4-70x7.png 70w, https:\/\/invimed.pl\/wp-content\/uploads\/2024\/05\/wroclaw-miasto-spotkan-logo-png-4-63x6.png 63w, https:\/\/invimed.pl\/wp-content\/uploads\/2024\/05\/wroclaw-miasto-spotkan-logo-png-4-464x46.png 464w, https:\/\/invimed.pl\/wp-content\/uploads\/2024\/05\/wroclaw-miasto-spotkan-logo-png-4-55x6.png 55w, https:\/\/invimed.pl\/wp-content\/uploads\/2024\/05\/wroclaw-miasto-spotkan-logo-png-4-112x11.png 112w, https:\/\/invimed.pl\/wp-content\/uploads\/2024\/05\/wroclaw-miasto-spotkan-logo-png-4-264x26.png 264w, https:\/\/invimed.pl\/wp-content\/uploads\/2024\/05\/wroclaw-miasto-spotkan-logo-png-4-200x20.png 200w, https:\/\/invimed.pl\/wp-content\/uploads\/2024\/05\/wroclaw-miasto-spotkan-logo-png-4-368x37.png 368w, https:\/\/invimed.pl\/wp-content\/uploads\/2024\/05\/wroclaw-miasto-spotkan-logo-png-4-24x2.png 24w, https:\/\/invimed.pl\/wp-content\/uploads\/2024\/05\/wroclaw-miasto-spotkan-logo-png-4-550x55.png 550w, https:\/\/invimed.pl\/wp-content\/uploads\/2024\/05\/wroclaw-miasto-spotkan-logo-png-4-348x35.png 348w, https:\/\/invimed.pl\/wp-content\/uploads\/2024\/05\/wroclaw-miasto-spotkan-logo-png-4-88x9.png 88w, https:\/\/invimed.pl\/wp-content\/uploads\/2024\/05\/wroclaw-miasto-spotkan-logo-png-4-148x15.png 148w, https:\/\/invimed.pl\/wp-content\/uploads\/2024\/05\/wroclaw-miasto-spotkan-logo-png-4-176x18.png 176w, https:\/\/invimed.pl\/wp-content\/uploads\/2024\/05\/wroclaw-miasto-spotkan-logo-png-4-132x13.png 132w, https:\/\/invimed.pl\/wp-content\/uploads\/2024\/05\/wroclaw-miasto-spotkan-logo-png-4-272x27.png 272w, https:\/\/invimed.pl\/wp-content\/uploads\/2024\/05\/wroclaw-miasto-spotkan-logo-png-4-310x31.png 310w, https:\/\/invimed.pl\/wp-content\/uploads\/2024\/05\/wroclaw-miasto-spotkan-logo-png-4-45x5.png 45w, https:\/\/invimed.pl\/wp-content\/uploads\/2024\/05\/wroclaw-miasto-spotkan-logo-png-4-500x50.png 500w, https:\/\/invimed.pl\/wp-content\/uploads\/2024\/05\/wroclaw-miasto-spotkan-logo-png-4-585x59.png 585w, https:\/\/invimed.pl\/wp-content\/uploads\/2024\/05\/wroclaw-miasto-spotkan-logo-png-4-75x8.png 75w, https:\/\/invimed.pl\/wp-content\/uploads\/2024\/05\/wroclaw-miasto-spotkan-logo-png-4-384x38.png 384w\" sizes=\"auto, (max-width: 600px) 100vw, 600px\" \/><\/figure>\n<\/figure>\n\n\n\n<p><sup><mark style=\"background-color:rgba(0, 0, 0, 0)\" class=\"has-inline-color has-basic-placeholder-color\">THE PROGRAMME IS FINANCED BY THE CITY OF WROC\u0141AW.<\/mark><\/sup><\/p>\n\n\n\n<p><\/p>\n\n\n\n<p>Thanks to further funding from the Municipality of Wroc\u0142aw for 2024, couples from Wroc\u0142aw will be able to benefit from reimbursement of the treatment. The programme will subsidise the cost of one cycle of in vitro fertilisation* for married or partnered couples who qualify for the Programme.&nbsp;<\/p>\n\n\n\n<p>Maximum <strong>the amount of funding is PLN 10 000<\/strong>, provided that at least one entire procedure under the programme has been carried out.<\/p>\n\n\n\n<figure class=\"wp-block-table\"><table style=\"border-style:dashed;border-width:3px\"><tbody><tr><td><mark style=\"background-color:rgba(0, 0, 0, 0)\" class=\"has-inline-color has-color-12-color\">FILL OUT THE FORM <\/mark><br><br><strong>To apply for the Programme, simply complete the contact form<\/strong> available on this page. You will need to complete the contact details by selecting the clinic -. <strong>Wroc\u0142aw<\/strong> and the subject - <strong>Funding - Wroc\u0142aw<\/strong>.<br><br><strong>You will be contacted by the Care Coordinator within 5 working days.<\/strong><br><br><strong><mark style=\"background-color:rgba(0, 0, 0, 0)\" class=\"has-inline-color has-color-12-color\">Only forms relating to the theme 'Funding - Wroc\u0142aw' will be considered for the order of applications.<\/mark><br><\/strong><br><strong>Please choose your topic carefully in the contact form.<\/strong><br>Information about the Programme can be obtained by calling the Helpline: 500 900 888 or by sending questions to: invimed@invimed.pl.<\/td><\/tr><\/tbody><\/table><\/figure>\n\n\n\n<section class=\"check-list\">\n\t    <header class=\"check-list__header\">\n        <div class=\"acf-innerblocks-container\">\n\n<h3 class=\"wp-block-heading\" id=\"kryteria-kwalifikacji-do-programu\">Eligibility criteria for the programme<\/h3>\n\n\n\n<p>To qualify for the Programme, the following criteria must be met:<\/p>\n\n<\/div>\n    <\/header>\n    <ul class=\"mb-0 p-0 check-list__inner\">\n            <li class=\"d-flex check-list__item\">\n            <div class=\"svg-container\">\n                <svg width=\"16\" height=\"16\">\n                    <use xlink:href=\"#icon-check-2\" \/>\n                <\/svg>\n            <\/div>\n            <div class=\"check-list__item__rte\">\n                <p>established cause of infertility or ineffective treatment of infertility in the 12 months preceding application to the Programme,<\/p>\n            <\/div>\n        <\/li>\n            <li class=\"d-flex check-list__item\">\n            <div class=\"svg-container\">\n                <svg width=\"16\" height=\"16\">\n                    <use xlink:href=\"#icon-check-2\" \/>\n                <\/svg>\n            <\/div>\n            <div class=\"check-list__item__rte\">\n                <p>on the day of enrolment in the Programme, the woman is under 40 years of age, but it is possible to carry out the procedure in patients up to 42 years of age (according to the year of birth) on condition of promising ovarian reserve, confirmed by AMH examination above 0.7 ng\/mL) or in the case of couples carrying out the insemination procedure within the framework of non-partner donation (female germ cell donation) or the embryo adoption procedure,<\/p>\n            <\/div>\n        <\/li>\n            <li class=\"d-flex check-list__item\">\n            <div class=\"svg-container\">\n                <svg width=\"16\" height=\"16\">\n                    <use xlink:href=\"#icon-check-2\" \/>\n                <\/svg>\n            <\/div>\n            <div class=\"check-list__item__rte\">\n                <p>the couple is married or in a civil partnership,<\/p>\n            <\/div>\n        <\/li>\n            <li class=\"d-flex check-list__item\">\n            <div class=\"svg-container\">\n                <svg width=\"16\" height=\"16\">\n                    <use xlink:href=\"#icon-check-2\" \/>\n                <\/svg>\n            <\/div>\n            <div class=\"check-list__item__rte\">\n                <p>on the day of qualification for the Programme, both are residents of Wroc\u0142aw and settle their income tax at Wroc\u0142aw Tax Offices (excluding the 1st Tax Office at ul. Klimasa 34, 50-515 Wroc\u0142aw).<\/p>\n            <\/div>\n        <\/li>\n        <\/ul>\n<\/section>\n\n\n\n<figure class=\"wp-block-table\"><table style=\"border-style:dashed;border-width:3px\"><tbody><tr><td><mark style=\"background-color:rgba(0, 0, 0, 0)\" class=\"has-inline-color has-color-12-color\">Attention <\/mark><br><br>The decision on the eligibility of a couple for infertility treatment with the in vitro fertilisation method is taken by the Programme Provider, taking into account the statutory conditions for undertaking in vitro fertilisation treatment and other criteria included in the Programme.<\/td><\/tr><\/tbody><\/table><\/figure>\n\n\n\n<h3 class=\"wp-block-heading\" id=\"rejestracja-do-programu\">Programme registration<\/h3>\n\n\n\n<p>&nbsp;In order to register for the Programme, each person from a married or partnered couple must submit the following documents:<\/p>\n\n\n\n<ol class=\"wp-block-list\">\n<li>Consent to participate in the Programme.<\/li>\n\n\n\n<li>A statement confirming participation in the Programme for the first time.<\/li>\n\n\n\n<li>Statement of residence in Wroc\u0142aw.<\/li>\n\n\n\n<li>A photocopy of the first page of the tax return for 2023. - by each of the beneficiaries making up the couple who have settled their accounts with the Tax Office by the date of submission of the documents ( original return to be inspected). Those who have not settled, submit a photocopy of the first page of the PIT-11.<\/li>\n\n\n\n<li>Declarations of consent to the processing of personal data for the purposes of the Programme,<\/li>\n\n\n\n<li>Declarations of being married or in a civil partnership (in accordance with the definition of civil partnership donation set out in art.2 para. 1 pt. 8 of the Act of 25 June 2015 on Infertility Treatment).<\/li>\n\n\n\n<li>Other, including medical, as required by the Programme Implementer.<\/li>\n<\/ol>\n\n\n\n<h3 class=\"wp-block-heading\" id=\"realizator-invimed-wroclaw\">Implementer - Invimed Wroc\u0142aw<\/h3>\n\n\n\n<p><strong>Medical qualification is carried out by the Programme provider - in accordance with the guidelines of the Polish Society of Reproduction and Embryology, the Polish Gynaecological Society and the provisions of the Act of 25 June 2015 on Infertility Treatment (Journal of Laws 2017, 865).<\/strong><\/p>\n\n\n\n<p>*partner donation, male germ cell donation, female germ cell donation or embryo adoption<\/p>\n\n\n\n<h3 class=\"wp-block-heading\" id=\"\"><\/h3>\n\n\n\n<p><\/p>","protected":false},"excerpt":{"rendered":"<p>Klinika Invimed we Wroc\u0142awiu wygra\u0142a kolejny konkurs na realizacj\u0119 &#8222;Programu leczenia niep\u0142odno\u015bci metod\u0105 zap\u0142odnienia pozaustrojowego dla mieszka\u0144c\u00f3w Wroc\u0142awia\u201d. UWAGA ZAPISY ZAKO\u0143CZONE PROGRAM FINANSOWANY JEST ZE \u015aRODK\u00d3W MIASTA WROC\u0141AW. Dzi\u0119ki kolejnemu dofinansowaniu z Gminy Wroc\u0142aw na 2024 pary z Wroc\u0142awia b\u0119d\u0105 mog\u0142y skorzysta\u0107 z refundacji leczenia. Program zak\u0142ada dofinansowanie koszt\u00f3w jednego cyklu zap\u0142odnienia pozaustrojowego* dla par [&hellip;]<\/p>\n","protected":false},"author":18,"featured_media":64744,"parent":0,"menu_order":0,"comment_status":"closed","ping_status":"closed","template":"","meta":{"_acf_changed":false,"footnotes":""},"class_list":["post-64742","page","type-page","status-publish","has-post-thumbnail","hentry"],"acf":[],"yoast_head":"<!-- This site is optimized with the Yoast SEO plugin v27.2 - https:\/\/yoast.com\/product\/yoast-seo-wordpress\/ -->\n<title>Dofinansowanie do in vitro dla par z Wroc\u0142awia w 2024 r. - Invimed<\/title>\n<meta name=\"description\" content=\"Klinika Invimed we Wroc\u0142awiu wygra\u0142a kolejny konkurs na realizacj\u0119 &quot;Programu leczenia niep\u0142odno\u015bci metod\u0105 zap\u0142odnienia pozaustrojowego dla mieszka\u0144c\u00f3w Wroc\u0142awia\u201d.\" \/>\n<meta name=\"robots\" content=\"index, follow, max-snippet:-1, max-image-preview:large, max-video-preview:-1\" \/>\n<meta property=\"og:locale\" content=\"en_GB\" \/>\n<meta property=\"og:type\" content=\"article\" \/>\n<meta property=\"og:title\" content=\"Dofinansowanie do in vitro dla par z Wroc\u0142awia w 2024 r. - Invimed\" \/>\n<meta property=\"og:description\" content=\"Klinika Invimed we Wroc\u0142awiu wygra\u0142a kolejny konkurs na realizacj\u0119 &quot;Programu leczenia niep\u0142odno\u015bci metod\u0105 zap\u0142odnienia pozaustrojowego dla mieszka\u0144c\u00f3w Wroc\u0142awia\u201d.\" \/>\n<meta property=\"og:url\" content=\"https:\/\/invimed.pl\/en\/in-vitro-funding-up-to-10000-zl-funding-for-in-vitro-for-couples-from-wroclaw-2024\/\" \/>\n<meta property=\"og:site_name\" content=\"Invimed\" \/>\n<meta property=\"article:modified_time\" content=\"2024-11-14T09:52:32+00:00\" \/>\n<meta property=\"og:image\" content=\"https:\/\/invimed.pl\/wp-content\/uploads\/2024\/05\/moh-wro-str-prod-png-2.png\" \/>\n\t<meta property=\"og:image:width\" content=\"1429\" \/>\n\t<meta property=\"og:image:height\" content=\"300\" \/>\n\t<meta property=\"og:image:type\" content=\"image\/png\" \/>\n<meta name=\"twitter:card\" content=\"summary_large_image\" \/>\n<meta name=\"twitter:label1\" content=\"Estimated reading time\" \/>\n\t<meta name=\"twitter:data1\" content=\"3 minutes\" \/>\n<!-- \/ Yoast SEO plugin. -->","yoast_head_json":{"title":"IVF funding for couples from Wroclaw in 2024. - Invimed","description":"The Invimed Clinic in Wroc\u0142aw has won another competition for the implementation of the 'Programme for infertility treatment using in vitro fertilisation for the inhabitants of Wroc\u0142aw'.","robots":{"index":"index","follow":"follow","max-snippet":"max-snippet:-1","max-image-preview":"max-image-preview:large","max-video-preview":"max-video-preview:-1"},"og_locale":"en_GB","og_type":"article","og_title":"Dofinansowanie do in vitro dla par z Wroc\u0142awia w 2024 r. - Invimed","og_description":"Klinika Invimed we Wroc\u0142awiu wygra\u0142a kolejny konkurs na realizacj\u0119 \"Programu leczenia niep\u0142odno\u015bci metod\u0105 zap\u0142odnienia pozaustrojowego dla mieszka\u0144c\u00f3w Wroc\u0142awia\u201d.","og_url":"https:\/\/invimed.pl\/en\/in-vitro-funding-up-to-10000-zl-funding-for-in-vitro-for-couples-from-wroclaw-2024\/","og_site_name":"Invimed","article_modified_time":"2024-11-14T09:52:32+00:00","og_image":[{"width":1429,"height":300,"url":"https:\/\/invimed.pl\/wp-content\/uploads\/2024\/05\/moh-wro-str-prod-png-2.png","type":"image\/png"}],"twitter_card":"summary_large_image","twitter_misc":{"Estimated reading time":"3 minutes"},"schema":{"@context":"https:\/\/schema.org","@graph":[{"@type":"WebPage","@id":"https:\/\/invimed.pl\/in-vitro-dofinansowanie-do-10000-zl-dofinansowanie-do-in-vitro-dla-par-z-wroclawia-2024","url":"https:\/\/invimed.pl\/in-vitro-dofinansowanie-do-10000-zl-dofinansowanie-do-in-vitro-dla-par-z-wroclawia-2024","name":"IVF funding for couples from Wroclaw in 2024. - Invimed","isPartOf":{"@id":"https:\/\/invimed.pl\/#website"},"primaryImageOfPage":{"@id":"https:\/\/invimed.pl\/in-vitro-dofinansowanie-do-10000-zl-dofinansowanie-do-in-vitro-dla-par-z-wroclawia-2024#primaryimage"},"image":{"@id":"https:\/\/invimed.pl\/in-vitro-dofinansowanie-do-10000-zl-dofinansowanie-do-in-vitro-dla-par-z-wroclawia-2024#primaryimage"},"thumbnailUrl":"https:\/\/invimed.pl\/wp-content\/uploads\/2024\/05\/moh-wro-str-prod-png-2.png","datePublished":"2024-01-05T21:30:00+00:00","dateModified":"2024-11-14T09:52:32+00:00","description":"The Invimed Clinic in Wroc\u0142aw has won another competition for the implementation of the 'Programme for infertility treatment using in vitro fertilisation for the inhabitants of Wroc\u0142aw'.","breadcrumb":{"@id":"https:\/\/invimed.pl\/in-vitro-dofinansowanie-do-10000-zl-dofinansowanie-do-in-vitro-dla-par-z-wroclawia-2024#breadcrumb"},"inLanguage":"en-GB","potentialAction":[{"@type":"ReadAction","target":["https:\/\/invimed.pl\/in-vitro-dofinansowanie-do-10000-zl-dofinansowanie-do-in-vitro-dla-par-z-wroclawia-2024"]}]},{"@type":"ImageObject","inLanguage":"en-GB","@id":"https:\/\/invimed.pl\/in-vitro-dofinansowanie-do-10000-zl-dofinansowanie-do-in-vitro-dla-par-z-wroclawia-2024#primaryimage","url":"https:\/\/invimed.pl\/wp-content\/uploads\/2024\/05\/moh-wro-str-prod-png-2.png","contentUrl":"https:\/\/invimed.pl\/wp-content\/uploads\/2024\/05\/moh-wro-str-prod-png-2.png","width":1429,"height":300},{"@type":"BreadcrumbList","@id":"https:\/\/invimed.pl\/in-vitro-dofinansowanie-do-10000-zl-dofinansowanie-do-in-vitro-dla-par-z-wroclawia-2024#breadcrumb","itemListElement":[{"@type":"ListItem","position":1,"name":"Strona g\u0142\u00f3wna","item":"https:\/\/invimed.pl\/"},{"@type":"ListItem","position":2,"name":"Dofinansowanie do in vitro dla par z Wroc\u0142awia w 2024 r."}]},{"@type":"WebSite","@id":"https:\/\/invimed.pl\/#website","url":"https:\/\/invimed.pl\/","name":"Invimed","description":"Our mission is to create a happy family together","potentialAction":[{"@type":"SearchAction","target":{"@type":"EntryPoint","urlTemplate":"https:\/\/invimed.pl\/?s={search_term_string}"},"query-input":{"@type":"PropertyValueSpecification","valueRequired":true,"valueName":"search_term_string"}}],"inLanguage":"en-GB"}]}},"_links":{"self":[{"href":"https:\/\/invimed.pl\/en\/wp-json\/wp\/v2\/pages\/64742","targetHints":{"allow":["GET"]}}],"collection":[{"href":"https:\/\/invimed.pl\/en\/wp-json\/wp\/v2\/pages"}],"about":[{"href":"https:\/\/invimed.pl\/en\/wp-json\/wp\/v2\/types\/page"}],"author":[{"embeddable":true,"href":"https:\/\/invimed.pl\/en\/wp-json\/wp\/v2\/users\/18"}],"replies":[{"embeddable":true,"href":"https:\/\/invimed.pl\/en\/wp-json\/wp\/v2\/comments?post=64742"}],"version-history":[{"count":2,"href":"https:\/\/invimed.pl\/en\/wp-json\/wp\/v2\/pages\/64742\/revisions"}],"predecessor-version":[{"id":64747,"href":"https:\/\/invimed.pl\/en\/wp-json\/wp\/v2\/pages\/64742\/revisions\/64747"}],"wp:featuredmedia":[{"embeddable":true,"href":"https:\/\/invimed.pl\/en\/wp-json\/wp\/v2\/media\/64744"}],"wp:attachment":[{"href":"https:\/\/invimed.pl\/en\/wp-json\/wp\/v2\/media?parent=64742"}],"curies":[{"name":"wp","href":"https:\/\/api.w.org\/{rel}","templated":true}]}}