{"id":64749,"date":"2024-05-05T22:10:25","date_gmt":"2024-05-05T22:10:25","guid":{"rendered":"http:\/\/invimed.pl\/?page_id=64749"},"modified":"2024-07-11T10:13:25","modified_gmt":"2024-07-11T08:13:25","slug":"konsultacja-embriologiczna","status":"publish","type":"page","link":"https:\/\/invimed.pl\/en\/embriolog","title":{"rendered":"Embryological consultation"},"content":{"rendered":"<p><strong>The embryology consultation is completely free of charge for all Invimed patients who have started preparing for assisted reproductive procedures, are in the process of preparing for assisted reproductive procedures or have already had an ART procedure (in vitro or insemination) that has failed.&nbsp;<\/strong><\/p>\n\n\n\n<h2 class=\"wp-block-heading\" id=\"czym-zajmuje-sie-embriologia\">What does embryology do?<\/h2>\n\n\n\n<p>Embryology is the science that deals with the various aspects of embryo formation, development and implantation, and the development of fetuses to birth. It studies the genetic, morphological, physiological and pathological aspects of the preimplantation and prenatal developmental phases that occur in the human embryo and foetus.<\/p>\n\n\n\n<p>One of the specialities of embryology is clinical embryology. Clinical embryologists are usually biologists, biotechnologists, medical analysts or bioinformaticians by profession who work in the embryology laboratories of clinics or other infertility treatment centres. They hold master's or doctoral degrees in genetics, reproduction, developmental biology, experimental embryology or a related field.<\/p>\n\n\n\n<h3 class=\"wp-block-heading\" id=\"w-klinice-leczenia-nieplodnosci-invimed-embriolodzy-kliniczni-zajmuja-sie-przede-wszystkim\">At the InviMed infertility clinic, clinical embryologists are primarily concerned with:<\/h3>\n\n\n\n<section class=\"check-list\">\n\t    <header class=\"check-list__header\">\n        <div class=\"acf-innerblocks-container\">\n\n<h2 class=\"wp-block-heading\" id=\"jak-dostarczyc-lekarzowi-wyniki-badan\">How to provide the doctor with the test results?<\/h2>\n\n\n\n<p>In the case of consultations with a gynaecologist (as part of the initial infertility consultation) and an immunologist, the teleportation takes place on the basis of a history and medical records provided by the patient.<\/p>\n\n<\/div>\n    <\/header>\n    <ul class=\"mb-0 p-0 check-list__inner\">\n            <li class=\"d-flex check-list__item\">\n            <div class=\"svg-container\">\n                <svg width=\"16\" height=\"16\">\n                    <use xlink:href=\"#icon-check-2\" \/>\n                <\/svg>\n            <\/div>\n            <div class=\"check-list__item__rte\">\n                <div class=\"check-list__item__rte\">\n<p>diagnostic semen testing including:<\/p>\n<ul>\n<li>computer-assisted semen analysis (CASA),<\/li>\n<li>sperm DNA fragmentation testing (SCD),<\/li>\n<li>testing the degree of sperm binding to hyaluronan (HBA),<\/li>\n<li>morphology study of motile sperm organelles (MSOME),<\/li>\n<\/ul>\n<\/div>\n            <\/div>\n        <\/li>\n            <li class=\"d-flex check-list__item\">\n            <div class=\"svg-container\">\n                <svg width=\"16\" height=\"16\">\n                    <use xlink:href=\"#icon-check-2\" \/>\n                <\/svg>\n            <\/div>\n            <div class=\"check-list__item__rte\">\n                <div id=\"paragraph-7333\" class=\"article__paragraph\">\n<p>isolation of oocytes from material obtained by the doctor during the puncture of ovarian follicles,<\/p>\n<\/div>\n            <\/div>\n        <\/li>\n            <li class=\"d-flex check-list__item\">\n            <div class=\"svg-container\">\n                <svg width=\"16\" height=\"16\">\n                    <use xlink:href=\"#icon-check-2\" \/>\n                <\/svg>\n            <\/div>\n            <div class=\"check-list__item__rte\">\n                <p>morphological assessment of oocyte quality and the Oosight polarised imaging system,<\/p>\n            <\/div>\n        <\/li>\n            <li class=\"d-flex check-list__item\">\n            <div class=\"svg-container\">\n                <svg width=\"16\" height=\"16\">\n                    <use xlink:href=\"#icon-check-2\" \/>\n                <\/svg>\n            <\/div>\n            <div class=\"check-list__item__rte\">\n                <p>preparation of ova for IVF procedures,<\/p>\n            <\/div>\n        <\/li>\n            <li class=\"d-flex check-list__item\">\n            <div class=\"svg-container\">\n                <svg width=\"16\" height=\"16\">\n                    <use xlink:href=\"#icon-check-2\" \/>\n                <\/svg>\n            <\/div>\n            <div class=\"check-list__item__rte\">\n                <p>evaluation and preparation of semen for insemination and in vitro fertilisation procedures,<\/p>\n            <\/div>\n        <\/li>\n            <li class=\"d-flex check-list__item\">\n            <div class=\"svg-container\">\n                <svg width=\"16\" height=\"16\">\n                    <use xlink:href=\"#icon-check-2\" \/>\n                <\/svg>\n            <\/div>\n            <div class=\"check-list__item__rte\">\n                <p>performing in vitro fertilisation procedures, i.e. IVM, IVF, ICSI\/PICSI\/IMSI\/HBIMSI (read the article:\u00a0<a href=\"https:\/\/invimed.pl\/en\/metody-zaplodnienia-pozaustrojowego\/\" target=\"_blank\" rel=\"noopener noreferrer\">In vitro fertilisation methods<\/a>).<\/p>\n            <\/div>\n        <\/li>\n            <li class=\"d-flex check-list__item\">\n            <div class=\"svg-container\">\n                <svg width=\"16\" height=\"16\">\n                    <use xlink:href=\"#icon-check-2\" \/>\n                <\/svg>\n            <\/div>\n            <div class=\"check-list__item__rte\">\n                <p>embryo culture to the blastocyst stage (IVC),<\/p>\n            <\/div>\n        <\/li>\n            <li class=\"d-flex check-list__item\">\n            <div class=\"svg-container\">\n                <svg width=\"16\" height=\"16\">\n                    <use xlink:href=\"#icon-check-2\" \/>\n                <\/svg>\n            <\/div>\n            <div class=\"check-list__item__rte\">\n                <p>performing embryo biopsies for pre-implantation genetic testing of PGT-A and PGT-M (read article:\u00a0<a href=\"https:\/\/invimed.pl\/en\/genetic-diagnostics\/\" target=\"_blank\" rel=\"noopener noreferrer\">Genetic diagnosis<\/a>),<\/p>\n            <\/div>\n        <\/li>\n            <li class=\"d-flex check-list__item\">\n            <div class=\"svg-container\">\n                <svg width=\"16\" height=\"16\">\n                    <use xlink:href=\"#icon-check-2\" \/>\n                <\/svg>\n            <\/div>\n            <div class=\"check-list__item__rte\">\n                <p>standard monitoring of embryo development, assessment of their development and implantation potential,<\/p>\n            <\/div>\n        <\/li>\n            <li class=\"d-flex check-list__item\">\n            <div class=\"svg-container\">\n                <svg width=\"16\" height=\"16\">\n                    <use xlink:href=\"#icon-check-2\" \/>\n                <\/svg>\n            <\/div>\n            <div class=\"check-list__item__rte\">\n                <p>Time Lapse Imaging monitoring of embryo development and prediction of developmental potential,<\/p>\n            <\/div>\n        <\/li>\n            <li class=\"d-flex check-list__item\">\n            <div class=\"svg-container\">\n                <svg width=\"16\" height=\"16\">\n                    <use xlink:href=\"#icon-check-2\" \/>\n                <\/svg>\n            <\/div>\n            <div class=\"check-list__item__rte\">\n                <p>preparing embryos for transfer,<\/p>\n            <\/div>\n        <\/li>\n            <li class=\"d-flex check-list__item\">\n            <div class=\"svg-container\">\n                <svg width=\"16\" height=\"16\">\n                    <use xlink:href=\"#icon-check-2\" \/>\n                <\/svg>\n            <\/div>\n            <div class=\"check-list__item__rte\">\n                <p>freezing, storage and thawing of semen and ovarian tissue,<\/p>\n            <\/div>\n        <\/li>\n            <li class=\"d-flex check-list__item\">\n            <div class=\"svg-container\">\n                <svg width=\"16\" height=\"16\">\n                    <use xlink:href=\"#icon-check-2\" \/>\n                <\/svg>\n            <\/div>\n            <div class=\"check-list__item__rte\">\n                <p>Vitrification and heating of oocytes and embryos (read article:\u00a0<a href=\"https:\/\/invimed.pl\/en\/vitrification-or-freezing-of-embryos-and-gametes\/\" target=\"_blank\" rel=\"noopener noreferrer\">Vitrification<\/a>),<\/p>\n            <\/div>\n        <\/li>\n            <li class=\"d-flex check-list__item\">\n            <div class=\"svg-container\">\n                <svg width=\"16\" height=\"16\">\n                    <use xlink:href=\"#icon-check-2\" \/>\n                <\/svg>\n            <\/div>\n            <div class=\"check-list__item__rte\">\n                <div id=\"paragraph-7381\" class=\"article__paragraph\">\n<p>running a germ cell and embryo bank.<\/p>\n<\/div>\n            <\/div>\n        <\/li>\n        <\/ul>\n<\/section>\n\n\n\n<h2 class=\"wp-block-heading\" id=\"bezplatne-konsultacje-embriologiczne-w-invimed\">Free embryology consultations at Invimed<\/h2>\n\n\n\n<p>Invimed patients can benefit from an embryology consultation from the moment they have started preparing for assisted reproductive procedures at their chosen Invimed clinic. A consultation with an embryologist does not have to be ordered by the attending physician, but may be recommended by him or her.&nbsp;<\/p>\n\n\n\n<h3 class=\"wp-block-heading\" id=\"konsultacje-embriologiczne-kierowane-sa-do-pacjentow-invimed-ktorych-interesuja\">Embryology consultations are directed to Invimed patients who are interested in:<\/h3>\n\n\n\n<ol class=\"wp-block-list\">\n<li>Embryological procedures and their effectiveness at Invimed.<\/li>\n\n\n\n<li>The course of the embryological procedure in their case and its outcome concerning, for example, the number of embryos obtained and vitrified, the quality of oocytes, sperm and embryos.<\/li>\n\n\n\n<li>Interpretation of own test results of comprehensive semen testing, SCD, MSOME, HBA and about methods to determine oocyte and embryo quality.<\/li>\n\n\n\n<li>Assisted reproduction procedures used at Invimed and their effectiveness (insemination, standard IVF, ICSI, IMSI, PICSI, hb- IMSI, ED, sperm freezing, oocyte and embryo vitrification, preimplantation genetic testing).<\/li>\n\n\n\n<li>Topics related to embryology that patients think may apply to their treatment process at Invimed.<\/li>\n\n\n\n<li>Possible reasons for failure, lying in the field of embryology (for patients who did not achieve pregnancy through the procedure or who had a miscarriage after confirmation).<\/li>\n<\/ol>\n\n\n\n<section class=\"cta-3\">\n\t\t<div class=\"container cta-3__container\">\n\t\t<div class=\"position-relative cta-3__wrapper\">\n\t\t                    <div class=\"acf-innerblocks-container\">\n\n<p>During the embryology consultation, medical issues regarding the individual treatment path or hormonal stimulation protocols cannot be discussed. These are topics that, together with the patients, can only be discussed by the couple's doctor.&nbsp;<\/p>\n\n<\/div>\n                \t\t<\/div>\n\t<\/div>\n<\/section>\n\n\n\n<h2 class=\"wp-block-heading\" id=\"jak-umowic-sie-na-konsultacje-z-embriologiem\">How do I make an appointment for a consultation with an embryologist?<\/h2>\n\n\n\n<p>In order to make an appointment for a consultation with an embryologist, you must be an Invimed patient qualified for ART procedures (insemination or IVF) and you must request such a consultation:<\/p>\n\n\n\n<ul class=\"wp-block-list\">\n<li>in the contact form,<\/li>\n\n\n\n<li>by calling: 500 900 888 or sending an e-mail to:&nbsp;<a href=\"mailto:%22invimed@invimed.pl%22\" target=\"_blank\" rel=\"noreferrer noopener\">invimed@invimed.pl<\/a>,<\/li>\n\n\n\n<li>at the reception of the chosen clinic.<\/li>\n<\/ul>\n\n\n\n<h2 class=\"wp-block-heading\" id=\"embriolodzy-udzielajacy-konsultacji\">Consulting embryologists<\/h2>\n\n\n\n<p>Below is a list of embryologists who provide embryological consultations to patients of the various Invimed infertility clinics.<\/p>\n\n\n\n<h3 class=\"wp-block-heading\" id=\"invimed-warszawa-mokotow\">Invimed Warsaw Mokotow<\/h3>\n\n\n\n<ul class=\"wp-block-list\">\n<li><a href=\"https:\/\/invimed.pl\/en\/doctors\/ricardo-faundez\/\" target=\"_blank\" rel=\"noreferrer noopener\">Dr Ricardo Faundez<\/a>&nbsp;- Director of embryology<\/li>\n<\/ul>\n\n\n\n<h3 class=\"wp-block-heading\" id=\"invimed-warszawa-praga\">Invimed Warsaw Prague<\/h3>\n\n\n\n<ul class=\"wp-block-list\">\n<li><a href=\"https:\/\/invimed.pl\/en\/doctors\/ricardo-faundez\/\">Dr Ricardo Faundez<\/a>&nbsp;- Director of embryology<\/li>\n<\/ul>\n\n\n\n<h3 class=\"wp-block-heading\" id=\"invimed-wroclaw\">Invimed Wroc\u0142aw<\/h3>\n\n\n\n<ul class=\"wp-block-list\">\n<li><a href=\"https:\/\/invimed.pl\/en\/doctors\/agnieszka-popow-wozniak\/\" target=\"_blank\" rel=\"noreferrer noopener\">Dr Agnieszka Popow-Wo\u017aniak<\/a>&nbsp;- Head of embryology laboratory, ESHRE Senior Clinical Embryologist, Senior Embryiolo<\/li>\n\n\n\n<li><a href=\"https:\/\/invimed.pl\/en\/doctors\/bartlomiej-wojtasik\/\" target=\"_blank\" rel=\"noreferrer noopener\">Bart\u0142omiej Wojtasik, MA<\/a>&nbsp;- Deputy Director of Embryology at InviMed Clinics, ESHRE Senior Clinical Embryologist, Senior Embryologist<\/li>\n<\/ul>\n\n\n\n<h3 class=\"wp-block-heading\" id=\"invimed-poznan\">Invimed Pozna\u0144<\/h3>\n\n\n\n<ul class=\"wp-block-list\">\n<li><a href=\"https:\/\/invimed.pl\/en\/doctors\/anna-kalabuk\/\">Anna Kalabuk, M.Sc.<\/a>&nbsp;- Head of embryology laboratory, Senior embryologist<\/li>\n\n\n\n<li><a href=\"https:\/\/invimed.pl\/en\/doctors\/patrycja-laskowska\/\">MA Patrycja Laskowska<\/a>&nbsp;- Embryologist<\/li>\n<\/ul>\n\n\n\n<h3 class=\"wp-block-heading\" id=\"invimed-katowice\">Invimed Katowice<\/h3>\n\n\n\n<ul class=\"wp-block-list\">\n<li><a href=\"https:\/\/invimed.pl\/en\/doctors\/robert-szachon\/\" target=\"_blank\" rel=\"noreferrer noopener\">Robert Szacho\u0144, M.Sc.<\/a>&nbsp;- Senior embryologist, head of embryology laboratory<\/li>\n\n\n\n<li><a href=\"https:\/\/invimed.pl\/en\/doctors\/malgorzata-zelechowska-szachon\/\" target=\"_blank\" rel=\"noreferrer noopener\">Ma\u0142gorzata \u017belechowska-Szacho\u0144, M.Sc.<\/a>&nbsp;- Advanced Senior Embryologist, Eshre Clinical Embryologist, Centre and Bank Quality Specialist<\/li>\n<\/ul>\n\n\n\n<h3 class=\"wp-block-heading\" id=\"invimed-gdynia\">Invimed Gdynia<\/h3>\n\n\n\n<ul class=\"wp-block-list\">\n<li><a href=\"https:\/\/invimed.pl\/en\/doctors\/marta-wojciechowska\/\" target=\"_blank\" rel=\"noreferrer noopener\">Dr Marta Wojciechowska<\/a>&nbsp;- Head of embryology laboratory, ESHRE Senior Clinical Embryologist, Senior Embryologist,<\/li>\n\n\n\n<li><a href=\"https:\/\/invimed.pl\/en\/doctors\/patrycja-juchniewicz\/\" target=\"_blank\" rel=\"noreferrer noopener\">MA Patrycja Juchniewicz<\/a>&nbsp;- Junior embryologist<\/li>\n\n\n\n<li><a href=\"https:\/\/invimed.pl\/en\/doctors\/violetta-nowicka\/\">Dr Wioletta Nowicka<\/a>&nbsp;- Senior Embryologist, ESHRE Clinical Embryologist<\/li>\n<\/ul>\n\n\n\n<p><\/p>","protected":false},"excerpt":{"rendered":"<p>Konsultacja embriologiczna jest ca\u0142kowicie bezp\u0142atna dla wszystkich pacjent\u00f3w Invimed, kt\u00f3rzy zacz\u0119li przygotowania do procedur wspomaganego rozrodu, s\u0105 w ich trakcie lub maj\u0105 ju\u017c za sob\u0105 procedur\u0119 ART (in vitro lub inseminacj\u0119), kt\u00f3ra zako\u0144czy\u0142a si\u0119 niepowodzeniem.&nbsp; Czym zajmuje si\u0119 embriologia? Embriologia jest nauk\u0105, kt\u00f3ra zajmuje si\u0119 r\u00f3\u017cnymi aspektami powstawania, rozwoju i implantacji zarodk\u00f3w oraz rozwojem p\u0142od\u00f3w [&hellip;]<\/p>\n","protected":false},"author":3,"featured_media":4028,"parent":0,"menu_order":0,"comment_status":"closed","ping_status":"closed","template":"","meta":{"_acf_changed":false,"footnotes":""},"class_list":["post-64749","page","type-page","status-publish","has-post-thumbnail","hentry"],"acf":[],"yoast_head":"<!-- This site is optimized with the Yoast SEO plugin v27.2 - https:\/\/yoast.com\/product\/yoast-seo-wordpress\/ -->\n<title>Konsultacja embriologiczna - Invimed<\/title>\n<meta name=\"description\" content=\"Konsultacja embriologiczna jest ca\u0142kowicie bezp\u0142atna dla wszystkich pacjent\u00f3w Invimed, kt\u00f3rzy zacz\u0119li przygotowania do procedur wspomaganego rozrodu, s\u0105 w ich trakcie lub maj\u0105 ju\u017c za sob\u0105 procedur\u0119 ART (in vitro lub inseminacj\u0119), kt\u00f3ra zako\u0144czy\u0142a si\u0119 niepowodzeniem.\u00a0\" \/>\n<meta name=\"robots\" content=\"index, follow, max-snippet:-1, max-image-preview:large, max-video-preview:-1\" \/>\n<meta property=\"og:locale\" content=\"en_GB\" \/>\n<meta property=\"og:type\" content=\"article\" \/>\n<meta property=\"og:title\" content=\"Konsultacja embriologiczna - Invimed\" \/>\n<meta property=\"og:description\" content=\"Konsultacja embriologiczna jest ca\u0142kowicie bezp\u0142atna dla wszystkich pacjent\u00f3w Invimed, kt\u00f3rzy zacz\u0119li przygotowania do procedur wspomaganego rozrodu, s\u0105 w ich trakcie lub maj\u0105 ju\u017c za sob\u0105 procedur\u0119 ART (in vitro lub inseminacj\u0119), kt\u00f3ra zako\u0144czy\u0142a si\u0119 niepowodzeniem.\u00a0\" \/>\n<meta property=\"og:url\" content=\"https:\/\/invimed.pl\/en\/embryologist\/\" \/>\n<meta property=\"og:site_name\" content=\"Invimed\" \/>\n<meta property=\"article:modified_time\" content=\"2024-07-11T08:13:25+00:00\" \/>\n<meta property=\"og:image\" content=\"https:\/\/invimed.pl\/wp-content\/uploads\/2024\/04\/GettyImages-542576580-2-1.png\" \/>\n\t<meta property=\"og:image:width\" content=\"2208\" \/>\n\t<meta property=\"og:image:height\" content=\"1474\" \/>\n\t<meta property=\"og:image:type\" content=\"image\/png\" \/>\n<meta name=\"twitter:card\" content=\"summary_large_image\" \/>\n<meta name=\"twitter:label1\" content=\"Estimated reading time\" \/>\n\t<meta name=\"twitter:data1\" content=\"4 minutes\" \/>\n<!-- \/ Yoast SEO plugin. -->","yoast_head_json":{"title":"Embryology consultation - Invimed","description":"The embryology consultation is completely free of charge for all Invimed patients who have started preparing for assisted reproductive procedures, are in the process of preparing for assisted reproductive procedures or have already had an ART procedure (in vitro or insemination) that has failed.\u00a0","robots":{"index":"index","follow":"follow","max-snippet":"max-snippet:-1","max-image-preview":"max-image-preview:large","max-video-preview":"max-video-preview:-1"},"og_locale":"en_GB","og_type":"article","og_title":"Konsultacja embriologiczna - Invimed","og_description":"Konsultacja embriologiczna jest ca\u0142kowicie bezp\u0142atna dla wszystkich pacjent\u00f3w Invimed, kt\u00f3rzy zacz\u0119li przygotowania do procedur wspomaganego rozrodu, s\u0105 w ich trakcie lub maj\u0105 ju\u017c za sob\u0105 procedur\u0119 ART (in vitro lub inseminacj\u0119), kt\u00f3ra zako\u0144czy\u0142a si\u0119 niepowodzeniem.\u00a0","og_url":"https:\/\/invimed.pl\/en\/embryologist\/","og_site_name":"Invimed","article_modified_time":"2024-07-11T08:13:25+00:00","og_image":[{"width":2208,"height":1474,"url":"https:\/\/invimed.pl\/wp-content\/uploads\/2024\/04\/GettyImages-542576580-2-1.png","type":"image\/png"}],"twitter_card":"summary_large_image","twitter_misc":{"Estimated reading time":"4 minutes"},"schema":{"@context":"https:\/\/schema.org","@graph":[{"@type":"WebPage","@id":"https:\/\/invimed.pl\/embriolog","url":"https:\/\/invimed.pl\/embriolog","name":"Embryology consultation - Invimed","isPartOf":{"@id":"https:\/\/invimed.pl\/#website"},"primaryImageOfPage":{"@id":"https:\/\/invimed.pl\/embriolog#primaryimage"},"image":{"@id":"https:\/\/invimed.pl\/embriolog#primaryimage"},"thumbnailUrl":"https:\/\/invimed.pl\/wp-content\/uploads\/2024\/04\/GettyImages-542576580-2-1.png","datePublished":"2024-05-05T22:10:25+00:00","dateModified":"2024-07-11T08:13:25+00:00","description":"The embryology consultation is completely free of charge for all Invimed patients who have started preparing for assisted reproductive procedures, are in the process of preparing for assisted reproductive procedures or have already had an ART procedure (in vitro or insemination) that has failed.\u00a0","breadcrumb":{"@id":"https:\/\/invimed.pl\/embriolog#breadcrumb"},"inLanguage":"en-GB","potentialAction":[{"@type":"ReadAction","target":["https:\/\/invimed.pl\/embriolog"]}]},{"@type":"ImageObject","inLanguage":"en-GB","@id":"https:\/\/invimed.pl\/embriolog#primaryimage","url":"https:\/\/invimed.pl\/wp-content\/uploads\/2024\/04\/GettyImages-542576580-2-1.png","contentUrl":"https:\/\/invimed.pl\/wp-content\/uploads\/2024\/04\/GettyImages-542576580-2-1.png","width":2208,"height":1474},{"@type":"BreadcrumbList","@id":"https:\/\/invimed.pl\/embriolog#breadcrumb","itemListElement":[{"@type":"ListItem","position":1,"name":"Strona g\u0142\u00f3wna","item":"https:\/\/invimed.pl\/"},{"@type":"ListItem","position":2,"name":"Konsultacja embriologiczna"}]},{"@type":"WebSite","@id":"https:\/\/invimed.pl\/#website","url":"https:\/\/invimed.pl\/","name":"Invimed","description":"Our mission is to create a happy family together","potentialAction":[{"@type":"SearchAction","target":{"@type":"EntryPoint","urlTemplate":"https:\/\/invimed.pl\/?s={search_term_string}"},"query-input":{"@type":"PropertyValueSpecification","valueRequired":true,"valueName":"search_term_string"}}],"inLanguage":"en-GB"}]}},"_links":{"self":[{"href":"https:\/\/invimed.pl\/en\/wp-json\/wp\/v2\/pages\/64749","targetHints":{"allow":["GET"]}}],"collection":[{"href":"https:\/\/invimed.pl\/en\/wp-json\/wp\/v2\/pages"}],"about":[{"href":"https:\/\/invimed.pl\/en\/wp-json\/wp\/v2\/types\/page"}],"author":[{"embeddable":true,"href":"https:\/\/invimed.pl\/en\/wp-json\/wp\/v2\/users\/3"}],"replies":[{"embeddable":true,"href":"https:\/\/invimed.pl\/en\/wp-json\/wp\/v2\/comments?post=64749"}],"version-history":[{"count":8,"href":"https:\/\/invimed.pl\/en\/wp-json\/wp\/v2\/pages\/64749\/revisions"}],"predecessor-version":[{"id":138037,"href":"https:\/\/invimed.pl\/en\/wp-json\/wp\/v2\/pages\/64749\/revisions\/138037"}],"wp:featuredmedia":[{"embeddable":true,"href":"https:\/\/invimed.pl\/en\/wp-json\/wp\/v2\/media\/4028"}],"wp:attachment":[{"href":"https:\/\/invimed.pl\/en\/wp-json\/wp\/v2\/media?parent=64749"}],"curies":[{"name":"wp","href":"https:\/\/api.w.org\/{rel}","templated":true}]}}