{"id":7061,"date":"2024-04-30T11:56:19","date_gmt":"2024-04-30T11:56:19","guid":{"rendered":"http:\/\/invimed.pl\/?page_id=7061"},"modified":"2025-11-26T10:01:17","modified_gmt":"2025-11-26T10:01:17","slug":"invimed-medical-telephone-advice","status":"publish","type":"page","link":"https:\/\/invimed.pl\/en\/o-nas\/telefoniczna-porada-medyczna-invimed","title":{"rendered":"Invimed Medical Telephone Advice"},"content":{"rendered":"<p><strong>Medical consultation by telephone? Yes - the Invimed Telephone Medical Consultation makes it possible for you! To consult with Invimed specialists, you do not have to leave your home! We have launched telephone consultations for first and subsequent infertility consultations, immunological consultations, dietary and psychological consultations.<\/strong><\/p>\n\n\n\n<p><strong>Their price is up to 30% lower than the price of a consultation that would take place in a clinic. With Invimed telemedicine, you can start or continue your journey towards parenthood.&nbsp;<\/strong><\/p>\n\n\n\n<h2 class=\"wp-block-heading\" id=\"jak-umowic-sie-na-telefoniczna-konsultacje-z-lekarzem\">How do I make an appointment for a telephone consultation with a doctor?<\/h2>\n\n\n\n<p>To take advantage of InviMed specialists' teleportation, you can use two pathways:<\/p>\n\n\n\n<ol class=\"wp-block-list\">\n<li>Call the InviMed helpline: <a href=\"\/en\/&quot;500900888&quot;\/\" target=\"_blank\" rel=\"noreferrer noopener\">500 900 888<\/a>, book a convenient teleportation appointment with the specialist of your choice and then purchase the appropriate type of service in MediStore within 24 hours.<\/li>\n\n\n\n<li>Purchase the service from the MediStore and then arrange a convenient teleportation appointment with the specialist of your choice via the InviMed Helpline: <a href=\"\/en\/&quot;500900888&quot;\/\" target=\"_blank\" rel=\"noreferrer noopener\">500 900 888<\/a>. A consultant will contact you within 24 hours of purchasing the service by calling the number provided at the time of purchase.&nbsp;<\/li>\n<\/ol>\n\n\n\n<section class=\"cta-3\">\n\t\t<div class=\"container cta-3__container\">\n\t\t<div class=\"position-relative cta-3__wrapper\">\n\t\t                    <div class=\"acf-innerblocks-container\">\n\n<p class=\"has-text-align-center\"><strong>Buy your teleportation device at MediStore!<\/strong><\/p>\n\n\n\n<p class=\"has-text-align-center\">To purchase a teleportation, click on the \"Buy now\" button, which will take you to the Invimed offer in the MediStore. There you will make your selection and purchase the appropriate teleportation.&nbsp;<\/p>\n\n\n\n<div class=\"wp-block-buttons is-content-justification-center is-layout-flex wp-container-core-buttons-is-layout-a89b3969 wp-block-buttons-is-layout-flex\">\n<div class=\"wp-block-button\"><a class=\"wp-block-button__link wp-element-button\" href=\"https:\/\/www.medistore.com.pl\/c\/invimed?utm_source=InviMed&amp;utm_medium=tpm&amp;utm_campaign=2020\" target=\"_blank\" rel=\"noreferrer noopener\">Buy now<\/a><\/div>\n<\/div>\n\n<\/div>\n                \t\t<\/div>\n\t<\/div>\n<\/section>\n\n\n\n<section class=\"cta-3\">\n\t\t<div class=\"container cta-3__container\">\n\t\t<div class=\"position-relative cta-3__wrapper\">\n\t\t                    <div class=\"acf-innerblocks-container\">\n\n<p class=\"has-text-align-center\"><strong><mark style=\"background-color:rgba(0, 0, 0, 0)\" class=\"has-inline-color has-color-12-color\">Assistance from MediStore <\/mark><\/strong><\/p>\n\n\n\n<p class=\"has-text-align-center\">If you have difficulty making a purchase in MediStore, please contact us on the number: <a href=\"phone:&quot;500900888&quot;\">500 900 550<\/a> or email to: <a href=\"mailto:&quot;e-dok@medicover.pl&quot;\">e-dok@medicover.pl<\/a>.<\/p>\n\n<\/div>\n                \t\t<\/div>\n\t<\/div>\n<\/section>\n\n\n\n<section class=\"benefits\" id=\"section-2\">\n\t\t<div class=\"benefits__wrapper\">\n\t\t<header class=\"benefits__header\">\n\t\t\t<div class=\"acf-innerblocks-container\">\n\n<h2 class=\"wp-block-heading\" id=\"jakie-konsultacje-moga-odbyc-sie-w-ramach-teleporady-medycznej\">What consultations can take place as part of a medical teleportation?&nbsp;<\/h2>\n\n<\/div>\n\t\t<\/header>\n\t\t\t<div class=\"benefits__content\">\n\t\t\t\t\t<div class=\"benefits__item d-flex align-items-start\">\n\t\t\t\t\t\t\t\t\t\t<div class=\"item__rte\">\n\t\t\t\t\t<div class=\"article__paragraph\">\n<h3 data-gtm-vis-first-on-screen388140_2550=\"732\" data-gtm-vis-recent-on-screen388140_2550=\"58452\" data-gtm-vis-total-visible-time388140_2550=\"100\" data-gtm-vis-has-fired388140_2550=\"1\">Infertility consultation<\/h3>\n<p>Advice from a gynaecologist-obstetrician and specialist in reproductive medicine who deals with the diagnosis and treatment of infertility.<\/p>\n<p><a href=\"https:\/\/invimed.pl\/en\/teleportations-for-the-next-fertility-consultation-now-available\/\">Read more<\/a><\/p>\n<\/div>\n\t\t\t\t<\/div>\n\t\t\t\t\t\t<\/div>\n\t\t\t\t\t<div class=\"benefits__item d-flex align-items-start\">\n\t\t\t\t\t\t\t\t\t\t<div class=\"item__rte\">\n\t\t\t\t\t<div class=\"article__paragraph\">\n<h3 data-gtm-vis-recent-on-screen388140_2550=\"343\" data-gtm-vis-first-on-screen388140_2550=\"343\" data-gtm-vis-total-visible-time388140_2550=\"100\" data-gtm-vis-has-fired388140_2550=\"1\">Immunological consultation<\/h3>\n<p>An immunologist is a doctor who diagnoses and treats primary and secondary immune disorders. Some of these have a significant impact on fertility in the context of conception itself, as well as the maintenance of the pregnancy throughout its duration<\/p>\n<p><a href=\"https:\/\/invimed.pl\/en\/lekarze-konsultacja-immunologiczna\/\">Read more<\/a><\/p>\n<\/div>\n\t\t\t\t<\/div>\n\t\t\t\t\t\t<\/div>\n\t\t\t\t\t<div class=\"benefits__item d-flex align-items-start\">\n\t\t\t\t\t\t\t\t\t\t<div class=\"item__rte\">\n\t\t\t\t\t<div class=\"article__paragraph\">\n<h3 data-gtm-vis-recent-on-screen388140_2550=\"347\" data-gtm-vis-first-on-screen388140_2550=\"347\" data-gtm-vis-total-visible-time388140_2550=\"100\" data-gtm-vis-has-fired388140_2550=\"1\">Dietary consultation<\/h3>\n<p>Our dieticians specialise in fertility diets, weight loss diets, nutrition for pregnant and lactating women, rational nutrition for particularly active people, nutrition in endocrine disorders, metabolic and diet-related diseases.<\/p>\n<p><a href=\"https:\/\/invimed.pl\/en\/dietary-consultation-teleportation\/\">Read more<\/a><\/p>\n<\/div>\n\t\t\t\t<\/div>\n\t\t\t\t\t\t<\/div>\n\t\t\t\t<\/div>\n\t\t<\/div>\n<\/section>\n\n\n\n<h2 class=\"wp-block-heading\" id=\"kto-moze-skorzystac-z-lekarskich-porad-telefonicznych\">Who can benefit from medical telephone advice?<\/h2>\n\n\n\n<p>A telephone consultation with an Invimed specialist can be used by any person of legal age, regardless of location and previous treatment history. However, please note that by booking such a service, you are purchasing a telephone consultation and not a visit to a specific Invimed infertility clinic.<\/p>\n\n\n\n<p>Telemedicine consultations are provided by the Invimed clinic during the epidemic state caused by SARS-CoV-2 virus infections. We reserve the right to change the way they are provided if the epidemic state ceases or if, in a particular case, medical reasons justify the need for direct contact with the Patient. Therefore, when purchasing the service, it is worth noting in which city the specialist will carry out the consultation.<\/p>\n\n\n\n<section class=\"check-list\">\n\t    <header class=\"check-list__header\">\n        <div class=\"acf-innerblocks-container\">\n\n<h2 class=\"wp-block-heading\" id=\"jak-dostarczyc-lekarzowi-wyniki-badan\">How to provide the doctor with the test results?<\/h2>\n\n\n\n<p>In the case of consultations with a gynaecologist (as part of the initial infertility consultation) and an immunologist, the teleportation takes place on the basis of a history and medical records provided by the patient.<\/p>\n\n<\/div>\n    <\/header>\n    <ul class=\"mb-0 p-0 check-list__inner\">\n            <li class=\"d-flex check-list__item\">\n            <div class=\"svg-container\">\n                <svg width=\"16\" height=\"16\">\n                    <use xlink:href=\"#icon-check-2\" \/>\n                <\/svg>\n            <\/div>\n            <div class=\"check-list__item__rte\">\n                <div class=\"check-list__item__rte\">\n<p>Patients can send their medical records to the email address indicated to them by the InviMed Helpline consultant.<\/p>\n<\/div>\n            <\/div>\n        <\/li>\n            <li class=\"d-flex check-list__item\">\n            <div class=\"svg-container\">\n                <svg width=\"16\" height=\"16\">\n                    <use xlink:href=\"#icon-check-2\" \/>\n                <\/svg>\n            <\/div>\n            <div class=\"check-list__item__rte\">\n                <div id=\"paragraph-7333\" class=\"article__paragraph\">\n<p>Files uploaded should be legible and represent the individual documents in their entirety (e.g. test results, hospital discharges, etc.).<\/p>\n<\/div>\n            <\/div>\n        <\/li>\n            <li class=\"d-flex check-list__item\">\n            <div class=\"svg-container\">\n                <svg width=\"16\" height=\"16\">\n                    <use xlink:href=\"#icon-check-2\" \/>\n                <\/svg>\n            <\/div>\n            <div class=\"check-list__item__rte\">\n                <p>Medical records must be sent no later than the day before the appointment. Otherwise, there is no guarantee that the doctor will receive it before the teleportation date.<\/p>\n            <\/div>\n        <\/li>\n        <\/ul>\n<\/section>\n\n\n\n<section class=\"cta-3\">\n\t\t<div class=\"container cta-3__container\">\n\t\t<div class=\"position-relative cta-3__wrapper\">\n\t\t                    <div class=\"acf-innerblocks-container\">\n\n<p class=\"has-text-align-center\"><strong>Remember!<\/strong><\/p>\n\n\n\n<p class=\"has-text-align-center\">If you are an Invimed patient in the middle of treatment - preparing for an IVF procedure or transfer - you can always take advantage of the possibility of contacting the Care Coordinator free of charge and renewing your gynaecologist's prescription free of charge. <\/p>\n\n\n\n<figure class=\"wp-block-table\"><table style=\"border-style:none;border-width:0em\"><tbody><tr><td class=\"has-text-align-center\" data-align=\"center\"><strong>Call: 500 900 888<\/strong><\/td><td class=\"has-text-align-center\" data-align=\"center\"><strong>Write: invimed@invimed.pl <\/strong><\/td><\/tr><\/tbody><\/table><\/figure>\n\n<\/div>\n                \t\t<\/div>\n\t<\/div>\n<\/section>","protected":false},"excerpt":{"rendered":"<p>Konsultacja lekarska przez telefon? Tak &#8211; umo\u017cliwia Ci to Telefoniczna Porada Medyczna Invimed! Aby skonsultowa\u0107 si\u0119 ze specjalistami Invimed, nie musisz wychodzi\u0107 z domu! W czasie trwania stanu epidemii uruchomili\u015bmy porady telefoniczne w zakresie pierwszych i kolejnych konsultacji niep\u0142odno\u015bciowych, konsultacji immunologicznych, dietetycznych i psychologicznych. Ich cena jest nawet o 30% ni\u017csza od ceny konsultacji, kt\u00f3ra [&hellip;]<\/p>\n","protected":false},"author":18,"featured_media":7063,"parent":49,"menu_order":0,"comment_status":"closed","ping_status":"closed","template":"","meta":{"_acf_changed":false,"footnotes":""},"class_list":["post-7061","page","type-page","status-publish","has-post-thumbnail","hentry"],"acf":[],"yoast_head":"<!-- This site is optimized with the Yoast SEO plugin v27.2 - https:\/\/yoast.com\/product\/yoast-seo-wordpress\/ -->\n<title>Telefoniczna porada medyczna Invimed Telefoniczna Porada Medyczna Invimed - Invimed<\/title>\n<meta name=\"description\" content=\"Konsultacja lekarska przez telefon? Tak - umo\u017cliwia Ci to Telefoniczna Porada Medyczna Invimed!\" \/>\n<meta name=\"robots\" content=\"index, follow, max-snippet:-1, max-image-preview:large, max-video-preview:-1\" \/>\n<meta property=\"og:locale\" content=\"en_GB\" \/>\n<meta property=\"og:type\" content=\"article\" \/>\n<meta property=\"og:title\" content=\"Telefoniczna porada medyczna Invimed Telefoniczna Porada Medyczna Invimed - Invimed\" \/>\n<meta property=\"og:description\" content=\"Konsultacja lekarska przez telefon? Tak - umo\u017cliwia Ci to Telefoniczna Porada Medyczna Invimed!\" \/>\n<meta property=\"og:url\" content=\"https:\/\/invimed.pl\/en\/about-us\/invimed-medical-telephone-advice\/\" \/>\n<meta property=\"og:site_name\" content=\"Invimed\" \/>\n<meta property=\"article:modified_time\" content=\"2025-11-26T10:01:17+00:00\" \/>\n<meta property=\"og:image\" content=\"https:\/\/invimed.pl\/wp-content\/uploads\/2024\/04\/telefoniczna-porada-medyczna-invimed-png.png\" \/>\n\t<meta property=\"og:image:width\" content=\"1400\" \/>\n\t<meta property=\"og:image:height\" content=\"300\" \/>\n\t<meta property=\"og:image:type\" content=\"image\/png\" \/>\n<meta name=\"twitter:card\" content=\"summary_large_image\" \/>\n<meta name=\"twitter:label1\" content=\"Estimated reading time\" \/>\n\t<meta name=\"twitter:data1\" content=\"3 minutes\" \/>\n<!-- \/ Yoast SEO plugin. -->","yoast_head_json":{"title":"Invimed telephone medical advice Invimed telephone medical advice - Invimed","description":"Medical consultation by telephone? Yes - the Invimed Telephone Medical Consultation makes it possible!","robots":{"index":"index","follow":"follow","max-snippet":"max-snippet:-1","max-image-preview":"max-image-preview:large","max-video-preview":"max-video-preview:-1"},"og_locale":"en_GB","og_type":"article","og_title":"Telefoniczna porada medyczna Invimed Telefoniczna Porada Medyczna Invimed - Invimed","og_description":"Konsultacja lekarska przez telefon? Tak - umo\u017cliwia Ci to Telefoniczna Porada Medyczna Invimed!","og_url":"https:\/\/invimed.pl\/en\/about-us\/invimed-medical-telephone-advice\/","og_site_name":"Invimed","article_modified_time":"2025-11-26T10:01:17+00:00","og_image":[{"width":1400,"height":300,"url":"https:\/\/invimed.pl\/wp-content\/uploads\/2024\/04\/telefoniczna-porada-medyczna-invimed-png.png","type":"image\/png"}],"twitter_card":"summary_large_image","twitter_misc":{"Estimated reading time":"3 minutes"},"schema":{"@context":"https:\/\/schema.org","@graph":[{"@type":"WebPage","@id":"https:\/\/invimed.pl\/o-nas\/telefoniczna-porada-medyczna-invimed","url":"https:\/\/invimed.pl\/o-nas\/telefoniczna-porada-medyczna-invimed","name":"Invimed telephone medical advice Invimed telephone medical advice - Invimed","isPartOf":{"@id":"https:\/\/invimed.pl\/#website"},"primaryImageOfPage":{"@id":"https:\/\/invimed.pl\/o-nas\/telefoniczna-porada-medyczna-invimed#primaryimage"},"image":{"@id":"https:\/\/invimed.pl\/o-nas\/telefoniczna-porada-medyczna-invimed#primaryimage"},"thumbnailUrl":"https:\/\/invimed.pl\/wp-content\/uploads\/2024\/04\/telefoniczna-porada-medyczna-invimed-png.png","datePublished":"2024-04-30T11:56:19+00:00","dateModified":"2025-11-26T10:01:17+00:00","description":"Medical consultation by telephone? Yes - the Invimed Telephone Medical Consultation makes it possible!","breadcrumb":{"@id":"https:\/\/invimed.pl\/o-nas\/telefoniczna-porada-medyczna-invimed#breadcrumb"},"inLanguage":"en-GB","potentialAction":[{"@type":"ReadAction","target":["https:\/\/invimed.pl\/o-nas\/telefoniczna-porada-medyczna-invimed"]}]},{"@type":"ImageObject","inLanguage":"en-GB","@id":"https:\/\/invimed.pl\/o-nas\/telefoniczna-porada-medyczna-invimed#primaryimage","url":"https:\/\/invimed.pl\/wp-content\/uploads\/2024\/04\/telefoniczna-porada-medyczna-invimed-png.png","contentUrl":"https:\/\/invimed.pl\/wp-content\/uploads\/2024\/04\/telefoniczna-porada-medyczna-invimed-png.png","width":1400,"height":300},{"@type":"BreadcrumbList","@id":"https:\/\/invimed.pl\/o-nas\/telefoniczna-porada-medyczna-invimed#breadcrumb","itemListElement":[{"@type":"ListItem","position":1,"name":"Strona g\u0142\u00f3wna","item":"https:\/\/invimed.pl\/"},{"@type":"ListItem","position":2,"name":"O nas","item":"https:\/\/invimed.pl\/o-nas"},{"@type":"ListItem","position":3,"name":"Telefoniczna Porada Medyczna Invimed"}]},{"@type":"WebSite","@id":"https:\/\/invimed.pl\/#website","url":"https:\/\/invimed.pl\/","name":"Invimed","description":"Our mission is to create a happy family together","potentialAction":[{"@type":"SearchAction","target":{"@type":"EntryPoint","urlTemplate":"https:\/\/invimed.pl\/?s={search_term_string}"},"query-input":{"@type":"PropertyValueSpecification","valueRequired":true,"valueName":"search_term_string"}}],"inLanguage":"en-GB"}]}},"_links":{"self":[{"href":"https:\/\/invimed.pl\/en\/wp-json\/wp\/v2\/pages\/7061","targetHints":{"allow":["GET"]}}],"collection":[{"href":"https:\/\/invimed.pl\/en\/wp-json\/wp\/v2\/pages"}],"about":[{"href":"https:\/\/invimed.pl\/en\/wp-json\/wp\/v2\/types\/page"}],"author":[{"embeddable":true,"href":"https:\/\/invimed.pl\/en\/wp-json\/wp\/v2\/users\/18"}],"replies":[{"embeddable":true,"href":"https:\/\/invimed.pl\/en\/wp-json\/wp\/v2\/comments?post=7061"}],"version-history":[{"count":9,"href":"https:\/\/invimed.pl\/en\/wp-json\/wp\/v2\/pages\/7061\/revisions"}],"predecessor-version":[{"id":263320,"href":"https:\/\/invimed.pl\/en\/wp-json\/wp\/v2\/pages\/7061\/revisions\/263320"}],"up":[{"embeddable":true,"href":"https:\/\/invimed.pl\/en\/wp-json\/wp\/v2\/pages\/49"}],"wp:featuredmedia":[{"embeddable":true,"href":"https:\/\/invimed.pl\/en\/wp-json\/wp\/v2\/media\/7063"}],"wp:attachment":[{"href":"https:\/\/invimed.pl\/en\/wp-json\/wp\/v2\/media?parent=7061"}],"curies":[{"name":"wp","href":"https:\/\/api.w.org\/{rel}","templated":true}]}}